{"id":44361,"date":"2016-04-22T16:33:35","date_gmt":"2019-04-23T07:06:08","guid":{"rendered":"https:\/\/staging1.carnitec.com\/?post_type=product&#038;p=44361"},"modified":"2019-04-23T09:06:08","modified_gmt":"2019-04-23T07:06:08","slug":"automatiskais-traysealer-henkovac-tps-2000","status":"publish","type":"product","link":"https:\/\/carnitec.com\/lv\/products\/automatiskais-traysealer-henkovac-tps-2000\/","title":{"rendered":"Autom\u0101tiskais (traysealer) Henkovac TPS 2000"},"content":{"rendered":"<h2><a href=\"http:\/\/carnitec.com\/lv\/henkovac\/\">Henkovac<\/a> TPS 2000<\/h2>\n<p>\u0160is autom\u0101tiskais treysileris ir paredz\u0113ts<a href=\"http:\/\/carnitec.com\/lv\/nakotnes-iepakojums\/\"> p\u0101rtikas iepako\u0161anai<\/a> ret\u0101s g\u0101zes vid\u0113 vai vakuum\u0101. TPS 2000 var\u0113tu iepakot da\u017e\u0101du materi\u0101lu, izm\u0113ru un formu konteinerus. \u0160\u012b ma\u0161\u012bna nosl\u0113dz un nodro\u0161ina divu konteineru putek\u013cs\u016bc\u0113ju vienlaic\u012bgi.<\/p>\n<p><strong>Tehniskie Dati:<\/strong><\/p>\n<p>Jauda: 3456 kg 8 stundas nep\u0101rtraukt\u0101 darba laik\u0101 (gabals 600 g)<br \/>\nMaks. iepakojuma izm\u0113rs: 2\u0445350\u0445260 mm<br \/>\nMaks. tvertnes dzi\u013cums: 120 mm<br \/>\nMaks. konteinera izm\u0113rs: 260\u0445350 mm<br \/>\nSada\u013cu daudzums: 1<br \/>\nCikla ilgums: 10-15 sekundes<br \/>\nSpriegums: 400 V \/ 50 Hz<\/p>\n<div class=\"embed-responsive embed-responsive-16by9\"><iframe loading=\"lazy\" title=\"Henkovac TPS2000\" width=\"640\" height=\"360\" src=\"https:\/\/www.youtube.com\/embed\/zczbQJoWMK0?feature=oembed\" frameborder=\"0\" allow=\"accelerometer; autoplay; clipboard-write; encrypted-media; gyroscope; picture-in-picture\" allowfullscreen><\/iframe><\/div>\n<p>Iesp\u0113jam\u0101s formas:<\/p>\n<table class=\"table1\" style=\"height: 240px;\">\n<tbody>\n<tr style=\"height: 24px;\">\n<td style=\"height: 24px;\" valign=\"top\"><strong>Taisnst\u016bra<\/strong><\/td>\n<td style=\"height: 24px;\" valign=\"top\">Maks. iepakojuma lielums<\/td>\n<\/tr>\n<tr style=\"height: 24px;\">\n<td style=\"height: 24px;\" valign=\"top\">1 sekcija 1:1<\/td>\n<td style=\"height: 24px;\" valign=\"top\">260&#215;350<\/td>\n<\/tr>\n<tr style=\"height: 24px;\">\n<td style=\"height: 24px;\" valign=\"top\">2 sekcijas 1:2<\/td>\n<td style=\"height: 24px;\" valign=\"top\">260&#215;150<\/td>\n<\/tr>\n<tr style=\"height: 24px;\">\n<td style=\"height: 24px;\" valign=\"top\">2 sekcijas 2:1<\/td>\n<td style=\"height: 24px;\" valign=\"top\">260&#215;120<\/td>\n<\/tr>\n<tr style=\"height: 24px;\">\n<td style=\"height: 24px;\" valign=\"top\">4 sekcijas 2:2<\/td>\n<td style=\"height: 24px;\" valign=\"top\">260&#215;90<\/td>\n<\/tr>\n<tr style=\"height: 24px;\">\n<td style=\"height: 24px;\" valign=\"top\"><strong>Ap\u013ci<\/strong><\/td>\n<td style=\"height: 24px;\" valign=\"top\">Max. diametrs<\/td>\n<\/tr>\n<tr style=\"height: 24px;\">\n<td style=\"height: 24px;\" valign=\"top\">1 sekcija 1:1<\/td>\n<td style=\"height: 24px;\" valign=\"top\">260 mm<\/td>\n<\/tr>\n<tr style=\"height: 24px;\">\n<td style=\"height: 24px;\" valign=\"top\">2 sekcijas 1:2<\/td>\n<td style=\"height: 24px;\" valign=\"top\">150 mm<\/td>\n<\/tr>\n<tr style=\"height: 24px;\">\n<td style=\"height: 24px;\" valign=\"top\">3 sekcijas 1:3<\/td>\n<td style=\"height: 24px;\" valign=\"top\">120 mm<\/td>\n<\/tr>\n<tr style=\"height: 24px;\">\n<td style=\"height: 24px;\" valign=\"top\">4 sekcijas 2:2<\/td>\n<td style=\"height: 24px;\" valign=\"top\">90 mm<\/td>\n<\/tr>\n<\/tbody>\n<\/table>\n<p>&nbsp;<\/p>\n","protected":false},"excerpt":{"rendered":"<p>\u0160is autom\u0101tiskais treysileris ir paredz\u0113ts p\u0101rtikas iepako\u0161anai ret\u0101s g\u0101zes vid\u0113 vai vakuum\u0101. TPS 2000 var\u0113tu iepakot da\u017e\u0101du materi\u0101lu, izm\u0113ru un formu konteinerus. \u0160\u012b ma\u0161\u012bna nosl\u0113dz un nodro\u0161ina divu konteineru putek\u013cs\u016bc\u0113ju vienlaic\u012bgi.<\/p>\n","protected":false},"featured_media":9387,"template":"","meta":{"content-type":"","_monsterinsights_skip_tracking":false,"_monsterinsights_sitenote_active":false,"_monsterinsights_sitenote_note":"","_monsterinsights_sitenote_category":0},"product_cat":[971],"product_tag":[],"yoast_head":"<!-- This site is optimized with the Yoast SEO plugin v19.5.1 - https:\/\/yoast.com\/wordpress\/plugins\/seo\/ -->\n<title>Autom\u0101tiskais (traysealer) Henkovac TPS 2000 - Carnitec<\/title>\n<meta name=\"description\" content=\"\u0160is autom\u0101tiskais treysileris ir paredz\u0113ts p\u0101rtikas iepako\u0161anai, TPS 2000 var\u0113tu iepakot da\u017e\u0101du materi\u0101lu, izm\u0113ru un formu konteinerus. Nopirkt tagad!\" \/>\n<meta name=\"robots\" content=\"index, follow, max-snippet:-1, max-image-preview:large, max-video-preview:-1\" \/>\n<link rel=\"canonical\" href=\"https:\/\/carnitec.com\/lv\/products\/automatiskais-traysealer-henkovac-tps-2000\/\" \/>\n<meta property=\"og:locale\" content=\"lv_LV\" \/>\n<meta property=\"og:type\" content=\"article\" \/>\n<meta property=\"og:title\" content=\"Autom\u0101tiskais (traysealer) Henkovac TPS 2000 - Carnitec\" \/>\n<meta property=\"og:description\" content=\"\u0160is autom\u0101tiskais treysileris ir paredz\u0113ts p\u0101rtikas iepako\u0161anai, TPS 2000 var\u0113tu iepakot da\u017e\u0101du materi\u0101lu, izm\u0113ru un formu konteinerus. Nopirkt tagad!\" \/>\n<meta property=\"og:url\" content=\"https:\/\/carnitec.com\/lv\/products\/automatiskais-traysealer-henkovac-tps-2000\/\" \/>\n<meta property=\"og:site_name\" content=\"Carnitec\" \/>\n<meta property=\"article:publisher\" content=\"https:\/\/facebook.com\/carnitec1\" \/>\n<meta property=\"og:image\" content=\"https:\/\/carnitec.com\/wp-content\/uploads\/2016\/04\/tps2000.jpg\" \/>\n\t<meta property=\"og:image:width\" content=\"700\" \/>\n\t<meta property=\"og:image:height\" content=\"525\" \/>\n\t<meta property=\"og:image:type\" content=\"image\/jpeg\" \/>\n<meta name=\"twitter:card\" content=\"summary\" \/>\n<meta name=\"twitter:site\" content=\"@carnitec_\" \/>\n<meta name=\"twitter:label1\" content=\"Est. reading time\" \/>\n\t<meta name=\"twitter:data1\" content=\"1 min\u016b\u0161u\" \/>\n<script type=\"application\/ld+json\" class=\"yoast-schema-graph\">{\"@context\":\"https:\/\/schema.org\",\"@graph\":[{\"@type\":\"WebPage\",\"@id\":\"https:\/\/carnitec.com\/lv\/products\/automatiskais-traysealer-henkovac-tps-2000\/\",\"url\":\"https:\/\/carnitec.com\/lv\/products\/automatiskais-traysealer-henkovac-tps-2000\/\",\"name\":\"Autom\u0101tiskais (traysealer) Henkovac TPS 2000 - Carnitec\",\"isPartOf\":{\"@id\":\"https:\/\/carnitec.com\/lv\/#website\"},\"datePublished\":\"2019-04-23T07:06:08+00:00\",\"dateModified\":\"2019-04-23T07:06:08+00:00\",\"description\":\"\u0160is autom\u0101tiskais treysileris ir paredz\u0113ts p\u0101rtikas iepako\u0161anai, TPS 2000 var\u0113tu iepakot da\u017e\u0101du materi\u0101lu, izm\u0113ru un formu konteinerus. Nopirkt tagad!\",\"breadcrumb\":{\"@id\":\"https:\/\/carnitec.com\/lv\/products\/automatiskais-traysealer-henkovac-tps-2000\/#breadcrumb\"},\"inLanguage\":\"lv-LV\",\"potentialAction\":[{\"@type\":\"ReadAction\",\"target\":[\"https:\/\/carnitec.com\/lv\/products\/automatiskais-traysealer-henkovac-tps-2000\/\"]}]},{\"@type\":\"BreadcrumbList\",\"@id\":\"https:\/\/carnitec.com\/lv\/products\/automatiskais-traysealer-henkovac-tps-2000\/#breadcrumb\",\"itemListElement\":[{\"@type\":\"ListItem\",\"position\":1,\"name\":\"\u0413\u043b\u0430\u0432\u043d\u0430\u044f \u0441\u0442\u0440\u0430\u043d\u0438\u0446\u0430\",\"item\":\"https:\/\/carnitec.com\/lv\/\"},{\"@type\":\"ListItem\",\"position\":2,\"name\":\"\u0422\u043e\u0432\u0430\u0440\u044b\",\"item\":\"https:\/\/carnitec.com\/shop\/\"},{\"@type\":\"ListItem\",\"position\":3,\"name\":\"Autom\u0101tiskais (traysealer) Henkovac TPS 2000\"}]},{\"@type\":\"WebSite\",\"@id\":\"https:\/\/carnitec.com\/lv\/#website\",\"url\":\"https:\/\/carnitec.com\/lv\/\",\"name\":\"Carnitec\",\"description\":\"P\u0101rtikas r\u016bpniec\u012bbas iek\u0101rtas\",\"publisher\":{\"@id\":\"https:\/\/carnitec.com\/lv\/#organization\"},\"potentialAction\":[{\"@type\":\"SearchAction\",\"target\":{\"@type\":\"EntryPoint\",\"urlTemplate\":\"https:\/\/carnitec.com\/lv\/?s={search_term_string}\"},\"query-input\":\"required name=search_term_string\"}],\"inLanguage\":\"lv-LV\"},{\"@type\":\"Organization\",\"@id\":\"https:\/\/carnitec.com\/lv\/#organization\",\"name\":\"Carnitec - food processing equipment\",\"url\":\"https:\/\/carnitec.com\/lv\/\",\"sameAs\":[\"https:\/\/www.instagram.com\/carnitec\/?hl=en\",\"https:\/\/www.linkedin.com\/company\/carnitec-ltd\/\",\"https:\/\/www.youtube.com\/channel\/UCwfiuJujkF2QxPPZAqB0T2w\",\"https:\/\/facebook.com\/carnitec1\",\"https:\/\/twitter.com\/carnitec_\"],\"logo\":{\"@type\":\"ImageObject\",\"inLanguage\":\"lv-LV\",\"@id\":\"https:\/\/carnitec.com\/lv\/#\/schema\/logo\/image\/\",\"url\":\"http:\/\/carnitec.com\/wp-content\/uploads\/2018\/01\/carnitec_logo_2018.png\",\"contentUrl\":\"http:\/\/carnitec.com\/wp-content\/uploads\/2018\/01\/carnitec_logo_2018.png\",\"width\":180,\"height\":50,\"caption\":\"Carnitec - food processing equipment\"},\"image\":{\"@id\":\"https:\/\/carnitec.com\/lv\/#\/schema\/logo\/image\/\"}}]}<\/script>\n<!-- \/ Yoast SEO plugin. -->","yoast_head_json":{"title":"Autom\u0101tiskais (traysealer) Henkovac TPS 2000 - Carnitec","description":"\u0160is autom\u0101tiskais treysileris ir paredz\u0113ts p\u0101rtikas iepako\u0161anai, TPS 2000 var\u0113tu iepakot da\u017e\u0101du materi\u0101lu, izm\u0113ru un formu konteinerus. Nopirkt tagad!","robots":{"index":"index","follow":"follow","max-snippet":"max-snippet:-1","max-image-preview":"max-image-preview:large","max-video-preview":"max-video-preview:-1"},"canonical":"https:\/\/carnitec.com\/lv\/products\/automatiskais-traysealer-henkovac-tps-2000\/","og_locale":"lv_LV","og_type":"article","og_title":"Autom\u0101tiskais (traysealer) Henkovac TPS 2000 - Carnitec","og_description":"\u0160is autom\u0101tiskais treysileris ir paredz\u0113ts p\u0101rtikas iepako\u0161anai, TPS 2000 var\u0113tu iepakot da\u017e\u0101du materi\u0101lu, izm\u0113ru un formu konteinerus. Nopirkt tagad!","og_url":"https:\/\/carnitec.com\/lv\/products\/automatiskais-traysealer-henkovac-tps-2000\/","og_site_name":"Carnitec","article_publisher":"https:\/\/facebook.com\/carnitec1","og_image":[{"width":700,"height":525,"url":"https:\/\/carnitec.com\/wp-content\/uploads\/2016\/04\/tps2000.jpg","type":"image\/jpeg"}],"twitter_card":"summary","twitter_site":"@carnitec_","twitter_misc":{"Est. reading time":"1 min\u016b\u0161u"},"schema":{"@context":"https:\/\/schema.org","@graph":[{"@type":"WebPage","@id":"https:\/\/carnitec.com\/lv\/products\/automatiskais-traysealer-henkovac-tps-2000\/","url":"https:\/\/carnitec.com\/lv\/products\/automatiskais-traysealer-henkovac-tps-2000\/","name":"Autom\u0101tiskais (traysealer) Henkovac TPS 2000 - Carnitec","isPartOf":{"@id":"https:\/\/carnitec.com\/lv\/#website"},"datePublished":"2019-04-23T07:06:08+00:00","dateModified":"2019-04-23T07:06:08+00:00","description":"\u0160is autom\u0101tiskais treysileris ir paredz\u0113ts p\u0101rtikas iepako\u0161anai, TPS 2000 var\u0113tu iepakot da\u017e\u0101du materi\u0101lu, izm\u0113ru un formu konteinerus. Nopirkt tagad!","breadcrumb":{"@id":"https:\/\/carnitec.com\/lv\/products\/automatiskais-traysealer-henkovac-tps-2000\/#breadcrumb"},"inLanguage":"lv-LV","potentialAction":[{"@type":"ReadAction","target":["https:\/\/carnitec.com\/lv\/products\/automatiskais-traysealer-henkovac-tps-2000\/"]}]},{"@type":"BreadcrumbList","@id":"https:\/\/carnitec.com\/lv\/products\/automatiskais-traysealer-henkovac-tps-2000\/#breadcrumb","itemListElement":[{"@type":"ListItem","position":1,"name":"\u0413\u043b\u0430\u0432\u043d\u0430\u044f \u0441\u0442\u0440\u0430\u043d\u0438\u0446\u0430","item":"https:\/\/carnitec.com\/lv\/"},{"@type":"ListItem","position":2,"name":"\u0422\u043e\u0432\u0430\u0440\u044b","item":"https:\/\/carnitec.com\/shop\/"},{"@type":"ListItem","position":3,"name":"Autom\u0101tiskais (traysealer) Henkovac TPS 2000"}]},{"@type":"WebSite","@id":"https:\/\/carnitec.com\/lv\/#website","url":"https:\/\/carnitec.com\/lv\/","name":"Carnitec","description":"P\u0101rtikas r\u016bpniec\u012bbas iek\u0101rtas","publisher":{"@id":"https:\/\/carnitec.com\/lv\/#organization"},"potentialAction":[{"@type":"SearchAction","target":{"@type":"EntryPoint","urlTemplate":"https:\/\/carnitec.com\/lv\/?s={search_term_string}"},"query-input":"required name=search_term_string"}],"inLanguage":"lv-LV"},{"@type":"Organization","@id":"https:\/\/carnitec.com\/lv\/#organization","name":"Carnitec - food processing equipment","url":"https:\/\/carnitec.com\/lv\/","sameAs":["https:\/\/www.instagram.com\/carnitec\/?hl=en","https:\/\/www.linkedin.com\/company\/carnitec-ltd\/","https:\/\/www.youtube.com\/channel\/UCwfiuJujkF2QxPPZAqB0T2w","https:\/\/facebook.com\/carnitec1","https:\/\/twitter.com\/carnitec_"],"logo":{"@type":"ImageObject","inLanguage":"lv-LV","@id":"https:\/\/carnitec.com\/lv\/#\/schema\/logo\/image\/","url":"http:\/\/carnitec.com\/wp-content\/uploads\/2018\/01\/carnitec_logo_2018.png","contentUrl":"http:\/\/carnitec.com\/wp-content\/uploads\/2018\/01\/carnitec_logo_2018.png","width":180,"height":50,"caption":"Carnitec - food processing equipment"},"image":{"@id":"https:\/\/carnitec.com\/lv\/#\/schema\/logo\/image\/"}}]}},"_links":{"self":[{"href":"https:\/\/carnitec.com\/lv\/wp-json\/wp\/v2\/product\/44361"}],"collection":[{"href":"https:\/\/carnitec.com\/lv\/wp-json\/wp\/v2\/product"}],"about":[{"href":"https:\/\/carnitec.com\/lv\/wp-json\/wp\/v2\/types\/product"}],"wp:featuredmedia":[{"embeddable":true,"href":"https:\/\/carnitec.com\/lv\/wp-json\/wp\/v2\/media\/9387"}],"wp:attachment":[{"href":"https:\/\/carnitec.com\/lv\/wp-json\/wp\/v2\/media?parent=44361"}],"wp:term":[{"taxonomy":"product_cat","embeddable":true,"href":"https:\/\/carnitec.com\/lv\/wp-json\/wp\/v2\/product_cat?post=44361"},{"taxonomy":"product_tag","embeddable":true,"href":"https:\/\/carnitec.com\/lv\/wp-json\/wp\/v2\/product_tag?post=44361"}],"curies":[{"name":"wp","href":"https:\/\/api.w.org\/{rel}","templated":true}]}}