{"id":44352,"date":"2017-09-28T12:54:14","date_gmt":"2019-04-16T09:47:16","guid":{"rendered":"https:\/\/staging1.carnitec.com\/?post_type=product&#038;p=44352"},"modified":"2019-04-16T11:50:26","modified_gmt":"2019-04-16T09:50:26","slug":"sadales-zagis-efa-86-tipa-liemenu-griesanai-ar-elektropiedzinu","status":"publish","type":"product","link":"https:\/\/carnitec.com\/lv\/products\/sadales-zagis-efa-86-tipa-liemenu-griesanai-ar-elektropiedzinu\/","title":{"rendered":"Sadales z\u0101\u0123is EFA 86 tipa lieme\u0146u grie\u0161anai ar elektropiedzi\u0146u"},"content":{"rendered":"<h2><span data-doc-id=\"4397000285126433\">Sadales\u00a0<\/span>z\u0101\u0123is\u00a0EFA 86 tipa lieme\u0146u grie\u0161anai\u00a0ar\u00a0elektropiedzi\u0146u<\/h2>\n<div style=\"width: 640px;\" class=\"wp-video\"><!--[if lt IE 9]><script>document.createElement('video');<\/script><![endif]-->\n<video class=\"wp-video-shortcode\" id=\"video-44352-1\" width=\"640\" height=\"360\" preload=\"metadata\" controls=\"controls\"><source type=\"video\/mp4\" src=\"http:\/\/www.efa-germany.com\/efa-wAssets\/videos\/EFA-86.mp4?_=1\" \/><a href=\"http:\/\/www.efa-germany.com\/efa-wAssets\/videos\/EFA-86.mp4\">http:\/\/www.efa-germany.com\/efa-wAssets\/videos\/EFA-86.mp4<\/a><\/video><\/div>\n<p>\u2022 Liellopu lieme\u0146u vai <a href=\"http:\/\/carnitec.com\/lv\/es-cukgalas-razosana-oktobri-palielinajas-par-6\/\">c\u016bkga\u013cas<\/a> grie\u0161anai<br \/>\n\u2022 jaud\u012bgs tr\u012bsf\u0101\u017eu elektromotors<br \/>\n\u2022 piln\u012bb\u0101 nosl\u0113gts korpuss<br \/>\n\u2022 ner\u016bs\u0113jo\u0161ais grie\u0161anai<br \/>\n\u2022 ergonomisks rokturis<br \/>\n\u2022 augsta dro\u0161\u012bba, pateicoties integr\u0113tai z\u0101\u0123a bremzei<br \/>\n\u2022 spogu\u013cu gludas virsmas, lai viegli t\u012br\u012btu<\/p>\n<p><strong>Tehniskie dati<\/strong><\/p>\n<p>Elektromotora jauda ir 1500 W<br \/>\nSpriegums 3&#215;42 collas<br \/>\n\u00d8 griez\u0113jinstruments 300 mm<br \/>\nGrie\u0161anas dzi\u013cums 75 mm<br \/>\nNeto svars 16 kg<br \/>\nIP 65 aizsardz\u012bbas klase<br \/>\n* 42 volti &#8211; ES standarts<\/p>\n<p>Iepakojum\u0101 ir viens diska asmens diametrs 230 mm<\/p>\n<p>Kods TNVED 8438 50 00<\/p>\n<p><strong>Opcijas<\/strong><\/p>\n<p>001620019 Atsperes piedzi\u0146a, 13-17 kp, Kabe\u013cu spriegums, 2 m<\/p>\n<p>001604507 Transformators, 3000 VA \/ 42 V<\/p>\n","protected":false},"excerpt":{"rendered":"<p>Sadales z\u0101\u0123is EFA 86 tipa lieme\u0146u grie\u0161anai ar elektropiedzi\u0146u<\/p>\n","protected":false},"featured_media":12755,"template":"","meta":{"content-type":"","_monsterinsights_skip_tracking":false,"_monsterinsights_sitenote_active":false,"_monsterinsights_sitenote_note":"","_monsterinsights_sitenote_category":0},"product_cat":[1963],"product_tag":[],"yoast_head":"<!-- This site is optimized with the Yoast SEO plugin v19.5.1 - https:\/\/yoast.com\/wordpress\/plugins\/seo\/ -->\n<title>Sadales z\u0101\u0123is EFA 86 tipa lieme\u0146u grie\u0161anai ar elektropiedzi\u0146u - Carnitec<\/title>\n<meta name=\"description\" content=\"Sadales z\u0101\u0123is EFA 86 tipa lieme\u0146u grie\u0161anai ar elektropiedzi\u0146u. Nopirkt tagad. Piegade. Profesion\u0101ls grie\u0161anas apr\u012bkojums.\" \/>\n<meta name=\"robots\" content=\"index, follow, max-snippet:-1, max-image-preview:large, max-video-preview:-1\" \/>\n<link rel=\"canonical\" href=\"https:\/\/carnitec.com\/lv\/products\/sadales-zagis-efa-86-tipa-liemenu-griesanai-ar-elektropiedzinu\/\" \/>\n<meta property=\"og:locale\" content=\"lv_LV\" \/>\n<meta property=\"og:type\" content=\"article\" \/>\n<meta property=\"og:title\" content=\"Sadales z\u0101\u0123is EFA 86 tipa lieme\u0146u grie\u0161anai ar elektropiedzi\u0146u - Carnitec\" \/>\n<meta property=\"og:description\" content=\"Sadales z\u0101\u0123is EFA 86 tipa lieme\u0146u grie\u0161anai ar elektropiedzi\u0146u. Nopirkt tagad. Piegade. Profesion\u0101ls grie\u0161anas apr\u012bkojums.\" \/>\n<meta property=\"og:url\" content=\"https:\/\/carnitec.com\/lv\/products\/sadales-zagis-efa-86-tipa-liemenu-griesanai-ar-elektropiedzinu\/\" \/>\n<meta property=\"og:site_name\" content=\"Carnitec\" \/>\n<meta property=\"article:publisher\" content=\"https:\/\/facebook.com\/carnitec1\" \/>\n<meta property=\"article:modified_time\" content=\"2019-04-16T09:50:26+00:00\" \/>\n<meta property=\"og:image\" content=\"https:\/\/carnitec.com\/wp-content\/uploads\/2017\/09\/EFA86-e1555408183852.jpg\" \/>\n\t<meta property=\"og:image:width\" content=\"400\" \/>\n\t<meta property=\"og:image:height\" content=\"249\" \/>\n\t<meta property=\"og:image:type\" content=\"image\/jpeg\" \/>\n<meta name=\"twitter:card\" content=\"summary\" \/>\n<meta name=\"twitter:site\" content=\"@carnitec_\" \/>\n<meta name=\"twitter:label1\" content=\"Est. reading time\" \/>\n\t<meta name=\"twitter:data1\" content=\"1 min\u016b\u0161u\" \/>\n<script type=\"application\/ld+json\" class=\"yoast-schema-graph\">{\"@context\":\"https:\/\/schema.org\",\"@graph\":[{\"@type\":\"WebPage\",\"@id\":\"https:\/\/carnitec.com\/lv\/products\/sadales-zagis-efa-86-tipa-liemenu-griesanai-ar-elektropiedzinu\/\",\"url\":\"https:\/\/carnitec.com\/lv\/products\/sadales-zagis-efa-86-tipa-liemenu-griesanai-ar-elektropiedzinu\/\",\"name\":\"Sadales z\u0101\u0123is EFA 86 tipa lieme\u0146u grie\u0161anai ar elektropiedzi\u0146u - Carnitec\",\"isPartOf\":{\"@id\":\"https:\/\/carnitec.com\/lv\/#website\"},\"datePublished\":\"2019-04-16T09:47:16+00:00\",\"dateModified\":\"2019-04-16T09:50:26+00:00\",\"description\":\"Sadales z\u0101\u0123is EFA 86 tipa lieme\u0146u grie\u0161anai ar elektropiedzi\u0146u. Nopirkt tagad. Piegade. Profesion\u0101ls grie\u0161anas apr\u012bkojums.\",\"breadcrumb\":{\"@id\":\"https:\/\/carnitec.com\/lv\/products\/sadales-zagis-efa-86-tipa-liemenu-griesanai-ar-elektropiedzinu\/#breadcrumb\"},\"inLanguage\":\"lv-LV\",\"potentialAction\":[{\"@type\":\"ReadAction\",\"target\":[\"https:\/\/carnitec.com\/lv\/products\/sadales-zagis-efa-86-tipa-liemenu-griesanai-ar-elektropiedzinu\/\"]}]},{\"@type\":\"BreadcrumbList\",\"@id\":\"https:\/\/carnitec.com\/lv\/products\/sadales-zagis-efa-86-tipa-liemenu-griesanai-ar-elektropiedzinu\/#breadcrumb\",\"itemListElement\":[{\"@type\":\"ListItem\",\"position\":1,\"name\":\"\u0413\u043b\u0430\u0432\u043d\u0430\u044f \u0441\u0442\u0440\u0430\u043d\u0438\u0446\u0430\",\"item\":\"https:\/\/carnitec.com\/lv\/\"},{\"@type\":\"ListItem\",\"position\":2,\"name\":\"\u0422\u043e\u0432\u0430\u0440\u044b\",\"item\":\"https:\/\/carnitec.com\/shop\/\"},{\"@type\":\"ListItem\",\"position\":3,\"name\":\"Sadales z\u0101\u0123is EFA 86 tipa lieme\u0146u grie\u0161anai ar elektropiedzi\u0146u\"}]},{\"@type\":\"WebSite\",\"@id\":\"https:\/\/carnitec.com\/lv\/#website\",\"url\":\"https:\/\/carnitec.com\/lv\/\",\"name\":\"Carnitec\",\"description\":\"P\u0101rtikas r\u016bpniec\u012bbas iek\u0101rtas\",\"publisher\":{\"@id\":\"https:\/\/carnitec.com\/lv\/#organization\"},\"potentialAction\":[{\"@type\":\"SearchAction\",\"target\":{\"@type\":\"EntryPoint\",\"urlTemplate\":\"https:\/\/carnitec.com\/lv\/?s={search_term_string}\"},\"query-input\":\"required name=search_term_string\"}],\"inLanguage\":\"lv-LV\"},{\"@type\":\"Organization\",\"@id\":\"https:\/\/carnitec.com\/lv\/#organization\",\"name\":\"Carnitec - food processing equipment\",\"url\":\"https:\/\/carnitec.com\/lv\/\",\"sameAs\":[\"https:\/\/www.instagram.com\/carnitec\/?hl=en\",\"https:\/\/www.linkedin.com\/company\/carnitec-ltd\/\",\"https:\/\/www.youtube.com\/channel\/UCwfiuJujkF2QxPPZAqB0T2w\",\"https:\/\/facebook.com\/carnitec1\",\"https:\/\/twitter.com\/carnitec_\"],\"logo\":{\"@type\":\"ImageObject\",\"inLanguage\":\"lv-LV\",\"@id\":\"https:\/\/carnitec.com\/lv\/#\/schema\/logo\/image\/\",\"url\":\"http:\/\/carnitec.com\/wp-content\/uploads\/2018\/01\/carnitec_logo_2018.png\",\"contentUrl\":\"http:\/\/carnitec.com\/wp-content\/uploads\/2018\/01\/carnitec_logo_2018.png\",\"width\":180,\"height\":50,\"caption\":\"Carnitec - food processing equipment\"},\"image\":{\"@id\":\"https:\/\/carnitec.com\/lv\/#\/schema\/logo\/image\/\"}}]}<\/script>\n<!-- \/ Yoast SEO plugin. -->","yoast_head_json":{"title":"Sadales z\u0101\u0123is EFA 86 tipa lieme\u0146u grie\u0161anai ar elektropiedzi\u0146u - Carnitec","description":"Sadales z\u0101\u0123is EFA 86 tipa lieme\u0146u grie\u0161anai ar elektropiedzi\u0146u. Nopirkt tagad. Piegade. Profesion\u0101ls grie\u0161anas apr\u012bkojums.","robots":{"index":"index","follow":"follow","max-snippet":"max-snippet:-1","max-image-preview":"max-image-preview:large","max-video-preview":"max-video-preview:-1"},"canonical":"https:\/\/carnitec.com\/lv\/products\/sadales-zagis-efa-86-tipa-liemenu-griesanai-ar-elektropiedzinu\/","og_locale":"lv_LV","og_type":"article","og_title":"Sadales z\u0101\u0123is EFA 86 tipa lieme\u0146u grie\u0161anai ar elektropiedzi\u0146u - Carnitec","og_description":"Sadales z\u0101\u0123is EFA 86 tipa lieme\u0146u grie\u0161anai ar elektropiedzi\u0146u. Nopirkt tagad. Piegade. Profesion\u0101ls grie\u0161anas apr\u012bkojums.","og_url":"https:\/\/carnitec.com\/lv\/products\/sadales-zagis-efa-86-tipa-liemenu-griesanai-ar-elektropiedzinu\/","og_site_name":"Carnitec","article_publisher":"https:\/\/facebook.com\/carnitec1","article_modified_time":"2019-04-16T09:50:26+00:00","og_image":[{"width":400,"height":249,"url":"https:\/\/carnitec.com\/wp-content\/uploads\/2017\/09\/EFA86-e1555408183852.jpg","type":"image\/jpeg"}],"twitter_card":"summary","twitter_site":"@carnitec_","twitter_misc":{"Est. reading time":"1 min\u016b\u0161u"},"schema":{"@context":"https:\/\/schema.org","@graph":[{"@type":"WebPage","@id":"https:\/\/carnitec.com\/lv\/products\/sadales-zagis-efa-86-tipa-liemenu-griesanai-ar-elektropiedzinu\/","url":"https:\/\/carnitec.com\/lv\/products\/sadales-zagis-efa-86-tipa-liemenu-griesanai-ar-elektropiedzinu\/","name":"Sadales z\u0101\u0123is EFA 86 tipa lieme\u0146u grie\u0161anai ar elektropiedzi\u0146u - Carnitec","isPartOf":{"@id":"https:\/\/carnitec.com\/lv\/#website"},"datePublished":"2019-04-16T09:47:16+00:00","dateModified":"2019-04-16T09:50:26+00:00","description":"Sadales z\u0101\u0123is EFA 86 tipa lieme\u0146u grie\u0161anai ar elektropiedzi\u0146u. Nopirkt tagad. Piegade. Profesion\u0101ls grie\u0161anas apr\u012bkojums.","breadcrumb":{"@id":"https:\/\/carnitec.com\/lv\/products\/sadales-zagis-efa-86-tipa-liemenu-griesanai-ar-elektropiedzinu\/#breadcrumb"},"inLanguage":"lv-LV","potentialAction":[{"@type":"ReadAction","target":["https:\/\/carnitec.com\/lv\/products\/sadales-zagis-efa-86-tipa-liemenu-griesanai-ar-elektropiedzinu\/"]}]},{"@type":"BreadcrumbList","@id":"https:\/\/carnitec.com\/lv\/products\/sadales-zagis-efa-86-tipa-liemenu-griesanai-ar-elektropiedzinu\/#breadcrumb","itemListElement":[{"@type":"ListItem","position":1,"name":"\u0413\u043b\u0430\u0432\u043d\u0430\u044f \u0441\u0442\u0440\u0430\u043d\u0438\u0446\u0430","item":"https:\/\/carnitec.com\/lv\/"},{"@type":"ListItem","position":2,"name":"\u0422\u043e\u0432\u0430\u0440\u044b","item":"https:\/\/carnitec.com\/shop\/"},{"@type":"ListItem","position":3,"name":"Sadales z\u0101\u0123is EFA 86 tipa lieme\u0146u grie\u0161anai ar elektropiedzi\u0146u"}]},{"@type":"WebSite","@id":"https:\/\/carnitec.com\/lv\/#website","url":"https:\/\/carnitec.com\/lv\/","name":"Carnitec","description":"P\u0101rtikas r\u016bpniec\u012bbas iek\u0101rtas","publisher":{"@id":"https:\/\/carnitec.com\/lv\/#organization"},"potentialAction":[{"@type":"SearchAction","target":{"@type":"EntryPoint","urlTemplate":"https:\/\/carnitec.com\/lv\/?s={search_term_string}"},"query-input":"required name=search_term_string"}],"inLanguage":"lv-LV"},{"@type":"Organization","@id":"https:\/\/carnitec.com\/lv\/#organization","name":"Carnitec - food processing equipment","url":"https:\/\/carnitec.com\/lv\/","sameAs":["https:\/\/www.instagram.com\/carnitec\/?hl=en","https:\/\/www.linkedin.com\/company\/carnitec-ltd\/","https:\/\/www.youtube.com\/channel\/UCwfiuJujkF2QxPPZAqB0T2w","https:\/\/facebook.com\/carnitec1","https:\/\/twitter.com\/carnitec_"],"logo":{"@type":"ImageObject","inLanguage":"lv-LV","@id":"https:\/\/carnitec.com\/lv\/#\/schema\/logo\/image\/","url":"http:\/\/carnitec.com\/wp-content\/uploads\/2018\/01\/carnitec_logo_2018.png","contentUrl":"http:\/\/carnitec.com\/wp-content\/uploads\/2018\/01\/carnitec_logo_2018.png","width":180,"height":50,"caption":"Carnitec - food processing equipment"},"image":{"@id":"https:\/\/carnitec.com\/lv\/#\/schema\/logo\/image\/"}}]}},"_links":{"self":[{"href":"https:\/\/carnitec.com\/lv\/wp-json\/wp\/v2\/product\/44352"}],"collection":[{"href":"https:\/\/carnitec.com\/lv\/wp-json\/wp\/v2\/product"}],"about":[{"href":"https:\/\/carnitec.com\/lv\/wp-json\/wp\/v2\/types\/product"}],"wp:featuredmedia":[{"embeddable":true,"href":"https:\/\/carnitec.com\/lv\/wp-json\/wp\/v2\/media\/12755"}],"wp:attachment":[{"href":"https:\/\/carnitec.com\/lv\/wp-json\/wp\/v2\/media?parent=44352"}],"wp:term":[{"taxonomy":"product_cat","embeddable":true,"href":"https:\/\/carnitec.com\/lv\/wp-json\/wp\/v2\/product_cat?post=44352"},{"taxonomy":"product_tag","embeddable":true,"href":"https:\/\/carnitec.com\/lv\/wp-json\/wp\/v2\/product_tag?post=44352"}],"curies":[{"name":"wp","href":"https:\/\/api.w.org\/{rel}","templated":true}]}}