{"id":44351,"date":"2019-04-09T08:59:12","date_gmt":"2019-04-09T07:06:44","guid":{"rendered":"https:\/\/staging1.carnitec.com\/?post_type=product&#038;p=44351"},"modified":"2019-04-16T09:12:50","modified_gmt":"2019-04-16T07:12:50","slug":"niroflex-fm","status":"publish","type":"product","link":"https:\/\/carnitec.com\/lv\/products\/niroflex-fm\/","title":{"rendered":"Niroflex FM+"},"content":{"rendered":"<p><iframe loading=\"lazy\" title=\"fm+ - Favourable\" width=\"640\" height=\"360\" src=\"https:\/\/www.youtube.com\/embed\/YfpxBfz1IQM?feature=oembed\" frameborder=\"0\" allow=\"accelerometer; autoplay; clipboard-write; encrypted-media; gyroscope; picture-in-picture\" allowfullscreen><\/iframe><\/p>\n<p>Fm + ir pirmais \u0161\u0101da veida materi\u0101ls, un m\u016bsdien\u0101s ga\u013cas p\u0101rstr\u0101des nozares dro\u0161\u012bbas standarti ir vair\u0101ki.<\/p>\n<p><strong>Raksturojums<\/strong><\/p>\n<ul>\n<li>Augsta punkcijas un griezuma pretest\u012bba p\u0101rtikas un nep\u0101rtikas sekcij\u0101s<\/li>\n<li>Kr\u0101sainas tekstila lentes \u0101trai izm\u0113ra identifik\u0101cijai<\/li>\n<\/ul>\n<p>FM + cimdi \u0137\u0113des pasta apstiprin\u0101\u0161anai saska\u0146\u0101 ar DIN EN 1082-1<\/p>\n<div id='gallery-1' class='gallery galleryid-44351 gallery-columns-4 gallery-size-thumbnail'><figure class='gallery-item'>\n\t\t\t<div class='gallery-icon portrait'>\n\t\t\t\t<a href='https:\/\/carnitec.com\/wp-content\/uploads\/2019\/04\/fm_3finger.jpg' title=\"\" data-rl_title=\"\" class=\"rl-gallery-link\" data-rl_caption=\"\" data-rel=\"lightbox-gallery-1\"><img width=\"112\" height=\"150\" src=\"https:\/\/carnitec.com\/wp-content\/uploads\/2019\/04\/fm_3finger.jpg\" class=\"attachment-thumbnail size-thumbnail\" alt=\"\" aria-describedby=\"gallery-1-44346\" \/><\/a>\n\t\t\t<\/div>\n\t\t\t\t<figcaption class='wp-caption-text gallery-caption' id='gallery-1-44346'>\n\t\t\t\t3 pirksti\n\t\t\t\t<\/figcaption><\/figure><figure class='gallery-item'>\n\t\t\t<div class='gallery-icon portrait'>\n\t\t\t\t<a href='https:\/\/carnitec.com\/wp-content\/uploads\/2019\/04\/fm_75.jpg' title=\"\" data-rl_title=\"\" class=\"rl-gallery-link\" data-rl_caption=\"\" data-rel=\"lightbox-gallery-1\"><img width=\"112\" height=\"150\" src=\"https:\/\/carnitec.com\/wp-content\/uploads\/2019\/04\/fm_75.jpg\" class=\"attachment-thumbnail size-thumbnail\" alt=\"\" aria-describedby=\"gallery-1-44342\" \/><\/a>\n\t\t\t<\/div>\n\t\t\t\t<figcaption class='wp-caption-text gallery-caption' id='gallery-1-44342'>\n\t\t\t\t75mm aproce\n\t\t\t\t<\/figcaption><\/figure><figure class='gallery-item'>\n\t\t\t<div class='gallery-icon portrait'>\n\t\t\t\t<a href='https:\/\/carnitec.com\/wp-content\/uploads\/2019\/04\/fm_190.jpg' title=\"\" data-rl_title=\"\" class=\"rl-gallery-link\" data-rl_caption=\"\" data-rel=\"lightbox-gallery-1\"><img width=\"112\" height=\"150\" src=\"https:\/\/carnitec.com\/wp-content\/uploads\/2019\/04\/fm_190.jpg\" class=\"attachment-thumbnail size-thumbnail\" alt=\"\" aria-describedby=\"gallery-1-44338\" \/><\/a>\n\t\t\t<\/div>\n\t\t\t\t<figcaption class='wp-caption-text gallery-caption' id='gallery-1-44338'>\n\t\t\t\t190mm aproce\n\t\t\t\t<\/figcaption><\/figure><figure class='gallery-item'>\n\t\t\t<div class='gallery-icon portrait'>\n\t\t\t\t<a href='https:\/\/carnitec.com\/wp-content\/uploads\/2019\/04\/fm_handschuh.jpg' title=\"\" data-rl_title=\"\" class=\"rl-gallery-link\" data-rl_caption=\"\" data-rel=\"lightbox-gallery-1\"><img width=\"112\" height=\"150\" src=\"https:\/\/carnitec.com\/wp-content\/uploads\/2019\/04\/fm_handschuh.jpg\" class=\"attachment-thumbnail size-thumbnail\" alt=\"\" aria-describedby=\"gallery-1-44334\" \/><\/a>\n\t\t\t<\/div>\n\t\t\t\t<figcaption class='wp-caption-text gallery-caption' id='gallery-1-44334'>\n\t\t\t\tBez aproces\n\t\t\t\t<\/figcaption><\/figure>\n\t\t<\/div>\n\n","protected":false},"excerpt":{"rendered":"<p>Fm + ir pirmais \u0161\u0101da veida materi\u0101ls, un m\u016bsdien\u0101s ga\u013cas p\u0101rstr\u0101des nozares dro\u0161\u012bbas standarti ir vair\u0101ki.<\/p>\n","protected":false},"featured_media":44350,"template":"","meta":{"content-type":"","_monsterinsights_skip_tracking":false,"_monsterinsights_sitenote_active":false,"_monsterinsights_sitenote_note":"","_monsterinsights_sitenote_category":0},"product_cat":[],"product_tag":[],"yoast_head":"<!-- This site is optimized with the Yoast SEO plugin v19.5.1 - https:\/\/yoast.com\/wordpress\/plugins\/seo\/ -->\n<title>Niroflex FM+ - Carnitec<\/title>\n<meta name=\"description\" content=\"Fm + ir pirmais \u0161\u0101da veida materi\u0101ls, un m\u016bsdien\u0101s ga\u013cas p\u0101rstr\u0101des nozares dro\u0161\u012bbas standarti ir vair\u0101ki. Nopirkt cimdus tagad!\" \/>\n<meta name=\"robots\" content=\"index, follow, max-snippet:-1, max-image-preview:large, max-video-preview:-1\" \/>\n<link rel=\"canonical\" href=\"https:\/\/carnitec.com\/lv\/products\/niroflex-fm\/\" \/>\n<meta property=\"og:locale\" content=\"lv_LV\" \/>\n<meta property=\"og:type\" content=\"article\" \/>\n<meta property=\"og:title\" content=\"Niroflex FM+ - Carnitec\" \/>\n<meta property=\"og:description\" content=\"Fm + ir pirmais \u0161\u0101da veida materi\u0101ls, un m\u016bsdien\u0101s ga\u013cas p\u0101rstr\u0101des nozares dro\u0161\u012bbas standarti ir vair\u0101ki. Nopirkt cimdus tagad!\" \/>\n<meta property=\"og:url\" content=\"https:\/\/carnitec.com\/lv\/products\/niroflex-fm\/\" \/>\n<meta property=\"og:site_name\" content=\"Carnitec\" \/>\n<meta property=\"article:publisher\" content=\"https:\/\/facebook.com\/carnitec1\" \/>\n<meta property=\"article:modified_time\" content=\"2019-04-16T07:12:50+00:00\" \/>\n<meta property=\"og:image\" content=\"https:\/\/carnitec.com\/wp-content\/uploads\/2019\/04\/Niroflex-FM.png\" \/>\n\t<meta property=\"og:image:width\" content=\"260\" \/>\n\t<meta property=\"og:image:height\" content=\"260\" \/>\n\t<meta property=\"og:image:type\" content=\"image\/png\" \/>\n<meta name=\"twitter:card\" content=\"summary\" \/>\n<meta name=\"twitter:site\" content=\"@carnitec_\" \/>\n<script type=\"application\/ld+json\" class=\"yoast-schema-graph\">{\"@context\":\"https:\/\/schema.org\",\"@graph\":[{\"@type\":\"WebPage\",\"@id\":\"https:\/\/carnitec.com\/lv\/products\/niroflex-fm\/\",\"url\":\"https:\/\/carnitec.com\/lv\/products\/niroflex-fm\/\",\"name\":\"Niroflex FM+ - Carnitec\",\"isPartOf\":{\"@id\":\"https:\/\/carnitec.com\/lv\/#website\"},\"datePublished\":\"2019-04-09T07:06:44+00:00\",\"dateModified\":\"2019-04-16T07:12:50+00:00\",\"description\":\"Fm + ir pirmais \u0161\u0101da veida materi\u0101ls, un m\u016bsdien\u0101s ga\u013cas p\u0101rstr\u0101des nozares dro\u0161\u012bbas standarti ir vair\u0101ki. Nopirkt cimdus tagad!\",\"breadcrumb\":{\"@id\":\"https:\/\/carnitec.com\/lv\/products\/niroflex-fm\/#breadcrumb\"},\"inLanguage\":\"lv-LV\",\"potentialAction\":[{\"@type\":\"ReadAction\",\"target\":[\"https:\/\/carnitec.com\/lv\/products\/niroflex-fm\/\"]}]},{\"@type\":\"BreadcrumbList\",\"@id\":\"https:\/\/carnitec.com\/lv\/products\/niroflex-fm\/#breadcrumb\",\"itemListElement\":[{\"@type\":\"ListItem\",\"position\":1,\"name\":\"\u0413\u043b\u0430\u0432\u043d\u0430\u044f \u0441\u0442\u0440\u0430\u043d\u0438\u0446\u0430\",\"item\":\"https:\/\/carnitec.com\/lv\/\"},{\"@type\":\"ListItem\",\"position\":2,\"name\":\"\u0422\u043e\u0432\u0430\u0440\u044b\",\"item\":\"https:\/\/carnitec.com\/shop\/\"},{\"@type\":\"ListItem\",\"position\":3,\"name\":\"Niroflex FM+\"}]},{\"@type\":\"WebSite\",\"@id\":\"https:\/\/carnitec.com\/lv\/#website\",\"url\":\"https:\/\/carnitec.com\/lv\/\",\"name\":\"Carnitec\",\"description\":\"P\u0101rtikas r\u016bpniec\u012bbas iek\u0101rtas\",\"publisher\":{\"@id\":\"https:\/\/carnitec.com\/lv\/#organization\"},\"potentialAction\":[{\"@type\":\"SearchAction\",\"target\":{\"@type\":\"EntryPoint\",\"urlTemplate\":\"https:\/\/carnitec.com\/lv\/?s={search_term_string}\"},\"query-input\":\"required name=search_term_string\"}],\"inLanguage\":\"lv-LV\"},{\"@type\":\"Organization\",\"@id\":\"https:\/\/carnitec.com\/lv\/#organization\",\"name\":\"Carnitec - food processing equipment\",\"url\":\"https:\/\/carnitec.com\/lv\/\",\"sameAs\":[\"https:\/\/www.instagram.com\/carnitec\/?hl=en\",\"https:\/\/www.linkedin.com\/company\/carnitec-ltd\/\",\"https:\/\/www.youtube.com\/channel\/UCwfiuJujkF2QxPPZAqB0T2w\",\"https:\/\/facebook.com\/carnitec1\",\"https:\/\/twitter.com\/carnitec_\"],\"logo\":{\"@type\":\"ImageObject\",\"inLanguage\":\"lv-LV\",\"@id\":\"https:\/\/carnitec.com\/lv\/#\/schema\/logo\/image\/\",\"url\":\"http:\/\/carnitec.com\/wp-content\/uploads\/2018\/01\/carnitec_logo_2018.png\",\"contentUrl\":\"http:\/\/carnitec.com\/wp-content\/uploads\/2018\/01\/carnitec_logo_2018.png\",\"width\":180,\"height\":50,\"caption\":\"Carnitec - food processing equipment\"},\"image\":{\"@id\":\"https:\/\/carnitec.com\/lv\/#\/schema\/logo\/image\/\"}}]}<\/script>\n<!-- \/ Yoast SEO plugin. -->","yoast_head_json":{"title":"Niroflex FM+ - Carnitec","description":"Fm + ir pirmais \u0161\u0101da veida materi\u0101ls, un m\u016bsdien\u0101s ga\u013cas p\u0101rstr\u0101des nozares dro\u0161\u012bbas standarti ir vair\u0101ki. Nopirkt cimdus tagad!","robots":{"index":"index","follow":"follow","max-snippet":"max-snippet:-1","max-image-preview":"max-image-preview:large","max-video-preview":"max-video-preview:-1"},"canonical":"https:\/\/carnitec.com\/lv\/products\/niroflex-fm\/","og_locale":"lv_LV","og_type":"article","og_title":"Niroflex FM+ - Carnitec","og_description":"Fm + ir pirmais \u0161\u0101da veida materi\u0101ls, un m\u016bsdien\u0101s ga\u013cas p\u0101rstr\u0101des nozares dro\u0161\u012bbas standarti ir vair\u0101ki. Nopirkt cimdus tagad!","og_url":"https:\/\/carnitec.com\/lv\/products\/niroflex-fm\/","og_site_name":"Carnitec","article_publisher":"https:\/\/facebook.com\/carnitec1","article_modified_time":"2019-04-16T07:12:50+00:00","og_image":[{"width":260,"height":260,"url":"https:\/\/carnitec.com\/wp-content\/uploads\/2019\/04\/Niroflex-FM.png","type":"image\/png"}],"twitter_card":"summary","twitter_site":"@carnitec_","schema":{"@context":"https:\/\/schema.org","@graph":[{"@type":"WebPage","@id":"https:\/\/carnitec.com\/lv\/products\/niroflex-fm\/","url":"https:\/\/carnitec.com\/lv\/products\/niroflex-fm\/","name":"Niroflex FM+ - Carnitec","isPartOf":{"@id":"https:\/\/carnitec.com\/lv\/#website"},"datePublished":"2019-04-09T07:06:44+00:00","dateModified":"2019-04-16T07:12:50+00:00","description":"Fm + ir pirmais \u0161\u0101da veida materi\u0101ls, un m\u016bsdien\u0101s ga\u013cas p\u0101rstr\u0101des nozares dro\u0161\u012bbas standarti ir vair\u0101ki. Nopirkt cimdus tagad!","breadcrumb":{"@id":"https:\/\/carnitec.com\/lv\/products\/niroflex-fm\/#breadcrumb"},"inLanguage":"lv-LV","potentialAction":[{"@type":"ReadAction","target":["https:\/\/carnitec.com\/lv\/products\/niroflex-fm\/"]}]},{"@type":"BreadcrumbList","@id":"https:\/\/carnitec.com\/lv\/products\/niroflex-fm\/#breadcrumb","itemListElement":[{"@type":"ListItem","position":1,"name":"\u0413\u043b\u0430\u0432\u043d\u0430\u044f \u0441\u0442\u0440\u0430\u043d\u0438\u0446\u0430","item":"https:\/\/carnitec.com\/lv\/"},{"@type":"ListItem","position":2,"name":"\u0422\u043e\u0432\u0430\u0440\u044b","item":"https:\/\/carnitec.com\/shop\/"},{"@type":"ListItem","position":3,"name":"Niroflex FM+"}]},{"@type":"WebSite","@id":"https:\/\/carnitec.com\/lv\/#website","url":"https:\/\/carnitec.com\/lv\/","name":"Carnitec","description":"P\u0101rtikas r\u016bpniec\u012bbas iek\u0101rtas","publisher":{"@id":"https:\/\/carnitec.com\/lv\/#organization"},"potentialAction":[{"@type":"SearchAction","target":{"@type":"EntryPoint","urlTemplate":"https:\/\/carnitec.com\/lv\/?s={search_term_string}"},"query-input":"required name=search_term_string"}],"inLanguage":"lv-LV"},{"@type":"Organization","@id":"https:\/\/carnitec.com\/lv\/#organization","name":"Carnitec - food processing equipment","url":"https:\/\/carnitec.com\/lv\/","sameAs":["https:\/\/www.instagram.com\/carnitec\/?hl=en","https:\/\/www.linkedin.com\/company\/carnitec-ltd\/","https:\/\/www.youtube.com\/channel\/UCwfiuJujkF2QxPPZAqB0T2w","https:\/\/facebook.com\/carnitec1","https:\/\/twitter.com\/carnitec_"],"logo":{"@type":"ImageObject","inLanguage":"lv-LV","@id":"https:\/\/carnitec.com\/lv\/#\/schema\/logo\/image\/","url":"http:\/\/carnitec.com\/wp-content\/uploads\/2018\/01\/carnitec_logo_2018.png","contentUrl":"http:\/\/carnitec.com\/wp-content\/uploads\/2018\/01\/carnitec_logo_2018.png","width":180,"height":50,"caption":"Carnitec - food processing equipment"},"image":{"@id":"https:\/\/carnitec.com\/lv\/#\/schema\/logo\/image\/"}}]}},"_links":{"self":[{"href":"https:\/\/carnitec.com\/lv\/wp-json\/wp\/v2\/product\/44351"}],"collection":[{"href":"https:\/\/carnitec.com\/lv\/wp-json\/wp\/v2\/product"}],"about":[{"href":"https:\/\/carnitec.com\/lv\/wp-json\/wp\/v2\/types\/product"}],"wp:featuredmedia":[{"embeddable":true,"href":"https:\/\/carnitec.com\/lv\/wp-json\/wp\/v2\/media\/44350"}],"wp:attachment":[{"href":"https:\/\/carnitec.com\/lv\/wp-json\/wp\/v2\/media?parent=44351"}],"wp:term":[{"taxonomy":"product_cat","embeddable":true,"href":"https:\/\/carnitec.com\/lv\/wp-json\/wp\/v2\/product_cat?post=44351"},{"taxonomy":"product_tag","embeddable":true,"href":"https:\/\/carnitec.com\/lv\/wp-json\/wp\/v2\/product_tag?post=44351"}],"curies":[{"name":"wp","href":"https:\/\/api.w.org\/{rel}","templated":true}]}}