{"id":44328,"date":"2019-04-09T08:33:15","date_gmt":"2019-04-09T06:44:11","guid":{"rendered":"https:\/\/staging1.carnitec.com\/?post_type=product&#038;p=44328"},"modified":"2019-04-16T08:57:46","modified_gmt":"2019-04-16T06:57:46","slug":"niroflex-2000","status":"publish","type":"product","link":"https:\/\/carnitec.com\/lv\/products\/niroflex-2000\/","title":{"rendered":"NIROFLEX 2000"},"content":{"rendered":"<p><iframe loading=\"lazy\" title=\"niroflex 2000 - Bestseller\" width=\"640\" height=\"360\" src=\"https:\/\/www.youtube.com\/embed\/ITFL7isA598?feature=oembed\" frameborder=\"0\" allow=\"accelerometer; autoplay; clipboard-write; encrypted-media; gyroscope; picture-in-picture\" allowfullscreen><\/iframe><\/p>\n<p>Cimdi ar patent\u0113t\u0101m priek\u0161roc\u012bb\u0101m, met\u0101la aizdari un nep\u0101rsp\u0113jamu sader\u012bbu, Niroflex 2000 noz\u012bm\u0113 augstu komfortu un br\u012bvu darbu.<\/p>\n<p><strong>Raksturojums<\/strong><\/p>\n<ul>\n<li>Met\u0101la stiprin\u0101jums vieglai un pak\u0101peniskai stiprin\u0101\u0161anai<\/li>\n<li>Vienk\u0101r\u0161a lieto\u0161ana, un nav vajadz\u012bgas rezerves da\u013cas, piem\u0113ram, spiedpogas<br \/>\nspr\u0101dzes vai main\u0101m\u0101s <a href=\"http:\/\/carnitec.com\/lv\/products\/cimds-miesniekam-niroflex-easyfit\/\">siksnas<\/a><\/li>\n<li>Siksna ir izgatavota no gredzena linuma<\/li>\n<li>Unik\u0101la konstrukcija, pateicoties ergonomiskam dizainam, nep\u0101rpl\u016bstot acis pie pirkstu galiem.<\/li>\n<li>Kr\u0101su izm\u0113ri \u0101tri izm\u0113ra noteik\u0161anai<\/li>\n<li>Elast\u012bga \u0161\u0137iedra nodro\u0161ina izcilu komfortu un nov\u0113r\u0161 <a href=\"http:\/\/carnitec.com\/lv\/products\/niroflex-2000\/\">cimdu<\/a> sl\u012bd\u0113\u0161anu uz rokas<\/li>\n<\/ul>\n<div id='gallery-1' class='gallery galleryid-44328 gallery-columns-6 gallery-size-thumbnail'><figure class='gallery-item'>\n\t\t\t<div class='gallery-icon portrait'>\n\t\t\t\t<a href='https:\/\/carnitec.com\/wp-content\/uploads\/2019\/04\/2000_75.jpg' title=\"\" data-rl_title=\"\" class=\"rl-gallery-link\" data-rl_caption=\"\" data-rel=\"lightbox-gallery-1\"><img width=\"112\" height=\"150\" src=\"https:\/\/carnitec.com\/wp-content\/uploads\/2019\/04\/2000_75.jpg\" class=\"attachment-thumbnail size-thumbnail\" alt=\"\" aria-describedby=\"gallery-1-44319\" \/><\/a>\n\t\t\t<\/div>\n\t\t\t\t<figcaption class='wp-caption-text gallery-caption' id='gallery-1-44319'>\n\t\t\t\t75mm aproce\n\t\t\t\t<\/figcaption><\/figure><figure class='gallery-item'>\n\t\t\t<div class='gallery-icon portrait'>\n\t\t\t\t<a href='https:\/\/carnitec.com\/wp-content\/uploads\/2019\/04\/2000_150.jpg' title=\"\" data-rl_title=\"\" class=\"rl-gallery-link\" data-rl_caption=\"\" data-rel=\"lightbox-gallery-1\"><img width=\"112\" height=\"150\" src=\"https:\/\/carnitec.com\/wp-content\/uploads\/2019\/04\/2000_150.jpg\" class=\"attachment-thumbnail size-thumbnail\" alt=\"\" aria-describedby=\"gallery-1-44315\" \/><\/a>\n\t\t\t<\/div>\n\t\t\t\t<figcaption class='wp-caption-text gallery-caption' id='gallery-1-44315'>\n\t\t\t\t75mm aproce\n\t\t\t\t<\/figcaption><\/figure><figure class='gallery-item'>\n\t\t\t<div class='gallery-icon portrait'>\n\t\t\t\t<a href='https:\/\/carnitec.com\/wp-content\/uploads\/2019\/04\/2000_190.jpg' title=\"\" data-rl_title=\"\" class=\"rl-gallery-link\" data-rl_caption=\"\" data-rel=\"lightbox-gallery-1\"><img width=\"112\" height=\"150\" src=\"https:\/\/carnitec.com\/wp-content\/uploads\/2019\/04\/2000_190.jpg\" class=\"attachment-thumbnail size-thumbnail\" alt=\"\" aria-describedby=\"gallery-1-44311\" \/><\/a>\n\t\t\t<\/div>\n\t\t\t\t<figcaption class='wp-caption-text gallery-caption' id='gallery-1-44311'>\n\t\t\t\t190mm aproce\n\t\t\t\t<\/figcaption><\/figure><figure class='gallery-item'>\n\t\t\t<div class='gallery-icon portrait'>\n\t\t\t\t<a href='https:\/\/carnitec.com\/wp-content\/uploads\/2019\/04\/2000_220.jpg' title=\"\" data-rl_title=\"\" class=\"rl-gallery-link\" data-rl_caption=\"\" data-rel=\"lightbox-gallery-1\"><img width=\"112\" height=\"150\" src=\"https:\/\/carnitec.com\/wp-content\/uploads\/2019\/04\/2000_220.jpg\" class=\"attachment-thumbnail size-thumbnail\" alt=\"\" aria-describedby=\"gallery-1-44307\" \/><\/a>\n\t\t\t<\/div>\n\t\t\t\t<figcaption class='wp-caption-text gallery-caption' id='gallery-1-44307'>\n\t\t\t\t220mm aproce\n\t\t\t\t<\/figcaption><\/figure><figure class='gallery-item'>\n\t\t\t<div class='gallery-icon portrait'>\n\t\t\t\t<a href='https:\/\/carnitec.com\/wp-content\/uploads\/2019\/04\/2000_Ganzarm.jpg' title=\"\" data-rl_title=\"\" class=\"rl-gallery-link\" data-rl_caption=\"\" data-rel=\"lightbox-gallery-1\"><img width=\"112\" height=\"150\" src=\"https:\/\/carnitec.com\/wp-content\/uploads\/2019\/04\/2000_Ganzarm.jpg\" class=\"attachment-thumbnail size-thumbnail\" alt=\"\" aria-describedby=\"gallery-1-44303\" \/><\/a>\n\t\t\t<\/div>\n\t\t\t\t<figcaption class='wp-caption-text gallery-caption' id='gallery-1-44303'>\n\t\t\t\tPilna rokas aproce\n\t\t\t\t<\/figcaption><\/figure><figure class='gallery-item'>\n\t\t\t<div class='gallery-icon portrait'>\n\t\t\t\t<a href='https:\/\/carnitec.com\/wp-content\/uploads\/2019\/04\/2000_klein.jpg' title=\"\" data-rl_title=\"\" class=\"rl-gallery-link\" data-rl_caption=\"\" data-rel=\"lightbox-gallery-1\"><img width=\"112\" height=\"150\" src=\"https:\/\/carnitec.com\/wp-content\/uploads\/2019\/04\/2000_klein.jpg\" class=\"attachment-thumbnail size-thumbnail\" alt=\"\" aria-describedby=\"gallery-1-44299\" \/><\/a>\n\t\t\t<\/div>\n\t\t\t\t<figcaption class='wp-caption-text gallery-caption' id='gallery-1-44299'>\n\t\t\t\tBez aproci\n\t\t\t\t<\/figcaption><\/figure>\n\t\t<\/div>\n\n<p>Cimdu \u0137\u0113des pasta <a href=\"http:\/\/carnitec.com\/lv\/niroflex-un-ta-aizsargajosie-produkti\/\">Niroflex<\/a> 2000 apstiprin\u0101ts saska\u0146\u0101 ar<br \/>\nDIN EN 1082-1 \u200b\u200b\/ ISO 13999-1<br \/>\nNiroflex 2000 \u0137\u0113des cimdi ir iek\u013cauti USDA pie\u0146emtaj\u0101 apr\u012bkojuma sarakst\u0101.<\/p>\n","protected":false},"excerpt":{"rendered":"<p>Cimdi ar patent\u0113t\u0101m priek\u0161roc\u012bb\u0101m, met\u0101la aizdari un nep\u0101rsp\u0113jamu sader\u012bbu, Niroflex 2000 noz\u012bm\u0113 augstu komfortu un br\u012bvu darbu.<\/p>\n","protected":false},"featured_media":44327,"template":"","meta":{"content-type":"","_monsterinsights_skip_tracking":false,"_monsterinsights_sitenote_active":false,"_monsterinsights_sitenote_note":"","_monsterinsights_sitenote_category":0},"product_cat":[],"product_tag":[],"yoast_head":"<!-- This site is optimized with the Yoast SEO plugin v19.5.1 - https:\/\/yoast.com\/wordpress\/plugins\/seo\/ -->\n<title>NIROFLEX 2000 - Carnitec<\/title>\n<meta name=\"description\" content=\"Cimdi ar patent\u0113t\u0101m priek\u0161roc\u012bb\u0101m, met\u0101la aizdari un nep\u0101rsp\u0113jamu sader\u012bbu, Niroflex 2000 noz\u012bm\u0113 augstu komfortu un br\u012bvu darbu.\" \/>\n<meta name=\"robots\" content=\"index, follow, max-snippet:-1, max-image-preview:large, max-video-preview:-1\" \/>\n<link rel=\"canonical\" href=\"https:\/\/carnitec.com\/lv\/products\/niroflex-2000\/\" \/>\n<meta property=\"og:locale\" content=\"lv_LV\" \/>\n<meta property=\"og:type\" content=\"article\" \/>\n<meta property=\"og:title\" content=\"NIROFLEX 2000 - Carnitec\" \/>\n<meta property=\"og:description\" content=\"Cimdi ar patent\u0113t\u0101m priek\u0161roc\u012bb\u0101m, met\u0101la aizdari un nep\u0101rsp\u0113jamu sader\u012bbu, Niroflex 2000 noz\u012bm\u0113 augstu komfortu un br\u012bvu darbu.\" \/>\n<meta property=\"og:url\" content=\"https:\/\/carnitec.com\/lv\/products\/niroflex-2000\/\" \/>\n<meta property=\"og:site_name\" content=\"Carnitec\" \/>\n<meta property=\"article:publisher\" content=\"https:\/\/facebook.com\/carnitec1\" \/>\n<meta property=\"article:modified_time\" content=\"2019-04-16T06:57:46+00:00\" \/>\n<meta property=\"og:image\" content=\"https:\/\/carnitec.com\/wp-content\/uploads\/2019\/04\/kinnas2.jpg\" \/>\n\t<meta property=\"og:image:width\" content=\"800\" \/>\n\t<meta property=\"og:image:height\" content=\"800\" \/>\n\t<meta property=\"og:image:type\" content=\"image\/jpeg\" \/>\n<meta name=\"twitter:card\" content=\"summary\" \/>\n<meta name=\"twitter:site\" content=\"@carnitec_\" \/>\n<meta name=\"twitter:label1\" content=\"Est. reading time\" \/>\n\t<meta name=\"twitter:data1\" content=\"1 min\u016b\u0161u\" \/>\n<script type=\"application\/ld+json\" class=\"yoast-schema-graph\">{\"@context\":\"https:\/\/schema.org\",\"@graph\":[{\"@type\":\"WebPage\",\"@id\":\"https:\/\/carnitec.com\/lv\/products\/niroflex-2000\/\",\"url\":\"https:\/\/carnitec.com\/lv\/products\/niroflex-2000\/\",\"name\":\"NIROFLEX 2000 - Carnitec\",\"isPartOf\":{\"@id\":\"https:\/\/carnitec.com\/lv\/#website\"},\"datePublished\":\"2019-04-09T06:44:11+00:00\",\"dateModified\":\"2019-04-16T06:57:46+00:00\",\"description\":\"Cimdi ar patent\u0113t\u0101m priek\u0161roc\u012bb\u0101m, met\u0101la aizdari un nep\u0101rsp\u0113jamu sader\u012bbu, Niroflex 2000 noz\u012bm\u0113 augstu komfortu un br\u012bvu darbu.\",\"breadcrumb\":{\"@id\":\"https:\/\/carnitec.com\/lv\/products\/niroflex-2000\/#breadcrumb\"},\"inLanguage\":\"lv-LV\",\"potentialAction\":[{\"@type\":\"ReadAction\",\"target\":[\"https:\/\/carnitec.com\/lv\/products\/niroflex-2000\/\"]}]},{\"@type\":\"BreadcrumbList\",\"@id\":\"https:\/\/carnitec.com\/lv\/products\/niroflex-2000\/#breadcrumb\",\"itemListElement\":[{\"@type\":\"ListItem\",\"position\":1,\"name\":\"\u0413\u043b\u0430\u0432\u043d\u0430\u044f \u0441\u0442\u0440\u0430\u043d\u0438\u0446\u0430\",\"item\":\"https:\/\/carnitec.com\/lv\/\"},{\"@type\":\"ListItem\",\"position\":2,\"name\":\"\u0422\u043e\u0432\u0430\u0440\u044b\",\"item\":\"https:\/\/carnitec.com\/shop\/\"},{\"@type\":\"ListItem\",\"position\":3,\"name\":\"NIROFLEX 2000\"}]},{\"@type\":\"WebSite\",\"@id\":\"https:\/\/carnitec.com\/lv\/#website\",\"url\":\"https:\/\/carnitec.com\/lv\/\",\"name\":\"Carnitec\",\"description\":\"P\u0101rtikas r\u016bpniec\u012bbas iek\u0101rtas\",\"publisher\":{\"@id\":\"https:\/\/carnitec.com\/lv\/#organization\"},\"potentialAction\":[{\"@type\":\"SearchAction\",\"target\":{\"@type\":\"EntryPoint\",\"urlTemplate\":\"https:\/\/carnitec.com\/lv\/?s={search_term_string}\"},\"query-input\":\"required name=search_term_string\"}],\"inLanguage\":\"lv-LV\"},{\"@type\":\"Organization\",\"@id\":\"https:\/\/carnitec.com\/lv\/#organization\",\"name\":\"Carnitec - food processing equipment\",\"url\":\"https:\/\/carnitec.com\/lv\/\",\"sameAs\":[\"https:\/\/www.instagram.com\/carnitec\/?hl=en\",\"https:\/\/www.linkedin.com\/company\/carnitec-ltd\/\",\"https:\/\/www.youtube.com\/channel\/UCwfiuJujkF2QxPPZAqB0T2w\",\"https:\/\/facebook.com\/carnitec1\",\"https:\/\/twitter.com\/carnitec_\"],\"logo\":{\"@type\":\"ImageObject\",\"inLanguage\":\"lv-LV\",\"@id\":\"https:\/\/carnitec.com\/lv\/#\/schema\/logo\/image\/\",\"url\":\"http:\/\/carnitec.com\/wp-content\/uploads\/2018\/01\/carnitec_logo_2018.png\",\"contentUrl\":\"http:\/\/carnitec.com\/wp-content\/uploads\/2018\/01\/carnitec_logo_2018.png\",\"width\":180,\"height\":50,\"caption\":\"Carnitec - food processing equipment\"},\"image\":{\"@id\":\"https:\/\/carnitec.com\/lv\/#\/schema\/logo\/image\/\"}}]}<\/script>\n<!-- \/ Yoast SEO plugin. -->","yoast_head_json":{"title":"NIROFLEX 2000 - Carnitec","description":"Cimdi ar patent\u0113t\u0101m priek\u0161roc\u012bb\u0101m, met\u0101la aizdari un nep\u0101rsp\u0113jamu sader\u012bbu, Niroflex 2000 noz\u012bm\u0113 augstu komfortu un br\u012bvu darbu.","robots":{"index":"index","follow":"follow","max-snippet":"max-snippet:-1","max-image-preview":"max-image-preview:large","max-video-preview":"max-video-preview:-1"},"canonical":"https:\/\/carnitec.com\/lv\/products\/niroflex-2000\/","og_locale":"lv_LV","og_type":"article","og_title":"NIROFLEX 2000 - Carnitec","og_description":"Cimdi ar patent\u0113t\u0101m priek\u0161roc\u012bb\u0101m, met\u0101la aizdari un nep\u0101rsp\u0113jamu sader\u012bbu, Niroflex 2000 noz\u012bm\u0113 augstu komfortu un br\u012bvu darbu.","og_url":"https:\/\/carnitec.com\/lv\/products\/niroflex-2000\/","og_site_name":"Carnitec","article_publisher":"https:\/\/facebook.com\/carnitec1","article_modified_time":"2019-04-16T06:57:46+00:00","og_image":[{"width":800,"height":800,"url":"https:\/\/carnitec.com\/wp-content\/uploads\/2019\/04\/kinnas2.jpg","type":"image\/jpeg"}],"twitter_card":"summary","twitter_site":"@carnitec_","twitter_misc":{"Est. reading time":"1 min\u016b\u0161u"},"schema":{"@context":"https:\/\/schema.org","@graph":[{"@type":"WebPage","@id":"https:\/\/carnitec.com\/lv\/products\/niroflex-2000\/","url":"https:\/\/carnitec.com\/lv\/products\/niroflex-2000\/","name":"NIROFLEX 2000 - Carnitec","isPartOf":{"@id":"https:\/\/carnitec.com\/lv\/#website"},"datePublished":"2019-04-09T06:44:11+00:00","dateModified":"2019-04-16T06:57:46+00:00","description":"Cimdi ar patent\u0113t\u0101m priek\u0161roc\u012bb\u0101m, met\u0101la aizdari un nep\u0101rsp\u0113jamu sader\u012bbu, Niroflex 2000 noz\u012bm\u0113 augstu komfortu un br\u012bvu darbu.","breadcrumb":{"@id":"https:\/\/carnitec.com\/lv\/products\/niroflex-2000\/#breadcrumb"},"inLanguage":"lv-LV","potentialAction":[{"@type":"ReadAction","target":["https:\/\/carnitec.com\/lv\/products\/niroflex-2000\/"]}]},{"@type":"BreadcrumbList","@id":"https:\/\/carnitec.com\/lv\/products\/niroflex-2000\/#breadcrumb","itemListElement":[{"@type":"ListItem","position":1,"name":"\u0413\u043b\u0430\u0432\u043d\u0430\u044f \u0441\u0442\u0440\u0430\u043d\u0438\u0446\u0430","item":"https:\/\/carnitec.com\/lv\/"},{"@type":"ListItem","position":2,"name":"\u0422\u043e\u0432\u0430\u0440\u044b","item":"https:\/\/carnitec.com\/shop\/"},{"@type":"ListItem","position":3,"name":"NIROFLEX 2000"}]},{"@type":"WebSite","@id":"https:\/\/carnitec.com\/lv\/#website","url":"https:\/\/carnitec.com\/lv\/","name":"Carnitec","description":"P\u0101rtikas r\u016bpniec\u012bbas iek\u0101rtas","publisher":{"@id":"https:\/\/carnitec.com\/lv\/#organization"},"potentialAction":[{"@type":"SearchAction","target":{"@type":"EntryPoint","urlTemplate":"https:\/\/carnitec.com\/lv\/?s={search_term_string}"},"query-input":"required name=search_term_string"}],"inLanguage":"lv-LV"},{"@type":"Organization","@id":"https:\/\/carnitec.com\/lv\/#organization","name":"Carnitec - food processing equipment","url":"https:\/\/carnitec.com\/lv\/","sameAs":["https:\/\/www.instagram.com\/carnitec\/?hl=en","https:\/\/www.linkedin.com\/company\/carnitec-ltd\/","https:\/\/www.youtube.com\/channel\/UCwfiuJujkF2QxPPZAqB0T2w","https:\/\/facebook.com\/carnitec1","https:\/\/twitter.com\/carnitec_"],"logo":{"@type":"ImageObject","inLanguage":"lv-LV","@id":"https:\/\/carnitec.com\/lv\/#\/schema\/logo\/image\/","url":"http:\/\/carnitec.com\/wp-content\/uploads\/2018\/01\/carnitec_logo_2018.png","contentUrl":"http:\/\/carnitec.com\/wp-content\/uploads\/2018\/01\/carnitec_logo_2018.png","width":180,"height":50,"caption":"Carnitec - food processing equipment"},"image":{"@id":"https:\/\/carnitec.com\/lv\/#\/schema\/logo\/image\/"}}]}},"_links":{"self":[{"href":"https:\/\/carnitec.com\/lv\/wp-json\/wp\/v2\/product\/44328"}],"collection":[{"href":"https:\/\/carnitec.com\/lv\/wp-json\/wp\/v2\/product"}],"about":[{"href":"https:\/\/carnitec.com\/lv\/wp-json\/wp\/v2\/types\/product"}],"wp:featuredmedia":[{"embeddable":true,"href":"https:\/\/carnitec.com\/lv\/wp-json\/wp\/v2\/media\/44327"}],"wp:attachment":[{"href":"https:\/\/carnitec.com\/lv\/wp-json\/wp\/v2\/media?parent=44328"}],"wp:term":[{"taxonomy":"product_cat","embeddable":true,"href":"https:\/\/carnitec.com\/lv\/wp-json\/wp\/v2\/product_cat?post=44328"},{"taxonomy":"product_tag","embeddable":true,"href":"https:\/\/carnitec.com\/lv\/wp-json\/wp\/v2\/product_tag?post=44328"}],"curies":[{"name":"wp","href":"https:\/\/api.w.org\/{rel}","templated":true}]}}