{"id":44217,"date":"2019-02-14T13:23:03","date_gmt":"2019-04-11T08:44:39","guid":{"rendered":"https:\/\/staging1.carnitec.com\/?post_type=product&#038;p=44217"},"modified":"2019-04-11T10:44:39","modified_gmt":"2019-04-11T08:44:39","slug":"reepack-ree-eco","status":"publish","type":"product","link":"https:\/\/carnitec.com\/lv\/products\/reepack-ree-eco\/","title":{"rendered":"Reepack Ree Eco"},"content":{"rendered":"<div class=\"single-des\">\n<p>Augsta veiktsp\u0113ja, maz\u0101ks ener\u0123ijas pat\u0113ri\u0146\u0161 un kompakts nospiedums. Standarta padeves <a href=\"http:\/\/carnitec.com\/lv\/products\/konteineru-parvietosanas-sistemas\/\">konveijers<\/a> l\u012bdz pat 3 iekrau\u0161anas poz\u012bcij\u0101m, viegla p\u0101rnesumu mai\u0146a, <a href=\"http:\/\/carnitec.com\/lv\/products\/automatiskas-paplates-padevis-intray-easy-loader-90\/\">autom\u0101tisk\u0101<\/a> konveijera <a href=\"http:\/\/carnitec.com\/lv\/products\/automatiskas-paplates-padevis-intray-easy-loader-90\/\">palikt\u0146iem<\/a>, un beidzot lietot\u0101jam draudz\u012bgs vad\u012bbas panelis sniedz \u0161im modelim kvalific\u0113tus darbus.<\/p>\n<p>Augstas veiktsp\u0113jas modific\u0113t\u0101s atmosf\u0113ras (MAP) un <a href=\"http:\/\/carnitec.com\/lv\/vakuuma-iepakosanas-masinas-boss-vakuum\/\">vakuuma<\/a> \u0101das (VSP) paketes.<\/p>\n<p><strong>Tehniskie Dati<\/strong><\/p>\n<\/div>\n<div><\/div>\n<div>\n<table style=\"border-collapse: collapse; width: 100%;\" border=\"1\">\n<tbody>\n<tr style=\"height: 24px;\">\n<td style=\"width: 50%; height: 24px;\">Ma\u0161\u012bnas augstums: 1710 mm<\/td>\n<td style=\"width: 50%; height: 24px;\">Ma\u0161\u012bnas platums: 905 mm<\/td>\n<\/tr>\n<tr style=\"height: 24px;\">\n<td style=\"width: 50%; height: 24px;\">Ma\u0161\u012bnas garums: 3040 mm<\/td>\n<td style=\"width: 50%; height: 24px;\">Ievieto\u0161anas konveijera garums: 1810 mm<\/td>\n<\/tr>\n<tr style=\"height: 24px;\">\n<td style=\"width: 50%; height: 24px;\">Garums br\u012bvs iekrau\u0161anas laukums: 1100 mm<\/td>\n<td style=\"width: 50%; height: 24px;\">Ievietojamo papl\u0101tes skaits: 3<\/td>\n<\/tr>\n<tr style=\"height: 24px;\">\n<td style=\"width: 50%; height: 24px;\">Br\u012bvs iekrau\u0161anas laukums: 880 &#8211; 910 mm<\/td>\n<td style=\"width: 50%; height: 24px;\">Maksim\u0101l\u0101 diametra sl\u012bpnes rullis: 250 mm<\/td>\n<\/tr>\n<tr style=\"height: 24px;\">\n<td style=\"width: 50%; height: 24px;\">Slie\u017eu ru\u013c\u013ca diametrs: 76 mm (3 &#8221;)<\/td>\n<td style=\"width: 50%; height: 24px;\">Ma\u0161\u012bnas galven\u0101s kust\u012bbas: elektromeh\u0101niska<\/td>\n<\/tr>\n<tr style=\"height: 24px;\">\n<td style=\"width: 50%; height: 24px;\">Mikroprocesoru vad\u012bba: PLC-Reepack<\/td>\n<td style=\"width: 50%; height: 24px;\">Vad\u012bbas panelis: sk\u0101rienekr\u0101ns<\/td>\n<\/tr>\n<tr style=\"height: 24px;\">\n<td style=\"width: 50%; height: 24px;\">Vakuuma s\u016bknis: 60 m3 \/ h<\/td>\n<td style=\"width: 50%; height: 24px;\">Elektroapg\u0101de: 3 \/ N \/ PE 400V AC 50 Hz<\/td>\n<\/tr>\n<tr style=\"height: 24px;\">\n<td style=\"width: 50%; height: 24px;\">Elektrisk\u0101 jauda: 6,6 Kw \/ 14,4 A<\/td>\n<td style=\"width: 50%; height: 24px;\">Kop\u0113j\u0101 konstrukcija: ner\u016bs\u0113jo\u0161ais t\u0113rauds<\/td>\n<\/tr>\n<tr style=\"height: 24px;\">\n<td style=\"width: 50%; height: 24px;\"><\/td>\n<td style=\"width: 50%; height: 24px;\"><\/td>\n<\/tr>\n<tr style=\"height: 24px;\">\n<td style=\"width: 50%; height: 24px;\"><\/td>\n<td style=\"width: 50%; height: 24px;\"><\/td>\n<\/tr>\n<\/tbody>\n<\/table>\n<\/div>\n<div class=\"embed-responsive embed-responsive-16by9\"><iframe loading=\"lazy\" title=\"Automatic Tray Sealer ReeEco for Ready Meals\" width=\"640\" height=\"360\" src=\"https:\/\/www.youtube.com\/embed\/KGYzONhZ_j0?feature=oembed\" frameborder=\"0\" allow=\"accelerometer; autoplay; clipboard-write; encrypted-media; gyroscope; picture-in-picture\" allowfullscreen><\/iframe><\/div>\n","protected":false},"excerpt":{"rendered":"<p>Augsta veiktsp\u0113ja, maz\u0101ks ener\u0123ijas pat\u0113ri\u0146\u0161 un kompakts nospiedums. Standarta padeves konveijers l\u012bdz pat 3 iekrau\u0161anas poz\u012bcij\u0101m, viegla p\u0101rnesumu mai\u0146a, autom\u0101tisk\u0101 konveijera palikt\u0146iem, un beidzot lietot\u0101jam draudz\u012bgs vad\u012bbas panelis sniedz \u0161im modelim kvalific\u0113tus darbus.<\/p>\n","protected":false},"featured_media":52756,"template":"","meta":{"content-type":"","_monsterinsights_skip_tracking":false,"_monsterinsights_sitenote_active":false,"_monsterinsights_sitenote_note":"","_monsterinsights_sitenote_category":0},"product_cat":[971],"product_tag":[],"yoast_head":"<!-- This site is optimized with the Yoast SEO plugin v19.5.1 - https:\/\/yoast.com\/wordpress\/plugins\/seo\/ -->\n<title>Reepack Ree Eco - Carnitec<\/title>\n<meta name=\"robots\" content=\"index, follow, max-snippet:-1, max-image-preview:large, max-video-preview:-1\" \/>\n<link rel=\"canonical\" href=\"https:\/\/carnitec.com\/lv\/products\/reepack-ree-eco\/\" \/>\n<meta property=\"og:locale\" content=\"lv_LV\" \/>\n<meta property=\"og:type\" content=\"article\" \/>\n<meta property=\"og:title\" content=\"Reepack Ree Eco - Carnitec\" \/>\n<meta property=\"og:description\" content=\"Augsta veiktsp\u0113ja, maz\u0101ks ener\u0123ijas pat\u0113ri\u0146\u0161 un kompakts nospiedums. Standarta padeves konveijers l\u012bdz pat 3 iekrau\u0161anas poz\u012bcij\u0101m, viegla p\u0101rnesumu mai\u0146a, autom\u0101tisk\u0101 konveijera palikt\u0146iem, un beidzot lietot\u0101jam draudz\u012bgs vad\u012bbas panelis sniedz \u0161im modelim kvalific\u0113tus darbus.\" \/>\n<meta property=\"og:url\" content=\"https:\/\/carnitec.com\/lv\/products\/reepack-ree-eco\/\" \/>\n<meta property=\"og:site_name\" content=\"Carnitec\" \/>\n<meta property=\"article:publisher\" content=\"https:\/\/facebook.com\/carnitec1\" \/>\n<meta name=\"twitter:card\" content=\"summary\" \/>\n<meta name=\"twitter:image\" content=\"https:\/\/carnitec.com\/wp-content\/uploads\/2019\/02\/REEECO_2019_HR.png\" \/>\n<meta name=\"twitter:site\" content=\"@carnitec_\" \/>\n<meta name=\"twitter:label1\" content=\"Est. reading time\" \/>\n\t<meta name=\"twitter:data1\" content=\"1 min\u016b\u0161u\" \/>\n<script type=\"application\/ld+json\" class=\"yoast-schema-graph\">{\"@context\":\"https:\/\/schema.org\",\"@graph\":[{\"@type\":\"WebPage\",\"@id\":\"https:\/\/carnitec.com\/lv\/products\/reepack-ree-eco\/\",\"url\":\"https:\/\/carnitec.com\/lv\/products\/reepack-ree-eco\/\",\"name\":\"Reepack Ree Eco - Carnitec\",\"isPartOf\":{\"@id\":\"https:\/\/carnitec.com\/lv\/#website\"},\"datePublished\":\"2019-04-11T08:44:39+00:00\",\"dateModified\":\"2019-04-11T08:44:39+00:00\",\"breadcrumb\":{\"@id\":\"https:\/\/carnitec.com\/lv\/products\/reepack-ree-eco\/#breadcrumb\"},\"inLanguage\":\"lv-LV\",\"potentialAction\":[{\"@type\":\"ReadAction\",\"target\":[\"https:\/\/carnitec.com\/lv\/products\/reepack-ree-eco\/\"]}]},{\"@type\":\"BreadcrumbList\",\"@id\":\"https:\/\/carnitec.com\/lv\/products\/reepack-ree-eco\/#breadcrumb\",\"itemListElement\":[{\"@type\":\"ListItem\",\"position\":1,\"name\":\"\u0413\u043b\u0430\u0432\u043d\u0430\u044f \u0441\u0442\u0440\u0430\u043d\u0438\u0446\u0430\",\"item\":\"https:\/\/carnitec.com\/lv\/\"},{\"@type\":\"ListItem\",\"position\":2,\"name\":\"\u0422\u043e\u0432\u0430\u0440\u044b\",\"item\":\"https:\/\/carnitec.com\/shop\/\"},{\"@type\":\"ListItem\",\"position\":3,\"name\":\"Reepack Ree Eco\"}]},{\"@type\":\"WebSite\",\"@id\":\"https:\/\/carnitec.com\/lv\/#website\",\"url\":\"https:\/\/carnitec.com\/lv\/\",\"name\":\"Carnitec\",\"description\":\"P\u0101rtikas r\u016bpniec\u012bbas iek\u0101rtas\",\"publisher\":{\"@id\":\"https:\/\/carnitec.com\/lv\/#organization\"},\"potentialAction\":[{\"@type\":\"SearchAction\",\"target\":{\"@type\":\"EntryPoint\",\"urlTemplate\":\"https:\/\/carnitec.com\/lv\/?s={search_term_string}\"},\"query-input\":\"required name=search_term_string\"}],\"inLanguage\":\"lv-LV\"},{\"@type\":\"Organization\",\"@id\":\"https:\/\/carnitec.com\/lv\/#organization\",\"name\":\"Carnitec - food processing equipment\",\"url\":\"https:\/\/carnitec.com\/lv\/\",\"sameAs\":[\"https:\/\/www.instagram.com\/carnitec\/?hl=en\",\"https:\/\/www.linkedin.com\/company\/carnitec-ltd\/\",\"https:\/\/www.youtube.com\/channel\/UCwfiuJujkF2QxPPZAqB0T2w\",\"https:\/\/facebook.com\/carnitec1\",\"https:\/\/twitter.com\/carnitec_\"],\"logo\":{\"@type\":\"ImageObject\",\"inLanguage\":\"lv-LV\",\"@id\":\"https:\/\/carnitec.com\/lv\/#\/schema\/logo\/image\/\",\"url\":\"http:\/\/carnitec.com\/wp-content\/uploads\/2018\/01\/carnitec_logo_2018.png\",\"contentUrl\":\"http:\/\/carnitec.com\/wp-content\/uploads\/2018\/01\/carnitec_logo_2018.png\",\"width\":180,\"height\":50,\"caption\":\"Carnitec - food processing equipment\"},\"image\":{\"@id\":\"https:\/\/carnitec.com\/lv\/#\/schema\/logo\/image\/\"}}]}<\/script>\n<!-- \/ Yoast SEO plugin. -->","yoast_head_json":{"title":"Reepack Ree Eco - Carnitec","robots":{"index":"index","follow":"follow","max-snippet":"max-snippet:-1","max-image-preview":"max-image-preview:large","max-video-preview":"max-video-preview:-1"},"canonical":"https:\/\/carnitec.com\/lv\/products\/reepack-ree-eco\/","og_locale":"lv_LV","og_type":"article","og_title":"Reepack Ree Eco - Carnitec","og_description":"Augsta veiktsp\u0113ja, maz\u0101ks ener\u0123ijas pat\u0113ri\u0146\u0161 un kompakts nospiedums. Standarta padeves konveijers l\u012bdz pat 3 iekrau\u0161anas poz\u012bcij\u0101m, viegla p\u0101rnesumu mai\u0146a, autom\u0101tisk\u0101 konveijera palikt\u0146iem, un beidzot lietot\u0101jam draudz\u012bgs vad\u012bbas panelis sniedz \u0161im modelim kvalific\u0113tus darbus.","og_url":"https:\/\/carnitec.com\/lv\/products\/reepack-ree-eco\/","og_site_name":"Carnitec","article_publisher":"https:\/\/facebook.com\/carnitec1","twitter_card":"summary","twitter_image":"https:\/\/carnitec.com\/wp-content\/uploads\/2019\/02\/REEECO_2019_HR.png","twitter_site":"@carnitec_","twitter_misc":{"Est. reading time":"1 min\u016b\u0161u"},"schema":{"@context":"https:\/\/schema.org","@graph":[{"@type":"WebPage","@id":"https:\/\/carnitec.com\/lv\/products\/reepack-ree-eco\/","url":"https:\/\/carnitec.com\/lv\/products\/reepack-ree-eco\/","name":"Reepack Ree Eco - Carnitec","isPartOf":{"@id":"https:\/\/carnitec.com\/lv\/#website"},"datePublished":"2019-04-11T08:44:39+00:00","dateModified":"2019-04-11T08:44:39+00:00","breadcrumb":{"@id":"https:\/\/carnitec.com\/lv\/products\/reepack-ree-eco\/#breadcrumb"},"inLanguage":"lv-LV","potentialAction":[{"@type":"ReadAction","target":["https:\/\/carnitec.com\/lv\/products\/reepack-ree-eco\/"]}]},{"@type":"BreadcrumbList","@id":"https:\/\/carnitec.com\/lv\/products\/reepack-ree-eco\/#breadcrumb","itemListElement":[{"@type":"ListItem","position":1,"name":"\u0413\u043b\u0430\u0432\u043d\u0430\u044f \u0441\u0442\u0440\u0430\u043d\u0438\u0446\u0430","item":"https:\/\/carnitec.com\/lv\/"},{"@type":"ListItem","position":2,"name":"\u0422\u043e\u0432\u0430\u0440\u044b","item":"https:\/\/carnitec.com\/shop\/"},{"@type":"ListItem","position":3,"name":"Reepack Ree Eco"}]},{"@type":"WebSite","@id":"https:\/\/carnitec.com\/lv\/#website","url":"https:\/\/carnitec.com\/lv\/","name":"Carnitec","description":"P\u0101rtikas r\u016bpniec\u012bbas iek\u0101rtas","publisher":{"@id":"https:\/\/carnitec.com\/lv\/#organization"},"potentialAction":[{"@type":"SearchAction","target":{"@type":"EntryPoint","urlTemplate":"https:\/\/carnitec.com\/lv\/?s={search_term_string}"},"query-input":"required name=search_term_string"}],"inLanguage":"lv-LV"},{"@type":"Organization","@id":"https:\/\/carnitec.com\/lv\/#organization","name":"Carnitec - food processing equipment","url":"https:\/\/carnitec.com\/lv\/","sameAs":["https:\/\/www.instagram.com\/carnitec\/?hl=en","https:\/\/www.linkedin.com\/company\/carnitec-ltd\/","https:\/\/www.youtube.com\/channel\/UCwfiuJujkF2QxPPZAqB0T2w","https:\/\/facebook.com\/carnitec1","https:\/\/twitter.com\/carnitec_"],"logo":{"@type":"ImageObject","inLanguage":"lv-LV","@id":"https:\/\/carnitec.com\/lv\/#\/schema\/logo\/image\/","url":"http:\/\/carnitec.com\/wp-content\/uploads\/2018\/01\/carnitec_logo_2018.png","contentUrl":"http:\/\/carnitec.com\/wp-content\/uploads\/2018\/01\/carnitec_logo_2018.png","width":180,"height":50,"caption":"Carnitec - food processing equipment"},"image":{"@id":"https:\/\/carnitec.com\/lv\/#\/schema\/logo\/image\/"}}]}},"_links":{"self":[{"href":"https:\/\/carnitec.com\/lv\/wp-json\/wp\/v2\/product\/44217"}],"collection":[{"href":"https:\/\/carnitec.com\/lv\/wp-json\/wp\/v2\/product"}],"about":[{"href":"https:\/\/carnitec.com\/lv\/wp-json\/wp\/v2\/types\/product"}],"wp:featuredmedia":[{"embeddable":true,"href":"https:\/\/carnitec.com\/lv\/wp-json\/wp\/v2\/media\/52756"}],"wp:attachment":[{"href":"https:\/\/carnitec.com\/lv\/wp-json\/wp\/v2\/media?parent=44217"}],"wp:term":[{"taxonomy":"product_cat","embeddable":true,"href":"https:\/\/carnitec.com\/lv\/wp-json\/wp\/v2\/product_cat?post=44217"},{"taxonomy":"product_tag","embeddable":true,"href":"https:\/\/carnitec.com\/lv\/wp-json\/wp\/v2\/product_tag?post=44217"}],"curies":[{"name":"wp","href":"https:\/\/api.w.org\/{rel}","templated":true}]}}