{"id":44033,"date":"2019-03-28T15:36:03","date_gmt":"2019-03-29T11:45:09","guid":{"rendered":"https:\/\/staging1.carnitec.com\/?post_type=product&#038;p=44033"},"modified":"2019-03-29T13:45:09","modified_gmt":"2019-03-29T11:45:09","slug":"masina-saslikam-cr160","status":"publish","type":"product","link":"https:\/\/carnitec.com\/lv\/products\/masina-saslikam-cr160\/","title":{"rendered":"Ma\u0161\u012bna \u0161a\u0161likam CR160"},"content":{"rendered":"<p>Stringing ma\u0161\u012bnas padara to viegli un higi\u0113niski uzst\u0101d\u012bt produktus uz sp\u013caut, nezaud\u0113jot neveiksm\u012bgo kebaba veidu. M\u0113s pied\u0101v\u0101jam risin\u0101jumu maziem un vid\u0113jiem uz\u0146\u0113mumiem, k\u0101 ar\u012b r\u016bpnieciskai izmanto\u0161anai. <a href=\"http:\/\/carnitec.com\/lv\/galas-samazinasana-neatrisina-vides-problemas\/\">Ga\u013ca<\/a>, m\u0101jputni, <a href=\"http:\/\/carnitec.com\/lv\/products\/galdi-zivju-ekspozicijai\/\">zivis<\/a>, d\u0101rze\u0146i, aug\u013ci, saldumi &#8230;<\/p>\n<p>Ier\u012bces darb\u012bbas princips ir glob\u0101li patent\u0113ta ideja par miesnieku, kas lielos apm\u0113ros ir ra\u017eojis iesmu, un velt\u012bjis savu laiku, lai atrastu efekt\u012bv\u0101ku risin\u0101jumu iesmu ra\u017eo\u0161anai, nezaud\u0113jot manu\u0101lo raksturu.<\/p>\n<p>\u0160\u012b ir ma\u0161\u012bna kebabiem <a href=\"http:\/\/carnitec.com\/lv\/products\/miesnieka-cirvi\/\">miesniekiem<\/a> vai citiem uz\u0146\u0113mumiem, kas nelielos daudzumos ra\u017eo iesmi.<\/p>\n<p>Ier\u012bci var viegli kontrol\u0113t viena persona. Ja j\u016bs pirms ga\u013cas z\u012bm\u0113\u0161anas marin\u0113jat savu ga\u013cu, ir iesp\u0113jams str\u0101d\u0101t ar\u012b ar diviem cilv\u0113kiem, viens cilv\u0113ks aiz<a href=\"http:\/\/carnitec.com\/lv\/products\/konteineru-parvietosanas-sistemas\/\">pilda konte<\/a>inerus un otrs vada ma\u0161\u012bnu. Priek\u0161roc\u012bba ir t\u0101da, ka gan produkta iesai\u0146ojums, gan ier\u012bce paliek t\u012brs st\u012bgu un, protams, t\u0101 ra\u017eo\u0161anas \u0101truma laik\u0101.<\/p>\n<p style=\"text-align: center;\"><b>Parametri<\/b><\/p>\n<ul>\n<li>Nomin\u0101l\u0101 jauda: 160 iesmi\u0146as stund\u0101<\/li>\n<li>Operatoru skaits: 1-2<\/li>\n<li>Kausa svars: no 20 l\u012bdz 250 gramiem<\/li>\n<li>Stick garums: no 120 l\u012bdz 280 mm, diametrs l\u012bdz 4 mm<\/li>\n<li>Stick tips: koka un bambusa, apa\u013cas, lielgabalu un ner\u016bs\u0113jo\u0161\u0101 t\u0113rauda iesmi<\/li>\n<li>Kl\u0113ts veids: ga\u013ca, m\u0101jputni, zivis, d\u0101rze\u0146i, aug\u013ci un saldumi<\/li>\n<li>Ergonomisks un higi\u0113nas darbs<\/li>\n<li>\u012ass iestat\u012b\u0161anas laiks<\/li>\n<li>Uztur\u0113\u0161ana: p\u0101rtikas pannas un ma\u0161\u012bnu var mazg\u0101t r\u016bpnieciskaj\u0101 trauku mazg\u0101jam\u0101 ma\u0161\u012bn\u0101<\/li>\n<li>Atbilst CE direkt\u012bv\u0101m<\/li>\n<\/ul>\n<p>Izmantotie materi\u0101li atbilst ties\u012bbu aktiem, kas attiecas uz saskari ar p\u0101rtiku.<\/p>\n<p>Ner\u016bs\u0113jo\u0161\u0101 t\u0113rauda \u0161amp\u016bnam j\u0101b\u016bt zem\u0101kam par punktu. Punkts nevar p\u0101rvietoties pa diagon\u0101li pa labi vai pa kreisi (t\u0101pat k\u0101 tradicion\u0101lais ner\u016bs\u0113jo\u0161\u0101 t\u0113rauda kebabs). Spie\u0137i ir paredz\u0113ti apstr\u0101dei.<\/p>\n","protected":false},"excerpt":{"rendered":"<p>Stringing ma\u0161\u012bnas padara to viegli un higi\u0113niski uzst\u0101d\u012bt produktus uz sp\u013caut, nezaud\u0113jot neveiksm\u012bgo kebaba veidu. M\u0113s pied\u0101v\u0101jam risin\u0101jumu maziem un vid\u0113jiem uz\u0146\u0113mumiem, k\u0101 ar\u012b r\u016bpnieciskai izmanto\u0161anai. Ga\u013ca, m\u0101jputni, zivis, d\u0101rze\u0146i, aug\u013ci, saldumi.<\/p>\n","protected":false},"featured_media":44025,"template":"","meta":{"content-type":"","_monsterinsights_skip_tracking":false,"_monsterinsights_sitenote_active":false,"_monsterinsights_sitenote_note":"","_monsterinsights_sitenote_category":0},"product_cat":[3556],"product_tag":[],"yoast_head":"<!-- This site is optimized with the Yoast SEO plugin v19.5.1 - https:\/\/yoast.com\/wordpress\/plugins\/seo\/ -->\n<title>Ma\u0161\u012bna \u0161a\u0161likam CR160 - Carnitec<\/title>\n<meta name=\"robots\" content=\"index, follow, max-snippet:-1, max-image-preview:large, max-video-preview:-1\" \/>\n<link rel=\"canonical\" href=\"https:\/\/carnitec.com\/lv\/products\/masina-saslikam-cr160\/\" \/>\n<meta property=\"og:locale\" content=\"lv_LV\" \/>\n<meta property=\"og:type\" content=\"article\" \/>\n<meta property=\"og:title\" content=\"Ma\u0161\u012bna \u0161a\u0161likam CR160 - Carnitec\" \/>\n<meta property=\"og:description\" content=\"Stringing ma\u0161\u012bnas padara to viegli un higi\u0113niski uzst\u0101d\u012bt produktus uz sp\u013caut, nezaud\u0113jot neveiksm\u012bgo kebaba veidu. M\u0113s pied\u0101v\u0101jam risin\u0101jumu maziem un vid\u0113jiem uz\u0146\u0113mumiem, k\u0101 ar\u012b r\u016bpnieciskai izmanto\u0161anai. Ga\u013ca, m\u0101jputni, zivis, d\u0101rze\u0146i, aug\u013ci, saldumi.\" \/>\n<meta property=\"og:url\" content=\"https:\/\/carnitec.com\/lv\/products\/masina-saslikam-cr160\/\" \/>\n<meta property=\"og:site_name\" content=\"Carnitec\" \/>\n<meta property=\"article:publisher\" content=\"https:\/\/facebook.com\/carnitec1\" \/>\n<meta property=\"og:image\" content=\"https:\/\/carnitec.com\/wp-content\/uploads\/2019\/03\/Screenshot-2019-03-28-15.17.15.png\" \/>\n\t<meta property=\"og:image:width\" content=\"272\" \/>\n\t<meta property=\"og:image:height\" content=\"260\" \/>\n\t<meta property=\"og:image:type\" content=\"image\/png\" \/>\n<meta name=\"twitter:card\" content=\"summary\" \/>\n<meta name=\"twitter:site\" content=\"@carnitec_\" \/>\n<meta name=\"twitter:label1\" content=\"Est. reading time\" \/>\n\t<meta name=\"twitter:data1\" content=\"2 min\u016btes\" \/>\n<script type=\"application\/ld+json\" class=\"yoast-schema-graph\">{\"@context\":\"https:\/\/schema.org\",\"@graph\":[{\"@type\":\"WebPage\",\"@id\":\"https:\/\/carnitec.com\/lv\/products\/masina-saslikam-cr160\/\",\"url\":\"https:\/\/carnitec.com\/lv\/products\/masina-saslikam-cr160\/\",\"name\":\"Ma\u0161\u012bna \u0161a\u0161likam CR160 - Carnitec\",\"isPartOf\":{\"@id\":\"https:\/\/carnitec.com\/lv\/#website\"},\"datePublished\":\"2019-03-29T11:45:09+00:00\",\"dateModified\":\"2019-03-29T11:45:09+00:00\",\"breadcrumb\":{\"@id\":\"https:\/\/carnitec.com\/lv\/products\/masina-saslikam-cr160\/#breadcrumb\"},\"inLanguage\":\"lv-LV\",\"potentialAction\":[{\"@type\":\"ReadAction\",\"target\":[\"https:\/\/carnitec.com\/lv\/products\/masina-saslikam-cr160\/\"]}]},{\"@type\":\"BreadcrumbList\",\"@id\":\"https:\/\/carnitec.com\/lv\/products\/masina-saslikam-cr160\/#breadcrumb\",\"itemListElement\":[{\"@type\":\"ListItem\",\"position\":1,\"name\":\"\u0413\u043b\u0430\u0432\u043d\u0430\u044f \u0441\u0442\u0440\u0430\u043d\u0438\u0446\u0430\",\"item\":\"https:\/\/carnitec.com\/lv\/\"},{\"@type\":\"ListItem\",\"position\":2,\"name\":\"\u0422\u043e\u0432\u0430\u0440\u044b\",\"item\":\"https:\/\/carnitec.com\/shop\/\"},{\"@type\":\"ListItem\",\"position\":3,\"name\":\"Ma\u0161\u012bna \u0161a\u0161likam CR160\"}]},{\"@type\":\"WebSite\",\"@id\":\"https:\/\/carnitec.com\/lv\/#website\",\"url\":\"https:\/\/carnitec.com\/lv\/\",\"name\":\"Carnitec\",\"description\":\"P\u0101rtikas r\u016bpniec\u012bbas iek\u0101rtas\",\"publisher\":{\"@id\":\"https:\/\/carnitec.com\/lv\/#organization\"},\"potentialAction\":[{\"@type\":\"SearchAction\",\"target\":{\"@type\":\"EntryPoint\",\"urlTemplate\":\"https:\/\/carnitec.com\/lv\/?s={search_term_string}\"},\"query-input\":\"required name=search_term_string\"}],\"inLanguage\":\"lv-LV\"},{\"@type\":\"Organization\",\"@id\":\"https:\/\/carnitec.com\/lv\/#organization\",\"name\":\"Carnitec - food processing equipment\",\"url\":\"https:\/\/carnitec.com\/lv\/\",\"sameAs\":[\"https:\/\/www.instagram.com\/carnitec\/?hl=en\",\"https:\/\/www.linkedin.com\/company\/carnitec-ltd\/\",\"https:\/\/www.youtube.com\/channel\/UCwfiuJujkF2QxPPZAqB0T2w\",\"https:\/\/facebook.com\/carnitec1\",\"https:\/\/twitter.com\/carnitec_\"],\"logo\":{\"@type\":\"ImageObject\",\"inLanguage\":\"lv-LV\",\"@id\":\"https:\/\/carnitec.com\/lv\/#\/schema\/logo\/image\/\",\"url\":\"http:\/\/carnitec.com\/wp-content\/uploads\/2018\/01\/carnitec_logo_2018.png\",\"contentUrl\":\"http:\/\/carnitec.com\/wp-content\/uploads\/2018\/01\/carnitec_logo_2018.png\",\"width\":180,\"height\":50,\"caption\":\"Carnitec - food processing equipment\"},\"image\":{\"@id\":\"https:\/\/carnitec.com\/lv\/#\/schema\/logo\/image\/\"}}]}<\/script>\n<!-- \/ Yoast SEO plugin. -->","yoast_head_json":{"title":"Ma\u0161\u012bna \u0161a\u0161likam CR160 - Carnitec","robots":{"index":"index","follow":"follow","max-snippet":"max-snippet:-1","max-image-preview":"max-image-preview:large","max-video-preview":"max-video-preview:-1"},"canonical":"https:\/\/carnitec.com\/lv\/products\/masina-saslikam-cr160\/","og_locale":"lv_LV","og_type":"article","og_title":"Ma\u0161\u012bna \u0161a\u0161likam CR160 - Carnitec","og_description":"Stringing ma\u0161\u012bnas padara to viegli un higi\u0113niski uzst\u0101d\u012bt produktus uz sp\u013caut, nezaud\u0113jot neveiksm\u012bgo kebaba veidu. M\u0113s pied\u0101v\u0101jam risin\u0101jumu maziem un vid\u0113jiem uz\u0146\u0113mumiem, k\u0101 ar\u012b r\u016bpnieciskai izmanto\u0161anai. Ga\u013ca, m\u0101jputni, zivis, d\u0101rze\u0146i, aug\u013ci, saldumi.","og_url":"https:\/\/carnitec.com\/lv\/products\/masina-saslikam-cr160\/","og_site_name":"Carnitec","article_publisher":"https:\/\/facebook.com\/carnitec1","og_image":[{"width":272,"height":260,"url":"https:\/\/carnitec.com\/wp-content\/uploads\/2019\/03\/Screenshot-2019-03-28-15.17.15.png","type":"image\/png"}],"twitter_card":"summary","twitter_site":"@carnitec_","twitter_misc":{"Est. reading time":"2 min\u016btes"},"schema":{"@context":"https:\/\/schema.org","@graph":[{"@type":"WebPage","@id":"https:\/\/carnitec.com\/lv\/products\/masina-saslikam-cr160\/","url":"https:\/\/carnitec.com\/lv\/products\/masina-saslikam-cr160\/","name":"Ma\u0161\u012bna \u0161a\u0161likam CR160 - Carnitec","isPartOf":{"@id":"https:\/\/carnitec.com\/lv\/#website"},"datePublished":"2019-03-29T11:45:09+00:00","dateModified":"2019-03-29T11:45:09+00:00","breadcrumb":{"@id":"https:\/\/carnitec.com\/lv\/products\/masina-saslikam-cr160\/#breadcrumb"},"inLanguage":"lv-LV","potentialAction":[{"@type":"ReadAction","target":["https:\/\/carnitec.com\/lv\/products\/masina-saslikam-cr160\/"]}]},{"@type":"BreadcrumbList","@id":"https:\/\/carnitec.com\/lv\/products\/masina-saslikam-cr160\/#breadcrumb","itemListElement":[{"@type":"ListItem","position":1,"name":"\u0413\u043b\u0430\u0432\u043d\u0430\u044f \u0441\u0442\u0440\u0430\u043d\u0438\u0446\u0430","item":"https:\/\/carnitec.com\/lv\/"},{"@type":"ListItem","position":2,"name":"\u0422\u043e\u0432\u0430\u0440\u044b","item":"https:\/\/carnitec.com\/shop\/"},{"@type":"ListItem","position":3,"name":"Ma\u0161\u012bna \u0161a\u0161likam CR160"}]},{"@type":"WebSite","@id":"https:\/\/carnitec.com\/lv\/#website","url":"https:\/\/carnitec.com\/lv\/","name":"Carnitec","description":"P\u0101rtikas r\u016bpniec\u012bbas iek\u0101rtas","publisher":{"@id":"https:\/\/carnitec.com\/lv\/#organization"},"potentialAction":[{"@type":"SearchAction","target":{"@type":"EntryPoint","urlTemplate":"https:\/\/carnitec.com\/lv\/?s={search_term_string}"},"query-input":"required name=search_term_string"}],"inLanguage":"lv-LV"},{"@type":"Organization","@id":"https:\/\/carnitec.com\/lv\/#organization","name":"Carnitec - food processing equipment","url":"https:\/\/carnitec.com\/lv\/","sameAs":["https:\/\/www.instagram.com\/carnitec\/?hl=en","https:\/\/www.linkedin.com\/company\/carnitec-ltd\/","https:\/\/www.youtube.com\/channel\/UCwfiuJujkF2QxPPZAqB0T2w","https:\/\/facebook.com\/carnitec1","https:\/\/twitter.com\/carnitec_"],"logo":{"@type":"ImageObject","inLanguage":"lv-LV","@id":"https:\/\/carnitec.com\/lv\/#\/schema\/logo\/image\/","url":"http:\/\/carnitec.com\/wp-content\/uploads\/2018\/01\/carnitec_logo_2018.png","contentUrl":"http:\/\/carnitec.com\/wp-content\/uploads\/2018\/01\/carnitec_logo_2018.png","width":180,"height":50,"caption":"Carnitec - food processing equipment"},"image":{"@id":"https:\/\/carnitec.com\/lv\/#\/schema\/logo\/image\/"}}]}},"_links":{"self":[{"href":"https:\/\/carnitec.com\/lv\/wp-json\/wp\/v2\/product\/44033"}],"collection":[{"href":"https:\/\/carnitec.com\/lv\/wp-json\/wp\/v2\/product"}],"about":[{"href":"https:\/\/carnitec.com\/lv\/wp-json\/wp\/v2\/types\/product"}],"wp:featuredmedia":[{"embeddable":true,"href":"https:\/\/carnitec.com\/lv\/wp-json\/wp\/v2\/media\/44025"}],"wp:attachment":[{"href":"https:\/\/carnitec.com\/lv\/wp-json\/wp\/v2\/media?parent=44033"}],"wp:term":[{"taxonomy":"product_cat","embeddable":true,"href":"https:\/\/carnitec.com\/lv\/wp-json\/wp\/v2\/product_cat?post=44033"},{"taxonomy":"product_tag","embeddable":true,"href":"https:\/\/carnitec.com\/lv\/wp-json\/wp\/v2\/product_tag?post=44033"}],"curies":[{"name":"wp","href":"https:\/\/api.w.org\/{rel}","templated":true}]}}