{"id":44031,"date":"2019-03-28T15:47:18","date_gmt":"2019-03-29T11:44:58","guid":{"rendered":"https:\/\/staging1.carnitec.com\/?post_type=product&#038;p=44031"},"modified":"2019-03-29T13:44:58","modified_gmt":"2019-03-29T11:44:58","slug":"masina-saslikam-cr480","status":"publish","type":"product","link":"https:\/\/carnitec.com\/lv\/products\/masina-saslikam-cr480\/","title":{"rendered":"Ma\u0161\u012bna \u0161a\u0161likam CR480"},"content":{"rendered":"<p>\u0160\u012b iek\u0101rta paredz\u0113ta lielveikaliem, \u0113din\u0101\u0161anas uz\u0146\u0113mumiem, viesn\u012bc\u0101m un restor\u0101niem, \u0113dn\u012bc\u0101m, r\u016bpniecisk\u0101m virtuv\u0113m, sv\u0113tku pas\u0101kumiem.<\/p>\n<p>Izmantojot \u0161o ier\u012bci, iesak\u0101m str\u0101d\u0101t ar vismaz diviem cilv\u0113kiem. \u0160\u0101d\u0101 gad\u012bjum\u0101 viena persona piepilda produkta <a href=\"http:\/\/carnitec.com\/lv\/4-izravienu-virzieni-partikas-rupniecibai-2019-gada\/\">papl\u0101tes<\/a> (sagatavo\u0161anas darbi), un cita persona str\u0101d\u0101 ar <a href=\"http:\/\/carnitec.com\/lv\/products\/lapstinas-izvilksanas-ierice\/\">ier\u012bci<\/a>. T\u0101d\u0113j\u0101di persona, kas izmanto ma\u0161\u012bnu, past\u0101v\u012bgi sa\u0146em produktu un var past\u0101v\u012bgi uzst\u0101d\u012bt iesmi, izmantojot ier\u012bci. T\u0101d\u0101 veid\u0101 m\u0113s <a href=\"http:\/\/carnitec.com\/lv\/products\/sistema-oglusheniya-co2\/\">optimiz\u0113jam<\/a> veiktsp\u0113ju ar CR480.<\/p>\n<p style=\"text-align: center;\"><strong>Parametri<\/strong><\/p>\n<ul>\n<li>Nomin\u0101l\u0101 jauda: 480 skewers stund\u0101<\/li>\n<li>Operatoru skaits: 1-3<\/li>\n<li>Kausa svars: no 5 l\u012bdz 990 gramiem<\/li>\n<li>Stick garums: 120 l\u012bdz 400 mm, diametrs no 3 l\u012bdz 6 mm<\/li>\n<li>Koka veids: koka un bambusa, apa\u013c\u0161, lielgabala un v\u012b\u0123es ner\u016bs\u0113jo\u0161ais t\u0113rauds<\/li>\n<li>Kl\u0113ts veids: ga\u013ca, m\u0101jputni, zivis, d\u0101rze\u0146i, aug\u013ci un saldumi + garneles un nelielas desas<\/li>\n<\/ul>\n<p><strong>Gatavs produkts:<\/strong><\/p>\n<ul>\n<li>Visi iesmi ir vien\u0101di<\/li>\n<li>\u012ass iestat\u012b\u0161anas laiks<\/li>\n<li>Apkope: p\u0101rtikas paletes un ma\u0161\u012bnu var mazg\u0101t r\u016bpniecisk\u0101s trauku mazg\u0101jam\u0101s ma\u0161\u012bnas (ne vair\u0101k k\u0101 80 \u00b0 C).<\/li>\n<li>Ma\u0161\u012bnu var t\u012br\u012bt ar augstspiediena mazg\u0101t\u0101ju.<\/li>\n<li>Amatniec\u012bbas izskats<\/li>\n<li>J\u016bs varat viegli izv\u0113l\u0113ties interv\u0101lu starp sast\u0101vda\u013c\u0101m.<\/li>\n<li>Var viegli izv\u0113l\u0113ties sast\u0101vda\u013cu skaitu (no 1 l\u012bdz 10)<\/li>\n<li>Atbilst CE direkt\u012bv\u0101m<\/li>\n<\/ul>\n<p>Ner\u016bs\u0113jo\u0161\u0101 t\u0113rauda \u0161amp\u016bnam j\u0101b\u016bt zem\u0101kam par punktu. Punkts nevar p\u0101rvietoties pa diagon\u0101li pa labi vai pa kreisi (t\u0101pat k\u0101 tradicion\u0101lais ner\u016bs\u0113jo\u0161\u0101 t\u0113rauda kebabs). Spie\u0137i ir paredz\u0113ti apstr\u0101dei.<\/p>\n","protected":false},"excerpt":{"rendered":"<p>\u0160\u012b ir iek\u0101rta lielveikaliem, \u0113din\u0101\u0161anas uz\u0146\u0113mumiem, viesn\u012bc\u0101m un restor\u0101niem, \u0113dn\u012bc\u0101m, r\u016bpniecisk\u0101m virtuv\u0113m, br\u012bvdienu pas\u0101kumiem &#8230; T\u0101 ir paredz\u0113ta vair\u0101ku produktu ra\u017eo\u0161anai<\/p>\n","protected":false},"featured_media":44030,"template":"","meta":{"content-type":"","_monsterinsights_skip_tracking":false,"_monsterinsights_sitenote_active":false,"_monsterinsights_sitenote_note":"","_monsterinsights_sitenote_category":0},"product_cat":[3556],"product_tag":[],"yoast_head":"<!-- This site is optimized with the Yoast SEO plugin v19.5.1 - https:\/\/yoast.com\/wordpress\/plugins\/seo\/ -->\n<title>Ma\u0161\u012bna \u0161a\u0161likam CR480 - Carnitec<\/title>\n<meta name=\"robots\" content=\"index, follow, max-snippet:-1, max-image-preview:large, max-video-preview:-1\" \/>\n<link rel=\"canonical\" href=\"https:\/\/carnitec.com\/lv\/products\/masina-saslikam-cr480\/\" \/>\n<meta property=\"og:locale\" content=\"lv_LV\" \/>\n<meta property=\"og:type\" content=\"article\" \/>\n<meta property=\"og:title\" content=\"Ma\u0161\u012bna \u0161a\u0161likam CR480 - Carnitec\" \/>\n<meta property=\"og:description\" content=\"\u0160\u012b ir iek\u0101rta lielveikaliem, \u0113din\u0101\u0161anas uz\u0146\u0113mumiem, viesn\u012bc\u0101m un restor\u0101niem, \u0113dn\u012bc\u0101m, r\u016bpniecisk\u0101m virtuv\u0113m, br\u012bvdienu pas\u0101kumiem ... T\u0101 ir paredz\u0113ta vair\u0101ku produktu ra\u017eo\u0161anai\" \/>\n<meta property=\"og:url\" content=\"https:\/\/carnitec.com\/lv\/products\/masina-saslikam-cr480\/\" \/>\n<meta property=\"og:site_name\" content=\"Carnitec\" \/>\n<meta property=\"article:publisher\" content=\"https:\/\/facebook.com\/carnitec1\" \/>\n<meta property=\"og:image\" content=\"https:\/\/carnitec.com\/wp-content\/uploads\/2019\/03\/Screenshot-2019-03-28-15.44.38.png\" \/>\n\t<meta property=\"og:image:width\" content=\"281\" \/>\n\t<meta property=\"og:image:height\" content=\"246\" \/>\n\t<meta property=\"og:image:type\" content=\"image\/png\" \/>\n<meta name=\"twitter:card\" content=\"summary\" \/>\n<meta name=\"twitter:site\" content=\"@carnitec_\" \/>\n<meta name=\"twitter:label1\" content=\"Est. reading time\" \/>\n\t<meta name=\"twitter:data1\" content=\"1 min\u016b\u0161u\" \/>\n<script type=\"application\/ld+json\" class=\"yoast-schema-graph\">{\"@context\":\"https:\/\/schema.org\",\"@graph\":[{\"@type\":\"WebPage\",\"@id\":\"https:\/\/carnitec.com\/lv\/products\/masina-saslikam-cr480\/\",\"url\":\"https:\/\/carnitec.com\/lv\/products\/masina-saslikam-cr480\/\",\"name\":\"Ma\u0161\u012bna \u0161a\u0161likam CR480 - Carnitec\",\"isPartOf\":{\"@id\":\"https:\/\/carnitec.com\/lv\/#website\"},\"datePublished\":\"2019-03-29T11:44:58+00:00\",\"dateModified\":\"2019-03-29T11:44:58+00:00\",\"breadcrumb\":{\"@id\":\"https:\/\/carnitec.com\/lv\/products\/masina-saslikam-cr480\/#breadcrumb\"},\"inLanguage\":\"lv-LV\",\"potentialAction\":[{\"@type\":\"ReadAction\",\"target\":[\"https:\/\/carnitec.com\/lv\/products\/masina-saslikam-cr480\/\"]}]},{\"@type\":\"BreadcrumbList\",\"@id\":\"https:\/\/carnitec.com\/lv\/products\/masina-saslikam-cr480\/#breadcrumb\",\"itemListElement\":[{\"@type\":\"ListItem\",\"position\":1,\"name\":\"\u0413\u043b\u0430\u0432\u043d\u0430\u044f \u0441\u0442\u0440\u0430\u043d\u0438\u0446\u0430\",\"item\":\"https:\/\/carnitec.com\/lv\/\"},{\"@type\":\"ListItem\",\"position\":2,\"name\":\"\u0422\u043e\u0432\u0430\u0440\u044b\",\"item\":\"https:\/\/carnitec.com\/shop\/\"},{\"@type\":\"ListItem\",\"position\":3,\"name\":\"Ma\u0161\u012bna \u0161a\u0161likam CR480\"}]},{\"@type\":\"WebSite\",\"@id\":\"https:\/\/carnitec.com\/lv\/#website\",\"url\":\"https:\/\/carnitec.com\/lv\/\",\"name\":\"Carnitec\",\"description\":\"P\u0101rtikas r\u016bpniec\u012bbas iek\u0101rtas\",\"publisher\":{\"@id\":\"https:\/\/carnitec.com\/lv\/#organization\"},\"potentialAction\":[{\"@type\":\"SearchAction\",\"target\":{\"@type\":\"EntryPoint\",\"urlTemplate\":\"https:\/\/carnitec.com\/lv\/?s={search_term_string}\"},\"query-input\":\"required name=search_term_string\"}],\"inLanguage\":\"lv-LV\"},{\"@type\":\"Organization\",\"@id\":\"https:\/\/carnitec.com\/lv\/#organization\",\"name\":\"Carnitec - food processing equipment\",\"url\":\"https:\/\/carnitec.com\/lv\/\",\"sameAs\":[\"https:\/\/www.instagram.com\/carnitec\/?hl=en\",\"https:\/\/www.linkedin.com\/company\/carnitec-ltd\/\",\"https:\/\/www.youtube.com\/channel\/UCwfiuJujkF2QxPPZAqB0T2w\",\"https:\/\/facebook.com\/carnitec1\",\"https:\/\/twitter.com\/carnitec_\"],\"logo\":{\"@type\":\"ImageObject\",\"inLanguage\":\"lv-LV\",\"@id\":\"https:\/\/carnitec.com\/lv\/#\/schema\/logo\/image\/\",\"url\":\"http:\/\/carnitec.com\/wp-content\/uploads\/2018\/01\/carnitec_logo_2018.png\",\"contentUrl\":\"http:\/\/carnitec.com\/wp-content\/uploads\/2018\/01\/carnitec_logo_2018.png\",\"width\":180,\"height\":50,\"caption\":\"Carnitec - food processing equipment\"},\"image\":{\"@id\":\"https:\/\/carnitec.com\/lv\/#\/schema\/logo\/image\/\"}}]}<\/script>\n<!-- \/ Yoast SEO plugin. -->","yoast_head_json":{"title":"Ma\u0161\u012bna \u0161a\u0161likam CR480 - Carnitec","robots":{"index":"index","follow":"follow","max-snippet":"max-snippet:-1","max-image-preview":"max-image-preview:large","max-video-preview":"max-video-preview:-1"},"canonical":"https:\/\/carnitec.com\/lv\/products\/masina-saslikam-cr480\/","og_locale":"lv_LV","og_type":"article","og_title":"Ma\u0161\u012bna \u0161a\u0161likam CR480 - Carnitec","og_description":"\u0160\u012b ir iek\u0101rta lielveikaliem, \u0113din\u0101\u0161anas uz\u0146\u0113mumiem, viesn\u012bc\u0101m un restor\u0101niem, \u0113dn\u012bc\u0101m, r\u016bpniecisk\u0101m virtuv\u0113m, br\u012bvdienu pas\u0101kumiem ... T\u0101 ir paredz\u0113ta vair\u0101ku produktu ra\u017eo\u0161anai","og_url":"https:\/\/carnitec.com\/lv\/products\/masina-saslikam-cr480\/","og_site_name":"Carnitec","article_publisher":"https:\/\/facebook.com\/carnitec1","og_image":[{"width":281,"height":246,"url":"https:\/\/carnitec.com\/wp-content\/uploads\/2019\/03\/Screenshot-2019-03-28-15.44.38.png","type":"image\/png"}],"twitter_card":"summary","twitter_site":"@carnitec_","twitter_misc":{"Est. reading time":"1 min\u016b\u0161u"},"schema":{"@context":"https:\/\/schema.org","@graph":[{"@type":"WebPage","@id":"https:\/\/carnitec.com\/lv\/products\/masina-saslikam-cr480\/","url":"https:\/\/carnitec.com\/lv\/products\/masina-saslikam-cr480\/","name":"Ma\u0161\u012bna \u0161a\u0161likam CR480 - Carnitec","isPartOf":{"@id":"https:\/\/carnitec.com\/lv\/#website"},"datePublished":"2019-03-29T11:44:58+00:00","dateModified":"2019-03-29T11:44:58+00:00","breadcrumb":{"@id":"https:\/\/carnitec.com\/lv\/products\/masina-saslikam-cr480\/#breadcrumb"},"inLanguage":"lv-LV","potentialAction":[{"@type":"ReadAction","target":["https:\/\/carnitec.com\/lv\/products\/masina-saslikam-cr480\/"]}]},{"@type":"BreadcrumbList","@id":"https:\/\/carnitec.com\/lv\/products\/masina-saslikam-cr480\/#breadcrumb","itemListElement":[{"@type":"ListItem","position":1,"name":"\u0413\u043b\u0430\u0432\u043d\u0430\u044f \u0441\u0442\u0440\u0430\u043d\u0438\u0446\u0430","item":"https:\/\/carnitec.com\/lv\/"},{"@type":"ListItem","position":2,"name":"\u0422\u043e\u0432\u0430\u0440\u044b","item":"https:\/\/carnitec.com\/shop\/"},{"@type":"ListItem","position":3,"name":"Ma\u0161\u012bna \u0161a\u0161likam CR480"}]},{"@type":"WebSite","@id":"https:\/\/carnitec.com\/lv\/#website","url":"https:\/\/carnitec.com\/lv\/","name":"Carnitec","description":"P\u0101rtikas r\u016bpniec\u012bbas iek\u0101rtas","publisher":{"@id":"https:\/\/carnitec.com\/lv\/#organization"},"potentialAction":[{"@type":"SearchAction","target":{"@type":"EntryPoint","urlTemplate":"https:\/\/carnitec.com\/lv\/?s={search_term_string}"},"query-input":"required name=search_term_string"}],"inLanguage":"lv-LV"},{"@type":"Organization","@id":"https:\/\/carnitec.com\/lv\/#organization","name":"Carnitec - food processing equipment","url":"https:\/\/carnitec.com\/lv\/","sameAs":["https:\/\/www.instagram.com\/carnitec\/?hl=en","https:\/\/www.linkedin.com\/company\/carnitec-ltd\/","https:\/\/www.youtube.com\/channel\/UCwfiuJujkF2QxPPZAqB0T2w","https:\/\/facebook.com\/carnitec1","https:\/\/twitter.com\/carnitec_"],"logo":{"@type":"ImageObject","inLanguage":"lv-LV","@id":"https:\/\/carnitec.com\/lv\/#\/schema\/logo\/image\/","url":"http:\/\/carnitec.com\/wp-content\/uploads\/2018\/01\/carnitec_logo_2018.png","contentUrl":"http:\/\/carnitec.com\/wp-content\/uploads\/2018\/01\/carnitec_logo_2018.png","width":180,"height":50,"caption":"Carnitec - food processing equipment"},"image":{"@id":"https:\/\/carnitec.com\/lv\/#\/schema\/logo\/image\/"}}]}},"_links":{"self":[{"href":"https:\/\/carnitec.com\/lv\/wp-json\/wp\/v2\/product\/44031"}],"collection":[{"href":"https:\/\/carnitec.com\/lv\/wp-json\/wp\/v2\/product"}],"about":[{"href":"https:\/\/carnitec.com\/lv\/wp-json\/wp\/v2\/types\/product"}],"wp:featuredmedia":[{"embeddable":true,"href":"https:\/\/carnitec.com\/lv\/wp-json\/wp\/v2\/media\/44030"}],"wp:attachment":[{"href":"https:\/\/carnitec.com\/lv\/wp-json\/wp\/v2\/media?parent=44031"}],"wp:term":[{"taxonomy":"product_cat","embeddable":true,"href":"https:\/\/carnitec.com\/lv\/wp-json\/wp\/v2\/product_cat?post=44031"},{"taxonomy":"product_tag","embeddable":true,"href":"https:\/\/carnitec.com\/lv\/wp-json\/wp\/v2\/product_tag?post=44031"}],"curies":[{"name":"wp","href":"https:\/\/api.w.org\/{rel}","templated":true}]}}