{"id":43898,"date":"2018-07-10T17:04:01","date_gmt":"2019-02-27T10:58:34","guid":{"rendered":"http:\/\/carnitec.com\/?post_type=product&#038;p=43898"},"modified":"2019-02-27T12:58:34","modified_gmt":"2019-02-27T10:58:34","slug":"injektors-imax-420","status":"publish","type":"product","link":"https:\/\/carnitec.com\/lv\/products\/injektors-imax-420\/","title":{"rendered":"Injektors IMAX 420"},"content":{"rendered":"<h2>P\u0101rvieto\u0161anas produktu Injektors ar jostas sist\u0113mu<\/h2>\n<p>IMAX tehnolo\u0123ijas tehnolo\u0123iskais princips ir balst\u012bts uz klasisko injekciju, izmantojot tuk\u0161as adatas. \u0160is s\u0101ls \u0161\u0137\u012bdums injekcij\u0101m vai emulsijai caur s\u016bk\u0146u un cauru\u013cu sist\u0113mu tiek ievad\u012bts tie\u0161i injic\u0113taj\u0101 produkt\u0101. Kop\u0101 ar atkaulotu produktu j\u016bs varat injic\u0113t ga\u013cu, m\u0101jputnus un zivis ar kauliem.<\/p>\n<p><img class=\"size-medium wp-image-42187 alignnone\" src=\"http:\/\/carnitec.com\/wp-content\/uploads\/2018\/07\/IMAX420-06-300x283.jpg\" alt=\"\" width=\"300\" height=\"283\" \/> <img class=\"alignnone size-medium wp-image-42191\" src=\"http:\/\/carnitec.com\/wp-content\/uploads\/2018\/07\/IMAX420-04-300x283.jpg\" alt=\"\" width=\"300\" height=\"283\" \/><\/p>\n<p>IMAX injektoru apr\u012bkojums ir daudzveid\u012bgs un nep\u0101rtraukti att\u012bst\u0101s un papla\u0161in\u0101s desmitgades pieredzes d\u0113\u013c. Tas ietver, piem\u0113ram, meh\u0101nisko un elektrisko izstr\u0101d\u0101jumu atpaz\u012b\u0161anu, vad\u012b\u0161anas m\u0113r\u012bjumus (secin\u0101jumus no s\u0101ls satura s\u0101l\u012bjum\u0101), s\u0101ls\u016bdens l\u012bme\u0146a regul\u0113\u0161anu, sanit\u0101rijas rati\u0146us vai vadotni m\u0101jputniem.<\/p>\n<p>Produkts var autom\u0101tiski ievietot in\u017eektor\u0101 nep\u0101rtrauktiem procesiem. M\u0101jputnu ga\u013cas nozarei Cut-Up l\u012bnij\u0101m ir \u012bpa\u0161a porcijas ier\u012bce. Autom\u0101tisk\u0101s iekrau\u0161anas padeves ier\u012bce ar injektoru ir savienota ar speci\u0101lu konveijeru, kas ir sinhroniz\u0113ts ar l\u012bnijas \u0101trumu.<\/p>\n<p><strong>Filtr\u0113\u0161ana<\/strong><\/p>\n<p>Atgrie\u0161an\u0101s s\u0101l\u012bjum\u0101 \u010detru pak\u0101pju filtr\u0113\u0161anu var optim\u0101li piel\u0101got vajadz\u012bb\u0101m. Optim\u0101lais filtr\u0113\u0161anas rezult\u0101ts ir rot\u0101cijas, cirkul\u0101cijas, ies\u016bk\u0161anas filtrs un filtrs \u201cuz l\u012bnijas\u201d da\u017e\u0101d\u0101s konfigur\u0101cij\u0101s. Atsevi\u0161\u0137i filtra elementi, kas atrodas operatora darba zon\u0101, ir pieejami un viegli t\u012br\u0101mi. \u201cSmagiem\u201d s\u0101l\u012bjumiem tiek pied\u0101v\u0101ta pretblok\u0113jo\u0161a ier\u012bce.<\/p>\n<p class=\"p1\"><strong><span class=\"s1\">Opcijas:<\/span><\/strong><\/p>\n<ul class=\"ul1\">\n<li class=\"li1\">Pretendents<\/li>\n<li class=\"li1\">Cirkul\u0113jo\u0161ais filtr\u0113\u0161anas s\u0101l\u012bjums ar rot\u0101cijas filtru<\/li>\n<li class=\"li1\">Adatas ar diametru 2,3 \u200b\u200bvai 4 mm 81 vai 123<\/li>\n<li class=\"li1\">adatas katr\u0101 re\u0123istr\u0101<\/li>\n<\/ul>\n<p>https:\/\/youtu.be\/UzfrEysbKYs<\/p>\n<table cellspacing=\"0\" cellpadding=\"0\">\n<tbody>\n<tr>\n<td class=\"td1\" style=\"width: 239px;\" valign=\"baseline\">\n<p class=\"p1\"><strong><span class=\"s1\">Tehniskie dati<\/span><\/strong><\/p>\n<\/td>\n<td class=\"td2\" style=\"width: 345px;\" valign=\"baseline\">\n<p class=\"p1\"><strong><span class=\"s1\">IMAX 420<\/span><\/strong><\/p>\n<\/td>\n<\/tr>\n<tr>\n<td class=\"td3\" style=\"width: 239px;\" valign=\"baseline\">\n<p class=\"p1\">Transporta veids<\/p>\n<\/td>\n<td class=\"td4\" style=\"width: 345px;\" valign=\"baseline\">\n<p class=\"p1\">Re\u017e\u0123is<\/p>\n<\/td>\n<\/tr>\n<tr>\n<td class=\"td1\" style=\"width: 239px;\" valign=\"baseline\">\n<p class=\"p1\">Ma\u0161\u012bnas garums<\/p>\n<\/td>\n<td class=\"td2\" style=\"width: 345px;\" valign=\"baseline\">\n<p class=\"p1\"><span class=\"s1\">\u043e\u043a. 2100 mm (bez iekrau\u0161anas papl\u0101tes)<br \/>\n<\/span><\/p>\n<\/td>\n<\/tr>\n<tr>\n<td class=\"td3\" style=\"width: 239px;\" valign=\"baseline\">\n<p class=\"p1\">Ma\u0161\u012bnas platums<\/p>\n<\/td>\n<td class=\"td4\" style=\"width: 345px;\" valign=\"baseline\">\n<p class=\"p1\"><span class=\"s1\">\u043e\u043a.1450 mm + s\u0101ls tvertne<\/span><\/p>\n<\/td>\n<\/tr>\n<tr>\n<td class=\"td1\" style=\"width: 239px;\" valign=\"baseline\">\n<p class=\"p1\">Ma\u0161\u012bnas augstums<\/p>\n<\/td>\n<td class=\"td2\" style=\"width: 345px;\" valign=\"baseline\">\n<p class=\"p1\"><span class=\"s1\">\u043e\u043a. 2600 mm<\/span><\/p>\n<\/td>\n<\/tr>\n<tr>\n<td class=\"td3\" style=\"width: 239px;\" valign=\"baseline\">\n<p class=\"p1\">Iekrau\u0161anas augstums<\/p>\n<\/td>\n<td class=\"td4\" style=\"width: 345px;\" valign=\"baseline\">\n<p class=\"p1\"><span class=\"s1\">1200 mm<\/span><\/p>\n<\/td>\n<\/tr>\n<tr>\n<td class=\"td1\" style=\"width: 239px;\" valign=\"baseline\">\n<p class=\"p1\">\u0100trums, cikli \/ min.<\/p>\n<\/td>\n<td class=\"td2\" style=\"width: 345px;\" valign=\"baseline\">\n<p class=\"p1\"><span class=\"s1\">15-60<\/span><\/p>\n<\/td>\n<\/tr>\n<tr>\n<td class=\"td3\" style=\"width: 239px;\" valign=\"baseline\">\n<p class=\"p1\">Solis<\/p>\n<\/td>\n<td class=\"td4\" style=\"width: 345px;\" valign=\"baseline\">\n<p class=\"p1\"><span class=\"s1\">100\/50<\/span><\/p>\n<\/td>\n<\/tr>\n<tr>\n<td class=\"td1\" style=\"width: 239px;\" valign=\"baseline\">\n<p class=\"p1\">Elektriskais savienojums<\/p>\n<\/td>\n<td class=\"td2\" style=\"width: 345px;\" valign=\"baseline\">\n<p class=\"p1\"><span class=\"s1\">380-440 \u0412, 50\/60 Gz, 3\u0420\/\u0420\u0415, 32.0 \u0410<\/span><\/p>\n<\/td>\n<\/tr>\n<tr>\n<td class=\"td3\" style=\"width: 239px;\" valign=\"baseline\">\n<p class=\"p1\">S\u016bk\u0146a \/ piedzi\u0146as savienojums<\/p>\n<\/td>\n<td class=\"td4\" style=\"width: 345px;\" valign=\"baseline\">\n<p class=\"p1\"><span class=\"s1\">14.5 kWt<\/span><\/p>\n<\/td>\n<\/tr>\n<tr>\n<td class=\"td1\" style=\"width: 239px;\" valign=\"baseline\">\n<p class=\"p1\">Saspiesta gaisa savienojums<\/p>\n<\/td>\n<td class=\"td2\" style=\"width: 345px;\" valign=\"baseline\">\n<p class=\"p1\"><span class=\"s1\">6 bar, regul\u0113\u0161anas diapazons: 0,5-4,5 bar<\/span><\/p>\n<\/td>\n<\/tr>\n<\/tbody>\n<\/table>\n<p>&nbsp;<\/p>\n<p>&nbsp;<\/p>\n","protected":false},"excerpt":{"rendered":"<p>IMAX injektoru apr\u012bkojums ir daudzveid\u012bgs un nep\u0101rtraukti att\u012bst\u0101s un papla\u0161in\u0101s desmitgades pieredzes d\u0113\u013c. Tas ietver, piem\u0113ram, meh\u0101nisko un elektrisko izstr\u0101d\u0101jumu atpaz\u012b\u0161anu, vad\u012b\u0161anas m\u0113r\u012bjumus (secin\u0101jumus no s\u0101ls satura s\u0101l\u012bjum\u0101), s\u0101ls\u016bdens l\u012bme\u0146a regul\u0113\u0161anu, sanit\u0101rijas rati\u0146us vai vadotni m\u0101jputniem.<\/p>\n","protected":false},"featured_media":42206,"template":"","meta":{"content-type":"","_monsterinsights_skip_tracking":false,"_monsterinsights_sitenote_active":false,"_monsterinsights_sitenote_note":"","_monsterinsights_sitenote_category":0},"product_cat":[915],"product_tag":[2061],"yoast_head":"<!-- This site is optimized with the Yoast SEO plugin v19.5.1 - https:\/\/yoast.com\/wordpress\/plugins\/seo\/ -->\n<title>Injektors IMAX 420 - Carnitec<\/title>\n<meta name=\"robots\" content=\"index, follow, max-snippet:-1, max-image-preview:large, max-video-preview:-1\" \/>\n<link rel=\"canonical\" href=\"https:\/\/carnitec.com\/lv\/products\/injektors-imax-420\/\" \/>\n<meta property=\"og:locale\" content=\"lv_LV\" \/>\n<meta property=\"og:type\" content=\"article\" \/>\n<meta property=\"og:title\" content=\"Injektors IMAX 420 - Carnitec\" \/>\n<meta property=\"og:description\" content=\"IMAX injektoru apr\u012bkojums ir daudzveid\u012bgs un nep\u0101rtraukti att\u012bst\u0101s un papla\u0161in\u0101s desmitgades pieredzes d\u0113\u013c. Tas ietver, piem\u0113ram, meh\u0101nisko un elektrisko izstr\u0101d\u0101jumu atpaz\u012b\u0161anu, vad\u012b\u0161anas m\u0113r\u012bjumus (secin\u0101jumus no s\u0101ls satura s\u0101l\u012bjum\u0101), s\u0101ls\u016bdens l\u012bme\u0146a regul\u0113\u0161anu, sanit\u0101rijas rati\u0146us vai vadotni m\u0101jputniem.\" \/>\n<meta property=\"og:url\" content=\"https:\/\/carnitec.com\/lv\/products\/injektors-imax-420\/\" \/>\n<meta property=\"og:site_name\" content=\"Carnitec\" \/>\n<meta property=\"article:publisher\" content=\"https:\/\/facebook.com\/carnitec1\" \/>\n<meta property=\"og:image\" content=\"https:\/\/carnitec.com\/wp-content\/uploads\/2018\/07\/IMAX420-01.jpg\" \/>\n\t<meta property=\"og:image:width\" content=\"600\" \/>\n\t<meta property=\"og:image:height\" content=\"565\" \/>\n\t<meta property=\"og:image:type\" content=\"image\/jpeg\" \/>\n<meta name=\"twitter:card\" content=\"summary\" \/>\n<meta name=\"twitter:site\" content=\"@carnitec_\" \/>\n<meta name=\"twitter:label1\" content=\"Est. reading time\" \/>\n\t<meta name=\"twitter:data1\" content=\"2 min\u016btes\" \/>\n<script type=\"application\/ld+json\" class=\"yoast-schema-graph\">{\"@context\":\"https:\/\/schema.org\",\"@graph\":[{\"@type\":\"WebPage\",\"@id\":\"https:\/\/carnitec.com\/lv\/products\/injektors-imax-420\/\",\"url\":\"https:\/\/carnitec.com\/lv\/products\/injektors-imax-420\/\",\"name\":\"Injektors IMAX 420 - Carnitec\",\"isPartOf\":{\"@id\":\"https:\/\/carnitec.com\/lv\/#website\"},\"datePublished\":\"2019-02-27T10:58:34+00:00\",\"dateModified\":\"2019-02-27T10:58:34+00:00\",\"breadcrumb\":{\"@id\":\"https:\/\/carnitec.com\/lv\/products\/injektors-imax-420\/#breadcrumb\"},\"inLanguage\":\"lv-LV\",\"potentialAction\":[{\"@type\":\"ReadAction\",\"target\":[\"https:\/\/carnitec.com\/lv\/products\/injektors-imax-420\/\"]}]},{\"@type\":\"BreadcrumbList\",\"@id\":\"https:\/\/carnitec.com\/lv\/products\/injektors-imax-420\/#breadcrumb\",\"itemListElement\":[{\"@type\":\"ListItem\",\"position\":1,\"name\":\"\u0413\u043b\u0430\u0432\u043d\u0430\u044f \u0441\u0442\u0440\u0430\u043d\u0438\u0446\u0430\",\"item\":\"https:\/\/carnitec.com\/lv\/\"},{\"@type\":\"ListItem\",\"position\":2,\"name\":\"\u0422\u043e\u0432\u0430\u0440\u044b\",\"item\":\"https:\/\/carnitec.com\/shop\/\"},{\"@type\":\"ListItem\",\"position\":3,\"name\":\"Injektors IMAX 420\"}]},{\"@type\":\"WebSite\",\"@id\":\"https:\/\/carnitec.com\/lv\/#website\",\"url\":\"https:\/\/carnitec.com\/lv\/\",\"name\":\"Carnitec\",\"description\":\"P\u0101rtikas r\u016bpniec\u012bbas iek\u0101rtas\",\"publisher\":{\"@id\":\"https:\/\/carnitec.com\/lv\/#organization\"},\"potentialAction\":[{\"@type\":\"SearchAction\",\"target\":{\"@type\":\"EntryPoint\",\"urlTemplate\":\"https:\/\/carnitec.com\/lv\/?s={search_term_string}\"},\"query-input\":\"required name=search_term_string\"}],\"inLanguage\":\"lv-LV\"},{\"@type\":\"Organization\",\"@id\":\"https:\/\/carnitec.com\/lv\/#organization\",\"name\":\"Carnitec - food processing equipment\",\"url\":\"https:\/\/carnitec.com\/lv\/\",\"sameAs\":[\"https:\/\/www.instagram.com\/carnitec\/?hl=en\",\"https:\/\/www.linkedin.com\/company\/carnitec-ltd\/\",\"https:\/\/www.youtube.com\/channel\/UCwfiuJujkF2QxPPZAqB0T2w\",\"https:\/\/facebook.com\/carnitec1\",\"https:\/\/twitter.com\/carnitec_\"],\"logo\":{\"@type\":\"ImageObject\",\"inLanguage\":\"lv-LV\",\"@id\":\"https:\/\/carnitec.com\/lv\/#\/schema\/logo\/image\/\",\"url\":\"http:\/\/carnitec.com\/wp-content\/uploads\/2018\/01\/carnitec_logo_2018.png\",\"contentUrl\":\"http:\/\/carnitec.com\/wp-content\/uploads\/2018\/01\/carnitec_logo_2018.png\",\"width\":180,\"height\":50,\"caption\":\"Carnitec - food processing equipment\"},\"image\":{\"@id\":\"https:\/\/carnitec.com\/lv\/#\/schema\/logo\/image\/\"}}]}<\/script>\n<!-- \/ Yoast SEO plugin. -->","yoast_head_json":{"title":"Injektors IMAX 420 - Carnitec","robots":{"index":"index","follow":"follow","max-snippet":"max-snippet:-1","max-image-preview":"max-image-preview:large","max-video-preview":"max-video-preview:-1"},"canonical":"https:\/\/carnitec.com\/lv\/products\/injektors-imax-420\/","og_locale":"lv_LV","og_type":"article","og_title":"Injektors IMAX 420 - Carnitec","og_description":"IMAX injektoru apr\u012bkojums ir daudzveid\u012bgs un nep\u0101rtraukti att\u012bst\u0101s un papla\u0161in\u0101s desmitgades pieredzes d\u0113\u013c. Tas ietver, piem\u0113ram, meh\u0101nisko un elektrisko izstr\u0101d\u0101jumu atpaz\u012b\u0161anu, vad\u012b\u0161anas m\u0113r\u012bjumus (secin\u0101jumus no s\u0101ls satura s\u0101l\u012bjum\u0101), s\u0101ls\u016bdens l\u012bme\u0146a regul\u0113\u0161anu, sanit\u0101rijas rati\u0146us vai vadotni m\u0101jputniem.","og_url":"https:\/\/carnitec.com\/lv\/products\/injektors-imax-420\/","og_site_name":"Carnitec","article_publisher":"https:\/\/facebook.com\/carnitec1","og_image":[{"width":600,"height":565,"url":"https:\/\/carnitec.com\/wp-content\/uploads\/2018\/07\/IMAX420-01.jpg","type":"image\/jpeg"}],"twitter_card":"summary","twitter_site":"@carnitec_","twitter_misc":{"Est. reading time":"2 min\u016btes"},"schema":{"@context":"https:\/\/schema.org","@graph":[{"@type":"WebPage","@id":"https:\/\/carnitec.com\/lv\/products\/injektors-imax-420\/","url":"https:\/\/carnitec.com\/lv\/products\/injektors-imax-420\/","name":"Injektors IMAX 420 - Carnitec","isPartOf":{"@id":"https:\/\/carnitec.com\/lv\/#website"},"datePublished":"2019-02-27T10:58:34+00:00","dateModified":"2019-02-27T10:58:34+00:00","breadcrumb":{"@id":"https:\/\/carnitec.com\/lv\/products\/injektors-imax-420\/#breadcrumb"},"inLanguage":"lv-LV","potentialAction":[{"@type":"ReadAction","target":["https:\/\/carnitec.com\/lv\/products\/injektors-imax-420\/"]}]},{"@type":"BreadcrumbList","@id":"https:\/\/carnitec.com\/lv\/products\/injektors-imax-420\/#breadcrumb","itemListElement":[{"@type":"ListItem","position":1,"name":"\u0413\u043b\u0430\u0432\u043d\u0430\u044f \u0441\u0442\u0440\u0430\u043d\u0438\u0446\u0430","item":"https:\/\/carnitec.com\/lv\/"},{"@type":"ListItem","position":2,"name":"\u0422\u043e\u0432\u0430\u0440\u044b","item":"https:\/\/carnitec.com\/shop\/"},{"@type":"ListItem","position":3,"name":"Injektors IMAX 420"}]},{"@type":"WebSite","@id":"https:\/\/carnitec.com\/lv\/#website","url":"https:\/\/carnitec.com\/lv\/","name":"Carnitec","description":"P\u0101rtikas r\u016bpniec\u012bbas iek\u0101rtas","publisher":{"@id":"https:\/\/carnitec.com\/lv\/#organization"},"potentialAction":[{"@type":"SearchAction","target":{"@type":"EntryPoint","urlTemplate":"https:\/\/carnitec.com\/lv\/?s={search_term_string}"},"query-input":"required name=search_term_string"}],"inLanguage":"lv-LV"},{"@type":"Organization","@id":"https:\/\/carnitec.com\/lv\/#organization","name":"Carnitec - food processing equipment","url":"https:\/\/carnitec.com\/lv\/","sameAs":["https:\/\/www.instagram.com\/carnitec\/?hl=en","https:\/\/www.linkedin.com\/company\/carnitec-ltd\/","https:\/\/www.youtube.com\/channel\/UCwfiuJujkF2QxPPZAqB0T2w","https:\/\/facebook.com\/carnitec1","https:\/\/twitter.com\/carnitec_"],"logo":{"@type":"ImageObject","inLanguage":"lv-LV","@id":"https:\/\/carnitec.com\/lv\/#\/schema\/logo\/image\/","url":"http:\/\/carnitec.com\/wp-content\/uploads\/2018\/01\/carnitec_logo_2018.png","contentUrl":"http:\/\/carnitec.com\/wp-content\/uploads\/2018\/01\/carnitec_logo_2018.png","width":180,"height":50,"caption":"Carnitec - food processing equipment"},"image":{"@id":"https:\/\/carnitec.com\/lv\/#\/schema\/logo\/image\/"}}]}},"_links":{"self":[{"href":"https:\/\/carnitec.com\/lv\/wp-json\/wp\/v2\/product\/43898"}],"collection":[{"href":"https:\/\/carnitec.com\/lv\/wp-json\/wp\/v2\/product"}],"about":[{"href":"https:\/\/carnitec.com\/lv\/wp-json\/wp\/v2\/types\/product"}],"wp:featuredmedia":[{"embeddable":true,"href":"https:\/\/carnitec.com\/lv\/wp-json\/wp\/v2\/media\/42206"}],"wp:attachment":[{"href":"https:\/\/carnitec.com\/lv\/wp-json\/wp\/v2\/media?parent=43898"}],"wp:term":[{"taxonomy":"product_cat","embeddable":true,"href":"https:\/\/carnitec.com\/lv\/wp-json\/wp\/v2\/product_cat?post=43898"},{"taxonomy":"product_tag","embeddable":true,"href":"https:\/\/carnitec.com\/lv\/wp-json\/wp\/v2\/product_tag?post=43898"}],"curies":[{"name":"wp","href":"https:\/\/api.w.org\/{rel}","templated":true}]}}