{"id":43891,"date":"2019-02-26T11:03:43","date_gmt":"2019-02-26T13:28:33","guid":{"rendered":"http:\/\/carnitec.com\/?post_type=product&#038;p=43891"},"modified":"2019-02-26T15:28:33","modified_gmt":"2019-02-26T13:28:33","slug":"universals-griesanas-nazis-efa-805","status":"publish","type":"product","link":"https:\/\/carnitec.com\/lv\/products\/universals-griesanas-nazis-efa-805\/","title":{"rendered":"Univers\u0101ls grie\u0161anas nazis EFA 805"},"content":{"rendered":"<p>&nbsp;<\/p>\n<p>Daudzfunkcion\u0101ls nazis ar da\u017e\u0101d\u0101m grie\u0161anas mal\u0101m (nazis ga\u013cas izcir\u0161anai \/ grie\u0161anai, nazis zivju grie\u0161anai, d\u0101rze\u0146u nazis, cep\u0161anas nazis)<\/p>\n<p><iframe loading=\"lazy\" title=\"EFA 805 konv\" width=\"640\" height=\"360\" src=\"https:\/\/www.youtube.com\/embed\/vyQJ-elzxTk?feature=oembed\" frameborder=\"0\" allow=\"accelerometer; autoplay; clipboard-write; encrypted-media; gyroscope; picture-in-picture\" allowfullscreen><\/iframe><\/p>\n<p><strong>Raksturojums:<\/strong><\/p>\n<p>Jauda ir 300 W<br \/>\n9 mm g\u0101jiens<br \/>\nStroke frekvence max. 200 Hz<br \/>\nDarba spiediens 6 b\u0101ri<br \/>\nGaisa pl\u016bsma 0,25 m\u00b3 \/ min<br \/>\nSvars 0,7 kg<\/p>\n<p><strong>Papildu asme\u0146i:<\/strong><\/p>\n<p>Nazis ga\u013cas grie\u0161anai 140 mm<br \/>\nNazis zivju grie\u0161anai 300 mm<br \/>\nNazis d\u0101rze\u0146u grie\u0161anai<br \/>\nNazis maizes izstr\u0101d\u0101jumu grie\u0161anai 300 mm<\/p>\n<p><img class=\"alignnone size-medium wp-image-43859\" src=\"http:\/\/carnitec.com\/wp-content\/uploads\/2019\/02\/knifves40a7866b07-2x-300x185.jpg\" alt=\"EFA 805\" width=\"300\" height=\"185\" \/><\/p>\n","protected":false},"excerpt":{"rendered":"<p>Univers\u0101ls pneimatiskais nazis<\/p>\n","protected":false},"featured_media":43853,"template":"","meta":{"content-type":"","_monsterinsights_skip_tracking":false,"_monsterinsights_sitenote_active":false,"_monsterinsights_sitenote_note":"","_monsterinsights_sitenote_category":0},"product_cat":[951,942],"product_tag":[],"yoast_head":"<!-- This site is optimized with the Yoast SEO plugin v19.5.1 - https:\/\/yoast.com\/wordpress\/plugins\/seo\/ -->\n<title>Univers\u0101ls grie\u0161anas nazis EFA 805 - Carnitec<\/title>\n<meta name=\"description\" content=\"Daudzfunkcion\u0101ls nazis ar da\u017e\u0101d\u0101m grie\u0161anas mal\u0101m (nazis ga\u013cas izcir\u0161anai \/ grie\u0161anai, nazis zivju grie\u0161anai, d\u0101rze\u0146u nazis, cep\u0161anas nazis)\" \/>\n<meta name=\"robots\" content=\"index, follow, max-snippet:-1, max-image-preview:large, max-video-preview:-1\" \/>\n<link rel=\"canonical\" href=\"https:\/\/carnitec.com\/lv\/products\/universals-griesanas-nazis-efa-805\/\" \/>\n<meta property=\"og:locale\" content=\"lv_LV\" \/>\n<meta property=\"og:type\" content=\"article\" \/>\n<meta property=\"og:title\" content=\"Univers\u0101ls grie\u0161anas nazis EFA 805 - Carnitec\" \/>\n<meta property=\"og:description\" content=\"Daudzfunkcion\u0101ls nazis ar da\u017e\u0101d\u0101m grie\u0161anas mal\u0101m (nazis ga\u013cas izcir\u0161anai \/ grie\u0161anai, nazis zivju grie\u0161anai, d\u0101rze\u0146u nazis, cep\u0161anas nazis)\" \/>\n<meta property=\"og:url\" content=\"https:\/\/carnitec.com\/lv\/products\/universals-griesanas-nazis-efa-805\/\" \/>\n<meta property=\"og:site_name\" content=\"Carnitec\" \/>\n<meta property=\"article:publisher\" content=\"https:\/\/facebook.com\/carnitec1\" \/>\n<meta property=\"og:image\" content=\"https:\/\/carnitec.com\/wp-content\/uploads\/2019\/02\/EFA-805.jpg\" \/>\n\t<meta property=\"og:image:width\" content=\"601\" \/>\n\t<meta property=\"og:image:height\" content=\"270\" \/>\n\t<meta property=\"og:image:type\" content=\"image\/jpeg\" \/>\n<meta name=\"twitter:card\" content=\"summary\" \/>\n<meta name=\"twitter:site\" content=\"@carnitec_\" \/>\n<script type=\"application\/ld+json\" class=\"yoast-schema-graph\">{\"@context\":\"https:\/\/schema.org\",\"@graph\":[{\"@type\":\"WebPage\",\"@id\":\"https:\/\/carnitec.com\/lv\/products\/universals-griesanas-nazis-efa-805\/\",\"url\":\"https:\/\/carnitec.com\/lv\/products\/universals-griesanas-nazis-efa-805\/\",\"name\":\"Univers\u0101ls grie\u0161anas nazis EFA 805 - Carnitec\",\"isPartOf\":{\"@id\":\"https:\/\/carnitec.com\/lv\/#website\"},\"datePublished\":\"2019-02-26T13:28:33+00:00\",\"dateModified\":\"2019-02-26T13:28:33+00:00\",\"description\":\"Daudzfunkcion\u0101ls nazis ar da\u017e\u0101d\u0101m grie\u0161anas mal\u0101m (nazis ga\u013cas izcir\u0161anai \/ grie\u0161anai, nazis zivju grie\u0161anai, d\u0101rze\u0146u nazis, cep\u0161anas nazis)\",\"breadcrumb\":{\"@id\":\"https:\/\/carnitec.com\/lv\/products\/universals-griesanas-nazis-efa-805\/#breadcrumb\"},\"inLanguage\":\"lv-LV\",\"potentialAction\":[{\"@type\":\"ReadAction\",\"target\":[\"https:\/\/carnitec.com\/lv\/products\/universals-griesanas-nazis-efa-805\/\"]}]},{\"@type\":\"BreadcrumbList\",\"@id\":\"https:\/\/carnitec.com\/lv\/products\/universals-griesanas-nazis-efa-805\/#breadcrumb\",\"itemListElement\":[{\"@type\":\"ListItem\",\"position\":1,\"name\":\"\u0413\u043b\u0430\u0432\u043d\u0430\u044f \u0441\u0442\u0440\u0430\u043d\u0438\u0446\u0430\",\"item\":\"https:\/\/carnitec.com\/lv\/\"},{\"@type\":\"ListItem\",\"position\":2,\"name\":\"\u0422\u043e\u0432\u0430\u0440\u044b\",\"item\":\"https:\/\/carnitec.com\/shop\/\"},{\"@type\":\"ListItem\",\"position\":3,\"name\":\"Univers\u0101ls grie\u0161anas nazis EFA 805\"}]},{\"@type\":\"WebSite\",\"@id\":\"https:\/\/carnitec.com\/lv\/#website\",\"url\":\"https:\/\/carnitec.com\/lv\/\",\"name\":\"Carnitec\",\"description\":\"P\u0101rtikas r\u016bpniec\u012bbas iek\u0101rtas\",\"publisher\":{\"@id\":\"https:\/\/carnitec.com\/lv\/#organization\"},\"potentialAction\":[{\"@type\":\"SearchAction\",\"target\":{\"@type\":\"EntryPoint\",\"urlTemplate\":\"https:\/\/carnitec.com\/lv\/?s={search_term_string}\"},\"query-input\":\"required name=search_term_string\"}],\"inLanguage\":\"lv-LV\"},{\"@type\":\"Organization\",\"@id\":\"https:\/\/carnitec.com\/lv\/#organization\",\"name\":\"Carnitec - food processing equipment\",\"url\":\"https:\/\/carnitec.com\/lv\/\",\"sameAs\":[\"https:\/\/www.instagram.com\/carnitec\/?hl=en\",\"https:\/\/www.linkedin.com\/company\/carnitec-ltd\/\",\"https:\/\/www.youtube.com\/channel\/UCwfiuJujkF2QxPPZAqB0T2w\",\"https:\/\/facebook.com\/carnitec1\",\"https:\/\/twitter.com\/carnitec_\"],\"logo\":{\"@type\":\"ImageObject\",\"inLanguage\":\"lv-LV\",\"@id\":\"https:\/\/carnitec.com\/lv\/#\/schema\/logo\/image\/\",\"url\":\"http:\/\/carnitec.com\/wp-content\/uploads\/2018\/01\/carnitec_logo_2018.png\",\"contentUrl\":\"http:\/\/carnitec.com\/wp-content\/uploads\/2018\/01\/carnitec_logo_2018.png\",\"width\":180,\"height\":50,\"caption\":\"Carnitec - food processing equipment\"},\"image\":{\"@id\":\"https:\/\/carnitec.com\/lv\/#\/schema\/logo\/image\/\"}}]}<\/script>\n<!-- \/ Yoast SEO plugin. -->","yoast_head_json":{"title":"Univers\u0101ls grie\u0161anas nazis EFA 805 - Carnitec","description":"Daudzfunkcion\u0101ls nazis ar da\u017e\u0101d\u0101m grie\u0161anas mal\u0101m (nazis ga\u013cas izcir\u0161anai \/ grie\u0161anai, nazis zivju grie\u0161anai, d\u0101rze\u0146u nazis, cep\u0161anas nazis)","robots":{"index":"index","follow":"follow","max-snippet":"max-snippet:-1","max-image-preview":"max-image-preview:large","max-video-preview":"max-video-preview:-1"},"canonical":"https:\/\/carnitec.com\/lv\/products\/universals-griesanas-nazis-efa-805\/","og_locale":"lv_LV","og_type":"article","og_title":"Univers\u0101ls grie\u0161anas nazis EFA 805 - Carnitec","og_description":"Daudzfunkcion\u0101ls nazis ar da\u017e\u0101d\u0101m grie\u0161anas mal\u0101m (nazis ga\u013cas izcir\u0161anai \/ grie\u0161anai, nazis zivju grie\u0161anai, d\u0101rze\u0146u nazis, cep\u0161anas nazis)","og_url":"https:\/\/carnitec.com\/lv\/products\/universals-griesanas-nazis-efa-805\/","og_site_name":"Carnitec","article_publisher":"https:\/\/facebook.com\/carnitec1","og_image":[{"width":601,"height":270,"url":"https:\/\/carnitec.com\/wp-content\/uploads\/2019\/02\/EFA-805.jpg","type":"image\/jpeg"}],"twitter_card":"summary","twitter_site":"@carnitec_","schema":{"@context":"https:\/\/schema.org","@graph":[{"@type":"WebPage","@id":"https:\/\/carnitec.com\/lv\/products\/universals-griesanas-nazis-efa-805\/","url":"https:\/\/carnitec.com\/lv\/products\/universals-griesanas-nazis-efa-805\/","name":"Univers\u0101ls grie\u0161anas nazis EFA 805 - Carnitec","isPartOf":{"@id":"https:\/\/carnitec.com\/lv\/#website"},"datePublished":"2019-02-26T13:28:33+00:00","dateModified":"2019-02-26T13:28:33+00:00","description":"Daudzfunkcion\u0101ls nazis ar da\u017e\u0101d\u0101m grie\u0161anas mal\u0101m (nazis ga\u013cas izcir\u0161anai \/ grie\u0161anai, nazis zivju grie\u0161anai, d\u0101rze\u0146u nazis, cep\u0161anas nazis)","breadcrumb":{"@id":"https:\/\/carnitec.com\/lv\/products\/universals-griesanas-nazis-efa-805\/#breadcrumb"},"inLanguage":"lv-LV","potentialAction":[{"@type":"ReadAction","target":["https:\/\/carnitec.com\/lv\/products\/universals-griesanas-nazis-efa-805\/"]}]},{"@type":"BreadcrumbList","@id":"https:\/\/carnitec.com\/lv\/products\/universals-griesanas-nazis-efa-805\/#breadcrumb","itemListElement":[{"@type":"ListItem","position":1,"name":"\u0413\u043b\u0430\u0432\u043d\u0430\u044f \u0441\u0442\u0440\u0430\u043d\u0438\u0446\u0430","item":"https:\/\/carnitec.com\/lv\/"},{"@type":"ListItem","position":2,"name":"\u0422\u043e\u0432\u0430\u0440\u044b","item":"https:\/\/carnitec.com\/shop\/"},{"@type":"ListItem","position":3,"name":"Univers\u0101ls grie\u0161anas nazis EFA 805"}]},{"@type":"WebSite","@id":"https:\/\/carnitec.com\/lv\/#website","url":"https:\/\/carnitec.com\/lv\/","name":"Carnitec","description":"P\u0101rtikas r\u016bpniec\u012bbas iek\u0101rtas","publisher":{"@id":"https:\/\/carnitec.com\/lv\/#organization"},"potentialAction":[{"@type":"SearchAction","target":{"@type":"EntryPoint","urlTemplate":"https:\/\/carnitec.com\/lv\/?s={search_term_string}"},"query-input":"required name=search_term_string"}],"inLanguage":"lv-LV"},{"@type":"Organization","@id":"https:\/\/carnitec.com\/lv\/#organization","name":"Carnitec - food processing equipment","url":"https:\/\/carnitec.com\/lv\/","sameAs":["https:\/\/www.instagram.com\/carnitec\/?hl=en","https:\/\/www.linkedin.com\/company\/carnitec-ltd\/","https:\/\/www.youtube.com\/channel\/UCwfiuJujkF2QxPPZAqB0T2w","https:\/\/facebook.com\/carnitec1","https:\/\/twitter.com\/carnitec_"],"logo":{"@type":"ImageObject","inLanguage":"lv-LV","@id":"https:\/\/carnitec.com\/lv\/#\/schema\/logo\/image\/","url":"http:\/\/carnitec.com\/wp-content\/uploads\/2018\/01\/carnitec_logo_2018.png","contentUrl":"http:\/\/carnitec.com\/wp-content\/uploads\/2018\/01\/carnitec_logo_2018.png","width":180,"height":50,"caption":"Carnitec - food processing equipment"},"image":{"@id":"https:\/\/carnitec.com\/lv\/#\/schema\/logo\/image\/"}}]}},"_links":{"self":[{"href":"https:\/\/carnitec.com\/lv\/wp-json\/wp\/v2\/product\/43891"}],"collection":[{"href":"https:\/\/carnitec.com\/lv\/wp-json\/wp\/v2\/product"}],"about":[{"href":"https:\/\/carnitec.com\/lv\/wp-json\/wp\/v2\/types\/product"}],"wp:featuredmedia":[{"embeddable":true,"href":"https:\/\/carnitec.com\/lv\/wp-json\/wp\/v2\/media\/43853"}],"wp:attachment":[{"href":"https:\/\/carnitec.com\/lv\/wp-json\/wp\/v2\/media?parent=43891"}],"wp:term":[{"taxonomy":"product_cat","embeddable":true,"href":"https:\/\/carnitec.com\/lv\/wp-json\/wp\/v2\/product_cat?post=43891"},{"taxonomy":"product_tag","embeddable":true,"href":"https:\/\/carnitec.com\/lv\/wp-json\/wp\/v2\/product_tag?post=43891"}],"curies":[{"name":"wp","href":"https:\/\/api.w.org\/{rel}","templated":true}]}}