{"id":43799,"date":"2019-02-22T13:26:54","date_gmt":"2019-02-22T13:19:44","guid":{"rendered":"http:\/\/carnitec.com\/?post_type=product&#038;p=43799"},"modified":"2019-02-22T15:19:44","modified_gmt":"2019-02-22T13:19:44","slug":"termoformeris-reeform-e40","status":"publish","type":"product","link":"https:\/\/carnitec.com\/lv\/products\/termoformeris-reeform-e40\/","title":{"rendered":"Termoformeris REEFORM E40"},"content":{"rendered":"<p>\u201cE \u201c un \u201c T \u201c Termoform\u0113jo\u0161\u0101s iek\u0101rtas modeli ir jaunas It\u0101lijas ra\u017eot\u0101ja REEPACK izstr\u0101des. Ma\u0161\u012bnas korpuss un segumi no ner\u016bs\u0113jo\u0161a t\u0113rauda \u0113rtai uzkop\u0161anai agres\u012bv\u0101 vid\u0113. Viegli atverams r\u0101mis \u013cauj viegli veikt visas ma\u0161\u012bnas da\u013cas p\u0101rbaudes un veikt nepiecie\u0161amas izmai\u0146as vai noregul\u0113\u0161anas. Visas sist\u0113mas ir k\u0101rt\u012bgi uzst\u0101d\u012bti ma\u0161\u012bnas r\u0101m\u012b un ir aizsarg\u0101ti no jebk\u0101da boj\u0101juma. Lietot\u0101jdraudz\u012bgs vad\u012bbas panelis \u013cauj operatoram veikt noregul\u0113\u0161anas un programe\u0161anu. Br\u012bvi programm\u0113tas kust\u012bbas dod maksim\u0101lo lok\u0101m\u012bbu darb\u0101 ar da\u017e\u0101diem form\u0101tiem un produktiem. Iesp\u0113jams apr\u012bkot ma\u0161\u012bnu ar da\u017e\u0101diem aksesu\u0101riem lai papla\u0161in\u0101t iepako\u0161anas procesu<\/p>\n<div class=\"embed-responsive embed-responsive-16by9\"><iframe loading=\"lazy\" title=\"REEFORM E40 Thermoforming Machine - Cheese packaging\" width=\"640\" height=\"360\" src=\"https:\/\/www.youtube.com\/embed\/3rWuHanrEN0?feature=oembed\" frameborder=\"0\" allow=\"accelerometer; autoplay; clipboard-write; encrypted-media; gyroscope; picture-in-picture\" allowfullscreen><\/iframe><\/div>\n<div class=\"phenom-desc\">\n<div class=\"comment-container\">\n<div class=\"action-comment markeddown js-comment\" dir=\"auto\">\n<div class=\"current-comment js-friendly-links js-open-card\">\n<p>Termoveido\u0161anas iepako\u0161anas ma\u0161\u012bnas REEPACK \u201eE\u201d nu \u201eT\u201d tas ir jauni izstr\u0101d\u0101jumi, kurus komp\u0101nija ieviesa, izmantojot p\u0113d\u0113jo gadu laik\u0101 pieredzi dota nozar\u0113. R\u0101ma un ma\u0161\u012bnas p\u0101rkl\u0101jums ir izgatavots no ner\u016bs\u0113jo\u0161a t\u0113rauda, kas nodro\u0161ina \u0113rtu apkalpo\u0161anu un higi\u0113nas iev\u0113ro\u0161anu agres\u012bva vid\u0113.<\/p>\n<\/div>\n<\/div>\n<\/div>\n<\/div>\n<div id='gallery-1' class='gallery galleryid-43799 gallery-columns-3 gallery-size-thumbnail'><figure class='gallery-item'>\n\t\t\t<div class='gallery-icon landscape'>\n\t\t\t\t<a href='https:\/\/carnitec.com\/wp-content\/uploads\/2019\/02\/eurohole_thermo.png' title=\"\" data-rl_title=\"\" class=\"rl-gallery-link\" data-rl_caption=\"\" data-rel=\"lightbox-gallery-1\"><img width=\"150\" height=\"109\" src=\"https:\/\/carnitec.com\/wp-content\/uploads\/2019\/02\/eurohole_thermo.png\" class=\"attachment-thumbnail size-thumbnail\" alt=\"\" aria-describedby=\"gallery-1-43791\" \/><\/a>\n\t\t\t<\/div>\n\t\t\t\t<figcaption class='wp-caption-text gallery-caption' id='gallery-1-43791'>\n\t\t\t\teurohole_thermo\n\t\t\t\t<\/figcaption><\/figure><figure class='gallery-item'>\n\t\t\t<div class='gallery-icon landscape'>\n\t\t\t\t<a href='https:\/\/carnitec.com\/wp-content\/uploads\/2019\/02\/thermo_sliced.jpg' title=\"\" data-rl_title=\"\" class=\"rl-gallery-link\" data-rl_caption=\"\" data-rel=\"lightbox-gallery-1\"><img width=\"150\" height=\"68\" src=\"https:\/\/carnitec.com\/wp-content\/uploads\/2019\/02\/thermo_sliced.jpg\" class=\"attachment-thumbnail size-thumbnail\" alt=\"\" aria-describedby=\"gallery-1-43787\" \/><\/a>\n\t\t\t<\/div>\n\t\t\t\t<figcaption class='wp-caption-text gallery-caption' id='gallery-1-43787'>\n\t\t\t\tthermo_sliced\n\t\t\t\t<\/figcaption><\/figure><figure class='gallery-item'>\n\t\t\t<div class='gallery-icon landscape'>\n\t\t\t\t<a href='https:\/\/carnitec.com\/wp-content\/uploads\/2019\/02\/thermo_speck.jpg' title=\"\" data-rl_title=\"\" class=\"rl-gallery-link\" data-rl_caption=\"\" data-rel=\"lightbox-gallery-1\"><img width=\"150\" height=\"86\" src=\"https:\/\/carnitec.com\/wp-content\/uploads\/2019\/02\/thermo_speck.jpg\" class=\"attachment-thumbnail size-thumbnail\" alt=\"\" aria-describedby=\"gallery-1-43783\" \/><\/a>\n\t\t\t<\/div>\n\t\t\t\t<figcaption class='wp-caption-text gallery-caption' id='gallery-1-43783'>\n\t\t\t\tthermo_speck\n\t\t\t\t<\/figcaption><\/figure>\n\t\t<\/div>\n\n<p>Viegli no\u0146emams r\u0101mis dod iesp\u0113ju p\u0101rbaud\u012bts visas deta\u013cas un veikt vajadz\u012bgu remontu vai noskan\u0113\u0161anu ma\u0161\u012bn\u0101. Visas sist\u0113mas ir k\u0101rt\u012bgi ieb\u016bv\u0113ti ma\u0161\u012bnas r\u0101m\u012b un aizsarkti no boj\u0101jumiem. \u0112rts vad\u012bbas panelis \u013cauj operatoram viegli vad\u012bt ma\u0161\u012bnu un main\u012bt da\u017e\u0101das ra\u017eo\u0161anas programmas. Ieprogramm\u0113tas br\u012bvas kust\u012bbas nodro\u0161ina elast\u012bgumu uzst\u0101d\u012bjumos. Ir iesp\u0113jams uzst\u0101d\u012bt papildu ier\u012bci, lai papla\u0161in\u0101t ma\u0161\u012bnas funkcijas.<\/p>\n<p>&nbsp;<\/p>\n<p><strong>Tehniskie dati<\/strong><\/p>\n<p>Ma\u0161\u012bnas garums 4150mm<br \/>\nMa\u0161\u012bnas platums 1070mm<br \/>\nMa\u0161\u012bnas augstums 1700mm<br \/>\nApgriez\u0161anas garums 200mm 240mm 270mm 300mm<br \/>\nApak\u0161a pl\u0113ve 320mm &#8211; 360mm &#8211; 420mm<br \/>\nProdukta iekrau\u0161anas zona 1000mm 1200mm 1080mm 1200mm<br \/>\nBr\u012bva poz\u012bcija 5 5 4 4<br \/>\nTermoform\u0113\u0161anas dzi\u013cums max. 120mm\u00a0<em><br \/>\nMa\u0161\u012bnas cikls no 5 l\u012bdz 10 cikli\/min.\u00a0<\/em><br \/>\nGaisa spiediens 6 &#8211; 10 bar ( 600-1200 Nl\/min. )<br \/>\nJauda 8 &#8211; 18 Kw<br \/>\n\u016adens pat\u0113ri\u0146\u0161 60 &#8211; 90 L\/h &#8211; 1,5 &#8211; 2,5 BAR (18 &#8211; 22\u00b0C )<br \/>\nAizsardz\u012bbas kategorija IP 65<br \/>\nSvars 1200 &#8211; 1400 Kg<\/p>\n","protected":false},"excerpt":{"rendered":"<p>\u201cE \u201c un \u201c T \u201c Termoform\u0113jo\u0161\u0101s iek\u0101rtas modeli ir jaunas It\u0101lijas ra\u017eot\u0101ja REEPACK izstr\u0101des. Ma\u0161\u012bnas korpuss un segumi no ner\u016bs\u0113jo\u0161a t\u0113rauda \u0113rtai uzkop\u0161anai agres\u012bv\u0101 vid\u0113. Viegli atverams r\u0101mis \u013cauj viegli veikt visas ma\u0161\u012bnas da\u013cas p\u0101rbaudes un veikt nepiecie\u0161amas izmai\u0146as vai noregul\u0113\u0161anas.<\/p>\n","protected":false},"featured_media":43779,"template":"","meta":{"content-type":"","_monsterinsights_skip_tracking":false,"_monsterinsights_sitenote_active":false,"_monsterinsights_sitenote_note":"","_monsterinsights_sitenote_category":0},"product_cat":[975],"product_tag":[],"yoast_head":"<!-- This site is optimized with the Yoast SEO plugin v19.5.1 - https:\/\/yoast.com\/wordpress\/plugins\/seo\/ -->\n<title>Termoformeris REEFORM E40 - Carnitec<\/title>\n<meta name=\"description\" content=\"Termoveido\u0161anas iepako\u0161anas ma\u0161\u012bnas REEPACK \u201eE\u201d nu \u201eT\u201d tas ir jauni izstr\u0101d\u0101jumi, kurus komp\u0101nija ieviesa, izmantojot p\u0113d\u0113jo gadu laik\u0101 pieredzi dota nozar\u0113.\" \/>\n<meta name=\"robots\" content=\"index, follow, max-snippet:-1, max-image-preview:large, max-video-preview:-1\" \/>\n<link rel=\"canonical\" href=\"https:\/\/carnitec.com\/lv\/products\/termoformeris-reeform-e40\/\" \/>\n<meta property=\"og:locale\" content=\"lv_LV\" \/>\n<meta property=\"og:type\" content=\"article\" \/>\n<meta property=\"og:title\" content=\"Termoformeris REEFORM E40 - Carnitec\" \/>\n<meta property=\"og:description\" content=\"Termoveido\u0161anas iepako\u0161anas ma\u0161\u012bnas REEPACK \u201eE\u201d nu \u201eT\u201d tas ir jauni izstr\u0101d\u0101jumi, kurus komp\u0101nija ieviesa, izmantojot p\u0113d\u0113jo gadu laik\u0101 pieredzi dota nozar\u0113.\" \/>\n<meta property=\"og:url\" content=\"https:\/\/carnitec.com\/lv\/products\/termoformeris-reeform-e40\/\" \/>\n<meta property=\"og:site_name\" content=\"Carnitec\" \/>\n<meta property=\"article:publisher\" content=\"https:\/\/facebook.com\/carnitec1\" \/>\n<meta property=\"og:image\" content=\"https:\/\/carnitec.com\/wp-content\/uploads\/2019\/02\/REEFORM_E40.jpg\" \/>\n\t<meta property=\"og:image:width\" content=\"800\" \/>\n\t<meta property=\"og:image:height\" content=\"800\" \/>\n\t<meta property=\"og:image:type\" content=\"image\/jpeg\" \/>\n<meta name=\"twitter:card\" content=\"summary\" \/>\n<meta name=\"twitter:site\" content=\"@carnitec_\" \/>\n<meta name=\"twitter:label1\" content=\"Est. reading time\" \/>\n\t<meta name=\"twitter:data1\" content=\"2 min\u016btes\" \/>\n<script type=\"application\/ld+json\" class=\"yoast-schema-graph\">{\"@context\":\"https:\/\/schema.org\",\"@graph\":[{\"@type\":\"WebPage\",\"@id\":\"https:\/\/carnitec.com\/lv\/products\/termoformeris-reeform-e40\/\",\"url\":\"https:\/\/carnitec.com\/lv\/products\/termoformeris-reeform-e40\/\",\"name\":\"Termoformeris REEFORM E40 - Carnitec\",\"isPartOf\":{\"@id\":\"https:\/\/carnitec.com\/lv\/#website\"},\"datePublished\":\"2019-02-22T13:19:44+00:00\",\"dateModified\":\"2019-02-22T13:19:44+00:00\",\"description\":\"Termoveido\u0161anas iepako\u0161anas ma\u0161\u012bnas REEPACK \u201eE\u201d nu \u201eT\u201d tas ir jauni izstr\u0101d\u0101jumi, kurus komp\u0101nija ieviesa, izmantojot p\u0113d\u0113jo gadu laik\u0101 pieredzi dota nozar\u0113.\",\"breadcrumb\":{\"@id\":\"https:\/\/carnitec.com\/lv\/products\/termoformeris-reeform-e40\/#breadcrumb\"},\"inLanguage\":\"lv-LV\",\"potentialAction\":[{\"@type\":\"ReadAction\",\"target\":[\"https:\/\/carnitec.com\/lv\/products\/termoformeris-reeform-e40\/\"]}]},{\"@type\":\"BreadcrumbList\",\"@id\":\"https:\/\/carnitec.com\/lv\/products\/termoformeris-reeform-e40\/#breadcrumb\",\"itemListElement\":[{\"@type\":\"ListItem\",\"position\":1,\"name\":\"\u0413\u043b\u0430\u0432\u043d\u0430\u044f \u0441\u0442\u0440\u0430\u043d\u0438\u0446\u0430\",\"item\":\"https:\/\/carnitec.com\/lv\/\"},{\"@type\":\"ListItem\",\"position\":2,\"name\":\"\u0422\u043e\u0432\u0430\u0440\u044b\",\"item\":\"https:\/\/carnitec.com\/shop\/\"},{\"@type\":\"ListItem\",\"position\":3,\"name\":\"Termoformeris REEFORM E40\"}]},{\"@type\":\"WebSite\",\"@id\":\"https:\/\/carnitec.com\/lv\/#website\",\"url\":\"https:\/\/carnitec.com\/lv\/\",\"name\":\"Carnitec\",\"description\":\"P\u0101rtikas r\u016bpniec\u012bbas iek\u0101rtas\",\"publisher\":{\"@id\":\"https:\/\/carnitec.com\/lv\/#organization\"},\"potentialAction\":[{\"@type\":\"SearchAction\",\"target\":{\"@type\":\"EntryPoint\",\"urlTemplate\":\"https:\/\/carnitec.com\/lv\/?s={search_term_string}\"},\"query-input\":\"required name=search_term_string\"}],\"inLanguage\":\"lv-LV\"},{\"@type\":\"Organization\",\"@id\":\"https:\/\/carnitec.com\/lv\/#organization\",\"name\":\"Carnitec - food processing equipment\",\"url\":\"https:\/\/carnitec.com\/lv\/\",\"sameAs\":[\"https:\/\/www.instagram.com\/carnitec\/?hl=en\",\"https:\/\/www.linkedin.com\/company\/carnitec-ltd\/\",\"https:\/\/www.youtube.com\/channel\/UCwfiuJujkF2QxPPZAqB0T2w\",\"https:\/\/facebook.com\/carnitec1\",\"https:\/\/twitter.com\/carnitec_\"],\"logo\":{\"@type\":\"ImageObject\",\"inLanguage\":\"lv-LV\",\"@id\":\"https:\/\/carnitec.com\/lv\/#\/schema\/logo\/image\/\",\"url\":\"http:\/\/carnitec.com\/wp-content\/uploads\/2018\/01\/carnitec_logo_2018.png\",\"contentUrl\":\"http:\/\/carnitec.com\/wp-content\/uploads\/2018\/01\/carnitec_logo_2018.png\",\"width\":180,\"height\":50,\"caption\":\"Carnitec - food processing equipment\"},\"image\":{\"@id\":\"https:\/\/carnitec.com\/lv\/#\/schema\/logo\/image\/\"}}]}<\/script>\n<!-- \/ Yoast SEO plugin. -->","yoast_head_json":{"title":"Termoformeris REEFORM E40 - Carnitec","description":"Termoveido\u0161anas iepako\u0161anas ma\u0161\u012bnas REEPACK \u201eE\u201d nu \u201eT\u201d tas ir jauni izstr\u0101d\u0101jumi, kurus komp\u0101nija ieviesa, izmantojot p\u0113d\u0113jo gadu laik\u0101 pieredzi dota nozar\u0113.","robots":{"index":"index","follow":"follow","max-snippet":"max-snippet:-1","max-image-preview":"max-image-preview:large","max-video-preview":"max-video-preview:-1"},"canonical":"https:\/\/carnitec.com\/lv\/products\/termoformeris-reeform-e40\/","og_locale":"lv_LV","og_type":"article","og_title":"Termoformeris REEFORM E40 - Carnitec","og_description":"Termoveido\u0161anas iepako\u0161anas ma\u0161\u012bnas REEPACK \u201eE\u201d nu \u201eT\u201d tas ir jauni izstr\u0101d\u0101jumi, kurus komp\u0101nija ieviesa, izmantojot p\u0113d\u0113jo gadu laik\u0101 pieredzi dota nozar\u0113.","og_url":"https:\/\/carnitec.com\/lv\/products\/termoformeris-reeform-e40\/","og_site_name":"Carnitec","article_publisher":"https:\/\/facebook.com\/carnitec1","og_image":[{"width":800,"height":800,"url":"https:\/\/carnitec.com\/wp-content\/uploads\/2019\/02\/REEFORM_E40.jpg","type":"image\/jpeg"}],"twitter_card":"summary","twitter_site":"@carnitec_","twitter_misc":{"Est. reading time":"2 min\u016btes"},"schema":{"@context":"https:\/\/schema.org","@graph":[{"@type":"WebPage","@id":"https:\/\/carnitec.com\/lv\/products\/termoformeris-reeform-e40\/","url":"https:\/\/carnitec.com\/lv\/products\/termoformeris-reeform-e40\/","name":"Termoformeris REEFORM E40 - Carnitec","isPartOf":{"@id":"https:\/\/carnitec.com\/lv\/#website"},"datePublished":"2019-02-22T13:19:44+00:00","dateModified":"2019-02-22T13:19:44+00:00","description":"Termoveido\u0161anas iepako\u0161anas ma\u0161\u012bnas REEPACK \u201eE\u201d nu \u201eT\u201d tas ir jauni izstr\u0101d\u0101jumi, kurus komp\u0101nija ieviesa, izmantojot p\u0113d\u0113jo gadu laik\u0101 pieredzi dota nozar\u0113.","breadcrumb":{"@id":"https:\/\/carnitec.com\/lv\/products\/termoformeris-reeform-e40\/#breadcrumb"},"inLanguage":"lv-LV","potentialAction":[{"@type":"ReadAction","target":["https:\/\/carnitec.com\/lv\/products\/termoformeris-reeform-e40\/"]}]},{"@type":"BreadcrumbList","@id":"https:\/\/carnitec.com\/lv\/products\/termoformeris-reeform-e40\/#breadcrumb","itemListElement":[{"@type":"ListItem","position":1,"name":"\u0413\u043b\u0430\u0432\u043d\u0430\u044f \u0441\u0442\u0440\u0430\u043d\u0438\u0446\u0430","item":"https:\/\/carnitec.com\/lv\/"},{"@type":"ListItem","position":2,"name":"\u0422\u043e\u0432\u0430\u0440\u044b","item":"https:\/\/carnitec.com\/shop\/"},{"@type":"ListItem","position":3,"name":"Termoformeris REEFORM E40"}]},{"@type":"WebSite","@id":"https:\/\/carnitec.com\/lv\/#website","url":"https:\/\/carnitec.com\/lv\/","name":"Carnitec","description":"P\u0101rtikas r\u016bpniec\u012bbas iek\u0101rtas","publisher":{"@id":"https:\/\/carnitec.com\/lv\/#organization"},"potentialAction":[{"@type":"SearchAction","target":{"@type":"EntryPoint","urlTemplate":"https:\/\/carnitec.com\/lv\/?s={search_term_string}"},"query-input":"required name=search_term_string"}],"inLanguage":"lv-LV"},{"@type":"Organization","@id":"https:\/\/carnitec.com\/lv\/#organization","name":"Carnitec - food processing equipment","url":"https:\/\/carnitec.com\/lv\/","sameAs":["https:\/\/www.instagram.com\/carnitec\/?hl=en","https:\/\/www.linkedin.com\/company\/carnitec-ltd\/","https:\/\/www.youtube.com\/channel\/UCwfiuJujkF2QxPPZAqB0T2w","https:\/\/facebook.com\/carnitec1","https:\/\/twitter.com\/carnitec_"],"logo":{"@type":"ImageObject","inLanguage":"lv-LV","@id":"https:\/\/carnitec.com\/lv\/#\/schema\/logo\/image\/","url":"http:\/\/carnitec.com\/wp-content\/uploads\/2018\/01\/carnitec_logo_2018.png","contentUrl":"http:\/\/carnitec.com\/wp-content\/uploads\/2018\/01\/carnitec_logo_2018.png","width":180,"height":50,"caption":"Carnitec - food processing equipment"},"image":{"@id":"https:\/\/carnitec.com\/lv\/#\/schema\/logo\/image\/"}}]}},"_links":{"self":[{"href":"https:\/\/carnitec.com\/lv\/wp-json\/wp\/v2\/product\/43799"}],"collection":[{"href":"https:\/\/carnitec.com\/lv\/wp-json\/wp\/v2\/product"}],"about":[{"href":"https:\/\/carnitec.com\/lv\/wp-json\/wp\/v2\/types\/product"}],"wp:featuredmedia":[{"embeddable":true,"href":"https:\/\/carnitec.com\/lv\/wp-json\/wp\/v2\/media\/43779"}],"wp:attachment":[{"href":"https:\/\/carnitec.com\/lv\/wp-json\/wp\/v2\/media?parent=43799"}],"wp:term":[{"taxonomy":"product_cat","embeddable":true,"href":"https:\/\/carnitec.com\/lv\/wp-json\/wp\/v2\/product_cat?post=43799"},{"taxonomy":"product_tag","embeddable":true,"href":"https:\/\/carnitec.com\/lv\/wp-json\/wp\/v2\/product_tag?post=43799"}],"curies":[{"name":"wp","href":"https:\/\/api.w.org\/{rel}","templated":true}]}}