{"id":43798,"date":"2019-02-22T14:43:14","date_gmt":"2019-02-22T12:58:41","guid":{"rendered":"http:\/\/carnitec.com\/?post_type=product&#038;p=43798"},"modified":"2019-02-22T14:58:41","modified_gmt":"2019-02-22T12:58:41","slug":"automatic-checkweighers-cw-4000-series","status":"publish","type":"product","link":"https:\/\/carnitec.com\/lv\/products\/automatic-checkweighers-cw-4000-series\/","title":{"rendered":"AUTOMATIC CHECKWEIGHERS CW-4000 SERIES"},"content":{"rendered":"<div class=\"page-header text-center\">\n<div class=\"row\">\n<div class=\"col-md-10 col-md-offset-1\">\n<div class=\"intro lead\">\n<p>Autom\u0101tisk\u0101 iek\u0101rta, lai p\u0101rliecin\u0101tos, ka produkta svars ir noteikt\u0101 svara diapazon\u0101.<\/p>\n<p><strong>Rindas atkar\u012bb\u0101 no sv\u0113r\u0161anas konveijera lieluma:<\/strong><\/p>\n<p>6 kg \/ 2 g vai 10 kg \/ 5 g ar konveijeru l\u012bdz L400 x W400 mm.<br \/>\n15 kg \/ 5 g, 20 kg \/ 10 g, 30 kg \/ 10 g, 40 kg \/ 20 g vai 60 kg \/ 20 g ar konveijeru l\u012bdz L600 x W500 mm.<\/p>\n<p><strong>Noraid\u012b\u0161anas sist\u0113mas veids:<\/strong><\/p>\n<p>&#8220;Air-jet\u00ae&#8221;;<br \/>\nPneimatiskais virzulis;<br \/>\nRot\u0113jo\u0161s asmens;<br \/>\nSaliekamais konveijers;<\/p>\n<p><strong>PC programmat\u016bra:<\/strong><\/p>\n<p>RMS: aparat\u016bras konfigur\u0101cijai, ra\u017eo\u0161anas datu p\u0101rvald\u012bbai un dubl\u0113\u0161anai (LBS);<br \/>\nDCS: ra\u017eo\u0161anas datu p\u0101rvald\u012bbai;<\/p>\n<p><strong>Jauda un saspiests gaiss:<\/strong><\/p>\n<p>Elektrisk\u0101s iek\u0101rtas: 230 V \/ 50 Hz; 115 V \/ 60 Hz;<br \/>\nGaiss: maks. 150 l \/ min (pie 5-8 bar) (ja noraid\u012b\u0161anas sist\u0113ma ir iesl\u0113gta);<\/p>\n<div class=\"embed-responsive embed-responsive-16by9\"><iframe loading=\"lazy\" title=\"\u0427\u0435\u043a\u0432\u0435\u0439\u0435\u0440 DIBAL \u043a\u043e\u043d\u0442\u0440\u043e\u043b\u044c \u043f\u0430\u0448\u0442\u0435\u0442\u0430\" width=\"640\" height=\"360\" src=\"https:\/\/www.youtube.com\/embed\/ywjBtckeKds?feature=oembed\" frameborder=\"0\" allow=\"accelerometer; autoplay; clipboard-write; encrypted-media; gyroscope; picture-in-picture\" allowfullscreen><\/iframe><\/div>\n<p>Dibal str\u0101d\u0101 profesion\u0101\u013ci, kas cie\u0161i sadarbojas ar m\u016bsu klientiem, lai izstr\u0101d\u0101tu, izstr\u0101d\u0101tu un ra\u017eotu piel\u0101gotus risin\u0101jumus atbilsto\u0161i sav\u0101m vajadz\u012bb\u0101m.<\/p>\n<\/div>\n<\/div>\n<\/div>\n<\/div>\n","protected":false},"excerpt":{"rendered":"<div class=\"page-header text-center\">\n<div class=\"row\">\n<div class=\"col-md-10 col-md-offset-1\">\n<div class=\"intro lead\">Automatic equipment to check that a product\u2019s weight is within a defined weight range.<\/div>\n<\/div>\n<\/div>\n<\/div>\n","protected":false},"featured_media":43756,"template":"","meta":{"content-type":"","_monsterinsights_skip_tracking":false,"_monsterinsights_sitenote_active":false,"_monsterinsights_sitenote_note":"","_monsterinsights_sitenote_category":0},"product_cat":[973],"product_tag":[],"yoast_head":"<!-- This site is optimized with the Yoast SEO plugin v19.5.1 - https:\/\/yoast.com\/wordpress\/plugins\/seo\/ -->\n<title>AUTOMATIC CHECKWEIGHERS CW-4000 SERIES - Carnitec<\/title>\n<meta name=\"description\" content=\"Autom\u0101tisk\u0101 iek\u0101rta, lai p\u0101rliecin\u0101tos, ka produkta svars ir noteikt\u0101 svara diapazon\u0101.\" \/>\n<meta name=\"robots\" content=\"index, follow, max-snippet:-1, max-image-preview:large, max-video-preview:-1\" \/>\n<link rel=\"canonical\" href=\"https:\/\/carnitec.com\/lv\/products\/automatic-checkweighers-cw-4000-series\/\" \/>\n<meta property=\"og:locale\" content=\"lv_LV\" \/>\n<meta property=\"og:type\" content=\"article\" \/>\n<meta property=\"og:title\" content=\"AUTOMATIC CHECKWEIGHERS CW-4000 SERIES - Carnitec\" \/>\n<meta property=\"og:description\" content=\"Autom\u0101tisk\u0101 iek\u0101rta, lai p\u0101rliecin\u0101tos, ka produkta svars ir noteikt\u0101 svara diapazon\u0101.\" \/>\n<meta property=\"og:url\" content=\"https:\/\/carnitec.com\/lv\/products\/automatic-checkweighers-cw-4000-series\/\" \/>\n<meta property=\"og:site_name\" content=\"Carnitec\" \/>\n<meta property=\"article:publisher\" content=\"https:\/\/facebook.com\/carnitec1\" \/>\n<meta property=\"og:image\" content=\"https:\/\/carnitec.com\/wp-content\/uploads\/2019\/02\/CW-4000.png\" \/>\n\t<meta property=\"og:image:width\" content=\"650\" \/>\n\t<meta property=\"og:image:height\" content=\"650\" \/>\n\t<meta property=\"og:image:type\" content=\"image\/png\" \/>\n<meta name=\"twitter:card\" content=\"summary\" \/>\n<meta name=\"twitter:site\" content=\"@carnitec_\" \/>\n<meta name=\"twitter:label1\" content=\"Est. reading time\" \/>\n\t<meta name=\"twitter:data1\" content=\"1 min\u016b\u0161u\" \/>\n<script type=\"application\/ld+json\" class=\"yoast-schema-graph\">{\"@context\":\"https:\/\/schema.org\",\"@graph\":[{\"@type\":\"WebPage\",\"@id\":\"https:\/\/carnitec.com\/lv\/products\/automatic-checkweighers-cw-4000-series\/\",\"url\":\"https:\/\/carnitec.com\/lv\/products\/automatic-checkweighers-cw-4000-series\/\",\"name\":\"AUTOMATIC CHECKWEIGHERS CW-4000 SERIES - Carnitec\",\"isPartOf\":{\"@id\":\"https:\/\/carnitec.com\/lv\/#website\"},\"datePublished\":\"2019-02-22T12:58:41+00:00\",\"dateModified\":\"2019-02-22T12:58:41+00:00\",\"description\":\"Autom\u0101tisk\u0101 iek\u0101rta, lai p\u0101rliecin\u0101tos, ka produkta svars ir noteikt\u0101 svara diapazon\u0101.\",\"breadcrumb\":{\"@id\":\"https:\/\/carnitec.com\/lv\/products\/automatic-checkweighers-cw-4000-series\/#breadcrumb\"},\"inLanguage\":\"lv-LV\",\"potentialAction\":[{\"@type\":\"ReadAction\",\"target\":[\"https:\/\/carnitec.com\/lv\/products\/automatic-checkweighers-cw-4000-series\/\"]}]},{\"@type\":\"BreadcrumbList\",\"@id\":\"https:\/\/carnitec.com\/lv\/products\/automatic-checkweighers-cw-4000-series\/#breadcrumb\",\"itemListElement\":[{\"@type\":\"ListItem\",\"position\":1,\"name\":\"\u0413\u043b\u0430\u0432\u043d\u0430\u044f \u0441\u0442\u0440\u0430\u043d\u0438\u0446\u0430\",\"item\":\"https:\/\/carnitec.com\/lv\/\"},{\"@type\":\"ListItem\",\"position\":2,\"name\":\"\u0422\u043e\u0432\u0430\u0440\u044b\",\"item\":\"https:\/\/carnitec.com\/shop\/\"},{\"@type\":\"ListItem\",\"position\":3,\"name\":\"AUTOMATIC CHECKWEIGHERS CW-4000 SERIES\"}]},{\"@type\":\"WebSite\",\"@id\":\"https:\/\/carnitec.com\/lv\/#website\",\"url\":\"https:\/\/carnitec.com\/lv\/\",\"name\":\"Carnitec\",\"description\":\"P\u0101rtikas r\u016bpniec\u012bbas iek\u0101rtas\",\"publisher\":{\"@id\":\"https:\/\/carnitec.com\/lv\/#organization\"},\"potentialAction\":[{\"@type\":\"SearchAction\",\"target\":{\"@type\":\"EntryPoint\",\"urlTemplate\":\"https:\/\/carnitec.com\/lv\/?s={search_term_string}\"},\"query-input\":\"required name=search_term_string\"}],\"inLanguage\":\"lv-LV\"},{\"@type\":\"Organization\",\"@id\":\"https:\/\/carnitec.com\/lv\/#organization\",\"name\":\"Carnitec - food processing equipment\",\"url\":\"https:\/\/carnitec.com\/lv\/\",\"sameAs\":[\"https:\/\/www.instagram.com\/carnitec\/?hl=en\",\"https:\/\/www.linkedin.com\/company\/carnitec-ltd\/\",\"https:\/\/www.youtube.com\/channel\/UCwfiuJujkF2QxPPZAqB0T2w\",\"https:\/\/facebook.com\/carnitec1\",\"https:\/\/twitter.com\/carnitec_\"],\"logo\":{\"@type\":\"ImageObject\",\"inLanguage\":\"lv-LV\",\"@id\":\"https:\/\/carnitec.com\/lv\/#\/schema\/logo\/image\/\",\"url\":\"http:\/\/carnitec.com\/wp-content\/uploads\/2018\/01\/carnitec_logo_2018.png\",\"contentUrl\":\"http:\/\/carnitec.com\/wp-content\/uploads\/2018\/01\/carnitec_logo_2018.png\",\"width\":180,\"height\":50,\"caption\":\"Carnitec - food processing equipment\"},\"image\":{\"@id\":\"https:\/\/carnitec.com\/lv\/#\/schema\/logo\/image\/\"}}]}<\/script>\n<!-- \/ Yoast SEO plugin. -->","yoast_head_json":{"title":"AUTOMATIC CHECKWEIGHERS CW-4000 SERIES - Carnitec","description":"Autom\u0101tisk\u0101 iek\u0101rta, lai p\u0101rliecin\u0101tos, ka produkta svars ir noteikt\u0101 svara diapazon\u0101.","robots":{"index":"index","follow":"follow","max-snippet":"max-snippet:-1","max-image-preview":"max-image-preview:large","max-video-preview":"max-video-preview:-1"},"canonical":"https:\/\/carnitec.com\/lv\/products\/automatic-checkweighers-cw-4000-series\/","og_locale":"lv_LV","og_type":"article","og_title":"AUTOMATIC CHECKWEIGHERS CW-4000 SERIES - Carnitec","og_description":"Autom\u0101tisk\u0101 iek\u0101rta, lai p\u0101rliecin\u0101tos, ka produkta svars ir noteikt\u0101 svara diapazon\u0101.","og_url":"https:\/\/carnitec.com\/lv\/products\/automatic-checkweighers-cw-4000-series\/","og_site_name":"Carnitec","article_publisher":"https:\/\/facebook.com\/carnitec1","og_image":[{"width":650,"height":650,"url":"https:\/\/carnitec.com\/wp-content\/uploads\/2019\/02\/CW-4000.png","type":"image\/png"}],"twitter_card":"summary","twitter_site":"@carnitec_","twitter_misc":{"Est. reading time":"1 min\u016b\u0161u"},"schema":{"@context":"https:\/\/schema.org","@graph":[{"@type":"WebPage","@id":"https:\/\/carnitec.com\/lv\/products\/automatic-checkweighers-cw-4000-series\/","url":"https:\/\/carnitec.com\/lv\/products\/automatic-checkweighers-cw-4000-series\/","name":"AUTOMATIC CHECKWEIGHERS CW-4000 SERIES - Carnitec","isPartOf":{"@id":"https:\/\/carnitec.com\/lv\/#website"},"datePublished":"2019-02-22T12:58:41+00:00","dateModified":"2019-02-22T12:58:41+00:00","description":"Autom\u0101tisk\u0101 iek\u0101rta, lai p\u0101rliecin\u0101tos, ka produkta svars ir noteikt\u0101 svara diapazon\u0101.","breadcrumb":{"@id":"https:\/\/carnitec.com\/lv\/products\/automatic-checkweighers-cw-4000-series\/#breadcrumb"},"inLanguage":"lv-LV","potentialAction":[{"@type":"ReadAction","target":["https:\/\/carnitec.com\/lv\/products\/automatic-checkweighers-cw-4000-series\/"]}]},{"@type":"BreadcrumbList","@id":"https:\/\/carnitec.com\/lv\/products\/automatic-checkweighers-cw-4000-series\/#breadcrumb","itemListElement":[{"@type":"ListItem","position":1,"name":"\u0413\u043b\u0430\u0432\u043d\u0430\u044f \u0441\u0442\u0440\u0430\u043d\u0438\u0446\u0430","item":"https:\/\/carnitec.com\/lv\/"},{"@type":"ListItem","position":2,"name":"\u0422\u043e\u0432\u0430\u0440\u044b","item":"https:\/\/carnitec.com\/shop\/"},{"@type":"ListItem","position":3,"name":"AUTOMATIC CHECKWEIGHERS CW-4000 SERIES"}]},{"@type":"WebSite","@id":"https:\/\/carnitec.com\/lv\/#website","url":"https:\/\/carnitec.com\/lv\/","name":"Carnitec","description":"P\u0101rtikas r\u016bpniec\u012bbas iek\u0101rtas","publisher":{"@id":"https:\/\/carnitec.com\/lv\/#organization"},"potentialAction":[{"@type":"SearchAction","target":{"@type":"EntryPoint","urlTemplate":"https:\/\/carnitec.com\/lv\/?s={search_term_string}"},"query-input":"required name=search_term_string"}],"inLanguage":"lv-LV"},{"@type":"Organization","@id":"https:\/\/carnitec.com\/lv\/#organization","name":"Carnitec - food processing equipment","url":"https:\/\/carnitec.com\/lv\/","sameAs":["https:\/\/www.instagram.com\/carnitec\/?hl=en","https:\/\/www.linkedin.com\/company\/carnitec-ltd\/","https:\/\/www.youtube.com\/channel\/UCwfiuJujkF2QxPPZAqB0T2w","https:\/\/facebook.com\/carnitec1","https:\/\/twitter.com\/carnitec_"],"logo":{"@type":"ImageObject","inLanguage":"lv-LV","@id":"https:\/\/carnitec.com\/lv\/#\/schema\/logo\/image\/","url":"http:\/\/carnitec.com\/wp-content\/uploads\/2018\/01\/carnitec_logo_2018.png","contentUrl":"http:\/\/carnitec.com\/wp-content\/uploads\/2018\/01\/carnitec_logo_2018.png","width":180,"height":50,"caption":"Carnitec - food processing equipment"},"image":{"@id":"https:\/\/carnitec.com\/lv\/#\/schema\/logo\/image\/"}}]}},"_links":{"self":[{"href":"https:\/\/carnitec.com\/lv\/wp-json\/wp\/v2\/product\/43798"}],"collection":[{"href":"https:\/\/carnitec.com\/lv\/wp-json\/wp\/v2\/product"}],"about":[{"href":"https:\/\/carnitec.com\/lv\/wp-json\/wp\/v2\/types\/product"}],"wp:featuredmedia":[{"embeddable":true,"href":"https:\/\/carnitec.com\/lv\/wp-json\/wp\/v2\/media\/43756"}],"wp:attachment":[{"href":"https:\/\/carnitec.com\/lv\/wp-json\/wp\/v2\/media?parent=43798"}],"wp:term":[{"taxonomy":"product_cat","embeddable":true,"href":"https:\/\/carnitec.com\/lv\/wp-json\/wp\/v2\/product_cat?post=43798"},{"taxonomy":"product_tag","embeddable":true,"href":"https:\/\/carnitec.com\/lv\/wp-json\/wp\/v2\/product_tag?post=43798"}],"curies":[{"name":"wp","href":"https:\/\/api.w.org\/{rel}","templated":true}]}}