{"id":43683,"date":"2016-03-24T22:29:36","date_gmt":"2019-02-21T09:41:26","guid":{"rendered":"http:\/\/carnitec.com\/?post_type=product&#038;p=43683"},"modified":"2019-02-21T11:41:26","modified_gmt":"2019-02-21T09:41:26","slug":"pusautomatiska-centrifuga-matu-nonemsanai-no-liellopu-un-cuku-kajam-d40","status":"publish","type":"product","link":"https:\/\/carnitec.com\/lv\/products\/pusautomatiska-centrifuga-matu-nonemsanai-no-liellopu-un-cuku-kajam-d40\/","title":{"rendered":"Pusautom\u0101tiska centrif\u016bga matu no\u0146em\u0161anai no liellopu un c\u016bku k\u0101j\u0101m D40"},"content":{"rendered":"<h2><\/h2>\n<h2>Pusautom\u0101tiska centrif\u016bga matu no\u0146em\u0161anai no liellopu un c\u016bku k\u0101j\u0101m D40 \/ CE<\/h2>\n<p>Pusautom\u0101tiska centrif\u016bga matu no\u0146em\u0161anai no liellopu un c\u016bku k\u0101j\u0101m ir piem\u0113rota \u0101das t\u012br\u012b\u0161anai un no\u0146em\u0161anai no c\u016bk\u0101m, liellopiem un liellopiem. Centrif\u016bga ir piln\u012bb\u0101 izgatavota no ner\u016bs\u0113jo\u0161\u0101 t\u0113rauda AISI304 un ir apr\u012bkota ar atv\u0113r\u0161anas sist\u0113mu iek\u0161\u0113jai t\u012br\u012b\u0161anai. Komplekt\u0101 ietilpst pneimatiski atv\u0113rtas durvis izejai, ar elektronisko vad\u012bbas paneli ar ner\u016bs\u0113jo\u0161\u0101 t\u0113rauda skapi un zemspriegumu 24 V, ar pog\u0101m.<\/p>\n<table style=\"width: 619px;\" width=\"489\">\n<tbody>\n<tr>\n<td style=\"width: 618px;\" colspan=\"14\" width=\"489\"><strong>Ra\u017eotsp\u0113ja \/ stund\u0101<\/strong><strong>\u00a0atkar\u012bb\u0101 no k\u0101ju izm\u0113ra<\/strong><\/td>\n<\/tr>\n<tr>\n<td style=\"width: 104px;\" colspan=\"2\" width=\"70\">Liellopu k\u0101jas<\/td>\n<td style=\"width: 88px;\" colspan=\"2\" width=\"70\">J\u0113ra k\u0101jas<\/td>\n<td style=\"width: 89px;\" colspan=\"2\" width=\"70\">C\u016bkga\u013cas k\u0101jas<\/td>\n<td style=\"width: 71px;\" colspan=\"2\" width=\"70\">Liellopu galvas<\/td>\n<td style=\"width: 79px;\" colspan=\"2\" width=\"70\">\u00a0J\u0113ra galvas<\/td>\n<td style=\"width: 73px;\" colspan=\"2\" width=\"70\">C\u016bkga\u013cas galvas<\/td>\n<td style=\"width: 114px;\" colspan=\"2\" width=\"70\">\u00a0 \u00a0 Siv\u0113ni<\/td>\n<\/tr>\n<tr>\n<td style=\"width: 38px;\" width=\"25\">D40<\/td>\n<td style=\"width: 66px;\" width=\"45\">170\/200<\/td>\n<td style=\"width: 38px;\" width=\"23\">D40<\/td>\n<td style=\"width: 50px;\" width=\"47\">2000-3200<\/td>\n<td style=\"width: 38px;\" width=\"23\">D40<\/td>\n<td style=\"width: 51px;\" width=\"47\">1000-1600<\/td>\n<td style=\"width: 40px;\" width=\"35\">D40<\/td>\n<td style=\"width: 31px;\" width=\"35\">40<\/td>\n<td style=\"width: 40px;\" width=\"35\">D40<\/td>\n<td style=\"width: 39px;\" width=\"35\">120<\/td>\n<td style=\"width: 40px;\" width=\"35\">D40<\/td>\n<td style=\"width: 33px;\" width=\"35\">60<\/td>\n<td style=\"width: 40px;\" width=\"35\">D40<\/td>\n<td style=\"width: 74px;\" width=\"35\">30-100<\/td>\n<\/tr>\n<tr>\n<td style=\"width: 38px;\" width=\"25\"><\/td>\n<td style=\"width: 66px;\" width=\"45\"><\/td>\n<td style=\"width: 38px;\" width=\"23\"><\/td>\n<td style=\"width: 50px;\" width=\"47\"><\/td>\n<td style=\"width: 38px;\" width=\"23\"><\/td>\n<td style=\"width: 51px;\" width=\"47\"><\/td>\n<td style=\"width: 40px;\" width=\"35\"><\/td>\n<td style=\"width: 31px;\" width=\"35\"><\/td>\n<td style=\"width: 40px;\" width=\"35\"><\/td>\n<td style=\"width: 39px;\" width=\"35\"><\/td>\n<td style=\"width: 40px;\" width=\"35\"><\/td>\n<td style=\"width: 33px;\" width=\"35\"><\/td>\n<td style=\"width: 40px;\" width=\"35\"><\/td>\n<td style=\"width: 74px;\" width=\"35\"><\/td>\n<\/tr>\n<\/tbody>\n<\/table>\n<p>&nbsp;<\/p>\n<table style=\"width: 618px;\" width=\"489\">\n<tbody>\n<tr>\n<td style=\"width: 618px;\" colspan=\"14\" width=\"489\"><strong>Slodzes ietilp\u012bba<\/strong><\/td>\n<\/tr>\n<tr>\n<td style=\"width: 81px;\" colspan=\"2\" width=\"70\">Liellopu k\u0101jas<\/td>\n<td style=\"width: 88px;\" colspan=\"2\" width=\"70\">J\u0113ra k\u0101jas<\/td>\n<td style=\"width: 89px;\" colspan=\"2\" width=\"70\">C\u016bkga\u013cas k\u0101jas<\/td>\n<td style=\"width: 81px;\" colspan=\"2\" width=\"70\">Liellopu galvas<\/td>\n<td style=\"width: 84px;\" colspan=\"2\" width=\"70\">\u00a0J\u0113ra galvas<\/td>\n<td style=\"width: 82px;\" colspan=\"2\" width=\"70\">C\u016bkga\u013cas galvas<\/td>\n<td style=\"width: 113px;\" colspan=\"2\" width=\"70\">\u00a0\u00a0 \u00a0 Siv\u0113ni<\/td>\n<\/tr>\n<tr>\n<td style=\"width: 41px;\" width=\"35\">D40<\/td>\n<td style=\"width: 40px;\" width=\"35\">30-50<\/td>\n<td style=\"width: 38px;\" width=\"23\">D40<\/td>\n<td style=\"width: 50px;\" width=\"47\">400-700<\/td>\n<td style=\"width: 38px;\" width=\"23\">D40<\/td>\n<td style=\"width: 51px;\" width=\"47\">200-350<\/td>\n<td style=\"width: 43px;\" width=\"35\">D40<\/td>\n<td style=\"width: 38px;\" width=\"35\">3-7<\/td>\n<td style=\"width: 43px;\" width=\"35\">D40<\/td>\n<td style=\"width: 41px;\" width=\"35\">20-30<\/td>\n<td style=\"width: 43px;\" width=\"35\">D40<\/td>\n<td style=\"width: 39px;\" width=\"35\">7-10<\/td>\n<td style=\"width: 43px;\" width=\"35\">D40<\/td>\n<td style=\"width: 70px;\" width=\"35\">5-18<\/td>\n<\/tr>\n<tr>\n<td style=\"width: 41px;\" width=\"35\"><\/td>\n<td style=\"width: 40px;\" width=\"35\"><\/td>\n<td style=\"width: 38px;\" width=\"23\"><\/td>\n<td style=\"width: 50px;\" width=\"47\"><\/td>\n<td style=\"width: 38px;\" width=\"23\"><\/td>\n<td style=\"width: 51px;\" width=\"47\"><\/td>\n<td style=\"width: 43px;\" width=\"35\"><\/td>\n<td style=\"width: 38px;\" width=\"35\"><\/td>\n<td style=\"width: 43px;\" width=\"35\"><\/td>\n<td style=\"width: 41px;\" width=\"35\"><\/td>\n<td style=\"width: 43px;\" width=\"35\"><\/td>\n<td style=\"width: 39px;\" width=\"35\"><\/td>\n<td style=\"width: 43px;\" width=\"35\"><\/td>\n<td style=\"width: 70px;\" width=\"35\"><\/td>\n<\/tr>\n<\/tbody>\n<\/table>\n<p>&nbsp;<\/p>\n<table width=\"489\">\n<tbody>\n<tr>\n<td style=\"width: 585px;\" colspan=\"6\" width=\"489\"><strong>Tehniskie dati<\/strong><\/td>\n<\/tr>\n<tr>\n<td style=\"width: 194px;\" colspan=\"2\" width=\"163\">Instal\u0113ta jauda<br \/>\n400 \u0412<\/td>\n<td style=\"width: 194px;\" colspan=\"2\" width=\"163\">\u016adens pat\u0113ri\u0146\u0161 stund\u0101<\/td>\n<td style=\"width: 197px;\" colspan=\"2\" width=\"163\">Gaisa pat\u0113ri\u0146\u0161 stund\u0101<\/td>\n<\/tr>\n<tr>\n<td style=\"width: 96px;\" width=\"81\">D40<\/td>\n<td style=\"width: 98px;\" width=\"82\">Kw 7.5<\/td>\n<td style=\"width: 98px;\" width=\"82\">D40<\/td>\n<td style=\"width: 96px;\" width=\"81\">2.5m\u00b3 -60\u00b0<\/td>\n<td style=\"width: 98px;\" width=\"82\">D40<\/td>\n<td style=\"width: 99px;\" width=\"82\">lt80<\/td>\n<\/tr>\n<tr>\n<td style=\"width: 96px;\" width=\"81\"><\/td>\n<td style=\"width: 98px;\" width=\"82\"><\/td>\n<td style=\"width: 98px;\" width=\"82\"><\/td>\n<td style=\"width: 96px;\" width=\"81\"><\/td>\n<td style=\"width: 98px;\" width=\"82\"><\/td>\n<td style=\"width: 99px;\" width=\"82\"><\/td>\n<\/tr>\n<\/tbody>\n<\/table>\n<p>&nbsp;<\/p>\n<p><iframe loading=\"lazy\" title=\"\u0426\u0435\u043d\u0442\u0440\u0438\u0444\u0443\u0433\u0430 \u0434\u043b\u044f \u043e\u0431\u0440\u0430\u0431\u043e\u0442\u043a\u0438 \u0448\u0435\u0440\u0441\u0442\u043d\u044b\u0445 \u0441\u0443\u0431\u043f\u0440\u043e\u0434\u0443\u043a\u0442\u043e\u0432 Ollari &amp; Conti\" width=\"640\" height=\"480\" src=\"https:\/\/www.youtube.com\/embed\/VpnOfo0WoNk?feature=oembed\" frameborder=\"0\" allow=\"accelerometer; autoplay; clipboard-write; encrypted-media; gyroscope; picture-in-picture\" allowfullscreen><\/iframe><\/p>\n","protected":false},"excerpt":{"rendered":"<p>Pusautom\u0101tiska centrif\u016bga matu no\u0146em\u0161anai no liellopu un c\u016bku k\u0101j\u0101m ir piem\u0113rota \u0101das t\u012br\u012b\u0161anai un no\u0146em\u0161anai no c\u016bk\u0101m, liellopiem un liellopiem.<\/p>\n","protected":false},"featured_media":7998,"template":"","meta":{"content-type":"","_monsterinsights_skip_tracking":false,"_monsterinsights_sitenote_active":false,"_monsterinsights_sitenote_note":"","_monsterinsights_sitenote_category":0},"product_cat":[957],"product_tag":[],"yoast_head":"<!-- This site is optimized with the Yoast SEO plugin v19.5.1 - https:\/\/yoast.com\/wordpress\/plugins\/seo\/ -->\n<title>Pusautom\u0101tiska centrif\u016bga matu no\u0146em\u0161anai no liellopu un c\u016bku k\u0101j\u0101m D40 - Carnitec<\/title>\n<meta name=\"robots\" content=\"index, follow, max-snippet:-1, max-image-preview:large, max-video-preview:-1\" \/>\n<link rel=\"canonical\" href=\"https:\/\/carnitec.com\/lv\/products\/pusautomatiska-centrifuga-matu-nonemsanai-no-liellopu-un-cuku-kajam-d40\/\" \/>\n<meta property=\"og:locale\" content=\"lv_LV\" \/>\n<meta property=\"og:type\" content=\"article\" \/>\n<meta property=\"og:title\" content=\"Pusautom\u0101tiska centrif\u016bga matu no\u0146em\u0161anai no liellopu un c\u016bku k\u0101j\u0101m D40 - Carnitec\" \/>\n<meta property=\"og:description\" content=\"Pusautom\u0101tiska centrif\u016bga matu no\u0146em\u0161anai no liellopu un c\u016bku k\u0101j\u0101m ir piem\u0113rota \u0101das t\u012br\u012b\u0161anai un no\u0146em\u0161anai no c\u016bk\u0101m, liellopiem un liellopiem.\" \/>\n<meta property=\"og:url\" content=\"https:\/\/carnitec.com\/lv\/products\/pusautomatiska-centrifuga-matu-nonemsanai-no-liellopu-un-cuku-kajam-d40\/\" \/>\n<meta property=\"og:site_name\" content=\"Carnitec\" \/>\n<meta property=\"article:publisher\" content=\"https:\/\/facebook.com\/carnitec1\" \/>\n<meta property=\"og:image\" content=\"https:\/\/carnitec.com\/wp-content\/uploads\/2016\/03\/img_mod_d40.jpg\" \/>\n\t<meta property=\"og:image:width\" content=\"300\" \/>\n\t<meta property=\"og:image:height\" content=\"300\" \/>\n\t<meta property=\"og:image:type\" content=\"image\/jpeg\" \/>\n<meta name=\"twitter:card\" content=\"summary\" \/>\n<meta name=\"twitter:site\" content=\"@carnitec_\" \/>\n<meta name=\"twitter:label1\" content=\"Est. reading time\" \/>\n\t<meta name=\"twitter:data1\" content=\"1 min\u016b\u0161u\" \/>\n<script type=\"application\/ld+json\" class=\"yoast-schema-graph\">{\"@context\":\"https:\/\/schema.org\",\"@graph\":[{\"@type\":\"WebPage\",\"@id\":\"https:\/\/carnitec.com\/lv\/products\/pusautomatiska-centrifuga-matu-nonemsanai-no-liellopu-un-cuku-kajam-d40\/\",\"url\":\"https:\/\/carnitec.com\/lv\/products\/pusautomatiska-centrifuga-matu-nonemsanai-no-liellopu-un-cuku-kajam-d40\/\",\"name\":\"Pusautom\u0101tiska centrif\u016bga matu no\u0146em\u0161anai no liellopu un c\u016bku k\u0101j\u0101m D40 - Carnitec\",\"isPartOf\":{\"@id\":\"https:\/\/carnitec.com\/lv\/#website\"},\"datePublished\":\"2019-02-21T09:41:26+00:00\",\"dateModified\":\"2019-02-21T09:41:26+00:00\",\"breadcrumb\":{\"@id\":\"https:\/\/carnitec.com\/lv\/products\/pusautomatiska-centrifuga-matu-nonemsanai-no-liellopu-un-cuku-kajam-d40\/#breadcrumb\"},\"inLanguage\":\"lv-LV\",\"potentialAction\":[{\"@type\":\"ReadAction\",\"target\":[\"https:\/\/carnitec.com\/lv\/products\/pusautomatiska-centrifuga-matu-nonemsanai-no-liellopu-un-cuku-kajam-d40\/\"]}]},{\"@type\":\"BreadcrumbList\",\"@id\":\"https:\/\/carnitec.com\/lv\/products\/pusautomatiska-centrifuga-matu-nonemsanai-no-liellopu-un-cuku-kajam-d40\/#breadcrumb\",\"itemListElement\":[{\"@type\":\"ListItem\",\"position\":1,\"name\":\"\u0413\u043b\u0430\u0432\u043d\u0430\u044f \u0441\u0442\u0440\u0430\u043d\u0438\u0446\u0430\",\"item\":\"https:\/\/carnitec.com\/lv\/\"},{\"@type\":\"ListItem\",\"position\":2,\"name\":\"\u0422\u043e\u0432\u0430\u0440\u044b\",\"item\":\"https:\/\/carnitec.com\/shop\/\"},{\"@type\":\"ListItem\",\"position\":3,\"name\":\"Pusautom\u0101tiska centrif\u016bga matu no\u0146em\u0161anai no liellopu un c\u016bku k\u0101j\u0101m D40\"}]},{\"@type\":\"WebSite\",\"@id\":\"https:\/\/carnitec.com\/lv\/#website\",\"url\":\"https:\/\/carnitec.com\/lv\/\",\"name\":\"Carnitec\",\"description\":\"P\u0101rtikas r\u016bpniec\u012bbas iek\u0101rtas\",\"publisher\":{\"@id\":\"https:\/\/carnitec.com\/lv\/#organization\"},\"potentialAction\":[{\"@type\":\"SearchAction\",\"target\":{\"@type\":\"EntryPoint\",\"urlTemplate\":\"https:\/\/carnitec.com\/lv\/?s={search_term_string}\"},\"query-input\":\"required name=search_term_string\"}],\"inLanguage\":\"lv-LV\"},{\"@type\":\"Organization\",\"@id\":\"https:\/\/carnitec.com\/lv\/#organization\",\"name\":\"Carnitec - food processing equipment\",\"url\":\"https:\/\/carnitec.com\/lv\/\",\"sameAs\":[\"https:\/\/www.instagram.com\/carnitec\/?hl=en\",\"https:\/\/www.linkedin.com\/company\/carnitec-ltd\/\",\"https:\/\/www.youtube.com\/channel\/UCwfiuJujkF2QxPPZAqB0T2w\",\"https:\/\/facebook.com\/carnitec1\",\"https:\/\/twitter.com\/carnitec_\"],\"logo\":{\"@type\":\"ImageObject\",\"inLanguage\":\"lv-LV\",\"@id\":\"https:\/\/carnitec.com\/lv\/#\/schema\/logo\/image\/\",\"url\":\"http:\/\/carnitec.com\/wp-content\/uploads\/2018\/01\/carnitec_logo_2018.png\",\"contentUrl\":\"http:\/\/carnitec.com\/wp-content\/uploads\/2018\/01\/carnitec_logo_2018.png\",\"width\":180,\"height\":50,\"caption\":\"Carnitec - food processing equipment\"},\"image\":{\"@id\":\"https:\/\/carnitec.com\/lv\/#\/schema\/logo\/image\/\"}}]}<\/script>\n<!-- \/ Yoast SEO plugin. -->","yoast_head_json":{"title":"Pusautom\u0101tiska centrif\u016bga matu no\u0146em\u0161anai no liellopu un c\u016bku k\u0101j\u0101m D40 - Carnitec","robots":{"index":"index","follow":"follow","max-snippet":"max-snippet:-1","max-image-preview":"max-image-preview:large","max-video-preview":"max-video-preview:-1"},"canonical":"https:\/\/carnitec.com\/lv\/products\/pusautomatiska-centrifuga-matu-nonemsanai-no-liellopu-un-cuku-kajam-d40\/","og_locale":"lv_LV","og_type":"article","og_title":"Pusautom\u0101tiska centrif\u016bga matu no\u0146em\u0161anai no liellopu un c\u016bku k\u0101j\u0101m D40 - Carnitec","og_description":"Pusautom\u0101tiska centrif\u016bga matu no\u0146em\u0161anai no liellopu un c\u016bku k\u0101j\u0101m ir piem\u0113rota \u0101das t\u012br\u012b\u0161anai un no\u0146em\u0161anai no c\u016bk\u0101m, liellopiem un liellopiem.","og_url":"https:\/\/carnitec.com\/lv\/products\/pusautomatiska-centrifuga-matu-nonemsanai-no-liellopu-un-cuku-kajam-d40\/","og_site_name":"Carnitec","article_publisher":"https:\/\/facebook.com\/carnitec1","og_image":[{"width":300,"height":300,"url":"https:\/\/carnitec.com\/wp-content\/uploads\/2016\/03\/img_mod_d40.jpg","type":"image\/jpeg"}],"twitter_card":"summary","twitter_site":"@carnitec_","twitter_misc":{"Est. reading time":"1 min\u016b\u0161u"},"schema":{"@context":"https:\/\/schema.org","@graph":[{"@type":"WebPage","@id":"https:\/\/carnitec.com\/lv\/products\/pusautomatiska-centrifuga-matu-nonemsanai-no-liellopu-un-cuku-kajam-d40\/","url":"https:\/\/carnitec.com\/lv\/products\/pusautomatiska-centrifuga-matu-nonemsanai-no-liellopu-un-cuku-kajam-d40\/","name":"Pusautom\u0101tiska centrif\u016bga matu no\u0146em\u0161anai no liellopu un c\u016bku k\u0101j\u0101m D40 - Carnitec","isPartOf":{"@id":"https:\/\/carnitec.com\/lv\/#website"},"datePublished":"2019-02-21T09:41:26+00:00","dateModified":"2019-02-21T09:41:26+00:00","breadcrumb":{"@id":"https:\/\/carnitec.com\/lv\/products\/pusautomatiska-centrifuga-matu-nonemsanai-no-liellopu-un-cuku-kajam-d40\/#breadcrumb"},"inLanguage":"lv-LV","potentialAction":[{"@type":"ReadAction","target":["https:\/\/carnitec.com\/lv\/products\/pusautomatiska-centrifuga-matu-nonemsanai-no-liellopu-un-cuku-kajam-d40\/"]}]},{"@type":"BreadcrumbList","@id":"https:\/\/carnitec.com\/lv\/products\/pusautomatiska-centrifuga-matu-nonemsanai-no-liellopu-un-cuku-kajam-d40\/#breadcrumb","itemListElement":[{"@type":"ListItem","position":1,"name":"\u0413\u043b\u0430\u0432\u043d\u0430\u044f \u0441\u0442\u0440\u0430\u043d\u0438\u0446\u0430","item":"https:\/\/carnitec.com\/lv\/"},{"@type":"ListItem","position":2,"name":"\u0422\u043e\u0432\u0430\u0440\u044b","item":"https:\/\/carnitec.com\/shop\/"},{"@type":"ListItem","position":3,"name":"Pusautom\u0101tiska centrif\u016bga matu no\u0146em\u0161anai no liellopu un c\u016bku k\u0101j\u0101m D40"}]},{"@type":"WebSite","@id":"https:\/\/carnitec.com\/lv\/#website","url":"https:\/\/carnitec.com\/lv\/","name":"Carnitec","description":"P\u0101rtikas r\u016bpniec\u012bbas iek\u0101rtas","publisher":{"@id":"https:\/\/carnitec.com\/lv\/#organization"},"potentialAction":[{"@type":"SearchAction","target":{"@type":"EntryPoint","urlTemplate":"https:\/\/carnitec.com\/lv\/?s={search_term_string}"},"query-input":"required name=search_term_string"}],"inLanguage":"lv-LV"},{"@type":"Organization","@id":"https:\/\/carnitec.com\/lv\/#organization","name":"Carnitec - food processing equipment","url":"https:\/\/carnitec.com\/lv\/","sameAs":["https:\/\/www.instagram.com\/carnitec\/?hl=en","https:\/\/www.linkedin.com\/company\/carnitec-ltd\/","https:\/\/www.youtube.com\/channel\/UCwfiuJujkF2QxPPZAqB0T2w","https:\/\/facebook.com\/carnitec1","https:\/\/twitter.com\/carnitec_"],"logo":{"@type":"ImageObject","inLanguage":"lv-LV","@id":"https:\/\/carnitec.com\/lv\/#\/schema\/logo\/image\/","url":"http:\/\/carnitec.com\/wp-content\/uploads\/2018\/01\/carnitec_logo_2018.png","contentUrl":"http:\/\/carnitec.com\/wp-content\/uploads\/2018\/01\/carnitec_logo_2018.png","width":180,"height":50,"caption":"Carnitec - food processing equipment"},"image":{"@id":"https:\/\/carnitec.com\/lv\/#\/schema\/logo\/image\/"}}]}},"_links":{"self":[{"href":"https:\/\/carnitec.com\/lv\/wp-json\/wp\/v2\/product\/43683"}],"collection":[{"href":"https:\/\/carnitec.com\/lv\/wp-json\/wp\/v2\/product"}],"about":[{"href":"https:\/\/carnitec.com\/lv\/wp-json\/wp\/v2\/types\/product"}],"wp:featuredmedia":[{"embeddable":true,"href":"https:\/\/carnitec.com\/lv\/wp-json\/wp\/v2\/media\/7998"}],"wp:attachment":[{"href":"https:\/\/carnitec.com\/lv\/wp-json\/wp\/v2\/media?parent=43683"}],"wp:term":[{"taxonomy":"product_cat","embeddable":true,"href":"https:\/\/carnitec.com\/lv\/wp-json\/wp\/v2\/product_cat?post=43683"},{"taxonomy":"product_tag","embeddable":true,"href":"https:\/\/carnitec.com\/lv\/wp-json\/wp\/v2\/product_tag?post=43683"}],"curies":[{"name":"wp","href":"https:\/\/api.w.org\/{rel}","templated":true}]}}