{"id":43635,"date":"2019-02-18T16:31:54","date_gmt":"2019-02-19T09:22:10","guid":{"rendered":"http:\/\/carnitec.com\/?post_type=product&#038;p=43635"},"modified":"2019-02-19T11:22:10","modified_gmt":"2019-02-19T09:22:10","slug":"ienesiguma-kontrole","status":"publish","type":"product","link":"https:\/\/carnitec.com\/lv\/products\/ienesiguma-kontrole\/","title":{"rendered":"Ienes\u012bguma kontrole"},"content":{"rendered":"<h1>Maksim\u0101l\u0101s ra\u017eas ieg\u016b\u0161ana no apstr\u0101des<\/h1>\n<p>Rentabilit\u0101tei ir b\u016btiska tie\u0161a ietekme uz pe\u013c\u0146u. T\u0101 k\u0101 70-75% no gala produkta izmaks\u0101m ir saist\u012bts ar izejviel\u0101m, ir \u013coti svar\u012bgi r\u016bp\u012bgi kontrol\u0113t faktisko ra\u017eu sal\u012bdzin\u0101jum\u0101 ar gaid\u0101mo.<\/p>\n<p>Pat \u013coti neliel\u0101m procentu\u0101laj\u0101m novirz\u0113m starp faktisko un gaid\u0101mo pe\u013c\u0146u var b\u016bt iev\u0113rojama finansi\u0101la ietekme uz uz\u0146\u0113mumu rentabilit\u0101ti, \u0146emot v\u0113r\u0101 arvien pieaugo\u0161o apstr\u0101d\u0101to tonn\u0101\u017eu.<\/p>\n<h1>Rentabilit\u0101tes kontrole un uzraudz\u012bba<\/h1>\n<p>Pe\u013c\u0146a zem spiediena<br \/>\n\u2022 Mazas k\u013c\u016bdas izraisa sarkanus numurus.<br \/>\n\u2022 Nepiecie\u0161ama IT ievie\u0161ana procesu vad\u012bbai un automatiz\u0101cijai<\/p>\n<p><img class=\"alignnone size-full wp-image-43623\" src=\"http:\/\/carnitec.com\/wp-content\/uploads\/2019\/02\/yield2.jpg\" alt=\"\" width=\"261\" height=\"214\" \/><\/p>\n<h1>Lo\u0123isk\u0101s procesu zonas nosaka, k\u0101 darbojas ienes\u012bguma sist\u0113ma<\/h1>\n<p>\u2022 Konfigur\u0113jama ra\u017eo\u0161anas pl\u016bsma<br \/>\n\u2022 Ce\u013ci starp procesiem<br \/>\n\u2022 Datu v\u0101k\u0161anas punkti<br \/>\n\u2022 Labi defin\u0113ti ins un outs<br \/>\n\u2022 Izm\u0113ra produktu ce\u013cus<br \/>\n\u2022 Ieb\u016bv\u0113ti p\u0101rskati<br \/>\n\u2022 M\u0113rogojamie procesi<br \/>\n\u2022 Atbalsta pla\u0161u skalu un ier\u012b\u010du kl\u0101stu<\/p>\n<h2><img class=\"alignnone size-medium wp-image-43627\" style=\"font-weight: 300;\" src=\"http:\/\/carnitec.com\/wp-content\/uploads\/2019\/02\/yield3-300x182.jpg\" alt=\"yield\" width=\"300\" height=\"182\" \/><\/h2>\n<h1>Lo\u0123isk\u0101 procesa jomas nosaka, k\u0101 darbojas ie\u0146\u0113mumu sist\u0113ma.<\/h1>\n<p>\u2022 Konfigur\u0113jama ra\u017eo\u0161anas pl\u016bsma<br \/>\n\u2022 Ce\u013ci starp procesiem<br \/>\n\u2022 Datu v\u0101k\u0161anas punkti<br \/>\n\u2022 Skaidri defin\u0113tas ieejas un izejas.<br \/>\n\u2022 Izm\u0113ra produktu ce\u013cus<br \/>\n\u2022 Iegult\u0101s atskaites<br \/>\n\u2022 M\u0113rogojamie procesi<br \/>\n\u2022 Atbalsta pla\u0161u skalu un ier\u012b\u010du kl\u0101stu<\/p>\n<p>Recepte, kas balst\u012bta uz ra\u017eas kontroli atkaulo\u0161anas un grie\u0161anas uzdevumiem<br \/>\n\u0160\u012b recepte apraksta, k\u0101 produkts tiek p\u0101rv\u0113rsts citos produktos.<br \/>\nProcess:<br \/>\n\u2022 Operators sa\u0146em produktu<br \/>\n\u2022 pamatojoties uz recepti, produkts tiek p\u0101rstr\u0101d\u0101ts un p\u0101rveidots par vienu vai vair\u0101kiem produktiem<\/p>\n<p>Katram no \u0161iem produktiem ir:<br \/>\n\u2022 gaid\u0101m\u0101 pe\u013c\u0146a<br \/>\n\u2022 faktisk\u0101 ra\u017ea<br \/>\n\u2022 A +\/- bilance<\/p>\n","protected":false},"excerpt":{"rendered":"<p>Rentabilit\u0101tei ir b\u016btiska tie\u0161a ietekme uz pe\u013c\u0146u. T\u0101 k\u0101 70-75% no gala produkta izmaks\u0101m ir saist\u012bts ar izejviel\u0101m, ir \u013coti svar\u012bgi r\u016bp\u012bgi kontrol\u0113t faktisko ra\u017eu sal\u012bdzin\u0101jum\u0101 ar gaid\u0101mo.<\/p>\n","protected":false},"featured_media":43621,"template":"","meta":{"content-type":"","_monsterinsights_skip_tracking":false,"_monsterinsights_sitenote_active":false,"_monsterinsights_sitenote_note":"","_monsterinsights_sitenote_category":0},"product_cat":[3499],"product_tag":[],"yoast_head":"<!-- This site is optimized with the Yoast SEO plugin v19.5.1 - https:\/\/yoast.com\/wordpress\/plugins\/seo\/ -->\n<title>Ienes\u012bguma kontrole - Carnitec<\/title>\n<meta name=\"robots\" content=\"index, follow, max-snippet:-1, max-image-preview:large, max-video-preview:-1\" \/>\n<link rel=\"canonical\" href=\"https:\/\/carnitec.com\/lv\/products\/ienesiguma-kontrole\/\" \/>\n<meta property=\"og:locale\" content=\"lv_LV\" \/>\n<meta property=\"og:type\" content=\"article\" \/>\n<meta property=\"og:title\" content=\"Ienes\u012bguma kontrole - Carnitec\" \/>\n<meta property=\"og:description\" content=\"Rentabilit\u0101tei ir b\u016btiska tie\u0161a ietekme uz pe\u013c\u0146u. T\u0101 k\u0101 70-75% no gala produkta izmaks\u0101m ir saist\u012bts ar izejviel\u0101m, ir \u013coti svar\u012bgi r\u016bp\u012bgi kontrol\u0113t faktisko ra\u017eu sal\u012bdzin\u0101jum\u0101 ar gaid\u0101mo.\" \/>\n<meta property=\"og:url\" content=\"https:\/\/carnitec.com\/lv\/products\/ienesiguma-kontrole\/\" \/>\n<meta property=\"og:site_name\" content=\"Carnitec\" \/>\n<meta property=\"article:publisher\" content=\"https:\/\/facebook.com\/carnitec1\" \/>\n<meta property=\"og:image\" content=\"https:\/\/carnitec.com\/wp-content\/uploads\/2019\/02\/yield.jpg\" \/>\n\t<meta property=\"og:image:width\" content=\"250\" \/>\n\t<meta property=\"og:image:height\" content=\"250\" \/>\n\t<meta property=\"og:image:type\" content=\"image\/jpeg\" \/>\n<meta name=\"twitter:card\" content=\"summary\" \/>\n<meta name=\"twitter:site\" content=\"@carnitec_\" \/>\n<meta name=\"twitter:label1\" content=\"Est. reading time\" \/>\n\t<meta name=\"twitter:data1\" content=\"1 min\u016b\u0161u\" \/>\n<script type=\"application\/ld+json\" class=\"yoast-schema-graph\">{\"@context\":\"https:\/\/schema.org\",\"@graph\":[{\"@type\":\"WebPage\",\"@id\":\"https:\/\/carnitec.com\/lv\/products\/ienesiguma-kontrole\/\",\"url\":\"https:\/\/carnitec.com\/lv\/products\/ienesiguma-kontrole\/\",\"name\":\"Ienes\u012bguma kontrole - Carnitec\",\"isPartOf\":{\"@id\":\"https:\/\/carnitec.com\/lv\/#website\"},\"datePublished\":\"2019-02-19T09:22:10+00:00\",\"dateModified\":\"2019-02-19T09:22:10+00:00\",\"breadcrumb\":{\"@id\":\"https:\/\/carnitec.com\/lv\/products\/ienesiguma-kontrole\/#breadcrumb\"},\"inLanguage\":\"lv-LV\",\"potentialAction\":[{\"@type\":\"ReadAction\",\"target\":[\"https:\/\/carnitec.com\/lv\/products\/ienesiguma-kontrole\/\"]}]},{\"@type\":\"BreadcrumbList\",\"@id\":\"https:\/\/carnitec.com\/lv\/products\/ienesiguma-kontrole\/#breadcrumb\",\"itemListElement\":[{\"@type\":\"ListItem\",\"position\":1,\"name\":\"\u0413\u043b\u0430\u0432\u043d\u0430\u044f \u0441\u0442\u0440\u0430\u043d\u0438\u0446\u0430\",\"item\":\"https:\/\/carnitec.com\/lv\/\"},{\"@type\":\"ListItem\",\"position\":2,\"name\":\"\u0422\u043e\u0432\u0430\u0440\u044b\",\"item\":\"https:\/\/carnitec.com\/shop\/\"},{\"@type\":\"ListItem\",\"position\":3,\"name\":\"Ienes\u012bguma kontrole\"}]},{\"@type\":\"WebSite\",\"@id\":\"https:\/\/carnitec.com\/lv\/#website\",\"url\":\"https:\/\/carnitec.com\/lv\/\",\"name\":\"Carnitec\",\"description\":\"P\u0101rtikas r\u016bpniec\u012bbas iek\u0101rtas\",\"publisher\":{\"@id\":\"https:\/\/carnitec.com\/lv\/#organization\"},\"potentialAction\":[{\"@type\":\"SearchAction\",\"target\":{\"@type\":\"EntryPoint\",\"urlTemplate\":\"https:\/\/carnitec.com\/lv\/?s={search_term_string}\"},\"query-input\":\"required name=search_term_string\"}],\"inLanguage\":\"lv-LV\"},{\"@type\":\"Organization\",\"@id\":\"https:\/\/carnitec.com\/lv\/#organization\",\"name\":\"Carnitec - food processing equipment\",\"url\":\"https:\/\/carnitec.com\/lv\/\",\"sameAs\":[\"https:\/\/www.instagram.com\/carnitec\/?hl=en\",\"https:\/\/www.linkedin.com\/company\/carnitec-ltd\/\",\"https:\/\/www.youtube.com\/channel\/UCwfiuJujkF2QxPPZAqB0T2w\",\"https:\/\/facebook.com\/carnitec1\",\"https:\/\/twitter.com\/carnitec_\"],\"logo\":{\"@type\":\"ImageObject\",\"inLanguage\":\"lv-LV\",\"@id\":\"https:\/\/carnitec.com\/lv\/#\/schema\/logo\/image\/\",\"url\":\"http:\/\/carnitec.com\/wp-content\/uploads\/2018\/01\/carnitec_logo_2018.png\",\"contentUrl\":\"http:\/\/carnitec.com\/wp-content\/uploads\/2018\/01\/carnitec_logo_2018.png\",\"width\":180,\"height\":50,\"caption\":\"Carnitec - food processing equipment\"},\"image\":{\"@id\":\"https:\/\/carnitec.com\/lv\/#\/schema\/logo\/image\/\"}}]}<\/script>\n<!-- \/ Yoast SEO plugin. -->","yoast_head_json":{"title":"Ienes\u012bguma kontrole - Carnitec","robots":{"index":"index","follow":"follow","max-snippet":"max-snippet:-1","max-image-preview":"max-image-preview:large","max-video-preview":"max-video-preview:-1"},"canonical":"https:\/\/carnitec.com\/lv\/products\/ienesiguma-kontrole\/","og_locale":"lv_LV","og_type":"article","og_title":"Ienes\u012bguma kontrole - Carnitec","og_description":"Rentabilit\u0101tei ir b\u016btiska tie\u0161a ietekme uz pe\u013c\u0146u. T\u0101 k\u0101 70-75% no gala produkta izmaks\u0101m ir saist\u012bts ar izejviel\u0101m, ir \u013coti svar\u012bgi r\u016bp\u012bgi kontrol\u0113t faktisko ra\u017eu sal\u012bdzin\u0101jum\u0101 ar gaid\u0101mo.","og_url":"https:\/\/carnitec.com\/lv\/products\/ienesiguma-kontrole\/","og_site_name":"Carnitec","article_publisher":"https:\/\/facebook.com\/carnitec1","og_image":[{"width":250,"height":250,"url":"https:\/\/carnitec.com\/wp-content\/uploads\/2019\/02\/yield.jpg","type":"image\/jpeg"}],"twitter_card":"summary","twitter_site":"@carnitec_","twitter_misc":{"Est. reading time":"1 min\u016b\u0161u"},"schema":{"@context":"https:\/\/schema.org","@graph":[{"@type":"WebPage","@id":"https:\/\/carnitec.com\/lv\/products\/ienesiguma-kontrole\/","url":"https:\/\/carnitec.com\/lv\/products\/ienesiguma-kontrole\/","name":"Ienes\u012bguma kontrole - Carnitec","isPartOf":{"@id":"https:\/\/carnitec.com\/lv\/#website"},"datePublished":"2019-02-19T09:22:10+00:00","dateModified":"2019-02-19T09:22:10+00:00","breadcrumb":{"@id":"https:\/\/carnitec.com\/lv\/products\/ienesiguma-kontrole\/#breadcrumb"},"inLanguage":"lv-LV","potentialAction":[{"@type":"ReadAction","target":["https:\/\/carnitec.com\/lv\/products\/ienesiguma-kontrole\/"]}]},{"@type":"BreadcrumbList","@id":"https:\/\/carnitec.com\/lv\/products\/ienesiguma-kontrole\/#breadcrumb","itemListElement":[{"@type":"ListItem","position":1,"name":"\u0413\u043b\u0430\u0432\u043d\u0430\u044f \u0441\u0442\u0440\u0430\u043d\u0438\u0446\u0430","item":"https:\/\/carnitec.com\/lv\/"},{"@type":"ListItem","position":2,"name":"\u0422\u043e\u0432\u0430\u0440\u044b","item":"https:\/\/carnitec.com\/shop\/"},{"@type":"ListItem","position":3,"name":"Ienes\u012bguma kontrole"}]},{"@type":"WebSite","@id":"https:\/\/carnitec.com\/lv\/#website","url":"https:\/\/carnitec.com\/lv\/","name":"Carnitec","description":"P\u0101rtikas r\u016bpniec\u012bbas iek\u0101rtas","publisher":{"@id":"https:\/\/carnitec.com\/lv\/#organization"},"potentialAction":[{"@type":"SearchAction","target":{"@type":"EntryPoint","urlTemplate":"https:\/\/carnitec.com\/lv\/?s={search_term_string}"},"query-input":"required name=search_term_string"}],"inLanguage":"lv-LV"},{"@type":"Organization","@id":"https:\/\/carnitec.com\/lv\/#organization","name":"Carnitec - food processing equipment","url":"https:\/\/carnitec.com\/lv\/","sameAs":["https:\/\/www.instagram.com\/carnitec\/?hl=en","https:\/\/www.linkedin.com\/company\/carnitec-ltd\/","https:\/\/www.youtube.com\/channel\/UCwfiuJujkF2QxPPZAqB0T2w","https:\/\/facebook.com\/carnitec1","https:\/\/twitter.com\/carnitec_"],"logo":{"@type":"ImageObject","inLanguage":"lv-LV","@id":"https:\/\/carnitec.com\/lv\/#\/schema\/logo\/image\/","url":"http:\/\/carnitec.com\/wp-content\/uploads\/2018\/01\/carnitec_logo_2018.png","contentUrl":"http:\/\/carnitec.com\/wp-content\/uploads\/2018\/01\/carnitec_logo_2018.png","width":180,"height":50,"caption":"Carnitec - food processing equipment"},"image":{"@id":"https:\/\/carnitec.com\/lv\/#\/schema\/logo\/image\/"}}]}},"_links":{"self":[{"href":"https:\/\/carnitec.com\/lv\/wp-json\/wp\/v2\/product\/43635"}],"collection":[{"href":"https:\/\/carnitec.com\/lv\/wp-json\/wp\/v2\/product"}],"about":[{"href":"https:\/\/carnitec.com\/lv\/wp-json\/wp\/v2\/types\/product"}],"wp:featuredmedia":[{"embeddable":true,"href":"https:\/\/carnitec.com\/lv\/wp-json\/wp\/v2\/media\/43621"}],"wp:attachment":[{"href":"https:\/\/carnitec.com\/lv\/wp-json\/wp\/v2\/media?parent=43635"}],"wp:term":[{"taxonomy":"product_cat","embeddable":true,"href":"https:\/\/carnitec.com\/lv\/wp-json\/wp\/v2\/product_cat?post=43635"},{"taxonomy":"product_tag","embeddable":true,"href":"https:\/\/carnitec.com\/lv\/wp-json\/wp\/v2\/product_tag?post=43635"}],"curies":[{"name":"wp","href":"https:\/\/api.w.org\/{rel}","templated":true}]}}