{"id":43510,"date":"2019-02-06T15:04:32","date_gmt":"2019-02-06T13:45:30","guid":{"rendered":"http:\/\/carnitec.com\/?post_type=product&#038;p=43510"},"modified":"2019-07-23T15:26:22","modified_gmt":"2019-07-23T13:26:22","slug":"sistema-oglusheniya-co2","status":"publish","type":"product","link":"https:\/\/carnitec.com\/lv\/products\/sistema-oglusheniya-co2\/","title":{"rendered":"CO2 c\u016bku apdullin\u0101\u0161anas sist\u0113ma"},"content":{"rendered":"<p>Frontmatec CO2 c\u016bku apdullin\u0101\u0161anas sist\u0113ma nodro\u0161ina dro\u0161u apdullin\u0101\u0161anas c\u016bku grupu ar augstu dz\u012bvnieku labtur\u012bbu, augstu higi\u0113nu un dro\u0161\u012bbu apdullin\u0101\u0161anas operatoriem.<\/p>\n<p><a href=\"https:\/\/www.carnitec.com\/wp-content\/uploads\/2019\/02\/co2.jpg\" data-rel=\"lightbox-image-0\" data-rl_title=\"\" data-rl_caption=\"\" title=\"\"><img class=\"alignnone size-full wp-image-45619\" src=\"https:\/\/www.carnitec.com\/wp-content\/uploads\/2019\/02\/co2.jpg\" alt=\"co2\" width=\"570\" height=\"471\" srcset=\"https:\/\/carnitec.com\/wp-content\/uploads\/2019\/02\/co2.jpg 570w, https:\/\/carnitec.com\/wp-content\/uploads\/2019\/02\/co2-300x248.jpg 300w\" sizes=\"(max-width: 570px) 100vw, 570px\" \/><\/a><\/p>\n<p><!--more--><\/p>\n<p>K\u0101p\u0113c Frontmatec CO2 ir lielisks:<\/p>\n<ul>\n<li>Uzlabota ga\u013cas kvalit\u0101te tiek pan\u0101kta, \u0101tri p\u0101rv\u0113r\u0161ot dz\u012bvniekus uz kontrol\u0113tu CO2 koncentr\u0101ciju.<\/li>\n<li>Samaziniet apdullin\u0101\u0161anas operatorus, izmantojot satrieco\u0161as grupas<\/li>\n<li>Skalo\u0161anas t\u012br\u012b\u0161anas sist\u0113ma<\/li>\n<li>Optim\u0101la ma\u0161\u012bnas iztur\u012bba un darba laiks, pateicoties jaun\u0101kaj\u0101m tehnolo\u0123ij\u0101m, jo \u200b\u200bt\u0101 ir apr\u012bkota ar centr\u0101lo e\u013c\u013co\u0161anas sist\u0113mu un gondolas, kas p\u0101rvietojas optim\u0101l\u0101 pa\u0101trin\u0101jumu, \u0101trumu un pal\u0113nin\u0101jumu kombin\u0101cij\u0101<\/li>\n<li>Minimiz\u0113ta apkope un serviss, jo ir viegli piek\u013c\u016bt elektrisk\u0101m un cit\u0101m svar\u012bg\u0101m da\u013c\u0101m<\/li>\n<\/ul>\n<p>&nbsp;<\/p>\n","protected":false},"excerpt":{"rendered":"<p class=\"text-center headline\">Frontmatec CO2 sist\u0113ma ir apr\u012bkota ar apdullin\u0101\u0161anas efekta mazg\u0101\u0161anas sist\u0113mu. P\u0113c pabeig\u0161anas t\u012br\u012b\u0161anas sist\u0113ma autom\u0101tiski izt\u012bra nacellas no \u0101rpuses un da\u013c\u0113ji, kas iev\u0113rojami samazina kop\u0113jo t\u012br\u012b\u0161anas laiku. T\u0101 k\u0101 visas ma\u0161\u012bnas iek\u0161\u0113j\u0101s virsmas ir gludas, tas veicina ar\u012b minim\u0101lo t\u012br\u012b\u0161anas laiku. Vad\u012bt\u0101ji un sensori atrodas \u0101rpus ma\u0161\u012bnas, lai samazin\u0101tu nodilumu un nodro\u0161in\u0101tu minim\u0101lu apkopi boj\u0101juma gad\u012bjum\u0101<\/p>\n","protected":false},"featured_media":45615,"template":"","meta":{"content-type":"","_monsterinsights_skip_tracking":false,"_monsterinsights_sitenote_active":false,"_monsterinsights_sitenote_note":"","_monsterinsights_sitenote_category":0},"product_cat":[959,923],"product_tag":[],"yoast_head":"<!-- This site is optimized with the Yoast SEO plugin v19.5.1 - https:\/\/yoast.com\/wordpress\/plugins\/seo\/ -->\n<title>CO2 c\u016bku apdullin\u0101\u0161anas sist\u0113ma - Carnitec<\/title>\n<meta name=\"description\" content=\"Improved meat quality ensured by quick transfer of the animals into a controlled CO2 concentration.\" \/>\n<meta name=\"robots\" content=\"index, follow, max-snippet:-1, max-image-preview:large, max-video-preview:-1\" \/>\n<link rel=\"canonical\" href=\"https:\/\/carnitec.com\/lv\/products\/sistema-oglusheniya-co2\/\" \/>\n<meta property=\"og:locale\" content=\"lv_LV\" \/>\n<meta property=\"og:type\" content=\"article\" \/>\n<meta property=\"og:title\" content=\"CO2 c\u016bku apdullin\u0101\u0161anas sist\u0113ma - Carnitec\" \/>\n<meta property=\"og:description\" content=\"Improved meat quality ensured by quick transfer of the animals into a controlled CO2 concentration.\" \/>\n<meta property=\"og:url\" content=\"https:\/\/carnitec.com\/lv\/products\/sistema-oglusheniya-co2\/\" \/>\n<meta property=\"og:site_name\" content=\"Carnitec\" \/>\n<meta property=\"article:publisher\" content=\"https:\/\/facebook.com\/carnitec1\" \/>\n<meta property=\"article:modified_time\" content=\"2019-07-23T13:26:22+00:00\" \/>\n<meta property=\"og:image\" content=\"https:\/\/carnitec.com\/wp-content\/uploads\/2019\/02\/co2-stunning-system.jpg\" \/>\n\t<meta property=\"og:image:width\" content=\"570\" \/>\n\t<meta property=\"og:image:height\" content=\"570\" \/>\n\t<meta property=\"og:image:type\" content=\"image\/jpeg\" \/>\n<meta name=\"twitter:card\" content=\"summary\" \/>\n<meta name=\"twitter:site\" content=\"@carnitec_\" \/>\n<meta name=\"twitter:label1\" content=\"Est. reading time\" \/>\n\t<meta name=\"twitter:data1\" content=\"1 min\u016b\u0161u\" \/>\n<script type=\"application\/ld+json\" class=\"yoast-schema-graph\">{\"@context\":\"https:\/\/schema.org\",\"@graph\":[{\"@type\":\"WebPage\",\"@id\":\"https:\/\/carnitec.com\/lv\/products\/sistema-oglusheniya-co2\/\",\"url\":\"https:\/\/carnitec.com\/lv\/products\/sistema-oglusheniya-co2\/\",\"name\":\"CO2 c\u016bku apdullin\u0101\u0161anas sist\u0113ma - Carnitec\",\"isPartOf\":{\"@id\":\"https:\/\/carnitec.com\/lv\/#website\"},\"datePublished\":\"2019-02-06T13:45:30+00:00\",\"dateModified\":\"2019-07-23T13:26:22+00:00\",\"description\":\"Improved meat quality ensured by quick transfer of the animals into a controlled CO2 concentration.\",\"breadcrumb\":{\"@id\":\"https:\/\/carnitec.com\/lv\/products\/sistema-oglusheniya-co2\/#breadcrumb\"},\"inLanguage\":\"lv-LV\",\"potentialAction\":[{\"@type\":\"ReadAction\",\"target\":[\"https:\/\/carnitec.com\/lv\/products\/sistema-oglusheniya-co2\/\"]}]},{\"@type\":\"BreadcrumbList\",\"@id\":\"https:\/\/carnitec.com\/lv\/products\/sistema-oglusheniya-co2\/#breadcrumb\",\"itemListElement\":[{\"@type\":\"ListItem\",\"position\":1,\"name\":\"\u0413\u043b\u0430\u0432\u043d\u0430\u044f \u0441\u0442\u0440\u0430\u043d\u0438\u0446\u0430\",\"item\":\"https:\/\/carnitec.com\/lv\/\"},{\"@type\":\"ListItem\",\"position\":2,\"name\":\"\u0422\u043e\u0432\u0430\u0440\u044b\",\"item\":\"https:\/\/carnitec.com\/shop\/\"},{\"@type\":\"ListItem\",\"position\":3,\"name\":\"CO2 c\u016bku apdullin\u0101\u0161anas sist\u0113ma\"}]},{\"@type\":\"WebSite\",\"@id\":\"https:\/\/carnitec.com\/lv\/#website\",\"url\":\"https:\/\/carnitec.com\/lv\/\",\"name\":\"Carnitec\",\"description\":\"P\u0101rtikas r\u016bpniec\u012bbas iek\u0101rtas\",\"publisher\":{\"@id\":\"https:\/\/carnitec.com\/lv\/#organization\"},\"potentialAction\":[{\"@type\":\"SearchAction\",\"target\":{\"@type\":\"EntryPoint\",\"urlTemplate\":\"https:\/\/carnitec.com\/lv\/?s={search_term_string}\"},\"query-input\":\"required name=search_term_string\"}],\"inLanguage\":\"lv-LV\"},{\"@type\":\"Organization\",\"@id\":\"https:\/\/carnitec.com\/lv\/#organization\",\"name\":\"Carnitec - food processing equipment\",\"url\":\"https:\/\/carnitec.com\/lv\/\",\"sameAs\":[\"https:\/\/www.instagram.com\/carnitec\/?hl=en\",\"https:\/\/www.linkedin.com\/company\/carnitec-ltd\/\",\"https:\/\/www.youtube.com\/channel\/UCwfiuJujkF2QxPPZAqB0T2w\",\"https:\/\/facebook.com\/carnitec1\",\"https:\/\/twitter.com\/carnitec_\"],\"logo\":{\"@type\":\"ImageObject\",\"inLanguage\":\"lv-LV\",\"@id\":\"https:\/\/carnitec.com\/lv\/#\/schema\/logo\/image\/\",\"url\":\"http:\/\/carnitec.com\/wp-content\/uploads\/2018\/01\/carnitec_logo_2018.png\",\"contentUrl\":\"http:\/\/carnitec.com\/wp-content\/uploads\/2018\/01\/carnitec_logo_2018.png\",\"width\":180,\"height\":50,\"caption\":\"Carnitec - food processing equipment\"},\"image\":{\"@id\":\"https:\/\/carnitec.com\/lv\/#\/schema\/logo\/image\/\"}}]}<\/script>\n<!-- \/ Yoast SEO plugin. -->","yoast_head_json":{"title":"CO2 c\u016bku apdullin\u0101\u0161anas sist\u0113ma - Carnitec","description":"Improved meat quality ensured by quick transfer of the animals into a controlled CO2 concentration.","robots":{"index":"index","follow":"follow","max-snippet":"max-snippet:-1","max-image-preview":"max-image-preview:large","max-video-preview":"max-video-preview:-1"},"canonical":"https:\/\/carnitec.com\/lv\/products\/sistema-oglusheniya-co2\/","og_locale":"lv_LV","og_type":"article","og_title":"CO2 c\u016bku apdullin\u0101\u0161anas sist\u0113ma - Carnitec","og_description":"Improved meat quality ensured by quick transfer of the animals into a controlled CO2 concentration.","og_url":"https:\/\/carnitec.com\/lv\/products\/sistema-oglusheniya-co2\/","og_site_name":"Carnitec","article_publisher":"https:\/\/facebook.com\/carnitec1","article_modified_time":"2019-07-23T13:26:22+00:00","og_image":[{"width":570,"height":570,"url":"https:\/\/carnitec.com\/wp-content\/uploads\/2019\/02\/co2-stunning-system.jpg","type":"image\/jpeg"}],"twitter_card":"summary","twitter_site":"@carnitec_","twitter_misc":{"Est. reading time":"1 min\u016b\u0161u"},"schema":{"@context":"https:\/\/schema.org","@graph":[{"@type":"WebPage","@id":"https:\/\/carnitec.com\/lv\/products\/sistema-oglusheniya-co2\/","url":"https:\/\/carnitec.com\/lv\/products\/sistema-oglusheniya-co2\/","name":"CO2 c\u016bku apdullin\u0101\u0161anas sist\u0113ma - Carnitec","isPartOf":{"@id":"https:\/\/carnitec.com\/lv\/#website"},"datePublished":"2019-02-06T13:45:30+00:00","dateModified":"2019-07-23T13:26:22+00:00","description":"Improved meat quality ensured by quick transfer of the animals into a controlled CO2 concentration.","breadcrumb":{"@id":"https:\/\/carnitec.com\/lv\/products\/sistema-oglusheniya-co2\/#breadcrumb"},"inLanguage":"lv-LV","potentialAction":[{"@type":"ReadAction","target":["https:\/\/carnitec.com\/lv\/products\/sistema-oglusheniya-co2\/"]}]},{"@type":"BreadcrumbList","@id":"https:\/\/carnitec.com\/lv\/products\/sistema-oglusheniya-co2\/#breadcrumb","itemListElement":[{"@type":"ListItem","position":1,"name":"\u0413\u043b\u0430\u0432\u043d\u0430\u044f \u0441\u0442\u0440\u0430\u043d\u0438\u0446\u0430","item":"https:\/\/carnitec.com\/lv\/"},{"@type":"ListItem","position":2,"name":"\u0422\u043e\u0432\u0430\u0440\u044b","item":"https:\/\/carnitec.com\/shop\/"},{"@type":"ListItem","position":3,"name":"CO2 c\u016bku apdullin\u0101\u0161anas sist\u0113ma"}]},{"@type":"WebSite","@id":"https:\/\/carnitec.com\/lv\/#website","url":"https:\/\/carnitec.com\/lv\/","name":"Carnitec","description":"P\u0101rtikas r\u016bpniec\u012bbas iek\u0101rtas","publisher":{"@id":"https:\/\/carnitec.com\/lv\/#organization"},"potentialAction":[{"@type":"SearchAction","target":{"@type":"EntryPoint","urlTemplate":"https:\/\/carnitec.com\/lv\/?s={search_term_string}"},"query-input":"required name=search_term_string"}],"inLanguage":"lv-LV"},{"@type":"Organization","@id":"https:\/\/carnitec.com\/lv\/#organization","name":"Carnitec - food processing equipment","url":"https:\/\/carnitec.com\/lv\/","sameAs":["https:\/\/www.instagram.com\/carnitec\/?hl=en","https:\/\/www.linkedin.com\/company\/carnitec-ltd\/","https:\/\/www.youtube.com\/channel\/UCwfiuJujkF2QxPPZAqB0T2w","https:\/\/facebook.com\/carnitec1","https:\/\/twitter.com\/carnitec_"],"logo":{"@type":"ImageObject","inLanguage":"lv-LV","@id":"https:\/\/carnitec.com\/lv\/#\/schema\/logo\/image\/","url":"http:\/\/carnitec.com\/wp-content\/uploads\/2018\/01\/carnitec_logo_2018.png","contentUrl":"http:\/\/carnitec.com\/wp-content\/uploads\/2018\/01\/carnitec_logo_2018.png","width":180,"height":50,"caption":"Carnitec - food processing equipment"},"image":{"@id":"https:\/\/carnitec.com\/lv\/#\/schema\/logo\/image\/"}}]}},"_links":{"self":[{"href":"https:\/\/carnitec.com\/lv\/wp-json\/wp\/v2\/product\/43510"}],"collection":[{"href":"https:\/\/carnitec.com\/lv\/wp-json\/wp\/v2\/product"}],"about":[{"href":"https:\/\/carnitec.com\/lv\/wp-json\/wp\/v2\/types\/product"}],"wp:featuredmedia":[{"embeddable":true,"href":"https:\/\/carnitec.com\/lv\/wp-json\/wp\/v2\/media\/45615"}],"wp:attachment":[{"href":"https:\/\/carnitec.com\/lv\/wp-json\/wp\/v2\/media?parent=43510"}],"wp:term":[{"taxonomy":"product_cat","embeddable":true,"href":"https:\/\/carnitec.com\/lv\/wp-json\/wp\/v2\/product_cat?post=43510"},{"taxonomy":"product_tag","embeddable":true,"href":"https:\/\/carnitec.com\/lv\/wp-json\/wp\/v2\/product_tag?post=43510"}],"curies":[{"name":"wp","href":"https:\/\/api.w.org\/{rel}","templated":true}]}}