{"id":43138,"date":"2019-01-04T11:30:29","date_gmt":"2019-01-04T10:04:09","guid":{"rendered":"http:\/\/carnitec.com\/?post_type=product&#038;p=43138"},"modified":"2019-01-04T12:06:36","modified_gmt":"2019-01-04T10:06:36","slug":"sadales-zagis-efa-sk-30-18","status":"publish","type":"product","link":"https:\/\/carnitec.com\/lv\/products\/sadales-zagis-efa-sk-30-18\/","title":{"rendered":"Sadales z\u0101\u0123is EFA SK 30\/18"},"content":{"rendered":"<p>Sadales z\u0101\u0123is EFA SK 30\/18<\/p>\n<p>Jaud\u012bgs sadales z\u0101\u0123is liellopu ga\u013cas sadalei uz pus\u0113m;<br \/>\nvid\u0113ja lieluma uz\u0146\u0113mumiem .<br \/>\nSp\u0113c\u012bgs univers\u0101ls motors, kas ir iztur\u012bgs pret \u0161\u013cakat\u0101m<br \/>\nAugsts grie\u0161anas dzi\u013cums<br \/>\nUzst\u0101d\u012bts, patent\u0113ts centrb\u0113dzes sp\u0113ka bremzes integr\u0113tai.<br \/>\nIztur\u012bga, neliela apkope.<\/p>\n<p>Tehniskie dati<\/p>\n<p>Motora jauda 2,40 ZS<br \/>\nSpriegums 1 PH<br \/>\nSvars 11 kg<br \/>\nAizsardz\u012bbas klase IP 24<br \/>\nRot\u0101cijas \u0101trums 1350 apgr.\/min<br \/>\nGriezuma dzi\u013cums 4 collas<br \/>\n\u00d8 no 12 collu z\u0101\u0123a pl\u0101tnes<\/p>\n<p>Pieg\u0101de:<\/p>\n<p>EFA SK 30\/18, 230 V (pas\u016bt\u012bjuma Nr. 110 890 406)<br \/>\nSK 30\/18\/42 V (110 890 407)<\/p>\n<p>* Ietverot z\u0101\u0123a asmeni (12 mm zobu)<\/p>\n<p><iframe loading=\"lazy\" title=\"EFA SK 30 18 konv\" width=\"640\" height=\"360\" src=\"https:\/\/www.youtube.com\/embed\/bCJQwCk_O9s?feature=oembed\" frameborder=\"0\" allow=\"accelerometer; autoplay; clipboard-write; encrypted-media; gyroscope; picture-in-picture\" allowfullscreen><\/iframe><\/p>\n","protected":false},"excerpt":{"rendered":"<p>Sadales z\u0101\u0123is EFA SK 30\/18<\/p>\n","protected":false},"featured_media":43134,"template":"","meta":{"content-type":"","_monsterinsights_skip_tracking":false,"_monsterinsights_sitenote_active":false,"_monsterinsights_sitenote_note":"","_monsterinsights_sitenote_category":0},"product_cat":[951,1963],"product_tag":[],"yoast_head":"<!-- This site is optimized with the Yoast SEO plugin v19.5.1 - https:\/\/yoast.com\/wordpress\/plugins\/seo\/ -->\n<title>Sadales z\u0101\u0123is EFA SK 30\/18 - Carnitec<\/title>\n<meta name=\"robots\" content=\"index, follow, max-snippet:-1, max-image-preview:large, max-video-preview:-1\" \/>\n<link rel=\"canonical\" href=\"https:\/\/carnitec.com\/lv\/products\/sadales-zagis-efa-sk-30-18\/\" \/>\n<meta property=\"og:locale\" content=\"lv_LV\" \/>\n<meta property=\"og:type\" content=\"article\" \/>\n<meta property=\"og:title\" content=\"Sadales z\u0101\u0123is EFA SK 30\/18 - Carnitec\" \/>\n<meta property=\"og:description\" content=\"Sadales z\u0101\u0123is EFA SK 30\/18\" \/>\n<meta property=\"og:url\" content=\"https:\/\/carnitec.com\/lv\/products\/sadales-zagis-efa-sk-30-18\/\" \/>\n<meta property=\"og:site_name\" content=\"Carnitec\" \/>\n<meta property=\"article:publisher\" content=\"https:\/\/facebook.com\/carnitec1\" \/>\n<meta property=\"article:modified_time\" content=\"2019-01-04T10:06:36+00:00\" \/>\n<meta property=\"og:image\" content=\"https:\/\/carnitec.com\/wp-content\/uploads\/2019\/01\/EFA-SK-30-18.jpg\" \/>\n\t<meta property=\"og:image:width\" content=\"600\" \/>\n\t<meta property=\"og:image:height\" content=\"367\" \/>\n\t<meta property=\"og:image:type\" content=\"image\/jpeg\" \/>\n<meta name=\"twitter:card\" content=\"summary\" \/>\n<meta name=\"twitter:site\" content=\"@carnitec_\" \/>\n<meta name=\"twitter:label1\" content=\"Est. reading time\" \/>\n\t<meta name=\"twitter:data1\" content=\"1 min\u016b\u0161u\" \/>\n<script type=\"application\/ld+json\" class=\"yoast-schema-graph\">{\"@context\":\"https:\/\/schema.org\",\"@graph\":[{\"@type\":\"WebPage\",\"@id\":\"https:\/\/carnitec.com\/lv\/products\/sadales-zagis-efa-sk-30-18\/\",\"url\":\"https:\/\/carnitec.com\/lv\/products\/sadales-zagis-efa-sk-30-18\/\",\"name\":\"Sadales z\u0101\u0123is EFA SK 30\/18 - Carnitec\",\"isPartOf\":{\"@id\":\"https:\/\/carnitec.com\/lv\/#website\"},\"datePublished\":\"2019-01-04T10:04:09+00:00\",\"dateModified\":\"2019-01-04T10:06:36+00:00\",\"breadcrumb\":{\"@id\":\"https:\/\/carnitec.com\/lv\/products\/sadales-zagis-efa-sk-30-18\/#breadcrumb\"},\"inLanguage\":\"lv-LV\",\"potentialAction\":[{\"@type\":\"ReadAction\",\"target\":[\"https:\/\/carnitec.com\/lv\/products\/sadales-zagis-efa-sk-30-18\/\"]}]},{\"@type\":\"BreadcrumbList\",\"@id\":\"https:\/\/carnitec.com\/lv\/products\/sadales-zagis-efa-sk-30-18\/#breadcrumb\",\"itemListElement\":[{\"@type\":\"ListItem\",\"position\":1,\"name\":\"\u0413\u043b\u0430\u0432\u043d\u0430\u044f \u0441\u0442\u0440\u0430\u043d\u0438\u0446\u0430\",\"item\":\"https:\/\/carnitec.com\/lv\/\"},{\"@type\":\"ListItem\",\"position\":2,\"name\":\"\u0422\u043e\u0432\u0430\u0440\u044b\",\"item\":\"https:\/\/carnitec.com\/shop\/\"},{\"@type\":\"ListItem\",\"position\":3,\"name\":\"Sadales z\u0101\u0123is EFA SK 30\/18\"}]},{\"@type\":\"WebSite\",\"@id\":\"https:\/\/carnitec.com\/lv\/#website\",\"url\":\"https:\/\/carnitec.com\/lv\/\",\"name\":\"Carnitec\",\"description\":\"P\u0101rtikas r\u016bpniec\u012bbas iek\u0101rtas\",\"publisher\":{\"@id\":\"https:\/\/carnitec.com\/lv\/#organization\"},\"potentialAction\":[{\"@type\":\"SearchAction\",\"target\":{\"@type\":\"EntryPoint\",\"urlTemplate\":\"https:\/\/carnitec.com\/lv\/?s={search_term_string}\"},\"query-input\":\"required name=search_term_string\"}],\"inLanguage\":\"lv-LV\"},{\"@type\":\"Organization\",\"@id\":\"https:\/\/carnitec.com\/lv\/#organization\",\"name\":\"Carnitec - food processing equipment\",\"url\":\"https:\/\/carnitec.com\/lv\/\",\"sameAs\":[\"https:\/\/www.instagram.com\/carnitec\/?hl=en\",\"https:\/\/www.linkedin.com\/company\/carnitec-ltd\/\",\"https:\/\/www.youtube.com\/channel\/UCwfiuJujkF2QxPPZAqB0T2w\",\"https:\/\/facebook.com\/carnitec1\",\"https:\/\/twitter.com\/carnitec_\"],\"logo\":{\"@type\":\"ImageObject\",\"inLanguage\":\"lv-LV\",\"@id\":\"https:\/\/carnitec.com\/lv\/#\/schema\/logo\/image\/\",\"url\":\"http:\/\/carnitec.com\/wp-content\/uploads\/2018\/01\/carnitec_logo_2018.png\",\"contentUrl\":\"http:\/\/carnitec.com\/wp-content\/uploads\/2018\/01\/carnitec_logo_2018.png\",\"width\":180,\"height\":50,\"caption\":\"Carnitec - food processing equipment\"},\"image\":{\"@id\":\"https:\/\/carnitec.com\/lv\/#\/schema\/logo\/image\/\"}}]}<\/script>\n<!-- \/ Yoast SEO plugin. -->","yoast_head_json":{"title":"Sadales z\u0101\u0123is EFA SK 30\/18 - Carnitec","robots":{"index":"index","follow":"follow","max-snippet":"max-snippet:-1","max-image-preview":"max-image-preview:large","max-video-preview":"max-video-preview:-1"},"canonical":"https:\/\/carnitec.com\/lv\/products\/sadales-zagis-efa-sk-30-18\/","og_locale":"lv_LV","og_type":"article","og_title":"Sadales z\u0101\u0123is EFA SK 30\/18 - Carnitec","og_description":"Sadales z\u0101\u0123is EFA SK 30\/18","og_url":"https:\/\/carnitec.com\/lv\/products\/sadales-zagis-efa-sk-30-18\/","og_site_name":"Carnitec","article_publisher":"https:\/\/facebook.com\/carnitec1","article_modified_time":"2019-01-04T10:06:36+00:00","og_image":[{"width":600,"height":367,"url":"https:\/\/carnitec.com\/wp-content\/uploads\/2019\/01\/EFA-SK-30-18.jpg","type":"image\/jpeg"}],"twitter_card":"summary","twitter_site":"@carnitec_","twitter_misc":{"Est. reading time":"1 min\u016b\u0161u"},"schema":{"@context":"https:\/\/schema.org","@graph":[{"@type":"WebPage","@id":"https:\/\/carnitec.com\/lv\/products\/sadales-zagis-efa-sk-30-18\/","url":"https:\/\/carnitec.com\/lv\/products\/sadales-zagis-efa-sk-30-18\/","name":"Sadales z\u0101\u0123is EFA SK 30\/18 - Carnitec","isPartOf":{"@id":"https:\/\/carnitec.com\/lv\/#website"},"datePublished":"2019-01-04T10:04:09+00:00","dateModified":"2019-01-04T10:06:36+00:00","breadcrumb":{"@id":"https:\/\/carnitec.com\/lv\/products\/sadales-zagis-efa-sk-30-18\/#breadcrumb"},"inLanguage":"lv-LV","potentialAction":[{"@type":"ReadAction","target":["https:\/\/carnitec.com\/lv\/products\/sadales-zagis-efa-sk-30-18\/"]}]},{"@type":"BreadcrumbList","@id":"https:\/\/carnitec.com\/lv\/products\/sadales-zagis-efa-sk-30-18\/#breadcrumb","itemListElement":[{"@type":"ListItem","position":1,"name":"\u0413\u043b\u0430\u0432\u043d\u0430\u044f \u0441\u0442\u0440\u0430\u043d\u0438\u0446\u0430","item":"https:\/\/carnitec.com\/lv\/"},{"@type":"ListItem","position":2,"name":"\u0422\u043e\u0432\u0430\u0440\u044b","item":"https:\/\/carnitec.com\/shop\/"},{"@type":"ListItem","position":3,"name":"Sadales z\u0101\u0123is EFA SK 30\/18"}]},{"@type":"WebSite","@id":"https:\/\/carnitec.com\/lv\/#website","url":"https:\/\/carnitec.com\/lv\/","name":"Carnitec","description":"P\u0101rtikas r\u016bpniec\u012bbas iek\u0101rtas","publisher":{"@id":"https:\/\/carnitec.com\/lv\/#organization"},"potentialAction":[{"@type":"SearchAction","target":{"@type":"EntryPoint","urlTemplate":"https:\/\/carnitec.com\/lv\/?s={search_term_string}"},"query-input":"required name=search_term_string"}],"inLanguage":"lv-LV"},{"@type":"Organization","@id":"https:\/\/carnitec.com\/lv\/#organization","name":"Carnitec - food processing equipment","url":"https:\/\/carnitec.com\/lv\/","sameAs":["https:\/\/www.instagram.com\/carnitec\/?hl=en","https:\/\/www.linkedin.com\/company\/carnitec-ltd\/","https:\/\/www.youtube.com\/channel\/UCwfiuJujkF2QxPPZAqB0T2w","https:\/\/facebook.com\/carnitec1","https:\/\/twitter.com\/carnitec_"],"logo":{"@type":"ImageObject","inLanguage":"lv-LV","@id":"https:\/\/carnitec.com\/lv\/#\/schema\/logo\/image\/","url":"http:\/\/carnitec.com\/wp-content\/uploads\/2018\/01\/carnitec_logo_2018.png","contentUrl":"http:\/\/carnitec.com\/wp-content\/uploads\/2018\/01\/carnitec_logo_2018.png","width":180,"height":50,"caption":"Carnitec - food processing equipment"},"image":{"@id":"https:\/\/carnitec.com\/lv\/#\/schema\/logo\/image\/"}}]}},"_links":{"self":[{"href":"https:\/\/carnitec.com\/lv\/wp-json\/wp\/v2\/product\/43138"}],"collection":[{"href":"https:\/\/carnitec.com\/lv\/wp-json\/wp\/v2\/product"}],"about":[{"href":"https:\/\/carnitec.com\/lv\/wp-json\/wp\/v2\/types\/product"}],"wp:featuredmedia":[{"embeddable":true,"href":"https:\/\/carnitec.com\/lv\/wp-json\/wp\/v2\/media\/43134"}],"wp:attachment":[{"href":"https:\/\/carnitec.com\/lv\/wp-json\/wp\/v2\/media?parent=43138"}],"wp:term":[{"taxonomy":"product_cat","embeddable":true,"href":"https:\/\/carnitec.com\/lv\/wp-json\/wp\/v2\/product_cat?post=43138"},{"taxonomy":"product_tag","embeddable":true,"href":"https:\/\/carnitec.com\/lv\/wp-json\/wp\/v2\/product_tag?post=43138"}],"curies":[{"name":"wp","href":"https:\/\/api.w.org\/{rel}","templated":true}]}}