{"id":42937,"date":"2016-11-22T19:57:34","date_gmt":"2018-11-10T18:09:21","guid":{"rendered":"http:\/\/carnitec.com\/?post_type=product&#038;p=42937"},"modified":"2018-11-10T20:09:21","modified_gmt":"2018-11-10T18:09:21","slug":"delikatesu-maisitaji-vakona-fm","status":"publish","type":"product","link":"https:\/\/carnitec.com\/lv\/products\/delikatesu-maisitaji-vakona-fm\/","title":{"rendered":"Delikate\u0161u mais\u012bt\u0101ji Vakona FM"},"content":{"rendered":"<p>Iek\u0101rtas paredz\u0113ta galvenok\u0101rt maigai apstr\u0101dei un smalko \u0113dienu un delikate\u0161u gatavo\u0161anai. Taj\u0101 pa\u0161\u0101 laik\u0101 iek\u0101rt var efekt\u012bvi p\u0101rst\u0101d\u0101t (jaukt un smalcin\u0101t) gan parastos produktus \u2013 no ga\u013cas l\u012bdz sal\u0101tiem.<\/p>\n<p>Iek\u0101rta paredz\u0113ta visu p\u0101rtikas veidu mais\u012b\u0161anai un gatavo\u0161anai, piem\u0113ram, salati, ga\u013ca, zivis, putnu ga\u013ca, ka ar\u012b pusfabrik\u0101tu ra\u017eo\u0161anai.<\/p>\n<p>Firmas <a href=\"http:\/\/carnitec.com\/lv\/products\/vakona-vm-60\/\">Vakona GmbH<\/a> mas\u0113t\u0101ju \u012bpa\u0161a konstrukcija \u013cauj veidot maigu, m\u012bkstu mas\u0101\u017eu, kas saglab\u0101 izejmateri\u0101la strukt\u016bru \u2013 \u012bpa\u0161a l\u0101psti\u0146a uzman\u012bgi un vienm\u0113r\u012bgi ietekm\u0113 uz produktu.<\/p>\n<p>VAKONA iek\u0101rtu pielieto\u0161anas joma ir \u013coti pla\u0161a: iz\u0146emot ga\u013cas un putnu ga\u013cas vi\u0146i lieliski apstr\u0101d\u0101 visda\u017e\u0101d\u0101kos materi\u0101lus, tostarp visu veidu ga\u013cas, d\u0101rze\u0146u, sieru un citu masu veidu.<\/p>\n<p>Vakuuma impuls\u012bvais savienojums pastiprina mas\u0113\u0161anas efektu: samazina procesa laiku, veicina vienm\u0113r\u012bg\u0101ku s\u0101ls atdal\u012b\u0161anu produkta iek\u0161ien\u0113. Mitrums ir labi saglab\u0101ts, un tas savuk\u0101rt samazina termisk\u0101s apstr\u0101des zudumus.<\/p>\n<p>Daudzfunkciju datorvad\u012bba ar nor\u0101di uz displeja no kop\u0113j\u0101 darba laika re\u017e\u012bmu, miera laiku, mainot poz\u012bciju konteinera, k\u0101 ar\u012b iesp\u0113ja izv\u0113l\u0113ties optim\u0101lo programmu \u2013 tas viss garant\u0113 augstu produkta kvalit\u0101ti.<\/p>\n<h2>Galven\u0101s priek\u0161roc\u012bbas un apr\u012bkojums:<\/h2>\n<ul>\n<li>\u0101truma regul\u0113\u0161ana ar potenciometru augstra\u017e\u012bgs vakuums\u016bknis ar autom\u0101tisku vakuuma padevi<br \/>\ngroz\u0101m\u0101 svira, ieskaitot no\u0146emams skr\u0101pis ar spiedpogu sist\u0113mu<br \/>\nroku b\u013codas noliek\u0161ana<br \/>\n4 rite\u0146i (2 rite\u0146i ar fiks\u0113\u0161anu)<br \/>\nNer.terauda konstrukcija<br \/>\np\u0101rnesuma motors ar main\u012bgu \u0101trumu<br \/>\ntilpums: 60-1800 l<br \/>\nsajauk\u0161anas roka ar no\u0146emamu skr\u0101pi<\/li>\n<\/ul>\n","protected":false},"excerpt":{"rendered":"<p>Iek\u0101rta paredz\u0113ta visu p\u0101rtikas veidu mais\u012b\u0161anai un gatavo\u0161anai, piem\u0113ram, salati, ga\u013ca, zivis, putnu ga\u013ca, ka ar\u012b pusfabrik\u0101tu ra\u017eo\u0161anai.<\/p>\n","protected":false},"featured_media":11410,"template":"","meta":{"content-type":"","_monsterinsights_skip_tracking":false,"_monsterinsights_sitenote_active":false,"_monsterinsights_sitenote_note":"","_monsterinsights_sitenote_category":0},"product_cat":[931,1203,1405,869],"product_tag":[],"yoast_head":"<!-- This site is optimized with the Yoast SEO plugin v19.5.1 - https:\/\/yoast.com\/wordpress\/plugins\/seo\/ -->\n<title>Delikate\u0161u mais\u012bt\u0101ji Vakona FM - Carnitec<\/title>\n<meta name=\"description\" content=\"Iek\u0101rta paredz\u0113ta visu p\u0101rtikas veidu mais\u012b\u0161anai un gatavo\u0161anai, piem\u0113ram, salati, ga\u013ca, zivis, putnu ga\u013ca, ka ar\u012b pusfabrik\u0101tu ra\u017eo\u0161anai.\" \/>\n<meta name=\"robots\" content=\"index, follow, max-snippet:-1, max-image-preview:large, max-video-preview:-1\" \/>\n<link rel=\"canonical\" href=\"https:\/\/carnitec.com\/lv\/products\/delikatesu-maisitaji-vakona-fm\/\" \/>\n<meta property=\"og:locale\" content=\"lv_LV\" \/>\n<meta property=\"og:type\" content=\"article\" \/>\n<meta property=\"og:title\" content=\"Delikate\u0161u mais\u012bt\u0101ji Vakona FM - Carnitec\" \/>\n<meta property=\"og:description\" content=\"Iek\u0101rta paredz\u0113ta visu p\u0101rtikas veidu mais\u012b\u0161anai un gatavo\u0161anai, piem\u0113ram, salati, ga\u013ca, zivis, putnu ga\u013ca, ka ar\u012b pusfabrik\u0101tu ra\u017eo\u0161anai.\" \/>\n<meta property=\"og:url\" content=\"https:\/\/carnitec.com\/lv\/products\/delikatesu-maisitaji-vakona-fm\/\" \/>\n<meta property=\"og:site_name\" content=\"Carnitec\" \/>\n<meta property=\"article:publisher\" content=\"https:\/\/facebook.com\/carnitec1\" \/>\n<meta property=\"og:image\" content=\"https:\/\/carnitec.com\/wp-content\/uploads\/2016\/11\/FM-350-STL-1.jpg\" \/>\n\t<meta property=\"og:image:width\" content=\"600\" \/>\n\t<meta property=\"og:image:height\" content=\"600\" \/>\n\t<meta property=\"og:image:type\" content=\"image\/jpeg\" \/>\n<meta name=\"twitter:card\" content=\"summary\" \/>\n<meta name=\"twitter:site\" content=\"@carnitec_\" \/>\n<meta name=\"twitter:label1\" content=\"Est. reading time\" \/>\n\t<meta name=\"twitter:data1\" content=\"1 min\u016b\u0161u\" \/>\n<script type=\"application\/ld+json\" class=\"yoast-schema-graph\">{\"@context\":\"https:\/\/schema.org\",\"@graph\":[{\"@type\":\"WebPage\",\"@id\":\"https:\/\/carnitec.com\/lv\/products\/delikatesu-maisitaji-vakona-fm\/\",\"url\":\"https:\/\/carnitec.com\/lv\/products\/delikatesu-maisitaji-vakona-fm\/\",\"name\":\"Delikate\u0161u mais\u012bt\u0101ji Vakona FM - Carnitec\",\"isPartOf\":{\"@id\":\"https:\/\/carnitec.com\/lv\/#website\"},\"datePublished\":\"2018-11-10T18:09:21+00:00\",\"dateModified\":\"2018-11-10T18:09:21+00:00\",\"description\":\"Iek\u0101rta paredz\u0113ta visu p\u0101rtikas veidu mais\u012b\u0161anai un gatavo\u0161anai, piem\u0113ram, salati, ga\u013ca, zivis, putnu ga\u013ca, ka ar\u012b pusfabrik\u0101tu ra\u017eo\u0161anai.\",\"breadcrumb\":{\"@id\":\"https:\/\/carnitec.com\/lv\/products\/delikatesu-maisitaji-vakona-fm\/#breadcrumb\"},\"inLanguage\":\"lv-LV\",\"potentialAction\":[{\"@type\":\"ReadAction\",\"target\":[\"https:\/\/carnitec.com\/lv\/products\/delikatesu-maisitaji-vakona-fm\/\"]}]},{\"@type\":\"BreadcrumbList\",\"@id\":\"https:\/\/carnitec.com\/lv\/products\/delikatesu-maisitaji-vakona-fm\/#breadcrumb\",\"itemListElement\":[{\"@type\":\"ListItem\",\"position\":1,\"name\":\"\u0413\u043b\u0430\u0432\u043d\u0430\u044f \u0441\u0442\u0440\u0430\u043d\u0438\u0446\u0430\",\"item\":\"https:\/\/carnitec.com\/lv\/\"},{\"@type\":\"ListItem\",\"position\":2,\"name\":\"\u0422\u043e\u0432\u0430\u0440\u044b\",\"item\":\"https:\/\/carnitec.com\/shop\/\"},{\"@type\":\"ListItem\",\"position\":3,\"name\":\"Delikate\u0161u mais\u012bt\u0101ji Vakona FM\"}]},{\"@type\":\"WebSite\",\"@id\":\"https:\/\/carnitec.com\/lv\/#website\",\"url\":\"https:\/\/carnitec.com\/lv\/\",\"name\":\"Carnitec\",\"description\":\"P\u0101rtikas r\u016bpniec\u012bbas iek\u0101rtas\",\"publisher\":{\"@id\":\"https:\/\/carnitec.com\/lv\/#organization\"},\"potentialAction\":[{\"@type\":\"SearchAction\",\"target\":{\"@type\":\"EntryPoint\",\"urlTemplate\":\"https:\/\/carnitec.com\/lv\/?s={search_term_string}\"},\"query-input\":\"required name=search_term_string\"}],\"inLanguage\":\"lv-LV\"},{\"@type\":\"Organization\",\"@id\":\"https:\/\/carnitec.com\/lv\/#organization\",\"name\":\"Carnitec - food processing equipment\",\"url\":\"https:\/\/carnitec.com\/lv\/\",\"sameAs\":[\"https:\/\/www.instagram.com\/carnitec\/?hl=en\",\"https:\/\/www.linkedin.com\/company\/carnitec-ltd\/\",\"https:\/\/www.youtube.com\/channel\/UCwfiuJujkF2QxPPZAqB0T2w\",\"https:\/\/facebook.com\/carnitec1\",\"https:\/\/twitter.com\/carnitec_\"],\"logo\":{\"@type\":\"ImageObject\",\"inLanguage\":\"lv-LV\",\"@id\":\"https:\/\/carnitec.com\/lv\/#\/schema\/logo\/image\/\",\"url\":\"http:\/\/carnitec.com\/wp-content\/uploads\/2018\/01\/carnitec_logo_2018.png\",\"contentUrl\":\"http:\/\/carnitec.com\/wp-content\/uploads\/2018\/01\/carnitec_logo_2018.png\",\"width\":180,\"height\":50,\"caption\":\"Carnitec - food processing equipment\"},\"image\":{\"@id\":\"https:\/\/carnitec.com\/lv\/#\/schema\/logo\/image\/\"}}]}<\/script>\n<!-- \/ Yoast SEO plugin. -->","yoast_head_json":{"title":"Delikate\u0161u mais\u012bt\u0101ji Vakona FM - Carnitec","description":"Iek\u0101rta paredz\u0113ta visu p\u0101rtikas veidu mais\u012b\u0161anai un gatavo\u0161anai, piem\u0113ram, salati, ga\u013ca, zivis, putnu ga\u013ca, ka ar\u012b pusfabrik\u0101tu ra\u017eo\u0161anai.","robots":{"index":"index","follow":"follow","max-snippet":"max-snippet:-1","max-image-preview":"max-image-preview:large","max-video-preview":"max-video-preview:-1"},"canonical":"https:\/\/carnitec.com\/lv\/products\/delikatesu-maisitaji-vakona-fm\/","og_locale":"lv_LV","og_type":"article","og_title":"Delikate\u0161u mais\u012bt\u0101ji Vakona FM - Carnitec","og_description":"Iek\u0101rta paredz\u0113ta visu p\u0101rtikas veidu mais\u012b\u0161anai un gatavo\u0161anai, piem\u0113ram, salati, ga\u013ca, zivis, putnu ga\u013ca, ka ar\u012b pusfabrik\u0101tu ra\u017eo\u0161anai.","og_url":"https:\/\/carnitec.com\/lv\/products\/delikatesu-maisitaji-vakona-fm\/","og_site_name":"Carnitec","article_publisher":"https:\/\/facebook.com\/carnitec1","og_image":[{"width":600,"height":600,"url":"https:\/\/carnitec.com\/wp-content\/uploads\/2016\/11\/FM-350-STL-1.jpg","type":"image\/jpeg"}],"twitter_card":"summary","twitter_site":"@carnitec_","twitter_misc":{"Est. reading time":"1 min\u016b\u0161u"},"schema":{"@context":"https:\/\/schema.org","@graph":[{"@type":"WebPage","@id":"https:\/\/carnitec.com\/lv\/products\/delikatesu-maisitaji-vakona-fm\/","url":"https:\/\/carnitec.com\/lv\/products\/delikatesu-maisitaji-vakona-fm\/","name":"Delikate\u0161u mais\u012bt\u0101ji Vakona FM - Carnitec","isPartOf":{"@id":"https:\/\/carnitec.com\/lv\/#website"},"datePublished":"2018-11-10T18:09:21+00:00","dateModified":"2018-11-10T18:09:21+00:00","description":"Iek\u0101rta paredz\u0113ta visu p\u0101rtikas veidu mais\u012b\u0161anai un gatavo\u0161anai, piem\u0113ram, salati, ga\u013ca, zivis, putnu ga\u013ca, ka ar\u012b pusfabrik\u0101tu ra\u017eo\u0161anai.","breadcrumb":{"@id":"https:\/\/carnitec.com\/lv\/products\/delikatesu-maisitaji-vakona-fm\/#breadcrumb"},"inLanguage":"lv-LV","potentialAction":[{"@type":"ReadAction","target":["https:\/\/carnitec.com\/lv\/products\/delikatesu-maisitaji-vakona-fm\/"]}]},{"@type":"BreadcrumbList","@id":"https:\/\/carnitec.com\/lv\/products\/delikatesu-maisitaji-vakona-fm\/#breadcrumb","itemListElement":[{"@type":"ListItem","position":1,"name":"\u0413\u043b\u0430\u0432\u043d\u0430\u044f \u0441\u0442\u0440\u0430\u043d\u0438\u0446\u0430","item":"https:\/\/carnitec.com\/lv\/"},{"@type":"ListItem","position":2,"name":"\u0422\u043e\u0432\u0430\u0440\u044b","item":"https:\/\/carnitec.com\/shop\/"},{"@type":"ListItem","position":3,"name":"Delikate\u0161u mais\u012bt\u0101ji Vakona FM"}]},{"@type":"WebSite","@id":"https:\/\/carnitec.com\/lv\/#website","url":"https:\/\/carnitec.com\/lv\/","name":"Carnitec","description":"P\u0101rtikas r\u016bpniec\u012bbas iek\u0101rtas","publisher":{"@id":"https:\/\/carnitec.com\/lv\/#organization"},"potentialAction":[{"@type":"SearchAction","target":{"@type":"EntryPoint","urlTemplate":"https:\/\/carnitec.com\/lv\/?s={search_term_string}"},"query-input":"required name=search_term_string"}],"inLanguage":"lv-LV"},{"@type":"Organization","@id":"https:\/\/carnitec.com\/lv\/#organization","name":"Carnitec - food processing equipment","url":"https:\/\/carnitec.com\/lv\/","sameAs":["https:\/\/www.instagram.com\/carnitec\/?hl=en","https:\/\/www.linkedin.com\/company\/carnitec-ltd\/","https:\/\/www.youtube.com\/channel\/UCwfiuJujkF2QxPPZAqB0T2w","https:\/\/facebook.com\/carnitec1","https:\/\/twitter.com\/carnitec_"],"logo":{"@type":"ImageObject","inLanguage":"lv-LV","@id":"https:\/\/carnitec.com\/lv\/#\/schema\/logo\/image\/","url":"http:\/\/carnitec.com\/wp-content\/uploads\/2018\/01\/carnitec_logo_2018.png","contentUrl":"http:\/\/carnitec.com\/wp-content\/uploads\/2018\/01\/carnitec_logo_2018.png","width":180,"height":50,"caption":"Carnitec - food processing equipment"},"image":{"@id":"https:\/\/carnitec.com\/lv\/#\/schema\/logo\/image\/"}}]}},"_links":{"self":[{"href":"https:\/\/carnitec.com\/lv\/wp-json\/wp\/v2\/product\/42937"}],"collection":[{"href":"https:\/\/carnitec.com\/lv\/wp-json\/wp\/v2\/product"}],"about":[{"href":"https:\/\/carnitec.com\/lv\/wp-json\/wp\/v2\/types\/product"}],"wp:featuredmedia":[{"embeddable":true,"href":"https:\/\/carnitec.com\/lv\/wp-json\/wp\/v2\/media\/11410"}],"wp:attachment":[{"href":"https:\/\/carnitec.com\/lv\/wp-json\/wp\/v2\/media?parent=42937"}],"wp:term":[{"taxonomy":"product_cat","embeddable":true,"href":"https:\/\/carnitec.com\/lv\/wp-json\/wp\/v2\/product_cat?post=42937"},{"taxonomy":"product_tag","embeddable":true,"href":"https:\/\/carnitec.com\/lv\/wp-json\/wp\/v2\/product_tag?post=42937"}],"curies":[{"name":"wp","href":"https:\/\/api.w.org\/{rel}","templated":true}]}}