{"id":41848,"date":"2018-04-18T14:59:51","date_gmt":"2018-06-07T15:41:57","guid":{"rendered":"https:\/\/staging1.carnitec.com\/?post_type=product&#038;p=41848"},"modified":"2019-04-24T11:42:53","modified_gmt":"2019-04-24T09:42:53","slug":"gaisa-roku-zavetajs-tri-blade","status":"publish","type":"product","link":"https:\/\/carnitec.com\/lv\/products\/gaisa-roku-zavetajs-tri-blade\/","title":{"rendered":"Gaisa Roku \u017e\u0101v\u0113t\u0101js Tri-Blade"},"content":{"rendered":"<p>Tri-Blade Gaisa Roku \u017e\u0101v\u0113t\u0101js, Microban\u00ae pretmikrolo tehnolo\u0123ija &#8211; nov\u0113r\u0161 bakt\u0113riju izplat\u012b\u0161anos, pat\u0113r\u0113 l\u012bdz pat 85% maz\u0101k elektr\u012bbas nek\u0101 standarta \u017e\u0101v\u0113t\u0101ji, virsb\u016bve &#8211; ABC, \u0137erme\u0146a apdare &#8211; balta, autom\u0101tiska, jauda 1760 W, gaisa \u0101trums 340 km \/ h, roku \u017e\u0101v\u0113\u0161anas laiks 6-10 sekundes, IPX1 aizsardz\u012bbas l\u012bmenis, trok\u0161\u0146u l\u012bmenis 75 db, grunts\u016bdens panna ar autom\u0101tisko uzpildes sign\u0101lu, izm\u0113ri: augstums 617 mm, platums 300 mm, dzi\u013cums 195 mm, svars 9.55 kg<\/p>\n<p>Produkta apraksts:<\/p>\n<p>Roku \u017e\u0101v\u0113\u0161anas laiks: no 6 l\u012bdz 10 sekund\u0113m<br \/>\nBez sild\u012b\u0161anas elementa &#8211; piln\u012bga higi\u0113na.<br \/>\nSavienojam\u012bba 220-230 V.<br \/>\nMicroban\u00ae pretmikrolo tehnolo\u0123ija &#8211; nov\u0113r\u0161 bakt\u0113riju izplat\u012b\u0161anos<br \/>\nPat\u0113r\u0113 l\u012bdz pat par 85% maz\u0101k elektr\u012bbas sal\u012bdzin\u0101jum\u0101 ar standarta \u017e\u0101v\u0113t\u0101jiem<br \/>\nJauda 1760 W, trok\u0161\u0146u l\u012bmenis 75 dB<br \/>\nPalete \u016bdens novad\u012b\u0161anai ar viegli t\u012br\u012btu.<br \/>\nKomplekt\u0101 ietilpst birste notekas t\u012br\u012b\u0161anai.<br \/>\nPalet\u0113 ir autom\u0101tiska gaismas sign\u0101la kontrole \u016bdens piepild\u012b\u0161anai.<br \/>\nGaisa \u0101trums: 340 km \/ h.<br \/>\nSvars 9,55 kg<br \/>\nAugstas iztur\u012bbas ABS plastmasa.<\/p>\n","protected":false},"excerpt":{"rendered":"<p>Filtrs ar rok\u0101m bez kontakta<\/p>\n<p>HEPA uz\u0146\u0113mums. Viegli t\u012br\u0101ms, pateicoties Microban integr\u0113tajai antibakteri\u0101lajai sist\u0113mai. Kondens\u0101ta tvertne.<br \/>\nJauda: 1 x 230 B + N + PE, 50 Hz<\/p>\n","protected":false},"featured_media":44419,"template":"","meta":{"content-type":"","_monsterinsights_skip_tracking":false,"_monsterinsights_sitenote_active":false,"_monsterinsights_sitenote_note":"","_monsterinsights_sitenote_category":0},"product_cat":[889,893],"product_tag":[],"yoast_head":"<!-- This site is optimized with the Yoast SEO plugin v19.5.1 - https:\/\/yoast.com\/wordpress\/plugins\/seo\/ -->\n<title>Gaisa Roku \u017e\u0101v\u0113t\u0101js Tri-Blade - Carnitec<\/title>\n<meta name=\"robots\" content=\"index, follow, max-snippet:-1, max-image-preview:large, max-video-preview:-1\" \/>\n<link rel=\"canonical\" href=\"https:\/\/carnitec.com\/lv\/products\/gaisa-roku-zavetajs-tri-blade\/\" \/>\n<meta property=\"og:locale\" content=\"lv_LV\" \/>\n<meta property=\"og:type\" content=\"article\" \/>\n<meta property=\"og:title\" content=\"Gaisa Roku \u017e\u0101v\u0113t\u0101js Tri-Blade - Carnitec\" \/>\n<meta property=\"og:description\" content=\"Filtrs ar rok\u0101m bez kontakta  HEPA uz\u0146\u0113mums. Viegli t\u012br\u0101ms, pateicoties Microban integr\u0113tajai antibakteri\u0101lajai sist\u0113mai. Kondens\u0101ta tvertne. Jauda: 1 x 230 B + N + PE, 50 Hz\" \/>\n<meta property=\"og:url\" content=\"https:\/\/carnitec.com\/lv\/products\/gaisa-roku-zavetajs-tri-blade\/\" \/>\n<meta property=\"og:site_name\" content=\"Carnitec\" \/>\n<meta property=\"article:publisher\" content=\"https:\/\/facebook.com\/carnitec1\" \/>\n<meta property=\"article:modified_time\" content=\"2019-04-24T09:42:53+00:00\" \/>\n<meta property=\"og:image\" content=\"https:\/\/carnitec.com\/wp-content\/uploads\/2018\/04\/500089-T-ASa.jpg\" \/>\n\t<meta property=\"og:image:width\" content=\"1000\" \/>\n\t<meta property=\"og:image:height\" content=\"1000\" \/>\n\t<meta property=\"og:image:type\" content=\"image\/jpeg\" \/>\n<meta name=\"twitter:card\" content=\"summary\" \/>\n<meta name=\"twitter:site\" content=\"@carnitec_\" \/>\n<meta name=\"twitter:label1\" content=\"Est. reading time\" \/>\n\t<meta name=\"twitter:data1\" content=\"1 min\u016b\u0161u\" \/>\n<script type=\"application\/ld+json\" class=\"yoast-schema-graph\">{\"@context\":\"https:\/\/schema.org\",\"@graph\":[{\"@type\":\"WebPage\",\"@id\":\"https:\/\/carnitec.com\/lv\/products\/gaisa-roku-zavetajs-tri-blade\/\",\"url\":\"https:\/\/carnitec.com\/lv\/products\/gaisa-roku-zavetajs-tri-blade\/\",\"name\":\"Gaisa Roku \u017e\u0101v\u0113t\u0101js Tri-Blade - Carnitec\",\"isPartOf\":{\"@id\":\"https:\/\/carnitec.com\/lv\/#website\"},\"datePublished\":\"2018-06-07T15:41:57+00:00\",\"dateModified\":\"2019-04-24T09:42:53+00:00\",\"breadcrumb\":{\"@id\":\"https:\/\/carnitec.com\/lv\/products\/gaisa-roku-zavetajs-tri-blade\/#breadcrumb\"},\"inLanguage\":\"lv-LV\",\"potentialAction\":[{\"@type\":\"ReadAction\",\"target\":[\"https:\/\/carnitec.com\/lv\/products\/gaisa-roku-zavetajs-tri-blade\/\"]}]},{\"@type\":\"BreadcrumbList\",\"@id\":\"https:\/\/carnitec.com\/lv\/products\/gaisa-roku-zavetajs-tri-blade\/#breadcrumb\",\"itemListElement\":[{\"@type\":\"ListItem\",\"position\":1,\"name\":\"\u0413\u043b\u0430\u0432\u043d\u0430\u044f \u0441\u0442\u0440\u0430\u043d\u0438\u0446\u0430\",\"item\":\"https:\/\/carnitec.com\/lv\/\"},{\"@type\":\"ListItem\",\"position\":2,\"name\":\"\u0422\u043e\u0432\u0430\u0440\u044b\",\"item\":\"https:\/\/carnitec.com\/shop\/\"},{\"@type\":\"ListItem\",\"position\":3,\"name\":\"Gaisa Roku \u017e\u0101v\u0113t\u0101js Tri-Blade\"}]},{\"@type\":\"WebSite\",\"@id\":\"https:\/\/carnitec.com\/lv\/#website\",\"url\":\"https:\/\/carnitec.com\/lv\/\",\"name\":\"Carnitec\",\"description\":\"P\u0101rtikas r\u016bpniec\u012bbas iek\u0101rtas\",\"publisher\":{\"@id\":\"https:\/\/carnitec.com\/lv\/#organization\"},\"potentialAction\":[{\"@type\":\"SearchAction\",\"target\":{\"@type\":\"EntryPoint\",\"urlTemplate\":\"https:\/\/carnitec.com\/lv\/?s={search_term_string}\"},\"query-input\":\"required name=search_term_string\"}],\"inLanguage\":\"lv-LV\"},{\"@type\":\"Organization\",\"@id\":\"https:\/\/carnitec.com\/lv\/#organization\",\"name\":\"Carnitec - food processing equipment\",\"url\":\"https:\/\/carnitec.com\/lv\/\",\"sameAs\":[\"https:\/\/www.instagram.com\/carnitec\/?hl=en\",\"https:\/\/www.linkedin.com\/company\/carnitec-ltd\/\",\"https:\/\/www.youtube.com\/channel\/UCwfiuJujkF2QxPPZAqB0T2w\",\"https:\/\/facebook.com\/carnitec1\",\"https:\/\/twitter.com\/carnitec_\"],\"logo\":{\"@type\":\"ImageObject\",\"inLanguage\":\"lv-LV\",\"@id\":\"https:\/\/carnitec.com\/lv\/#\/schema\/logo\/image\/\",\"url\":\"http:\/\/carnitec.com\/wp-content\/uploads\/2018\/01\/carnitec_logo_2018.png\",\"contentUrl\":\"http:\/\/carnitec.com\/wp-content\/uploads\/2018\/01\/carnitec_logo_2018.png\",\"width\":180,\"height\":50,\"caption\":\"Carnitec - food processing equipment\"},\"image\":{\"@id\":\"https:\/\/carnitec.com\/lv\/#\/schema\/logo\/image\/\"}}]}<\/script>\n<!-- \/ Yoast SEO plugin. -->","yoast_head_json":{"title":"Gaisa Roku \u017e\u0101v\u0113t\u0101js Tri-Blade - Carnitec","robots":{"index":"index","follow":"follow","max-snippet":"max-snippet:-1","max-image-preview":"max-image-preview:large","max-video-preview":"max-video-preview:-1"},"canonical":"https:\/\/carnitec.com\/lv\/products\/gaisa-roku-zavetajs-tri-blade\/","og_locale":"lv_LV","og_type":"article","og_title":"Gaisa Roku \u017e\u0101v\u0113t\u0101js Tri-Blade - Carnitec","og_description":"Filtrs ar rok\u0101m bez kontakta  HEPA uz\u0146\u0113mums. Viegli t\u012br\u0101ms, pateicoties Microban integr\u0113tajai antibakteri\u0101lajai sist\u0113mai. Kondens\u0101ta tvertne. Jauda: 1 x 230 B + N + PE, 50 Hz","og_url":"https:\/\/carnitec.com\/lv\/products\/gaisa-roku-zavetajs-tri-blade\/","og_site_name":"Carnitec","article_publisher":"https:\/\/facebook.com\/carnitec1","article_modified_time":"2019-04-24T09:42:53+00:00","og_image":[{"width":1000,"height":1000,"url":"https:\/\/carnitec.com\/wp-content\/uploads\/2018\/04\/500089-T-ASa.jpg","type":"image\/jpeg"}],"twitter_card":"summary","twitter_site":"@carnitec_","twitter_misc":{"Est. reading time":"1 min\u016b\u0161u"},"schema":{"@context":"https:\/\/schema.org","@graph":[{"@type":"WebPage","@id":"https:\/\/carnitec.com\/lv\/products\/gaisa-roku-zavetajs-tri-blade\/","url":"https:\/\/carnitec.com\/lv\/products\/gaisa-roku-zavetajs-tri-blade\/","name":"Gaisa Roku \u017e\u0101v\u0113t\u0101js Tri-Blade - Carnitec","isPartOf":{"@id":"https:\/\/carnitec.com\/lv\/#website"},"datePublished":"2018-06-07T15:41:57+00:00","dateModified":"2019-04-24T09:42:53+00:00","breadcrumb":{"@id":"https:\/\/carnitec.com\/lv\/products\/gaisa-roku-zavetajs-tri-blade\/#breadcrumb"},"inLanguage":"lv-LV","potentialAction":[{"@type":"ReadAction","target":["https:\/\/carnitec.com\/lv\/products\/gaisa-roku-zavetajs-tri-blade\/"]}]},{"@type":"BreadcrumbList","@id":"https:\/\/carnitec.com\/lv\/products\/gaisa-roku-zavetajs-tri-blade\/#breadcrumb","itemListElement":[{"@type":"ListItem","position":1,"name":"\u0413\u043b\u0430\u0432\u043d\u0430\u044f \u0441\u0442\u0440\u0430\u043d\u0438\u0446\u0430","item":"https:\/\/carnitec.com\/lv\/"},{"@type":"ListItem","position":2,"name":"\u0422\u043e\u0432\u0430\u0440\u044b","item":"https:\/\/carnitec.com\/shop\/"},{"@type":"ListItem","position":3,"name":"Gaisa Roku \u017e\u0101v\u0113t\u0101js Tri-Blade"}]},{"@type":"WebSite","@id":"https:\/\/carnitec.com\/lv\/#website","url":"https:\/\/carnitec.com\/lv\/","name":"Carnitec","description":"P\u0101rtikas r\u016bpniec\u012bbas iek\u0101rtas","publisher":{"@id":"https:\/\/carnitec.com\/lv\/#organization"},"potentialAction":[{"@type":"SearchAction","target":{"@type":"EntryPoint","urlTemplate":"https:\/\/carnitec.com\/lv\/?s={search_term_string}"},"query-input":"required name=search_term_string"}],"inLanguage":"lv-LV"},{"@type":"Organization","@id":"https:\/\/carnitec.com\/lv\/#organization","name":"Carnitec - food processing equipment","url":"https:\/\/carnitec.com\/lv\/","sameAs":["https:\/\/www.instagram.com\/carnitec\/?hl=en","https:\/\/www.linkedin.com\/company\/carnitec-ltd\/","https:\/\/www.youtube.com\/channel\/UCwfiuJujkF2QxPPZAqB0T2w","https:\/\/facebook.com\/carnitec1","https:\/\/twitter.com\/carnitec_"],"logo":{"@type":"ImageObject","inLanguage":"lv-LV","@id":"https:\/\/carnitec.com\/lv\/#\/schema\/logo\/image\/","url":"http:\/\/carnitec.com\/wp-content\/uploads\/2018\/01\/carnitec_logo_2018.png","contentUrl":"http:\/\/carnitec.com\/wp-content\/uploads\/2018\/01\/carnitec_logo_2018.png","width":180,"height":50,"caption":"Carnitec - food processing equipment"},"image":{"@id":"https:\/\/carnitec.com\/lv\/#\/schema\/logo\/image\/"}}]}},"_links":{"self":[{"href":"https:\/\/carnitec.com\/lv\/wp-json\/wp\/v2\/product\/41848"}],"collection":[{"href":"https:\/\/carnitec.com\/lv\/wp-json\/wp\/v2\/product"}],"about":[{"href":"https:\/\/carnitec.com\/lv\/wp-json\/wp\/v2\/types\/product"}],"wp:featuredmedia":[{"embeddable":true,"href":"https:\/\/carnitec.com\/lv\/wp-json\/wp\/v2\/media\/44419"}],"wp:attachment":[{"href":"https:\/\/carnitec.com\/lv\/wp-json\/wp\/v2\/media?parent=41848"}],"wp:term":[{"taxonomy":"product_cat","embeddable":true,"href":"https:\/\/carnitec.com\/lv\/wp-json\/wp\/v2\/product_cat?post=41848"},{"taxonomy":"product_tag","embeddable":true,"href":"https:\/\/carnitec.com\/lv\/wp-json\/wp\/v2\/product_tag?post=41848"}],"curies":[{"name":"wp","href":"https:\/\/api.w.org\/{rel}","templated":true}]}}