{"id":41818,"date":"2018-06-07T11:21:40","date_gmt":"2018-06-07T09:21:40","guid":{"rendered":"https:\/\/staging1.carnitec.com\/?post_type=product&#038;p=41818"},"modified":"2018-06-07T11:31:58","modified_gmt":"2018-06-07T09:31:58","slug":"siera-griesanas-iekarta-holac-ha-30","status":"publish","type":"product","link":"https:\/\/carnitec.com\/lv\/products\/siera-griesanas-iekarta-holac-ha-30\/","title":{"rendered":"Siera grie\u0161anas iek\u0101rta Holac HA 30"},"content":{"rendered":"<p>Siera grie\u0161anas iek\u0101rta Holac HA 30\u00a0ir ide\u0101la ma\u0161\u012bna holac izstr\u0101d\u0101jumu kl\u0101st\u0101, kas ir izgatavota no iepriek\u0161 sagatavotiem materi\u0101liem.<\/p>\n<p>To var izmantot gan pusautom\u0101tiskaj\u0101s, gan autom\u0101tiskaj\u0101s ra\u017eo\u0161anas l\u012bnij\u0101s atkar\u012bb\u0101 no izmantot\u0101s uzst\u0101d\u012b\u0161anas. HA 30 iespaido t\u0101s higi\u0113nisk\u0101 dizaina.<\/p>\n<p>Piln\u012bb\u0101 nosl\u0113gta produkta iekrau\u0161anas kamera ar atv\u0113rtiem dren\u0101\u017e\u0101m<br \/>\nU-veida \u017eurn\u0101ls ar hidrauliski darbin\u0101mu giljot\u012bnas izgrieztu asmeni<br \/>\nTHC sist\u0113ma *<br \/>\n\u0100trgaitas hidraulika garant\u0113 minim\u0101lo iekrau\u0161anas laiku<br \/>\nPower-pack produktiem ar augstu grie\u0161anas pretest\u012bbu *<br \/>\nSpeed-pack (regul\u0113jams asme\u0146a \u0101trums)<br \/>\n* R\u012bka vad\u012bbas funkcija *<br \/>\nPiln\u012bb\u0101 autom\u0101tiska e\u013c\u013co\u0161anas sist\u0113ma<br \/>\nDators kontrol\u0113ts un sk\u0101rienekr\u0101ns<br \/>\nProdukta logs ar asme\u0146u kameru<br \/>\nDivu da\u013cu t\u012bkls<br \/>\nR\u016bd\u012btas b\u012bdes malas un produktu stabilizatori<br \/>\nVienk\u0101r\u0161a un dro\u0161a t\u012bkla fiks\u0101cija<br \/>\nSpeci\u0101lie siera sagrie\u0161anas piederumi<\/p>\n<p><em>*Piederumi<\/em><\/p>\n<p>https:\/\/youtu.be\/2RQzGsrzXV4<\/p>\n<p>&nbsp;<\/p>\n","protected":false},"excerpt":{"rendered":"<p>Siera grie\u0161anas iek\u0101rta Holac HA 30<\/p>\n","protected":false},"featured_media":41819,"template":"","meta":{"content-type":"","_monsterinsights_skip_tracking":false,"_monsterinsights_sitenote_active":false,"_monsterinsights_sitenote_note":"","_monsterinsights_sitenote_category":0},"product_cat":[1407],"product_tag":[3038,3039,1460],"yoast_head":"<!-- This site is optimized with the Yoast SEO plugin v19.5.1 - https:\/\/yoast.com\/wordpress\/plugins\/seo\/ -->\n<title>Siera grie\u0161anas iek\u0101rta Holac HA 30 - Carnitec<\/title>\n<meta name=\"description\" content=\"Siera grie\u0161anas iek\u0101rta Holac HA 30. Ide\u0101la ma\u0161\u012bna holac izstr\u0101d\u0101jumu kl\u0101st\u0101, kas ir izgatavota no iepriek\u0161 sagatavotiem materi\u0101liem siera ra\u017eo\u0161anai.\" \/>\n<meta name=\"robots\" content=\"index, follow, max-snippet:-1, max-image-preview:large, max-video-preview:-1\" \/>\n<link rel=\"canonical\" href=\"https:\/\/carnitec.com\/lv\/products\/siera-griesanas-iekarta-holac-ha-30\/\" \/>\n<meta property=\"og:locale\" content=\"lv_LV\" \/>\n<meta property=\"og:type\" content=\"article\" \/>\n<meta property=\"og:title\" content=\"Siera grie\u0161anas iek\u0101rta Holac HA 30 - Carnitec\" \/>\n<meta property=\"og:description\" content=\"Siera grie\u0161anas iek\u0101rta Holac HA 30. Ide\u0101la ma\u0161\u012bna holac izstr\u0101d\u0101jumu kl\u0101st\u0101, kas ir izgatavota no iepriek\u0161 sagatavotiem materi\u0101liem siera ra\u017eo\u0161anai.\" \/>\n<meta property=\"og:url\" content=\"https:\/\/carnitec.com\/lv\/products\/siera-griesanas-iekarta-holac-ha-30\/\" \/>\n<meta property=\"og:site_name\" content=\"Carnitec\" \/>\n<meta property=\"article:publisher\" content=\"https:\/\/facebook.com\/carnitec1\" \/>\n<meta property=\"article:modified_time\" content=\"2018-06-07T09:31:58+00:00\" \/>\n<meta property=\"og:image\" content=\"https:\/\/carnitec.com\/wp-content\/uploads\/2018\/06\/HA_30.jpg\" \/>\n\t<meta property=\"og:image:width\" content=\"600\" \/>\n\t<meta property=\"og:image:height\" content=\"565\" \/>\n\t<meta property=\"og:image:type\" content=\"image\/jpeg\" \/>\n<meta name=\"twitter:card\" content=\"summary\" \/>\n<meta name=\"twitter:site\" content=\"@carnitec_\" \/>\n<meta name=\"twitter:label1\" content=\"Est. reading time\" \/>\n\t<meta name=\"twitter:data1\" content=\"1 min\u016b\u0161u\" \/>\n<script type=\"application\/ld+json\" class=\"yoast-schema-graph\">{\"@context\":\"https:\/\/schema.org\",\"@graph\":[{\"@type\":\"WebPage\",\"@id\":\"https:\/\/carnitec.com\/lv\/products\/siera-griesanas-iekarta-holac-ha-30\/\",\"url\":\"https:\/\/carnitec.com\/lv\/products\/siera-griesanas-iekarta-holac-ha-30\/\",\"name\":\"Siera grie\u0161anas iek\u0101rta Holac HA 30 - Carnitec\",\"isPartOf\":{\"@id\":\"https:\/\/carnitec.com\/lv\/#website\"},\"datePublished\":\"2018-06-07T09:21:40+00:00\",\"dateModified\":\"2018-06-07T09:31:58+00:00\",\"description\":\"Siera grie\u0161anas iek\u0101rta Holac HA 30. Ide\u0101la ma\u0161\u012bna holac izstr\u0101d\u0101jumu kl\u0101st\u0101, kas ir izgatavota no iepriek\u0161 sagatavotiem materi\u0101liem siera ra\u017eo\u0161anai.\",\"breadcrumb\":{\"@id\":\"https:\/\/carnitec.com\/lv\/products\/siera-griesanas-iekarta-holac-ha-30\/#breadcrumb\"},\"inLanguage\":\"lv-LV\",\"potentialAction\":[{\"@type\":\"ReadAction\",\"target\":[\"https:\/\/carnitec.com\/lv\/products\/siera-griesanas-iekarta-holac-ha-30\/\"]}]},{\"@type\":\"BreadcrumbList\",\"@id\":\"https:\/\/carnitec.com\/lv\/products\/siera-griesanas-iekarta-holac-ha-30\/#breadcrumb\",\"itemListElement\":[{\"@type\":\"ListItem\",\"position\":1,\"name\":\"\u0413\u043b\u0430\u0432\u043d\u0430\u044f \u0441\u0442\u0440\u0430\u043d\u0438\u0446\u0430\",\"item\":\"https:\/\/carnitec.com\/lv\/\"},{\"@type\":\"ListItem\",\"position\":2,\"name\":\"\u0422\u043e\u0432\u0430\u0440\u044b\",\"item\":\"https:\/\/carnitec.com\/shop\/\"},{\"@type\":\"ListItem\",\"position\":3,\"name\":\"Siera grie\u0161anas iek\u0101rta Holac HA 30\"}]},{\"@type\":\"WebSite\",\"@id\":\"https:\/\/carnitec.com\/lv\/#website\",\"url\":\"https:\/\/carnitec.com\/lv\/\",\"name\":\"Carnitec\",\"description\":\"P\u0101rtikas r\u016bpniec\u012bbas iek\u0101rtas\",\"publisher\":{\"@id\":\"https:\/\/carnitec.com\/lv\/#organization\"},\"potentialAction\":[{\"@type\":\"SearchAction\",\"target\":{\"@type\":\"EntryPoint\",\"urlTemplate\":\"https:\/\/carnitec.com\/lv\/?s={search_term_string}\"},\"query-input\":\"required name=search_term_string\"}],\"inLanguage\":\"lv-LV\"},{\"@type\":\"Organization\",\"@id\":\"https:\/\/carnitec.com\/lv\/#organization\",\"name\":\"Carnitec - food processing equipment\",\"url\":\"https:\/\/carnitec.com\/lv\/\",\"sameAs\":[\"https:\/\/www.instagram.com\/carnitec\/?hl=en\",\"https:\/\/www.linkedin.com\/company\/carnitec-ltd\/\",\"https:\/\/www.youtube.com\/channel\/UCwfiuJujkF2QxPPZAqB0T2w\",\"https:\/\/facebook.com\/carnitec1\",\"https:\/\/twitter.com\/carnitec_\"],\"logo\":{\"@type\":\"ImageObject\",\"inLanguage\":\"lv-LV\",\"@id\":\"https:\/\/carnitec.com\/lv\/#\/schema\/logo\/image\/\",\"url\":\"http:\/\/carnitec.com\/wp-content\/uploads\/2018\/01\/carnitec_logo_2018.png\",\"contentUrl\":\"http:\/\/carnitec.com\/wp-content\/uploads\/2018\/01\/carnitec_logo_2018.png\",\"width\":180,\"height\":50,\"caption\":\"Carnitec - food processing equipment\"},\"image\":{\"@id\":\"https:\/\/carnitec.com\/lv\/#\/schema\/logo\/image\/\"}}]}<\/script>\n<!-- \/ Yoast SEO plugin. -->","yoast_head_json":{"title":"Siera grie\u0161anas iek\u0101rta Holac HA 30 - Carnitec","description":"Siera grie\u0161anas iek\u0101rta Holac HA 30. Ide\u0101la ma\u0161\u012bna holac izstr\u0101d\u0101jumu kl\u0101st\u0101, kas ir izgatavota no iepriek\u0161 sagatavotiem materi\u0101liem siera ra\u017eo\u0161anai.","robots":{"index":"index","follow":"follow","max-snippet":"max-snippet:-1","max-image-preview":"max-image-preview:large","max-video-preview":"max-video-preview:-1"},"canonical":"https:\/\/carnitec.com\/lv\/products\/siera-griesanas-iekarta-holac-ha-30\/","og_locale":"lv_LV","og_type":"article","og_title":"Siera grie\u0161anas iek\u0101rta Holac HA 30 - Carnitec","og_description":"Siera grie\u0161anas iek\u0101rta Holac HA 30. Ide\u0101la ma\u0161\u012bna holac izstr\u0101d\u0101jumu kl\u0101st\u0101, kas ir izgatavota no iepriek\u0161 sagatavotiem materi\u0101liem siera ra\u017eo\u0161anai.","og_url":"https:\/\/carnitec.com\/lv\/products\/siera-griesanas-iekarta-holac-ha-30\/","og_site_name":"Carnitec","article_publisher":"https:\/\/facebook.com\/carnitec1","article_modified_time":"2018-06-07T09:31:58+00:00","og_image":[{"width":600,"height":565,"url":"https:\/\/carnitec.com\/wp-content\/uploads\/2018\/06\/HA_30.jpg","type":"image\/jpeg"}],"twitter_card":"summary","twitter_site":"@carnitec_","twitter_misc":{"Est. reading time":"1 min\u016b\u0161u"},"schema":{"@context":"https:\/\/schema.org","@graph":[{"@type":"WebPage","@id":"https:\/\/carnitec.com\/lv\/products\/siera-griesanas-iekarta-holac-ha-30\/","url":"https:\/\/carnitec.com\/lv\/products\/siera-griesanas-iekarta-holac-ha-30\/","name":"Siera grie\u0161anas iek\u0101rta Holac HA 30 - Carnitec","isPartOf":{"@id":"https:\/\/carnitec.com\/lv\/#website"},"datePublished":"2018-06-07T09:21:40+00:00","dateModified":"2018-06-07T09:31:58+00:00","description":"Siera grie\u0161anas iek\u0101rta Holac HA 30. Ide\u0101la ma\u0161\u012bna holac izstr\u0101d\u0101jumu kl\u0101st\u0101, kas ir izgatavota no iepriek\u0161 sagatavotiem materi\u0101liem siera ra\u017eo\u0161anai.","breadcrumb":{"@id":"https:\/\/carnitec.com\/lv\/products\/siera-griesanas-iekarta-holac-ha-30\/#breadcrumb"},"inLanguage":"lv-LV","potentialAction":[{"@type":"ReadAction","target":["https:\/\/carnitec.com\/lv\/products\/siera-griesanas-iekarta-holac-ha-30\/"]}]},{"@type":"BreadcrumbList","@id":"https:\/\/carnitec.com\/lv\/products\/siera-griesanas-iekarta-holac-ha-30\/#breadcrumb","itemListElement":[{"@type":"ListItem","position":1,"name":"\u0413\u043b\u0430\u0432\u043d\u0430\u044f \u0441\u0442\u0440\u0430\u043d\u0438\u0446\u0430","item":"https:\/\/carnitec.com\/lv\/"},{"@type":"ListItem","position":2,"name":"\u0422\u043e\u0432\u0430\u0440\u044b","item":"https:\/\/carnitec.com\/shop\/"},{"@type":"ListItem","position":3,"name":"Siera grie\u0161anas iek\u0101rta Holac HA 30"}]},{"@type":"WebSite","@id":"https:\/\/carnitec.com\/lv\/#website","url":"https:\/\/carnitec.com\/lv\/","name":"Carnitec","description":"P\u0101rtikas r\u016bpniec\u012bbas iek\u0101rtas","publisher":{"@id":"https:\/\/carnitec.com\/lv\/#organization"},"potentialAction":[{"@type":"SearchAction","target":{"@type":"EntryPoint","urlTemplate":"https:\/\/carnitec.com\/lv\/?s={search_term_string}"},"query-input":"required name=search_term_string"}],"inLanguage":"lv-LV"},{"@type":"Organization","@id":"https:\/\/carnitec.com\/lv\/#organization","name":"Carnitec - food processing equipment","url":"https:\/\/carnitec.com\/lv\/","sameAs":["https:\/\/www.instagram.com\/carnitec\/?hl=en","https:\/\/www.linkedin.com\/company\/carnitec-ltd\/","https:\/\/www.youtube.com\/channel\/UCwfiuJujkF2QxPPZAqB0T2w","https:\/\/facebook.com\/carnitec1","https:\/\/twitter.com\/carnitec_"],"logo":{"@type":"ImageObject","inLanguage":"lv-LV","@id":"https:\/\/carnitec.com\/lv\/#\/schema\/logo\/image\/","url":"http:\/\/carnitec.com\/wp-content\/uploads\/2018\/01\/carnitec_logo_2018.png","contentUrl":"http:\/\/carnitec.com\/wp-content\/uploads\/2018\/01\/carnitec_logo_2018.png","width":180,"height":50,"caption":"Carnitec - food processing equipment"},"image":{"@id":"https:\/\/carnitec.com\/lv\/#\/schema\/logo\/image\/"}}]}},"_links":{"self":[{"href":"https:\/\/carnitec.com\/lv\/wp-json\/wp\/v2\/product\/41818"}],"collection":[{"href":"https:\/\/carnitec.com\/lv\/wp-json\/wp\/v2\/product"}],"about":[{"href":"https:\/\/carnitec.com\/lv\/wp-json\/wp\/v2\/types\/product"}],"wp:featuredmedia":[{"embeddable":true,"href":"https:\/\/carnitec.com\/lv\/wp-json\/wp\/v2\/media\/41819"}],"wp:attachment":[{"href":"https:\/\/carnitec.com\/lv\/wp-json\/wp\/v2\/media?parent=41818"}],"wp:term":[{"taxonomy":"product_cat","embeddable":true,"href":"https:\/\/carnitec.com\/lv\/wp-json\/wp\/v2\/product_cat?post=41818"},{"taxonomy":"product_tag","embeddable":true,"href":"https:\/\/carnitec.com\/lv\/wp-json\/wp\/v2\/product_tag?post=41818"}],"curies":[{"name":"wp","href":"https:\/\/api.w.org\/{rel}","templated":true}]}}