{"id":41806,"date":"2018-06-02T10:17:01","date_gmt":"2018-06-02T08:17:01","guid":{"rendered":"https:\/\/staging1.carnitec.com\/?post_type=product&#038;p=41806"},"modified":"2018-06-02T10:29:54","modified_gmt":"2018-06-02T08:29:54","slug":"zvinu-attirisanas-iekarta","status":"publish","type":"product","link":"https:\/\/carnitec.com\/lv\/products\/zvinu-attirisanas-iekarta\/","title":{"rendered":"Zv\u012b\u0146u att\u012br\u012b\u0161anas iek\u0101rta"},"content":{"rendered":"<p>Zv\u012b\u0146u att\u012br\u012b\u0161anas iek\u0101rta.\u00a0Zivis att\u012bra no zv\u012b\u0146\u0101m un \u0101das ar iek\u0101rtu.\u00a0Zivju zv\u012b\u0146u t\u012br\u012bt\u0101js.\u00a0Zivju zv\u012b\u0146u\u00a0att\u012br\u012b\u0161anas iek\u0101rta.\u00a0Not\u012briet\u00a0<em>zv\u012b\u0146as<\/em><\/p>\n<p>Zivju p\u0101rstr\u0101des iek\u0101rtas. Zivju un zivju produktu ra\u017eo\u0161anas tehni\u0137is. Noteikumi par higi\u0113nas pras\u012bb\u0101m zvejas produktu ra\u017eo\u0161anai. Zivju apstr\u0101des iek\u0101rtas<\/p>\n<h2>Speci\u0101las funkcijas<\/h2>\n<p>Viegli izmantot<br \/>\nViegli p\u0101rvietojama, kompakta ma\u0161\u012bna<br \/>\nNav \u012bpa\u0161as apkopes<br \/>\nRot\u0101cijas rokturis, samazina Skeleta-musku\u013cu sist\u0113mas trauc\u0113jumu risku<br \/>\nOpcija:<br \/>\n+ Atbalsts uz rite\u0146iem<\/p>\n<p><strong>M\u0113r\u012bjumi \/ Jauda<\/strong><br \/>\nGarums: 310mm<br \/>\nPlatums: 214mm<br \/>\nAugstums: 250mm<br \/>\nElast\u012bgs garums ar instrumentu: 1820 mm<br \/>\nSvars: 15 kg (bez atbalsta)<br \/>\nMotors 180W<\/p>\n<p><iframe loading=\"lazy\" title=\"Fish Scaler \/ Zivju zv\u012b\u0146u t\u012br\u012bt\u0101js \/ \u041c\u0430\u0448\u0438\u043d\u0430 \u0434\u043b\u044f \u043e\u0447\u0438\u0441\u0442\u043a\u0438 \u0447\u0435\u0448\u0443\u0438 \/\" width=\"640\" height=\"360\" src=\"https:\/\/www.youtube.com\/embed\/E0JK0owPbN0?feature=oembed\" frameborder=\"0\" allow=\"accelerometer; autoplay; clipboard-write; encrypted-media; gyroscope; picture-in-picture\" allowfullscreen><\/iframe><\/p>\n","protected":false},"excerpt":{"rendered":"<p>Zv\u012b\u0146u att\u012br\u012b\u0161anas iek\u0101rta.\u00a0Zivis att\u012bra no zv\u012b\u0146\u0101m un \u0101das ar iek\u0101rtu.\u00a0Zivju zv\u012b\u0146u t\u012br\u012bt\u0101js.\u00a0Zivju zv\u012b\u0146u\u00a0att\u012br\u012b\u0161anas iek\u0101rta.<\/p>\n","protected":false},"featured_media":41807,"template":"","meta":{"content-type":"","_monsterinsights_skip_tracking":false,"_monsterinsights_sitenote_active":false,"_monsterinsights_sitenote_note":"","_monsterinsights_sitenote_category":0},"product_cat":[942],"product_tag":[3024,3023],"yoast_head":"<!-- This site is optimized with the Yoast SEO plugin v19.5.1 - https:\/\/yoast.com\/wordpress\/plugins\/seo\/ -->\n<title>Zv\u012b\u0146u att\u012br\u012b\u0161anas iek\u0101rta - Carnitec<\/title>\n<meta name=\"description\" content=\"Zv\u012b\u0146u att\u012br\u012b\u0161anas iek\u0101rta.\u00a0Zivis att\u012bra no zv\u012b\u0146\u0101m un \u0101das ar iek\u0101rtu. Zivju zv\u012b\u0146u t\u012br\u012bt\u0101js\" \/>\n<meta name=\"robots\" content=\"index, follow, max-snippet:-1, max-image-preview:large, max-video-preview:-1\" \/>\n<link rel=\"canonical\" href=\"https:\/\/carnitec.com\/lv\/products\/zvinu-attirisanas-iekarta\/\" \/>\n<meta property=\"og:locale\" content=\"lv_LV\" \/>\n<meta property=\"og:type\" content=\"article\" \/>\n<meta property=\"og:title\" content=\"Zv\u012b\u0146u att\u012br\u012b\u0161anas iek\u0101rta - Carnitec\" \/>\n<meta property=\"og:description\" content=\"Zv\u012b\u0146u att\u012br\u012b\u0161anas iek\u0101rta.\u00a0Zivis att\u012bra no zv\u012b\u0146\u0101m un \u0101das ar iek\u0101rtu. Zivju zv\u012b\u0146u t\u012br\u012bt\u0101js\" \/>\n<meta property=\"og:url\" content=\"https:\/\/carnitec.com\/lv\/products\/zvinu-attirisanas-iekarta\/\" \/>\n<meta property=\"og:site_name\" content=\"Carnitec\" \/>\n<meta property=\"article:publisher\" content=\"https:\/\/facebook.com\/carnitec1\" \/>\n<meta property=\"article:modified_time\" content=\"2018-06-02T08:29:54+00:00\" \/>\n<meta property=\"og:image\" content=\"https:\/\/carnitec.com\/wp-content\/uploads\/2018\/06\/fish_scaler.jpg\" \/>\n\t<meta property=\"og:image:width\" content=\"800\" \/>\n\t<meta property=\"og:image:height\" content=\"575\" \/>\n\t<meta property=\"og:image:type\" content=\"image\/jpeg\" \/>\n<meta name=\"twitter:card\" content=\"summary\" \/>\n<meta name=\"twitter:site\" content=\"@carnitec_\" \/>\n<meta name=\"twitter:label1\" content=\"Est. reading time\" \/>\n\t<meta name=\"twitter:data1\" content=\"1 min\u016b\u0161u\" \/>\n<script type=\"application\/ld+json\" class=\"yoast-schema-graph\">{\"@context\":\"https:\/\/schema.org\",\"@graph\":[{\"@type\":\"WebPage\",\"@id\":\"https:\/\/carnitec.com\/lv\/products\/zvinu-attirisanas-iekarta\/\",\"url\":\"https:\/\/carnitec.com\/lv\/products\/zvinu-attirisanas-iekarta\/\",\"name\":\"Zv\u012b\u0146u att\u012br\u012b\u0161anas iek\u0101rta - Carnitec\",\"isPartOf\":{\"@id\":\"https:\/\/carnitec.com\/lv\/#website\"},\"datePublished\":\"2018-06-02T08:17:01+00:00\",\"dateModified\":\"2018-06-02T08:29:54+00:00\",\"description\":\"Zv\u012b\u0146u att\u012br\u012b\u0161anas iek\u0101rta.\u00a0Zivis att\u012bra no zv\u012b\u0146\u0101m un \u0101das ar iek\u0101rtu. Zivju zv\u012b\u0146u t\u012br\u012bt\u0101js\",\"breadcrumb\":{\"@id\":\"https:\/\/carnitec.com\/lv\/products\/zvinu-attirisanas-iekarta\/#breadcrumb\"},\"inLanguage\":\"lv-LV\",\"potentialAction\":[{\"@type\":\"ReadAction\",\"target\":[\"https:\/\/carnitec.com\/lv\/products\/zvinu-attirisanas-iekarta\/\"]}]},{\"@type\":\"BreadcrumbList\",\"@id\":\"https:\/\/carnitec.com\/lv\/products\/zvinu-attirisanas-iekarta\/#breadcrumb\",\"itemListElement\":[{\"@type\":\"ListItem\",\"position\":1,\"name\":\"\u0413\u043b\u0430\u0432\u043d\u0430\u044f \u0441\u0442\u0440\u0430\u043d\u0438\u0446\u0430\",\"item\":\"https:\/\/carnitec.com\/lv\/\"},{\"@type\":\"ListItem\",\"position\":2,\"name\":\"\u0422\u043e\u0432\u0430\u0440\u044b\",\"item\":\"https:\/\/carnitec.com\/shop\/\"},{\"@type\":\"ListItem\",\"position\":3,\"name\":\"Zv\u012b\u0146u att\u012br\u012b\u0161anas iek\u0101rta\"}]},{\"@type\":\"WebSite\",\"@id\":\"https:\/\/carnitec.com\/lv\/#website\",\"url\":\"https:\/\/carnitec.com\/lv\/\",\"name\":\"Carnitec\",\"description\":\"P\u0101rtikas r\u016bpniec\u012bbas iek\u0101rtas\",\"publisher\":{\"@id\":\"https:\/\/carnitec.com\/lv\/#organization\"},\"potentialAction\":[{\"@type\":\"SearchAction\",\"target\":{\"@type\":\"EntryPoint\",\"urlTemplate\":\"https:\/\/carnitec.com\/lv\/?s={search_term_string}\"},\"query-input\":\"required name=search_term_string\"}],\"inLanguage\":\"lv-LV\"},{\"@type\":\"Organization\",\"@id\":\"https:\/\/carnitec.com\/lv\/#organization\",\"name\":\"Carnitec - food processing equipment\",\"url\":\"https:\/\/carnitec.com\/lv\/\",\"sameAs\":[\"https:\/\/www.instagram.com\/carnitec\/?hl=en\",\"https:\/\/www.linkedin.com\/company\/carnitec-ltd\/\",\"https:\/\/www.youtube.com\/channel\/UCwfiuJujkF2QxPPZAqB0T2w\",\"https:\/\/facebook.com\/carnitec1\",\"https:\/\/twitter.com\/carnitec_\"],\"logo\":{\"@type\":\"ImageObject\",\"inLanguage\":\"lv-LV\",\"@id\":\"https:\/\/carnitec.com\/lv\/#\/schema\/logo\/image\/\",\"url\":\"http:\/\/carnitec.com\/wp-content\/uploads\/2018\/01\/carnitec_logo_2018.png\",\"contentUrl\":\"http:\/\/carnitec.com\/wp-content\/uploads\/2018\/01\/carnitec_logo_2018.png\",\"width\":180,\"height\":50,\"caption\":\"Carnitec - food processing equipment\"},\"image\":{\"@id\":\"https:\/\/carnitec.com\/lv\/#\/schema\/logo\/image\/\"}}]}<\/script>\n<!-- \/ Yoast SEO plugin. -->","yoast_head_json":{"title":"Zv\u012b\u0146u att\u012br\u012b\u0161anas iek\u0101rta - Carnitec","description":"Zv\u012b\u0146u att\u012br\u012b\u0161anas iek\u0101rta.\u00a0Zivis att\u012bra no zv\u012b\u0146\u0101m un \u0101das ar iek\u0101rtu. Zivju zv\u012b\u0146u t\u012br\u012bt\u0101js","robots":{"index":"index","follow":"follow","max-snippet":"max-snippet:-1","max-image-preview":"max-image-preview:large","max-video-preview":"max-video-preview:-1"},"canonical":"https:\/\/carnitec.com\/lv\/products\/zvinu-attirisanas-iekarta\/","og_locale":"lv_LV","og_type":"article","og_title":"Zv\u012b\u0146u att\u012br\u012b\u0161anas iek\u0101rta - Carnitec","og_description":"Zv\u012b\u0146u att\u012br\u012b\u0161anas iek\u0101rta.\u00a0Zivis att\u012bra no zv\u012b\u0146\u0101m un \u0101das ar iek\u0101rtu. Zivju zv\u012b\u0146u t\u012br\u012bt\u0101js","og_url":"https:\/\/carnitec.com\/lv\/products\/zvinu-attirisanas-iekarta\/","og_site_name":"Carnitec","article_publisher":"https:\/\/facebook.com\/carnitec1","article_modified_time":"2018-06-02T08:29:54+00:00","og_image":[{"width":800,"height":575,"url":"https:\/\/carnitec.com\/wp-content\/uploads\/2018\/06\/fish_scaler.jpg","type":"image\/jpeg"}],"twitter_card":"summary","twitter_site":"@carnitec_","twitter_misc":{"Est. reading time":"1 min\u016b\u0161u"},"schema":{"@context":"https:\/\/schema.org","@graph":[{"@type":"WebPage","@id":"https:\/\/carnitec.com\/lv\/products\/zvinu-attirisanas-iekarta\/","url":"https:\/\/carnitec.com\/lv\/products\/zvinu-attirisanas-iekarta\/","name":"Zv\u012b\u0146u att\u012br\u012b\u0161anas iek\u0101rta - Carnitec","isPartOf":{"@id":"https:\/\/carnitec.com\/lv\/#website"},"datePublished":"2018-06-02T08:17:01+00:00","dateModified":"2018-06-02T08:29:54+00:00","description":"Zv\u012b\u0146u att\u012br\u012b\u0161anas iek\u0101rta.\u00a0Zivis att\u012bra no zv\u012b\u0146\u0101m un \u0101das ar iek\u0101rtu. Zivju zv\u012b\u0146u t\u012br\u012bt\u0101js","breadcrumb":{"@id":"https:\/\/carnitec.com\/lv\/products\/zvinu-attirisanas-iekarta\/#breadcrumb"},"inLanguage":"lv-LV","potentialAction":[{"@type":"ReadAction","target":["https:\/\/carnitec.com\/lv\/products\/zvinu-attirisanas-iekarta\/"]}]},{"@type":"BreadcrumbList","@id":"https:\/\/carnitec.com\/lv\/products\/zvinu-attirisanas-iekarta\/#breadcrumb","itemListElement":[{"@type":"ListItem","position":1,"name":"\u0413\u043b\u0430\u0432\u043d\u0430\u044f \u0441\u0442\u0440\u0430\u043d\u0438\u0446\u0430","item":"https:\/\/carnitec.com\/lv\/"},{"@type":"ListItem","position":2,"name":"\u0422\u043e\u0432\u0430\u0440\u044b","item":"https:\/\/carnitec.com\/shop\/"},{"@type":"ListItem","position":3,"name":"Zv\u012b\u0146u att\u012br\u012b\u0161anas iek\u0101rta"}]},{"@type":"WebSite","@id":"https:\/\/carnitec.com\/lv\/#website","url":"https:\/\/carnitec.com\/lv\/","name":"Carnitec","description":"P\u0101rtikas r\u016bpniec\u012bbas iek\u0101rtas","publisher":{"@id":"https:\/\/carnitec.com\/lv\/#organization"},"potentialAction":[{"@type":"SearchAction","target":{"@type":"EntryPoint","urlTemplate":"https:\/\/carnitec.com\/lv\/?s={search_term_string}"},"query-input":"required name=search_term_string"}],"inLanguage":"lv-LV"},{"@type":"Organization","@id":"https:\/\/carnitec.com\/lv\/#organization","name":"Carnitec - food processing equipment","url":"https:\/\/carnitec.com\/lv\/","sameAs":["https:\/\/www.instagram.com\/carnitec\/?hl=en","https:\/\/www.linkedin.com\/company\/carnitec-ltd\/","https:\/\/www.youtube.com\/channel\/UCwfiuJujkF2QxPPZAqB0T2w","https:\/\/facebook.com\/carnitec1","https:\/\/twitter.com\/carnitec_"],"logo":{"@type":"ImageObject","inLanguage":"lv-LV","@id":"https:\/\/carnitec.com\/lv\/#\/schema\/logo\/image\/","url":"http:\/\/carnitec.com\/wp-content\/uploads\/2018\/01\/carnitec_logo_2018.png","contentUrl":"http:\/\/carnitec.com\/wp-content\/uploads\/2018\/01\/carnitec_logo_2018.png","width":180,"height":50,"caption":"Carnitec - food processing equipment"},"image":{"@id":"https:\/\/carnitec.com\/lv\/#\/schema\/logo\/image\/"}}]}},"_links":{"self":[{"href":"https:\/\/carnitec.com\/lv\/wp-json\/wp\/v2\/product\/41806"}],"collection":[{"href":"https:\/\/carnitec.com\/lv\/wp-json\/wp\/v2\/product"}],"about":[{"href":"https:\/\/carnitec.com\/lv\/wp-json\/wp\/v2\/types\/product"}],"wp:featuredmedia":[{"embeddable":true,"href":"https:\/\/carnitec.com\/lv\/wp-json\/wp\/v2\/media\/41807"}],"wp:attachment":[{"href":"https:\/\/carnitec.com\/lv\/wp-json\/wp\/v2\/media?parent=41806"}],"wp:term":[{"taxonomy":"product_cat","embeddable":true,"href":"https:\/\/carnitec.com\/lv\/wp-json\/wp\/v2\/product_cat?post=41806"},{"taxonomy":"product_tag","embeddable":true,"href":"https:\/\/carnitec.com\/lv\/wp-json\/wp\/v2\/product_tag?post=41806"}],"curies":[{"name":"wp","href":"https:\/\/api.w.org\/{rel}","templated":true}]}}