{"id":41654,"date":"2018-05-31T15:16:41","date_gmt":"2018-05-31T13:35:09","guid":{"rendered":"https:\/\/staging1.carnitec.com\/?post_type=product&#038;p=41654"},"modified":"2018-05-31T15:41:56","modified_gmt":"2018-05-31T13:41:56","slug":"rsll-501-primara-cukgalas-sadales-diska-zagis","status":"publish","type":"product","link":"https:\/\/carnitec.com\/lv\/products\/rsll-501-primara-cukgalas-sadales-diska-zagis\/","title":{"rendered":"RSLL-501 prim\u0101r\u0101 c\u016bkga\u013cas sadales diska z\u0101\u0123is"},"content":{"rendered":"<p>RSLL-501 prim\u0101r\u0101 c\u016bkga\u013cas sadales diska z\u0101\u0123is<\/p>\n<p>C\u016bkga\u013cas grie\u0161anas ma\u0161\u012bna. Ripz\u0101\u0123is prim\u0101rajai atkaulo\u0161anai RSLL-501.<\/p>\n<p>Produktivit\u0101te: 60-75 c\u016bkas stund\u0101<\/p>\n<p>Disku nazis RSLL 501, kas paredz\u0113ts neapstr\u0101d\u0101tai c\u016bkga\u013cas puslieme\u0146u apz\u012bm\u0113\u0161anai un \u0161\u0137i\u0146\u0137a, priek\u0161\u0113j\u0101s ceturtda\u013cas, kr\u016b\u0161u un ribu da\u013cu atdal\u012b\u0161anai.<\/p>\n<p>Diska nazis ir apr\u012bkots ar ner\u016bs\u0113jo\u0161\u0101 t\u0113rauda veltn\u012b\u0161u galdi\u0146u, kas atvieglo c\u016bkga\u013cas puslieme\u0146u novieto\u0161anu un novieto\u0161anu pirms diska na\u017ea.<br \/>\nR\u0101mis un korpuss ir piln\u012bgi izgatavoti no ner\u016bs\u0113jo\u0161\u0101 t\u0113rauda 1.4301, virsma ir nosl\u012bp\u0113ta vai pul\u0113ta ar smidzin\u0101\u0161anas metodi, iek\u0101rtas k\u0101jas ir regul\u0113jamas augstum\u0101.<\/p>\n<p><img class=\"alignnone size-full wp-image-41649\" src=\"http:\/\/carnitec.com\/wp-content\/uploads\/2018\/05\/rsll501.jpg\" alt=\"\" width=\"600\" height=\"344\" \/><\/p>\n","protected":false},"excerpt":{"rendered":"<p>C\u016bkga\u013cas grie\u0161anas ma\u0161\u012bna. Ripz\u0101\u0123is prim\u0101rajai atkaulo\u0161anai RSLL-501.<\/p>\n","protected":false},"featured_media":41648,"template":"","meta":{"content-type":"","_monsterinsights_skip_tracking":false,"_monsterinsights_sitenote_active":false,"_monsterinsights_sitenote_note":"","_monsterinsights_sitenote_category":0},"product_cat":[923,1963],"product_tag":[],"yoast_head":"<!-- This site is optimized with the Yoast SEO plugin v19.5.1 - https:\/\/yoast.com\/wordpress\/plugins\/seo\/ -->\n<title>RSLL-501 prim\u0101r\u0101 c\u016bkga\u013cas sadales diska z\u0101\u0123is - Carnitec<\/title>\n<meta name=\"robots\" content=\"index, follow, max-snippet:-1, max-image-preview:large, max-video-preview:-1\" \/>\n<link rel=\"canonical\" href=\"https:\/\/carnitec.com\/lv\/products\/rsll-501-primara-cukgalas-sadales-diska-zagis\/\" \/>\n<meta property=\"og:locale\" content=\"lv_LV\" \/>\n<meta property=\"og:type\" content=\"article\" \/>\n<meta property=\"og:title\" content=\"RSLL-501 prim\u0101r\u0101 c\u016bkga\u013cas sadales diska z\u0101\u0123is - Carnitec\" \/>\n<meta property=\"og:description\" content=\"C\u016bkga\u013cas grie\u0161anas ma\u0161\u012bna. Ripz\u0101\u0123is prim\u0101rajai atkaulo\u0161anai RSLL-501.\" \/>\n<meta property=\"og:url\" content=\"https:\/\/carnitec.com\/lv\/products\/rsll-501-primara-cukgalas-sadales-diska-zagis\/\" \/>\n<meta property=\"og:site_name\" content=\"Carnitec\" \/>\n<meta property=\"article:publisher\" content=\"https:\/\/facebook.com\/carnitec1\" \/>\n<meta property=\"article:modified_time\" content=\"2018-05-31T13:41:56+00:00\" \/>\n<meta property=\"og:image\" content=\"https:\/\/carnitec.com\/wp-content\/uploads\/2018\/05\/rsll.jpg\" \/>\n\t<meta property=\"og:image:width\" content=\"440\" \/>\n\t<meta property=\"og:image:height\" content=\"310\" \/>\n\t<meta property=\"og:image:type\" content=\"image\/jpeg\" \/>\n<meta name=\"twitter:card\" content=\"summary\" \/>\n<meta name=\"twitter:site\" content=\"@carnitec_\" \/>\n<meta name=\"twitter:label1\" content=\"Est. reading time\" \/>\n\t<meta name=\"twitter:data1\" content=\"1 min\u016b\u0161u\" \/>\n<script type=\"application\/ld+json\" class=\"yoast-schema-graph\">{\"@context\":\"https:\/\/schema.org\",\"@graph\":[{\"@type\":\"WebPage\",\"@id\":\"https:\/\/carnitec.com\/lv\/products\/rsll-501-primara-cukgalas-sadales-diska-zagis\/\",\"url\":\"https:\/\/carnitec.com\/lv\/products\/rsll-501-primara-cukgalas-sadales-diska-zagis\/\",\"name\":\"RSLL-501 prim\u0101r\u0101 c\u016bkga\u013cas sadales diska z\u0101\u0123is - Carnitec\",\"isPartOf\":{\"@id\":\"https:\/\/carnitec.com\/lv\/#website\"},\"datePublished\":\"2018-05-31T13:35:09+00:00\",\"dateModified\":\"2018-05-31T13:41:56+00:00\",\"breadcrumb\":{\"@id\":\"https:\/\/carnitec.com\/lv\/products\/rsll-501-primara-cukgalas-sadales-diska-zagis\/#breadcrumb\"},\"inLanguage\":\"lv-LV\",\"potentialAction\":[{\"@type\":\"ReadAction\",\"target\":[\"https:\/\/carnitec.com\/lv\/products\/rsll-501-primara-cukgalas-sadales-diska-zagis\/\"]}]},{\"@type\":\"BreadcrumbList\",\"@id\":\"https:\/\/carnitec.com\/lv\/products\/rsll-501-primara-cukgalas-sadales-diska-zagis\/#breadcrumb\",\"itemListElement\":[{\"@type\":\"ListItem\",\"position\":1,\"name\":\"\u0413\u043b\u0430\u0432\u043d\u0430\u044f \u0441\u0442\u0440\u0430\u043d\u0438\u0446\u0430\",\"item\":\"https:\/\/carnitec.com\/lv\/\"},{\"@type\":\"ListItem\",\"position\":2,\"name\":\"\u0422\u043e\u0432\u0430\u0440\u044b\",\"item\":\"https:\/\/carnitec.com\/shop\/\"},{\"@type\":\"ListItem\",\"position\":3,\"name\":\"RSLL-501 prim\u0101r\u0101 c\u016bkga\u013cas sadales diska z\u0101\u0123is\"}]},{\"@type\":\"WebSite\",\"@id\":\"https:\/\/carnitec.com\/lv\/#website\",\"url\":\"https:\/\/carnitec.com\/lv\/\",\"name\":\"Carnitec\",\"description\":\"P\u0101rtikas r\u016bpniec\u012bbas iek\u0101rtas\",\"publisher\":{\"@id\":\"https:\/\/carnitec.com\/lv\/#organization\"},\"potentialAction\":[{\"@type\":\"SearchAction\",\"target\":{\"@type\":\"EntryPoint\",\"urlTemplate\":\"https:\/\/carnitec.com\/lv\/?s={search_term_string}\"},\"query-input\":\"required name=search_term_string\"}],\"inLanguage\":\"lv-LV\"},{\"@type\":\"Organization\",\"@id\":\"https:\/\/carnitec.com\/lv\/#organization\",\"name\":\"Carnitec - food processing equipment\",\"url\":\"https:\/\/carnitec.com\/lv\/\",\"sameAs\":[\"https:\/\/www.instagram.com\/carnitec\/?hl=en\",\"https:\/\/www.linkedin.com\/company\/carnitec-ltd\/\",\"https:\/\/www.youtube.com\/channel\/UCwfiuJujkF2QxPPZAqB0T2w\",\"https:\/\/facebook.com\/carnitec1\",\"https:\/\/twitter.com\/carnitec_\"],\"logo\":{\"@type\":\"ImageObject\",\"inLanguage\":\"lv-LV\",\"@id\":\"https:\/\/carnitec.com\/lv\/#\/schema\/logo\/image\/\",\"url\":\"http:\/\/carnitec.com\/wp-content\/uploads\/2018\/01\/carnitec_logo_2018.png\",\"contentUrl\":\"http:\/\/carnitec.com\/wp-content\/uploads\/2018\/01\/carnitec_logo_2018.png\",\"width\":180,\"height\":50,\"caption\":\"Carnitec - food processing equipment\"},\"image\":{\"@id\":\"https:\/\/carnitec.com\/lv\/#\/schema\/logo\/image\/\"}}]}<\/script>\n<!-- \/ Yoast SEO plugin. -->","yoast_head_json":{"title":"RSLL-501 prim\u0101r\u0101 c\u016bkga\u013cas sadales diska z\u0101\u0123is - Carnitec","robots":{"index":"index","follow":"follow","max-snippet":"max-snippet:-1","max-image-preview":"max-image-preview:large","max-video-preview":"max-video-preview:-1"},"canonical":"https:\/\/carnitec.com\/lv\/products\/rsll-501-primara-cukgalas-sadales-diska-zagis\/","og_locale":"lv_LV","og_type":"article","og_title":"RSLL-501 prim\u0101r\u0101 c\u016bkga\u013cas sadales diska z\u0101\u0123is - Carnitec","og_description":"C\u016bkga\u013cas grie\u0161anas ma\u0161\u012bna. Ripz\u0101\u0123is prim\u0101rajai atkaulo\u0161anai RSLL-501.","og_url":"https:\/\/carnitec.com\/lv\/products\/rsll-501-primara-cukgalas-sadales-diska-zagis\/","og_site_name":"Carnitec","article_publisher":"https:\/\/facebook.com\/carnitec1","article_modified_time":"2018-05-31T13:41:56+00:00","og_image":[{"width":440,"height":310,"url":"https:\/\/carnitec.com\/wp-content\/uploads\/2018\/05\/rsll.jpg","type":"image\/jpeg"}],"twitter_card":"summary","twitter_site":"@carnitec_","twitter_misc":{"Est. reading time":"1 min\u016b\u0161u"},"schema":{"@context":"https:\/\/schema.org","@graph":[{"@type":"WebPage","@id":"https:\/\/carnitec.com\/lv\/products\/rsll-501-primara-cukgalas-sadales-diska-zagis\/","url":"https:\/\/carnitec.com\/lv\/products\/rsll-501-primara-cukgalas-sadales-diska-zagis\/","name":"RSLL-501 prim\u0101r\u0101 c\u016bkga\u013cas sadales diska z\u0101\u0123is - Carnitec","isPartOf":{"@id":"https:\/\/carnitec.com\/lv\/#website"},"datePublished":"2018-05-31T13:35:09+00:00","dateModified":"2018-05-31T13:41:56+00:00","breadcrumb":{"@id":"https:\/\/carnitec.com\/lv\/products\/rsll-501-primara-cukgalas-sadales-diska-zagis\/#breadcrumb"},"inLanguage":"lv-LV","potentialAction":[{"@type":"ReadAction","target":["https:\/\/carnitec.com\/lv\/products\/rsll-501-primara-cukgalas-sadales-diska-zagis\/"]}]},{"@type":"BreadcrumbList","@id":"https:\/\/carnitec.com\/lv\/products\/rsll-501-primara-cukgalas-sadales-diska-zagis\/#breadcrumb","itemListElement":[{"@type":"ListItem","position":1,"name":"\u0413\u043b\u0430\u0432\u043d\u0430\u044f \u0441\u0442\u0440\u0430\u043d\u0438\u0446\u0430","item":"https:\/\/carnitec.com\/lv\/"},{"@type":"ListItem","position":2,"name":"\u0422\u043e\u0432\u0430\u0440\u044b","item":"https:\/\/carnitec.com\/shop\/"},{"@type":"ListItem","position":3,"name":"RSLL-501 prim\u0101r\u0101 c\u016bkga\u013cas sadales diska z\u0101\u0123is"}]},{"@type":"WebSite","@id":"https:\/\/carnitec.com\/lv\/#website","url":"https:\/\/carnitec.com\/lv\/","name":"Carnitec","description":"P\u0101rtikas r\u016bpniec\u012bbas iek\u0101rtas","publisher":{"@id":"https:\/\/carnitec.com\/lv\/#organization"},"potentialAction":[{"@type":"SearchAction","target":{"@type":"EntryPoint","urlTemplate":"https:\/\/carnitec.com\/lv\/?s={search_term_string}"},"query-input":"required name=search_term_string"}],"inLanguage":"lv-LV"},{"@type":"Organization","@id":"https:\/\/carnitec.com\/lv\/#organization","name":"Carnitec - food processing equipment","url":"https:\/\/carnitec.com\/lv\/","sameAs":["https:\/\/www.instagram.com\/carnitec\/?hl=en","https:\/\/www.linkedin.com\/company\/carnitec-ltd\/","https:\/\/www.youtube.com\/channel\/UCwfiuJujkF2QxPPZAqB0T2w","https:\/\/facebook.com\/carnitec1","https:\/\/twitter.com\/carnitec_"],"logo":{"@type":"ImageObject","inLanguage":"lv-LV","@id":"https:\/\/carnitec.com\/lv\/#\/schema\/logo\/image\/","url":"http:\/\/carnitec.com\/wp-content\/uploads\/2018\/01\/carnitec_logo_2018.png","contentUrl":"http:\/\/carnitec.com\/wp-content\/uploads\/2018\/01\/carnitec_logo_2018.png","width":180,"height":50,"caption":"Carnitec - food processing equipment"},"image":{"@id":"https:\/\/carnitec.com\/lv\/#\/schema\/logo\/image\/"}}]}},"_links":{"self":[{"href":"https:\/\/carnitec.com\/lv\/wp-json\/wp\/v2\/product\/41654"}],"collection":[{"href":"https:\/\/carnitec.com\/lv\/wp-json\/wp\/v2\/product"}],"about":[{"href":"https:\/\/carnitec.com\/lv\/wp-json\/wp\/v2\/types\/product"}],"wp:featuredmedia":[{"embeddable":true,"href":"https:\/\/carnitec.com\/lv\/wp-json\/wp\/v2\/media\/41648"}],"wp:attachment":[{"href":"https:\/\/carnitec.com\/lv\/wp-json\/wp\/v2\/media?parent=41654"}],"wp:term":[{"taxonomy":"product_cat","embeddable":true,"href":"https:\/\/carnitec.com\/lv\/wp-json\/wp\/v2\/product_cat?post=41654"},{"taxonomy":"product_tag","embeddable":true,"href":"https:\/\/carnitec.com\/lv\/wp-json\/wp\/v2\/product_tag?post=41654"}],"curies":[{"name":"wp","href":"https:\/\/api.w.org\/{rel}","templated":true}]}}