{"id":41596,"date":"2018-04-19T11:05:23","date_gmt":"2018-04-21T15:49:30","guid":{"rendered":"https:\/\/staging1.carnitec.com\/?post_type=product&#038;p=41596"},"modified":"2018-04-21T17:49:30","modified_gmt":"2018-04-21T15:49:30","slug":"kombineta-divrullu-plaucesanas-un-saru-atdalisanas-iekarta-renner-2100","status":"publish","type":"product","link":"https:\/\/carnitec.com\/lv\/products\/kombineta-divrullu-plaucesanas-un-saru-atdalisanas-iekarta-renner-2100\/","title":{"rendered":"Kombin\u0113ta divru\u013c\u013cu  plauc\u0113\u0161anas un saru atdal\u012b\u0161anas iek\u0101rta RENNER 2100"},"content":{"rendered":"<p>Kombin\u0113ta divru\u013c\u013cu plauc\u0113\u0161anas un skr\u0101pju (saru atdal\u012b\u0161anas) iek\u0101rta RENNER 2100<br \/>\nV\u0101cija<\/p>\n<p><!--more--><\/p>\n<h2>Kombin\u0113ta divru\u013c\u013cu plauc\u0113\u0161anas un saru atdal\u012b\u0161anas iek\u0101rta RENNER 2100<\/h2>\n<p>&#8211; ner\u016bso\u0161s t\u0113rauds &#8211;<\/p>\n<p>Iek\u0101rta c\u016bk\u0101m ar svaru l\u012bdz 300 kg (nav paredz\u0113ta siv\u0113nm\u0101t\u0113m)ra\u017eotsp\u0113ja : max. 15 c\u016bkas stund\u0101el\/piesl\u0113gumi dzin\u0113js: 3,0 KW 230\/400 V<br \/>\nelektriska uzsild\u012b\u0161ana: 12 KW 230\/400 Vgaisa spiediens: 8 bargaisa pat\u0113ri\u0146\u0161 uz vienu c\u016bku 11 NLIek\u0101rtas izm\u0113ri:garums: 2100 mmplatums: 910 mmaugstums: 1320 mmiek\u0101rtas svars bez \u016bdens: ap. 870 kg<\/p>\n<p>Iek\u0101rtas r\u0101mis, rull\u012b\u0161i un v\u0101rpstas izgatavotas no ner\u016bso\u0161a t\u0113rauda.Gult\u0146u apvalki apr\u012bkoti ar labi izvietotas pa\u0161i izl\u012bdzin\u0101miem rull\u012b\u0161u gult\u0146iem.<br \/>\nV\u0101rpstas un piedzi\u0146u da\u013cas izstr\u0101d\u0101tas t\u0101da veid\u0101, lai b\u016btu iesp\u0113jams izmantot iek\u0101rtu neparedz\u0113ta gad\u012bjuma kau\u0161anai (\u0101rk\u0101rt\u0113ja kau\u0161ana) bez jebk\u0101dam probl\u0113m\u0101m.Iek\u0101rta ir p\u0101rvietojama ar 2 estak\u0101des rull\u012b\u0161iem un var\u0113t b\u016bt p\u0101rvietota uz jebkuru vietu.<br \/>\nIek\u0101rtas uzsild\u012b\u0161ana notiek ar \u012bpa\u0161am elektriskiem sild\u012b\u0161anas elementiem , kuri atrodas divu sl\u0101\u0146u ap\u0161uv\u0113, iepild\u012bto ar e\u013c\u013cu. Termostats regul\u0113 nepiecie\u0161amo plauc\u0113\u0161anas temperat\u016bru.\u016adens izvadi atrodas labaj\u0101 un kreisaj\u0101 pus\u0113 .<\/p>\n<h2>RENNER 2100 Darba re\u017e\u012bms<\/h2>\n<p>C\u016bka tiek iekrauta uz iek\u0101rtu ar \u0137\u0113\u017eu vin\u010du vai no ar nome\u0161anas loku.<br \/>\nP\u0113c tam sl\u012bd\u0113\u0161anas v\u0101ks tiek aizsl\u0113gts autom\u0101tiski.<br \/>\nTagad c\u016bka ir plauc\u0113ta un sari tiek no\u0146emti ar laiku ap. 3 min\u016btes pie 60C\u00b0.<br \/>\nP\u0113c saru no\u0146em\u0161anas procesa beigas, v\u0101ks tiek atv\u0113rts ar pneimatisko cilindru pal\u012bdz\u012bbu, rull\u012b\u0161i tiek izsl\u0113gti autom\u0101tiski.<\/p>\n<p>Tagad notiek c\u016bku izkrau\u0161ana ar pneimatisko izdz\u012b\u0161anas sl\u012bpumu.C\u016bka tagad pam\u0113t iek\u0101rtu piln\u012bgi bez sariem.Tagad ir iesp\u0113jams atk\u0101rtot procesu.<\/p>\n","protected":false},"excerpt":{"rendered":"<p>Kombin\u0113ta divru\u013c\u013cu plauc\u0113\u0161anas un saru atdal\u012b\u0161anas iek\u0101rta RENNER 2100<\/p>\n","protected":false},"featured_media":41514,"template":"","meta":{"content-type":"","_monsterinsights_skip_tracking":false,"_monsterinsights_sitenote_active":false,"_monsterinsights_sitenote_note":"","_monsterinsights_sitenote_category":0},"product_cat":[959],"product_tag":[],"yoast_head":"<!-- This site is optimized with the Yoast SEO plugin v19.5.1 - https:\/\/yoast.com\/wordpress\/plugins\/seo\/ -->\n<title>Kombin\u0113ta divru\u013c\u013cu plauc\u0113\u0161anas un saru atdal\u012b\u0161anas iek\u0101rta RENNER 2100 - Carnitec<\/title>\n<meta name=\"robots\" content=\"index, follow, max-snippet:-1, max-image-preview:large, max-video-preview:-1\" \/>\n<link rel=\"canonical\" href=\"https:\/\/carnitec.com\/lv\/products\/kombineta-divrullu-plaucesanas-un-saru-atdalisanas-iekarta-renner-2100\/\" \/>\n<meta property=\"og:locale\" content=\"lv_LV\" \/>\n<meta property=\"og:type\" content=\"article\" \/>\n<meta property=\"og:title\" content=\"Kombin\u0113ta divru\u013c\u013cu plauc\u0113\u0161anas un saru atdal\u012b\u0161anas iek\u0101rta RENNER 2100 - Carnitec\" \/>\n<meta property=\"og:description\" content=\"Kombin\u0113ta divru\u013c\u013cu plauc\u0113\u0161anas un saru atdal\u012b\u0161anas iek\u0101rta RENNER 2100\" \/>\n<meta property=\"og:url\" content=\"https:\/\/carnitec.com\/lv\/products\/kombineta-divrullu-plaucesanas-un-saru-atdalisanas-iekarta-renner-2100\/\" \/>\n<meta property=\"og:site_name\" content=\"Carnitec\" \/>\n<meta property=\"article:publisher\" content=\"https:\/\/facebook.com\/carnitec1\" \/>\n<meta property=\"og:image\" content=\"https:\/\/carnitec.com\/wp-content\/uploads\/2018\/04\/renner1900.jpg\" \/>\n\t<meta property=\"og:image:width\" content=\"738\" \/>\n\t<meta property=\"og:image:height\" content=\"732\" \/>\n\t<meta property=\"og:image:type\" content=\"image\/jpeg\" \/>\n<meta name=\"twitter:card\" content=\"summary\" \/>\n<meta name=\"twitter:site\" content=\"@carnitec_\" \/>\n<meta name=\"twitter:label1\" content=\"Est. reading time\" \/>\n\t<meta name=\"twitter:data1\" content=\"2 min\u016btes\" \/>\n<script type=\"application\/ld+json\" class=\"yoast-schema-graph\">{\"@context\":\"https:\/\/schema.org\",\"@graph\":[{\"@type\":\"WebPage\",\"@id\":\"https:\/\/carnitec.com\/lv\/products\/kombineta-divrullu-plaucesanas-un-saru-atdalisanas-iekarta-renner-2100\/\",\"url\":\"https:\/\/carnitec.com\/lv\/products\/kombineta-divrullu-plaucesanas-un-saru-atdalisanas-iekarta-renner-2100\/\",\"name\":\"Kombin\u0113ta divru\u013c\u013cu plauc\u0113\u0161anas un saru atdal\u012b\u0161anas iek\u0101rta RENNER 2100 - Carnitec\",\"isPartOf\":{\"@id\":\"https:\/\/carnitec.com\/lv\/#website\"},\"datePublished\":\"2018-04-21T15:49:30+00:00\",\"dateModified\":\"2018-04-21T15:49:30+00:00\",\"breadcrumb\":{\"@id\":\"https:\/\/carnitec.com\/lv\/products\/kombineta-divrullu-plaucesanas-un-saru-atdalisanas-iekarta-renner-2100\/#breadcrumb\"},\"inLanguage\":\"lv-LV\",\"potentialAction\":[{\"@type\":\"ReadAction\",\"target\":[\"https:\/\/carnitec.com\/lv\/products\/kombineta-divrullu-plaucesanas-un-saru-atdalisanas-iekarta-renner-2100\/\"]}]},{\"@type\":\"BreadcrumbList\",\"@id\":\"https:\/\/carnitec.com\/lv\/products\/kombineta-divrullu-plaucesanas-un-saru-atdalisanas-iekarta-renner-2100\/#breadcrumb\",\"itemListElement\":[{\"@type\":\"ListItem\",\"position\":1,\"name\":\"\u0413\u043b\u0430\u0432\u043d\u0430\u044f \u0441\u0442\u0440\u0430\u043d\u0438\u0446\u0430\",\"item\":\"https:\/\/carnitec.com\/lv\/\"},{\"@type\":\"ListItem\",\"position\":2,\"name\":\"\u0422\u043e\u0432\u0430\u0440\u044b\",\"item\":\"https:\/\/carnitec.com\/shop\/\"},{\"@type\":\"ListItem\",\"position\":3,\"name\":\"Kombin\u0113ta divru\u013c\u013cu plauc\u0113\u0161anas un saru atdal\u012b\u0161anas iek\u0101rta RENNER 2100\"}]},{\"@type\":\"WebSite\",\"@id\":\"https:\/\/carnitec.com\/lv\/#website\",\"url\":\"https:\/\/carnitec.com\/lv\/\",\"name\":\"Carnitec\",\"description\":\"P\u0101rtikas r\u016bpniec\u012bbas iek\u0101rtas\",\"publisher\":{\"@id\":\"https:\/\/carnitec.com\/lv\/#organization\"},\"potentialAction\":[{\"@type\":\"SearchAction\",\"target\":{\"@type\":\"EntryPoint\",\"urlTemplate\":\"https:\/\/carnitec.com\/lv\/?s={search_term_string}\"},\"query-input\":\"required name=search_term_string\"}],\"inLanguage\":\"lv-LV\"},{\"@type\":\"Organization\",\"@id\":\"https:\/\/carnitec.com\/lv\/#organization\",\"name\":\"Carnitec - food processing equipment\",\"url\":\"https:\/\/carnitec.com\/lv\/\",\"sameAs\":[\"https:\/\/www.instagram.com\/carnitec\/?hl=en\",\"https:\/\/www.linkedin.com\/company\/carnitec-ltd\/\",\"https:\/\/www.youtube.com\/channel\/UCwfiuJujkF2QxPPZAqB0T2w\",\"https:\/\/facebook.com\/carnitec1\",\"https:\/\/twitter.com\/carnitec_\"],\"logo\":{\"@type\":\"ImageObject\",\"inLanguage\":\"lv-LV\",\"@id\":\"https:\/\/carnitec.com\/lv\/#\/schema\/logo\/image\/\",\"url\":\"http:\/\/carnitec.com\/wp-content\/uploads\/2018\/01\/carnitec_logo_2018.png\",\"contentUrl\":\"http:\/\/carnitec.com\/wp-content\/uploads\/2018\/01\/carnitec_logo_2018.png\",\"width\":180,\"height\":50,\"caption\":\"Carnitec - food processing equipment\"},\"image\":{\"@id\":\"https:\/\/carnitec.com\/lv\/#\/schema\/logo\/image\/\"}}]}<\/script>\n<!-- \/ Yoast SEO plugin. -->","yoast_head_json":{"title":"Kombin\u0113ta divru\u013c\u013cu plauc\u0113\u0161anas un saru atdal\u012b\u0161anas iek\u0101rta RENNER 2100 - Carnitec","robots":{"index":"index","follow":"follow","max-snippet":"max-snippet:-1","max-image-preview":"max-image-preview:large","max-video-preview":"max-video-preview:-1"},"canonical":"https:\/\/carnitec.com\/lv\/products\/kombineta-divrullu-plaucesanas-un-saru-atdalisanas-iekarta-renner-2100\/","og_locale":"lv_LV","og_type":"article","og_title":"Kombin\u0113ta divru\u013c\u013cu plauc\u0113\u0161anas un saru atdal\u012b\u0161anas iek\u0101rta RENNER 2100 - Carnitec","og_description":"Kombin\u0113ta divru\u013c\u013cu plauc\u0113\u0161anas un saru atdal\u012b\u0161anas iek\u0101rta RENNER 2100","og_url":"https:\/\/carnitec.com\/lv\/products\/kombineta-divrullu-plaucesanas-un-saru-atdalisanas-iekarta-renner-2100\/","og_site_name":"Carnitec","article_publisher":"https:\/\/facebook.com\/carnitec1","og_image":[{"width":738,"height":732,"url":"https:\/\/carnitec.com\/wp-content\/uploads\/2018\/04\/renner1900.jpg","type":"image\/jpeg"}],"twitter_card":"summary","twitter_site":"@carnitec_","twitter_misc":{"Est. reading time":"2 min\u016btes"},"schema":{"@context":"https:\/\/schema.org","@graph":[{"@type":"WebPage","@id":"https:\/\/carnitec.com\/lv\/products\/kombineta-divrullu-plaucesanas-un-saru-atdalisanas-iekarta-renner-2100\/","url":"https:\/\/carnitec.com\/lv\/products\/kombineta-divrullu-plaucesanas-un-saru-atdalisanas-iekarta-renner-2100\/","name":"Kombin\u0113ta divru\u013c\u013cu plauc\u0113\u0161anas un saru atdal\u012b\u0161anas iek\u0101rta RENNER 2100 - Carnitec","isPartOf":{"@id":"https:\/\/carnitec.com\/lv\/#website"},"datePublished":"2018-04-21T15:49:30+00:00","dateModified":"2018-04-21T15:49:30+00:00","breadcrumb":{"@id":"https:\/\/carnitec.com\/lv\/products\/kombineta-divrullu-plaucesanas-un-saru-atdalisanas-iekarta-renner-2100\/#breadcrumb"},"inLanguage":"lv-LV","potentialAction":[{"@type":"ReadAction","target":["https:\/\/carnitec.com\/lv\/products\/kombineta-divrullu-plaucesanas-un-saru-atdalisanas-iekarta-renner-2100\/"]}]},{"@type":"BreadcrumbList","@id":"https:\/\/carnitec.com\/lv\/products\/kombineta-divrullu-plaucesanas-un-saru-atdalisanas-iekarta-renner-2100\/#breadcrumb","itemListElement":[{"@type":"ListItem","position":1,"name":"\u0413\u043b\u0430\u0432\u043d\u0430\u044f \u0441\u0442\u0440\u0430\u043d\u0438\u0446\u0430","item":"https:\/\/carnitec.com\/lv\/"},{"@type":"ListItem","position":2,"name":"\u0422\u043e\u0432\u0430\u0440\u044b","item":"https:\/\/carnitec.com\/shop\/"},{"@type":"ListItem","position":3,"name":"Kombin\u0113ta divru\u013c\u013cu plauc\u0113\u0161anas un saru atdal\u012b\u0161anas iek\u0101rta RENNER 2100"}]},{"@type":"WebSite","@id":"https:\/\/carnitec.com\/lv\/#website","url":"https:\/\/carnitec.com\/lv\/","name":"Carnitec","description":"P\u0101rtikas r\u016bpniec\u012bbas iek\u0101rtas","publisher":{"@id":"https:\/\/carnitec.com\/lv\/#organization"},"potentialAction":[{"@type":"SearchAction","target":{"@type":"EntryPoint","urlTemplate":"https:\/\/carnitec.com\/lv\/?s={search_term_string}"},"query-input":"required name=search_term_string"}],"inLanguage":"lv-LV"},{"@type":"Organization","@id":"https:\/\/carnitec.com\/lv\/#organization","name":"Carnitec - food processing equipment","url":"https:\/\/carnitec.com\/lv\/","sameAs":["https:\/\/www.instagram.com\/carnitec\/?hl=en","https:\/\/www.linkedin.com\/company\/carnitec-ltd\/","https:\/\/www.youtube.com\/channel\/UCwfiuJujkF2QxPPZAqB0T2w","https:\/\/facebook.com\/carnitec1","https:\/\/twitter.com\/carnitec_"],"logo":{"@type":"ImageObject","inLanguage":"lv-LV","@id":"https:\/\/carnitec.com\/lv\/#\/schema\/logo\/image\/","url":"http:\/\/carnitec.com\/wp-content\/uploads\/2018\/01\/carnitec_logo_2018.png","contentUrl":"http:\/\/carnitec.com\/wp-content\/uploads\/2018\/01\/carnitec_logo_2018.png","width":180,"height":50,"caption":"Carnitec - food processing equipment"},"image":{"@id":"https:\/\/carnitec.com\/lv\/#\/schema\/logo\/image\/"}}]}},"_links":{"self":[{"href":"https:\/\/carnitec.com\/lv\/wp-json\/wp\/v2\/product\/41596"}],"collection":[{"href":"https:\/\/carnitec.com\/lv\/wp-json\/wp\/v2\/product"}],"about":[{"href":"https:\/\/carnitec.com\/lv\/wp-json\/wp\/v2\/types\/product"}],"wp:featuredmedia":[{"embeddable":true,"href":"https:\/\/carnitec.com\/lv\/wp-json\/wp\/v2\/media\/41514"}],"wp:attachment":[{"href":"https:\/\/carnitec.com\/lv\/wp-json\/wp\/v2\/media?parent=41596"}],"wp:term":[{"taxonomy":"product_cat","embeddable":true,"href":"https:\/\/carnitec.com\/lv\/wp-json\/wp\/v2\/product_cat?post=41596"},{"taxonomy":"product_tag","embeddable":true,"href":"https:\/\/carnitec.com\/lv\/wp-json\/wp\/v2\/product_tag?post=41596"}],"curies":[{"name":"wp","href":"https:\/\/api.w.org\/{rel}","templated":true}]}}