{"id":41183,"date":"2016-04-28T19:44:06","date_gmt":"2018-03-12T14:12:13","guid":{"rendered":"http:\/\/carnitec.com\/lv\/?post_type=product&#038;p=41183"},"modified":"2018-03-12T16:17:04","modified_gmt":"2018-03-12T14:17:04","slug":"automatiska-sversanas-un-markesanas-sistema-ls-3000","status":"publish","type":"product","link":"https:\/\/carnitec.com\/lv\/products\/automatiska-sversanas-un-markesanas-sistema-ls-3000\/","title":{"rendered":"Autom\u0101tisk\u0101 sv\u0113r\u0161anas un mar\u0137\u0113\u0161anas sist\u0113ma LS-3000"},"content":{"rendered":"<h2>Autom\u0101tisk\u0101 sv\u0113r\u0161anas un mar\u0137\u0113\u0161anas sist\u0113ma LS-3000 DIBAL<\/h2>\n<ul>\n<li>Prec\u012bza sv\u0113r\u0161ana, augstas kvalit\u0101tes druk\u0101\u0161ana, piln\u012bgi dati par produktu mar\u0137\u0113jum\u0101, liels mar\u0137\u0113\u0161anas \u0101trums &#8211; \u0161\u012bs ir galven\u0101s LS-3000 \u012bpa\u0161\u012bbas;<\/li>\n<li>Ievada ce\u013cvedis (p\u0113c izv\u0113les), autom\u0101tiska pozicion\u0113\u0161ana paketes uz transportiera lentes, \u0101tri atlas\u012bt v\u0113lamo PLU atmi\u0146as \u0161\u016bnas masas, prec\u012bza pozicion\u0113\u0161ana aplikatoru eti\u0137etes, ieb\u016bv\u0113ta elektriskajiem izpildmeh\u0101nismiem regul\u0113t augstumu, lai nodro\u0161in\u0101tu pareizu pl\u016bsmu katram produkta veidam un prec\u012bzu L\u012bm\u0113\u0161ana eti\u0137et\u0113m;<\/li>\n<li>Gaisa str\u016bklas eti\u0137e\u0161u bezkontakta aplikators nodro\u0161ina vislab\u0101ko uzl\u012bmi uz eti\u0137etes (ar\u012b trausl\u0101m prec\u0113m);<\/li>\n<li>Konsole un grafiskais displejs nodro\u0161ina lietot\u0101jam nepiecie\u0161amo inform\u0101ciju un iesp\u0113ju programm\u0113t sist\u0113mu;<\/li>\n<li>PC savienojums \u013cauj ieprogramm\u0113t sist\u0113mu, \u013cauj grafiskais dizains eti\u0137e\u0161u, \u013cauj analiz\u0113t produktu datu p\u0101rraida LS-300 PC;<\/li>\n<li>Materi\u0101li, no kuriem izgatavots LS-3000, atbilst FDA pras\u012bb\u0101m un sp\u0113k\u0101 eso\u0161ajiem p\u0101rtikas r\u016bpniec\u012bbas ties\u012bbu aktiem;<\/li>\n<li>Modul\u0101rais dizains \u013cauj piel\u0101got sist\u0113mu da\u017e\u0101diem izstr\u0101d\u0101juma izm\u0113riem un svaram.<\/li>\n<\/ul>\n<h4><strong>Galven\u0101s iesp\u0113jas<\/strong><\/h4>\n<ul>\n<li>\u0100trums: l\u012bdz 75 sv\u0113r\u0161anas cikliem \/ atz\u012bm\u0113m min\u016bt\u0113. \u0100trums var b\u016bt vien\u0101ds vai atsevi\u0161\u0137i noteikts katram produktu veidam, lai optimiz\u0113tu mar\u0137\u0113jumu ciklu (\u0101trums atkar\u012bgs no lieluma, formas un svara preces postenis regularit\u0101te ieejas pl\u016bsm\u0101);<br \/>\n8000 \u0161\u016bnas PLU, katra \u0161\u016bna satur datus: divus v\u0101rdus produktu, cenu, taru, tr\u012bs datumi (piem\u0113rot\u012bbu pre\u010du), sv\u012btrkodu form\u0101tu, 10 l\u012bnijas 24 rakstz\u012bmes, viena l\u012bnija 1000 rakstz\u012bmes (l\u012bdz 1000 PLU \u0161\u016bnas), k\u0101 ar\u012b 4000 sast\u0101vda\u013cas un 1000 klienti, datus par kuriem var izmantot jebkuram produktam;<\/li>\n<li>\u0160\u0137iro\u0161anas funkcija p\u0113c svara (produkts, kura svars neatbilst noteiktaj\u0101m robe\u017e\u0101m, nav mar\u0137\u0113ts).<\/li>\n<\/ul>\n<h4><strong>Mar\u0137\u0113jums<\/strong><\/h4>\n<ul>\n<li>20 fiks\u0113tie un 30 lietot\u0101ja konfigur\u0113jamie form\u0101ti;<\/li>\n<li>Katr\u0101 eti\u0137et\u0113 ir l\u012bdz 60 inform\u0101cijas laukiem;<\/li>\n<li>No PC logotipa;<\/li>\n<li>Sv\u012btru kodu veidi: EAN-8, EAN-13, EAN-128, CODE128, ITF-14;<\/li>\n<li>20 veidu produktu izseko\u0161ana (ga\u013ca, zivis, siers utt.);<\/li>\n<li>Tr\u012bs rezult\u0101tu uzkr\u0101\u0161an\u0101s l\u012bme\u0146i; kopsavilkuma datus var izdruk\u0101t uz LS-3000 vai ar pievienoto manu\u0101lo mar\u0137\u0113\u0161anas sist\u0113mu (LP-3000), lai nodro\u0161in\u0101tu galven\u0101 procesa nep\u0101rtraukt\u012bbu;<\/li>\n<li>Eti\u0137etes izm\u0113rs no 40 \u00d7 40 mm l\u012bdz 80 \u00d7 100 mm (druk\u0101\u0161anas platums 76 mm);<\/li>\n<li>Iepakojuma lielums (standarta sv\u0113r\u0161anas konveijers) 300 (d) \u00d7 280 (w) \u00d7 250 (collas).<\/li>\n<\/ul>\n<h2 class=\"p1\"><span class=\"s1\">Nosv\u0113r\u0161ana<\/span><\/h2>\n<div class=\"subsection\">\n<p><strong>Dinamisk\u0101<\/strong>:<\/p>\n<ul>\n<li>3kg \/ 1g, 6kg \/ 2g, 10kg \/ 5g, svara konveijera standarta izm\u0113rs 350&#215;280 mm,<\/li>\n<li>iesp\u0113ja uzst\u0101d\u012bt speci\u0101lu sist\u0113mu ar sv\u0113r\u0161anas konveijera izm\u0113ru 400 \u00d7 400 mm;<\/li>\n<li>\u012apa\u0161a svara konveijers 600x500mm 15kg \/ 5g<\/li>\n<\/ul>\n<\/div>\n<div class=\"subsection\">Statisk\u0101 veida uzkaras var nor\u0101d\u012bt programm\u0113ti.<\/div>\n<div class=\"subsection\"><\/div>\n<div class=\"subsection\"><strong>Sazi\u0146a ar cit\u0101m ier\u012bc\u0113m<\/strong><\/div>\n<div class=\"subsection\">PC: RS232, Ethernet TCP \/ IP, bezvadu IEEE802.11b \/ g;<br \/>\nDibal RMS programmat\u016bra: sist\u0113mas iek\u0101rtu pl\u0101no\u0161ana un produktu datu p\u0101rvald\u012bba;<br \/>\nDLD &#8211; eti\u0137e\u0161u grafiskais dizainers;<br \/>\nSv\u012btru kodu skeneris: lai las\u012btu sv\u012btrkodu tipa EAN-13 vai EAN-128;<br \/>\nDigit\u0101l\u0101 izeja \u0101r\u0113jo ier\u012b\u010du kontrolei.<br \/>\nPiez\u012bme. Vienlaikus nevar savienot datoru, LP-3000 un sv\u012btrkoda las\u012bt\u0101ju.<\/div>\n<div class=\"subsection\"><\/div>\n<div class=\"subsection\"><strong>Konveijeri<\/strong><\/div>\n<div class=\"subsection\">3 konveijeri: pirmais iepakojumu sa\u0146em\u0161anai un sadal\u012b\u0161anai, otra &#8211; sv\u0113r\u0161anai, tre\u0161ais &#8211; mar\u0137\u0113\u0161anai ar sv\u012btrkodu.<\/div>\n<p><strong>Izm\u0113ri<\/strong><\/p>\n<p><a href=\"http:\/\/carnitec.com\/wp-content\/uploads\/2016\/04\/DIBAL-LS-3000_1.gif\" data-rel=\"lightbox-image-0\" data-rl_title=\"\" data-rl_caption=\"\" title=\"\"><img class=\"alignnone size-medium wp-image-9632\" src=\"http:\/\/carnitec.com\/wp-content\/uploads\/2016\/04\/DIBAL-LS-3000_1-300x275.gif\" alt=\"DIBAL LS-3000_1\" width=\"300\" height=\"275\" \/><\/a><\/p>\n","protected":false},"excerpt":{"rendered":"<ul>\n<li>Prec\u012bza sv\u0113r\u0161ana, augstas kvalit\u0101tes druk\u0101\u0161ana, piln\u012bgi dati par produktu mar\u0137\u0113jum\u0101, liels mar\u0137\u0113\u0161anas \u0101trums &#8211; \u0161\u012bs ir galven\u0101s LS-3000 \u012bpa\u0161\u012bbas;<\/li>\n<\/ul>\n","protected":false},"featured_media":9643,"template":"","meta":{"content-type":"","_monsterinsights_skip_tracking":false,"_monsterinsights_sitenote_active":false,"_monsterinsights_sitenote_note":"","_monsterinsights_sitenote_category":0},"product_cat":[973],"product_tag":[],"yoast_head":"<!-- This site is optimized with the Yoast SEO plugin v19.5.1 - https:\/\/yoast.com\/wordpress\/plugins\/seo\/ -->\n<title>Autom\u0101tisk\u0101 sv\u0113r\u0161anas un mar\u0137\u0113\u0161anas sist\u0113ma LS-3000 - Carnitec<\/title>\n<meta name=\"description\" content=\"Prec\u012bza sv\u0113r\u0161ana, augstas kvalit\u0101tes druk\u0101\u0161ana, piln\u012bgi dati par produktu mar\u0137\u0113jum\u0101, liels mar\u0137\u0113\u0161anas \u0101trums - \u0161\u012bs ir galven\u0101s LS-3000 \u012bpa\u0161\u012bbas\" \/>\n<meta name=\"robots\" content=\"index, follow, max-snippet:-1, max-image-preview:large, max-video-preview:-1\" \/>\n<link rel=\"canonical\" href=\"https:\/\/carnitec.com\/lv\/products\/automatiska-sversanas-un-markesanas-sistema-ls-3000\/\" \/>\n<meta property=\"og:locale\" content=\"lv_LV\" \/>\n<meta property=\"og:type\" content=\"article\" \/>\n<meta property=\"og:title\" content=\"Autom\u0101tisk\u0101 sv\u0113r\u0161anas un mar\u0137\u0113\u0161anas sist\u0113ma LS-3000 - Carnitec\" \/>\n<meta property=\"og:description\" content=\"Prec\u012bza sv\u0113r\u0161ana, augstas kvalit\u0101tes druk\u0101\u0161ana, piln\u012bgi dati par produktu mar\u0137\u0113jum\u0101, liels mar\u0137\u0113\u0161anas \u0101trums - \u0161\u012bs ir galven\u0101s LS-3000 \u012bpa\u0161\u012bbas\" \/>\n<meta property=\"og:url\" content=\"https:\/\/carnitec.com\/lv\/products\/automatiska-sversanas-un-markesanas-sistema-ls-3000\/\" \/>\n<meta property=\"og:site_name\" content=\"Carnitec\" \/>\n<meta property=\"article:publisher\" content=\"https:\/\/facebook.com\/carnitec1\" \/>\n<meta property=\"article:modified_time\" content=\"2018-03-12T14:17:04+00:00\" \/>\n<meta property=\"og:image\" content=\"https:\/\/carnitec.com\/wp-content\/uploads\/2016\/04\/DIBAL-LS-3000.jpg\" \/>\n\t<meta property=\"og:image:width\" content=\"1869\" \/>\n\t<meta property=\"og:image:height\" content=\"2897\" \/>\n\t<meta property=\"og:image:type\" content=\"image\/jpeg\" \/>\n<meta name=\"twitter:card\" content=\"summary\" \/>\n<meta name=\"twitter:site\" content=\"@carnitec_\" \/>\n<meta name=\"twitter:label1\" content=\"Est. reading time\" \/>\n\t<meta name=\"twitter:data1\" content=\"3 min\u016btes\" \/>\n<script type=\"application\/ld+json\" class=\"yoast-schema-graph\">{\"@context\":\"https:\/\/schema.org\",\"@graph\":[{\"@type\":\"WebPage\",\"@id\":\"https:\/\/carnitec.com\/lv\/products\/automatiska-sversanas-un-markesanas-sistema-ls-3000\/\",\"url\":\"https:\/\/carnitec.com\/lv\/products\/automatiska-sversanas-un-markesanas-sistema-ls-3000\/\",\"name\":\"Autom\u0101tisk\u0101 sv\u0113r\u0161anas un mar\u0137\u0113\u0161anas sist\u0113ma LS-3000 - Carnitec\",\"isPartOf\":{\"@id\":\"https:\/\/carnitec.com\/lv\/#website\"},\"datePublished\":\"2018-03-12T14:12:13+00:00\",\"dateModified\":\"2018-03-12T14:17:04+00:00\",\"description\":\"Prec\u012bza sv\u0113r\u0161ana, augstas kvalit\u0101tes druk\u0101\u0161ana, piln\u012bgi dati par produktu mar\u0137\u0113jum\u0101, liels mar\u0137\u0113\u0161anas \u0101trums - \u0161\u012bs ir galven\u0101s LS-3000 \u012bpa\u0161\u012bbas\",\"breadcrumb\":{\"@id\":\"https:\/\/carnitec.com\/lv\/products\/automatiska-sversanas-un-markesanas-sistema-ls-3000\/#breadcrumb\"},\"inLanguage\":\"lv-LV\",\"potentialAction\":[{\"@type\":\"ReadAction\",\"target\":[\"https:\/\/carnitec.com\/lv\/products\/automatiska-sversanas-un-markesanas-sistema-ls-3000\/\"]}]},{\"@type\":\"BreadcrumbList\",\"@id\":\"https:\/\/carnitec.com\/lv\/products\/automatiska-sversanas-un-markesanas-sistema-ls-3000\/#breadcrumb\",\"itemListElement\":[{\"@type\":\"ListItem\",\"position\":1,\"name\":\"\u0413\u043b\u0430\u0432\u043d\u0430\u044f \u0441\u0442\u0440\u0430\u043d\u0438\u0446\u0430\",\"item\":\"https:\/\/carnitec.com\/lv\/\"},{\"@type\":\"ListItem\",\"position\":2,\"name\":\"\u0422\u043e\u0432\u0430\u0440\u044b\",\"item\":\"https:\/\/carnitec.com\/shop\/\"},{\"@type\":\"ListItem\",\"position\":3,\"name\":\"Autom\u0101tisk\u0101 sv\u0113r\u0161anas un mar\u0137\u0113\u0161anas sist\u0113ma LS-3000\"}]},{\"@type\":\"WebSite\",\"@id\":\"https:\/\/carnitec.com\/lv\/#website\",\"url\":\"https:\/\/carnitec.com\/lv\/\",\"name\":\"Carnitec\",\"description\":\"P\u0101rtikas r\u016bpniec\u012bbas iek\u0101rtas\",\"publisher\":{\"@id\":\"https:\/\/carnitec.com\/lv\/#organization\"},\"potentialAction\":[{\"@type\":\"SearchAction\",\"target\":{\"@type\":\"EntryPoint\",\"urlTemplate\":\"https:\/\/carnitec.com\/lv\/?s={search_term_string}\"},\"query-input\":\"required name=search_term_string\"}],\"inLanguage\":\"lv-LV\"},{\"@type\":\"Organization\",\"@id\":\"https:\/\/carnitec.com\/lv\/#organization\",\"name\":\"Carnitec - food processing equipment\",\"url\":\"https:\/\/carnitec.com\/lv\/\",\"sameAs\":[\"https:\/\/www.instagram.com\/carnitec\/?hl=en\",\"https:\/\/www.linkedin.com\/company\/carnitec-ltd\/\",\"https:\/\/www.youtube.com\/channel\/UCwfiuJujkF2QxPPZAqB0T2w\",\"https:\/\/facebook.com\/carnitec1\",\"https:\/\/twitter.com\/carnitec_\"],\"logo\":{\"@type\":\"ImageObject\",\"inLanguage\":\"lv-LV\",\"@id\":\"https:\/\/carnitec.com\/lv\/#\/schema\/logo\/image\/\",\"url\":\"http:\/\/carnitec.com\/wp-content\/uploads\/2018\/01\/carnitec_logo_2018.png\",\"contentUrl\":\"http:\/\/carnitec.com\/wp-content\/uploads\/2018\/01\/carnitec_logo_2018.png\",\"width\":180,\"height\":50,\"caption\":\"Carnitec - food processing equipment\"},\"image\":{\"@id\":\"https:\/\/carnitec.com\/lv\/#\/schema\/logo\/image\/\"}}]}<\/script>\n<!-- \/ Yoast SEO plugin. -->","yoast_head_json":{"title":"Autom\u0101tisk\u0101 sv\u0113r\u0161anas un mar\u0137\u0113\u0161anas sist\u0113ma LS-3000 - Carnitec","description":"Prec\u012bza sv\u0113r\u0161ana, augstas kvalit\u0101tes druk\u0101\u0161ana, piln\u012bgi dati par produktu mar\u0137\u0113jum\u0101, liels mar\u0137\u0113\u0161anas \u0101trums - \u0161\u012bs ir galven\u0101s LS-3000 \u012bpa\u0161\u012bbas","robots":{"index":"index","follow":"follow","max-snippet":"max-snippet:-1","max-image-preview":"max-image-preview:large","max-video-preview":"max-video-preview:-1"},"canonical":"https:\/\/carnitec.com\/lv\/products\/automatiska-sversanas-un-markesanas-sistema-ls-3000\/","og_locale":"lv_LV","og_type":"article","og_title":"Autom\u0101tisk\u0101 sv\u0113r\u0161anas un mar\u0137\u0113\u0161anas sist\u0113ma LS-3000 - Carnitec","og_description":"Prec\u012bza sv\u0113r\u0161ana, augstas kvalit\u0101tes druk\u0101\u0161ana, piln\u012bgi dati par produktu mar\u0137\u0113jum\u0101, liels mar\u0137\u0113\u0161anas \u0101trums - \u0161\u012bs ir galven\u0101s LS-3000 \u012bpa\u0161\u012bbas","og_url":"https:\/\/carnitec.com\/lv\/products\/automatiska-sversanas-un-markesanas-sistema-ls-3000\/","og_site_name":"Carnitec","article_publisher":"https:\/\/facebook.com\/carnitec1","article_modified_time":"2018-03-12T14:17:04+00:00","og_image":[{"width":1869,"height":2897,"url":"https:\/\/carnitec.com\/wp-content\/uploads\/2016\/04\/DIBAL-LS-3000.jpg","type":"image\/jpeg"}],"twitter_card":"summary","twitter_site":"@carnitec_","twitter_misc":{"Est. reading time":"3 min\u016btes"},"schema":{"@context":"https:\/\/schema.org","@graph":[{"@type":"WebPage","@id":"https:\/\/carnitec.com\/lv\/products\/automatiska-sversanas-un-markesanas-sistema-ls-3000\/","url":"https:\/\/carnitec.com\/lv\/products\/automatiska-sversanas-un-markesanas-sistema-ls-3000\/","name":"Autom\u0101tisk\u0101 sv\u0113r\u0161anas un mar\u0137\u0113\u0161anas sist\u0113ma LS-3000 - Carnitec","isPartOf":{"@id":"https:\/\/carnitec.com\/lv\/#website"},"datePublished":"2018-03-12T14:12:13+00:00","dateModified":"2018-03-12T14:17:04+00:00","description":"Prec\u012bza sv\u0113r\u0161ana, augstas kvalit\u0101tes druk\u0101\u0161ana, piln\u012bgi dati par produktu mar\u0137\u0113jum\u0101, liels mar\u0137\u0113\u0161anas \u0101trums - \u0161\u012bs ir galven\u0101s LS-3000 \u012bpa\u0161\u012bbas","breadcrumb":{"@id":"https:\/\/carnitec.com\/lv\/products\/automatiska-sversanas-un-markesanas-sistema-ls-3000\/#breadcrumb"},"inLanguage":"lv-LV","potentialAction":[{"@type":"ReadAction","target":["https:\/\/carnitec.com\/lv\/products\/automatiska-sversanas-un-markesanas-sistema-ls-3000\/"]}]},{"@type":"BreadcrumbList","@id":"https:\/\/carnitec.com\/lv\/products\/automatiska-sversanas-un-markesanas-sistema-ls-3000\/#breadcrumb","itemListElement":[{"@type":"ListItem","position":1,"name":"\u0413\u043b\u0430\u0432\u043d\u0430\u044f \u0441\u0442\u0440\u0430\u043d\u0438\u0446\u0430","item":"https:\/\/carnitec.com\/lv\/"},{"@type":"ListItem","position":2,"name":"\u0422\u043e\u0432\u0430\u0440\u044b","item":"https:\/\/carnitec.com\/shop\/"},{"@type":"ListItem","position":3,"name":"Autom\u0101tisk\u0101 sv\u0113r\u0161anas un mar\u0137\u0113\u0161anas sist\u0113ma LS-3000"}]},{"@type":"WebSite","@id":"https:\/\/carnitec.com\/lv\/#website","url":"https:\/\/carnitec.com\/lv\/","name":"Carnitec","description":"P\u0101rtikas r\u016bpniec\u012bbas iek\u0101rtas","publisher":{"@id":"https:\/\/carnitec.com\/lv\/#organization"},"potentialAction":[{"@type":"SearchAction","target":{"@type":"EntryPoint","urlTemplate":"https:\/\/carnitec.com\/lv\/?s={search_term_string}"},"query-input":"required name=search_term_string"}],"inLanguage":"lv-LV"},{"@type":"Organization","@id":"https:\/\/carnitec.com\/lv\/#organization","name":"Carnitec - food processing equipment","url":"https:\/\/carnitec.com\/lv\/","sameAs":["https:\/\/www.instagram.com\/carnitec\/?hl=en","https:\/\/www.linkedin.com\/company\/carnitec-ltd\/","https:\/\/www.youtube.com\/channel\/UCwfiuJujkF2QxPPZAqB0T2w","https:\/\/facebook.com\/carnitec1","https:\/\/twitter.com\/carnitec_"],"logo":{"@type":"ImageObject","inLanguage":"lv-LV","@id":"https:\/\/carnitec.com\/lv\/#\/schema\/logo\/image\/","url":"http:\/\/carnitec.com\/wp-content\/uploads\/2018\/01\/carnitec_logo_2018.png","contentUrl":"http:\/\/carnitec.com\/wp-content\/uploads\/2018\/01\/carnitec_logo_2018.png","width":180,"height":50,"caption":"Carnitec - food processing equipment"},"image":{"@id":"https:\/\/carnitec.com\/lv\/#\/schema\/logo\/image\/"}}]}},"_links":{"self":[{"href":"https:\/\/carnitec.com\/lv\/wp-json\/wp\/v2\/product\/41183"}],"collection":[{"href":"https:\/\/carnitec.com\/lv\/wp-json\/wp\/v2\/product"}],"about":[{"href":"https:\/\/carnitec.com\/lv\/wp-json\/wp\/v2\/types\/product"}],"wp:featuredmedia":[{"embeddable":true,"href":"https:\/\/carnitec.com\/lv\/wp-json\/wp\/v2\/media\/9643"}],"wp:attachment":[{"href":"https:\/\/carnitec.com\/lv\/wp-json\/wp\/v2\/media?parent=41183"}],"wp:term":[{"taxonomy":"product_cat","embeddable":true,"href":"https:\/\/carnitec.com\/lv\/wp-json\/wp\/v2\/product_cat?post=41183"},{"taxonomy":"product_tag","embeddable":true,"href":"https:\/\/carnitec.com\/lv\/wp-json\/wp\/v2\/product_tag?post=41183"}],"curies":[{"name":"wp","href":"https:\/\/api.w.org\/{rel}","templated":true}]}}