{"id":41174,"date":"2016-07-15T19:43:42","date_gmt":"2018-03-12T13:53:01","guid":{"rendered":"http:\/\/carnitec.com\/lv\/?post_type=product&#038;p=41174"},"modified":"2018-03-12T15:59:35","modified_gmt":"2018-03-12T13:59:35","slug":"automatiska-sversanas-un-markesanas-sistema-ls-4000","status":"publish","type":"product","link":"https:\/\/carnitec.com\/lv\/products\/automatiska-sversanas-un-markesanas-sistema-ls-4000\/","title":{"rendered":"Autom\u0101tisk\u0101 sv\u0113r\u0161anas un mar\u0137\u0113\u0161anas sist\u0113ma LS-4000"},"content":{"rendered":"<blockquote><p>LS-4000 ir uzlabota LS-3000 sist\u0113ma;<br \/>\nPrec\u012bza sv\u0113r\u0161ana, augstas kvalit\u0101tes druk\u0101\u0161ana, visa eti\u0137etes inform\u0101cija par produktu &#8211; visa jaun\u0101s autom\u0101tisk\u0101s sist\u0113mas galven\u0101s \u012bpa\u0161\u012bbas<\/p><\/blockquote>\n<p>&nbsp;<\/p>\n<div id='gallery-1' class='gallery galleryid-41174 gallery-columns-3 gallery-size-thumbnail'><figure class='gallery-item'>\n\t\t\t<div class='gallery-icon landscape'>\n\t\t\t\t<a href='https:\/\/carnitec.com\/wp-content\/uploads\/2016\/07\/LS-4000_3-CARROS_ESTANDAR_640x640.jpg' title=\"\" data-rl_title=\"\" class=\"rl-gallery-link\" data-rl_caption=\"\" data-rel=\"lightbox-gallery-1\"><img width=\"150\" height=\"150\" src=\"https:\/\/carnitec.com\/wp-content\/uploads\/2016\/07\/LS-4000_3-CARROS_ESTANDAR_640x640.jpg\" class=\"attachment-thumbnail size-thumbnail\" alt=\"\" srcset=\"https:\/\/carnitec.com\/wp-content\/uploads\/2016\/07\/LS-4000_3-CARROS_ESTANDAR_640x640.jpg 640w, https:\/\/carnitec.com\/wp-content\/uploads\/2016\/07\/LS-4000_3-CARROS_ESTANDAR_640x640-100x100.jpg 100w\" sizes=\"(max-width: 150px) 100vw, 150px\" \/><\/a>\n\t\t\t<\/div><\/figure><figure class='gallery-item'>\n\t\t\t<div class='gallery-icon landscape'>\n\t\t\t\t<a href='https:\/\/carnitec.com\/wp-content\/uploads\/2016\/07\/TFT_640x640.jpg' title=\"\" data-rl_title=\"\" class=\"rl-gallery-link\" data-rl_caption=\"\" data-rel=\"lightbox-gallery-1\"><img width=\"150\" height=\"150\" src=\"https:\/\/carnitec.com\/wp-content\/uploads\/2016\/07\/TFT_640x640.jpg\" class=\"attachment-thumbnail size-thumbnail\" alt=\"\" srcset=\"https:\/\/carnitec.com\/wp-content\/uploads\/2016\/07\/TFT_640x640.jpg 640w, https:\/\/carnitec.com\/wp-content\/uploads\/2016\/07\/TFT_640x640-100x100.jpg 100w\" sizes=\"(max-width: 150px) 100vw, 150px\" \/><\/a>\n\t\t\t<\/div><\/figure><figure class='gallery-item'>\n\t\t\t<div class='gallery-icon landscape'>\n\t\t\t\t<a href='https:\/\/carnitec.com\/wp-content\/uploads\/2016\/07\/CONSOLA_4000_640x640.jpg' title=\"\" data-rl_title=\"\" class=\"rl-gallery-link\" data-rl_caption=\"\" data-rel=\"lightbox-gallery-1\"><img width=\"150\" height=\"150\" src=\"https:\/\/carnitec.com\/wp-content\/uploads\/2016\/07\/CONSOLA_4000_640x640.jpg\" class=\"attachment-thumbnail size-thumbnail\" alt=\"\" srcset=\"https:\/\/carnitec.com\/wp-content\/uploads\/2016\/07\/CONSOLA_4000_640x640.jpg 640w, https:\/\/carnitec.com\/wp-content\/uploads\/2016\/07\/CONSOLA_4000_640x640-100x100.jpg 100w\" sizes=\"(max-width: 150px) 100vw, 150px\" \/><\/a>\n\t\t\t<\/div><\/figure>\n\t\t<\/div>\n\n<h2>Konstrukcija<\/h2>\n<p>R\u0101mis ir izgatavots no ner\u016bs\u0113jo\u0161\u0101 t\u0113rauda, \u200b\u200bkonveijera lente atbilst FDA pras\u012bb\u0101m un m\u016bsdienu p\u0101rtikas r\u016bpniec\u012bbas standartiem.<br \/>\nModul\u0101rais dizains \u013cauj jums konfigur\u0113t sist\u0113mu da\u017e\u0101dam produkta svaram un izm\u0113ram.<br \/>\nLS-4000 dizains atvieglo apkopes uzdevumus (\u0101tras lentes nomai\u0146a, vienk\u0101r\u0161a t\u012br\u012b\u0161ana utt.), K\u0101 ar\u012b visas izmai\u0146as ra\u017eo\u0161anas l\u012bnij\u0101 (piem\u0113ram, ce\u013ca virziens).<br \/>\nSist\u0113ma sast\u0101v no trim konveijeriem: pirmais pre\u010du importam un izplat\u012b\u0161anai, otrs sv\u0113r\u0161anai un tre\u0161ais mar\u0137\u0113jums.<br \/>\nAtkar\u012bb\u0101 no produkta izm\u0113ra standarta mode\u013ca LS-4000 ir \u0161\u0101di izm\u0113ri:<br \/>\nDivas konveijera lentes ir 300 \u00d7 200 mm un plus 600 \u00d7 200 mm.<br \/>\nDivas konveijera lentas 400 \u00d7 280 mm un viena plus 600 \u00d7 280 mm.<br \/>\nPre\u010du prec\u012bza defin\u012bcija ar vienu sensoru ievades cauru\u013cvad\u0101.<br \/>\nIevades konveijers: atkar\u012bb\u0101 no uzst\u0101d\u012b\u0161anas, iesp\u0113jams, vajadz\u0113s izmantot ieejas konveijeru, lai nodro\u0161in\u0101tu pareizu att\u0101lumu starp produktu un t\u0101 dro\u0161u ieeju platform\u0101.<\/p>\n<h2><strong>Raksturojums<\/strong><\/h2>\n<p>\u0100trums: l\u012bdz 110 gab \/ min. sv\u0113r\u0161ana un mar\u0137\u0113\u0161ana, 130 gab \/ min. tikai sver \u0100trums var b\u016bt vien\u0101ds vai atsevi\u0161\u0137i noteikts katram produktu veidam (\u0101trums atkar\u012bgs no lieluma, formas un svara preces postenis regularit\u0101tei ieejas pl\u016bsm\u0101).<br \/>\nLai palielin\u0101tu \u0101trumu LS-4000 n\u0101k ar diviem procesoriem: vienu sv\u0113r\u0161anas un mar\u0137\u0113\u0161anas, un otrs druk\u0101\u0161anai.<br \/>\n8000 \u0161\u016bnas PLU no kuriem katrs satur \u0161\u0101dus datus: 2 produkta nosaukumu, cena, taras, 3 datumus, sv\u012btru kods form\u0101ts, 10 l\u012bnijas 24 rakstz\u012bmes, 1. l\u012bnija 1000 rakstz\u012bm\u0113m, k\u0101 ar\u012b 4000 komponenti un 1000 klienti, no kuriem datus var j\u0101lieto jebkuram produktam (produkts, kura svars neatbilst noteiktaj\u0101m robe\u017e\u0101m, nav mar\u0137\u0113ts).<br \/>\nKonsole un displejs par\u0101da visu nepiecie\u0161amo inform\u0101ciju un \u013cauj viegli programm\u0113t sist\u0113mu.<br \/>\nJ\u016bs varat uzst\u0101d\u012bt sk\u0101rienekr\u0101nu 15 (opcija).<\/p>\n<h2>Sv\u0113r\u0161ana<\/h2>\n<p>Dinamiska ar iesp\u0113ju instal\u0113t programmat\u016bru statistikai ar \u0161\u0101d\u0101m opcij\u0101m:<br \/>\nStandarta mode\u013ci: 3kg &#8211; 1g \/ 6kg &#8211; 2g \/ 15kg &#8211; 5g.<br \/>\n\u012apa\u0161ie mode\u013ci: 30kg &#8211; 10g \/ 60kg &#8211; 20g..<\/p>\n<blockquote><p>(Faktisko ra\u017eotsp\u0113ju nosaka, apvienojot t\u0101dus faktorus k\u0101 konveijera lentes garums, pre\u010du svars un izm\u0113ri, precizit\u0101te, mar\u0137\u0113juma lielums, aplikatora eti\u0137e\u0161u tips utt.).<\/p><\/blockquote>\n<h2>Eti\u0137\u0113\u0161ana<\/h2>\n<p>Tie\u0161\u0101 siltuma un siltuma p\u0101rneses druka, 4 collu printeris ar iztur\u012bgu, ilgsto\u0161u termo galvi\u0146u.<br \/>\nMar\u0137\u0113jums ar saspiestu gaisu vai pneimatisko aplikatoru. Mar\u0137\u0113\u0161ana ar saspiestu gaisu nodro\u0161in\u0101s pat trausl\u0101ko pre\u010du dro\u0161\u012bbu, un pielieto\u0161ana ar pneimatisko aplikatoru nodro\u0161in\u0101s maksim\u0101lu precizit\u0101ti. Iesai\u0146ojuma apak\u0161pus\u0113 ir iesp\u0113jams ar\u012b pievienot papildu mar\u0137\u0113jumu.<br \/>\nVienlaikus ir iesp\u0113jams piesl\u0113gt ne vair\u0101k k\u0101 3 printerus.<br \/>\n20 fiks\u0113tie un 79 lietot\u0101ja defin\u0113tie form\u0101ti.<br \/>\nl\u012bdz 60 inform\u0101cijas laukiem katr\u0101 eti\u0137et\u0113.<br \/>\nNo PC logotipa var lejupiel\u0101d\u0113t.<br \/>\nSv\u012btru kodu atbalsts: EAN-8, EAN-13, EAN-128, CODE128, ITF-14.<br \/>\nIzsekojiet 20 veidu produktus (ga\u013cu, zivis, sieru utt.).<br \/>\nTr\u012bs kop\u0113jo summu uzkr\u0101\u0161an\u0101s l\u012bme\u0146i: kopsavilkuma datus var izdruk\u0101t uz LS-4000 vai ar pievienoto manu\u0101lo mar\u0137\u0113\u0161anas sist\u0113mu (LP-3000), lai nodro\u0161in\u0101tu galven\u0101 procesa nep\u0101rtraukt\u012bbu.<br \/>\nEti\u0137etes izm\u0113rs no 40 \u00d7 40 mm l\u012bdz 80 \u00d7 100 mm (drukas platums 76 mm).<br \/>\nIepakojuma lielums (standarta sv\u0113r\u0161anas konveijers) 300 (d) 280 (w) 250 (c).<\/p>\n<p><strong>Komunik\u0101cijas saskarnes<\/strong><br \/>\nPC: RS232, Ethernet TCP \/ IP, bezvadu IEEE 802.11b \/ g.<br \/>\nIesp\u0113ja piesl\u0113gt manu\u0101lo mar\u0137\u0113\u0161anas sist\u0113mu Dibal LP-3000, lai druk\u0101tu gala eti\u0137etes.<br \/>\nSv\u012btru kodu skeneris: EAN-13 vai EAN-128.<br \/>\nDigit\u0101l\u0101 izeja \u0101r\u0113jo ier\u012b\u010du kontrolei.<\/p>\n<p><strong>Programmat\u016bra<\/strong><br \/>\nDibal RMS programmat\u016bra: programm\u0113\u0161anas sist\u0113mas iek\u0101rtas un produktu datu p\u0101rvald\u012bba.<br \/>\nDLD ir eti\u0137e\u0161u grafiskais dizainers.<\/p>\n<p><iframe loading=\"lazy\" title=\"Dibal LS 4000\" width=\"640\" height=\"360\" src=\"https:\/\/www.youtube.com\/embed\/mST0vFaGTKc?feature=oembed\" frameborder=\"0\" allow=\"accelerometer; autoplay; clipboard-write; encrypted-media; gyroscope; picture-in-picture\" allowfullscreen><\/iframe><\/p>\n","protected":false},"excerpt":{"rendered":"<p>Prec\u012bza sv\u0113r\u0161ana, augstas kvalit\u0101tes druk\u0101\u0161ana, visa eti\u0137etes inform\u0101cija par produktu &#8211; visa jaun\u0101s autom\u0101tisk\u0101s sist\u0113mas galven\u0101s \u012bpa\u0161\u012bbas<\/p>\n","protected":false},"featured_media":10490,"template":"","meta":{"content-type":"","_monsterinsights_skip_tracking":false,"_monsterinsights_sitenote_active":false,"_monsterinsights_sitenote_note":"","_monsterinsights_sitenote_category":0},"product_cat":[973],"product_tag":[],"yoast_head":"<!-- This site is optimized with the Yoast SEO plugin v19.5.1 - https:\/\/yoast.com\/wordpress\/plugins\/seo\/ -->\n<title>Autom\u0101tisk\u0101 sv\u0113r\u0161anas un mar\u0137\u0113\u0161anas sist\u0113ma LS-4000 - Carnitec<\/title>\n<meta name=\"robots\" content=\"index, follow, max-snippet:-1, max-image-preview:large, max-video-preview:-1\" \/>\n<link rel=\"canonical\" href=\"https:\/\/carnitec.com\/lv\/products\/automatiska-sversanas-un-markesanas-sistema-ls-4000\/\" \/>\n<meta property=\"og:locale\" content=\"lv_LV\" \/>\n<meta property=\"og:type\" content=\"article\" \/>\n<meta property=\"og:title\" content=\"Autom\u0101tisk\u0101 sv\u0113r\u0161anas un mar\u0137\u0113\u0161anas sist\u0113ma LS-4000 - Carnitec\" \/>\n<meta property=\"og:description\" content=\"Prec\u012bza sv\u0113r\u0161ana, augstas kvalit\u0101tes druk\u0101\u0161ana, visa eti\u0137etes inform\u0101cija par produktu - visa jaun\u0101s autom\u0101tisk\u0101s sist\u0113mas galven\u0101s \u012bpa\u0161\u012bbas\" \/>\n<meta property=\"og:url\" content=\"https:\/\/carnitec.com\/lv\/products\/automatiska-sversanas-un-markesanas-sistema-ls-4000\/\" \/>\n<meta property=\"og:site_name\" content=\"Carnitec\" \/>\n<meta property=\"article:publisher\" content=\"https:\/\/facebook.com\/carnitec1\" \/>\n<meta property=\"article:modified_time\" content=\"2018-03-12T13:59:35+00:00\" \/>\n<meta property=\"og:image\" content=\"https:\/\/carnitec.com\/wp-content\/uploads\/2016\/07\/LS-4000_640x640.jpg\" \/>\n\t<meta property=\"og:image:width\" content=\"640\" \/>\n\t<meta property=\"og:image:height\" content=\"640\" \/>\n\t<meta property=\"og:image:type\" content=\"image\/jpeg\" \/>\n<meta name=\"twitter:card\" content=\"summary\" \/>\n<meta name=\"twitter:site\" content=\"@carnitec_\" \/>\n<meta name=\"twitter:label1\" content=\"Est. reading time\" \/>\n\t<meta name=\"twitter:data1\" content=\"3 min\u016btes\" \/>\n<script type=\"application\/ld+json\" class=\"yoast-schema-graph\">{\"@context\":\"https:\/\/schema.org\",\"@graph\":[{\"@type\":\"WebPage\",\"@id\":\"https:\/\/carnitec.com\/lv\/products\/automatiska-sversanas-un-markesanas-sistema-ls-4000\/\",\"url\":\"https:\/\/carnitec.com\/lv\/products\/automatiska-sversanas-un-markesanas-sistema-ls-4000\/\",\"name\":\"Autom\u0101tisk\u0101 sv\u0113r\u0161anas un mar\u0137\u0113\u0161anas sist\u0113ma LS-4000 - Carnitec\",\"isPartOf\":{\"@id\":\"https:\/\/carnitec.com\/lv\/#website\"},\"datePublished\":\"2018-03-12T13:53:01+00:00\",\"dateModified\":\"2018-03-12T13:59:35+00:00\",\"breadcrumb\":{\"@id\":\"https:\/\/carnitec.com\/lv\/products\/automatiska-sversanas-un-markesanas-sistema-ls-4000\/#breadcrumb\"},\"inLanguage\":\"lv-LV\",\"potentialAction\":[{\"@type\":\"ReadAction\",\"target\":[\"https:\/\/carnitec.com\/lv\/products\/automatiska-sversanas-un-markesanas-sistema-ls-4000\/\"]}]},{\"@type\":\"BreadcrumbList\",\"@id\":\"https:\/\/carnitec.com\/lv\/products\/automatiska-sversanas-un-markesanas-sistema-ls-4000\/#breadcrumb\",\"itemListElement\":[{\"@type\":\"ListItem\",\"position\":1,\"name\":\"\u0413\u043b\u0430\u0432\u043d\u0430\u044f \u0441\u0442\u0440\u0430\u043d\u0438\u0446\u0430\",\"item\":\"https:\/\/carnitec.com\/lv\/\"},{\"@type\":\"ListItem\",\"position\":2,\"name\":\"\u0422\u043e\u0432\u0430\u0440\u044b\",\"item\":\"https:\/\/carnitec.com\/shop\/\"},{\"@type\":\"ListItem\",\"position\":3,\"name\":\"Autom\u0101tisk\u0101 sv\u0113r\u0161anas un mar\u0137\u0113\u0161anas sist\u0113ma LS-4000\"}]},{\"@type\":\"WebSite\",\"@id\":\"https:\/\/carnitec.com\/lv\/#website\",\"url\":\"https:\/\/carnitec.com\/lv\/\",\"name\":\"Carnitec\",\"description\":\"P\u0101rtikas r\u016bpniec\u012bbas iek\u0101rtas\",\"publisher\":{\"@id\":\"https:\/\/carnitec.com\/lv\/#organization\"},\"potentialAction\":[{\"@type\":\"SearchAction\",\"target\":{\"@type\":\"EntryPoint\",\"urlTemplate\":\"https:\/\/carnitec.com\/lv\/?s={search_term_string}\"},\"query-input\":\"required name=search_term_string\"}],\"inLanguage\":\"lv-LV\"},{\"@type\":\"Organization\",\"@id\":\"https:\/\/carnitec.com\/lv\/#organization\",\"name\":\"Carnitec - food processing equipment\",\"url\":\"https:\/\/carnitec.com\/lv\/\",\"sameAs\":[\"https:\/\/www.instagram.com\/carnitec\/?hl=en\",\"https:\/\/www.linkedin.com\/company\/carnitec-ltd\/\",\"https:\/\/www.youtube.com\/channel\/UCwfiuJujkF2QxPPZAqB0T2w\",\"https:\/\/facebook.com\/carnitec1\",\"https:\/\/twitter.com\/carnitec_\"],\"logo\":{\"@type\":\"ImageObject\",\"inLanguage\":\"lv-LV\",\"@id\":\"https:\/\/carnitec.com\/lv\/#\/schema\/logo\/image\/\",\"url\":\"http:\/\/carnitec.com\/wp-content\/uploads\/2018\/01\/carnitec_logo_2018.png\",\"contentUrl\":\"http:\/\/carnitec.com\/wp-content\/uploads\/2018\/01\/carnitec_logo_2018.png\",\"width\":180,\"height\":50,\"caption\":\"Carnitec - food processing equipment\"},\"image\":{\"@id\":\"https:\/\/carnitec.com\/lv\/#\/schema\/logo\/image\/\"}}]}<\/script>\n<!-- \/ Yoast SEO plugin. -->","yoast_head_json":{"title":"Autom\u0101tisk\u0101 sv\u0113r\u0161anas un mar\u0137\u0113\u0161anas sist\u0113ma LS-4000 - Carnitec","robots":{"index":"index","follow":"follow","max-snippet":"max-snippet:-1","max-image-preview":"max-image-preview:large","max-video-preview":"max-video-preview:-1"},"canonical":"https:\/\/carnitec.com\/lv\/products\/automatiska-sversanas-un-markesanas-sistema-ls-4000\/","og_locale":"lv_LV","og_type":"article","og_title":"Autom\u0101tisk\u0101 sv\u0113r\u0161anas un mar\u0137\u0113\u0161anas sist\u0113ma LS-4000 - Carnitec","og_description":"Prec\u012bza sv\u0113r\u0161ana, augstas kvalit\u0101tes druk\u0101\u0161ana, visa eti\u0137etes inform\u0101cija par produktu - visa jaun\u0101s autom\u0101tisk\u0101s sist\u0113mas galven\u0101s \u012bpa\u0161\u012bbas","og_url":"https:\/\/carnitec.com\/lv\/products\/automatiska-sversanas-un-markesanas-sistema-ls-4000\/","og_site_name":"Carnitec","article_publisher":"https:\/\/facebook.com\/carnitec1","article_modified_time":"2018-03-12T13:59:35+00:00","og_image":[{"width":640,"height":640,"url":"https:\/\/carnitec.com\/wp-content\/uploads\/2016\/07\/LS-4000_640x640.jpg","type":"image\/jpeg"}],"twitter_card":"summary","twitter_site":"@carnitec_","twitter_misc":{"Est. reading time":"3 min\u016btes"},"schema":{"@context":"https:\/\/schema.org","@graph":[{"@type":"WebPage","@id":"https:\/\/carnitec.com\/lv\/products\/automatiska-sversanas-un-markesanas-sistema-ls-4000\/","url":"https:\/\/carnitec.com\/lv\/products\/automatiska-sversanas-un-markesanas-sistema-ls-4000\/","name":"Autom\u0101tisk\u0101 sv\u0113r\u0161anas un mar\u0137\u0113\u0161anas sist\u0113ma LS-4000 - Carnitec","isPartOf":{"@id":"https:\/\/carnitec.com\/lv\/#website"},"datePublished":"2018-03-12T13:53:01+00:00","dateModified":"2018-03-12T13:59:35+00:00","breadcrumb":{"@id":"https:\/\/carnitec.com\/lv\/products\/automatiska-sversanas-un-markesanas-sistema-ls-4000\/#breadcrumb"},"inLanguage":"lv-LV","potentialAction":[{"@type":"ReadAction","target":["https:\/\/carnitec.com\/lv\/products\/automatiska-sversanas-un-markesanas-sistema-ls-4000\/"]}]},{"@type":"BreadcrumbList","@id":"https:\/\/carnitec.com\/lv\/products\/automatiska-sversanas-un-markesanas-sistema-ls-4000\/#breadcrumb","itemListElement":[{"@type":"ListItem","position":1,"name":"\u0413\u043b\u0430\u0432\u043d\u0430\u044f \u0441\u0442\u0440\u0430\u043d\u0438\u0446\u0430","item":"https:\/\/carnitec.com\/lv\/"},{"@type":"ListItem","position":2,"name":"\u0422\u043e\u0432\u0430\u0440\u044b","item":"https:\/\/carnitec.com\/shop\/"},{"@type":"ListItem","position":3,"name":"Autom\u0101tisk\u0101 sv\u0113r\u0161anas un mar\u0137\u0113\u0161anas sist\u0113ma LS-4000"}]},{"@type":"WebSite","@id":"https:\/\/carnitec.com\/lv\/#website","url":"https:\/\/carnitec.com\/lv\/","name":"Carnitec","description":"P\u0101rtikas r\u016bpniec\u012bbas iek\u0101rtas","publisher":{"@id":"https:\/\/carnitec.com\/lv\/#organization"},"potentialAction":[{"@type":"SearchAction","target":{"@type":"EntryPoint","urlTemplate":"https:\/\/carnitec.com\/lv\/?s={search_term_string}"},"query-input":"required name=search_term_string"}],"inLanguage":"lv-LV"},{"@type":"Organization","@id":"https:\/\/carnitec.com\/lv\/#organization","name":"Carnitec - food processing equipment","url":"https:\/\/carnitec.com\/lv\/","sameAs":["https:\/\/www.instagram.com\/carnitec\/?hl=en","https:\/\/www.linkedin.com\/company\/carnitec-ltd\/","https:\/\/www.youtube.com\/channel\/UCwfiuJujkF2QxPPZAqB0T2w","https:\/\/facebook.com\/carnitec1","https:\/\/twitter.com\/carnitec_"],"logo":{"@type":"ImageObject","inLanguage":"lv-LV","@id":"https:\/\/carnitec.com\/lv\/#\/schema\/logo\/image\/","url":"http:\/\/carnitec.com\/wp-content\/uploads\/2018\/01\/carnitec_logo_2018.png","contentUrl":"http:\/\/carnitec.com\/wp-content\/uploads\/2018\/01\/carnitec_logo_2018.png","width":180,"height":50,"caption":"Carnitec - food processing equipment"},"image":{"@id":"https:\/\/carnitec.com\/lv\/#\/schema\/logo\/image\/"}}]}},"_links":{"self":[{"href":"https:\/\/carnitec.com\/lv\/wp-json\/wp\/v2\/product\/41174"}],"collection":[{"href":"https:\/\/carnitec.com\/lv\/wp-json\/wp\/v2\/product"}],"about":[{"href":"https:\/\/carnitec.com\/lv\/wp-json\/wp\/v2\/types\/product"}],"wp:featuredmedia":[{"embeddable":true,"href":"https:\/\/carnitec.com\/lv\/wp-json\/wp\/v2\/media\/10490"}],"wp:attachment":[{"href":"https:\/\/carnitec.com\/lv\/wp-json\/wp\/v2\/media?parent=41174"}],"wp:term":[{"taxonomy":"product_cat","embeddable":true,"href":"https:\/\/carnitec.com\/lv\/wp-json\/wp\/v2\/product_cat?post=41174"},{"taxonomy":"product_tag","embeddable":true,"href":"https:\/\/carnitec.com\/lv\/wp-json\/wp\/v2\/product_tag?post=41174"}],"curies":[{"name":"wp","href":"https:\/\/api.w.org\/{rel}","templated":true}]}}