{"id":41080,"date":"2018-03-01T17:07:37","date_gmt":"2018-03-01T15:15:33","guid":{"rendered":"http:\/\/carnitec.com\/lv\/?post_type=product&#038;p=41080"},"modified":"2018-03-01T17:15:33","modified_gmt":"2018-03-01T15:15:33","slug":"piena-separators-milky-fj-130-epr","status":"publish","type":"product","link":"https:\/\/carnitec.com\/lv\/products\/piena-separators-milky-fj-130-epr\/","title":{"rendered":"Piena separators Milky FJ 130 EPR"},"content":{"rendered":"<p>10 litru ner\u016bs\u0113jo\u0161\u0101 t\u0113rauda AISI 304 piena kolektors, korpuss un uztv\u0113r\u0113ji atgrie\u0161anas un kr\u0113juma izvadam ir izgatavoti no triecieniztur\u012bga plastmasas<\/p>\n<p>Sabalans\u0113t\u0101 bungu izgatavo no \u012bpa\u0161a anod\u0113ta alum\u012bnija (14 \u03bcm alum\u012bnija pl\u0113ve)<\/p>\n<p>Divu veidu pl\u0101ksnes, kas izgatavotas no anod\u0113ta alum\u012bnija (14 \u03bcm alum\u012bnija pl\u0113ves): gludas un reljefas,<br \/>\nkas tiek uzst\u0101d\u012bti p\u0101rmai\u0146us (10 gludi diski, 11 reljefi)<\/p>\n<p>LED sl\u0113dzis maina kr\u0101su no sarkanas uz za\u013co, par\u0101dot vislab\u0101ko laiku uz\u0146em\u0161anai<br \/>\npiens (apm\u0113ram 8500 apgr.\/min)<\/p>\n<p>Lieliski piem\u0113rots lieto\u0161anai m\u0101j\u0101s un pusprofesion\u0101\u013ciem<br \/>\nlietot\u0101ju<\/p>\n<p>\u2022 Iztur\u012bgs, \u013coti kluss dzin\u0113js bez suk\u0101m &#8220;LONGLIFE&#8221; darbojas rekordu 2000 stundas un<br \/>\nvar apstr\u0101d\u0101t apm\u0113ram 130 litrus piena stund\u0101; Neieciet ar \u016bdeni vai pienu. Bie\u017eums<br \/>\nMotora rot\u0101cija nav atkar\u012bga no sprieguma sv\u0101rst\u012bb\u0101m un vienm\u0113r paliek nemain\u012bga<br \/>\n\u2022 Piel\u0101gojiet kr\u0113juma tauku saturu no 8% l\u012bdz 12% (atkar\u012bb\u0101 no piena temperat\u016bras un kvalit\u0101tes).<br \/>\n\u2022 Novatoriskas tehnolo\u0123ijas &#8220;Gludais palaistais&#8221;<br \/>\n\u2022 Visas deta\u013cas ir izgatavotas no kvalitat\u012bviem un p\u0101rbaud\u012btiem materi\u0101liem<br \/>\n\u2022 LED sl\u0113dzis ar \u016bdensnecaurlaid\u012bgu<br \/>\np\u0101rkl\u0101ts<br \/>\n\u2022 Sp\u0113ja piestiprin\u0101t pie galda<\/p>\n<div class=\"embed-responsive embed-responsive-16by9\"><iframe loading=\"lazy\" title=\"Cream separator FJ 130 EPR\" width=\"640\" height=\"360\" src=\"https:\/\/www.youtube.com\/embed\/Or973gIYb3o?feature=oembed\" frameborder=\"0\" allow=\"accelerometer; autoplay; clipboard-write; encrypted-media; gyroscope; picture-in-picture\" allowfullscreen><\/iframe><\/div>\n","protected":false},"excerpt":{"rendered":"<p>Milky FJ 130 EPR Piena separators<\/p>\n","protected":false},"featured_media":41078,"template":"","meta":{"content-type":"","_monsterinsights_skip_tracking":false,"_monsterinsights_sitenote_active":false,"_monsterinsights_sitenote_note":"","_monsterinsights_sitenote_category":0},"product_cat":[1405],"product_tag":[],"yoast_head":"<!-- This site is optimized with the Yoast SEO plugin v19.5.1 - https:\/\/yoast.com\/wordpress\/plugins\/seo\/ -->\n<title>Piena separators Milky FJ 130 EPR - Carnitec<\/title>\n<meta name=\"robots\" content=\"index, follow, max-snippet:-1, max-image-preview:large, max-video-preview:-1\" \/>\n<link rel=\"canonical\" href=\"https:\/\/carnitec.com\/lv\/products\/piena-separators-milky-fj-130-epr\/\" \/>\n<meta property=\"og:locale\" content=\"lv_LV\" \/>\n<meta property=\"og:type\" content=\"article\" \/>\n<meta property=\"og:title\" content=\"Piena separators Milky FJ 130 EPR - Carnitec\" \/>\n<meta property=\"og:description\" content=\"Milky FJ 130 EPR Piena separators\" \/>\n<meta property=\"og:url\" content=\"https:\/\/carnitec.com\/lv\/products\/piena-separators-milky-fj-130-epr\/\" \/>\n<meta property=\"og:site_name\" content=\"Carnitec\" \/>\n<meta property=\"article:publisher\" content=\"https:\/\/facebook.com\/carnitec1\" \/>\n<meta property=\"og:image\" content=\"https:\/\/carnitec.com\/wp-content\/uploads\/2018\/03\/milky_130.jpg\" \/>\n\t<meta property=\"og:image:width\" content=\"400\" \/>\n\t<meta property=\"og:image:height\" content=\"562\" \/>\n\t<meta property=\"og:image:type\" content=\"image\/jpeg\" \/>\n<meta name=\"twitter:card\" content=\"summary\" \/>\n<meta name=\"twitter:site\" content=\"@carnitec_\" \/>\n<meta name=\"twitter:label1\" content=\"Est. reading time\" \/>\n\t<meta name=\"twitter:data1\" content=\"1 min\u016b\u0161u\" \/>\n<script type=\"application\/ld+json\" class=\"yoast-schema-graph\">{\"@context\":\"https:\/\/schema.org\",\"@graph\":[{\"@type\":\"WebPage\",\"@id\":\"https:\/\/carnitec.com\/lv\/products\/piena-separators-milky-fj-130-epr\/\",\"url\":\"https:\/\/carnitec.com\/lv\/products\/piena-separators-milky-fj-130-epr\/\",\"name\":\"Piena separators Milky FJ 130 EPR - Carnitec\",\"isPartOf\":{\"@id\":\"https:\/\/carnitec.com\/lv\/#website\"},\"datePublished\":\"2018-03-01T15:15:33+00:00\",\"dateModified\":\"2018-03-01T15:15:33+00:00\",\"breadcrumb\":{\"@id\":\"https:\/\/carnitec.com\/lv\/products\/piena-separators-milky-fj-130-epr\/#breadcrumb\"},\"inLanguage\":\"lv-LV\",\"potentialAction\":[{\"@type\":\"ReadAction\",\"target\":[\"https:\/\/carnitec.com\/lv\/products\/piena-separators-milky-fj-130-epr\/\"]}]},{\"@type\":\"BreadcrumbList\",\"@id\":\"https:\/\/carnitec.com\/lv\/products\/piena-separators-milky-fj-130-epr\/#breadcrumb\",\"itemListElement\":[{\"@type\":\"ListItem\",\"position\":1,\"name\":\"\u0413\u043b\u0430\u0432\u043d\u0430\u044f \u0441\u0442\u0440\u0430\u043d\u0438\u0446\u0430\",\"item\":\"https:\/\/carnitec.com\/lv\/\"},{\"@type\":\"ListItem\",\"position\":2,\"name\":\"\u0422\u043e\u0432\u0430\u0440\u044b\",\"item\":\"https:\/\/carnitec.com\/shop\/\"},{\"@type\":\"ListItem\",\"position\":3,\"name\":\"Piena separators Milky FJ 130 EPR\"}]},{\"@type\":\"WebSite\",\"@id\":\"https:\/\/carnitec.com\/lv\/#website\",\"url\":\"https:\/\/carnitec.com\/lv\/\",\"name\":\"Carnitec\",\"description\":\"P\u0101rtikas r\u016bpniec\u012bbas iek\u0101rtas\",\"publisher\":{\"@id\":\"https:\/\/carnitec.com\/lv\/#organization\"},\"potentialAction\":[{\"@type\":\"SearchAction\",\"target\":{\"@type\":\"EntryPoint\",\"urlTemplate\":\"https:\/\/carnitec.com\/lv\/?s={search_term_string}\"},\"query-input\":\"required name=search_term_string\"}],\"inLanguage\":\"lv-LV\"},{\"@type\":\"Organization\",\"@id\":\"https:\/\/carnitec.com\/lv\/#organization\",\"name\":\"Carnitec - food processing equipment\",\"url\":\"https:\/\/carnitec.com\/lv\/\",\"sameAs\":[\"https:\/\/www.instagram.com\/carnitec\/?hl=en\",\"https:\/\/www.linkedin.com\/company\/carnitec-ltd\/\",\"https:\/\/www.youtube.com\/channel\/UCwfiuJujkF2QxPPZAqB0T2w\",\"https:\/\/facebook.com\/carnitec1\",\"https:\/\/twitter.com\/carnitec_\"],\"logo\":{\"@type\":\"ImageObject\",\"inLanguage\":\"lv-LV\",\"@id\":\"https:\/\/carnitec.com\/lv\/#\/schema\/logo\/image\/\",\"url\":\"http:\/\/carnitec.com\/wp-content\/uploads\/2018\/01\/carnitec_logo_2018.png\",\"contentUrl\":\"http:\/\/carnitec.com\/wp-content\/uploads\/2018\/01\/carnitec_logo_2018.png\",\"width\":180,\"height\":50,\"caption\":\"Carnitec - food processing equipment\"},\"image\":{\"@id\":\"https:\/\/carnitec.com\/lv\/#\/schema\/logo\/image\/\"}}]}<\/script>\n<!-- \/ Yoast SEO plugin. -->","yoast_head_json":{"title":"Piena separators Milky FJ 130 EPR - Carnitec","robots":{"index":"index","follow":"follow","max-snippet":"max-snippet:-1","max-image-preview":"max-image-preview:large","max-video-preview":"max-video-preview:-1"},"canonical":"https:\/\/carnitec.com\/lv\/products\/piena-separators-milky-fj-130-epr\/","og_locale":"lv_LV","og_type":"article","og_title":"Piena separators Milky FJ 130 EPR - Carnitec","og_description":"Milky FJ 130 EPR Piena separators","og_url":"https:\/\/carnitec.com\/lv\/products\/piena-separators-milky-fj-130-epr\/","og_site_name":"Carnitec","article_publisher":"https:\/\/facebook.com\/carnitec1","og_image":[{"width":400,"height":562,"url":"https:\/\/carnitec.com\/wp-content\/uploads\/2018\/03\/milky_130.jpg","type":"image\/jpeg"}],"twitter_card":"summary","twitter_site":"@carnitec_","twitter_misc":{"Est. reading time":"1 min\u016b\u0161u"},"schema":{"@context":"https:\/\/schema.org","@graph":[{"@type":"WebPage","@id":"https:\/\/carnitec.com\/lv\/products\/piena-separators-milky-fj-130-epr\/","url":"https:\/\/carnitec.com\/lv\/products\/piena-separators-milky-fj-130-epr\/","name":"Piena separators Milky FJ 130 EPR - Carnitec","isPartOf":{"@id":"https:\/\/carnitec.com\/lv\/#website"},"datePublished":"2018-03-01T15:15:33+00:00","dateModified":"2018-03-01T15:15:33+00:00","breadcrumb":{"@id":"https:\/\/carnitec.com\/lv\/products\/piena-separators-milky-fj-130-epr\/#breadcrumb"},"inLanguage":"lv-LV","potentialAction":[{"@type":"ReadAction","target":["https:\/\/carnitec.com\/lv\/products\/piena-separators-milky-fj-130-epr\/"]}]},{"@type":"BreadcrumbList","@id":"https:\/\/carnitec.com\/lv\/products\/piena-separators-milky-fj-130-epr\/#breadcrumb","itemListElement":[{"@type":"ListItem","position":1,"name":"\u0413\u043b\u0430\u0432\u043d\u0430\u044f \u0441\u0442\u0440\u0430\u043d\u0438\u0446\u0430","item":"https:\/\/carnitec.com\/lv\/"},{"@type":"ListItem","position":2,"name":"\u0422\u043e\u0432\u0430\u0440\u044b","item":"https:\/\/carnitec.com\/shop\/"},{"@type":"ListItem","position":3,"name":"Piena separators Milky FJ 130 EPR"}]},{"@type":"WebSite","@id":"https:\/\/carnitec.com\/lv\/#website","url":"https:\/\/carnitec.com\/lv\/","name":"Carnitec","description":"P\u0101rtikas r\u016bpniec\u012bbas iek\u0101rtas","publisher":{"@id":"https:\/\/carnitec.com\/lv\/#organization"},"potentialAction":[{"@type":"SearchAction","target":{"@type":"EntryPoint","urlTemplate":"https:\/\/carnitec.com\/lv\/?s={search_term_string}"},"query-input":"required name=search_term_string"}],"inLanguage":"lv-LV"},{"@type":"Organization","@id":"https:\/\/carnitec.com\/lv\/#organization","name":"Carnitec - food processing equipment","url":"https:\/\/carnitec.com\/lv\/","sameAs":["https:\/\/www.instagram.com\/carnitec\/?hl=en","https:\/\/www.linkedin.com\/company\/carnitec-ltd\/","https:\/\/www.youtube.com\/channel\/UCwfiuJujkF2QxPPZAqB0T2w","https:\/\/facebook.com\/carnitec1","https:\/\/twitter.com\/carnitec_"],"logo":{"@type":"ImageObject","inLanguage":"lv-LV","@id":"https:\/\/carnitec.com\/lv\/#\/schema\/logo\/image\/","url":"http:\/\/carnitec.com\/wp-content\/uploads\/2018\/01\/carnitec_logo_2018.png","contentUrl":"http:\/\/carnitec.com\/wp-content\/uploads\/2018\/01\/carnitec_logo_2018.png","width":180,"height":50,"caption":"Carnitec - food processing equipment"},"image":{"@id":"https:\/\/carnitec.com\/lv\/#\/schema\/logo\/image\/"}}]}},"_links":{"self":[{"href":"https:\/\/carnitec.com\/lv\/wp-json\/wp\/v2\/product\/41080"}],"collection":[{"href":"https:\/\/carnitec.com\/lv\/wp-json\/wp\/v2\/product"}],"about":[{"href":"https:\/\/carnitec.com\/lv\/wp-json\/wp\/v2\/types\/product"}],"wp:featuredmedia":[{"embeddable":true,"href":"https:\/\/carnitec.com\/lv\/wp-json\/wp\/v2\/media\/41078"}],"wp:attachment":[{"href":"https:\/\/carnitec.com\/lv\/wp-json\/wp\/v2\/media?parent=41080"}],"wp:term":[{"taxonomy":"product_cat","embeddable":true,"href":"https:\/\/carnitec.com\/lv\/wp-json\/wp\/v2\/product_cat?post=41080"},{"taxonomy":"product_tag","embeddable":true,"href":"https:\/\/carnitec.com\/lv\/wp-json\/wp\/v2\/product_tag?post=41080"}],"curies":[{"name":"wp","href":"https:\/\/api.w.org\/{rel}","templated":true}]}}