{"id":40978,"date":"2018-02-16T12:52:46","date_gmt":"2018-02-16T11:03:57","guid":{"rendered":"http:\/\/carnitec.com\/lv\/?post_type=product&#038;p=40978"},"modified":"2018-02-16T13:03:57","modified_gmt":"2018-02-16T11:03:57","slug":"masina-apvalku-nonemsanai-no-cisiniem-ptf-compact","status":"publish","type":"product","link":"https:\/\/carnitec.com\/lv\/products\/masina-apvalku-nonemsanai-no-cisiniem-ptf-compact\/","title":{"rendered":"Ma\u0161\u012bna apvalku no\u0146em\u0161anai no c\u012bsi\u0146iem PTF Compact"},"content":{"rendered":"<p>Autonom\u0101 iek\u0101rta apvalku no\u0146em\u0161anai no c\u012bsi\u0146iem ar savienojumu ar centr\u0101lo vakuuma sist\u0113mu.<\/p>\n<p>Pilleris c\u012bsi\u0146iem PTF Compact.<\/p>\n<p>Apvalku no\u0146em\u0161ana car vakuuma kopturi.<\/p>\n<p>Vienk\u0101r\u0161a lieto\u0161ana: Pilleris var viegli p\u0101rvietot ceh\u0101, iek\u0101rta ar maziem izm\u0113riem.<\/p>\n<p>Opcijas: s\u016bk\u0161anas iek\u0101rta, ja nav vakuuma sh\u0113mas, ietver 1 s\u016bkni (2,94 kW) un atkritumu tvertni.<\/p>\n<p class=\"p1\"><span class=\"s1\">C\u012bsi\u0146u pl\u0113ves no\u0146\u0113m\u0113ji.<\/span><\/p>\n<div id='gallery-1' class='gallery galleryid-40978 gallery-columns-3 gallery-size-thumbnail'><figure class='gallery-item'>\n\t\t\t<div class='gallery-icon landscape'>\n\t\t\t\t<a href='https:\/\/carnitec.com\/wp-content\/uploads\/2018\/02\/ptf_compact_peeler3.jpg' title=\"\" data-rl_title=\"\" class=\"rl-gallery-link\" data-rl_caption=\"\" data-rel=\"lightbox-gallery-1\"><img width=\"150\" height=\"101\" src=\"https:\/\/carnitec.com\/wp-content\/uploads\/2018\/02\/ptf_compact_peeler3.jpg\" class=\"attachment-thumbnail size-thumbnail\" alt=\"\" \/><\/a>\n\t\t\t<\/div><\/figure><figure class='gallery-item'>\n\t\t\t<div class='gallery-icon landscape'>\n\t\t\t\t<a href='https:\/\/carnitec.com\/wp-content\/uploads\/2018\/02\/ptf_compact_peeler2.jpg' title=\"\" data-rl_title=\"\" class=\"rl-gallery-link\" data-rl_caption=\"\" data-rel=\"lightbox-gallery-1\"><img width=\"150\" height=\"100\" src=\"https:\/\/carnitec.com\/wp-content\/uploads\/2018\/02\/ptf_compact_peeler2.jpg\" class=\"attachment-thumbnail size-thumbnail\" alt=\"\" \/><\/a>\n\t\t\t<\/div><\/figure><figure class='gallery-item'>\n\t\t\t<div class='gallery-icon landscape'>\n\t\t\t\t<a href='https:\/\/carnitec.com\/wp-content\/uploads\/2018\/02\/ptf_compact.jpg' title=\"\" data-rl_title=\"\" class=\"rl-gallery-link\" data-rl_caption=\"\" data-rel=\"lightbox-gallery-1\"><img width=\"150\" height=\"114\" src=\"https:\/\/carnitec.com\/wp-content\/uploads\/2018\/02\/ptf_compact.jpg\" class=\"attachment-thumbnail size-thumbnail\" alt=\"\" \/><\/a>\n\t\t\t<\/div><\/figure>\n\t\t<\/div>\n\n<p>&nbsp;<\/p>\n","protected":false},"excerpt":{"rendered":"<p class=\"p1\"><span class=\"s1\">C\u012bsi\u0146u pl\u0113ves no\u0146\u0113m\u0113ji PTF Compact<\/span><\/p>\n","protected":false},"featured_media":40968,"template":"","meta":{"content-type":"","_monsterinsights_skip_tracking":false,"_monsterinsights_sitenote_active":false,"_monsterinsights_sitenote_note":"","_monsterinsights_sitenote_category":0},"product_cat":[927],"product_tag":[],"yoast_head":"<!-- This site is optimized with the Yoast SEO plugin v19.5.1 - https:\/\/yoast.com\/wordpress\/plugins\/seo\/ -->\n<title>Ma\u0161\u012bna apvalku no\u0146em\u0161anai no c\u012bsi\u0146iem PTF Compact - Carnitec<\/title>\n<meta name=\"robots\" content=\"index, follow, max-snippet:-1, max-image-preview:large, max-video-preview:-1\" \/>\n<link rel=\"canonical\" href=\"https:\/\/carnitec.com\/lv\/products\/masina-apvalku-nonemsanai-no-cisiniem-ptf-compact\/\" \/>\n<meta property=\"og:locale\" content=\"lv_LV\" \/>\n<meta property=\"og:type\" content=\"article\" \/>\n<meta property=\"og:title\" content=\"Ma\u0161\u012bna apvalku no\u0146em\u0161anai no c\u012bsi\u0146iem PTF Compact - Carnitec\" \/>\n<meta property=\"og:description\" content=\"C\u012bsi\u0146u pl\u0113ves no\u0146\u0113m\u0113ji PTF Compact\" \/>\n<meta property=\"og:url\" content=\"https:\/\/carnitec.com\/lv\/products\/masina-apvalku-nonemsanai-no-cisiniem-ptf-compact\/\" \/>\n<meta property=\"og:site_name\" content=\"Carnitec\" \/>\n<meta property=\"article:publisher\" content=\"https:\/\/facebook.com\/carnitec1\" \/>\n<meta property=\"og:image\" content=\"https:\/\/carnitec.com\/wp-content\/uploads\/2018\/02\/ptf_compact_peeler.jpg\" \/>\n\t<meta property=\"og:image:width\" content=\"458\" \/>\n\t<meta property=\"og:image:height\" content=\"700\" \/>\n\t<meta property=\"og:image:type\" content=\"image\/jpeg\" \/>\n<meta name=\"twitter:card\" content=\"summary\" \/>\n<meta name=\"twitter:site\" content=\"@carnitec_\" \/>\n<script type=\"application\/ld+json\" class=\"yoast-schema-graph\">{\"@context\":\"https:\/\/schema.org\",\"@graph\":[{\"@type\":\"WebPage\",\"@id\":\"https:\/\/carnitec.com\/lv\/products\/masina-apvalku-nonemsanai-no-cisiniem-ptf-compact\/\",\"url\":\"https:\/\/carnitec.com\/lv\/products\/masina-apvalku-nonemsanai-no-cisiniem-ptf-compact\/\",\"name\":\"Ma\u0161\u012bna apvalku no\u0146em\u0161anai no c\u012bsi\u0146iem PTF Compact - Carnitec\",\"isPartOf\":{\"@id\":\"https:\/\/carnitec.com\/lv\/#website\"},\"datePublished\":\"2018-02-16T11:03:57+00:00\",\"dateModified\":\"2018-02-16T11:03:57+00:00\",\"breadcrumb\":{\"@id\":\"https:\/\/carnitec.com\/lv\/products\/masina-apvalku-nonemsanai-no-cisiniem-ptf-compact\/#breadcrumb\"},\"inLanguage\":\"lv-LV\",\"potentialAction\":[{\"@type\":\"ReadAction\",\"target\":[\"https:\/\/carnitec.com\/lv\/products\/masina-apvalku-nonemsanai-no-cisiniem-ptf-compact\/\"]}]},{\"@type\":\"BreadcrumbList\",\"@id\":\"https:\/\/carnitec.com\/lv\/products\/masina-apvalku-nonemsanai-no-cisiniem-ptf-compact\/#breadcrumb\",\"itemListElement\":[{\"@type\":\"ListItem\",\"position\":1,\"name\":\"\u0413\u043b\u0430\u0432\u043d\u0430\u044f \u0441\u0442\u0440\u0430\u043d\u0438\u0446\u0430\",\"item\":\"https:\/\/carnitec.com\/lv\/\"},{\"@type\":\"ListItem\",\"position\":2,\"name\":\"\u0422\u043e\u0432\u0430\u0440\u044b\",\"item\":\"https:\/\/carnitec.com\/shop\/\"},{\"@type\":\"ListItem\",\"position\":3,\"name\":\"Ma\u0161\u012bna apvalku no\u0146em\u0161anai no c\u012bsi\u0146iem PTF Compact\"}]},{\"@type\":\"WebSite\",\"@id\":\"https:\/\/carnitec.com\/lv\/#website\",\"url\":\"https:\/\/carnitec.com\/lv\/\",\"name\":\"Carnitec\",\"description\":\"P\u0101rtikas r\u016bpniec\u012bbas iek\u0101rtas\",\"publisher\":{\"@id\":\"https:\/\/carnitec.com\/lv\/#organization\"},\"potentialAction\":[{\"@type\":\"SearchAction\",\"target\":{\"@type\":\"EntryPoint\",\"urlTemplate\":\"https:\/\/carnitec.com\/lv\/?s={search_term_string}\"},\"query-input\":\"required name=search_term_string\"}],\"inLanguage\":\"lv-LV\"},{\"@type\":\"Organization\",\"@id\":\"https:\/\/carnitec.com\/lv\/#organization\",\"name\":\"Carnitec - food processing equipment\",\"url\":\"https:\/\/carnitec.com\/lv\/\",\"sameAs\":[\"https:\/\/www.instagram.com\/carnitec\/?hl=en\",\"https:\/\/www.linkedin.com\/company\/carnitec-ltd\/\",\"https:\/\/www.youtube.com\/channel\/UCwfiuJujkF2QxPPZAqB0T2w\",\"https:\/\/facebook.com\/carnitec1\",\"https:\/\/twitter.com\/carnitec_\"],\"logo\":{\"@type\":\"ImageObject\",\"inLanguage\":\"lv-LV\",\"@id\":\"https:\/\/carnitec.com\/lv\/#\/schema\/logo\/image\/\",\"url\":\"http:\/\/carnitec.com\/wp-content\/uploads\/2018\/01\/carnitec_logo_2018.png\",\"contentUrl\":\"http:\/\/carnitec.com\/wp-content\/uploads\/2018\/01\/carnitec_logo_2018.png\",\"width\":180,\"height\":50,\"caption\":\"Carnitec - food processing equipment\"},\"image\":{\"@id\":\"https:\/\/carnitec.com\/lv\/#\/schema\/logo\/image\/\"}}]}<\/script>\n<!-- \/ Yoast SEO plugin. -->","yoast_head_json":{"title":"Ma\u0161\u012bna apvalku no\u0146em\u0161anai no c\u012bsi\u0146iem PTF Compact - Carnitec","robots":{"index":"index","follow":"follow","max-snippet":"max-snippet:-1","max-image-preview":"max-image-preview:large","max-video-preview":"max-video-preview:-1"},"canonical":"https:\/\/carnitec.com\/lv\/products\/masina-apvalku-nonemsanai-no-cisiniem-ptf-compact\/","og_locale":"lv_LV","og_type":"article","og_title":"Ma\u0161\u012bna apvalku no\u0146em\u0161anai no c\u012bsi\u0146iem PTF Compact - Carnitec","og_description":"C\u012bsi\u0146u pl\u0113ves no\u0146\u0113m\u0113ji PTF Compact","og_url":"https:\/\/carnitec.com\/lv\/products\/masina-apvalku-nonemsanai-no-cisiniem-ptf-compact\/","og_site_name":"Carnitec","article_publisher":"https:\/\/facebook.com\/carnitec1","og_image":[{"width":458,"height":700,"url":"https:\/\/carnitec.com\/wp-content\/uploads\/2018\/02\/ptf_compact_peeler.jpg","type":"image\/jpeg"}],"twitter_card":"summary","twitter_site":"@carnitec_","schema":{"@context":"https:\/\/schema.org","@graph":[{"@type":"WebPage","@id":"https:\/\/carnitec.com\/lv\/products\/masina-apvalku-nonemsanai-no-cisiniem-ptf-compact\/","url":"https:\/\/carnitec.com\/lv\/products\/masina-apvalku-nonemsanai-no-cisiniem-ptf-compact\/","name":"Ma\u0161\u012bna apvalku no\u0146em\u0161anai no c\u012bsi\u0146iem PTF Compact - Carnitec","isPartOf":{"@id":"https:\/\/carnitec.com\/lv\/#website"},"datePublished":"2018-02-16T11:03:57+00:00","dateModified":"2018-02-16T11:03:57+00:00","breadcrumb":{"@id":"https:\/\/carnitec.com\/lv\/products\/masina-apvalku-nonemsanai-no-cisiniem-ptf-compact\/#breadcrumb"},"inLanguage":"lv-LV","potentialAction":[{"@type":"ReadAction","target":["https:\/\/carnitec.com\/lv\/products\/masina-apvalku-nonemsanai-no-cisiniem-ptf-compact\/"]}]},{"@type":"BreadcrumbList","@id":"https:\/\/carnitec.com\/lv\/products\/masina-apvalku-nonemsanai-no-cisiniem-ptf-compact\/#breadcrumb","itemListElement":[{"@type":"ListItem","position":1,"name":"\u0413\u043b\u0430\u0432\u043d\u0430\u044f \u0441\u0442\u0440\u0430\u043d\u0438\u0446\u0430","item":"https:\/\/carnitec.com\/lv\/"},{"@type":"ListItem","position":2,"name":"\u0422\u043e\u0432\u0430\u0440\u044b","item":"https:\/\/carnitec.com\/shop\/"},{"@type":"ListItem","position":3,"name":"Ma\u0161\u012bna apvalku no\u0146em\u0161anai no c\u012bsi\u0146iem PTF Compact"}]},{"@type":"WebSite","@id":"https:\/\/carnitec.com\/lv\/#website","url":"https:\/\/carnitec.com\/lv\/","name":"Carnitec","description":"P\u0101rtikas r\u016bpniec\u012bbas iek\u0101rtas","publisher":{"@id":"https:\/\/carnitec.com\/lv\/#organization"},"potentialAction":[{"@type":"SearchAction","target":{"@type":"EntryPoint","urlTemplate":"https:\/\/carnitec.com\/lv\/?s={search_term_string}"},"query-input":"required name=search_term_string"}],"inLanguage":"lv-LV"},{"@type":"Organization","@id":"https:\/\/carnitec.com\/lv\/#organization","name":"Carnitec - food processing equipment","url":"https:\/\/carnitec.com\/lv\/","sameAs":["https:\/\/www.instagram.com\/carnitec\/?hl=en","https:\/\/www.linkedin.com\/company\/carnitec-ltd\/","https:\/\/www.youtube.com\/channel\/UCwfiuJujkF2QxPPZAqB0T2w","https:\/\/facebook.com\/carnitec1","https:\/\/twitter.com\/carnitec_"],"logo":{"@type":"ImageObject","inLanguage":"lv-LV","@id":"https:\/\/carnitec.com\/lv\/#\/schema\/logo\/image\/","url":"http:\/\/carnitec.com\/wp-content\/uploads\/2018\/01\/carnitec_logo_2018.png","contentUrl":"http:\/\/carnitec.com\/wp-content\/uploads\/2018\/01\/carnitec_logo_2018.png","width":180,"height":50,"caption":"Carnitec - food processing equipment"},"image":{"@id":"https:\/\/carnitec.com\/lv\/#\/schema\/logo\/image\/"}}]}},"_links":{"self":[{"href":"https:\/\/carnitec.com\/lv\/wp-json\/wp\/v2\/product\/40978"}],"collection":[{"href":"https:\/\/carnitec.com\/lv\/wp-json\/wp\/v2\/product"}],"about":[{"href":"https:\/\/carnitec.com\/lv\/wp-json\/wp\/v2\/types\/product"}],"wp:featuredmedia":[{"embeddable":true,"href":"https:\/\/carnitec.com\/lv\/wp-json\/wp\/v2\/media\/40968"}],"wp:attachment":[{"href":"https:\/\/carnitec.com\/lv\/wp-json\/wp\/v2\/media?parent=40978"}],"wp:term":[{"taxonomy":"product_cat","embeddable":true,"href":"https:\/\/carnitec.com\/lv\/wp-json\/wp\/v2\/product_cat?post=40978"},{"taxonomy":"product_tag","embeddable":true,"href":"https:\/\/carnitec.com\/lv\/wp-json\/wp\/v2\/product_tag?post=40978"}],"curies":[{"name":"wp","href":"https:\/\/api.w.org\/{rel}","templated":true}]}}