{"id":40959,"date":"2018-02-16T09:18:51","date_gmt":"2018-02-16T07:30:33","guid":{"rendered":"http:\/\/carnitec.com\/lv\/?post_type=product&#038;p=40959"},"modified":"2018-02-16T09:33:37","modified_gmt":"2018-02-16T07:33:37","slug":"mobila-mazgasanas-stacija-sm1-ar-iebuveto-satelitu","status":"publish","type":"product","link":"https:\/\/carnitec.com\/lv\/products\/mobila-mazgasanas-stacija-sm1-ar-iebuveto-satelitu\/","title":{"rendered":"Mobila mazg\u0101\u0161anas stacija SM1 ar ieb\u016bv\u0113to satel\u012btu"},"content":{"rendered":"<h2>S\u016bk\u0146u stacija SM1 ar integr\u0113tu satel\u012btpunktu moduli<\/h2>\n<p>Stacija nodro\u0161ina iesp\u0113ju veikt visas higi\u0113nas darb\u012bbas (skalo\u0161ana, puto\u0161ana, dezinfekcija) bez nepiecie\u0161am\u012bbas uzst\u0101d\u012bt papildu hidraulisko sist\u0113mu. Atkar\u012bb\u0101 no versijas ir iesp\u0113jams piesl\u0113gt papildu satel\u012btu stacijas. SM stacijas ir ieteicamas mazajos uz\u0146\u0113mumos, kur nelielu att\u0101lumu starp atsevi\u0161\u0137\u0101m mazg\u0101\u0161anas stacij\u0101m un mazg\u0101\u0161anas staciju kop\u0113jais skaits nep\u0101rsniedz asto\u0146as.<\/p>\n<p>Ir iesp\u0113jams apr\u012bkot ar \u0161\u013c\u016btenes spoli un kompresoru saspiestam gaisam.<\/p>\n<h2>Iesp\u0113jam\u0101s iesp\u0113jas:<\/h2>\n<p>SM1 ar \u0161\u013c\u016btenes spoli (SM1AV)<br \/>\nSM1 ar kompresoru (SM1 K)<br \/>\nSM1 ar \u0161\u013c\u016btenes spoli un kompresoru (SM1 KAV)<\/p>\n<p class=\"p1\"><span class=\"s1\"><b>Tehniskie dati:<\/b><\/span><\/p>\n<table class=\"t1\" cellspacing=\"0\" cellpadding=\"0\">\n<tbody>\n<tr>\n<td class=\"td1\" valign=\"baseline\">\n<p class=\"p2\"><span class=\"s1\"><b>Parametrs<\/b><\/span><\/p>\n<\/td>\n<td class=\"td2\" valign=\"baseline\">\n<p class=\"p2\"><span class=\"s1\"><b>v\u0113rt\u012bba<\/b><\/span><\/p>\n<\/td>\n<\/tr>\n<tr>\n<td class=\"td3\" valign=\"baseline\">\n<p class=\"p3\"><span class=\"s1\"><b>Minim\u0101lais \u016bdens piepl\u016bdes spiediens<\/b><\/span><\/p>\n<\/td>\n<td class=\"td4\" valign=\"baseline\">\n<p class=\"p3\"><span class=\"s1\"><b>2,0 bar<\/b><\/span><\/p>\n<\/td>\n<\/tr>\n<tr>\n<td class=\"td3\" valign=\"baseline\">\n<p class=\"p3\"><span class=\"s1\"><b>Min. iepl\u016bdes gaisa spiediens<\/b><\/span><\/p>\n<\/td>\n<td class=\"td4\" valign=\"baseline\">\n<p class=\"p3\"><span class=\"s1\"><b>4 bar<\/b><\/span><\/p>\n<\/td>\n<\/tr>\n<tr>\n<td class=\"td3\" valign=\"baseline\">\n<p class=\"p3\"><span class=\"s1\"><b>Maks. iepl\u016bdes gaisa spiediens<\/b><\/span><\/p>\n<\/td>\n<td class=\"td4\" valign=\"baseline\">\n<p class=\"p3\"><span class=\"s1\"><b>8 bar<\/b><\/span><\/p>\n<\/td>\n<\/tr>\n<tr>\n<td class=\"td3\" valign=\"baseline\">\n<p class=\"p3\"><span class=\"s1\"><b>Gaisa pat\u0113ri\u0146\u0161<\/b><\/span><\/p>\n<\/td>\n<td class=\"td4\" valign=\"baseline\">\n<p class=\"p3\"><span class=\"s1\"><b>150 l\/min<\/b><\/span><\/p>\n<\/td>\n<\/tr>\n<tr>\n<td class=\"td3\" valign=\"baseline\">\n<p class=\"p3\"><span class=\"s1\"><b>\u016adens pat\u0113ri\u0146\u0161 putu t\u012br\u012b\u0161anas laik\u0101<\/b><\/span><\/p>\n<\/td>\n<td class=\"td4\" valign=\"baseline\">\n<p class=\"p3\"><span class=\"s1\"><b>6-8 l\/min<\/b><\/span><\/p>\n<\/td>\n<\/tr>\n<tr>\n<td class=\"td3\" valign=\"baseline\">\n<p class=\"p3\"><span class=\"s1\"><b>\u016adens pat\u0113ri\u0146\u0161 skalo\u0161anas laik\u0101<\/b><\/span><\/p>\n<\/td>\n<td class=\"td4\" valign=\"baseline\">\n<p class=\"p4\"><span class=\"s1\"><b>25 l\/min<\/b><\/span><\/p>\n<\/td>\n<\/tr>\n<tr>\n<td class=\"td3\" valign=\"baseline\">\n<p class=\"p3\"><span class=\"s1\"><b>Maksim\u0101lais \u0161\u013c\u016btenes garums<\/b><\/span><\/p>\n<\/td>\n<td class=\"td4\" valign=\"baseline\">\n<p class=\"p3\"><span class=\"s1\"><b>15 m<\/b><\/span><\/p>\n<\/td>\n<\/tr>\n<tr>\n<td class=\"td3\" valign=\"baseline\">\n<p class=\"p3\"><span class=\"s1\"><b>Svars bez piederumiem<\/b><\/span><\/p>\n<\/td>\n<td class=\"td4\" valign=\"baseline\">\n<p class=\"p3\"><span class=\"s1\"><b>85 kg<\/b><\/span><\/p>\n<\/td>\n<\/tr>\n<tr>\n<td class=\"td3\" valign=\"baseline\">\n<p class=\"p3\"><span class=\"s1\"><b>Weight (SM1M with hose)<\/b><\/span><\/p>\n<\/td>\n<td class=\"td4\" valign=\"baseline\">\n<p class=\"p3\"><span class=\"s1\"><b>53 kg<\/b><\/span><\/p>\n<\/td>\n<\/tr>\n<tr>\n<td class=\"td3\" valign=\"baseline\">\n<p class=\"p3\"><span class=\"s1\"><b>\u042b\u043c\u0444\u043a\u044b (CSR 1-100AVM ar \u0161\u013c\u016bteni un spraug\u0101m)<\/b><\/span><\/p>\n<\/td>\n<td class=\"td4\" valign=\"baseline\">\n<p class=\"p3\"><span class=\"s1\"><b>85 kg<\/b><\/span><\/p>\n<\/td>\n<\/tr>\n<tr>\n<td class=\"td3\" valign=\"baseline\">\n<p class=\"p3\"><span class=\"s1\"><b>Izm\u0113ri (Augstums \/ Platums \/ Dzi\u013cums)<\/b><\/span><\/p>\n<\/td>\n<td class=\"td4\" valign=\"baseline\">\n<p class=\"p3\"><span class=\"s1\"><b>\u00a0 \u00a0144,5&#215;92,5&#215;63,5 cm \u00a0\u00a0<\/b><\/span><\/p>\n<\/td>\n<\/tr>\n<tr>\n<td class=\"td3\" valign=\"baseline\">\n<p class=\"p3\"><span class=\"s1\"><b>elektrisk\u0101 jauda<\/b><\/span><\/p>\n<\/td>\n<td class=\"td4\" valign=\"baseline\">\n<p class=\"p3\"><span class=\"s1\"><b>0,9 kW<\/b><\/span><\/p>\n<\/td>\n<\/tr>\n<tr>\n<td class=\"td3\" valign=\"baseline\">\n<p class=\"p3\"><span class=\"s1\"><b>Baro\u0161anas avots<\/b><\/span><\/p>\n<\/td>\n<td class=\"td4\" valign=\"baseline\">\n<p class=\"p3\"><span class=\"s1\"><b>230 V<\/b><\/span><\/p>\n<\/td>\n<\/tr>\n<\/tbody>\n<\/table>\n<p><\/p>\n","protected":false},"excerpt":{"rendered":"<p>Stacija nodro\u0161ina iesp\u0113ju veikt visas higi\u0113nas darb\u012bbas (skalo\u0161ana, puto\u0161ana, dezinfekcija) bez nepiecie\u0161am\u012bbas uzst\u0101d\u012bt papildu hidraulisko sist\u0113mu. Atkar\u012bb\u0101 no versijas ir iesp\u0113jams piesl\u0113gt papildu satel\u012btu stacijas. SM stacijas ir ieteicamas mazajos uz\u0146\u0113mumos, kur nelielu att\u0101lumu starp atsevi\u0161\u0137\u0101m mazg\u0101\u0161anas stacij\u0101m un mazg\u0101\u0161anas staciju kop\u0113jais skaits nep\u0101rsniedz asto\u0146as.<\/p>\n<p>&nbsp;<\/p>\n","protected":false},"featured_media":40957,"template":"","meta":{"content-type":"","_monsterinsights_skip_tracking":false,"_monsterinsights_sitenote_active":false,"_monsterinsights_sitenote_note":"","_monsterinsights_sitenote_category":0},"product_cat":[886],"product_tag":[],"yoast_head":"<!-- This site is optimized with the Yoast SEO plugin v19.5.1 - https:\/\/yoast.com\/wordpress\/plugins\/seo\/ -->\n<title>Mobila mazg\u0101\u0161anas stacija SM1 ar ieb\u016bv\u0113to satel\u012btu - Carnitec<\/title>\n<meta name=\"robots\" content=\"index, follow, max-snippet:-1, max-image-preview:large, max-video-preview:-1\" \/>\n<link rel=\"canonical\" href=\"https:\/\/carnitec.com\/lv\/products\/mobila-mazgasanas-stacija-sm1-ar-iebuveto-satelitu\/\" \/>\n<meta property=\"og:locale\" content=\"lv_LV\" \/>\n<meta property=\"og:type\" content=\"article\" \/>\n<meta property=\"og:title\" content=\"Mobila mazg\u0101\u0161anas stacija SM1 ar ieb\u016bv\u0113to satel\u012btu - Carnitec\" \/>\n<meta property=\"og:description\" content=\"Stacija nodro\u0161ina iesp\u0113ju veikt visas higi\u0113nas darb\u012bbas (skalo\u0161ana, puto\u0161ana, dezinfekcija) bez nepiecie\u0161am\u012bbas uzst\u0101d\u012bt papildu hidraulisko sist\u0113mu. Atkar\u012bb\u0101 no versijas ir iesp\u0113jams piesl\u0113gt papildu satel\u012btu stacijas. SM stacijas ir ieteicamas mazajos uz\u0146\u0113mumos, kur nelielu att\u0101lumu starp atsevi\u0161\u0137\u0101m mazg\u0101\u0161anas stacij\u0101m un mazg\u0101\u0161anas staciju kop\u0113jais skaits nep\u0101rsniedz asto\u0146as.  &nbsp;\" \/>\n<meta property=\"og:url\" content=\"https:\/\/carnitec.com\/lv\/products\/mobila-mazgasanas-stacija-sm1-ar-iebuveto-satelitu\/\" \/>\n<meta property=\"og:site_name\" content=\"Carnitec\" \/>\n<meta property=\"article:publisher\" content=\"https:\/\/facebook.com\/carnitec1\" \/>\n<meta property=\"article:modified_time\" content=\"2018-02-16T07:33:37+00:00\" \/>\n<meta property=\"og:image\" content=\"https:\/\/carnitec.com\/wp-content\/uploads\/2018\/02\/sm1.jpg\" \/>\n\t<meta property=\"og:image:width\" content=\"239\" \/>\n\t<meta property=\"og:image:height\" content=\"280\" \/>\n\t<meta property=\"og:image:type\" content=\"image\/jpeg\" \/>\n<meta name=\"twitter:card\" content=\"summary\" \/>\n<meta name=\"twitter:site\" content=\"@carnitec_\" \/>\n<meta name=\"twitter:label1\" content=\"Est. reading time\" \/>\n\t<meta name=\"twitter:data1\" content=\"1 min\u016b\u0161u\" \/>\n<script type=\"application\/ld+json\" class=\"yoast-schema-graph\">{\"@context\":\"https:\/\/schema.org\",\"@graph\":[{\"@type\":\"WebPage\",\"@id\":\"https:\/\/carnitec.com\/lv\/products\/mobila-mazgasanas-stacija-sm1-ar-iebuveto-satelitu\/\",\"url\":\"https:\/\/carnitec.com\/lv\/products\/mobila-mazgasanas-stacija-sm1-ar-iebuveto-satelitu\/\",\"name\":\"Mobila mazg\u0101\u0161anas stacija SM1 ar ieb\u016bv\u0113to satel\u012btu - Carnitec\",\"isPartOf\":{\"@id\":\"https:\/\/carnitec.com\/lv\/#website\"},\"datePublished\":\"2018-02-16T07:30:33+00:00\",\"dateModified\":\"2018-02-16T07:33:37+00:00\",\"breadcrumb\":{\"@id\":\"https:\/\/carnitec.com\/lv\/products\/mobila-mazgasanas-stacija-sm1-ar-iebuveto-satelitu\/#breadcrumb\"},\"inLanguage\":\"lv-LV\",\"potentialAction\":[{\"@type\":\"ReadAction\",\"target\":[\"https:\/\/carnitec.com\/lv\/products\/mobila-mazgasanas-stacija-sm1-ar-iebuveto-satelitu\/\"]}]},{\"@type\":\"BreadcrumbList\",\"@id\":\"https:\/\/carnitec.com\/lv\/products\/mobila-mazgasanas-stacija-sm1-ar-iebuveto-satelitu\/#breadcrumb\",\"itemListElement\":[{\"@type\":\"ListItem\",\"position\":1,\"name\":\"\u0413\u043b\u0430\u0432\u043d\u0430\u044f \u0441\u0442\u0440\u0430\u043d\u0438\u0446\u0430\",\"item\":\"https:\/\/carnitec.com\/lv\/\"},{\"@type\":\"ListItem\",\"position\":2,\"name\":\"\u0422\u043e\u0432\u0430\u0440\u044b\",\"item\":\"https:\/\/carnitec.com\/shop\/\"},{\"@type\":\"ListItem\",\"position\":3,\"name\":\"Mobila mazg\u0101\u0161anas stacija SM1 ar ieb\u016bv\u0113to satel\u012btu\"}]},{\"@type\":\"WebSite\",\"@id\":\"https:\/\/carnitec.com\/lv\/#website\",\"url\":\"https:\/\/carnitec.com\/lv\/\",\"name\":\"Carnitec\",\"description\":\"P\u0101rtikas r\u016bpniec\u012bbas iek\u0101rtas\",\"publisher\":{\"@id\":\"https:\/\/carnitec.com\/lv\/#organization\"},\"potentialAction\":[{\"@type\":\"SearchAction\",\"target\":{\"@type\":\"EntryPoint\",\"urlTemplate\":\"https:\/\/carnitec.com\/lv\/?s={search_term_string}\"},\"query-input\":\"required name=search_term_string\"}],\"inLanguage\":\"lv-LV\"},{\"@type\":\"Organization\",\"@id\":\"https:\/\/carnitec.com\/lv\/#organization\",\"name\":\"Carnitec - food processing equipment\",\"url\":\"https:\/\/carnitec.com\/lv\/\",\"sameAs\":[\"https:\/\/www.instagram.com\/carnitec\/?hl=en\",\"https:\/\/www.linkedin.com\/company\/carnitec-ltd\/\",\"https:\/\/www.youtube.com\/channel\/UCwfiuJujkF2QxPPZAqB0T2w\",\"https:\/\/facebook.com\/carnitec1\",\"https:\/\/twitter.com\/carnitec_\"],\"logo\":{\"@type\":\"ImageObject\",\"inLanguage\":\"lv-LV\",\"@id\":\"https:\/\/carnitec.com\/lv\/#\/schema\/logo\/image\/\",\"url\":\"http:\/\/carnitec.com\/wp-content\/uploads\/2018\/01\/carnitec_logo_2018.png\",\"contentUrl\":\"http:\/\/carnitec.com\/wp-content\/uploads\/2018\/01\/carnitec_logo_2018.png\",\"width\":180,\"height\":50,\"caption\":\"Carnitec - food processing equipment\"},\"image\":{\"@id\":\"https:\/\/carnitec.com\/lv\/#\/schema\/logo\/image\/\"}}]}<\/script>\n<!-- \/ Yoast SEO plugin. -->","yoast_head_json":{"title":"Mobila mazg\u0101\u0161anas stacija SM1 ar ieb\u016bv\u0113to satel\u012btu - Carnitec","robots":{"index":"index","follow":"follow","max-snippet":"max-snippet:-1","max-image-preview":"max-image-preview:large","max-video-preview":"max-video-preview:-1"},"canonical":"https:\/\/carnitec.com\/lv\/products\/mobila-mazgasanas-stacija-sm1-ar-iebuveto-satelitu\/","og_locale":"lv_LV","og_type":"article","og_title":"Mobila mazg\u0101\u0161anas stacija SM1 ar ieb\u016bv\u0113to satel\u012btu - Carnitec","og_description":"Stacija nodro\u0161ina iesp\u0113ju veikt visas higi\u0113nas darb\u012bbas (skalo\u0161ana, puto\u0161ana, dezinfekcija) bez nepiecie\u0161am\u012bbas uzst\u0101d\u012bt papildu hidraulisko sist\u0113mu. Atkar\u012bb\u0101 no versijas ir iesp\u0113jams piesl\u0113gt papildu satel\u012btu stacijas. SM stacijas ir ieteicamas mazajos uz\u0146\u0113mumos, kur nelielu att\u0101lumu starp atsevi\u0161\u0137\u0101m mazg\u0101\u0161anas stacij\u0101m un mazg\u0101\u0161anas staciju kop\u0113jais skaits nep\u0101rsniedz asto\u0146as.  &nbsp;","og_url":"https:\/\/carnitec.com\/lv\/products\/mobila-mazgasanas-stacija-sm1-ar-iebuveto-satelitu\/","og_site_name":"Carnitec","article_publisher":"https:\/\/facebook.com\/carnitec1","article_modified_time":"2018-02-16T07:33:37+00:00","og_image":[{"width":239,"height":280,"url":"https:\/\/carnitec.com\/wp-content\/uploads\/2018\/02\/sm1.jpg","type":"image\/jpeg"}],"twitter_card":"summary","twitter_site":"@carnitec_","twitter_misc":{"Est. reading time":"1 min\u016b\u0161u"},"schema":{"@context":"https:\/\/schema.org","@graph":[{"@type":"WebPage","@id":"https:\/\/carnitec.com\/lv\/products\/mobila-mazgasanas-stacija-sm1-ar-iebuveto-satelitu\/","url":"https:\/\/carnitec.com\/lv\/products\/mobila-mazgasanas-stacija-sm1-ar-iebuveto-satelitu\/","name":"Mobila mazg\u0101\u0161anas stacija SM1 ar ieb\u016bv\u0113to satel\u012btu - Carnitec","isPartOf":{"@id":"https:\/\/carnitec.com\/lv\/#website"},"datePublished":"2018-02-16T07:30:33+00:00","dateModified":"2018-02-16T07:33:37+00:00","breadcrumb":{"@id":"https:\/\/carnitec.com\/lv\/products\/mobila-mazgasanas-stacija-sm1-ar-iebuveto-satelitu\/#breadcrumb"},"inLanguage":"lv-LV","potentialAction":[{"@type":"ReadAction","target":["https:\/\/carnitec.com\/lv\/products\/mobila-mazgasanas-stacija-sm1-ar-iebuveto-satelitu\/"]}]},{"@type":"BreadcrumbList","@id":"https:\/\/carnitec.com\/lv\/products\/mobila-mazgasanas-stacija-sm1-ar-iebuveto-satelitu\/#breadcrumb","itemListElement":[{"@type":"ListItem","position":1,"name":"\u0413\u043b\u0430\u0432\u043d\u0430\u044f \u0441\u0442\u0440\u0430\u043d\u0438\u0446\u0430","item":"https:\/\/carnitec.com\/lv\/"},{"@type":"ListItem","position":2,"name":"\u0422\u043e\u0432\u0430\u0440\u044b","item":"https:\/\/carnitec.com\/shop\/"},{"@type":"ListItem","position":3,"name":"Mobila mazg\u0101\u0161anas stacija SM1 ar ieb\u016bv\u0113to satel\u012btu"}]},{"@type":"WebSite","@id":"https:\/\/carnitec.com\/lv\/#website","url":"https:\/\/carnitec.com\/lv\/","name":"Carnitec","description":"P\u0101rtikas r\u016bpniec\u012bbas iek\u0101rtas","publisher":{"@id":"https:\/\/carnitec.com\/lv\/#organization"},"potentialAction":[{"@type":"SearchAction","target":{"@type":"EntryPoint","urlTemplate":"https:\/\/carnitec.com\/lv\/?s={search_term_string}"},"query-input":"required name=search_term_string"}],"inLanguage":"lv-LV"},{"@type":"Organization","@id":"https:\/\/carnitec.com\/lv\/#organization","name":"Carnitec - food processing equipment","url":"https:\/\/carnitec.com\/lv\/","sameAs":["https:\/\/www.instagram.com\/carnitec\/?hl=en","https:\/\/www.linkedin.com\/company\/carnitec-ltd\/","https:\/\/www.youtube.com\/channel\/UCwfiuJujkF2QxPPZAqB0T2w","https:\/\/facebook.com\/carnitec1","https:\/\/twitter.com\/carnitec_"],"logo":{"@type":"ImageObject","inLanguage":"lv-LV","@id":"https:\/\/carnitec.com\/lv\/#\/schema\/logo\/image\/","url":"http:\/\/carnitec.com\/wp-content\/uploads\/2018\/01\/carnitec_logo_2018.png","contentUrl":"http:\/\/carnitec.com\/wp-content\/uploads\/2018\/01\/carnitec_logo_2018.png","width":180,"height":50,"caption":"Carnitec - food processing equipment"},"image":{"@id":"https:\/\/carnitec.com\/lv\/#\/schema\/logo\/image\/"}}]}},"_links":{"self":[{"href":"https:\/\/carnitec.com\/lv\/wp-json\/wp\/v2\/product\/40959"}],"collection":[{"href":"https:\/\/carnitec.com\/lv\/wp-json\/wp\/v2\/product"}],"about":[{"href":"https:\/\/carnitec.com\/lv\/wp-json\/wp\/v2\/types\/product"}],"wp:featuredmedia":[{"embeddable":true,"href":"https:\/\/carnitec.com\/lv\/wp-json\/wp\/v2\/media\/40957"}],"wp:attachment":[{"href":"https:\/\/carnitec.com\/lv\/wp-json\/wp\/v2\/media?parent=40959"}],"wp:term":[{"taxonomy":"product_cat","embeddable":true,"href":"https:\/\/carnitec.com\/lv\/wp-json\/wp\/v2\/product_cat?post=40959"},{"taxonomy":"product_tag","embeddable":true,"href":"https:\/\/carnitec.com\/lv\/wp-json\/wp\/v2\/product_tag?post=40959"}],"curies":[{"name":"wp","href":"https:\/\/api.w.org\/{rel}","templated":true}]}}