{"id":40806,"date":"2018-01-29T09:17:52","date_gmt":"2018-01-29T07:17:52","guid":{"rendered":"http:\/\/carnitec.com\/lv\/?post_type=product&#038;p=40806"},"modified":"2022-02-11T18:50:49","modified_gmt":"2022-02-11T16:50:49","slug":"pelmenu-un-vareniku-razosanas-iekarta-cr100","status":"publish","type":"product","link":"https:\/\/carnitec.com\/lv\/products\/pelmenu-un-vareniku-razosanas-iekarta-cr100\/","title":{"rendered":"Pelme\u0146u un vare\u0146iku ra\u017eo\u0161anas iek\u0101rta CR100"},"content":{"rendered":"<h2>Pelme\u0146u un vare\u0146iku ra\u017eo\u0161anas iek\u0101rta<\/h2>\n<p>ra\u017eotsp\u0113ja l\u012bdz 100 kg\/h<br \/>\nm\u012bklas biezums 0,2 \u2013 2 mm<br \/>\npild\u012bjums (ga\u013ca\/m\u012bkla) 50%\/50%<br \/>\npelme\u0146a masa &#8211; no 4,5 l\u012bdz 15g<br \/>\nvarenika masa &#8211; no 6 l\u012bdz 16 g<br \/>\nmasas starp\u012bba starp pelme\u0146iem ne vair\u0101k ka 1g<br \/>\nJauda 3 kW<br \/>\nIek\u0101rtas izm\u0113ri (L\/H\/W) 500x1200x700 mm<br \/>\nIek\u0101rtas svars 280 kg<br \/>\nGarantija &#8211; 1 gads<\/p>\n<h2>Produktu veidi un formas<\/h2>\n<div id='gallery-1' class='gallery galleryid-40806 gallery-columns-3 gallery-size-thumbnail'><figure class='gallery-item'>\n\t\t\t<div class='gallery-icon landscape'>\n\t\t\t\t<a href='https:\/\/carnitec.com\/wp-content\/uploads\/2018\/01\/PELM_flower.jpg' title=\"\" data-rl_title=\"\" class=\"rl-gallery-link\" data-rl_caption=\"\" data-rel=\"lightbox-gallery-1\"><img width=\"150\" height=\"150\" src=\"https:\/\/carnitec.com\/wp-content\/uploads\/2018\/01\/PELM_flower.jpg\" class=\"attachment-thumbnail size-thumbnail\" alt=\"Pelme\u0146i \u201cziedi\u0146\u0161\u201d\" srcset=\"https:\/\/carnitec.com\/wp-content\/uploads\/2018\/01\/PELM_flower.jpg 200w, https:\/\/carnitec.com\/wp-content\/uploads\/2018\/01\/PELM_flower-100x100.jpg 100w\" sizes=\"(max-width: 150px) 100vw, 150px\" \/><\/a>\n\t\t\t<\/div><\/figure><figure class='gallery-item'>\n\t\t\t<div class='gallery-icon landscape'>\n\t\t\t\t<a href='https:\/\/carnitec.com\/wp-content\/uploads\/2018\/01\/PELM_label.jpg' title=\"\" data-rl_title=\"\" class=\"rl-gallery-link\" data-rl_caption=\"\" data-rel=\"lightbox-gallery-1\"><img width=\"150\" height=\"150\" src=\"https:\/\/carnitec.com\/wp-content\/uploads\/2018\/01\/PELM_label.jpg\" class=\"attachment-thumbnail size-thumbnail\" alt=\"Pelme\u0146i \u201cAr uzrakstu\u201d\" srcset=\"https:\/\/carnitec.com\/wp-content\/uploads\/2018\/01\/PELM_label.jpg 200w, https:\/\/carnitec.com\/wp-content\/uploads\/2018\/01\/PELM_label-100x100.jpg 100w\" sizes=\"(max-width: 150px) 100vw, 150px\" \/><\/a>\n\t\t\t<\/div><\/figure><figure class='gallery-item'>\n\t\t\t<div class='gallery-icon landscape'>\n\t\t\t\t<a href='https:\/\/carnitec.com\/wp-content\/uploads\/2018\/01\/PELM_S.jpg' title=\"\" data-rl_title=\"\" class=\"rl-gallery-link\" data-rl_caption=\"\" data-rel=\"lightbox-gallery-1\"><img width=\"150\" height=\"150\" src=\"https:\/\/carnitec.com\/wp-content\/uploads\/2018\/01\/PELM_S.jpg\" class=\"attachment-thumbnail size-thumbnail\" alt=\"Pelme\u0146i \u201cAr roku form\u0113\u0161anas imit\u0101ciju\u201d\" srcset=\"https:\/\/carnitec.com\/wp-content\/uploads\/2018\/01\/PELM_S.jpg 200w, https:\/\/carnitec.com\/wp-content\/uploads\/2018\/01\/PELM_S-100x100.jpg 100w\" sizes=\"(max-width: 150px) 100vw, 150px\" \/><\/a>\n\t\t\t<\/div><\/figure><figure class='gallery-item'>\n\t\t\t<div class='gallery-icon landscape'>\n\t\t\t\t<a href='https:\/\/carnitec.com\/wp-content\/uploads\/2018\/01\/PELM_s2.jpg' title=\"\" data-rl_title=\"\" class=\"rl-gallery-link\" data-rl_caption=\"\" data-rel=\"lightbox-gallery-1\"><img width=\"150\" height=\"150\" src=\"https:\/\/carnitec.com\/wp-content\/uploads\/2018\/01\/PELM_s2.jpg\" class=\"attachment-thumbnail size-thumbnail\" alt=\"Pelme\u0146i \u201cAr roku form\u0113\u0161anas imit\u0101ciju\u201d\" srcset=\"https:\/\/carnitec.com\/wp-content\/uploads\/2018\/01\/PELM_s2.jpg 200w, https:\/\/carnitec.com\/wp-content\/uploads\/2018\/01\/PELM_s2-100x100.jpg 100w\" sizes=\"(max-width: 150px) 100vw, 150px\" \/><\/a>\n\t\t\t<\/div><\/figure><figure class='gallery-item'>\n\t\t\t<div class='gallery-icon landscape'>\n\t\t\t\t<a href='https:\/\/carnitec.com\/wp-content\/uploads\/2018\/01\/pelm_s3.jpg' title=\"\" data-rl_title=\"\" class=\"rl-gallery-link\" data-rl_caption=\"\" data-rel=\"lightbox-gallery-1\"><img width=\"150\" height=\"150\" src=\"https:\/\/carnitec.com\/wp-content\/uploads\/2018\/01\/pelm_s3.jpg\" class=\"attachment-thumbnail size-thumbnail\" alt=\"Pelme\u0146i \u201cAr roku form\u0113\u0161anas imit\u0101ciju\u201d\" srcset=\"https:\/\/carnitec.com\/wp-content\/uploads\/2018\/01\/pelm_s3.jpg 200w, https:\/\/carnitec.com\/wp-content\/uploads\/2018\/01\/pelm_s3-100x100.jpg 100w\" sizes=\"(max-width: 150px) 100vw, 150px\" \/><\/a>\n\t\t\t<\/div><\/figure><figure class='gallery-item'>\n\t\t\t<div class='gallery-icon landscape'>\n\t\t\t\t<a href='https:\/\/carnitec.com\/wp-content\/uploads\/2018\/01\/PELM_saturn.jpg' title=\"\" data-rl_title=\"\" class=\"rl-gallery-link\" data-rl_caption=\"\" data-rel=\"lightbox-gallery-1\"><img width=\"150\" height=\"150\" src=\"https:\/\/carnitec.com\/wp-content\/uploads\/2018\/01\/PELM_saturn.jpg\" class=\"attachment-thumbnail size-thumbnail\" alt=\"Pelme\u0146i \u201cSaturns\u201d\" srcset=\"https:\/\/carnitec.com\/wp-content\/uploads\/2018\/01\/PELM_saturn.jpg 200w, https:\/\/carnitec.com\/wp-content\/uploads\/2018\/01\/PELM_saturn-100x100.jpg 100w\" sizes=\"(max-width: 150px) 100vw, 150px\" \/><\/a>\n\t\t\t<\/div><\/figure><figure class='gallery-item'>\n\t\t\t<div class='gallery-icon landscape'>\n\t\t\t\t<a href='https:\/\/carnitec.com\/wp-content\/uploads\/2018\/01\/varen_flower.jpg' title=\"\" data-rl_title=\"\" class=\"rl-gallery-link\" data-rl_caption=\"\" data-rel=\"lightbox-gallery-1\"><img width=\"150\" height=\"150\" src=\"https:\/\/carnitec.com\/wp-content\/uploads\/2018\/01\/varen_flower.jpg\" class=\"attachment-thumbnail size-thumbnail\" alt=\"Vareniks \u201cziedi\u0146\u0161\u201d\" srcset=\"https:\/\/carnitec.com\/wp-content\/uploads\/2018\/01\/varen_flower.jpg 200w, https:\/\/carnitec.com\/wp-content\/uploads\/2018\/01\/varen_flower-100x100.jpg 100w\" sizes=\"(max-width: 150px) 100vw, 150px\" \/><\/a>\n\t\t\t<\/div><\/figure><figure class='gallery-item'>\n\t\t\t<div class='gallery-icon landscape'>\n\t\t\t\t<a href='https:\/\/carnitec.com\/wp-content\/uploads\/2018\/01\/Varen_greb.jpg' title=\"\" data-rl_title=\"\" class=\"rl-gallery-link\" data-rl_caption=\"\" data-rel=\"lightbox-gallery-1\"><img width=\"150\" height=\"150\" src=\"https:\/\/carnitec.com\/wp-content\/uploads\/2018\/01\/Varen_greb.jpg\" class=\"attachment-thumbnail size-thumbnail\" alt=\"Vareniks \u201c\u0137emm\u012bte\u201d\" srcset=\"https:\/\/carnitec.com\/wp-content\/uploads\/2018\/01\/Varen_greb.jpg 200w, https:\/\/carnitec.com\/wp-content\/uploads\/2018\/01\/Varen_greb-100x100.jpg 100w\" sizes=\"(max-width: 150px) 100vw, 150px\" \/><\/a>\n\t\t\t<\/div><\/figure><figure class='gallery-item'>\n\t\t\t<div class='gallery-icon landscape'>\n\t\t\t\t<a href='https:\/\/carnitec.com\/wp-content\/uploads\/2018\/01\/varenik_glad.jpg' title=\"\" data-rl_title=\"\" class=\"rl-gallery-link\" data-rl_caption=\"\" data-rel=\"lightbox-gallery-1\"><img width=\"150\" height=\"150\" src=\"https:\/\/carnitec.com\/wp-content\/uploads\/2018\/01\/varenik_glad.jpg\" class=\"attachment-thumbnail size-thumbnail\" alt=\"Vareniks \u201cgluds\u201d\" srcset=\"https:\/\/carnitec.com\/wp-content\/uploads\/2018\/01\/varenik_glad.jpg 200w, https:\/\/carnitec.com\/wp-content\/uploads\/2018\/01\/varenik_glad-100x100.jpg 100w\" sizes=\"(max-width: 150px) 100vw, 150px\" \/><\/a>\n\t\t\t<\/div><\/figure><figure class='gallery-item'>\n\t\t\t<div class='gallery-icon landscape'>\n\t\t\t\t<a href='https:\/\/carnitec.com\/wp-content\/uploads\/2018\/01\/PELM_dolep1.jpg' title=\"\" data-rl_title=\"\" class=\"rl-gallery-link\" data-rl_caption=\"\" data-rel=\"lightbox-gallery-1\"><img width=\"150\" height=\"150\" src=\"https:\/\/carnitec.com\/wp-content\/uploads\/2018\/01\/PELM_dolep1.jpg\" class=\"attachment-thumbnail size-thumbnail\" alt=\"Papildus salipin\u0101\u0161anai\" srcset=\"https:\/\/carnitec.com\/wp-content\/uploads\/2018\/01\/PELM_dolep1.jpg 200w, https:\/\/carnitec.com\/wp-content\/uploads\/2018\/01\/PELM_dolep1-100x100.jpg 100w\" sizes=\"(max-width: 150px) 100vw, 150px\" \/><\/a>\n\t\t\t<\/div><\/figure>\n\t\t<\/div>\n\n","protected":false},"excerpt":{"rendered":"<p>Pelme\u0146u un vare\u0146iku ra\u017eo\u0161anas iek\u0101rta CR100<\/p>\n","protected":false},"featured_media":40807,"template":"","meta":{"content-type":"","_monsterinsights_skip_tracking":false,"_monsterinsights_sitenote_active":false,"_monsterinsights_sitenote_note":"","_monsterinsights_sitenote_category":0},"product_cat":[1203],"product_tag":[2705,2706,1205,2708,2709,2707,1472,2704,2703],"yoast_head":"<!-- This site is optimized with the Yoast SEO plugin v19.5.1 - https:\/\/yoast.com\/wordpress\/plugins\/seo\/ -->\n<title>Pelme\u0146u un vare\u0146iku ra\u017eo\u0161anas iek\u0101rta CR100 - Carnitec<\/title>\n<meta name=\"description\" content=\"Pelme\u0146u ra\u017eo\u0161anas iek\u0101rta Lab\u0101k\u0101s cenas \u2713 Elast\u012bgi noteikumi \u2713 Tehniskais atbalsts Latvij\u0101 Pieg\u0101de vis\u0101 Latvij\u0101 \u260e +371 29579056\" \/>\n<meta name=\"robots\" content=\"index, follow, max-snippet:-1, max-image-preview:large, max-video-preview:-1\" \/>\n<link rel=\"canonical\" href=\"https:\/\/carnitec.com\/lv\/products\/pelmenu-un-vareniku-razosanas-iekarta-cr100\/\" \/>\n<meta property=\"og:locale\" content=\"lv_LV\" \/>\n<meta property=\"og:type\" content=\"article\" \/>\n<meta property=\"og:title\" content=\"Pelme\u0146u un vare\u0146iku ra\u017eo\u0161anas iek\u0101rta CR100 - Carnitec\" \/>\n<meta property=\"og:description\" content=\"Pelme\u0146u ra\u017eo\u0161anas iek\u0101rta Lab\u0101k\u0101s cenas \u2713 Elast\u012bgi noteikumi \u2713 Tehniskais atbalsts Latvij\u0101 Pieg\u0101de vis\u0101 Latvij\u0101 \u260e +371 29579056\" \/>\n<meta property=\"og:url\" content=\"https:\/\/carnitec.com\/lv\/products\/pelmenu-un-vareniku-razosanas-iekarta-cr100\/\" \/>\n<meta property=\"og:site_name\" content=\"Carnitec\" \/>\n<meta property=\"article:publisher\" content=\"https:\/\/facebook.com\/carnitec1\" \/>\n<meta property=\"article:modified_time\" content=\"2022-02-11T16:50:49+00:00\" \/>\n<meta property=\"og:image\" content=\"https:\/\/carnitec.com\/wp-content\/uploads\/2018\/01\/pelmeni_100.jpg\" \/>\n\t<meta property=\"og:image:width\" content=\"565\" \/>\n\t<meta property=\"og:image:height\" content=\"500\" \/>\n\t<meta property=\"og:image:type\" content=\"image\/jpeg\" \/>\n<meta name=\"twitter:card\" content=\"summary\" \/>\n<meta name=\"twitter:site\" content=\"@carnitec_\" \/>\n<meta name=\"twitter:label1\" content=\"Est. reading time\" \/>\n\t<meta name=\"twitter:data1\" content=\"1 min\u016b\u0161u\" \/>\n<script type=\"application\/ld+json\" class=\"yoast-schema-graph\">{\"@context\":\"https:\/\/schema.org\",\"@graph\":[{\"@type\":\"WebPage\",\"@id\":\"https:\/\/carnitec.com\/lv\/products\/pelmenu-un-vareniku-razosanas-iekarta-cr100\/\",\"url\":\"https:\/\/carnitec.com\/lv\/products\/pelmenu-un-vareniku-razosanas-iekarta-cr100\/\",\"name\":\"Pelme\u0146u un vare\u0146iku ra\u017eo\u0161anas iek\u0101rta CR100 - Carnitec\",\"isPartOf\":{\"@id\":\"https:\/\/carnitec.com\/lv\/#website\"},\"datePublished\":\"2018-01-29T07:17:52+00:00\",\"dateModified\":\"2022-02-11T16:50:49+00:00\",\"description\":\"Pelme\u0146u ra\u017eo\u0161anas iek\u0101rta Lab\u0101k\u0101s cenas \u2713 Elast\u012bgi noteikumi \u2713 Tehniskais atbalsts Latvij\u0101 Pieg\u0101de vis\u0101 Latvij\u0101 \u260e +371 29579056\",\"breadcrumb\":{\"@id\":\"https:\/\/carnitec.com\/lv\/products\/pelmenu-un-vareniku-razosanas-iekarta-cr100\/#breadcrumb\"},\"inLanguage\":\"lv-LV\",\"potentialAction\":[{\"@type\":\"ReadAction\",\"target\":[\"https:\/\/carnitec.com\/lv\/products\/pelmenu-un-vareniku-razosanas-iekarta-cr100\/\"]}]},{\"@type\":\"BreadcrumbList\",\"@id\":\"https:\/\/carnitec.com\/lv\/products\/pelmenu-un-vareniku-razosanas-iekarta-cr100\/#breadcrumb\",\"itemListElement\":[{\"@type\":\"ListItem\",\"position\":1,\"name\":\"\u0413\u043b\u0430\u0432\u043d\u0430\u044f \u0441\u0442\u0440\u0430\u043d\u0438\u0446\u0430\",\"item\":\"https:\/\/carnitec.com\/lv\/\"},{\"@type\":\"ListItem\",\"position\":2,\"name\":\"\u0422\u043e\u0432\u0430\u0440\u044b\",\"item\":\"https:\/\/carnitec.com\/shop\/\"},{\"@type\":\"ListItem\",\"position\":3,\"name\":\"Pelme\u0146u un vare\u0146iku ra\u017eo\u0161anas iek\u0101rta CR100\"}]},{\"@type\":\"WebSite\",\"@id\":\"https:\/\/carnitec.com\/lv\/#website\",\"url\":\"https:\/\/carnitec.com\/lv\/\",\"name\":\"Carnitec\",\"description\":\"P\u0101rtikas r\u016bpniec\u012bbas iek\u0101rtas\",\"publisher\":{\"@id\":\"https:\/\/carnitec.com\/lv\/#organization\"},\"potentialAction\":[{\"@type\":\"SearchAction\",\"target\":{\"@type\":\"EntryPoint\",\"urlTemplate\":\"https:\/\/carnitec.com\/lv\/?s={search_term_string}\"},\"query-input\":\"required name=search_term_string\"}],\"inLanguage\":\"lv-LV\"},{\"@type\":\"Organization\",\"@id\":\"https:\/\/carnitec.com\/lv\/#organization\",\"name\":\"Carnitec - food processing equipment\",\"url\":\"https:\/\/carnitec.com\/lv\/\",\"sameAs\":[\"https:\/\/www.instagram.com\/carnitec\/?hl=en\",\"https:\/\/www.linkedin.com\/company\/carnitec-ltd\/\",\"https:\/\/www.youtube.com\/channel\/UCwfiuJujkF2QxPPZAqB0T2w\",\"https:\/\/facebook.com\/carnitec1\",\"https:\/\/twitter.com\/carnitec_\"],\"logo\":{\"@type\":\"ImageObject\",\"inLanguage\":\"lv-LV\",\"@id\":\"https:\/\/carnitec.com\/lv\/#\/schema\/logo\/image\/\",\"url\":\"http:\/\/carnitec.com\/wp-content\/uploads\/2018\/01\/carnitec_logo_2018.png\",\"contentUrl\":\"http:\/\/carnitec.com\/wp-content\/uploads\/2018\/01\/carnitec_logo_2018.png\",\"width\":180,\"height\":50,\"caption\":\"Carnitec - food processing equipment\"},\"image\":{\"@id\":\"https:\/\/carnitec.com\/lv\/#\/schema\/logo\/image\/\"}}]}<\/script>\n<!-- \/ Yoast SEO plugin. -->","yoast_head_json":{"title":"Pelme\u0146u un vare\u0146iku ra\u017eo\u0161anas iek\u0101rta CR100 - Carnitec","description":"Pelme\u0146u ra\u017eo\u0161anas iek\u0101rta Lab\u0101k\u0101s cenas \u2713 Elast\u012bgi noteikumi \u2713 Tehniskais atbalsts Latvij\u0101 Pieg\u0101de vis\u0101 Latvij\u0101 \u260e +371 29579056","robots":{"index":"index","follow":"follow","max-snippet":"max-snippet:-1","max-image-preview":"max-image-preview:large","max-video-preview":"max-video-preview:-1"},"canonical":"https:\/\/carnitec.com\/lv\/products\/pelmenu-un-vareniku-razosanas-iekarta-cr100\/","og_locale":"lv_LV","og_type":"article","og_title":"Pelme\u0146u un vare\u0146iku ra\u017eo\u0161anas iek\u0101rta CR100 - Carnitec","og_description":"Pelme\u0146u ra\u017eo\u0161anas iek\u0101rta Lab\u0101k\u0101s cenas \u2713 Elast\u012bgi noteikumi \u2713 Tehniskais atbalsts Latvij\u0101 Pieg\u0101de vis\u0101 Latvij\u0101 \u260e +371 29579056","og_url":"https:\/\/carnitec.com\/lv\/products\/pelmenu-un-vareniku-razosanas-iekarta-cr100\/","og_site_name":"Carnitec","article_publisher":"https:\/\/facebook.com\/carnitec1","article_modified_time":"2022-02-11T16:50:49+00:00","og_image":[{"width":565,"height":500,"url":"https:\/\/carnitec.com\/wp-content\/uploads\/2018\/01\/pelmeni_100.jpg","type":"image\/jpeg"}],"twitter_card":"summary","twitter_site":"@carnitec_","twitter_misc":{"Est. reading time":"1 min\u016b\u0161u"},"schema":{"@context":"https:\/\/schema.org","@graph":[{"@type":"WebPage","@id":"https:\/\/carnitec.com\/lv\/products\/pelmenu-un-vareniku-razosanas-iekarta-cr100\/","url":"https:\/\/carnitec.com\/lv\/products\/pelmenu-un-vareniku-razosanas-iekarta-cr100\/","name":"Pelme\u0146u un vare\u0146iku ra\u017eo\u0161anas iek\u0101rta CR100 - Carnitec","isPartOf":{"@id":"https:\/\/carnitec.com\/lv\/#website"},"datePublished":"2018-01-29T07:17:52+00:00","dateModified":"2022-02-11T16:50:49+00:00","description":"Pelme\u0146u ra\u017eo\u0161anas iek\u0101rta Lab\u0101k\u0101s cenas \u2713 Elast\u012bgi noteikumi \u2713 Tehniskais atbalsts Latvij\u0101 Pieg\u0101de vis\u0101 Latvij\u0101 \u260e +371 29579056","breadcrumb":{"@id":"https:\/\/carnitec.com\/lv\/products\/pelmenu-un-vareniku-razosanas-iekarta-cr100\/#breadcrumb"},"inLanguage":"lv-LV","potentialAction":[{"@type":"ReadAction","target":["https:\/\/carnitec.com\/lv\/products\/pelmenu-un-vareniku-razosanas-iekarta-cr100\/"]}]},{"@type":"BreadcrumbList","@id":"https:\/\/carnitec.com\/lv\/products\/pelmenu-un-vareniku-razosanas-iekarta-cr100\/#breadcrumb","itemListElement":[{"@type":"ListItem","position":1,"name":"\u0413\u043b\u0430\u0432\u043d\u0430\u044f \u0441\u0442\u0440\u0430\u043d\u0438\u0446\u0430","item":"https:\/\/carnitec.com\/lv\/"},{"@type":"ListItem","position":2,"name":"\u0422\u043e\u0432\u0430\u0440\u044b","item":"https:\/\/carnitec.com\/shop\/"},{"@type":"ListItem","position":3,"name":"Pelme\u0146u un vare\u0146iku ra\u017eo\u0161anas iek\u0101rta CR100"}]},{"@type":"WebSite","@id":"https:\/\/carnitec.com\/lv\/#website","url":"https:\/\/carnitec.com\/lv\/","name":"Carnitec","description":"P\u0101rtikas r\u016bpniec\u012bbas iek\u0101rtas","publisher":{"@id":"https:\/\/carnitec.com\/lv\/#organization"},"potentialAction":[{"@type":"SearchAction","target":{"@type":"EntryPoint","urlTemplate":"https:\/\/carnitec.com\/lv\/?s={search_term_string}"},"query-input":"required name=search_term_string"}],"inLanguage":"lv-LV"},{"@type":"Organization","@id":"https:\/\/carnitec.com\/lv\/#organization","name":"Carnitec - food processing equipment","url":"https:\/\/carnitec.com\/lv\/","sameAs":["https:\/\/www.instagram.com\/carnitec\/?hl=en","https:\/\/www.linkedin.com\/company\/carnitec-ltd\/","https:\/\/www.youtube.com\/channel\/UCwfiuJujkF2QxPPZAqB0T2w","https:\/\/facebook.com\/carnitec1","https:\/\/twitter.com\/carnitec_"],"logo":{"@type":"ImageObject","inLanguage":"lv-LV","@id":"https:\/\/carnitec.com\/lv\/#\/schema\/logo\/image\/","url":"http:\/\/carnitec.com\/wp-content\/uploads\/2018\/01\/carnitec_logo_2018.png","contentUrl":"http:\/\/carnitec.com\/wp-content\/uploads\/2018\/01\/carnitec_logo_2018.png","width":180,"height":50,"caption":"Carnitec - food processing equipment"},"image":{"@id":"https:\/\/carnitec.com\/lv\/#\/schema\/logo\/image\/"}}]}},"_links":{"self":[{"href":"https:\/\/carnitec.com\/lv\/wp-json\/wp\/v2\/product\/40806"}],"collection":[{"href":"https:\/\/carnitec.com\/lv\/wp-json\/wp\/v2\/product"}],"about":[{"href":"https:\/\/carnitec.com\/lv\/wp-json\/wp\/v2\/types\/product"}],"wp:featuredmedia":[{"embeddable":true,"href":"https:\/\/carnitec.com\/lv\/wp-json\/wp\/v2\/media\/40807"}],"wp:attachment":[{"href":"https:\/\/carnitec.com\/lv\/wp-json\/wp\/v2\/media?parent=40806"}],"wp:term":[{"taxonomy":"product_cat","embeddable":true,"href":"https:\/\/carnitec.com\/lv\/wp-json\/wp\/v2\/product_cat?post=40806"},{"taxonomy":"product_tag","embeddable":true,"href":"https:\/\/carnitec.com\/lv\/wp-json\/wp\/v2\/product_tag?post=40806"}],"curies":[{"name":"wp","href":"https:\/\/api.w.org\/{rel}","templated":true}]}}