{"id":393761,"date":"2026-04-20T08:17:43","date_gmt":"2026-04-20T06:17:43","guid":{"rendered":"https:\/\/carnitec.com\/?post_type=product&#038;p=393761"},"modified":"2026-04-20T08:18:26","modified_gmt":"2026-04-20T06:18:26","slug":"apavu-zoles-mazgatajs","status":"publish","type":"product","link":"https:\/\/carnitec.com\/lv\/products\/apavu-zoles-mazgatajs\/","title":{"rendered":"Apavu zoles mazg\u0101t\u0101js"},"content":{"rendered":"<h3>Produkta apraksts<\/h3>\n<p>\u0160\u012b ier\u012bce ir apr\u012bkota ar rot\u0113jo\u0161u zole\u0146u t\u012br\u012b\u0161anas suku. Suka s\u0101k rot\u0113t un tiek izs\u016bkn\u0113ts t\u012br\u012b\u0161anas vai dezinfekcijas \u0161\u0137\u012bdums, kad tiek nosegta uz v\u0101rpstas novietot\u0101 fotoelements.<\/p>\n<p>Rot\u0113jot, suka ievelk t\u012br\u012b\u0161anas vai dezinfekcijas \u0161\u0137idrumu no tvertnes, kas paredz\u0113ta t\u012br\u012b\u0161anas l\u012bdzek\u013cu sajauk\u0161anai ar \u016bdeni.<\/p>\n<p>Izgatavota no ner\u016bs\u0113jo\u0161\u0101 t\u0113rauda 1.4301 (AISI 304), metin\u0101ts korpuss, regul\u0113jams k\u0101ju augstums, baro\u0161ana 400 V mai\u0146str\u0101va, 50 Hz, \u016bdens<br \/>\npadeve 3\/4\u201d, notek\u016bde\u0146u novad\u012b\u0161ana 1 1\/2\u201d.<\/p>\n<h3>Izm\u0113ri<\/h3>\n<p>332x769x1067 mm<\/p>\n<p>Art. CR6870000<\/p>\n","protected":false},"excerpt":{"rendered":"<p>Produkta apraksts \u0160\u012b ier\u012bce ir apr\u012bkota ar rot\u0113jo\u0161u zole\u0146u t\u012br\u012b\u0161anas suku. Suka s\u0101k rot\u0113t un tiek izs\u016bkn\u0113ts t\u012br\u012b\u0161anas vai dezinfekcijas \u0161\u0137\u012bdums, kad tiek nosegta uz v\u0101rpstas novietot\u0101 fotoelements. Rot\u0113jot, suka ievelk t\u012br\u012b\u0161anas vai dezinfekcijas \u0161\u0137idrumu no tvertnes, kas paredz\u0113ta t\u012br\u012b\u0161anas l\u012bdzek\u013cu sajauk\u0161anai ar \u016bdeni. Izgatavota no ner\u016bs\u0113jo\u0161\u0101 t\u0113rauda 1.4301 (AISI 304), metin\u0101ts korpuss, regul\u0113jams k\u0101ju augstums, baro\u0161ana 400 V mai\u0146str\u0101va, 50 Hz, \u016bdens padeve 3\/4\u201d, notek\u016bde\u0146u novad\u012b\u0161ana 1 1\/2\u201d. Izm\u0113ri 332x769x1067 mm Art. CR6870000<\/p>\n","protected":false},"featured_media":393759,"template":"","meta":{"content-type":"","_monsterinsights_skip_tracking":false,"_monsterinsights_sitenote_active":false,"_monsterinsights_sitenote_note":"","_monsterinsights_sitenote_category":0},"product_cat":[883],"product_tag":[],"yoast_head":"<!-- This site is optimized with the Yoast SEO plugin v19.5.1 - https:\/\/yoast.com\/wordpress\/plugins\/seo\/ -->\n<title>Apavu zoles mazg\u0101t\u0101js - Carnitec<\/title>\n<meta name=\"robots\" content=\"index, follow, max-snippet:-1, max-image-preview:large, max-video-preview:-1\" \/>\n<link rel=\"canonical\" href=\"https:\/\/carnitec.com\/lv\/products\/apavu-zoles-mazgatajs\/\" \/>\n<meta property=\"og:locale\" content=\"lv_LV\" \/>\n<meta property=\"og:type\" content=\"article\" \/>\n<meta property=\"og:title\" content=\"Apavu zoles mazg\u0101t\u0101js - Carnitec\" \/>\n<meta property=\"og:description\" content=\"Produkta apraksts \u0160\u012b ier\u012bce ir apr\u012bkota ar rot\u0113jo\u0161u zole\u0146u t\u012br\u012b\u0161anas suku. Suka s\u0101k rot\u0113t un tiek izs\u016bkn\u0113ts t\u012br\u012b\u0161anas vai dezinfekcijas \u0161\u0137\u012bdums, kad tiek nosegta uz v\u0101rpstas novietot\u0101 fotoelements. Rot\u0113jot, suka ievelk t\u012br\u012b\u0161anas vai dezinfekcijas \u0161\u0137idrumu no tvertnes, kas paredz\u0113ta t\u012br\u012b\u0161anas l\u012bdzek\u013cu sajauk\u0161anai ar \u016bdeni. Izgatavota no ner\u016bs\u0113jo\u0161\u0101 t\u0113rauda 1.4301 (AISI 304), metin\u0101ts korpuss, regul\u0113jams k\u0101ju augstums, baro\u0161ana 400 V mai\u0146str\u0101va, 50 Hz, \u016bdens padeve 3\/4\u201d, notek\u016bde\u0146u novad\u012b\u0161ana 1 1\/2\u201d. Izm\u0113ri 332x769x1067 mm Art. CR6870000\" \/>\n<meta property=\"og:url\" content=\"https:\/\/carnitec.com\/lv\/products\/apavu-zoles-mazgatajs\/\" \/>\n<meta property=\"og:site_name\" content=\"Carnitec\" \/>\n<meta property=\"article:publisher\" content=\"https:\/\/facebook.com\/carnitec1\" \/>\n<meta property=\"article:modified_time\" content=\"2026-04-20T06:18:26+00:00\" \/>\n<meta property=\"og:image\" content=\"https:\/\/carnitec.com\/wp-content\/uploads\/2026\/04\/CR6870000.jpg\" \/>\n\t<meta property=\"og:image:width\" content=\"1200\" \/>\n\t<meta property=\"og:image:height\" content=\"1225\" \/>\n\t<meta property=\"og:image:type\" content=\"image\/jpeg\" \/>\n<meta name=\"twitter:card\" content=\"summary\" \/>\n<meta name=\"twitter:site\" content=\"@carnitec_\" \/>\n<meta name=\"twitter:label1\" content=\"Est. reading time\" \/>\n\t<meta name=\"twitter:data1\" content=\"1 min\u016b\u0161u\" \/>\n<script type=\"application\/ld+json\" class=\"yoast-schema-graph\">{\"@context\":\"https:\/\/schema.org\",\"@graph\":[{\"@type\":\"WebPage\",\"@id\":\"https:\/\/carnitec.com\/lv\/products\/apavu-zoles-mazgatajs\/\",\"url\":\"https:\/\/carnitec.com\/lv\/products\/apavu-zoles-mazgatajs\/\",\"name\":\"Apavu zoles mazg\u0101t\u0101js - Carnitec\",\"isPartOf\":{\"@id\":\"https:\/\/carnitec.com\/lv\/#website\"},\"datePublished\":\"2026-04-20T06:17:43+00:00\",\"dateModified\":\"2026-04-20T06:18:26+00:00\",\"breadcrumb\":{\"@id\":\"https:\/\/carnitec.com\/lv\/products\/apavu-zoles-mazgatajs\/#breadcrumb\"},\"inLanguage\":\"lv-LV\",\"potentialAction\":[{\"@type\":\"ReadAction\",\"target\":[\"https:\/\/carnitec.com\/lv\/products\/apavu-zoles-mazgatajs\/\"]}]},{\"@type\":\"BreadcrumbList\",\"@id\":\"https:\/\/carnitec.com\/lv\/products\/apavu-zoles-mazgatajs\/#breadcrumb\",\"itemListElement\":[{\"@type\":\"ListItem\",\"position\":1,\"name\":\"\u0413\u043b\u0430\u0432\u043d\u0430\u044f \u0441\u0442\u0440\u0430\u043d\u0438\u0446\u0430\",\"item\":\"https:\/\/carnitec.com\/lv\/\"},{\"@type\":\"ListItem\",\"position\":2,\"name\":\"\u0422\u043e\u0432\u0430\u0440\u044b\",\"item\":\"https:\/\/carnitec.com\/shop\/\"},{\"@type\":\"ListItem\",\"position\":3,\"name\":\"Apavu zoles mazg\u0101t\u0101js\"}]},{\"@type\":\"WebSite\",\"@id\":\"https:\/\/carnitec.com\/lv\/#website\",\"url\":\"https:\/\/carnitec.com\/lv\/\",\"name\":\"Carnitec\",\"description\":\"P\u0101rtikas r\u016bpniec\u012bbas iek\u0101rtas\",\"publisher\":{\"@id\":\"https:\/\/carnitec.com\/lv\/#organization\"},\"potentialAction\":[{\"@type\":\"SearchAction\",\"target\":{\"@type\":\"EntryPoint\",\"urlTemplate\":\"https:\/\/carnitec.com\/lv\/?s={search_term_string}\"},\"query-input\":\"required name=search_term_string\"}],\"inLanguage\":\"lv-LV\"},{\"@type\":\"Organization\",\"@id\":\"https:\/\/carnitec.com\/lv\/#organization\",\"name\":\"Carnitec - food processing equipment\",\"url\":\"https:\/\/carnitec.com\/lv\/\",\"sameAs\":[\"https:\/\/www.instagram.com\/carnitec\/?hl=en\",\"https:\/\/www.linkedin.com\/company\/carnitec-ltd\/\",\"https:\/\/www.youtube.com\/channel\/UCwfiuJujkF2QxPPZAqB0T2w\",\"https:\/\/facebook.com\/carnitec1\",\"https:\/\/twitter.com\/carnitec_\"],\"logo\":{\"@type\":\"ImageObject\",\"inLanguage\":\"lv-LV\",\"@id\":\"https:\/\/carnitec.com\/lv\/#\/schema\/logo\/image\/\",\"url\":\"http:\/\/carnitec.com\/wp-content\/uploads\/2018\/01\/carnitec_logo_2018.png\",\"contentUrl\":\"http:\/\/carnitec.com\/wp-content\/uploads\/2018\/01\/carnitec_logo_2018.png\",\"width\":180,\"height\":50,\"caption\":\"Carnitec - food processing equipment\"},\"image\":{\"@id\":\"https:\/\/carnitec.com\/lv\/#\/schema\/logo\/image\/\"}}]}<\/script>\n<!-- \/ Yoast SEO plugin. -->","yoast_head_json":{"title":"Apavu zoles mazg\u0101t\u0101js - Carnitec","robots":{"index":"index","follow":"follow","max-snippet":"max-snippet:-1","max-image-preview":"max-image-preview:large","max-video-preview":"max-video-preview:-1"},"canonical":"https:\/\/carnitec.com\/lv\/products\/apavu-zoles-mazgatajs\/","og_locale":"lv_LV","og_type":"article","og_title":"Apavu zoles mazg\u0101t\u0101js - Carnitec","og_description":"Produkta apraksts \u0160\u012b ier\u012bce ir apr\u012bkota ar rot\u0113jo\u0161u zole\u0146u t\u012br\u012b\u0161anas suku. Suka s\u0101k rot\u0113t un tiek izs\u016bkn\u0113ts t\u012br\u012b\u0161anas vai dezinfekcijas \u0161\u0137\u012bdums, kad tiek nosegta uz v\u0101rpstas novietot\u0101 fotoelements. Rot\u0113jot, suka ievelk t\u012br\u012b\u0161anas vai dezinfekcijas \u0161\u0137idrumu no tvertnes, kas paredz\u0113ta t\u012br\u012b\u0161anas l\u012bdzek\u013cu sajauk\u0161anai ar \u016bdeni. Izgatavota no ner\u016bs\u0113jo\u0161\u0101 t\u0113rauda 1.4301 (AISI 304), metin\u0101ts korpuss, regul\u0113jams k\u0101ju augstums, baro\u0161ana 400 V mai\u0146str\u0101va, 50 Hz, \u016bdens padeve 3\/4\u201d, notek\u016bde\u0146u novad\u012b\u0161ana 1 1\/2\u201d. Izm\u0113ri 332x769x1067 mm Art. CR6870000","og_url":"https:\/\/carnitec.com\/lv\/products\/apavu-zoles-mazgatajs\/","og_site_name":"Carnitec","article_publisher":"https:\/\/facebook.com\/carnitec1","article_modified_time":"2026-04-20T06:18:26+00:00","og_image":[{"width":1200,"height":1225,"url":"https:\/\/carnitec.com\/wp-content\/uploads\/2026\/04\/CR6870000.jpg","type":"image\/jpeg"}],"twitter_card":"summary","twitter_site":"@carnitec_","twitter_misc":{"Est. reading time":"1 min\u016b\u0161u"},"schema":{"@context":"https:\/\/schema.org","@graph":[{"@type":"WebPage","@id":"https:\/\/carnitec.com\/lv\/products\/apavu-zoles-mazgatajs\/","url":"https:\/\/carnitec.com\/lv\/products\/apavu-zoles-mazgatajs\/","name":"Apavu zoles mazg\u0101t\u0101js - Carnitec","isPartOf":{"@id":"https:\/\/carnitec.com\/lv\/#website"},"datePublished":"2026-04-20T06:17:43+00:00","dateModified":"2026-04-20T06:18:26+00:00","breadcrumb":{"@id":"https:\/\/carnitec.com\/lv\/products\/apavu-zoles-mazgatajs\/#breadcrumb"},"inLanguage":"lv-LV","potentialAction":[{"@type":"ReadAction","target":["https:\/\/carnitec.com\/lv\/products\/apavu-zoles-mazgatajs\/"]}]},{"@type":"BreadcrumbList","@id":"https:\/\/carnitec.com\/lv\/products\/apavu-zoles-mazgatajs\/#breadcrumb","itemListElement":[{"@type":"ListItem","position":1,"name":"\u0413\u043b\u0430\u0432\u043d\u0430\u044f \u0441\u0442\u0440\u0430\u043d\u0438\u0446\u0430","item":"https:\/\/carnitec.com\/lv\/"},{"@type":"ListItem","position":2,"name":"\u0422\u043e\u0432\u0430\u0440\u044b","item":"https:\/\/carnitec.com\/shop\/"},{"@type":"ListItem","position":3,"name":"Apavu zoles mazg\u0101t\u0101js"}]},{"@type":"WebSite","@id":"https:\/\/carnitec.com\/lv\/#website","url":"https:\/\/carnitec.com\/lv\/","name":"Carnitec","description":"P\u0101rtikas r\u016bpniec\u012bbas iek\u0101rtas","publisher":{"@id":"https:\/\/carnitec.com\/lv\/#organization"},"potentialAction":[{"@type":"SearchAction","target":{"@type":"EntryPoint","urlTemplate":"https:\/\/carnitec.com\/lv\/?s={search_term_string}"},"query-input":"required name=search_term_string"}],"inLanguage":"lv-LV"},{"@type":"Organization","@id":"https:\/\/carnitec.com\/lv\/#organization","name":"Carnitec - food processing equipment","url":"https:\/\/carnitec.com\/lv\/","sameAs":["https:\/\/www.instagram.com\/carnitec\/?hl=en","https:\/\/www.linkedin.com\/company\/carnitec-ltd\/","https:\/\/www.youtube.com\/channel\/UCwfiuJujkF2QxPPZAqB0T2w","https:\/\/facebook.com\/carnitec1","https:\/\/twitter.com\/carnitec_"],"logo":{"@type":"ImageObject","inLanguage":"lv-LV","@id":"https:\/\/carnitec.com\/lv\/#\/schema\/logo\/image\/","url":"http:\/\/carnitec.com\/wp-content\/uploads\/2018\/01\/carnitec_logo_2018.png","contentUrl":"http:\/\/carnitec.com\/wp-content\/uploads\/2018\/01\/carnitec_logo_2018.png","width":180,"height":50,"caption":"Carnitec - food processing equipment"},"image":{"@id":"https:\/\/carnitec.com\/lv\/#\/schema\/logo\/image\/"}}]}},"_links":{"self":[{"href":"https:\/\/carnitec.com\/lv\/wp-json\/wp\/v2\/product\/393761"}],"collection":[{"href":"https:\/\/carnitec.com\/lv\/wp-json\/wp\/v2\/product"}],"about":[{"href":"https:\/\/carnitec.com\/lv\/wp-json\/wp\/v2\/types\/product"}],"wp:featuredmedia":[{"embeddable":true,"href":"https:\/\/carnitec.com\/lv\/wp-json\/wp\/v2\/media\/393759"}],"wp:attachment":[{"href":"https:\/\/carnitec.com\/lv\/wp-json\/wp\/v2\/media?parent=393761"}],"wp:term":[{"taxonomy":"product_cat","embeddable":true,"href":"https:\/\/carnitec.com\/lv\/wp-json\/wp\/v2\/product_cat?post=393761"},{"taxonomy":"product_tag","embeddable":true,"href":"https:\/\/carnitec.com\/lv\/wp-json\/wp\/v2\/product_tag?post=393761"}],"curies":[{"name":"wp","href":"https:\/\/api.w.org\/{rel}","templated":true}]}}