{"id":199582,"date":"2023-09-11T13:46:26","date_gmt":"2023-09-11T11:46:26","guid":{"rendered":"https:\/\/carnitec.com\/?post_type=product&#038;p=199582"},"modified":"2023-09-11T13:46:27","modified_gmt":"2023-09-11T11:46:27","slug":"mm-1102-bv-mink-vakuumsuknis","status":"publish","type":"product","link":"https:\/\/carnitec.com\/lv\/products\/mm-1102-bv-mink-vakuumsuknis\/","title":{"rendered":"MM 1102 BV MINK vakuums\u016bknis"},"content":{"rendered":"<h2>Sausie vakuums\u016bk\u0146i ar sp\u012b\u013cu meh\u0101nismu<\/h2>\n<p>Bezkontakta Busch MM 1102 BV Mink Sausie vakuums\u016bk\u0146i ar sp\u012b\u013cu meh\u0101nismu &#8211; r\u016bpniecisk\u0101 vakuuma rad\u012b\u0161anai pied\u0101v\u0101 energoefektivit\u0101ti apvienojum\u0101 ar zem\u0101m apkopes izmaks\u0101m un nemain\u012bgu veiktsp\u0113jas l\u012bmeni.<\/p>\n<h3>Uzticams<\/h3>\n<p>Vair\u0101k nek\u0101 50 000 MINK vakuums\u016bk\u0146u, kas darbojas slauk\u0161anas robotos un iek\u0101rt\u0101s, p\u0101rbaud\u012bta sauso sp\u012b\u013cu vakuuma tehnolo\u0123ija, nav darba \u0161\u0137idrumu, gandr\u012bz neprasa apkopi, ilgs kalpo\u0161anas laiks.<\/p>\n<h3>Efekt\u012bvs<\/h3>\n<p>L\u012bdz 25 % ener\u0123ijas ietaup\u012bjums, sal\u012bdzinot ar parastajiem vakuuma \u0123eneratoriem, ko izmanto slauk\u0161anas robotos un iek\u0101rt\u0101s.<\/p>\n<h3>Elast\u012bgs<\/h3>\n<p>Pla\u0161s frekven\u010du diapazons no 10 l\u012bdz 60 Hz<\/p>\n<div class=\"embed-responsive embed-responsive-16by9\"><iframe loading=\"lazy\" title=\"How Dry Claw Vacuum Pumps Work\" width=\"640\" height=\"360\" src=\"https:\/\/www.youtube.com\/embed\/DnK3VzgZv_M?feature=oembed\" frameborder=\"0\" allow=\"accelerometer; autoplay; clipboard-write; encrypted-media; gyroscope; picture-in-picture; web-share\" allowfullscreen><\/iframe><\/div>\n<table width=\"100%\">\n<tbody>\n<tr>\n<td width=\"32%\">TEHNISKIE DATI<\/td>\n<td width=\"38%\"><strong>MINK MM 1102 CVM (50 HZ)<\/strong><\/td>\n<td width=\"27%\"><strong>MINK MM 1102 CVM<\/strong><\/td>\n<\/tr>\n<tr>\n<td width=\"32%\">Nomin\u0101lais s\u016bkn\u0113\u0161anas \u0101trums<\/td>\n<td width=\"38%\">110 m\u00b3\/h<\/td>\n<td width=\"27%\">110 m\u00b3\/h<\/td>\n<\/tr>\n<tr>\n<td width=\"32%\">Maksim\u0101lais spiediens<\/td>\n<td width=\"38%\">400 hPa (mbar)<\/td>\n<td width=\"27%\">400 hPa (mbar)<\/td>\n<\/tr>\n<tr>\n<td width=\"32%\">Motora nomin\u0101l\u0101 jauda<\/td>\n<td width=\"38%\">2.2 kW<\/td>\n<td width=\"27%\">3.0 kW<\/td>\n<\/tr>\n<tr>\n<td width=\"32%\">Nomin\u0101lais motora apgriezienu skaits<\/td>\n<td width=\"38%\">3000 min\u207b\u00b9<\/td>\n<td width=\"27%\">3000 min\u207b\u00b9<\/td>\n<\/tr>\n<tr>\n<td width=\"32%\">Trok\u0161\u0146a l\u012bmenis (ISO 2151)<\/td>\n<td width=\"38%\">70 dB(A)<\/td>\n<td width=\"27%\">73 dB(A)<\/td>\n<\/tr>\n<tr>\n<td width=\"32%\">E\u013c\u013cas tilpums<\/td>\n<td width=\"38%\">0.5 l<\/td>\n<td width=\"27%\">0.5 l<\/td>\n<\/tr>\n<tr>\n<td width=\"32%\">Aptuvenais svars<\/td>\n<td width=\"38%\">140 kg<\/td>\n<td width=\"27%\">140 kg<\/td>\n<\/tr>\n<tr>\n<td width=\"32%\">Izm\u0113ri (L x W x H)<\/td>\n<td width=\"38%\">898 x 339 x 301 mm<\/td>\n<td width=\"27%\">898 x 339 x 301 mm<\/td>\n<\/tr>\n<\/tbody>\n<\/table>\n<p><\/p>\n","protected":false},"excerpt":{"rendered":"<p>Bezkontakta Busch MM 1102 BV Mink claw tehnolo\u0123ija r\u016bpniecisk\u0101 vakuuma rad\u012b\u0161anai pied\u0101v\u0101 energoefektivit\u0101ti apvienojum\u0101 ar zem\u0101m apkopes izmaks\u0101m un nemain\u012bgu veiktsp\u0113jas l\u012bmeni.<\/p>\n","protected":false},"featured_media":199572,"template":"","meta":{"content-type":"","_monsterinsights_skip_tracking":false,"_monsterinsights_sitenote_active":false,"_monsterinsights_sitenote_note":"","_monsterinsights_sitenote_category":0},"product_cat":[4197],"product_tag":[],"yoast_head":"<!-- This site is optimized with the Yoast SEO plugin v19.5.1 - https:\/\/yoast.com\/wordpress\/plugins\/seo\/ -->\n<title>MM 1102 BV MINK vakuums\u016bknis - Carnitec<\/title>\n<meta name=\"description\" content=\"MM 1102 BV MINK vakuums\u016bknisSausie vakuums\u016bk\u0146i ar sp\u012b\u013cu meh\u0101nismu. Lab\u0101k\u0101s cenas \u2713 Elast\u012bgi noteikumi \u2713 Tehniskais atbalsts Latvij\u0101 \u260e +37129579056\" \/>\n<meta name=\"robots\" content=\"index, follow, max-snippet:-1, max-image-preview:large, max-video-preview:-1\" \/>\n<link rel=\"canonical\" href=\"https:\/\/carnitec.com\/lv\/products\/mm-1102-bv-mink-vakuumsuknis\/\" \/>\n<meta property=\"og:locale\" content=\"lv_LV\" \/>\n<meta property=\"og:type\" content=\"article\" \/>\n<meta property=\"og:title\" content=\"MM 1102 BV MINK vakuums\u016bknis - Carnitec\" \/>\n<meta property=\"og:description\" content=\"MM 1102 BV MINK vakuums\u016bknisSausie vakuums\u016bk\u0146i ar sp\u012b\u013cu meh\u0101nismu. Lab\u0101k\u0101s cenas \u2713 Elast\u012bgi noteikumi \u2713 Tehniskais atbalsts Latvij\u0101 \u260e +37129579056\" \/>\n<meta property=\"og:url\" content=\"https:\/\/carnitec.com\/lv\/products\/mm-1102-bv-mink-vakuumsuknis\/\" \/>\n<meta property=\"og:site_name\" content=\"Carnitec\" \/>\n<meta property=\"article:publisher\" content=\"https:\/\/facebook.com\/carnitec1\" \/>\n<meta property=\"article:modified_time\" content=\"2023-09-11T11:46:27+00:00\" \/>\n<meta property=\"og:image\" content=\"https:\/\/carnitec.com\/wp-content\/uploads\/2023\/09\/mink1102.jpg\" \/>\n\t<meta property=\"og:image:width\" content=\"1000\" \/>\n\t<meta property=\"og:image:height\" content=\"1000\" \/>\n\t<meta property=\"og:image:type\" content=\"image\/jpeg\" \/>\n<meta name=\"twitter:card\" content=\"summary\" \/>\n<meta name=\"twitter:site\" content=\"@carnitec_\" \/>\n<meta name=\"twitter:label1\" content=\"Est. reading time\" \/>\n\t<meta name=\"twitter:data1\" content=\"1 min\u016b\u0161u\" \/>\n<script type=\"application\/ld+json\" class=\"yoast-schema-graph\">{\"@context\":\"https:\/\/schema.org\",\"@graph\":[{\"@type\":\"WebPage\",\"@id\":\"https:\/\/carnitec.com\/lv\/products\/mm-1102-bv-mink-vakuumsuknis\/\",\"url\":\"https:\/\/carnitec.com\/lv\/products\/mm-1102-bv-mink-vakuumsuknis\/\",\"name\":\"MM 1102 BV MINK vakuums\u016bknis - Carnitec\",\"isPartOf\":{\"@id\":\"https:\/\/carnitec.com\/lv\/#website\"},\"datePublished\":\"2023-09-11T11:46:26+00:00\",\"dateModified\":\"2023-09-11T11:46:27+00:00\",\"description\":\"MM 1102 BV MINK vakuums\u016bknisSausie vakuums\u016bk\u0146i ar sp\u012b\u013cu meh\u0101nismu. Lab\u0101k\u0101s cenas \u2713 Elast\u012bgi noteikumi \u2713 Tehniskais atbalsts Latvij\u0101 \u260e +37129579056\",\"breadcrumb\":{\"@id\":\"https:\/\/carnitec.com\/lv\/products\/mm-1102-bv-mink-vakuumsuknis\/#breadcrumb\"},\"inLanguage\":\"lv-LV\",\"potentialAction\":[{\"@type\":\"ReadAction\",\"target\":[\"https:\/\/carnitec.com\/lv\/products\/mm-1102-bv-mink-vakuumsuknis\/\"]}]},{\"@type\":\"BreadcrumbList\",\"@id\":\"https:\/\/carnitec.com\/lv\/products\/mm-1102-bv-mink-vakuumsuknis\/#breadcrumb\",\"itemListElement\":[{\"@type\":\"ListItem\",\"position\":1,\"name\":\"\u0413\u043b\u0430\u0432\u043d\u0430\u044f \u0441\u0442\u0440\u0430\u043d\u0438\u0446\u0430\",\"item\":\"https:\/\/carnitec.com\/lv\/\"},{\"@type\":\"ListItem\",\"position\":2,\"name\":\"\u0422\u043e\u0432\u0430\u0440\u044b\",\"item\":\"https:\/\/carnitec.com\/shop\/\"},{\"@type\":\"ListItem\",\"position\":3,\"name\":\"MM 1102 BV MINK vakuums\u016bknis\"}]},{\"@type\":\"WebSite\",\"@id\":\"https:\/\/carnitec.com\/lv\/#website\",\"url\":\"https:\/\/carnitec.com\/lv\/\",\"name\":\"Carnitec\",\"description\":\"P\u0101rtikas r\u016bpniec\u012bbas iek\u0101rtas\",\"publisher\":{\"@id\":\"https:\/\/carnitec.com\/lv\/#organization\"},\"potentialAction\":[{\"@type\":\"SearchAction\",\"target\":{\"@type\":\"EntryPoint\",\"urlTemplate\":\"https:\/\/carnitec.com\/lv\/?s={search_term_string}\"},\"query-input\":\"required name=search_term_string\"}],\"inLanguage\":\"lv-LV\"},{\"@type\":\"Organization\",\"@id\":\"https:\/\/carnitec.com\/lv\/#organization\",\"name\":\"Carnitec - food processing equipment\",\"url\":\"https:\/\/carnitec.com\/lv\/\",\"sameAs\":[\"https:\/\/www.instagram.com\/carnitec\/?hl=en\",\"https:\/\/www.linkedin.com\/company\/carnitec-ltd\/\",\"https:\/\/www.youtube.com\/channel\/UCwfiuJujkF2QxPPZAqB0T2w\",\"https:\/\/facebook.com\/carnitec1\",\"https:\/\/twitter.com\/carnitec_\"],\"logo\":{\"@type\":\"ImageObject\",\"inLanguage\":\"lv-LV\",\"@id\":\"https:\/\/carnitec.com\/lv\/#\/schema\/logo\/image\/\",\"url\":\"http:\/\/carnitec.com\/wp-content\/uploads\/2018\/01\/carnitec_logo_2018.png\",\"contentUrl\":\"http:\/\/carnitec.com\/wp-content\/uploads\/2018\/01\/carnitec_logo_2018.png\",\"width\":180,\"height\":50,\"caption\":\"Carnitec - food processing equipment\"},\"image\":{\"@id\":\"https:\/\/carnitec.com\/lv\/#\/schema\/logo\/image\/\"}}]}<\/script>\n<!-- \/ Yoast SEO plugin. -->","yoast_head_json":{"title":"MM 1102 BV MINK vakuums\u016bknis - Carnitec","description":"MM 1102 BV MINK vakuums\u016bknisSausie vakuums\u016bk\u0146i ar sp\u012b\u013cu meh\u0101nismu. Lab\u0101k\u0101s cenas \u2713 Elast\u012bgi noteikumi \u2713 Tehniskais atbalsts Latvij\u0101 \u260e +37129579056","robots":{"index":"index","follow":"follow","max-snippet":"max-snippet:-1","max-image-preview":"max-image-preview:large","max-video-preview":"max-video-preview:-1"},"canonical":"https:\/\/carnitec.com\/lv\/products\/mm-1102-bv-mink-vakuumsuknis\/","og_locale":"lv_LV","og_type":"article","og_title":"MM 1102 BV MINK vakuums\u016bknis - Carnitec","og_description":"MM 1102 BV MINK vakuums\u016bknisSausie vakuums\u016bk\u0146i ar sp\u012b\u013cu meh\u0101nismu. Lab\u0101k\u0101s cenas \u2713 Elast\u012bgi noteikumi \u2713 Tehniskais atbalsts Latvij\u0101 \u260e +37129579056","og_url":"https:\/\/carnitec.com\/lv\/products\/mm-1102-bv-mink-vakuumsuknis\/","og_site_name":"Carnitec","article_publisher":"https:\/\/facebook.com\/carnitec1","article_modified_time":"2023-09-11T11:46:27+00:00","og_image":[{"width":1000,"height":1000,"url":"https:\/\/carnitec.com\/wp-content\/uploads\/2023\/09\/mink1102.jpg","type":"image\/jpeg"}],"twitter_card":"summary","twitter_site":"@carnitec_","twitter_misc":{"Est. reading time":"1 min\u016b\u0161u"},"schema":{"@context":"https:\/\/schema.org","@graph":[{"@type":"WebPage","@id":"https:\/\/carnitec.com\/lv\/products\/mm-1102-bv-mink-vakuumsuknis\/","url":"https:\/\/carnitec.com\/lv\/products\/mm-1102-bv-mink-vakuumsuknis\/","name":"MM 1102 BV MINK vakuums\u016bknis - Carnitec","isPartOf":{"@id":"https:\/\/carnitec.com\/lv\/#website"},"datePublished":"2023-09-11T11:46:26+00:00","dateModified":"2023-09-11T11:46:27+00:00","description":"MM 1102 BV MINK vakuums\u016bknisSausie vakuums\u016bk\u0146i ar sp\u012b\u013cu meh\u0101nismu. Lab\u0101k\u0101s cenas \u2713 Elast\u012bgi noteikumi \u2713 Tehniskais atbalsts Latvij\u0101 \u260e +37129579056","breadcrumb":{"@id":"https:\/\/carnitec.com\/lv\/products\/mm-1102-bv-mink-vakuumsuknis\/#breadcrumb"},"inLanguage":"lv-LV","potentialAction":[{"@type":"ReadAction","target":["https:\/\/carnitec.com\/lv\/products\/mm-1102-bv-mink-vakuumsuknis\/"]}]},{"@type":"BreadcrumbList","@id":"https:\/\/carnitec.com\/lv\/products\/mm-1102-bv-mink-vakuumsuknis\/#breadcrumb","itemListElement":[{"@type":"ListItem","position":1,"name":"\u0413\u043b\u0430\u0432\u043d\u0430\u044f \u0441\u0442\u0440\u0430\u043d\u0438\u0446\u0430","item":"https:\/\/carnitec.com\/lv\/"},{"@type":"ListItem","position":2,"name":"\u0422\u043e\u0432\u0430\u0440\u044b","item":"https:\/\/carnitec.com\/shop\/"},{"@type":"ListItem","position":3,"name":"MM 1102 BV MINK vakuums\u016bknis"}]},{"@type":"WebSite","@id":"https:\/\/carnitec.com\/lv\/#website","url":"https:\/\/carnitec.com\/lv\/","name":"Carnitec","description":"P\u0101rtikas r\u016bpniec\u012bbas iek\u0101rtas","publisher":{"@id":"https:\/\/carnitec.com\/lv\/#organization"},"potentialAction":[{"@type":"SearchAction","target":{"@type":"EntryPoint","urlTemplate":"https:\/\/carnitec.com\/lv\/?s={search_term_string}"},"query-input":"required name=search_term_string"}],"inLanguage":"lv-LV"},{"@type":"Organization","@id":"https:\/\/carnitec.com\/lv\/#organization","name":"Carnitec - food processing equipment","url":"https:\/\/carnitec.com\/lv\/","sameAs":["https:\/\/www.instagram.com\/carnitec\/?hl=en","https:\/\/www.linkedin.com\/company\/carnitec-ltd\/","https:\/\/www.youtube.com\/channel\/UCwfiuJujkF2QxPPZAqB0T2w","https:\/\/facebook.com\/carnitec1","https:\/\/twitter.com\/carnitec_"],"logo":{"@type":"ImageObject","inLanguage":"lv-LV","@id":"https:\/\/carnitec.com\/lv\/#\/schema\/logo\/image\/","url":"http:\/\/carnitec.com\/wp-content\/uploads\/2018\/01\/carnitec_logo_2018.png","contentUrl":"http:\/\/carnitec.com\/wp-content\/uploads\/2018\/01\/carnitec_logo_2018.png","width":180,"height":50,"caption":"Carnitec - food processing equipment"},"image":{"@id":"https:\/\/carnitec.com\/lv\/#\/schema\/logo\/image\/"}}]}},"_links":{"self":[{"href":"https:\/\/carnitec.com\/lv\/wp-json\/wp\/v2\/product\/199582"}],"collection":[{"href":"https:\/\/carnitec.com\/lv\/wp-json\/wp\/v2\/product"}],"about":[{"href":"https:\/\/carnitec.com\/lv\/wp-json\/wp\/v2\/types\/product"}],"wp:featuredmedia":[{"embeddable":true,"href":"https:\/\/carnitec.com\/lv\/wp-json\/wp\/v2\/media\/199572"}],"wp:attachment":[{"href":"https:\/\/carnitec.com\/lv\/wp-json\/wp\/v2\/media?parent=199582"}],"wp:term":[{"taxonomy":"product_cat","embeddable":true,"href":"https:\/\/carnitec.com\/lv\/wp-json\/wp\/v2\/product_cat?post=199582"},{"taxonomy":"product_tag","embeddable":true,"href":"https:\/\/carnitec.com\/lv\/wp-json\/wp\/v2\/product_tag?post=199582"}],"curies":[{"name":"wp","href":"https:\/\/api.w.org\/{rel}","templated":true}]}}