{"id":12863,"date":"2015-10-11T22:00:17","date_gmt":"2017-12-05T17:38:36","guid":{"rendered":"http:\/\/carnitec.com\/lv\/?post_type=product&#038;p=12863"},"modified":"2017-12-05T19:40:08","modified_gmt":"2017-12-05T17:40:08","slug":"higienas-stacija-cleanmaster-2100","status":"publish","type":"product","link":"https:\/\/carnitec.com\/lv\/products\/higienas-stacija-cleanmaster-2100\/","title":{"rendered":"Higi\u0113nas stacija Cleanmaster 2100"},"content":{"rendered":"<p>Ieeja uz ra\u017eo\u0161anas zonu caur apavu dezinfekcijas vannu. Virs tilpnei ir turnikets, kur\u0161 tiek atv\u0113rts p\u0113c roku dezinfekcijas. Izeja no ra\u017eo\u0161anas zonas caur apavu att\u012br\u012b\u0161anas ma\u0161\u012bnu (z\u0101baku un t.t.).<br \/>\nDarbinieki z\u0101bakos n\u0101k caur t\u012br\u012b\u0161anas staciju, un tiem, kam ir citas apavus, n\u0101k caur starpposma platformu, caur s\u0101nu v\u0101rtiem.<br \/>\nDivvirzienu krustojums ir p\u0101rtraukts ar durvis. Autom\u0101tiska dezinfekcijas un mazg\u0101\u0161anas l\u012bdzek\u013cu padeve kontrol\u0113tas devas.<br \/>\nSist\u0113mas vad\u012bba ar SIEMENS vad\u012bbas modu\u013ci.<\/p>\n<table border=\"0\" cellspacing=\"2\" cellpadding=\"2\">\n<tbody>\n<tr>\n<th scope=\"row\">Tehniskie dati<\/th>\n<th scope=\"col\">all in one<\/th>\n<th scope=\"col\">A: DDM-5001<\/th>\n<th scope=\"col\">B: STWM 5001<\/th>\n<th scope=\"col\">C: DSOWM-800-A0<\/th>\n<\/tr>\n<tr>\n<th scope=\"row\">spriegums<\/th>\n<td>230 V \/ 3 x 400 V + N + PE \/ 50 HZ<\/td>\n<td>230 V \/ 50 Hz<\/td>\n<td>3 x 400 V + N + PE \/ 50 Hz<\/td>\n<td>3 x 400 V + N + PE \/ 50 Hz<\/td>\n<\/tr>\n<tr>\n<th scope=\"row\">jauda<\/th>\n<td>5 x 0,25 kW<\/td>\n<td><\/td>\n<td>3 x 0,25 kW<\/td>\n<td>2 x 0,25 kW<\/td>\n<\/tr>\n<tr>\n<th scope=\"row\">dro\u0161ibas sist\u0113ma<\/th>\n<td>IP 65<\/td>\n<td>IP 65<\/td>\n<td>IP 65<\/td>\n<td>IP 65<\/td>\n<\/tr>\n<tr>\n<th scope=\"row\">\u016bdens piev\u0101ds<\/th>\n<td>2 x 3\/4\u201c<\/td>\n<td><\/td>\n<td>1 x 3\/4\u201c<\/td>\n<td>1 x 3\/4\u201c<\/td>\n<\/tr>\n<tr>\n<th scope=\"row\">\u016bdens izv\u0101ds<\/th>\n<td>DN 50<\/td>\n<td>DN 50<\/td>\n<td>DN 50<\/td>\n<td>DN 50<\/td>\n<\/tr>\n<\/tbody>\n<\/table>\n<p>&nbsp;<\/p>\n","protected":false},"excerpt":{"rendered":"<p>Ieeja uz ra\u017eo\u0161anas zonu caur apavu dezinfekcijas vannu. Virs tilpnei ir turnikets, kur\u0161 tiek atv\u0113rts p\u0113c roku dezinfekcijas.<\/p>\n","protected":false},"featured_media":12865,"template":"","meta":{"content-type":"","_monsterinsights_skip_tracking":false,"_monsterinsights_sitenote_active":false,"_monsterinsights_sitenote_note":"","_monsterinsights_sitenote_category":0},"product_cat":[889],"product_tag":[],"yoast_head":"<!-- This site is optimized with the Yoast SEO plugin v19.5.1 - https:\/\/yoast.com\/wordpress\/plugins\/seo\/ -->\n<title>Higi\u0113nas stacija Cleanmaster 2100 - Carnitec<\/title>\n<meta name=\"description\" content=\"Ieeja uz ra\u017eo\u0161anas zonu caur apavu dezinfekcijas vannu. Virs tilpnei ir turnikets, kur\u0161 tiek atv\u0113rts p\u0113c roku dezinfekcijas. Izeja no ra\u017eo\u0161anas zonas caur apavu att\u012br\u012b\u0161anas ma\u0161\u012bnu\" \/>\n<meta name=\"robots\" content=\"index, follow, max-snippet:-1, max-image-preview:large, max-video-preview:-1\" \/>\n<link rel=\"canonical\" href=\"https:\/\/carnitec.com\/lv\/products\/higienas-stacija-cleanmaster-2100\/\" \/>\n<meta property=\"og:locale\" content=\"lv_LV\" \/>\n<meta property=\"og:type\" content=\"article\" \/>\n<meta property=\"og:title\" content=\"Higi\u0113nas stacija Cleanmaster 2100 - Carnitec\" \/>\n<meta property=\"og:description\" content=\"Ieeja uz ra\u017eo\u0161anas zonu caur apavu dezinfekcijas vannu. Virs tilpnei ir turnikets, kur\u0161 tiek atv\u0113rts p\u0113c roku dezinfekcijas. Izeja no ra\u017eo\u0161anas zonas caur apavu att\u012br\u012b\u0161anas ma\u0161\u012bnu\" \/>\n<meta property=\"og:url\" content=\"https:\/\/carnitec.com\/lv\/products\/higienas-stacija-cleanmaster-2100\/\" \/>\n<meta property=\"og:site_name\" content=\"Carnitec\" \/>\n<meta property=\"article:publisher\" content=\"https:\/\/facebook.com\/carnitec1\" \/>\n<meta property=\"article:modified_time\" content=\"2017-12-05T17:40:08+00:00\" \/>\n<meta property=\"og:image\" content=\"https:\/\/carnitec.com\/wp-content\/uploads\/2015\/10\/Cleanmaster_2100.jpg\" \/>\n\t<meta property=\"og:image:width\" content=\"500\" \/>\n\t<meta property=\"og:image:height\" content=\"459\" \/>\n\t<meta property=\"og:image:type\" content=\"image\/jpeg\" \/>\n<meta name=\"twitter:card\" content=\"summary\" \/>\n<meta name=\"twitter:site\" content=\"@carnitec_\" \/>\n<meta name=\"twitter:label1\" content=\"Est. reading time\" \/>\n\t<meta name=\"twitter:data1\" content=\"1 min\u016b\u0161u\" \/>\n<script type=\"application\/ld+json\" class=\"yoast-schema-graph\">{\"@context\":\"https:\/\/schema.org\",\"@graph\":[{\"@type\":\"WebPage\",\"@id\":\"https:\/\/carnitec.com\/lv\/products\/higienas-stacija-cleanmaster-2100\/\",\"url\":\"https:\/\/carnitec.com\/lv\/products\/higienas-stacija-cleanmaster-2100\/\",\"name\":\"Higi\u0113nas stacija Cleanmaster 2100 - Carnitec\",\"isPartOf\":{\"@id\":\"https:\/\/carnitec.com\/lv\/#website\"},\"datePublished\":\"2017-12-05T17:38:36+00:00\",\"dateModified\":\"2017-12-05T17:40:08+00:00\",\"description\":\"Ieeja uz ra\u017eo\u0161anas zonu caur apavu dezinfekcijas vannu. Virs tilpnei ir turnikets, kur\u0161 tiek atv\u0113rts p\u0113c roku dezinfekcijas. Izeja no ra\u017eo\u0161anas zonas caur apavu att\u012br\u012b\u0161anas ma\u0161\u012bnu\",\"breadcrumb\":{\"@id\":\"https:\/\/carnitec.com\/lv\/products\/higienas-stacija-cleanmaster-2100\/#breadcrumb\"},\"inLanguage\":\"lv-LV\",\"potentialAction\":[{\"@type\":\"ReadAction\",\"target\":[\"https:\/\/carnitec.com\/lv\/products\/higienas-stacija-cleanmaster-2100\/\"]}]},{\"@type\":\"BreadcrumbList\",\"@id\":\"https:\/\/carnitec.com\/lv\/products\/higienas-stacija-cleanmaster-2100\/#breadcrumb\",\"itemListElement\":[{\"@type\":\"ListItem\",\"position\":1,\"name\":\"\u0413\u043b\u0430\u0432\u043d\u0430\u044f \u0441\u0442\u0440\u0430\u043d\u0438\u0446\u0430\",\"item\":\"https:\/\/carnitec.com\/lv\/\"},{\"@type\":\"ListItem\",\"position\":2,\"name\":\"\u0422\u043e\u0432\u0430\u0440\u044b\",\"item\":\"https:\/\/carnitec.com\/shop\/\"},{\"@type\":\"ListItem\",\"position\":3,\"name\":\"Higi\u0113nas stacija Cleanmaster 2100\"}]},{\"@type\":\"WebSite\",\"@id\":\"https:\/\/carnitec.com\/lv\/#website\",\"url\":\"https:\/\/carnitec.com\/lv\/\",\"name\":\"Carnitec\",\"description\":\"P\u0101rtikas r\u016bpniec\u012bbas iek\u0101rtas\",\"publisher\":{\"@id\":\"https:\/\/carnitec.com\/lv\/#organization\"},\"potentialAction\":[{\"@type\":\"SearchAction\",\"target\":{\"@type\":\"EntryPoint\",\"urlTemplate\":\"https:\/\/carnitec.com\/lv\/?s={search_term_string}\"},\"query-input\":\"required name=search_term_string\"}],\"inLanguage\":\"lv-LV\"},{\"@type\":\"Organization\",\"@id\":\"https:\/\/carnitec.com\/lv\/#organization\",\"name\":\"Carnitec - food processing equipment\",\"url\":\"https:\/\/carnitec.com\/lv\/\",\"sameAs\":[\"https:\/\/www.instagram.com\/carnitec\/?hl=en\",\"https:\/\/www.linkedin.com\/company\/carnitec-ltd\/\",\"https:\/\/www.youtube.com\/channel\/UCwfiuJujkF2QxPPZAqB0T2w\",\"https:\/\/facebook.com\/carnitec1\",\"https:\/\/twitter.com\/carnitec_\"],\"logo\":{\"@type\":\"ImageObject\",\"inLanguage\":\"lv-LV\",\"@id\":\"https:\/\/carnitec.com\/lv\/#\/schema\/logo\/image\/\",\"url\":\"http:\/\/carnitec.com\/wp-content\/uploads\/2018\/01\/carnitec_logo_2018.png\",\"contentUrl\":\"http:\/\/carnitec.com\/wp-content\/uploads\/2018\/01\/carnitec_logo_2018.png\",\"width\":180,\"height\":50,\"caption\":\"Carnitec - food processing equipment\"},\"image\":{\"@id\":\"https:\/\/carnitec.com\/lv\/#\/schema\/logo\/image\/\"}}]}<\/script>\n<!-- \/ Yoast SEO plugin. -->","yoast_head_json":{"title":"Higi\u0113nas stacija Cleanmaster 2100 - Carnitec","description":"Ieeja uz ra\u017eo\u0161anas zonu caur apavu dezinfekcijas vannu. Virs tilpnei ir turnikets, kur\u0161 tiek atv\u0113rts p\u0113c roku dezinfekcijas. Izeja no ra\u017eo\u0161anas zonas caur apavu att\u012br\u012b\u0161anas ma\u0161\u012bnu","robots":{"index":"index","follow":"follow","max-snippet":"max-snippet:-1","max-image-preview":"max-image-preview:large","max-video-preview":"max-video-preview:-1"},"canonical":"https:\/\/carnitec.com\/lv\/products\/higienas-stacija-cleanmaster-2100\/","og_locale":"lv_LV","og_type":"article","og_title":"Higi\u0113nas stacija Cleanmaster 2100 - Carnitec","og_description":"Ieeja uz ra\u017eo\u0161anas zonu caur apavu dezinfekcijas vannu. Virs tilpnei ir turnikets, kur\u0161 tiek atv\u0113rts p\u0113c roku dezinfekcijas. Izeja no ra\u017eo\u0161anas zonas caur apavu att\u012br\u012b\u0161anas ma\u0161\u012bnu","og_url":"https:\/\/carnitec.com\/lv\/products\/higienas-stacija-cleanmaster-2100\/","og_site_name":"Carnitec","article_publisher":"https:\/\/facebook.com\/carnitec1","article_modified_time":"2017-12-05T17:40:08+00:00","og_image":[{"width":500,"height":459,"url":"https:\/\/carnitec.com\/wp-content\/uploads\/2015\/10\/Cleanmaster_2100.jpg","type":"image\/jpeg"}],"twitter_card":"summary","twitter_site":"@carnitec_","twitter_misc":{"Est. reading time":"1 min\u016b\u0161u"},"schema":{"@context":"https:\/\/schema.org","@graph":[{"@type":"WebPage","@id":"https:\/\/carnitec.com\/lv\/products\/higienas-stacija-cleanmaster-2100\/","url":"https:\/\/carnitec.com\/lv\/products\/higienas-stacija-cleanmaster-2100\/","name":"Higi\u0113nas stacija Cleanmaster 2100 - Carnitec","isPartOf":{"@id":"https:\/\/carnitec.com\/lv\/#website"},"datePublished":"2017-12-05T17:38:36+00:00","dateModified":"2017-12-05T17:40:08+00:00","description":"Ieeja uz ra\u017eo\u0161anas zonu caur apavu dezinfekcijas vannu. Virs tilpnei ir turnikets, kur\u0161 tiek atv\u0113rts p\u0113c roku dezinfekcijas. Izeja no ra\u017eo\u0161anas zonas caur apavu att\u012br\u012b\u0161anas ma\u0161\u012bnu","breadcrumb":{"@id":"https:\/\/carnitec.com\/lv\/products\/higienas-stacija-cleanmaster-2100\/#breadcrumb"},"inLanguage":"lv-LV","potentialAction":[{"@type":"ReadAction","target":["https:\/\/carnitec.com\/lv\/products\/higienas-stacija-cleanmaster-2100\/"]}]},{"@type":"BreadcrumbList","@id":"https:\/\/carnitec.com\/lv\/products\/higienas-stacija-cleanmaster-2100\/#breadcrumb","itemListElement":[{"@type":"ListItem","position":1,"name":"\u0413\u043b\u0430\u0432\u043d\u0430\u044f \u0441\u0442\u0440\u0430\u043d\u0438\u0446\u0430","item":"https:\/\/carnitec.com\/lv\/"},{"@type":"ListItem","position":2,"name":"\u0422\u043e\u0432\u0430\u0440\u044b","item":"https:\/\/carnitec.com\/shop\/"},{"@type":"ListItem","position":3,"name":"Higi\u0113nas stacija Cleanmaster 2100"}]},{"@type":"WebSite","@id":"https:\/\/carnitec.com\/lv\/#website","url":"https:\/\/carnitec.com\/lv\/","name":"Carnitec","description":"P\u0101rtikas r\u016bpniec\u012bbas iek\u0101rtas","publisher":{"@id":"https:\/\/carnitec.com\/lv\/#organization"},"potentialAction":[{"@type":"SearchAction","target":{"@type":"EntryPoint","urlTemplate":"https:\/\/carnitec.com\/lv\/?s={search_term_string}"},"query-input":"required name=search_term_string"}],"inLanguage":"lv-LV"},{"@type":"Organization","@id":"https:\/\/carnitec.com\/lv\/#organization","name":"Carnitec - food processing equipment","url":"https:\/\/carnitec.com\/lv\/","sameAs":["https:\/\/www.instagram.com\/carnitec\/?hl=en","https:\/\/www.linkedin.com\/company\/carnitec-ltd\/","https:\/\/www.youtube.com\/channel\/UCwfiuJujkF2QxPPZAqB0T2w","https:\/\/facebook.com\/carnitec1","https:\/\/twitter.com\/carnitec_"],"logo":{"@type":"ImageObject","inLanguage":"lv-LV","@id":"https:\/\/carnitec.com\/lv\/#\/schema\/logo\/image\/","url":"http:\/\/carnitec.com\/wp-content\/uploads\/2018\/01\/carnitec_logo_2018.png","contentUrl":"http:\/\/carnitec.com\/wp-content\/uploads\/2018\/01\/carnitec_logo_2018.png","width":180,"height":50,"caption":"Carnitec - food processing equipment"},"image":{"@id":"https:\/\/carnitec.com\/lv\/#\/schema\/logo\/image\/"}}]}},"_links":{"self":[{"href":"https:\/\/carnitec.com\/lv\/wp-json\/wp\/v2\/product\/12863"}],"collection":[{"href":"https:\/\/carnitec.com\/lv\/wp-json\/wp\/v2\/product"}],"about":[{"href":"https:\/\/carnitec.com\/lv\/wp-json\/wp\/v2\/types\/product"}],"wp:featuredmedia":[{"embeddable":true,"href":"https:\/\/carnitec.com\/lv\/wp-json\/wp\/v2\/media\/12865"}],"wp:attachment":[{"href":"https:\/\/carnitec.com\/lv\/wp-json\/wp\/v2\/media?parent=12863"}],"wp:term":[{"taxonomy":"product_cat","embeddable":true,"href":"https:\/\/carnitec.com\/lv\/wp-json\/wp\/v2\/product_cat?post=12863"},{"taxonomy":"product_tag","embeddable":true,"href":"https:\/\/carnitec.com\/lv\/wp-json\/wp\/v2\/product_tag?post=12863"}],"curies":[{"name":"wp","href":"https:\/\/api.w.org\/{rel}","templated":true}]}}