{"id":12854,"date":"2017-10-25T16:34:59","date_gmt":"2017-10-25T14:41:08","guid":{"rendered":"http:\/\/carnitec.com\/lv\/?post_type=product&#038;p=12854"},"modified":"2017-10-25T16:41:09","modified_gmt":"2017-10-25T14:41:09","slug":"uv-ozona-sterilizators-30-grozam-ar-naziem-un-instrumentiem","status":"publish","type":"product","link":"https:\/\/carnitec.com\/lv\/products\/uv-ozona-sterilizators-30-grozam-ar-naziem-un-instrumentiem\/","title":{"rendered":"UV \/ Ozona sterilizators, 30 grozam ar na\u017eiem un instrumentiem"},"content":{"rendered":"<p>\u2022 materi\u0101ls: ner\u016bs\u0113jo\u0161ais t\u0113rauds 1.4301<br \/>\n\u2022 UV steriliz\u0101cija vai ozons<br \/>\n\u2022 Ieteicamais steriliz\u0101cijas laiks: 60 min\u016btes<br \/>\n\u2022 Autom\u0101tiski izsl\u0113dz steriliz\u0101cijas procesu, kad durvis ir atv\u0113rtas un iesl\u0113dzas, kad durvis ir aizv\u0113rtas.<br \/>\n\u2022 UV lampa ir aizsarg\u0101ta ar papildu foliju, lai nov\u0113rstu stikla izkliedi sadal\u012b\u0161an\u0101s gad\u012bjum\u0101<br \/>\n\u2022 Instruments uz magn\u0113tisk\u0101s sv\u012btras<br \/>\n\u2022 Jauda: l\u012bdz 30 maziem groziem ar na\u017eiem<br \/>\n\u2022 Izm\u0113ri 1400x300x1745 mm<br \/>\n\u2022 Baro\u0161anas avots 230 V<br \/>\n\u2022 Svars 78 kg<\/p>\n<p><em><strong>\u2663 sterilizators 30 maziem groziem, steriliz\u0101cija UV<\/strong><\/em><br \/>\n<em><strong> \u2663 sterilizators 30 maziem groziem, ozona steriliz\u0101cija<\/strong><\/em><\/p>\n","protected":false},"excerpt":{"rendered":"<p>UV \/ Ozona sterilizators, 30 grozam ar na\u017eiem un instrumentiem<\/p>\n","protected":false},"featured_media":12853,"template":"","meta":{"content-type":"","_monsterinsights_skip_tracking":false,"_monsterinsights_sitenote_active":false,"_monsterinsights_sitenote_note":"","_monsterinsights_sitenote_category":0},"product_cat":[951,923,2124,2127,1090,891],"product_tag":[],"yoast_head":"<!-- This site is optimized with the Yoast SEO plugin v19.5.1 - https:\/\/yoast.com\/wordpress\/plugins\/seo\/ -->\n<title>UV \/ Ozona sterilizators, 30 grozam ar na\u017eiem un instrumentiem - Carnitec<\/title>\n<meta name=\"robots\" content=\"index, follow, max-snippet:-1, max-image-preview:large, max-video-preview:-1\" \/>\n<link rel=\"canonical\" href=\"https:\/\/carnitec.com\/lv\/products\/uv-ozona-sterilizators-30-grozam-ar-naziem-un-instrumentiem\/\" \/>\n<meta property=\"og:locale\" content=\"lv_LV\" \/>\n<meta property=\"og:type\" content=\"article\" \/>\n<meta property=\"og:title\" content=\"UV \/ Ozona sterilizators, 30 grozam ar na\u017eiem un instrumentiem - Carnitec\" \/>\n<meta property=\"og:description\" content=\"UV \/ Ozona sterilizators, 30 grozam ar na\u017eiem un instrumentiem\" \/>\n<meta property=\"og:url\" content=\"https:\/\/carnitec.com\/lv\/products\/uv-ozona-sterilizators-30-grozam-ar-naziem-un-instrumentiem\/\" \/>\n<meta property=\"og:site_name\" content=\"Carnitec\" \/>\n<meta property=\"article:publisher\" content=\"https:\/\/facebook.com\/carnitec1\" \/>\n<meta property=\"article:modified_time\" content=\"2017-10-25T14:41:09+00:00\" \/>\n<meta property=\"og:image\" content=\"https:\/\/carnitec.com\/wp-content\/uploads\/2017\/10\/30_uv.jpg\" \/>\n\t<meta property=\"og:image:width\" content=\"800\" \/>\n\t<meta property=\"og:image:height\" content=\"800\" \/>\n\t<meta property=\"og:image:type\" content=\"image\/jpeg\" \/>\n<meta name=\"twitter:card\" content=\"summary\" \/>\n<meta name=\"twitter:site\" content=\"@carnitec_\" \/>\n<script type=\"application\/ld+json\" class=\"yoast-schema-graph\">{\"@context\":\"https:\/\/schema.org\",\"@graph\":[{\"@type\":\"WebPage\",\"@id\":\"https:\/\/carnitec.com\/lv\/products\/uv-ozona-sterilizators-30-grozam-ar-naziem-un-instrumentiem\/\",\"url\":\"https:\/\/carnitec.com\/lv\/products\/uv-ozona-sterilizators-30-grozam-ar-naziem-un-instrumentiem\/\",\"name\":\"UV \/ Ozona sterilizators, 30 grozam ar na\u017eiem un instrumentiem - Carnitec\",\"isPartOf\":{\"@id\":\"https:\/\/carnitec.com\/lv\/#website\"},\"datePublished\":\"2017-10-25T14:41:08+00:00\",\"dateModified\":\"2017-10-25T14:41:09+00:00\",\"breadcrumb\":{\"@id\":\"https:\/\/carnitec.com\/lv\/products\/uv-ozona-sterilizators-30-grozam-ar-naziem-un-instrumentiem\/#breadcrumb\"},\"inLanguage\":\"lv-LV\",\"potentialAction\":[{\"@type\":\"ReadAction\",\"target\":[\"https:\/\/carnitec.com\/lv\/products\/uv-ozona-sterilizators-30-grozam-ar-naziem-un-instrumentiem\/\"]}]},{\"@type\":\"BreadcrumbList\",\"@id\":\"https:\/\/carnitec.com\/lv\/products\/uv-ozona-sterilizators-30-grozam-ar-naziem-un-instrumentiem\/#breadcrumb\",\"itemListElement\":[{\"@type\":\"ListItem\",\"position\":1,\"name\":\"\u0413\u043b\u0430\u0432\u043d\u0430\u044f \u0441\u0442\u0440\u0430\u043d\u0438\u0446\u0430\",\"item\":\"https:\/\/carnitec.com\/lv\/\"},{\"@type\":\"ListItem\",\"position\":2,\"name\":\"\u0422\u043e\u0432\u0430\u0440\u044b\",\"item\":\"https:\/\/carnitec.com\/shop\/\"},{\"@type\":\"ListItem\",\"position\":3,\"name\":\"UV \/ Ozona sterilizators, 30 grozam ar na\u017eiem un instrumentiem\"}]},{\"@type\":\"WebSite\",\"@id\":\"https:\/\/carnitec.com\/lv\/#website\",\"url\":\"https:\/\/carnitec.com\/lv\/\",\"name\":\"Carnitec\",\"description\":\"P\u0101rtikas r\u016bpniec\u012bbas iek\u0101rtas\",\"publisher\":{\"@id\":\"https:\/\/carnitec.com\/lv\/#organization\"},\"potentialAction\":[{\"@type\":\"SearchAction\",\"target\":{\"@type\":\"EntryPoint\",\"urlTemplate\":\"https:\/\/carnitec.com\/lv\/?s={search_term_string}\"},\"query-input\":\"required name=search_term_string\"}],\"inLanguage\":\"lv-LV\"},{\"@type\":\"Organization\",\"@id\":\"https:\/\/carnitec.com\/lv\/#organization\",\"name\":\"Carnitec - food processing equipment\",\"url\":\"https:\/\/carnitec.com\/lv\/\",\"sameAs\":[\"https:\/\/www.instagram.com\/carnitec\/?hl=en\",\"https:\/\/www.linkedin.com\/company\/carnitec-ltd\/\",\"https:\/\/www.youtube.com\/channel\/UCwfiuJujkF2QxPPZAqB0T2w\",\"https:\/\/facebook.com\/carnitec1\",\"https:\/\/twitter.com\/carnitec_\"],\"logo\":{\"@type\":\"ImageObject\",\"inLanguage\":\"lv-LV\",\"@id\":\"https:\/\/carnitec.com\/lv\/#\/schema\/logo\/image\/\",\"url\":\"http:\/\/carnitec.com\/wp-content\/uploads\/2018\/01\/carnitec_logo_2018.png\",\"contentUrl\":\"http:\/\/carnitec.com\/wp-content\/uploads\/2018\/01\/carnitec_logo_2018.png\",\"width\":180,\"height\":50,\"caption\":\"Carnitec - food processing equipment\"},\"image\":{\"@id\":\"https:\/\/carnitec.com\/lv\/#\/schema\/logo\/image\/\"}}]}<\/script>\n<!-- \/ Yoast SEO plugin. -->","yoast_head_json":{"title":"UV \/ Ozona sterilizators, 30 grozam ar na\u017eiem un instrumentiem - Carnitec","robots":{"index":"index","follow":"follow","max-snippet":"max-snippet:-1","max-image-preview":"max-image-preview:large","max-video-preview":"max-video-preview:-1"},"canonical":"https:\/\/carnitec.com\/lv\/products\/uv-ozona-sterilizators-30-grozam-ar-naziem-un-instrumentiem\/","og_locale":"lv_LV","og_type":"article","og_title":"UV \/ Ozona sterilizators, 30 grozam ar na\u017eiem un instrumentiem - Carnitec","og_description":"UV \/ Ozona sterilizators, 30 grozam ar na\u017eiem un instrumentiem","og_url":"https:\/\/carnitec.com\/lv\/products\/uv-ozona-sterilizators-30-grozam-ar-naziem-un-instrumentiem\/","og_site_name":"Carnitec","article_publisher":"https:\/\/facebook.com\/carnitec1","article_modified_time":"2017-10-25T14:41:09+00:00","og_image":[{"width":800,"height":800,"url":"https:\/\/carnitec.com\/wp-content\/uploads\/2017\/10\/30_uv.jpg","type":"image\/jpeg"}],"twitter_card":"summary","twitter_site":"@carnitec_","schema":{"@context":"https:\/\/schema.org","@graph":[{"@type":"WebPage","@id":"https:\/\/carnitec.com\/lv\/products\/uv-ozona-sterilizators-30-grozam-ar-naziem-un-instrumentiem\/","url":"https:\/\/carnitec.com\/lv\/products\/uv-ozona-sterilizators-30-grozam-ar-naziem-un-instrumentiem\/","name":"UV \/ Ozona sterilizators, 30 grozam ar na\u017eiem un instrumentiem - Carnitec","isPartOf":{"@id":"https:\/\/carnitec.com\/lv\/#website"},"datePublished":"2017-10-25T14:41:08+00:00","dateModified":"2017-10-25T14:41:09+00:00","breadcrumb":{"@id":"https:\/\/carnitec.com\/lv\/products\/uv-ozona-sterilizators-30-grozam-ar-naziem-un-instrumentiem\/#breadcrumb"},"inLanguage":"lv-LV","potentialAction":[{"@type":"ReadAction","target":["https:\/\/carnitec.com\/lv\/products\/uv-ozona-sterilizators-30-grozam-ar-naziem-un-instrumentiem\/"]}]},{"@type":"BreadcrumbList","@id":"https:\/\/carnitec.com\/lv\/products\/uv-ozona-sterilizators-30-grozam-ar-naziem-un-instrumentiem\/#breadcrumb","itemListElement":[{"@type":"ListItem","position":1,"name":"\u0413\u043b\u0430\u0432\u043d\u0430\u044f \u0441\u0442\u0440\u0430\u043d\u0438\u0446\u0430","item":"https:\/\/carnitec.com\/lv\/"},{"@type":"ListItem","position":2,"name":"\u0422\u043e\u0432\u0430\u0440\u044b","item":"https:\/\/carnitec.com\/shop\/"},{"@type":"ListItem","position":3,"name":"UV \/ Ozona sterilizators, 30 grozam ar na\u017eiem un instrumentiem"}]},{"@type":"WebSite","@id":"https:\/\/carnitec.com\/lv\/#website","url":"https:\/\/carnitec.com\/lv\/","name":"Carnitec","description":"P\u0101rtikas r\u016bpniec\u012bbas iek\u0101rtas","publisher":{"@id":"https:\/\/carnitec.com\/lv\/#organization"},"potentialAction":[{"@type":"SearchAction","target":{"@type":"EntryPoint","urlTemplate":"https:\/\/carnitec.com\/lv\/?s={search_term_string}"},"query-input":"required name=search_term_string"}],"inLanguage":"lv-LV"},{"@type":"Organization","@id":"https:\/\/carnitec.com\/lv\/#organization","name":"Carnitec - food processing equipment","url":"https:\/\/carnitec.com\/lv\/","sameAs":["https:\/\/www.instagram.com\/carnitec\/?hl=en","https:\/\/www.linkedin.com\/company\/carnitec-ltd\/","https:\/\/www.youtube.com\/channel\/UCwfiuJujkF2QxPPZAqB0T2w","https:\/\/facebook.com\/carnitec1","https:\/\/twitter.com\/carnitec_"],"logo":{"@type":"ImageObject","inLanguage":"lv-LV","@id":"https:\/\/carnitec.com\/lv\/#\/schema\/logo\/image\/","url":"http:\/\/carnitec.com\/wp-content\/uploads\/2018\/01\/carnitec_logo_2018.png","contentUrl":"http:\/\/carnitec.com\/wp-content\/uploads\/2018\/01\/carnitec_logo_2018.png","width":180,"height":50,"caption":"Carnitec - food processing equipment"},"image":{"@id":"https:\/\/carnitec.com\/lv\/#\/schema\/logo\/image\/"}}]}},"_links":{"self":[{"href":"https:\/\/carnitec.com\/lv\/wp-json\/wp\/v2\/product\/12854"}],"collection":[{"href":"https:\/\/carnitec.com\/lv\/wp-json\/wp\/v2\/product"}],"about":[{"href":"https:\/\/carnitec.com\/lv\/wp-json\/wp\/v2\/types\/product"}],"wp:featuredmedia":[{"embeddable":true,"href":"https:\/\/carnitec.com\/lv\/wp-json\/wp\/v2\/media\/12853"}],"wp:attachment":[{"href":"https:\/\/carnitec.com\/lv\/wp-json\/wp\/v2\/media?parent=12854"}],"wp:term":[{"taxonomy":"product_cat","embeddable":true,"href":"https:\/\/carnitec.com\/lv\/wp-json\/wp\/v2\/product_cat?post=12854"},{"taxonomy":"product_tag","embeddable":true,"href":"https:\/\/carnitec.com\/lv\/wp-json\/wp\/v2\/product_tag?post=12854"}],"curies":[{"name":"wp","href":"https:\/\/api.w.org\/{rel}","templated":true}]}}