{"id":12786,"date":"2017-10-02T11:04:56","date_gmt":"2017-10-02T09:21:41","guid":{"rendered":"http:\/\/carnitec.com\/lv\/?post_type=product&#038;p=12786"},"modified":"2017-10-02T11:22:36","modified_gmt":"2017-10-02T09:22:36","slug":"sadales-zagis-ar-elektropiedzinu-efa-185","status":"publish","type":"product","link":"https:\/\/carnitec.com\/lv\/products\/sadales-zagis-ar-elektropiedzinu-efa-185\/","title":{"rendered":"Sadales z\u0101\u0123is ar  elektropiedzi\u0146u EFA 185"},"content":{"rendered":"<p>Sadales z\u0101\u0123is ar maksim\u0101lo ra\u017eotsp\u0113ju sava klas\u0113, ar centrb\u0113dzes bremzi un ar garu reduktora galvi\u0146u, liellopu kaut\u0137erme\u0146u sadalei uz pus\u0113m, vid\u0113jiem un lieliem uz\u0146\u0113mumiem.<\/p>\n<p>\u2022 Jaudigs elektromotors AC.<br \/>\n\u2022 Piln\u012bb\u0101 sl\u0113gts korpuss.<br \/>\n\u2022 Gludas virsmas, viegli t\u012br\u0101mas.<br \/>\n\u2022 Ergonomisks roktura st\u0101voklis.<br \/>\n\u2022 Ieb\u016bv\u0113ts patent\u0113ts centrb\u0113dzes bremzes, lai aptur\u0113tu z\u0101\u0123a asme\u0146u.<\/p>\n<h2>EFA 185 Tehniskie dati<\/h2>\n<p>Motora jauda 1500 W<br \/>\nSpriegums 42\/110\/400 V, 50-60 Hz, 3 f\u0101z\u0113.<br \/>\nApgriezienu skaits 1150 apgr.\/min<br \/>\n\u00d8 z\u0101\u0123a asmens 300 mm<br \/>\nGrie\u0161anas dzi\u013cums 100 mm<br \/>\nSvars 17 kg<br \/>\nAizsardz\u012bbas pak\u0101pe IP 65<\/p>\n<div class=\"embed-responsive embed-responsive-16by9\"><iframe loading=\"lazy\" title=\"18   EFA 185\" width=\"640\" height=\"480\" src=\"https:\/\/www.youtube.com\/embed\/G8taI7nbjD0?feature=oembed\" frameborder=\"0\" allow=\"accelerometer; autoplay; clipboard-write; encrypted-media; gyroscope; picture-in-picture\" allowfullscreen><\/iframe><\/div>\n","protected":false},"excerpt":{"rendered":"<p>Sadales z\u0101\u0123is ar maksim\u0101lo ra\u017eotsp\u0113ju sava klas\u0113, ar centrb\u0113dzes bremzi un ar garu reduktora galvi\u0146u, liellopu kaut\u0137erme\u0146u sadalei uz pus\u0113m, vid\u0113jiem un lieliem uz\u0146\u0113mumiem.<\/p>\n","protected":false},"featured_media":12784,"template":"","meta":{"content-type":"","_monsterinsights_skip_tracking":false,"_monsterinsights_sitenote_active":false,"_monsterinsights_sitenote_note":"","_monsterinsights_sitenote_category":0},"product_cat":[951,1963],"product_tag":[],"yoast_head":"<!-- This site is optimized with the Yoast SEO plugin v19.5.1 - https:\/\/yoast.com\/wordpress\/plugins\/seo\/ -->\n<title>Sadales z\u0101\u0123is ar elektropiedzi\u0146u EFA 185 - Carnitec<\/title>\n<meta name=\"description\" content=\"Sadales z\u0101\u0123is ar maksim\u0101lo ra\u017eotsp\u0113ju sava klas\u0113, ar centrb\u0113dzes bremzi un ar garu reduktora galvi\u0146u, liellopu kaut\u0137erme\u0146u sadalei uz pus\u0113m.\" \/>\n<meta name=\"robots\" content=\"index, follow, max-snippet:-1, max-image-preview:large, max-video-preview:-1\" \/>\n<link rel=\"canonical\" href=\"https:\/\/carnitec.com\/lv\/products\/sadales-zagis-ar-elektropiedzinu-efa-185\/\" \/>\n<meta property=\"og:locale\" content=\"lv_LV\" \/>\n<meta property=\"og:type\" content=\"article\" \/>\n<meta property=\"og:title\" content=\"Sadales z\u0101\u0123is ar elektropiedzi\u0146u EFA 185 - Carnitec\" \/>\n<meta property=\"og:description\" content=\"Sadales z\u0101\u0123is ar maksim\u0101lo ra\u017eotsp\u0113ju sava klas\u0113, ar centrb\u0113dzes bremzi un ar garu reduktora galvi\u0146u, liellopu kaut\u0137erme\u0146u sadalei uz pus\u0113m.\" \/>\n<meta property=\"og:url\" content=\"https:\/\/carnitec.com\/lv\/products\/sadales-zagis-ar-elektropiedzinu-efa-185\/\" \/>\n<meta property=\"og:site_name\" content=\"Carnitec\" \/>\n<meta property=\"article:publisher\" content=\"https:\/\/facebook.com\/carnitec1\" \/>\n<meta property=\"article:modified_time\" content=\"2017-10-02T09:22:36+00:00\" \/>\n<meta property=\"og:image\" content=\"https:\/\/carnitec.com\/wp-content\/uploads\/2017\/10\/EFA_185.jpg\" \/>\n\t<meta property=\"og:image:width\" content=\"600\" \/>\n\t<meta property=\"og:image:height\" content=\"335\" \/>\n\t<meta property=\"og:image:type\" content=\"image\/jpeg\" \/>\n<meta name=\"twitter:card\" content=\"summary\" \/>\n<meta name=\"twitter:site\" content=\"@carnitec_\" \/>\n<meta name=\"twitter:label1\" content=\"Est. reading time\" \/>\n\t<meta name=\"twitter:data1\" content=\"1 min\u016b\u0161u\" \/>\n<script type=\"application\/ld+json\" class=\"yoast-schema-graph\">{\"@context\":\"https:\/\/schema.org\",\"@graph\":[{\"@type\":\"WebPage\",\"@id\":\"https:\/\/carnitec.com\/lv\/products\/sadales-zagis-ar-elektropiedzinu-efa-185\/\",\"url\":\"https:\/\/carnitec.com\/lv\/products\/sadales-zagis-ar-elektropiedzinu-efa-185\/\",\"name\":\"Sadales z\u0101\u0123is ar elektropiedzi\u0146u EFA 185 - Carnitec\",\"isPartOf\":{\"@id\":\"https:\/\/carnitec.com\/lv\/#website\"},\"datePublished\":\"2017-10-02T09:21:41+00:00\",\"dateModified\":\"2017-10-02T09:22:36+00:00\",\"description\":\"Sadales z\u0101\u0123is ar maksim\u0101lo ra\u017eotsp\u0113ju sava klas\u0113, ar centrb\u0113dzes bremzi un ar garu reduktora galvi\u0146u, liellopu kaut\u0137erme\u0146u sadalei uz pus\u0113m.\",\"breadcrumb\":{\"@id\":\"https:\/\/carnitec.com\/lv\/products\/sadales-zagis-ar-elektropiedzinu-efa-185\/#breadcrumb\"},\"inLanguage\":\"lv-LV\",\"potentialAction\":[{\"@type\":\"ReadAction\",\"target\":[\"https:\/\/carnitec.com\/lv\/products\/sadales-zagis-ar-elektropiedzinu-efa-185\/\"]}]},{\"@type\":\"BreadcrumbList\",\"@id\":\"https:\/\/carnitec.com\/lv\/products\/sadales-zagis-ar-elektropiedzinu-efa-185\/#breadcrumb\",\"itemListElement\":[{\"@type\":\"ListItem\",\"position\":1,\"name\":\"\u0413\u043b\u0430\u0432\u043d\u0430\u044f \u0441\u0442\u0440\u0430\u043d\u0438\u0446\u0430\",\"item\":\"https:\/\/carnitec.com\/lv\/\"},{\"@type\":\"ListItem\",\"position\":2,\"name\":\"\u0422\u043e\u0432\u0430\u0440\u044b\",\"item\":\"https:\/\/carnitec.com\/shop\/\"},{\"@type\":\"ListItem\",\"position\":3,\"name\":\"Sadales z\u0101\u0123is ar elektropiedzi\u0146u EFA 185\"}]},{\"@type\":\"WebSite\",\"@id\":\"https:\/\/carnitec.com\/lv\/#website\",\"url\":\"https:\/\/carnitec.com\/lv\/\",\"name\":\"Carnitec\",\"description\":\"P\u0101rtikas r\u016bpniec\u012bbas iek\u0101rtas\",\"publisher\":{\"@id\":\"https:\/\/carnitec.com\/lv\/#organization\"},\"potentialAction\":[{\"@type\":\"SearchAction\",\"target\":{\"@type\":\"EntryPoint\",\"urlTemplate\":\"https:\/\/carnitec.com\/lv\/?s={search_term_string}\"},\"query-input\":\"required name=search_term_string\"}],\"inLanguage\":\"lv-LV\"},{\"@type\":\"Organization\",\"@id\":\"https:\/\/carnitec.com\/lv\/#organization\",\"name\":\"Carnitec - food processing equipment\",\"url\":\"https:\/\/carnitec.com\/lv\/\",\"sameAs\":[\"https:\/\/www.instagram.com\/carnitec\/?hl=en\",\"https:\/\/www.linkedin.com\/company\/carnitec-ltd\/\",\"https:\/\/www.youtube.com\/channel\/UCwfiuJujkF2QxPPZAqB0T2w\",\"https:\/\/facebook.com\/carnitec1\",\"https:\/\/twitter.com\/carnitec_\"],\"logo\":{\"@type\":\"ImageObject\",\"inLanguage\":\"lv-LV\",\"@id\":\"https:\/\/carnitec.com\/lv\/#\/schema\/logo\/image\/\",\"url\":\"http:\/\/carnitec.com\/wp-content\/uploads\/2018\/01\/carnitec_logo_2018.png\",\"contentUrl\":\"http:\/\/carnitec.com\/wp-content\/uploads\/2018\/01\/carnitec_logo_2018.png\",\"width\":180,\"height\":50,\"caption\":\"Carnitec - food processing equipment\"},\"image\":{\"@id\":\"https:\/\/carnitec.com\/lv\/#\/schema\/logo\/image\/\"}}]}<\/script>\n<!-- \/ Yoast SEO plugin. -->","yoast_head_json":{"title":"Sadales z\u0101\u0123is ar elektropiedzi\u0146u EFA 185 - Carnitec","description":"Sadales z\u0101\u0123is ar maksim\u0101lo ra\u017eotsp\u0113ju sava klas\u0113, ar centrb\u0113dzes bremzi un ar garu reduktora galvi\u0146u, liellopu kaut\u0137erme\u0146u sadalei uz pus\u0113m.","robots":{"index":"index","follow":"follow","max-snippet":"max-snippet:-1","max-image-preview":"max-image-preview:large","max-video-preview":"max-video-preview:-1"},"canonical":"https:\/\/carnitec.com\/lv\/products\/sadales-zagis-ar-elektropiedzinu-efa-185\/","og_locale":"lv_LV","og_type":"article","og_title":"Sadales z\u0101\u0123is ar elektropiedzi\u0146u EFA 185 - Carnitec","og_description":"Sadales z\u0101\u0123is ar maksim\u0101lo ra\u017eotsp\u0113ju sava klas\u0113, ar centrb\u0113dzes bremzi un ar garu reduktora galvi\u0146u, liellopu kaut\u0137erme\u0146u sadalei uz pus\u0113m.","og_url":"https:\/\/carnitec.com\/lv\/products\/sadales-zagis-ar-elektropiedzinu-efa-185\/","og_site_name":"Carnitec","article_publisher":"https:\/\/facebook.com\/carnitec1","article_modified_time":"2017-10-02T09:22:36+00:00","og_image":[{"width":600,"height":335,"url":"https:\/\/carnitec.com\/wp-content\/uploads\/2017\/10\/EFA_185.jpg","type":"image\/jpeg"}],"twitter_card":"summary","twitter_site":"@carnitec_","twitter_misc":{"Est. reading time":"1 min\u016b\u0161u"},"schema":{"@context":"https:\/\/schema.org","@graph":[{"@type":"WebPage","@id":"https:\/\/carnitec.com\/lv\/products\/sadales-zagis-ar-elektropiedzinu-efa-185\/","url":"https:\/\/carnitec.com\/lv\/products\/sadales-zagis-ar-elektropiedzinu-efa-185\/","name":"Sadales z\u0101\u0123is ar elektropiedzi\u0146u EFA 185 - Carnitec","isPartOf":{"@id":"https:\/\/carnitec.com\/lv\/#website"},"datePublished":"2017-10-02T09:21:41+00:00","dateModified":"2017-10-02T09:22:36+00:00","description":"Sadales z\u0101\u0123is ar maksim\u0101lo ra\u017eotsp\u0113ju sava klas\u0113, ar centrb\u0113dzes bremzi un ar garu reduktora galvi\u0146u, liellopu kaut\u0137erme\u0146u sadalei uz pus\u0113m.","breadcrumb":{"@id":"https:\/\/carnitec.com\/lv\/products\/sadales-zagis-ar-elektropiedzinu-efa-185\/#breadcrumb"},"inLanguage":"lv-LV","potentialAction":[{"@type":"ReadAction","target":["https:\/\/carnitec.com\/lv\/products\/sadales-zagis-ar-elektropiedzinu-efa-185\/"]}]},{"@type":"BreadcrumbList","@id":"https:\/\/carnitec.com\/lv\/products\/sadales-zagis-ar-elektropiedzinu-efa-185\/#breadcrumb","itemListElement":[{"@type":"ListItem","position":1,"name":"\u0413\u043b\u0430\u0432\u043d\u0430\u044f \u0441\u0442\u0440\u0430\u043d\u0438\u0446\u0430","item":"https:\/\/carnitec.com\/lv\/"},{"@type":"ListItem","position":2,"name":"\u0422\u043e\u0432\u0430\u0440\u044b","item":"https:\/\/carnitec.com\/shop\/"},{"@type":"ListItem","position":3,"name":"Sadales z\u0101\u0123is ar elektropiedzi\u0146u EFA 185"}]},{"@type":"WebSite","@id":"https:\/\/carnitec.com\/lv\/#website","url":"https:\/\/carnitec.com\/lv\/","name":"Carnitec","description":"P\u0101rtikas r\u016bpniec\u012bbas iek\u0101rtas","publisher":{"@id":"https:\/\/carnitec.com\/lv\/#organization"},"potentialAction":[{"@type":"SearchAction","target":{"@type":"EntryPoint","urlTemplate":"https:\/\/carnitec.com\/lv\/?s={search_term_string}"},"query-input":"required name=search_term_string"}],"inLanguage":"lv-LV"},{"@type":"Organization","@id":"https:\/\/carnitec.com\/lv\/#organization","name":"Carnitec - food processing equipment","url":"https:\/\/carnitec.com\/lv\/","sameAs":["https:\/\/www.instagram.com\/carnitec\/?hl=en","https:\/\/www.linkedin.com\/company\/carnitec-ltd\/","https:\/\/www.youtube.com\/channel\/UCwfiuJujkF2QxPPZAqB0T2w","https:\/\/facebook.com\/carnitec1","https:\/\/twitter.com\/carnitec_"],"logo":{"@type":"ImageObject","inLanguage":"lv-LV","@id":"https:\/\/carnitec.com\/lv\/#\/schema\/logo\/image\/","url":"http:\/\/carnitec.com\/wp-content\/uploads\/2018\/01\/carnitec_logo_2018.png","contentUrl":"http:\/\/carnitec.com\/wp-content\/uploads\/2018\/01\/carnitec_logo_2018.png","width":180,"height":50,"caption":"Carnitec - food processing equipment"},"image":{"@id":"https:\/\/carnitec.com\/lv\/#\/schema\/logo\/image\/"}}]}},"_links":{"self":[{"href":"https:\/\/carnitec.com\/lv\/wp-json\/wp\/v2\/product\/12786"}],"collection":[{"href":"https:\/\/carnitec.com\/lv\/wp-json\/wp\/v2\/product"}],"about":[{"href":"https:\/\/carnitec.com\/lv\/wp-json\/wp\/v2\/types\/product"}],"wp:featuredmedia":[{"embeddable":true,"href":"https:\/\/carnitec.com\/lv\/wp-json\/wp\/v2\/media\/12784"}],"wp:attachment":[{"href":"https:\/\/carnitec.com\/lv\/wp-json\/wp\/v2\/media?parent=12786"}],"wp:term":[{"taxonomy":"product_cat","embeddable":true,"href":"https:\/\/carnitec.com\/lv\/wp-json\/wp\/v2\/product_cat?post=12786"},{"taxonomy":"product_tag","embeddable":true,"href":"https:\/\/carnitec.com\/lv\/wp-json\/wp\/v2\/product_tag?post=12786"}],"curies":[{"name":"wp","href":"https:\/\/api.w.org\/{rel}","templated":true}]}}