{"id":12732,"date":"2016-03-06T13:07:10","date_gmt":"2017-09-15T07:41:22","guid":{"rendered":"http:\/\/carnitec.com\/lv\/?post_type=product&#038;p=12732"},"modified":"2017-09-15T09:41:23","modified_gmt":"2017-09-15T07:41:23","slug":"blokorezka-gilotina-gr-50","status":"publish","type":"product","link":"https:\/\/carnitec.com\/lv\/products\/blokorezka-gilotina-gr-50\/","title":{"rendered":"Sasald\u0113to bloku grie\u0161anas iek\u0101rta &#8211; Giljot\u012bna GR 50"},"content":{"rendered":"<p>Sasald\u0113to bloku grie\u0161anas iek\u0101rta ar temperat\u016bru l\u012bdz -20\u00b0 C. Ga\u013cas, zivju, d\u0101rze\u0146u vai e\u013c\u013cas p\u0101rstr\u0101dei.<\/p>\n<p><iframe loading=\"lazy\" title=\"GR 50\" width=\"640\" height=\"360\" src=\"https:\/\/www.youtube.com\/embed\/UpR5s07Fotk?feature=oembed\" frameborder=\"0\" allow=\"accelerometer; autoplay; clipboard-write; encrypted-media; gyroscope; picture-in-picture\" allowfullscreen><\/iframe><\/p>\n<h2>Giljot\u012bna<\/h2>\n<p>dro\u0161s nazis grie\u017e pl\u0101ksnes no sald\u0113ta bloka ar 35 mm platumu l\u012bdz 45 reizes min\u016bt\u0113.<br \/>\nTaj\u0101 pa\u0161\u0101 laik\u0101, 4 vertik\u0101lie na\u017ei t\u0101l\u0101k sasmalcina \u0161os pl\u0101ksnes uz 10 cm gabalus. Na\u017eu mezgls atrodas le\u0146\u0137a poz\u012bcij\u0101 attiec\u012bb\u0101 pret ma\u0161\u012bnu un skat\u0101s uz produktu vertik\u0101li, kas nodro\u0161ina m\u012bkstu grie\u0161anu.<\/p>\n<h2>Tehniskie dati<\/h2>\n<table width=\"100%\">\n<tbody>\n<tr>\n<td width=\"50%\">g\u0101jiena augstums:<\/td>\n<td width=\"49%\">250 mm<\/td>\n<\/tr>\n<tr>\n<td width=\"50%\">g\u0101jiena platums:<\/td>\n<td width=\"49%\">440 mm<\/td>\n<\/tr>\n<tr>\n<td width=\"50%\">darba augstums:<\/td>\n<td width=\"49%\">1050 mm<\/td>\n<\/tr>\n<tr>\n<td width=\"50%\">iek\u0101rtas garums:<\/td>\n<td width=\"49%\">2.035 &#8211; 3.059 mm<\/td>\n<\/tr>\n<\/tbody>\n<\/table>\n<p>&nbsp;<\/p>\n<table width=\"100%\">\n<tbody>\n<tr>\n<td width=\"65%\">iek\u0101rtas platums:<\/td>\n<td width=\"34%\">838 &#8211; 1.559 mm<\/td>\n<\/tr>\n<tr>\n<td width=\"65%\">iek\u0101rtasaugstums:<\/td>\n<td width=\"34%\">1.626 &#8211; 1.838 mm<\/td>\n<\/tr>\n<tr>\n<td width=\"65%\">Na\u017eu\u00a0g\u0101jiens:<\/td>\n<td width=\"34%\">45 p\/min<\/td>\n<\/tr>\n<tr>\n<td width=\"65%\">ra\u017eotsp\u0113ja:<\/td>\n<td width=\"34%\">3000 kg\/h<\/td>\n<\/tr>\n<tr>\n<td width=\"65%\">jauda:<\/td>\n<td width=\"34%\">400 V, 6,9 kW, 16 A<\/td>\n<\/tr>\n<tr>\n<td width=\"65%\">Svars<\/td>\n<td width=\"34%\">630 kg<\/td>\n<\/tr>\n<tr>\n<td width=\"65%\"><\/td>\n<td width=\"34%\"><\/td>\n<\/tr>\n<\/tbody>\n<\/table>\n<p>&nbsp;<\/p>\n<p>&nbsp;<\/p>\n","protected":false},"excerpt":{"rendered":"<p>Sasald\u0113to bloku grie\u0161anas iek\u0101rta ar temperat\u016bru l\u012bdz -20\u00b0 C. Ga\u013cas, zivju, d\u0101rze\u0146u vai e\u013c\u013cas p\u0101rstr\u0101dei.<\/p>\n","protected":false},"featured_media":12712,"template":"","meta":{"content-type":"","_monsterinsights_skip_tracking":false,"_monsterinsights_sitenote_active":false,"_monsterinsights_sitenote_note":"","_monsterinsights_sitenote_category":0},"product_cat":[903],"product_tag":[],"yoast_head":"<!-- This site is optimized with the Yoast SEO plugin v19.5.1 - https:\/\/yoast.com\/wordpress\/plugins\/seo\/ -->\n<title>Sasald\u0113to bloku grie\u0161anas iek\u0101rta - Giljot\u012bna GR 50 - Carnitec<\/title>\n<meta name=\"description\" content=\"Sasald\u0113to bloku grie\u0161anas iek\u0101rta ar temperat\u016bru l\u012bdz -20\u00b0 C. Ga\u013cas, zivju, d\u0101rze\u0146u vai e\u013c\u013cas p\u0101rstr\u0101dei.\" \/>\n<meta name=\"robots\" content=\"index, follow, max-snippet:-1, max-image-preview:large, max-video-preview:-1\" \/>\n<link rel=\"canonical\" href=\"https:\/\/carnitec.com\/lv\/products\/blokorezka-gilotina-gr-50\/\" \/>\n<meta property=\"og:locale\" content=\"lv_LV\" \/>\n<meta property=\"og:type\" content=\"article\" \/>\n<meta property=\"og:title\" content=\"Sasald\u0113to bloku grie\u0161anas iek\u0101rta - Giljot\u012bna GR 50 - Carnitec\" \/>\n<meta property=\"og:description\" content=\"Sasald\u0113to bloku grie\u0161anas iek\u0101rta ar temperat\u016bru l\u012bdz -20\u00b0 C. Ga\u013cas, zivju, d\u0101rze\u0146u vai e\u013c\u013cas p\u0101rstr\u0101dei.\" \/>\n<meta property=\"og:url\" content=\"https:\/\/carnitec.com\/lv\/products\/blokorezka-gilotina-gr-50\/\" \/>\n<meta property=\"og:site_name\" content=\"Carnitec\" \/>\n<meta property=\"article:publisher\" content=\"https:\/\/facebook.com\/carnitec1\" \/>\n<meta property=\"article:modified_time\" content=\"2017-09-15T07:41:23+00:00\" \/>\n<meta property=\"og:image\" content=\"https:\/\/carnitec.com\/wp-content\/uploads\/2016\/03\/GR50_15.jpg\" \/>\n\t<meta property=\"og:image:width\" content=\"265\" \/>\n\t<meta property=\"og:image:height\" content=\"285\" \/>\n\t<meta property=\"og:image:type\" content=\"image\/jpeg\" \/>\n<meta name=\"twitter:card\" content=\"summary\" \/>\n<meta name=\"twitter:site\" content=\"@carnitec_\" \/>\n<meta name=\"twitter:label1\" content=\"Est. reading time\" \/>\n\t<meta name=\"twitter:data1\" content=\"1 min\u016b\u0161u\" \/>\n<script type=\"application\/ld+json\" class=\"yoast-schema-graph\">{\"@context\":\"https:\/\/schema.org\",\"@graph\":[{\"@type\":\"WebPage\",\"@id\":\"https:\/\/carnitec.com\/lv\/products\/blokorezka-gilotina-gr-50\/\",\"url\":\"https:\/\/carnitec.com\/lv\/products\/blokorezka-gilotina-gr-50\/\",\"name\":\"Sasald\u0113to bloku grie\u0161anas iek\u0101rta - Giljot\u012bna GR 50 - Carnitec\",\"isPartOf\":{\"@id\":\"https:\/\/carnitec.com\/lv\/#website\"},\"datePublished\":\"2017-09-15T07:41:22+00:00\",\"dateModified\":\"2017-09-15T07:41:23+00:00\",\"description\":\"Sasald\u0113to bloku grie\u0161anas iek\u0101rta ar temperat\u016bru l\u012bdz -20\u00b0 C. Ga\u013cas, zivju, d\u0101rze\u0146u vai e\u013c\u013cas p\u0101rstr\u0101dei.\",\"breadcrumb\":{\"@id\":\"https:\/\/carnitec.com\/lv\/products\/blokorezka-gilotina-gr-50\/#breadcrumb\"},\"inLanguage\":\"lv-LV\",\"potentialAction\":[{\"@type\":\"ReadAction\",\"target\":[\"https:\/\/carnitec.com\/lv\/products\/blokorezka-gilotina-gr-50\/\"]}]},{\"@type\":\"BreadcrumbList\",\"@id\":\"https:\/\/carnitec.com\/lv\/products\/blokorezka-gilotina-gr-50\/#breadcrumb\",\"itemListElement\":[{\"@type\":\"ListItem\",\"position\":1,\"name\":\"\u0413\u043b\u0430\u0432\u043d\u0430\u044f \u0441\u0442\u0440\u0430\u043d\u0438\u0446\u0430\",\"item\":\"https:\/\/carnitec.com\/lv\/\"},{\"@type\":\"ListItem\",\"position\":2,\"name\":\"\u0422\u043e\u0432\u0430\u0440\u044b\",\"item\":\"https:\/\/carnitec.com\/shop\/\"},{\"@type\":\"ListItem\",\"position\":3,\"name\":\"Sasald\u0113to bloku grie\u0161anas iek\u0101rta &#8211; Giljot\u012bna GR 50\"}]},{\"@type\":\"WebSite\",\"@id\":\"https:\/\/carnitec.com\/lv\/#website\",\"url\":\"https:\/\/carnitec.com\/lv\/\",\"name\":\"Carnitec\",\"description\":\"P\u0101rtikas r\u016bpniec\u012bbas iek\u0101rtas\",\"publisher\":{\"@id\":\"https:\/\/carnitec.com\/lv\/#organization\"},\"potentialAction\":[{\"@type\":\"SearchAction\",\"target\":{\"@type\":\"EntryPoint\",\"urlTemplate\":\"https:\/\/carnitec.com\/lv\/?s={search_term_string}\"},\"query-input\":\"required name=search_term_string\"}],\"inLanguage\":\"lv-LV\"},{\"@type\":\"Organization\",\"@id\":\"https:\/\/carnitec.com\/lv\/#organization\",\"name\":\"Carnitec - food processing equipment\",\"url\":\"https:\/\/carnitec.com\/lv\/\",\"sameAs\":[\"https:\/\/www.instagram.com\/carnitec\/?hl=en\",\"https:\/\/www.linkedin.com\/company\/carnitec-ltd\/\",\"https:\/\/www.youtube.com\/channel\/UCwfiuJujkF2QxPPZAqB0T2w\",\"https:\/\/facebook.com\/carnitec1\",\"https:\/\/twitter.com\/carnitec_\"],\"logo\":{\"@type\":\"ImageObject\",\"inLanguage\":\"lv-LV\",\"@id\":\"https:\/\/carnitec.com\/lv\/#\/schema\/logo\/image\/\",\"url\":\"http:\/\/carnitec.com\/wp-content\/uploads\/2018\/01\/carnitec_logo_2018.png\",\"contentUrl\":\"http:\/\/carnitec.com\/wp-content\/uploads\/2018\/01\/carnitec_logo_2018.png\",\"width\":180,\"height\":50,\"caption\":\"Carnitec - food processing equipment\"},\"image\":{\"@id\":\"https:\/\/carnitec.com\/lv\/#\/schema\/logo\/image\/\"}}]}<\/script>\n<!-- \/ Yoast SEO plugin. -->","yoast_head_json":{"title":"Sasald\u0113to bloku grie\u0161anas iek\u0101rta - Giljot\u012bna GR 50 - Carnitec","description":"Sasald\u0113to bloku grie\u0161anas iek\u0101rta ar temperat\u016bru l\u012bdz -20\u00b0 C. Ga\u013cas, zivju, d\u0101rze\u0146u vai e\u013c\u013cas p\u0101rstr\u0101dei.","robots":{"index":"index","follow":"follow","max-snippet":"max-snippet:-1","max-image-preview":"max-image-preview:large","max-video-preview":"max-video-preview:-1"},"canonical":"https:\/\/carnitec.com\/lv\/products\/blokorezka-gilotina-gr-50\/","og_locale":"lv_LV","og_type":"article","og_title":"Sasald\u0113to bloku grie\u0161anas iek\u0101rta - Giljot\u012bna GR 50 - Carnitec","og_description":"Sasald\u0113to bloku grie\u0161anas iek\u0101rta ar temperat\u016bru l\u012bdz -20\u00b0 C. Ga\u013cas, zivju, d\u0101rze\u0146u vai e\u013c\u013cas p\u0101rstr\u0101dei.","og_url":"https:\/\/carnitec.com\/lv\/products\/blokorezka-gilotina-gr-50\/","og_site_name":"Carnitec","article_publisher":"https:\/\/facebook.com\/carnitec1","article_modified_time":"2017-09-15T07:41:23+00:00","og_image":[{"width":265,"height":285,"url":"https:\/\/carnitec.com\/wp-content\/uploads\/2016\/03\/GR50_15.jpg","type":"image\/jpeg"}],"twitter_card":"summary","twitter_site":"@carnitec_","twitter_misc":{"Est. reading time":"1 min\u016b\u0161u"},"schema":{"@context":"https:\/\/schema.org","@graph":[{"@type":"WebPage","@id":"https:\/\/carnitec.com\/lv\/products\/blokorezka-gilotina-gr-50\/","url":"https:\/\/carnitec.com\/lv\/products\/blokorezka-gilotina-gr-50\/","name":"Sasald\u0113to bloku grie\u0161anas iek\u0101rta - Giljot\u012bna GR 50 - Carnitec","isPartOf":{"@id":"https:\/\/carnitec.com\/lv\/#website"},"datePublished":"2017-09-15T07:41:22+00:00","dateModified":"2017-09-15T07:41:23+00:00","description":"Sasald\u0113to bloku grie\u0161anas iek\u0101rta ar temperat\u016bru l\u012bdz -20\u00b0 C. Ga\u013cas, zivju, d\u0101rze\u0146u vai e\u013c\u013cas p\u0101rstr\u0101dei.","breadcrumb":{"@id":"https:\/\/carnitec.com\/lv\/products\/blokorezka-gilotina-gr-50\/#breadcrumb"},"inLanguage":"lv-LV","potentialAction":[{"@type":"ReadAction","target":["https:\/\/carnitec.com\/lv\/products\/blokorezka-gilotina-gr-50\/"]}]},{"@type":"BreadcrumbList","@id":"https:\/\/carnitec.com\/lv\/products\/blokorezka-gilotina-gr-50\/#breadcrumb","itemListElement":[{"@type":"ListItem","position":1,"name":"\u0413\u043b\u0430\u0432\u043d\u0430\u044f \u0441\u0442\u0440\u0430\u043d\u0438\u0446\u0430","item":"https:\/\/carnitec.com\/lv\/"},{"@type":"ListItem","position":2,"name":"\u0422\u043e\u0432\u0430\u0440\u044b","item":"https:\/\/carnitec.com\/shop\/"},{"@type":"ListItem","position":3,"name":"Sasald\u0113to bloku grie\u0161anas iek\u0101rta &#8211; Giljot\u012bna GR 50"}]},{"@type":"WebSite","@id":"https:\/\/carnitec.com\/lv\/#website","url":"https:\/\/carnitec.com\/lv\/","name":"Carnitec","description":"P\u0101rtikas r\u016bpniec\u012bbas iek\u0101rtas","publisher":{"@id":"https:\/\/carnitec.com\/lv\/#organization"},"potentialAction":[{"@type":"SearchAction","target":{"@type":"EntryPoint","urlTemplate":"https:\/\/carnitec.com\/lv\/?s={search_term_string}"},"query-input":"required name=search_term_string"}],"inLanguage":"lv-LV"},{"@type":"Organization","@id":"https:\/\/carnitec.com\/lv\/#organization","name":"Carnitec - food processing equipment","url":"https:\/\/carnitec.com\/lv\/","sameAs":["https:\/\/www.instagram.com\/carnitec\/?hl=en","https:\/\/www.linkedin.com\/company\/carnitec-ltd\/","https:\/\/www.youtube.com\/channel\/UCwfiuJujkF2QxPPZAqB0T2w","https:\/\/facebook.com\/carnitec1","https:\/\/twitter.com\/carnitec_"],"logo":{"@type":"ImageObject","inLanguage":"lv-LV","@id":"https:\/\/carnitec.com\/lv\/#\/schema\/logo\/image\/","url":"http:\/\/carnitec.com\/wp-content\/uploads\/2018\/01\/carnitec_logo_2018.png","contentUrl":"http:\/\/carnitec.com\/wp-content\/uploads\/2018\/01\/carnitec_logo_2018.png","width":180,"height":50,"caption":"Carnitec - food processing equipment"},"image":{"@id":"https:\/\/carnitec.com\/lv\/#\/schema\/logo\/image\/"}}]}},"_links":{"self":[{"href":"https:\/\/carnitec.com\/lv\/wp-json\/wp\/v2\/product\/12732"}],"collection":[{"href":"https:\/\/carnitec.com\/lv\/wp-json\/wp\/v2\/product"}],"about":[{"href":"https:\/\/carnitec.com\/lv\/wp-json\/wp\/v2\/types\/product"}],"wp:featuredmedia":[{"embeddable":true,"href":"https:\/\/carnitec.com\/lv\/wp-json\/wp\/v2\/media\/12712"}],"wp:attachment":[{"href":"https:\/\/carnitec.com\/lv\/wp-json\/wp\/v2\/media?parent=12732"}],"wp:term":[{"taxonomy":"product_cat","embeddable":true,"href":"https:\/\/carnitec.com\/lv\/wp-json\/wp\/v2\/product_cat?post=12732"},{"taxonomy":"product_tag","embeddable":true,"href":"https:\/\/carnitec.com\/lv\/wp-json\/wp\/v2\/product_tag?post=12732"}],"curies":[{"name":"wp","href":"https:\/\/api.w.org\/{rel}","templated":true}]}}