{"id":12620,"date":"2015-11-02T19:56:30","date_gmt":"2017-08-07T19:49:37","guid":{"rendered":"http:\/\/staging1.carnitec.com\/lv\/?post_type=product&#038;p=12620"},"modified":"2017-08-07T22:31:52","modified_gmt":"2017-08-07T20:31:52","slug":"masina-etikesu-uzlimei-etvi-100s-tavil","status":"publish","type":"product","link":"https:\/\/carnitec.com\/lv\/products\/masina-etikesu-uzlimei-etvi-100s-tavil\/","title":{"rendered":"Ma\u0161\u012bna eti\u0137e\u0161u uzl\u012bmei ETVI-100S TAVIL"},"content":{"rendered":"<h2>Ma\u0161\u012bna eti\u0137e\u0161u uzl\u012bmei ETVI-100S TAVIL<\/h2>\n<p>Ma\u0161\u012bna eti\u0137e\u0161u uzl\u012bmei ETVI-100S TAVIL tiek izmantota autom\u0101tiskai eti\u0137e\u0161u uzl\u012bmei vis\u0101m desu veidiem, salami, pl\u0101nu desu un citu produktu ar diametru no 35 l\u012bdz 95 \u043c\u043c, dabisk\u0101 vai m\u0101ksl\u012bg\u0101 apvalk\u0101.<\/p>\n<p><a href=\"http:\/\/carnitec.com\/wp-content\/uploads\/2017\/08\/Snimok-ekrana-2017-08-07-v-23.01.19.png\" data-rel=\"lightbox-image-0\" data-rl_title=\"\" data-rl_caption=\"\" title=\"\"><img class=\"alignnone size-full wp-image-12635\" src=\"http:\/\/carnitec.com\/wp-content\/uploads\/2017\/08\/Snimok-ekrana-2017-08-07-v-23.01.19.png\" alt=\"\" width=\"287\" height=\"126\" \/><\/a><a href=\"http:\/\/carnitec.com\/wp-content\/uploads\/2017\/08\/Snimok-ekrana-2017-08-07-v-23.01.07.png\" data-rel=\"lightbox-image-1\" data-rl_title=\"\" data-rl_caption=\"\" title=\"\"><img class=\"alignnone size-full wp-image-12632\" src=\"http:\/\/carnitec.com\/wp-content\/uploads\/2017\/08\/Snimok-ekrana-2017-08-07-v-23.01.07.png\" alt=\"\" width=\"286\" height=\"130\" \/><\/a><br \/>\nRa\u017eotsp\u0113ja 35-50 gab. \/ Min, atkar\u012bb\u0101 no kalibra<br \/>\nMikroprocesoru kontrole.<br \/>\nIzpild\u012bts piln\u012bb\u0101 no augstv\u0113rt\u012bga t\u0113rauda.<\/p>\n<p>https:\/\/www.youtube.com\/watch?v=0DIFTpxaw-U<\/p>\n<p><strong>Opcijas<\/strong><\/p>\n<ul>\n<li>Termisks mar\u0137ieris ar karstu iesnieg\u0161anu uz desu eti\u0137et\u0113m, ar elektronisku un pneimatisku apr\u012bkojuma kontroli<\/li>\n<li>Mikroprocesors<\/li>\n<li>Aizsarg\u0101ta burtciparu klaviat\u016bra, kas ir savienota ar ma\u0161\u012bnu eti\u0137e\u0161u uzl\u012bmei<\/li>\n<li>Eti\u0137etes ar sv\u012btrkodu, ar cenu, svaram uc.<\/li>\n<li>Sinhroniz\u0113ts ar ma\u0161\u012bnas takti<\/li>\n<\/ul>\n<p><a href=\"http:\/\/carnitec.com\/wp-content\/uploads\/2017\/08\/Snimok-ekrana-2017-08-07-v-23.13.08.png\" data-rel=\"lightbox-image-2\" data-rl_title=\"\" data-rl_caption=\"\" title=\"\"><img class=\"alignnone size-full wp-image-12629\" src=\"http:\/\/carnitec.com\/wp-content\/uploads\/2017\/08\/Snimok-ekrana-2017-08-07-v-23.13.08.png\" alt=\"\" width=\"600\" height=\"188\" srcset=\"https:\/\/carnitec.com\/wp-content\/uploads\/2017\/08\/Snimok-ekrana-2017-08-07-v-23.13.08.png 1010w, https:\/\/carnitec.com\/wp-content\/uploads\/2017\/08\/Snimok-ekrana-2017-08-07-v-23.13.08-600x188.png 600w\" sizes=\"(max-width: 600px) 100vw, 600px\" \/><\/a><\/p>\n","protected":false},"excerpt":{"rendered":"<p>Ma\u0161\u012bna eti\u0137e\u0161u uzl\u012bmei ETVI-100S TAVIL tiek izmantota autom\u0101tiskai eti\u0137e\u0161u uzl\u012bmei vis\u0101m desu veidiem, salami, pl\u0101nu desu un citu produktu ar diametru no 35 l\u012bdz 95 \u043c\u043c, dabisk\u0101 vai m\u0101ksl\u012bg\u0101 apvalk\u0101.<\/p>\n","protected":false},"featured_media":12638,"template":"","meta":{"content-type":"","_monsterinsights_skip_tracking":false,"_monsterinsights_sitenote_active":false,"_monsterinsights_sitenote_note":"","_monsterinsights_sitenote_category":0},"product_cat":[973],"product_tag":[],"yoast_head":"<!-- This site is optimized with the Yoast SEO plugin v19.5.1 - https:\/\/yoast.com\/wordpress\/plugins\/seo\/ -->\n<title>Ma\u0161\u012bna eti\u0137e\u0161u uzl\u012bmei ETVI-100S TAVIL - Carnitec<\/title>\n<meta name=\"description\" content=\"Ma\u0161\u012bna eti\u0137e\u0161u uzl\u012bmei ETVI-100S TAVIL tiek izmantota autom\u0101tiskai eti\u0137e\u0161u uzl\u012bmei vis\u0101m desu veidiem, salami, pl\u0101nu desu un citu produktu ar diametru\" \/>\n<meta name=\"robots\" content=\"index, follow, max-snippet:-1, max-image-preview:large, max-video-preview:-1\" \/>\n<link rel=\"canonical\" href=\"https:\/\/carnitec.com\/lv\/products\/masina-etikesu-uzlimei-etvi-100s-tavil\/\" \/>\n<meta property=\"og:locale\" content=\"lv_LV\" \/>\n<meta property=\"og:type\" content=\"article\" \/>\n<meta property=\"og:title\" content=\"Ma\u0161\u012bna eti\u0137e\u0161u uzl\u012bmei ETVI-100S TAVIL - Carnitec\" \/>\n<meta property=\"og:description\" content=\"Ma\u0161\u012bna eti\u0137e\u0161u uzl\u012bmei ETVI-100S TAVIL tiek izmantota autom\u0101tiskai eti\u0137e\u0161u uzl\u012bmei vis\u0101m desu veidiem, salami, pl\u0101nu desu un citu produktu ar diametru\" \/>\n<meta property=\"og:url\" content=\"https:\/\/carnitec.com\/lv\/products\/masina-etikesu-uzlimei-etvi-100s-tavil\/\" \/>\n<meta property=\"og:site_name\" content=\"Carnitec\" \/>\n<meta property=\"article:publisher\" content=\"https:\/\/facebook.com\/carnitec1\" \/>\n<meta property=\"article:modified_time\" content=\"2017-08-07T20:31:52+00:00\" \/>\n<meta property=\"og:image\" content=\"https:\/\/carnitec.com\/wp-content\/uploads\/2017\/08\/Snimok-ekrana-2017-08-07-v-23.00.50.png\" \/>\n\t<meta property=\"og:image:width\" content=\"495\" \/>\n\t<meta property=\"og:image:height\" content=\"505\" \/>\n\t<meta property=\"og:image:type\" content=\"image\/png\" \/>\n<meta name=\"twitter:card\" content=\"summary\" \/>\n<meta name=\"twitter:site\" content=\"@carnitec_\" \/>\n<meta name=\"twitter:label1\" content=\"Est. reading time\" \/>\n\t<meta name=\"twitter:data1\" content=\"1 min\u016b\u0161u\" \/>\n<script type=\"application\/ld+json\" class=\"yoast-schema-graph\">{\"@context\":\"https:\/\/schema.org\",\"@graph\":[{\"@type\":\"WebPage\",\"@id\":\"https:\/\/carnitec.com\/lv\/products\/masina-etikesu-uzlimei-etvi-100s-tavil\/\",\"url\":\"https:\/\/carnitec.com\/lv\/products\/masina-etikesu-uzlimei-etvi-100s-tavil\/\",\"name\":\"Ma\u0161\u012bna eti\u0137e\u0161u uzl\u012bmei ETVI-100S TAVIL - Carnitec\",\"isPartOf\":{\"@id\":\"https:\/\/carnitec.com\/lv\/#website\"},\"datePublished\":\"2017-08-07T19:49:37+00:00\",\"dateModified\":\"2017-08-07T20:31:52+00:00\",\"description\":\"Ma\u0161\u012bna eti\u0137e\u0161u uzl\u012bmei ETVI-100S TAVIL tiek izmantota autom\u0101tiskai eti\u0137e\u0161u uzl\u012bmei vis\u0101m desu veidiem, salami, pl\u0101nu desu un citu produktu ar diametru\",\"breadcrumb\":{\"@id\":\"https:\/\/carnitec.com\/lv\/products\/masina-etikesu-uzlimei-etvi-100s-tavil\/#breadcrumb\"},\"inLanguage\":\"lv-LV\",\"potentialAction\":[{\"@type\":\"ReadAction\",\"target\":[\"https:\/\/carnitec.com\/lv\/products\/masina-etikesu-uzlimei-etvi-100s-tavil\/\"]}]},{\"@type\":\"BreadcrumbList\",\"@id\":\"https:\/\/carnitec.com\/lv\/products\/masina-etikesu-uzlimei-etvi-100s-tavil\/#breadcrumb\",\"itemListElement\":[{\"@type\":\"ListItem\",\"position\":1,\"name\":\"\u0413\u043b\u0430\u0432\u043d\u0430\u044f \u0441\u0442\u0440\u0430\u043d\u0438\u0446\u0430\",\"item\":\"https:\/\/carnitec.com\/lv\/\"},{\"@type\":\"ListItem\",\"position\":2,\"name\":\"\u0422\u043e\u0432\u0430\u0440\u044b\",\"item\":\"https:\/\/carnitec.com\/shop\/\"},{\"@type\":\"ListItem\",\"position\":3,\"name\":\"Ma\u0161\u012bna eti\u0137e\u0161u uzl\u012bmei ETVI-100S TAVIL\"}]},{\"@type\":\"WebSite\",\"@id\":\"https:\/\/carnitec.com\/lv\/#website\",\"url\":\"https:\/\/carnitec.com\/lv\/\",\"name\":\"Carnitec\",\"description\":\"P\u0101rtikas r\u016bpniec\u012bbas iek\u0101rtas\",\"publisher\":{\"@id\":\"https:\/\/carnitec.com\/lv\/#organization\"},\"potentialAction\":[{\"@type\":\"SearchAction\",\"target\":{\"@type\":\"EntryPoint\",\"urlTemplate\":\"https:\/\/carnitec.com\/lv\/?s={search_term_string}\"},\"query-input\":\"required name=search_term_string\"}],\"inLanguage\":\"lv-LV\"},{\"@type\":\"Organization\",\"@id\":\"https:\/\/carnitec.com\/lv\/#organization\",\"name\":\"Carnitec - food processing equipment\",\"url\":\"https:\/\/carnitec.com\/lv\/\",\"sameAs\":[\"https:\/\/www.instagram.com\/carnitec\/?hl=en\",\"https:\/\/www.linkedin.com\/company\/carnitec-ltd\/\",\"https:\/\/www.youtube.com\/channel\/UCwfiuJujkF2QxPPZAqB0T2w\",\"https:\/\/facebook.com\/carnitec1\",\"https:\/\/twitter.com\/carnitec_\"],\"logo\":{\"@type\":\"ImageObject\",\"inLanguage\":\"lv-LV\",\"@id\":\"https:\/\/carnitec.com\/lv\/#\/schema\/logo\/image\/\",\"url\":\"http:\/\/carnitec.com\/wp-content\/uploads\/2018\/01\/carnitec_logo_2018.png\",\"contentUrl\":\"http:\/\/carnitec.com\/wp-content\/uploads\/2018\/01\/carnitec_logo_2018.png\",\"width\":180,\"height\":50,\"caption\":\"Carnitec - food processing equipment\"},\"image\":{\"@id\":\"https:\/\/carnitec.com\/lv\/#\/schema\/logo\/image\/\"}}]}<\/script>\n<!-- \/ Yoast SEO plugin. -->","yoast_head_json":{"title":"Ma\u0161\u012bna eti\u0137e\u0161u uzl\u012bmei ETVI-100S TAVIL - Carnitec","description":"Ma\u0161\u012bna eti\u0137e\u0161u uzl\u012bmei ETVI-100S TAVIL tiek izmantota autom\u0101tiskai eti\u0137e\u0161u uzl\u012bmei vis\u0101m desu veidiem, salami, pl\u0101nu desu un citu produktu ar diametru","robots":{"index":"index","follow":"follow","max-snippet":"max-snippet:-1","max-image-preview":"max-image-preview:large","max-video-preview":"max-video-preview:-1"},"canonical":"https:\/\/carnitec.com\/lv\/products\/masina-etikesu-uzlimei-etvi-100s-tavil\/","og_locale":"lv_LV","og_type":"article","og_title":"Ma\u0161\u012bna eti\u0137e\u0161u uzl\u012bmei ETVI-100S TAVIL - Carnitec","og_description":"Ma\u0161\u012bna eti\u0137e\u0161u uzl\u012bmei ETVI-100S TAVIL tiek izmantota autom\u0101tiskai eti\u0137e\u0161u uzl\u012bmei vis\u0101m desu veidiem, salami, pl\u0101nu desu un citu produktu ar diametru","og_url":"https:\/\/carnitec.com\/lv\/products\/masina-etikesu-uzlimei-etvi-100s-tavil\/","og_site_name":"Carnitec","article_publisher":"https:\/\/facebook.com\/carnitec1","article_modified_time":"2017-08-07T20:31:52+00:00","og_image":[{"width":495,"height":505,"url":"https:\/\/carnitec.com\/wp-content\/uploads\/2017\/08\/Snimok-ekrana-2017-08-07-v-23.00.50.png","type":"image\/png"}],"twitter_card":"summary","twitter_site":"@carnitec_","twitter_misc":{"Est. reading time":"1 min\u016b\u0161u"},"schema":{"@context":"https:\/\/schema.org","@graph":[{"@type":"WebPage","@id":"https:\/\/carnitec.com\/lv\/products\/masina-etikesu-uzlimei-etvi-100s-tavil\/","url":"https:\/\/carnitec.com\/lv\/products\/masina-etikesu-uzlimei-etvi-100s-tavil\/","name":"Ma\u0161\u012bna eti\u0137e\u0161u uzl\u012bmei ETVI-100S TAVIL - Carnitec","isPartOf":{"@id":"https:\/\/carnitec.com\/lv\/#website"},"datePublished":"2017-08-07T19:49:37+00:00","dateModified":"2017-08-07T20:31:52+00:00","description":"Ma\u0161\u012bna eti\u0137e\u0161u uzl\u012bmei ETVI-100S TAVIL tiek izmantota autom\u0101tiskai eti\u0137e\u0161u uzl\u012bmei vis\u0101m desu veidiem, salami, pl\u0101nu desu un citu produktu ar diametru","breadcrumb":{"@id":"https:\/\/carnitec.com\/lv\/products\/masina-etikesu-uzlimei-etvi-100s-tavil\/#breadcrumb"},"inLanguage":"lv-LV","potentialAction":[{"@type":"ReadAction","target":["https:\/\/carnitec.com\/lv\/products\/masina-etikesu-uzlimei-etvi-100s-tavil\/"]}]},{"@type":"BreadcrumbList","@id":"https:\/\/carnitec.com\/lv\/products\/masina-etikesu-uzlimei-etvi-100s-tavil\/#breadcrumb","itemListElement":[{"@type":"ListItem","position":1,"name":"\u0413\u043b\u0430\u0432\u043d\u0430\u044f \u0441\u0442\u0440\u0430\u043d\u0438\u0446\u0430","item":"https:\/\/carnitec.com\/lv\/"},{"@type":"ListItem","position":2,"name":"\u0422\u043e\u0432\u0430\u0440\u044b","item":"https:\/\/carnitec.com\/shop\/"},{"@type":"ListItem","position":3,"name":"Ma\u0161\u012bna eti\u0137e\u0161u uzl\u012bmei ETVI-100S TAVIL"}]},{"@type":"WebSite","@id":"https:\/\/carnitec.com\/lv\/#website","url":"https:\/\/carnitec.com\/lv\/","name":"Carnitec","description":"P\u0101rtikas r\u016bpniec\u012bbas iek\u0101rtas","publisher":{"@id":"https:\/\/carnitec.com\/lv\/#organization"},"potentialAction":[{"@type":"SearchAction","target":{"@type":"EntryPoint","urlTemplate":"https:\/\/carnitec.com\/lv\/?s={search_term_string}"},"query-input":"required name=search_term_string"}],"inLanguage":"lv-LV"},{"@type":"Organization","@id":"https:\/\/carnitec.com\/lv\/#organization","name":"Carnitec - food processing equipment","url":"https:\/\/carnitec.com\/lv\/","sameAs":["https:\/\/www.instagram.com\/carnitec\/?hl=en","https:\/\/www.linkedin.com\/company\/carnitec-ltd\/","https:\/\/www.youtube.com\/channel\/UCwfiuJujkF2QxPPZAqB0T2w","https:\/\/facebook.com\/carnitec1","https:\/\/twitter.com\/carnitec_"],"logo":{"@type":"ImageObject","inLanguage":"lv-LV","@id":"https:\/\/carnitec.com\/lv\/#\/schema\/logo\/image\/","url":"http:\/\/carnitec.com\/wp-content\/uploads\/2018\/01\/carnitec_logo_2018.png","contentUrl":"http:\/\/carnitec.com\/wp-content\/uploads\/2018\/01\/carnitec_logo_2018.png","width":180,"height":50,"caption":"Carnitec - food processing equipment"},"image":{"@id":"https:\/\/carnitec.com\/lv\/#\/schema\/logo\/image\/"}}]}},"_links":{"self":[{"href":"https:\/\/carnitec.com\/lv\/wp-json\/wp\/v2\/product\/12620"}],"collection":[{"href":"https:\/\/carnitec.com\/lv\/wp-json\/wp\/v2\/product"}],"about":[{"href":"https:\/\/carnitec.com\/lv\/wp-json\/wp\/v2\/types\/product"}],"wp:featuredmedia":[{"embeddable":true,"href":"https:\/\/carnitec.com\/lv\/wp-json\/wp\/v2\/media\/12638"}],"wp:attachment":[{"href":"https:\/\/carnitec.com\/lv\/wp-json\/wp\/v2\/media?parent=12620"}],"wp:term":[{"taxonomy":"product_cat","embeddable":true,"href":"https:\/\/carnitec.com\/lv\/wp-json\/wp\/v2\/product_cat?post=12620"},{"taxonomy":"product_tag","embeddable":true,"href":"https:\/\/carnitec.com\/lv\/wp-json\/wp\/v2\/product_tag?post=12620"}],"curies":[{"name":"wp","href":"https:\/\/api.w.org\/{rel}","templated":true}]}}