{"id":12612,"date":"2015-08-23T12:57:38","date_gmt":"2017-07-31T08:37:11","guid":{"rendered":"http:\/\/staging1.carnitec.com\/lv\/?post_type=product&#038;p=12612"},"modified":"2017-07-31T10:42:14","modified_gmt":"2017-07-31T08:42:14","slug":"nerusejosa-terauda-pretvandalisma-mazgasanas-galds-bsau-02","status":"publish","type":"product","link":"https:\/\/carnitec.com\/lv\/products\/nerusejosa-terauda-pretvandalisma-mazgasanas-galds-bsau-02\/","title":{"rendered":"Ner\u016bs\u0113jo\u0161a t\u0113rauda pretvand\u0101lisma mazg\u0101\u0161anas galds CRT 02"},"content":{"rendered":"<h2>Ner\u016bs\u0113jo\u0161a t\u0113rauda pretvand\u0101lisma mazg\u0101\u0161anas galds CRT 02<\/h2>\n<p>Ner\u016bs\u0113jo\u0161a t\u0113rauda pretvand\u0101lisma mazg\u0101\u0161anas galds CRT 02 ir pretvand\u0101lisma izlietne, kas galvenok\u0101rt paredz\u0113ta uzst\u0101d\u012b\u0161anai labo\u0161anas iest\u0101d\u0113s un visur, kur nepiecie\u0161ami augsti higi\u0113nas iek\u0101rtu dro\u0161\u012bbas standarti (piem\u0113ram, degvielas uzpildes stacij\u0101s).<\/p>\n<p><strong>BSAU 02 galven\u0101s priek\u0161roc\u012bbas:<\/strong><br \/>\nvisas deta\u013cas izvietotas zem ner\u016bs\u0113jo\u0161a t\u0113rauda korpusa (tai skait\u0101 sifons un \u016bdens ieeja);<br \/>\n\u016bdens izejas ier\u012bce ir bl\u012bva ner\u016bs\u0113jo\u0161\u0101 t\u0113rauda caurule, kuru nav iesp\u0113jams saliekt vai salauzt ar parastiem instrumentiem;<br \/>\n\u016bdens pat\u0113ri\u0146u regul\u0113 elektronisk\u0101 vad\u012bbas sist\u0113ma. Pretvand\u0101lisma pogas nospie\u0161ana izsniegs iepriek\u0161 noteiktu \u016bdens daudzumu.<br \/>\nPretvand\u0101lisma poga tikai nodod sign\u0101lus \u016bdens padevei, t\u0101p\u0113c \u016bdens pl\u016bsma apst\u0101jas, tikl\u012bdz izt\u0113r\u0113ts noteiktais daudzums, pat ja poga tiek tur\u0113ta nospiesta.<\/p>\n<p>BSAU 02 tika projekt\u0113ts t\u0101, lai lietot\u0101ji labo\u0161anas iest\u0101d\u0113s nevar\u0113tu nodar\u012bt sev t\u012b\u0161u kait\u0113jumu.<br \/>\nPretvand\u0101lisma izlietne ir izgatavota no 2 mm biezas ner\u016bs\u0113jo\u0161a t\u0113rauda loksnes un ir iztur\u012bga pret t\u012b\u0161iem boj\u0101jumiem. Izlietnei ir smil\u0161str\u016bklas apdare. Elektronisk\u0101 sist\u0113ma str\u0101d\u0101 ar 12 V, 50 Hz no baro\u0161anas bloka ZAC 1\/20.<br \/>\nStandarta MBSAU 02 versija ietver savienojumu ar iepriek\u0161 sajauktu \u016bdeni. Iesp\u0113jams pas\u016bt\u012bt da\u017e\u0101dus izm\u0113rus un papildus aksesu\u0101rus.<\/p>\n<p><strong><br \/>\nTEHNISKAIS RAKSTUROJUMS<\/strong><br \/>\n\u016adens ieeja: G 1\/2&#8243;<br \/>\n\u016adens spiediens: 1 &#8211; 10 b\u0101ri<br \/>\n\u016adens izeja: d = 40 mm<br \/>\nBaro\u0161anas spriegums: 12 V, 50 Hz<br \/>\nPat\u0113r\u0113jam\u0101 jauda: 6 W<br \/>\nBaro\u0161anas bloks: MBZAC 1\/20 (maks. 3 x MBBSAU 02)<br \/>\nMBZAC 1\/50 (maks. 8 x MBBSAU 02)<br \/>\nBateriju darb\u012bbas laiks: 100 noskalojumi diennakt\u012b \u2014 aptuveni 1,5 gadu<br \/>\nSvars: 11,0 kg<br \/>\nMinim\u0101lais \u016bdens pat\u0113ri\u0146\u0161: 12 l \/ min\u016bt\u0113<br \/>\nIzm\u0113ri: 600 x 435 x 460 mm<br \/>\nIzlietnes diametrs: vid\u0113ji 370 mm<br \/>\nElektroaizsardz\u012bba: IP 55<br \/>\nNoteiktais \u016bdens pat\u0113ri\u0146a laiks: 1 \u2014 250 sekundes ar 1 sekundes interv\u0101lu<\/p>\n<p><a href=\"http:\/\/carnitec.com\/wp-content\/uploads\/2017\/07\/BSAU_02_shema.jpg\" data-rel=\"lightbox-image-0\" data-rl_title=\"\" data-rl_caption=\"\" title=\"\"><img class=\"alignnone size-medium wp-image-12616\" src=\"http:\/\/carnitec.com\/wp-content\/uploads\/2017\/07\/BSAU_02_shema-272x300.jpg\" alt=\"\" width=\"272\" height=\"300\" \/><\/a><\/p>\n","protected":false},"excerpt":{"rendered":"<p>Ner\u016bs\u0113jo\u0161a t\u0113rauda pretvand\u0101lisma mazg\u0101\u0161anas galds CRT 02 ir pretvand\u0101lisma izlietne, kas galvenok\u0101rt paredz\u0113ta uzst\u0101d\u012b\u0161anai labo\u0161anas iest\u0101d\u0113s un visur, kur nepiecie\u0161ami augsti higi\u0113nas iek\u0101rtu dro\u0161\u012bbas standarti (piem\u0113ram, degvielas uzpildes stacij\u0101s).<\/p>\n","protected":false},"featured_media":6380,"template":"","meta":{"content-type":"","_monsterinsights_skip_tracking":false,"_monsterinsights_sitenote_active":false,"_monsterinsights_sitenote_note":"","_monsterinsights_sitenote_category":0},"product_cat":[],"product_tag":[],"yoast_head":"<!-- This site is optimized with the Yoast SEO plugin v19.5.1 - https:\/\/yoast.com\/wordpress\/plugins\/seo\/ -->\n<title>Ner\u016bs\u0113jo\u0161a t\u0113rauda pretvand\u0101lisma mazg\u0101\u0161anas galds CRT 02 - Carnitec<\/title>\n<meta name=\"description\" content=\"Ner\u016bs\u0113jo\u0161a t\u0113rauda pretvand\u0101lisma mazg\u0101\u0161anas galds CRT 02, kas paredz\u0113ta uzst\u0101d\u012b\u0161anai labo\u0161anas iest\u0101d\u0113s, visas deta\u013cas izvietotas zem ner\u016bs\u0113jo\u0161a t\u0113rauda.\" \/>\n<meta name=\"robots\" content=\"index, follow, max-snippet:-1, max-image-preview:large, max-video-preview:-1\" \/>\n<link rel=\"canonical\" href=\"https:\/\/carnitec.com\/lv\/products\/nerusejosa-terauda-pretvandalisma-mazgasanas-galds-bsau-02\/\" \/>\n<meta property=\"og:locale\" content=\"lv_LV\" \/>\n<meta property=\"og:type\" content=\"article\" \/>\n<meta property=\"og:title\" content=\"Ner\u016bs\u0113jo\u0161a t\u0113rauda pretvand\u0101lisma mazg\u0101\u0161anas galds CRT 02 - Carnitec\" \/>\n<meta property=\"og:description\" content=\"Ner\u016bs\u0113jo\u0161a t\u0113rauda pretvand\u0101lisma mazg\u0101\u0161anas galds CRT 02, kas paredz\u0113ta uzst\u0101d\u012b\u0161anai labo\u0161anas iest\u0101d\u0113s, visas deta\u013cas izvietotas zem ner\u016bs\u0113jo\u0161a t\u0113rauda.\" \/>\n<meta property=\"og:url\" content=\"https:\/\/carnitec.com\/lv\/products\/nerusejosa-terauda-pretvandalisma-mazgasanas-galds-bsau-02\/\" \/>\n<meta property=\"og:site_name\" content=\"Carnitec\" \/>\n<meta property=\"article:publisher\" content=\"https:\/\/facebook.com\/carnitec1\" \/>\n<meta property=\"article:modified_time\" content=\"2017-07-31T08:42:14+00:00\" \/>\n<meta property=\"og:image\" content=\"https:\/\/carnitec.com\/wp-content\/uploads\/2016\/02\/bsau02.jpg\" \/>\n\t<meta property=\"og:image:width\" content=\"282\" \/>\n\t<meta property=\"og:image:height\" content=\"340\" \/>\n\t<meta property=\"og:image:type\" content=\"image\/jpeg\" \/>\n<meta name=\"twitter:card\" content=\"summary\" \/>\n<meta name=\"twitter:site\" content=\"@carnitec_\" \/>\n<meta name=\"twitter:label1\" content=\"Est. reading time\" \/>\n\t<meta name=\"twitter:data1\" content=\"2 min\u016btes\" \/>\n<script type=\"application\/ld+json\" class=\"yoast-schema-graph\">{\"@context\":\"https:\/\/schema.org\",\"@graph\":[{\"@type\":\"WebPage\",\"@id\":\"https:\/\/carnitec.com\/lv\/products\/nerusejosa-terauda-pretvandalisma-mazgasanas-galds-bsau-02\/\",\"url\":\"https:\/\/carnitec.com\/lv\/products\/nerusejosa-terauda-pretvandalisma-mazgasanas-galds-bsau-02\/\",\"name\":\"Ner\u016bs\u0113jo\u0161a t\u0113rauda pretvand\u0101lisma mazg\u0101\u0161anas galds CRT 02 - Carnitec\",\"isPartOf\":{\"@id\":\"https:\/\/carnitec.com\/lv\/#website\"},\"datePublished\":\"2017-07-31T08:37:11+00:00\",\"dateModified\":\"2017-07-31T08:42:14+00:00\",\"description\":\"Ner\u016bs\u0113jo\u0161a t\u0113rauda pretvand\u0101lisma mazg\u0101\u0161anas galds CRT 02, kas paredz\u0113ta uzst\u0101d\u012b\u0161anai labo\u0161anas iest\u0101d\u0113s, visas deta\u013cas izvietotas zem ner\u016bs\u0113jo\u0161a t\u0113rauda.\",\"breadcrumb\":{\"@id\":\"https:\/\/carnitec.com\/lv\/products\/nerusejosa-terauda-pretvandalisma-mazgasanas-galds-bsau-02\/#breadcrumb\"},\"inLanguage\":\"lv-LV\",\"potentialAction\":[{\"@type\":\"ReadAction\",\"target\":[\"https:\/\/carnitec.com\/lv\/products\/nerusejosa-terauda-pretvandalisma-mazgasanas-galds-bsau-02\/\"]}]},{\"@type\":\"BreadcrumbList\",\"@id\":\"https:\/\/carnitec.com\/lv\/products\/nerusejosa-terauda-pretvandalisma-mazgasanas-galds-bsau-02\/#breadcrumb\",\"itemListElement\":[{\"@type\":\"ListItem\",\"position\":1,\"name\":\"\u0413\u043b\u0430\u0432\u043d\u0430\u044f \u0441\u0442\u0440\u0430\u043d\u0438\u0446\u0430\",\"item\":\"https:\/\/carnitec.com\/lv\/\"},{\"@type\":\"ListItem\",\"position\":2,\"name\":\"\u0422\u043e\u0432\u0430\u0440\u044b\",\"item\":\"https:\/\/carnitec.com\/shop\/\"},{\"@type\":\"ListItem\",\"position\":3,\"name\":\"Ner\u016bs\u0113jo\u0161a t\u0113rauda pretvand\u0101lisma mazg\u0101\u0161anas galds CRT 02\"}]},{\"@type\":\"WebSite\",\"@id\":\"https:\/\/carnitec.com\/lv\/#website\",\"url\":\"https:\/\/carnitec.com\/lv\/\",\"name\":\"Carnitec\",\"description\":\"P\u0101rtikas r\u016bpniec\u012bbas iek\u0101rtas\",\"publisher\":{\"@id\":\"https:\/\/carnitec.com\/lv\/#organization\"},\"potentialAction\":[{\"@type\":\"SearchAction\",\"target\":{\"@type\":\"EntryPoint\",\"urlTemplate\":\"https:\/\/carnitec.com\/lv\/?s={search_term_string}\"},\"query-input\":\"required name=search_term_string\"}],\"inLanguage\":\"lv-LV\"},{\"@type\":\"Organization\",\"@id\":\"https:\/\/carnitec.com\/lv\/#organization\",\"name\":\"Carnitec - food processing equipment\",\"url\":\"https:\/\/carnitec.com\/lv\/\",\"sameAs\":[\"https:\/\/www.instagram.com\/carnitec\/?hl=en\",\"https:\/\/www.linkedin.com\/company\/carnitec-ltd\/\",\"https:\/\/www.youtube.com\/channel\/UCwfiuJujkF2QxPPZAqB0T2w\",\"https:\/\/facebook.com\/carnitec1\",\"https:\/\/twitter.com\/carnitec_\"],\"logo\":{\"@type\":\"ImageObject\",\"inLanguage\":\"lv-LV\",\"@id\":\"https:\/\/carnitec.com\/lv\/#\/schema\/logo\/image\/\",\"url\":\"http:\/\/carnitec.com\/wp-content\/uploads\/2018\/01\/carnitec_logo_2018.png\",\"contentUrl\":\"http:\/\/carnitec.com\/wp-content\/uploads\/2018\/01\/carnitec_logo_2018.png\",\"width\":180,\"height\":50,\"caption\":\"Carnitec - food processing equipment\"},\"image\":{\"@id\":\"https:\/\/carnitec.com\/lv\/#\/schema\/logo\/image\/\"}}]}<\/script>\n<!-- \/ Yoast SEO plugin. -->","yoast_head_json":{"title":"Ner\u016bs\u0113jo\u0161a t\u0113rauda pretvand\u0101lisma mazg\u0101\u0161anas galds CRT 02 - Carnitec","description":"Ner\u016bs\u0113jo\u0161a t\u0113rauda pretvand\u0101lisma mazg\u0101\u0161anas galds CRT 02, kas paredz\u0113ta uzst\u0101d\u012b\u0161anai labo\u0161anas iest\u0101d\u0113s, visas deta\u013cas izvietotas zem ner\u016bs\u0113jo\u0161a t\u0113rauda.","robots":{"index":"index","follow":"follow","max-snippet":"max-snippet:-1","max-image-preview":"max-image-preview:large","max-video-preview":"max-video-preview:-1"},"canonical":"https:\/\/carnitec.com\/lv\/products\/nerusejosa-terauda-pretvandalisma-mazgasanas-galds-bsau-02\/","og_locale":"lv_LV","og_type":"article","og_title":"Ner\u016bs\u0113jo\u0161a t\u0113rauda pretvand\u0101lisma mazg\u0101\u0161anas galds CRT 02 - Carnitec","og_description":"Ner\u016bs\u0113jo\u0161a t\u0113rauda pretvand\u0101lisma mazg\u0101\u0161anas galds CRT 02, kas paredz\u0113ta uzst\u0101d\u012b\u0161anai labo\u0161anas iest\u0101d\u0113s, visas deta\u013cas izvietotas zem ner\u016bs\u0113jo\u0161a t\u0113rauda.","og_url":"https:\/\/carnitec.com\/lv\/products\/nerusejosa-terauda-pretvandalisma-mazgasanas-galds-bsau-02\/","og_site_name":"Carnitec","article_publisher":"https:\/\/facebook.com\/carnitec1","article_modified_time":"2017-07-31T08:42:14+00:00","og_image":[{"width":282,"height":340,"url":"https:\/\/carnitec.com\/wp-content\/uploads\/2016\/02\/bsau02.jpg","type":"image\/jpeg"}],"twitter_card":"summary","twitter_site":"@carnitec_","twitter_misc":{"Est. reading time":"2 min\u016btes"},"schema":{"@context":"https:\/\/schema.org","@graph":[{"@type":"WebPage","@id":"https:\/\/carnitec.com\/lv\/products\/nerusejosa-terauda-pretvandalisma-mazgasanas-galds-bsau-02\/","url":"https:\/\/carnitec.com\/lv\/products\/nerusejosa-terauda-pretvandalisma-mazgasanas-galds-bsau-02\/","name":"Ner\u016bs\u0113jo\u0161a t\u0113rauda pretvand\u0101lisma mazg\u0101\u0161anas galds CRT 02 - Carnitec","isPartOf":{"@id":"https:\/\/carnitec.com\/lv\/#website"},"datePublished":"2017-07-31T08:37:11+00:00","dateModified":"2017-07-31T08:42:14+00:00","description":"Ner\u016bs\u0113jo\u0161a t\u0113rauda pretvand\u0101lisma mazg\u0101\u0161anas galds CRT 02, kas paredz\u0113ta uzst\u0101d\u012b\u0161anai labo\u0161anas iest\u0101d\u0113s, visas deta\u013cas izvietotas zem ner\u016bs\u0113jo\u0161a t\u0113rauda.","breadcrumb":{"@id":"https:\/\/carnitec.com\/lv\/products\/nerusejosa-terauda-pretvandalisma-mazgasanas-galds-bsau-02\/#breadcrumb"},"inLanguage":"lv-LV","potentialAction":[{"@type":"ReadAction","target":["https:\/\/carnitec.com\/lv\/products\/nerusejosa-terauda-pretvandalisma-mazgasanas-galds-bsau-02\/"]}]},{"@type":"BreadcrumbList","@id":"https:\/\/carnitec.com\/lv\/products\/nerusejosa-terauda-pretvandalisma-mazgasanas-galds-bsau-02\/#breadcrumb","itemListElement":[{"@type":"ListItem","position":1,"name":"\u0413\u043b\u0430\u0432\u043d\u0430\u044f \u0441\u0442\u0440\u0430\u043d\u0438\u0446\u0430","item":"https:\/\/carnitec.com\/lv\/"},{"@type":"ListItem","position":2,"name":"\u0422\u043e\u0432\u0430\u0440\u044b","item":"https:\/\/carnitec.com\/shop\/"},{"@type":"ListItem","position":3,"name":"Ner\u016bs\u0113jo\u0161a t\u0113rauda pretvand\u0101lisma mazg\u0101\u0161anas galds CRT 02"}]},{"@type":"WebSite","@id":"https:\/\/carnitec.com\/lv\/#website","url":"https:\/\/carnitec.com\/lv\/","name":"Carnitec","description":"P\u0101rtikas r\u016bpniec\u012bbas iek\u0101rtas","publisher":{"@id":"https:\/\/carnitec.com\/lv\/#organization"},"potentialAction":[{"@type":"SearchAction","target":{"@type":"EntryPoint","urlTemplate":"https:\/\/carnitec.com\/lv\/?s={search_term_string}"},"query-input":"required name=search_term_string"}],"inLanguage":"lv-LV"},{"@type":"Organization","@id":"https:\/\/carnitec.com\/lv\/#organization","name":"Carnitec - food processing equipment","url":"https:\/\/carnitec.com\/lv\/","sameAs":["https:\/\/www.instagram.com\/carnitec\/?hl=en","https:\/\/www.linkedin.com\/company\/carnitec-ltd\/","https:\/\/www.youtube.com\/channel\/UCwfiuJujkF2QxPPZAqB0T2w","https:\/\/facebook.com\/carnitec1","https:\/\/twitter.com\/carnitec_"],"logo":{"@type":"ImageObject","inLanguage":"lv-LV","@id":"https:\/\/carnitec.com\/lv\/#\/schema\/logo\/image\/","url":"http:\/\/carnitec.com\/wp-content\/uploads\/2018\/01\/carnitec_logo_2018.png","contentUrl":"http:\/\/carnitec.com\/wp-content\/uploads\/2018\/01\/carnitec_logo_2018.png","width":180,"height":50,"caption":"Carnitec - food processing equipment"},"image":{"@id":"https:\/\/carnitec.com\/lv\/#\/schema\/logo\/image\/"}}]}},"_links":{"self":[{"href":"https:\/\/carnitec.com\/lv\/wp-json\/wp\/v2\/product\/12612"}],"collection":[{"href":"https:\/\/carnitec.com\/lv\/wp-json\/wp\/v2\/product"}],"about":[{"href":"https:\/\/carnitec.com\/lv\/wp-json\/wp\/v2\/types\/product"}],"wp:featuredmedia":[{"embeddable":true,"href":"https:\/\/carnitec.com\/lv\/wp-json\/wp\/v2\/media\/6380"}],"wp:attachment":[{"href":"https:\/\/carnitec.com\/lv\/wp-json\/wp\/v2\/media?parent=12612"}],"wp:term":[{"taxonomy":"product_cat","embeddable":true,"href":"https:\/\/carnitec.com\/lv\/wp-json\/wp\/v2\/product_cat?post=12612"},{"taxonomy":"product_tag","embeddable":true,"href":"https:\/\/carnitec.com\/lv\/wp-json\/wp\/v2\/product_tag?post=12612"}],"curies":[{"name":"wp","href":"https:\/\/api.w.org\/{rel}","templated":true}]}}