{"id":12496,"date":"2017-07-20T22:45:37","date_gmt":"2017-07-21T17:29:55","guid":{"rendered":"http:\/\/staging1.carnitec.com\/lv\/?post_type=product&#038;p=12496"},"modified":"2017-07-22T21:10:54","modified_gmt":"2017-07-22T19:10:54","slug":"desu-apvalku-hermetizacija-thermo-fix","status":"publish","type":"product","link":"https:\/\/carnitec.com\/lv\/products\/desu-apvalku-hermetizacija-thermo-fix\/","title":{"rendered":"Desu apvalku hermetiz\u0101cija Thermo-Fix"},"content":{"rendered":"<h2>Desu apvalku hermetiz\u0101cija Thermo-Fix<\/h2>\n<p>Desu apvalku hermetiz\u0101cija Thermo-Fix iek\u0101rta no v\u0101cijas kompanijas HEINRICH GMBH \u2013<br \/>\nvienk\u0101r\u0161a izmanto\u0161an\u0101, elast\u012bga, augstas kvalit\u0101tes elektroniska ier\u012bce, c\u016bkas, aitas un kolag\u0113na apvalku hermetiz\u0101cijai.<br \/>\nTagadn\u0113 j\u016bs aizspie\u017eat vai aizsienat desas &#8211; proced\u016bra, kura nogurdina, darbietilp\u012bga un sare\u017e\u0123\u012bta.<br \/>\nS\u0101kum\u0101 ir j\u0101uzst\u0101da klipus vai mezglo, bet p\u0113c tam no\u0146emt.<br \/>\nK\u0101p\u0113c nenov\u0113rst \u0161o soli ra\u017eo\u0161anas proces\u0101 un ietaup\u012bt daudz laika k\u0101 ar\u012b desas apvalku, izmantojot Thermo &#8211; Fix?<br \/>\nDesas beigas vienk\u0101r\u0161i novietojas Thermo &#8211; Fix, un l\u0101zers autom\u0101tiski palai\u017e hermetiz\u0101cijas proced\u016bru.<br \/>\nM\u016bs\u0113ja mobila ier\u012bce ne tikai ir adapt\u0113jama pie j\u016bsu konkr\u0113tiem bizness situ\u0101cij\u0101m, bet ar\u012b piln\u012bb\u0101 tiek gal\u0101 ar korpusu jebk\u0101diem tipiem, kurus j\u016bs izmantojat.<\/p>\n<p>Katrs apvalks at\u0161\u0137iras pa kvalit\u0101ti, kalibram, strukt\u016brai un atkar\u012bgs no mitrin\u0101\u0161anas veida, kas maina t\u0101s staip\u012bgu. Attiec\u012bb\u0101 uz da\u017e\u0101du citu iek\u0101rtu &#8211; tas var rad\u012bt probl\u0113mas, bet ne Thermo-Fix! Pateicoties programm\u0113jamajai elektroniskajai p\u0101rvaldei gan pa laiku, gan pa temperat\u016bru, Thermo &#8211; Fix regul\u0113jas jebk\u0101dam apvalka tipam. Herm\u0113ti\u0137a z\u012bmes vieta garant\u0113 uzticamu aizlod\u0113jumu.<\/p>\n<p><a href=\"http:\/\/carnitec.com\/wp-content\/uploads\/2017\/07\/Collage_Fotor_erukshhaduch.jpg\" data-rel=\"lightbox-image-0\" data-rl_title=\"\" data-rl_caption=\"\" title=\"\"><img class=\"alignnone size-medium wp-image-12472\" src=\"http:\/\/carnitec.com\/wp-content\/uploads\/2017\/07\/Collage_Fotor_erukshhaduch-300x169.jpg\" alt=\"\" width=\"300\" height=\"169\" \/><\/a><\/p>\n","protected":false},"excerpt":{"rendered":"<p>Desu apvalku hermetiz\u0101cija Thermo-Fix iek\u0101rta no v\u0101cijas kompanijas HEINRICH GMBH \u2013<br \/>\nvienk\u0101r\u0161a izmanto\u0161an\u0101, elast\u012bga, augstas kvalit\u0101tes elektroniska ier\u012bce, c\u016bkas, aitas un kolag\u0113na apvalku hermetiz\u0101cijai.<\/p>\n","protected":false},"featured_media":46009,"template":"","meta":{"content-type":"","_monsterinsights_skip_tracking":false,"_monsterinsights_sitenote_active":false,"_monsterinsights_sitenote_note":"","_monsterinsights_sitenote_category":0},"product_cat":[1577,1149],"product_tag":[],"yoast_head":"<!-- This site is optimized with the Yoast SEO plugin v19.5.1 - https:\/\/yoast.com\/wordpress\/plugins\/seo\/ -->\n<title>Desu apvalku hermetiz\u0101cija Thermo-Fix - Carnitec<\/title>\n<meta name=\"description\" content=\"Desu apvalku hermetiz\u0101cija Thermo-Fix iek\u0101rta augstas kvalit\u0101tes elektroniska ier\u012bce, c\u016bkas, aitas un kolag\u0113na apvalku hermetiz\u0101cijai.\" \/>\n<meta name=\"robots\" content=\"index, follow, max-snippet:-1, max-image-preview:large, max-video-preview:-1\" \/>\n<link rel=\"canonical\" href=\"https:\/\/carnitec.com\/lv\/products\/desu-apvalku-hermetizacija-thermo-fix\/\" \/>\n<meta property=\"og:locale\" content=\"lv_LV\" \/>\n<meta property=\"og:type\" content=\"article\" \/>\n<meta property=\"og:title\" content=\"Desu apvalku hermetiz\u0101cija Thermo-Fix - Carnitec\" \/>\n<meta property=\"og:description\" content=\"Desu apvalku hermetiz\u0101cija Thermo-Fix iek\u0101rta augstas kvalit\u0101tes elektroniska ier\u012bce, c\u016bkas, aitas un kolag\u0113na apvalku hermetiz\u0101cijai.\" \/>\n<meta property=\"og:url\" content=\"https:\/\/carnitec.com\/lv\/products\/desu-apvalku-hermetizacija-thermo-fix\/\" \/>\n<meta property=\"og:site_name\" content=\"Carnitec\" \/>\n<meta property=\"article:publisher\" content=\"https:\/\/facebook.com\/carnitec1\" \/>\n<meta property=\"article:modified_time\" content=\"2017-07-22T19:10:54+00:00\" \/>\n<meta property=\"og:image\" content=\"https:\/\/carnitec.com\/wp-content\/uploads\/2017\/07\/thermofix-1.jpg\" \/>\n\t<meta property=\"og:image:width\" content=\"600\" \/>\n\t<meta property=\"og:image:height\" content=\"600\" \/>\n\t<meta property=\"og:image:type\" content=\"image\/jpeg\" \/>\n<meta name=\"twitter:card\" content=\"summary\" \/>\n<meta name=\"twitter:site\" content=\"@carnitec_\" \/>\n<meta name=\"twitter:label1\" content=\"Est. reading time\" \/>\n\t<meta name=\"twitter:data1\" content=\"1 min\u016b\u0161u\" \/>\n<script type=\"application\/ld+json\" class=\"yoast-schema-graph\">{\"@context\":\"https:\/\/schema.org\",\"@graph\":[{\"@type\":\"WebPage\",\"@id\":\"https:\/\/carnitec.com\/lv\/products\/desu-apvalku-hermetizacija-thermo-fix\/\",\"url\":\"https:\/\/carnitec.com\/lv\/products\/desu-apvalku-hermetizacija-thermo-fix\/\",\"name\":\"Desu apvalku hermetiz\u0101cija Thermo-Fix - Carnitec\",\"isPartOf\":{\"@id\":\"https:\/\/carnitec.com\/lv\/#website\"},\"datePublished\":\"2017-07-21T17:29:55+00:00\",\"dateModified\":\"2017-07-22T19:10:54+00:00\",\"description\":\"Desu apvalku hermetiz\u0101cija Thermo-Fix iek\u0101rta augstas kvalit\u0101tes elektroniska ier\u012bce, c\u016bkas, aitas un kolag\u0113na apvalku hermetiz\u0101cijai.\",\"breadcrumb\":{\"@id\":\"https:\/\/carnitec.com\/lv\/products\/desu-apvalku-hermetizacija-thermo-fix\/#breadcrumb\"},\"inLanguage\":\"lv-LV\",\"potentialAction\":[{\"@type\":\"ReadAction\",\"target\":[\"https:\/\/carnitec.com\/lv\/products\/desu-apvalku-hermetizacija-thermo-fix\/\"]}]},{\"@type\":\"BreadcrumbList\",\"@id\":\"https:\/\/carnitec.com\/lv\/products\/desu-apvalku-hermetizacija-thermo-fix\/#breadcrumb\",\"itemListElement\":[{\"@type\":\"ListItem\",\"position\":1,\"name\":\"\u0413\u043b\u0430\u0432\u043d\u0430\u044f \u0441\u0442\u0440\u0430\u043d\u0438\u0446\u0430\",\"item\":\"https:\/\/carnitec.com\/lv\/\"},{\"@type\":\"ListItem\",\"position\":2,\"name\":\"\u0422\u043e\u0432\u0430\u0440\u044b\",\"item\":\"https:\/\/carnitec.com\/shop\/\"},{\"@type\":\"ListItem\",\"position\":3,\"name\":\"Desu apvalku hermetiz\u0101cija Thermo-Fix\"}]},{\"@type\":\"WebSite\",\"@id\":\"https:\/\/carnitec.com\/lv\/#website\",\"url\":\"https:\/\/carnitec.com\/lv\/\",\"name\":\"Carnitec\",\"description\":\"P\u0101rtikas r\u016bpniec\u012bbas iek\u0101rtas\",\"publisher\":{\"@id\":\"https:\/\/carnitec.com\/lv\/#organization\"},\"potentialAction\":[{\"@type\":\"SearchAction\",\"target\":{\"@type\":\"EntryPoint\",\"urlTemplate\":\"https:\/\/carnitec.com\/lv\/?s={search_term_string}\"},\"query-input\":\"required name=search_term_string\"}],\"inLanguage\":\"lv-LV\"},{\"@type\":\"Organization\",\"@id\":\"https:\/\/carnitec.com\/lv\/#organization\",\"name\":\"Carnitec - food processing equipment\",\"url\":\"https:\/\/carnitec.com\/lv\/\",\"sameAs\":[\"https:\/\/www.instagram.com\/carnitec\/?hl=en\",\"https:\/\/www.linkedin.com\/company\/carnitec-ltd\/\",\"https:\/\/www.youtube.com\/channel\/UCwfiuJujkF2QxPPZAqB0T2w\",\"https:\/\/facebook.com\/carnitec1\",\"https:\/\/twitter.com\/carnitec_\"],\"logo\":{\"@type\":\"ImageObject\",\"inLanguage\":\"lv-LV\",\"@id\":\"https:\/\/carnitec.com\/lv\/#\/schema\/logo\/image\/\",\"url\":\"http:\/\/carnitec.com\/wp-content\/uploads\/2018\/01\/carnitec_logo_2018.png\",\"contentUrl\":\"http:\/\/carnitec.com\/wp-content\/uploads\/2018\/01\/carnitec_logo_2018.png\",\"width\":180,\"height\":50,\"caption\":\"Carnitec - food processing equipment\"},\"image\":{\"@id\":\"https:\/\/carnitec.com\/lv\/#\/schema\/logo\/image\/\"}}]}<\/script>\n<!-- \/ Yoast SEO plugin. -->","yoast_head_json":{"title":"Desu apvalku hermetiz\u0101cija Thermo-Fix - Carnitec","description":"Desu apvalku hermetiz\u0101cija Thermo-Fix iek\u0101rta augstas kvalit\u0101tes elektroniska ier\u012bce, c\u016bkas, aitas un kolag\u0113na apvalku hermetiz\u0101cijai.","robots":{"index":"index","follow":"follow","max-snippet":"max-snippet:-1","max-image-preview":"max-image-preview:large","max-video-preview":"max-video-preview:-1"},"canonical":"https:\/\/carnitec.com\/lv\/products\/desu-apvalku-hermetizacija-thermo-fix\/","og_locale":"lv_LV","og_type":"article","og_title":"Desu apvalku hermetiz\u0101cija Thermo-Fix - Carnitec","og_description":"Desu apvalku hermetiz\u0101cija Thermo-Fix iek\u0101rta augstas kvalit\u0101tes elektroniska ier\u012bce, c\u016bkas, aitas un kolag\u0113na apvalku hermetiz\u0101cijai.","og_url":"https:\/\/carnitec.com\/lv\/products\/desu-apvalku-hermetizacija-thermo-fix\/","og_site_name":"Carnitec","article_publisher":"https:\/\/facebook.com\/carnitec1","article_modified_time":"2017-07-22T19:10:54+00:00","og_image":[{"width":600,"height":600,"url":"https:\/\/carnitec.com\/wp-content\/uploads\/2017\/07\/thermofix-1.jpg","type":"image\/jpeg"}],"twitter_card":"summary","twitter_site":"@carnitec_","twitter_misc":{"Est. reading time":"1 min\u016b\u0161u"},"schema":{"@context":"https:\/\/schema.org","@graph":[{"@type":"WebPage","@id":"https:\/\/carnitec.com\/lv\/products\/desu-apvalku-hermetizacija-thermo-fix\/","url":"https:\/\/carnitec.com\/lv\/products\/desu-apvalku-hermetizacija-thermo-fix\/","name":"Desu apvalku hermetiz\u0101cija Thermo-Fix - Carnitec","isPartOf":{"@id":"https:\/\/carnitec.com\/lv\/#website"},"datePublished":"2017-07-21T17:29:55+00:00","dateModified":"2017-07-22T19:10:54+00:00","description":"Desu apvalku hermetiz\u0101cija Thermo-Fix iek\u0101rta augstas kvalit\u0101tes elektroniska ier\u012bce, c\u016bkas, aitas un kolag\u0113na apvalku hermetiz\u0101cijai.","breadcrumb":{"@id":"https:\/\/carnitec.com\/lv\/products\/desu-apvalku-hermetizacija-thermo-fix\/#breadcrumb"},"inLanguage":"lv-LV","potentialAction":[{"@type":"ReadAction","target":["https:\/\/carnitec.com\/lv\/products\/desu-apvalku-hermetizacija-thermo-fix\/"]}]},{"@type":"BreadcrumbList","@id":"https:\/\/carnitec.com\/lv\/products\/desu-apvalku-hermetizacija-thermo-fix\/#breadcrumb","itemListElement":[{"@type":"ListItem","position":1,"name":"\u0413\u043b\u0430\u0432\u043d\u0430\u044f \u0441\u0442\u0440\u0430\u043d\u0438\u0446\u0430","item":"https:\/\/carnitec.com\/lv\/"},{"@type":"ListItem","position":2,"name":"\u0422\u043e\u0432\u0430\u0440\u044b","item":"https:\/\/carnitec.com\/shop\/"},{"@type":"ListItem","position":3,"name":"Desu apvalku hermetiz\u0101cija Thermo-Fix"}]},{"@type":"WebSite","@id":"https:\/\/carnitec.com\/lv\/#website","url":"https:\/\/carnitec.com\/lv\/","name":"Carnitec","description":"P\u0101rtikas r\u016bpniec\u012bbas iek\u0101rtas","publisher":{"@id":"https:\/\/carnitec.com\/lv\/#organization"},"potentialAction":[{"@type":"SearchAction","target":{"@type":"EntryPoint","urlTemplate":"https:\/\/carnitec.com\/lv\/?s={search_term_string}"},"query-input":"required name=search_term_string"}],"inLanguage":"lv-LV"},{"@type":"Organization","@id":"https:\/\/carnitec.com\/lv\/#organization","name":"Carnitec - food processing equipment","url":"https:\/\/carnitec.com\/lv\/","sameAs":["https:\/\/www.instagram.com\/carnitec\/?hl=en","https:\/\/www.linkedin.com\/company\/carnitec-ltd\/","https:\/\/www.youtube.com\/channel\/UCwfiuJujkF2QxPPZAqB0T2w","https:\/\/facebook.com\/carnitec1","https:\/\/twitter.com\/carnitec_"],"logo":{"@type":"ImageObject","inLanguage":"lv-LV","@id":"https:\/\/carnitec.com\/lv\/#\/schema\/logo\/image\/","url":"http:\/\/carnitec.com\/wp-content\/uploads\/2018\/01\/carnitec_logo_2018.png","contentUrl":"http:\/\/carnitec.com\/wp-content\/uploads\/2018\/01\/carnitec_logo_2018.png","width":180,"height":50,"caption":"Carnitec - food processing equipment"},"image":{"@id":"https:\/\/carnitec.com\/lv\/#\/schema\/logo\/image\/"}}]}},"_links":{"self":[{"href":"https:\/\/carnitec.com\/lv\/wp-json\/wp\/v2\/product\/12496"}],"collection":[{"href":"https:\/\/carnitec.com\/lv\/wp-json\/wp\/v2\/product"}],"about":[{"href":"https:\/\/carnitec.com\/lv\/wp-json\/wp\/v2\/types\/product"}],"wp:featuredmedia":[{"embeddable":true,"href":"https:\/\/carnitec.com\/lv\/wp-json\/wp\/v2\/media\/46009"}],"wp:attachment":[{"href":"https:\/\/carnitec.com\/lv\/wp-json\/wp\/v2\/media?parent=12496"}],"wp:term":[{"taxonomy":"product_cat","embeddable":true,"href":"https:\/\/carnitec.com\/lv\/wp-json\/wp\/v2\/product_cat?post=12496"},{"taxonomy":"product_tag","embeddable":true,"href":"https:\/\/carnitec.com\/lv\/wp-json\/wp\/v2\/product_tag?post=12496"}],"curies":[{"name":"wp","href":"https:\/\/api.w.org\/{rel}","templated":true}]}}