{"id":12367,"date":"2017-07-16T14:22:09","date_gmt":"2017-07-16T13:15:08","guid":{"rendered":"http:\/\/staging1.carnitec.com\/lv\/?post_type=product&#038;p=12367"},"modified":"2017-07-16T15:15:08","modified_gmt":"2017-07-16T13:15:08","slug":"sasaldetu-bloku-griesanas-masina","status":"publish","type":"product","link":"https:\/\/carnitec.com\/lv\/products\/sasaldetu-bloku-griesanas-masina\/","title":{"rendered":"Sasald\u0113tu bloku grie\u0161anas ma\u0161\u012bna Shredder-DBC-500 Castellvall"},"content":{"rendered":"<h2>Sasald\u0113tu bloku grie\u0161anas ma\u0161\u012bna Shredder-DBC-500 Castellvall<\/h2>\n<p>Sasald\u0113tu bloku grie\u0161anas ma\u0161\u012bna Shredder-DBC-500 &#8211; Lieljaudas konstrukcija izgatavota no ner\u016bs\u0113jo\u0161\u0101 t\u0113rauda AISI-304.<br \/>\nSasald\u0113tu bloku smalcin\u0101t\u0101js izgatavots saska\u0146\u0101 ar Eiropas Direkt\u012bvu 2006\/42 \/ CE.<br \/>\nParedz\u0113ta ga\u013cu bloku vai aizsald\u0113to bloku sadrupin\u0101\u0161anai ar biezumu 3 \u0441\u043c. Var b\u016bt savienots ar nep\u0101rtrauktu padodo\u0161u meh\u0101nismu.<\/p>\n<p><strong>\u0422\u0435\u0445\u043d\u0438\u0447\u0435\u0441\u043a\u0438\u0435 \u0434\u0435\u0442\u0430\u043b\u0438<\/strong><\/p>\n<table width=\"100%\">\n<tbody>\n<tr>\n<td><strong>\u00a0Gabar\u012btizm\u0113ri (AxBxH) mm<\/strong><\/td>\n<td>1135x1060x1800<\/td>\n<\/tr>\n<tr>\n<td><strong>Jauda<\/strong><\/td>\n<td>7,5 Kw<\/td>\n<\/tr>\n<tr>\n<td><strong>Elektrisk\u0101 avots<\/strong><\/td>\n<td>380 V<\/td>\n<\/tr>\n<tr>\n<td><strong>Sasmalcin\u0101\u0161anas \u0101trums<\/strong><\/td>\n<td>Nep\u0101rtraukti<\/td>\n<\/tr>\n<tr>\n<td><strong>Atv\u0113rta konstrukcija vieglai t\u012br\u012b\u0161anai<\/strong><\/td>\n<td>J\u0101<\/td>\n<\/tr>\n<tr>\n<td><strong>Bloka izm\u0113rs<\/strong><\/td>\n<td>600x200mm<\/td>\n<\/tr>\n<tr>\n<td><strong>Ra\u017eo\u0161ana<\/strong><\/td>\n<td>l\u012bdz 6.000 kg\/stund\u0101<\/td>\n<\/tr>\n<\/tbody>\n<\/table>\n<p>&nbsp;<\/p>\n<div class=\"embed-responsive embed-responsive-16by9\"><iframe loading=\"lazy\" title=\"CASTELLVALL - MECOIMA - DESMENUZADORA (DBC500 )\" width=\"640\" height=\"360\" src=\"https:\/\/www.youtube.com\/embed\/x8wBq5ULMec?feature=oembed\" frameborder=\"0\" allow=\"accelerometer; autoplay; clipboard-write; encrypted-media; gyroscope; picture-in-picture\" allowfullscreen><\/iframe><\/div>\n","protected":false},"excerpt":{"rendered":"<p>Sasald\u0113tu bloku grie\u0161anas ma\u0161\u012bna Shredder-DBC-500 &#8211; Lieljaudas konstrukcija izgatavota no ner\u016bs\u0113jo\u0161\u0101 t\u0113rauda AISI-304.<\/p>\n","protected":false},"featured_media":12365,"template":"","meta":{"content-type":"","_monsterinsights_skip_tracking":false,"_monsterinsights_sitenote_active":false,"_monsterinsights_sitenote_note":"","_monsterinsights_sitenote_category":0},"product_cat":[903],"product_tag":[],"yoast_head":"<!-- This site is optimized with the Yoast SEO plugin v19.5.1 - https:\/\/yoast.com\/wordpress\/plugins\/seo\/ -->\n<title>Sasald\u0113tu bloku grie\u0161anas ma\u0161\u012bna Shredder-DBC-500 Castellvall - Carnitec<\/title>\n<meta name=\"description\" content=\"Sasald\u0113tu bloku grie\u0161anas ma\u0161\u012bna Shredder-DBC-500 - Lieljaudas konstrukcija izgatavota no ner\u016bs\u0113jo\u0161\u0101 t\u0113rauda AISI-304. Sasald\u0113tu bloku smalcin\u0101t\u0101js\" \/>\n<meta name=\"robots\" content=\"index, follow, max-snippet:-1, max-image-preview:large, max-video-preview:-1\" \/>\n<link rel=\"canonical\" href=\"https:\/\/carnitec.com\/lv\/products\/sasaldetu-bloku-griesanas-masina\/\" \/>\n<meta property=\"og:locale\" content=\"lv_LV\" \/>\n<meta property=\"og:type\" content=\"article\" \/>\n<meta property=\"og:title\" content=\"Sasald\u0113tu bloku grie\u0161anas ma\u0161\u012bna Shredder-DBC-500 Castellvall - Carnitec\" \/>\n<meta property=\"og:description\" content=\"Sasald\u0113tu bloku grie\u0161anas ma\u0161\u012bna Shredder-DBC-500 - Lieljaudas konstrukcija izgatavota no ner\u016bs\u0113jo\u0161\u0101 t\u0113rauda AISI-304. Sasald\u0113tu bloku smalcin\u0101t\u0101js\" \/>\n<meta property=\"og:url\" content=\"https:\/\/carnitec.com\/lv\/products\/sasaldetu-bloku-griesanas-masina\/\" \/>\n<meta property=\"og:site_name\" content=\"Carnitec\" \/>\n<meta property=\"article:publisher\" content=\"https:\/\/facebook.com\/carnitec1\" \/>\n<meta property=\"og:image\" content=\"https:\/\/carnitec.com\/wp-content\/uploads\/2017\/07\/Shredder-DBC500.jpg\" \/>\n\t<meta property=\"og:image:width\" content=\"500\" \/>\n\t<meta property=\"og:image:height\" content=\"500\" \/>\n\t<meta property=\"og:image:type\" content=\"image\/jpeg\" \/>\n<meta name=\"twitter:card\" content=\"summary\" \/>\n<meta name=\"twitter:site\" content=\"@carnitec_\" \/>\n<meta name=\"twitter:label1\" content=\"Est. reading time\" \/>\n\t<meta name=\"twitter:data1\" content=\"1 min\u016b\u0161u\" \/>\n<script type=\"application\/ld+json\" class=\"yoast-schema-graph\">{\"@context\":\"https:\/\/schema.org\",\"@graph\":[{\"@type\":\"WebPage\",\"@id\":\"https:\/\/carnitec.com\/lv\/products\/sasaldetu-bloku-griesanas-masina\/\",\"url\":\"https:\/\/carnitec.com\/lv\/products\/sasaldetu-bloku-griesanas-masina\/\",\"name\":\"Sasald\u0113tu bloku grie\u0161anas ma\u0161\u012bna Shredder-DBC-500 Castellvall - Carnitec\",\"isPartOf\":{\"@id\":\"https:\/\/carnitec.com\/lv\/#website\"},\"datePublished\":\"2017-07-16T13:15:08+00:00\",\"dateModified\":\"2017-07-16T13:15:08+00:00\",\"description\":\"Sasald\u0113tu bloku grie\u0161anas ma\u0161\u012bna Shredder-DBC-500 - Lieljaudas konstrukcija izgatavota no ner\u016bs\u0113jo\u0161\u0101 t\u0113rauda AISI-304. Sasald\u0113tu bloku smalcin\u0101t\u0101js\",\"breadcrumb\":{\"@id\":\"https:\/\/carnitec.com\/lv\/products\/sasaldetu-bloku-griesanas-masina\/#breadcrumb\"},\"inLanguage\":\"lv-LV\",\"potentialAction\":[{\"@type\":\"ReadAction\",\"target\":[\"https:\/\/carnitec.com\/lv\/products\/sasaldetu-bloku-griesanas-masina\/\"]}]},{\"@type\":\"BreadcrumbList\",\"@id\":\"https:\/\/carnitec.com\/lv\/products\/sasaldetu-bloku-griesanas-masina\/#breadcrumb\",\"itemListElement\":[{\"@type\":\"ListItem\",\"position\":1,\"name\":\"\u0413\u043b\u0430\u0432\u043d\u0430\u044f \u0441\u0442\u0440\u0430\u043d\u0438\u0446\u0430\",\"item\":\"https:\/\/carnitec.com\/lv\/\"},{\"@type\":\"ListItem\",\"position\":2,\"name\":\"\u0422\u043e\u0432\u0430\u0440\u044b\",\"item\":\"https:\/\/carnitec.com\/shop\/\"},{\"@type\":\"ListItem\",\"position\":3,\"name\":\"Sasald\u0113tu bloku grie\u0161anas ma\u0161\u012bna Shredder-DBC-500 Castellvall\"}]},{\"@type\":\"WebSite\",\"@id\":\"https:\/\/carnitec.com\/lv\/#website\",\"url\":\"https:\/\/carnitec.com\/lv\/\",\"name\":\"Carnitec\",\"description\":\"P\u0101rtikas r\u016bpniec\u012bbas iek\u0101rtas\",\"publisher\":{\"@id\":\"https:\/\/carnitec.com\/lv\/#organization\"},\"potentialAction\":[{\"@type\":\"SearchAction\",\"target\":{\"@type\":\"EntryPoint\",\"urlTemplate\":\"https:\/\/carnitec.com\/lv\/?s={search_term_string}\"},\"query-input\":\"required name=search_term_string\"}],\"inLanguage\":\"lv-LV\"},{\"@type\":\"Organization\",\"@id\":\"https:\/\/carnitec.com\/lv\/#organization\",\"name\":\"Carnitec - food processing equipment\",\"url\":\"https:\/\/carnitec.com\/lv\/\",\"sameAs\":[\"https:\/\/www.instagram.com\/carnitec\/?hl=en\",\"https:\/\/www.linkedin.com\/company\/carnitec-ltd\/\",\"https:\/\/www.youtube.com\/channel\/UCwfiuJujkF2QxPPZAqB0T2w\",\"https:\/\/facebook.com\/carnitec1\",\"https:\/\/twitter.com\/carnitec_\"],\"logo\":{\"@type\":\"ImageObject\",\"inLanguage\":\"lv-LV\",\"@id\":\"https:\/\/carnitec.com\/lv\/#\/schema\/logo\/image\/\",\"url\":\"http:\/\/carnitec.com\/wp-content\/uploads\/2018\/01\/carnitec_logo_2018.png\",\"contentUrl\":\"http:\/\/carnitec.com\/wp-content\/uploads\/2018\/01\/carnitec_logo_2018.png\",\"width\":180,\"height\":50,\"caption\":\"Carnitec - food processing equipment\"},\"image\":{\"@id\":\"https:\/\/carnitec.com\/lv\/#\/schema\/logo\/image\/\"}}]}<\/script>\n<!-- \/ Yoast SEO plugin. -->","yoast_head_json":{"title":"Sasald\u0113tu bloku grie\u0161anas ma\u0161\u012bna Shredder-DBC-500 Castellvall - Carnitec","description":"Sasald\u0113tu bloku grie\u0161anas ma\u0161\u012bna Shredder-DBC-500 - Lieljaudas konstrukcija izgatavota no ner\u016bs\u0113jo\u0161\u0101 t\u0113rauda AISI-304. Sasald\u0113tu bloku smalcin\u0101t\u0101js","robots":{"index":"index","follow":"follow","max-snippet":"max-snippet:-1","max-image-preview":"max-image-preview:large","max-video-preview":"max-video-preview:-1"},"canonical":"https:\/\/carnitec.com\/lv\/products\/sasaldetu-bloku-griesanas-masina\/","og_locale":"lv_LV","og_type":"article","og_title":"Sasald\u0113tu bloku grie\u0161anas ma\u0161\u012bna Shredder-DBC-500 Castellvall - Carnitec","og_description":"Sasald\u0113tu bloku grie\u0161anas ma\u0161\u012bna Shredder-DBC-500 - Lieljaudas konstrukcija izgatavota no ner\u016bs\u0113jo\u0161\u0101 t\u0113rauda AISI-304. Sasald\u0113tu bloku smalcin\u0101t\u0101js","og_url":"https:\/\/carnitec.com\/lv\/products\/sasaldetu-bloku-griesanas-masina\/","og_site_name":"Carnitec","article_publisher":"https:\/\/facebook.com\/carnitec1","og_image":[{"width":500,"height":500,"url":"https:\/\/carnitec.com\/wp-content\/uploads\/2017\/07\/Shredder-DBC500.jpg","type":"image\/jpeg"}],"twitter_card":"summary","twitter_site":"@carnitec_","twitter_misc":{"Est. reading time":"1 min\u016b\u0161u"},"schema":{"@context":"https:\/\/schema.org","@graph":[{"@type":"WebPage","@id":"https:\/\/carnitec.com\/lv\/products\/sasaldetu-bloku-griesanas-masina\/","url":"https:\/\/carnitec.com\/lv\/products\/sasaldetu-bloku-griesanas-masina\/","name":"Sasald\u0113tu bloku grie\u0161anas ma\u0161\u012bna Shredder-DBC-500 Castellvall - Carnitec","isPartOf":{"@id":"https:\/\/carnitec.com\/lv\/#website"},"datePublished":"2017-07-16T13:15:08+00:00","dateModified":"2017-07-16T13:15:08+00:00","description":"Sasald\u0113tu bloku grie\u0161anas ma\u0161\u012bna Shredder-DBC-500 - Lieljaudas konstrukcija izgatavota no ner\u016bs\u0113jo\u0161\u0101 t\u0113rauda AISI-304. Sasald\u0113tu bloku smalcin\u0101t\u0101js","breadcrumb":{"@id":"https:\/\/carnitec.com\/lv\/products\/sasaldetu-bloku-griesanas-masina\/#breadcrumb"},"inLanguage":"lv-LV","potentialAction":[{"@type":"ReadAction","target":["https:\/\/carnitec.com\/lv\/products\/sasaldetu-bloku-griesanas-masina\/"]}]},{"@type":"BreadcrumbList","@id":"https:\/\/carnitec.com\/lv\/products\/sasaldetu-bloku-griesanas-masina\/#breadcrumb","itemListElement":[{"@type":"ListItem","position":1,"name":"\u0413\u043b\u0430\u0432\u043d\u0430\u044f \u0441\u0442\u0440\u0430\u043d\u0438\u0446\u0430","item":"https:\/\/carnitec.com\/lv\/"},{"@type":"ListItem","position":2,"name":"\u0422\u043e\u0432\u0430\u0440\u044b","item":"https:\/\/carnitec.com\/shop\/"},{"@type":"ListItem","position":3,"name":"Sasald\u0113tu bloku grie\u0161anas ma\u0161\u012bna Shredder-DBC-500 Castellvall"}]},{"@type":"WebSite","@id":"https:\/\/carnitec.com\/lv\/#website","url":"https:\/\/carnitec.com\/lv\/","name":"Carnitec","description":"P\u0101rtikas r\u016bpniec\u012bbas iek\u0101rtas","publisher":{"@id":"https:\/\/carnitec.com\/lv\/#organization"},"potentialAction":[{"@type":"SearchAction","target":{"@type":"EntryPoint","urlTemplate":"https:\/\/carnitec.com\/lv\/?s={search_term_string}"},"query-input":"required name=search_term_string"}],"inLanguage":"lv-LV"},{"@type":"Organization","@id":"https:\/\/carnitec.com\/lv\/#organization","name":"Carnitec - food processing equipment","url":"https:\/\/carnitec.com\/lv\/","sameAs":["https:\/\/www.instagram.com\/carnitec\/?hl=en","https:\/\/www.linkedin.com\/company\/carnitec-ltd\/","https:\/\/www.youtube.com\/channel\/UCwfiuJujkF2QxPPZAqB0T2w","https:\/\/facebook.com\/carnitec1","https:\/\/twitter.com\/carnitec_"],"logo":{"@type":"ImageObject","inLanguage":"lv-LV","@id":"https:\/\/carnitec.com\/lv\/#\/schema\/logo\/image\/","url":"http:\/\/carnitec.com\/wp-content\/uploads\/2018\/01\/carnitec_logo_2018.png","contentUrl":"http:\/\/carnitec.com\/wp-content\/uploads\/2018\/01\/carnitec_logo_2018.png","width":180,"height":50,"caption":"Carnitec - food processing equipment"},"image":{"@id":"https:\/\/carnitec.com\/lv\/#\/schema\/logo\/image\/"}}]}},"_links":{"self":[{"href":"https:\/\/carnitec.com\/lv\/wp-json\/wp\/v2\/product\/12367"}],"collection":[{"href":"https:\/\/carnitec.com\/lv\/wp-json\/wp\/v2\/product"}],"about":[{"href":"https:\/\/carnitec.com\/lv\/wp-json\/wp\/v2\/types\/product"}],"wp:featuredmedia":[{"embeddable":true,"href":"https:\/\/carnitec.com\/lv\/wp-json\/wp\/v2\/media\/12365"}],"wp:attachment":[{"href":"https:\/\/carnitec.com\/lv\/wp-json\/wp\/v2\/media?parent=12367"}],"wp:term":[{"taxonomy":"product_cat","embeddable":true,"href":"https:\/\/carnitec.com\/lv\/wp-json\/wp\/v2\/product_cat?post=12367"},{"taxonomy":"product_tag","embeddable":true,"href":"https:\/\/carnitec.com\/lv\/wp-json\/wp\/v2\/product_tag?post=12367"}],"curies":[{"name":"wp","href":"https:\/\/api.w.org\/{rel}","templated":true}]}}