{"id":123100,"date":"2023-02-22T11:10:41","date_gmt":"2023-02-22T09:10:41","guid":{"rendered":"https:\/\/carnitec.com\/?post_type=product&#038;p=123100"},"modified":"2023-02-22T11:10:42","modified_gmt":"2023-02-22T09:10:42","slug":"stc-400-stripcutter","status":"publish","type":"product","link":"https:\/\/carnitec.com\/lv\/products\/stc-400-stripcutter\/","title":{"rendered":"STC 400 StripCutter"},"content":{"rendered":"<h3>STC 400 StripCutter<\/h3>\n<p>Viegl\u0101kais veids, k\u0101 sagriezt vienm\u0113r\u012bgas ga\u013cas \u0161\u0137\u0113les un sloksnes.<\/p>\n<p>Vertik\u0101la ga\u013cas gabalu bez kauliem sagrie\u0161ana \u0161\u0137\u0113l\u0113s<br \/>\nViegla viendab\u012bgu porciju izgatavo\u0161ana<br \/>\nAugsta caurlaides sp\u0113ja<br \/>\n\u013boti vienk\u0101r\u0161a ekspluat\u0101cija<\/p>\n<h3>Daudzpus\u012bgs pielietojums<\/h3>\n<p>Ripveida asme\u0146u grie\u0161anas iek\u0101rta STC 400 ir piem\u0113rota visda\u017e\u0101d\u0101kajiem grie\u0161anas veidiem, piem\u0113ram, svaigas liellopu, te\u013ca, c\u016bkga\u013cas un m\u0101jputnu ga\u013cas gabalu bez kauliem vertik\u0101lai grie\u0161anai, spe\u0137a sloksn\u012b\u0161u grie\u0161anai, desu gabalu ra\u017eo\u0161anai &#8220;Currywurst&#8221; u. c.<\/p>\n<h3>Viegla ekspluat\u0101cija<\/h3>\n<p>Operators liek ga\u013cas gabalus uz nep\u0101rtraukti darbin\u0101m\u0101s padeves konveijera lentes.<br \/>\nTie iziet cauri apa\u013cajam grie\u0161anas veltnim, un da\u017eu sekun\u017eu laik\u0101 tie tiek sagriezti vien\u0101da biezuma regul\u0101r\u0101s porcij\u0101s.<br \/>\nLiela grie\u0161anas velt\u0146u izv\u0113le<\/p>\n<p>Pieg\u0101d\u0101 bez grie\u0161anas velt\u0146iem, jo tie ir j\u0101piesaka atsevi\u0161\u0137i atbilsto\u0161i individu\u0101laj\u0101m grie\u0161anas vajadz\u012bb\u0101m. Da\u017e\u0101diem griezumu biezumiem, s\u0101kot no 6 mm, ir nepiecie\u0161ami da\u017e\u0101di rull\u012b\u0161i.<br \/>\nKop\u0113jais grie\u0161anas platums 283 mm (11,4&#8243;) vai 440 mm (17,32&#8243;).<br \/>\nMaksim\u0101lais produkta augstums aptuveni 95 mm (4&#8243;), atkar\u012bb\u0101 no griezuma.<br \/>\nTauri\u0146veida griezumu porciju ra\u017eo\u0161anai ir pieejams \u012bpa\u0161s tauri\u0146veida grie\u0161anas rull\u012btis (aptuveni 6-16 mm \/ 0,24-0,63&#8243;).<br \/>\n\u012ass iestat\u012b\u0161anas laiks, kas nodro\u0161ina augstu darb\u012bbas pieejam\u012bbu<\/p>\n<p>Laiku taupo\u0161a iek\u0101rtas da\u013cu mont\u0101\u017ea un demont\u0101\u017ea bez darbar\u012bkiem ikdienas sanit\u0101rajai un tehniskajai apkopei.<br \/>\nAugsts dro\u0161\u012bbas standarts<\/p>\n<p>Lai dro\u0161i uzst\u0101d\u012btu un no\u0146emtu ripz\u0101\u0123a rull\u012bti, t\u0101 tur\u0113t\u0101ju var nofiks\u0113t \u012bpa\u0161\u0101 iestat\u012b\u0161anas poz\u012bcij\u0101.<br \/>\nLai var\u0113tu veikt t\u012br\u012b\u0161anu un asme\u0146u nomai\u0146u, ir iek\u013cauti \u012bpa\u0161i dro\u0161\u012bbas rokturi \u0113rtai un dro\u0161ai grie\u0161anas velt\u0146a no\u0146em\u0161anai.<br \/>\nDro\u0161ai grie\u0161anas velt\u0146a t\u012br\u012b\u0161anai tas tiek tur\u0113ts \u012bpa\u0161\u0101 t\u012br\u012b\u0161anas kast\u0113.<br \/>\n\u012apa\u0161i aizsargp\u0101rsegi uz padeves un izkrau\u0161anas konveijera lentes saska\u0146\u0101 ar sp\u0113k\u0101 eso\u0161ajiem ES noteikumiem.<br \/>\nPagarin\u0101ta padeves konveijera lenta.<\/p>\n<h3>Specifik\u0101cijas<\/h3>\n<p>STC 400<br \/>\nKop\u0113jais grie\u0161anas platums 283 mm (11,1&#8221;)<br \/>\nMaksim\u0101lais produkta biezums aptuveni 95 mm (3,74&#8221;)<br \/>\natkar\u012bb\u0101 no tipa un<br \/>\nprodukta konsistences<br \/>\nIek\u0101rtas platums 766 mm (30,2&#8221;)<br \/>\nMa\u0161\u012bnas dzi\u013cums 2185 mm (86,0&#8221;)<br \/>\nMa\u0161\u012bnas augstums 1282 mm (50,0&#8221;)<br \/>\nElektriskais savienojums<\/p>\n<p>1,5 kW, 3AC\/50Hz\/400V<br \/>\n2,0 ZS, 208-230\/460 V\/60 Hz<br \/>\nSvars 265 kg (616 m\u0101rci\u0146as)<\/p>\n<h3>Piederumi<\/h3>\n<p>Ripveida asme\u0146u velt\u0146i Att\u0101lumi starp na\u017eiem<br \/>\n6-12-18 mm (0,24-0,47-0,71&#8243;)<br \/>\n8-16-24 mm (0,31-0,63-0,94&#8243;)<br \/>\n10-20-30 mm (0,39-0,79-1,18&#8243;)<br \/>\n\u012apa\u0161ais asme\u0146u rull\u012btis<br \/>\n&#8220;Tauri\u0146\u0161&#8221; Pe\u013cu att\u0101lums 12 mm (0,47&#8243;)<\/p>\n<p>Asme\u0146u velt\u0146a kaste<br \/>\nAr \u012bpa\u0161iem dro\u0161\u012bbas rokturiem dro\u0161ai un \u0113rtai asme\u0146u velt\u0146a mont\u0101\u017eai, demont\u0101\u017eai un uzglab\u0101\u0161anai.<\/p>\n","protected":false},"excerpt":{"rendered":"<p>Vertik\u0101la ga\u013cas gabalu bez kauliem sagrie\u0161ana \u0161\u0137\u0113l\u0113s<br \/>\nViegla viendab\u012bgu porciju izgatavo\u0161ana<br \/>\nAugsta caurlaides sp\u0113ja<br \/>\n\u013boti vienk\u0101r\u0161a ekspluat\u0101cija<\/p>\n","protected":false},"featured_media":123090,"template":"","meta":{"content-type":"","_monsterinsights_skip_tracking":false,"_monsterinsights_sitenote_active":false,"_monsterinsights_sitenote_note":"","_monsterinsights_sitenote_category":0},"product_cat":[937],"product_tag":[1008,4670,4586,1420,3130,4671],"yoast_head":"<!-- This site is optimized with the Yoast SEO plugin v19.5.1 - https:\/\/yoast.com\/wordpress\/plugins\/seo\/ -->\n<title>STC 400 StripCutter - Carnitec<\/title>\n<meta name=\"description\" content=\"STC 400 StripCutter ga\u013cas \u0161\u0137\u0113les un sloksnes grie\u0161ana\" \/>\n<meta name=\"robots\" content=\"index, follow, max-snippet:-1, max-image-preview:large, max-video-preview:-1\" \/>\n<link rel=\"canonical\" href=\"https:\/\/carnitec.com\/lv\/products\/stc-400-stripcutter\/\" \/>\n<meta property=\"og:locale\" content=\"lv_LV\" \/>\n<meta property=\"og:type\" content=\"article\" \/>\n<meta property=\"og:title\" content=\"STC 400 StripCutter - Carnitec\" \/>\n<meta property=\"og:description\" content=\"STC 400 StripCutter ga\u013cas \u0161\u0137\u0113les un sloksnes grie\u0161ana\" \/>\n<meta property=\"og:url\" content=\"https:\/\/carnitec.com\/lv\/products\/stc-400-stripcutter\/\" \/>\n<meta property=\"og:site_name\" content=\"Carnitec\" \/>\n<meta property=\"article:publisher\" content=\"https:\/\/facebook.com\/carnitec1\" \/>\n<meta property=\"article:modified_time\" content=\"2023-02-22T09:10:42+00:00\" \/>\n<meta property=\"og:image\" content=\"https:\/\/carnitec.com\/wp-content\/uploads\/2023\/02\/stc-400.jpg\" \/>\n\t<meta property=\"og:image:width\" content=\"546\" \/>\n\t<meta property=\"og:image:height\" content=\"582\" \/>\n\t<meta property=\"og:image:type\" content=\"image\/jpeg\" \/>\n<meta name=\"twitter:card\" content=\"summary\" \/>\n<meta name=\"twitter:site\" content=\"@carnitec_\" \/>\n<meta name=\"twitter:label1\" content=\"Est. reading time\" \/>\n\t<meta name=\"twitter:data1\" content=\"2 min\u016btes\" \/>\n<script type=\"application\/ld+json\" class=\"yoast-schema-graph\">{\"@context\":\"https:\/\/schema.org\",\"@graph\":[{\"@type\":\"WebPage\",\"@id\":\"https:\/\/carnitec.com\/lv\/products\/stc-400-stripcutter\/\",\"url\":\"https:\/\/carnitec.com\/lv\/products\/stc-400-stripcutter\/\",\"name\":\"STC 400 StripCutter - Carnitec\",\"isPartOf\":{\"@id\":\"https:\/\/carnitec.com\/lv\/#website\"},\"datePublished\":\"2023-02-22T09:10:41+00:00\",\"dateModified\":\"2023-02-22T09:10:42+00:00\",\"description\":\"STC 400 StripCutter ga\u013cas \u0161\u0137\u0113les un sloksnes grie\u0161ana\",\"breadcrumb\":{\"@id\":\"https:\/\/carnitec.com\/lv\/products\/stc-400-stripcutter\/#breadcrumb\"},\"inLanguage\":\"lv-LV\",\"potentialAction\":[{\"@type\":\"ReadAction\",\"target\":[\"https:\/\/carnitec.com\/lv\/products\/stc-400-stripcutter\/\"]}]},{\"@type\":\"BreadcrumbList\",\"@id\":\"https:\/\/carnitec.com\/lv\/products\/stc-400-stripcutter\/#breadcrumb\",\"itemListElement\":[{\"@type\":\"ListItem\",\"position\":1,\"name\":\"\u0413\u043b\u0430\u0432\u043d\u0430\u044f \u0441\u0442\u0440\u0430\u043d\u0438\u0446\u0430\",\"item\":\"https:\/\/carnitec.com\/lv\/\"},{\"@type\":\"ListItem\",\"position\":2,\"name\":\"\u0422\u043e\u0432\u0430\u0440\u044b\",\"item\":\"https:\/\/carnitec.com\/shop\/\"},{\"@type\":\"ListItem\",\"position\":3,\"name\":\"STC 400 StripCutter\"}]},{\"@type\":\"WebSite\",\"@id\":\"https:\/\/carnitec.com\/lv\/#website\",\"url\":\"https:\/\/carnitec.com\/lv\/\",\"name\":\"Carnitec\",\"description\":\"P\u0101rtikas r\u016bpniec\u012bbas iek\u0101rtas\",\"publisher\":{\"@id\":\"https:\/\/carnitec.com\/lv\/#organization\"},\"potentialAction\":[{\"@type\":\"SearchAction\",\"target\":{\"@type\":\"EntryPoint\",\"urlTemplate\":\"https:\/\/carnitec.com\/lv\/?s={search_term_string}\"},\"query-input\":\"required name=search_term_string\"}],\"inLanguage\":\"lv-LV\"},{\"@type\":\"Organization\",\"@id\":\"https:\/\/carnitec.com\/lv\/#organization\",\"name\":\"Carnitec - food processing equipment\",\"url\":\"https:\/\/carnitec.com\/lv\/\",\"sameAs\":[\"https:\/\/www.instagram.com\/carnitec\/?hl=en\",\"https:\/\/www.linkedin.com\/company\/carnitec-ltd\/\",\"https:\/\/www.youtube.com\/channel\/UCwfiuJujkF2QxPPZAqB0T2w\",\"https:\/\/facebook.com\/carnitec1\",\"https:\/\/twitter.com\/carnitec_\"],\"logo\":{\"@type\":\"ImageObject\",\"inLanguage\":\"lv-LV\",\"@id\":\"https:\/\/carnitec.com\/lv\/#\/schema\/logo\/image\/\",\"url\":\"http:\/\/carnitec.com\/wp-content\/uploads\/2018\/01\/carnitec_logo_2018.png\",\"contentUrl\":\"http:\/\/carnitec.com\/wp-content\/uploads\/2018\/01\/carnitec_logo_2018.png\",\"width\":180,\"height\":50,\"caption\":\"Carnitec - food processing equipment\"},\"image\":{\"@id\":\"https:\/\/carnitec.com\/lv\/#\/schema\/logo\/image\/\"}}]}<\/script>\n<!-- \/ Yoast SEO plugin. -->","yoast_head_json":{"title":"STC 400 StripCutter - Carnitec","description":"STC 400 StripCutter ga\u013cas \u0161\u0137\u0113les un sloksnes grie\u0161ana","robots":{"index":"index","follow":"follow","max-snippet":"max-snippet:-1","max-image-preview":"max-image-preview:large","max-video-preview":"max-video-preview:-1"},"canonical":"https:\/\/carnitec.com\/lv\/products\/stc-400-stripcutter\/","og_locale":"lv_LV","og_type":"article","og_title":"STC 400 StripCutter - Carnitec","og_description":"STC 400 StripCutter ga\u013cas \u0161\u0137\u0113les un sloksnes grie\u0161ana","og_url":"https:\/\/carnitec.com\/lv\/products\/stc-400-stripcutter\/","og_site_name":"Carnitec","article_publisher":"https:\/\/facebook.com\/carnitec1","article_modified_time":"2023-02-22T09:10:42+00:00","og_image":[{"width":546,"height":582,"url":"https:\/\/carnitec.com\/wp-content\/uploads\/2023\/02\/stc-400.jpg","type":"image\/jpeg"}],"twitter_card":"summary","twitter_site":"@carnitec_","twitter_misc":{"Est. reading time":"2 min\u016btes"},"schema":{"@context":"https:\/\/schema.org","@graph":[{"@type":"WebPage","@id":"https:\/\/carnitec.com\/lv\/products\/stc-400-stripcutter\/","url":"https:\/\/carnitec.com\/lv\/products\/stc-400-stripcutter\/","name":"STC 400 StripCutter - Carnitec","isPartOf":{"@id":"https:\/\/carnitec.com\/lv\/#website"},"datePublished":"2023-02-22T09:10:41+00:00","dateModified":"2023-02-22T09:10:42+00:00","description":"STC 400 StripCutter ga\u013cas \u0161\u0137\u0113les un sloksnes grie\u0161ana","breadcrumb":{"@id":"https:\/\/carnitec.com\/lv\/products\/stc-400-stripcutter\/#breadcrumb"},"inLanguage":"lv-LV","potentialAction":[{"@type":"ReadAction","target":["https:\/\/carnitec.com\/lv\/products\/stc-400-stripcutter\/"]}]},{"@type":"BreadcrumbList","@id":"https:\/\/carnitec.com\/lv\/products\/stc-400-stripcutter\/#breadcrumb","itemListElement":[{"@type":"ListItem","position":1,"name":"\u0413\u043b\u0430\u0432\u043d\u0430\u044f \u0441\u0442\u0440\u0430\u043d\u0438\u0446\u0430","item":"https:\/\/carnitec.com\/lv\/"},{"@type":"ListItem","position":2,"name":"\u0422\u043e\u0432\u0430\u0440\u044b","item":"https:\/\/carnitec.com\/shop\/"},{"@type":"ListItem","position":3,"name":"STC 400 StripCutter"}]},{"@type":"WebSite","@id":"https:\/\/carnitec.com\/lv\/#website","url":"https:\/\/carnitec.com\/lv\/","name":"Carnitec","description":"P\u0101rtikas r\u016bpniec\u012bbas iek\u0101rtas","publisher":{"@id":"https:\/\/carnitec.com\/lv\/#organization"},"potentialAction":[{"@type":"SearchAction","target":{"@type":"EntryPoint","urlTemplate":"https:\/\/carnitec.com\/lv\/?s={search_term_string}"},"query-input":"required name=search_term_string"}],"inLanguage":"lv-LV"},{"@type":"Organization","@id":"https:\/\/carnitec.com\/lv\/#organization","name":"Carnitec - food processing equipment","url":"https:\/\/carnitec.com\/lv\/","sameAs":["https:\/\/www.instagram.com\/carnitec\/?hl=en","https:\/\/www.linkedin.com\/company\/carnitec-ltd\/","https:\/\/www.youtube.com\/channel\/UCwfiuJujkF2QxPPZAqB0T2w","https:\/\/facebook.com\/carnitec1","https:\/\/twitter.com\/carnitec_"],"logo":{"@type":"ImageObject","inLanguage":"lv-LV","@id":"https:\/\/carnitec.com\/lv\/#\/schema\/logo\/image\/","url":"http:\/\/carnitec.com\/wp-content\/uploads\/2018\/01\/carnitec_logo_2018.png","contentUrl":"http:\/\/carnitec.com\/wp-content\/uploads\/2018\/01\/carnitec_logo_2018.png","width":180,"height":50,"caption":"Carnitec - food processing equipment"},"image":{"@id":"https:\/\/carnitec.com\/lv\/#\/schema\/logo\/image\/"}}]}},"_links":{"self":[{"href":"https:\/\/carnitec.com\/lv\/wp-json\/wp\/v2\/product\/123100"}],"collection":[{"href":"https:\/\/carnitec.com\/lv\/wp-json\/wp\/v2\/product"}],"about":[{"href":"https:\/\/carnitec.com\/lv\/wp-json\/wp\/v2\/types\/product"}],"wp:featuredmedia":[{"embeddable":true,"href":"https:\/\/carnitec.com\/lv\/wp-json\/wp\/v2\/media\/123090"}],"wp:attachment":[{"href":"https:\/\/carnitec.com\/lv\/wp-json\/wp\/v2\/media?parent=123100"}],"wp:term":[{"taxonomy":"product_cat","embeddable":true,"href":"https:\/\/carnitec.com\/lv\/wp-json\/wp\/v2\/product_cat?post=123100"},{"taxonomy":"product_tag","embeddable":true,"href":"https:\/\/carnitec.com\/lv\/wp-json\/wp\/v2\/product_tag?post=123100"}],"curies":[{"name":"wp","href":"https:\/\/api.w.org\/{rel}","templated":true}]}}