{"id":12207,"date":"2016-06-23T10:48:30","date_gmt":"2017-06-22T10:51:33","guid":{"rendered":"http:\/\/staging1.carnitec.com\/lv\/?post_type=product&#038;p=12207"},"modified":"2017-06-22T12:51:33","modified_gmt":"2017-06-22T10:51:33","slug":"cisinu-un-desinas-dalitajs-trenn-fix-junior","status":"publish","type":"product","link":"https:\/\/carnitec.com\/lv\/products\/cisinu-un-desinas-dalitajs-trenn-fix-junior\/","title":{"rendered":"C\u012bsi\u0146u  un desi\u0146as dal\u012bt\u0101js Trenn-Fix Junior"},"content":{"rendered":"<h2>C\u012bsi\u0146u un desi\u0146as dal\u012bt\u0101js Trenn-Fix Junior<\/h2>\n<p>Trenn-Fix Junior Darbam ar c\u012bsi\u0146iem un des\u0101m dabisk\u0101 vai kolag\u0113n\u0101 apvalk\u0101<\/p>\n<p>Gabar\u012bti 2100 \u0445 900 \u043c\u043c<br \/>\nAugstums : regul\u0113jas<br \/>\nPiedzi\u0146a, reduktors 0,37 \u043a\u0412\u0442 ar elektronisku p\u0101rvaldi un frekven\u010du p\u0101rveidot\u0101ju 220\/240 \u0412, 50Hz.<br \/>\nMateri\u0101ls: ner\u016bs\u0113jo\u0161ais t\u0113rauds, p\u0101rtikas plastmasa<br \/>\nMa\u0161\u012bna piln\u012bb\u0101 ir segta<br \/>\nS\u0101niski v\u0101ki uz cilp\u0101m no ab\u0101m pus\u0113m att\u012br\u012b\u0161anai<br \/>\n64 vien\u0101 virzien\u0101 na\u017ei (ar na\u017eiem, kas izgatavoti no ner\u016bs\u0113jo\u0161\u0101 t\u0113rauda)<br \/>\nIzlai\u0161anas atveres var palielin\u0101ties vai samazin\u0101ties ar ner\u016bs\u0113jo\u0161\u0101 slaida pal\u012bdz\u012bbu atkar\u012bb\u0101 no desu garuma.<\/p>\n<div class=\"embed-responsive embed-responsive-16by9\"><iframe loading=\"lazy\" title=\"W\u00fcrstchen Trennmaschine &quot;Trenn Fix&quot;, Heinrich GmbH\" width=\"640\" height=\"480\" src=\"https:\/\/www.youtube.com\/embed\/ON0IRD_nb0s?feature=oembed\" frameborder=\"0\" allow=\"accelerometer; autoplay; clipboard-write; encrypted-media; gyroscope; picture-in-picture\" allowfullscreen><\/iframe><\/div>\n","protected":false},"excerpt":{"rendered":"<p>Trenn-Fix Junior Darbam ar c\u012bsi\u0146iem un des\u0101m dabisk\u0101 vai kolag\u0113n\u0101 apvalk\u0101<\/p>\n","protected":false},"featured_media":10252,"template":"","meta":{"content-type":"","_monsterinsights_skip_tracking":false,"_monsterinsights_sitenote_active":false,"_monsterinsights_sitenote_note":"","_monsterinsights_sitenote_category":0},"product_cat":[2376],"product_tag":[],"yoast_head":"<!-- This site is optimized with the Yoast SEO plugin v19.5.1 - https:\/\/yoast.com\/wordpress\/plugins\/seo\/ -->\n<title>C\u012bsi\u0146u un desi\u0146as dal\u012bt\u0101js Trenn-Fix Junior - Carnitec<\/title>\n<meta name=\"description\" content=\"C\u012bsi\u0146u un desi\u0146as dal\u012bt\u0101js Trenn-Fix Junior Trenn-Fix Junior Darbam ar c\u012bsi\u0146iem un des\u0101m dabisk\u0101 vai kolag\u0113n\u0101 apvalk\u0101. Gabar\u012bti 2100 \u0445 900 \u043c\u043c\" \/>\n<meta name=\"robots\" content=\"index, follow, max-snippet:-1, max-image-preview:large, max-video-preview:-1\" \/>\n<link rel=\"canonical\" href=\"https:\/\/carnitec.com\/lv\/products\/cisinu-un-desinas-dalitajs-trenn-fix-junior\/\" \/>\n<meta property=\"og:locale\" content=\"lv_LV\" \/>\n<meta property=\"og:type\" content=\"article\" \/>\n<meta property=\"og:title\" content=\"C\u012bsi\u0146u un desi\u0146as dal\u012bt\u0101js Trenn-Fix Junior - Carnitec\" \/>\n<meta property=\"og:description\" content=\"C\u012bsi\u0146u un desi\u0146as dal\u012bt\u0101js Trenn-Fix Junior Trenn-Fix Junior Darbam ar c\u012bsi\u0146iem un des\u0101m dabisk\u0101 vai kolag\u0113n\u0101 apvalk\u0101. Gabar\u012bti 2100 \u0445 900 \u043c\u043c\" \/>\n<meta property=\"og:url\" content=\"https:\/\/carnitec.com\/lv\/products\/cisinu-un-desinas-dalitajs-trenn-fix-junior\/\" \/>\n<meta property=\"og:site_name\" content=\"Carnitec\" \/>\n<meta property=\"article:publisher\" content=\"https:\/\/facebook.com\/carnitec1\" \/>\n<meta property=\"og:image\" content=\"https:\/\/carnitec.com\/wp-content\/uploads\/2016\/06\/junior.jpg\" \/>\n\t<meta property=\"og:image:width\" content=\"195\" \/>\n\t<meta property=\"og:image:height\" content=\"264\" \/>\n\t<meta property=\"og:image:type\" content=\"image\/jpeg\" \/>\n<meta name=\"twitter:card\" content=\"summary\" \/>\n<meta name=\"twitter:site\" content=\"@carnitec_\" \/>\n<meta name=\"twitter:label1\" content=\"Est. reading time\" \/>\n\t<meta name=\"twitter:data1\" content=\"1 min\u016b\u0161u\" \/>\n<script type=\"application\/ld+json\" class=\"yoast-schema-graph\">{\"@context\":\"https:\/\/schema.org\",\"@graph\":[{\"@type\":\"WebPage\",\"@id\":\"https:\/\/carnitec.com\/lv\/products\/cisinu-un-desinas-dalitajs-trenn-fix-junior\/\",\"url\":\"https:\/\/carnitec.com\/lv\/products\/cisinu-un-desinas-dalitajs-trenn-fix-junior\/\",\"name\":\"C\u012bsi\u0146u un desi\u0146as dal\u012bt\u0101js Trenn-Fix Junior - Carnitec\",\"isPartOf\":{\"@id\":\"https:\/\/carnitec.com\/lv\/#website\"},\"datePublished\":\"2017-06-22T10:51:33+00:00\",\"dateModified\":\"2017-06-22T10:51:33+00:00\",\"description\":\"C\u012bsi\u0146u un desi\u0146as dal\u012bt\u0101js Trenn-Fix Junior Trenn-Fix Junior Darbam ar c\u012bsi\u0146iem un des\u0101m dabisk\u0101 vai kolag\u0113n\u0101 apvalk\u0101. Gabar\u012bti 2100 \u0445 900 \u043c\u043c\",\"breadcrumb\":{\"@id\":\"https:\/\/carnitec.com\/lv\/products\/cisinu-un-desinas-dalitajs-trenn-fix-junior\/#breadcrumb\"},\"inLanguage\":\"lv-LV\",\"potentialAction\":[{\"@type\":\"ReadAction\",\"target\":[\"https:\/\/carnitec.com\/lv\/products\/cisinu-un-desinas-dalitajs-trenn-fix-junior\/\"]}]},{\"@type\":\"BreadcrumbList\",\"@id\":\"https:\/\/carnitec.com\/lv\/products\/cisinu-un-desinas-dalitajs-trenn-fix-junior\/#breadcrumb\",\"itemListElement\":[{\"@type\":\"ListItem\",\"position\":1,\"name\":\"\u0413\u043b\u0430\u0432\u043d\u0430\u044f \u0441\u0442\u0440\u0430\u043d\u0438\u0446\u0430\",\"item\":\"https:\/\/carnitec.com\/lv\/\"},{\"@type\":\"ListItem\",\"position\":2,\"name\":\"\u0422\u043e\u0432\u0430\u0440\u044b\",\"item\":\"https:\/\/carnitec.com\/shop\/\"},{\"@type\":\"ListItem\",\"position\":3,\"name\":\"C\u012bsi\u0146u un desi\u0146as dal\u012bt\u0101js Trenn-Fix Junior\"}]},{\"@type\":\"WebSite\",\"@id\":\"https:\/\/carnitec.com\/lv\/#website\",\"url\":\"https:\/\/carnitec.com\/lv\/\",\"name\":\"Carnitec\",\"description\":\"P\u0101rtikas r\u016bpniec\u012bbas iek\u0101rtas\",\"publisher\":{\"@id\":\"https:\/\/carnitec.com\/lv\/#organization\"},\"potentialAction\":[{\"@type\":\"SearchAction\",\"target\":{\"@type\":\"EntryPoint\",\"urlTemplate\":\"https:\/\/carnitec.com\/lv\/?s={search_term_string}\"},\"query-input\":\"required name=search_term_string\"}],\"inLanguage\":\"lv-LV\"},{\"@type\":\"Organization\",\"@id\":\"https:\/\/carnitec.com\/lv\/#organization\",\"name\":\"Carnitec - food processing equipment\",\"url\":\"https:\/\/carnitec.com\/lv\/\",\"sameAs\":[\"https:\/\/www.instagram.com\/carnitec\/?hl=en\",\"https:\/\/www.linkedin.com\/company\/carnitec-ltd\/\",\"https:\/\/www.youtube.com\/channel\/UCwfiuJujkF2QxPPZAqB0T2w\",\"https:\/\/facebook.com\/carnitec1\",\"https:\/\/twitter.com\/carnitec_\"],\"logo\":{\"@type\":\"ImageObject\",\"inLanguage\":\"lv-LV\",\"@id\":\"https:\/\/carnitec.com\/lv\/#\/schema\/logo\/image\/\",\"url\":\"http:\/\/carnitec.com\/wp-content\/uploads\/2018\/01\/carnitec_logo_2018.png\",\"contentUrl\":\"http:\/\/carnitec.com\/wp-content\/uploads\/2018\/01\/carnitec_logo_2018.png\",\"width\":180,\"height\":50,\"caption\":\"Carnitec - food processing equipment\"},\"image\":{\"@id\":\"https:\/\/carnitec.com\/lv\/#\/schema\/logo\/image\/\"}}]}<\/script>\n<!-- \/ Yoast SEO plugin. -->","yoast_head_json":{"title":"C\u012bsi\u0146u un desi\u0146as dal\u012bt\u0101js Trenn-Fix Junior - Carnitec","description":"C\u012bsi\u0146u un desi\u0146as dal\u012bt\u0101js Trenn-Fix Junior Trenn-Fix Junior Darbam ar c\u012bsi\u0146iem un des\u0101m dabisk\u0101 vai kolag\u0113n\u0101 apvalk\u0101. Gabar\u012bti 2100 \u0445 900 \u043c\u043c","robots":{"index":"index","follow":"follow","max-snippet":"max-snippet:-1","max-image-preview":"max-image-preview:large","max-video-preview":"max-video-preview:-1"},"canonical":"https:\/\/carnitec.com\/lv\/products\/cisinu-un-desinas-dalitajs-trenn-fix-junior\/","og_locale":"lv_LV","og_type":"article","og_title":"C\u012bsi\u0146u un desi\u0146as dal\u012bt\u0101js Trenn-Fix Junior - Carnitec","og_description":"C\u012bsi\u0146u un desi\u0146as dal\u012bt\u0101js Trenn-Fix Junior Trenn-Fix Junior Darbam ar c\u012bsi\u0146iem un des\u0101m dabisk\u0101 vai kolag\u0113n\u0101 apvalk\u0101. Gabar\u012bti 2100 \u0445 900 \u043c\u043c","og_url":"https:\/\/carnitec.com\/lv\/products\/cisinu-un-desinas-dalitajs-trenn-fix-junior\/","og_site_name":"Carnitec","article_publisher":"https:\/\/facebook.com\/carnitec1","og_image":[{"width":195,"height":264,"url":"https:\/\/carnitec.com\/wp-content\/uploads\/2016\/06\/junior.jpg","type":"image\/jpeg"}],"twitter_card":"summary","twitter_site":"@carnitec_","twitter_misc":{"Est. reading time":"1 min\u016b\u0161u"},"schema":{"@context":"https:\/\/schema.org","@graph":[{"@type":"WebPage","@id":"https:\/\/carnitec.com\/lv\/products\/cisinu-un-desinas-dalitajs-trenn-fix-junior\/","url":"https:\/\/carnitec.com\/lv\/products\/cisinu-un-desinas-dalitajs-trenn-fix-junior\/","name":"C\u012bsi\u0146u un desi\u0146as dal\u012bt\u0101js Trenn-Fix Junior - Carnitec","isPartOf":{"@id":"https:\/\/carnitec.com\/lv\/#website"},"datePublished":"2017-06-22T10:51:33+00:00","dateModified":"2017-06-22T10:51:33+00:00","description":"C\u012bsi\u0146u un desi\u0146as dal\u012bt\u0101js Trenn-Fix Junior Trenn-Fix Junior Darbam ar c\u012bsi\u0146iem un des\u0101m dabisk\u0101 vai kolag\u0113n\u0101 apvalk\u0101. Gabar\u012bti 2100 \u0445 900 \u043c\u043c","breadcrumb":{"@id":"https:\/\/carnitec.com\/lv\/products\/cisinu-un-desinas-dalitajs-trenn-fix-junior\/#breadcrumb"},"inLanguage":"lv-LV","potentialAction":[{"@type":"ReadAction","target":["https:\/\/carnitec.com\/lv\/products\/cisinu-un-desinas-dalitajs-trenn-fix-junior\/"]}]},{"@type":"BreadcrumbList","@id":"https:\/\/carnitec.com\/lv\/products\/cisinu-un-desinas-dalitajs-trenn-fix-junior\/#breadcrumb","itemListElement":[{"@type":"ListItem","position":1,"name":"\u0413\u043b\u0430\u0432\u043d\u0430\u044f \u0441\u0442\u0440\u0430\u043d\u0438\u0446\u0430","item":"https:\/\/carnitec.com\/lv\/"},{"@type":"ListItem","position":2,"name":"\u0422\u043e\u0432\u0430\u0440\u044b","item":"https:\/\/carnitec.com\/shop\/"},{"@type":"ListItem","position":3,"name":"C\u012bsi\u0146u un desi\u0146as dal\u012bt\u0101js Trenn-Fix Junior"}]},{"@type":"WebSite","@id":"https:\/\/carnitec.com\/lv\/#website","url":"https:\/\/carnitec.com\/lv\/","name":"Carnitec","description":"P\u0101rtikas r\u016bpniec\u012bbas iek\u0101rtas","publisher":{"@id":"https:\/\/carnitec.com\/lv\/#organization"},"potentialAction":[{"@type":"SearchAction","target":{"@type":"EntryPoint","urlTemplate":"https:\/\/carnitec.com\/lv\/?s={search_term_string}"},"query-input":"required name=search_term_string"}],"inLanguage":"lv-LV"},{"@type":"Organization","@id":"https:\/\/carnitec.com\/lv\/#organization","name":"Carnitec - food processing equipment","url":"https:\/\/carnitec.com\/lv\/","sameAs":["https:\/\/www.instagram.com\/carnitec\/?hl=en","https:\/\/www.linkedin.com\/company\/carnitec-ltd\/","https:\/\/www.youtube.com\/channel\/UCwfiuJujkF2QxPPZAqB0T2w","https:\/\/facebook.com\/carnitec1","https:\/\/twitter.com\/carnitec_"],"logo":{"@type":"ImageObject","inLanguage":"lv-LV","@id":"https:\/\/carnitec.com\/lv\/#\/schema\/logo\/image\/","url":"http:\/\/carnitec.com\/wp-content\/uploads\/2018\/01\/carnitec_logo_2018.png","contentUrl":"http:\/\/carnitec.com\/wp-content\/uploads\/2018\/01\/carnitec_logo_2018.png","width":180,"height":50,"caption":"Carnitec - food processing equipment"},"image":{"@id":"https:\/\/carnitec.com\/lv\/#\/schema\/logo\/image\/"}}]}},"_links":{"self":[{"href":"https:\/\/carnitec.com\/lv\/wp-json\/wp\/v2\/product\/12207"}],"collection":[{"href":"https:\/\/carnitec.com\/lv\/wp-json\/wp\/v2\/product"}],"about":[{"href":"https:\/\/carnitec.com\/lv\/wp-json\/wp\/v2\/types\/product"}],"wp:featuredmedia":[{"embeddable":true,"href":"https:\/\/carnitec.com\/lv\/wp-json\/wp\/v2\/media\/10252"}],"wp:attachment":[{"href":"https:\/\/carnitec.com\/lv\/wp-json\/wp\/v2\/media?parent=12207"}],"wp:term":[{"taxonomy":"product_cat","embeddable":true,"href":"https:\/\/carnitec.com\/lv\/wp-json\/wp\/v2\/product_cat?post=12207"},{"taxonomy":"product_tag","embeddable":true,"href":"https:\/\/carnitec.com\/lv\/wp-json\/wp\/v2\/product_tag?post=12207"}],"curies":[{"name":"wp","href":"https:\/\/api.w.org\/{rel}","templated":true}]}}