{"id":12196,"date":"2016-06-23T10:34:39","date_gmt":"2017-06-21T20:04:21","guid":{"rendered":"http:\/\/staging1.carnitec.com\/lv\/?post_type=product&#038;p=12196"},"modified":"2017-06-22T08:44:58","modified_gmt":"2017-06-22T06:44:58","slug":"dalitajs-hitec","status":"publish","type":"product","link":"https:\/\/carnitec.com\/lv\/products\/dalitajs-hitec\/","title":{"rendered":"C\u012bsi\u0146u virtenes dal\u012bt\u0101js Hitec"},"content":{"rendered":"<h2>C\u012bsi\u0146u virtenes dal\u012bt\u0101js Hitec<\/h2>\n<p>Autom\u0101ts dal\u012bt\u0101js Hitec\u00a0p\u0101rgriezto c\u012bsi\u0146u v\u012btnei ar prec\u012bzu apgrie\u0161anu p\u0101rgrie\u0161anas viet\u0101. Ma\u0161\u012bna sagrie\u017e p\u0101rgriezt\u0101s c\u012bsi\u0146u da\u013cas, sadalot tos uz da\u013cas.<\/p>\n<p><iframe loading=\"lazy\" title=\"HITEC co., ltd.-----SAUSAGE CUTTER.wmv\" width=\"640\" height=\"480\" src=\"https:\/\/www.youtube.com\/embed\/gUGs12khRN4?feature=oembed\" frameborder=\"0\" allow=\"accelerometer; autoplay; clipboard-write; encrypted-media; gyroscope; picture-in-picture\" allowfullscreen><\/iframe><\/p>\n<h4><strong>Raksturojums<\/strong><\/h4>\n<p>Neliels izm\u0113rs un vieglais apr\u012bkojuma svars<br \/>\nIesp\u0113jams da\u017e\u0101da veida apvalku (dabiska, kolag\u0113na, m\u0101ksl\u012bga) un da\u017e\u0101da izm\u0113ra c\u012bsi\u0146u grie\u0161ana<br \/>\nIr iesp\u0113jama katra ma\u0161\u012bnas bloka pilna p\u0101rbaude un mazg\u0101tne<br \/>\nIesp\u0113jams pievieno\u0161anas un ier\u012b\u010du uzska\u0146o\u0161anas nogriezto gabalu daudzuma uzskaitei<br \/>\nP\u0113c v\u0113l\u0113\u0161an\u0101s iesp\u0113jams izdar\u012bt griezumu uz c\u012bsi\u0146a l\u012bme\u0146a p\u0101rgrie\u0161anas apgrie\u0161anas laik\u0101<br \/>\nPadodo\u0161ais rull\u012btis nav iek\u013cauts ma\u0161\u012bnas standarta apr\u012bkojum\u0101<\/p>\n<h2 class=\"p1\"><span class=\"s1\">Tehniskie dati<\/span><\/h2>\n<table class=\"t1\" width=\"746.0\" cellspacing=\"0\" cellpadding=\"0\">\n<tbody>\n<tr>\n<td class=\"td2\" valign=\"baseline\">\n<p class=\"p2\">Konveijera \u0101trums<\/p>\n<\/td>\n<td class=\"td3\" valign=\"baseline\">\n<p class=\"p2\">35 metri min\u016bt\u0113<\/p>\n<\/td>\n<\/tr>\n<tr>\n<td class=\"td2\" valign=\"baseline\">\n<p class=\"p2\">Ra\u017eotsp\u0113ja<\/p>\n<\/td>\n<td class=\"td3\" valign=\"baseline\">\n<p class=\"p2\">400 gabali min\u016bt\u0113 (pie garuma 70 mm)<\/p>\n<\/td>\n<\/tr>\n<tr>\n<td class=\"td2\" valign=\"baseline\">\n<p class=\"p2\">Apvalka izm\u0113rs<\/p>\n<\/td>\n<td class=\"td3\" valign=\"baseline\">\n<p class=\"p2\"><span class=\"s1\">\u03c6 15mm-35mm<\/span><\/p>\n<\/td>\n<\/tr>\n<tr>\n<td class=\"td2\" valign=\"baseline\">\n<p class=\"p2\">Pneimatika<\/p>\n<\/td>\n<td class=\"td3\" valign=\"baseline\">\n<p class=\"p2\">5kg par 1 kvadr\u0101tcentimetru<\/p>\n<\/td>\n<\/tr>\n<tr>\n<td class=\"td2\" valign=\"baseline\">\n<p class=\"p2\">Augstums<\/p>\n<\/td>\n<td class=\"td3\" valign=\"baseline\">\n<p class=\"p2\"><span class=\"s1\">500mm<\/span><\/p>\n<\/td>\n<\/tr>\n<tr>\n<td class=\"td2\" valign=\"baseline\">\n<p class=\"p2\"><span class=\"s1\">Platums<\/span><\/p>\n<\/td>\n<td class=\"td3\" valign=\"baseline\">\n<p class=\"p2\"><span class=\"s1\">550mm<\/span><\/p>\n<\/td>\n<\/tr>\n<tr>\n<td class=\"td2\" valign=\"baseline\">\n<p class=\"p2\">Garums<\/p>\n<\/td>\n<td class=\"td3\" valign=\"baseline\">\n<p class=\"p2\"><span class=\"s1\">400mm<\/span><\/p>\n<\/td>\n<\/tr>\n<tr>\n<td class=\"td2\" valign=\"baseline\">\n<p class=\"p2\">Svars<\/p>\n<p class=\"p2\"><span class=\"s1\">Apvalka<\/span><\/p>\n<\/td>\n<td class=\"td3\" valign=\"baseline\">\n<p class=\"p2\"><span class=\"s1\">\u043e\u043a. 40kg<\/span><\/p>\n<p class=\"p2\">dabiska, kolag\u0113na, m\u0101ksl\u012bga<\/p>\n<\/td>\n<\/tr>\n<\/tbody>\n<\/table>\n<p>&nbsp;<\/p>\n","protected":false},"excerpt":{"rendered":"<p>Autom\u0101ts dal\u012bt\u0101js Hitec\u00a0p\u0101rgriezto c\u012bsi\u0146u v\u012btnei ar prec\u012bzu apgrie\u0161anu p\u0101rgrie\u0161anas viet\u0101. Ma\u0161\u012bna sagrie\u017e p\u0101rgriezt\u0101s c\u012bsi\u0146u da\u013cas, sadalot tos uz da\u013cas.<\/p>\n","protected":false},"featured_media":10245,"template":"","meta":{"content-type":"","_monsterinsights_skip_tracking":false,"_monsterinsights_sitenote_active":false,"_monsterinsights_sitenote_note":"","_monsterinsights_sitenote_category":0},"product_cat":[2376],"product_tag":[],"yoast_head":"<!-- This site is optimized with the Yoast SEO plugin v19.5.1 - https:\/\/yoast.com\/wordpress\/plugins\/seo\/ -->\n<title>C\u012bsi\u0146u virtenes dal\u012bt\u0101js Hitec - Carnitec<\/title>\n<meta name=\"description\" content=\"Autom\u0101ts dal\u012bt\u0101js Hitec\u00a0p\u0101rgriezto c\u012bsi\u0146u v\u012btnei ar prec\u012bzu apgrie\u0161anu p\u0101rgrie\u0161anas viet\u0101. Ma\u0161\u012bna sagrie\u017e p\u0101rgriezt\u0101s c\u012bsi\u0146u da\u013cas, sadalot tos uz da\u013cas.\" \/>\n<meta name=\"robots\" content=\"index, follow, max-snippet:-1, max-image-preview:large, max-video-preview:-1\" \/>\n<link rel=\"canonical\" href=\"https:\/\/carnitec.com\/lv\/products\/dalitajs-hitec\/\" \/>\n<meta property=\"og:locale\" content=\"lv_LV\" \/>\n<meta property=\"og:type\" content=\"article\" \/>\n<meta property=\"og:title\" content=\"C\u012bsi\u0146u virtenes dal\u012bt\u0101js Hitec - Carnitec\" \/>\n<meta property=\"og:description\" content=\"Autom\u0101ts dal\u012bt\u0101js Hitec\u00a0p\u0101rgriezto c\u012bsi\u0146u v\u012btnei ar prec\u012bzu apgrie\u0161anu p\u0101rgrie\u0161anas viet\u0101. Ma\u0161\u012bna sagrie\u017e p\u0101rgriezt\u0101s c\u012bsi\u0146u da\u013cas, sadalot tos uz da\u013cas.\" \/>\n<meta property=\"og:url\" content=\"https:\/\/carnitec.com\/lv\/products\/dalitajs-hitec\/\" \/>\n<meta property=\"og:site_name\" content=\"Carnitec\" \/>\n<meta property=\"article:publisher\" content=\"https:\/\/facebook.com\/carnitec1\" \/>\n<meta property=\"article:modified_time\" content=\"2017-06-22T06:44:58+00:00\" \/>\n<meta property=\"og:image\" content=\"https:\/\/carnitec.com\/wp-content\/uploads\/2016\/06\/sausage_cutter-2.jpg\" \/>\n\t<meta property=\"og:image:width\" content=\"400\" \/>\n\t<meta property=\"og:image:height\" content=\"500\" \/>\n\t<meta property=\"og:image:type\" content=\"image\/jpeg\" \/>\n<meta name=\"twitter:card\" content=\"summary\" \/>\n<meta name=\"twitter:site\" content=\"@carnitec_\" \/>\n<meta name=\"twitter:label1\" content=\"Est. reading time\" \/>\n\t<meta name=\"twitter:data1\" content=\"1 min\u016b\u0161u\" \/>\n<script type=\"application\/ld+json\" class=\"yoast-schema-graph\">{\"@context\":\"https:\/\/schema.org\",\"@graph\":[{\"@type\":\"WebPage\",\"@id\":\"https:\/\/carnitec.com\/lv\/products\/dalitajs-hitec\/\",\"url\":\"https:\/\/carnitec.com\/lv\/products\/dalitajs-hitec\/\",\"name\":\"C\u012bsi\u0146u virtenes dal\u012bt\u0101js Hitec - Carnitec\",\"isPartOf\":{\"@id\":\"https:\/\/carnitec.com\/lv\/#website\"},\"datePublished\":\"2017-06-21T20:04:21+00:00\",\"dateModified\":\"2017-06-22T06:44:58+00:00\",\"description\":\"Autom\u0101ts dal\u012bt\u0101js Hitec\u00a0p\u0101rgriezto c\u012bsi\u0146u v\u012btnei ar prec\u012bzu apgrie\u0161anu p\u0101rgrie\u0161anas viet\u0101. Ma\u0161\u012bna sagrie\u017e p\u0101rgriezt\u0101s c\u012bsi\u0146u da\u013cas, sadalot tos uz da\u013cas.\",\"breadcrumb\":{\"@id\":\"https:\/\/carnitec.com\/lv\/products\/dalitajs-hitec\/#breadcrumb\"},\"inLanguage\":\"lv-LV\",\"potentialAction\":[{\"@type\":\"ReadAction\",\"target\":[\"https:\/\/carnitec.com\/lv\/products\/dalitajs-hitec\/\"]}]},{\"@type\":\"BreadcrumbList\",\"@id\":\"https:\/\/carnitec.com\/lv\/products\/dalitajs-hitec\/#breadcrumb\",\"itemListElement\":[{\"@type\":\"ListItem\",\"position\":1,\"name\":\"\u0413\u043b\u0430\u0432\u043d\u0430\u044f \u0441\u0442\u0440\u0430\u043d\u0438\u0446\u0430\",\"item\":\"https:\/\/carnitec.com\/lv\/\"},{\"@type\":\"ListItem\",\"position\":2,\"name\":\"\u0422\u043e\u0432\u0430\u0440\u044b\",\"item\":\"https:\/\/carnitec.com\/shop\/\"},{\"@type\":\"ListItem\",\"position\":3,\"name\":\"C\u012bsi\u0146u virtenes dal\u012bt\u0101js Hitec\"}]},{\"@type\":\"WebSite\",\"@id\":\"https:\/\/carnitec.com\/lv\/#website\",\"url\":\"https:\/\/carnitec.com\/lv\/\",\"name\":\"Carnitec\",\"description\":\"P\u0101rtikas r\u016bpniec\u012bbas iek\u0101rtas\",\"publisher\":{\"@id\":\"https:\/\/carnitec.com\/lv\/#organization\"},\"potentialAction\":[{\"@type\":\"SearchAction\",\"target\":{\"@type\":\"EntryPoint\",\"urlTemplate\":\"https:\/\/carnitec.com\/lv\/?s={search_term_string}\"},\"query-input\":\"required name=search_term_string\"}],\"inLanguage\":\"lv-LV\"},{\"@type\":\"Organization\",\"@id\":\"https:\/\/carnitec.com\/lv\/#organization\",\"name\":\"Carnitec - food processing equipment\",\"url\":\"https:\/\/carnitec.com\/lv\/\",\"sameAs\":[\"https:\/\/www.instagram.com\/carnitec\/?hl=en\",\"https:\/\/www.linkedin.com\/company\/carnitec-ltd\/\",\"https:\/\/www.youtube.com\/channel\/UCwfiuJujkF2QxPPZAqB0T2w\",\"https:\/\/facebook.com\/carnitec1\",\"https:\/\/twitter.com\/carnitec_\"],\"logo\":{\"@type\":\"ImageObject\",\"inLanguage\":\"lv-LV\",\"@id\":\"https:\/\/carnitec.com\/lv\/#\/schema\/logo\/image\/\",\"url\":\"http:\/\/carnitec.com\/wp-content\/uploads\/2018\/01\/carnitec_logo_2018.png\",\"contentUrl\":\"http:\/\/carnitec.com\/wp-content\/uploads\/2018\/01\/carnitec_logo_2018.png\",\"width\":180,\"height\":50,\"caption\":\"Carnitec - food processing equipment\"},\"image\":{\"@id\":\"https:\/\/carnitec.com\/lv\/#\/schema\/logo\/image\/\"}}]}<\/script>\n<!-- \/ Yoast SEO plugin. -->","yoast_head_json":{"title":"C\u012bsi\u0146u virtenes dal\u012bt\u0101js Hitec - Carnitec","description":"Autom\u0101ts dal\u012bt\u0101js Hitec\u00a0p\u0101rgriezto c\u012bsi\u0146u v\u012btnei ar prec\u012bzu apgrie\u0161anu p\u0101rgrie\u0161anas viet\u0101. Ma\u0161\u012bna sagrie\u017e p\u0101rgriezt\u0101s c\u012bsi\u0146u da\u013cas, sadalot tos uz da\u013cas.","robots":{"index":"index","follow":"follow","max-snippet":"max-snippet:-1","max-image-preview":"max-image-preview:large","max-video-preview":"max-video-preview:-1"},"canonical":"https:\/\/carnitec.com\/lv\/products\/dalitajs-hitec\/","og_locale":"lv_LV","og_type":"article","og_title":"C\u012bsi\u0146u virtenes dal\u012bt\u0101js Hitec - Carnitec","og_description":"Autom\u0101ts dal\u012bt\u0101js Hitec\u00a0p\u0101rgriezto c\u012bsi\u0146u v\u012btnei ar prec\u012bzu apgrie\u0161anu p\u0101rgrie\u0161anas viet\u0101. Ma\u0161\u012bna sagrie\u017e p\u0101rgriezt\u0101s c\u012bsi\u0146u da\u013cas, sadalot tos uz da\u013cas.","og_url":"https:\/\/carnitec.com\/lv\/products\/dalitajs-hitec\/","og_site_name":"Carnitec","article_publisher":"https:\/\/facebook.com\/carnitec1","article_modified_time":"2017-06-22T06:44:58+00:00","og_image":[{"width":400,"height":500,"url":"https:\/\/carnitec.com\/wp-content\/uploads\/2016\/06\/sausage_cutter-2.jpg","type":"image\/jpeg"}],"twitter_card":"summary","twitter_site":"@carnitec_","twitter_misc":{"Est. reading time":"1 min\u016b\u0161u"},"schema":{"@context":"https:\/\/schema.org","@graph":[{"@type":"WebPage","@id":"https:\/\/carnitec.com\/lv\/products\/dalitajs-hitec\/","url":"https:\/\/carnitec.com\/lv\/products\/dalitajs-hitec\/","name":"C\u012bsi\u0146u virtenes dal\u012bt\u0101js Hitec - Carnitec","isPartOf":{"@id":"https:\/\/carnitec.com\/lv\/#website"},"datePublished":"2017-06-21T20:04:21+00:00","dateModified":"2017-06-22T06:44:58+00:00","description":"Autom\u0101ts dal\u012bt\u0101js Hitec\u00a0p\u0101rgriezto c\u012bsi\u0146u v\u012btnei ar prec\u012bzu apgrie\u0161anu p\u0101rgrie\u0161anas viet\u0101. Ma\u0161\u012bna sagrie\u017e p\u0101rgriezt\u0101s c\u012bsi\u0146u da\u013cas, sadalot tos uz da\u013cas.","breadcrumb":{"@id":"https:\/\/carnitec.com\/lv\/products\/dalitajs-hitec\/#breadcrumb"},"inLanguage":"lv-LV","potentialAction":[{"@type":"ReadAction","target":["https:\/\/carnitec.com\/lv\/products\/dalitajs-hitec\/"]}]},{"@type":"BreadcrumbList","@id":"https:\/\/carnitec.com\/lv\/products\/dalitajs-hitec\/#breadcrumb","itemListElement":[{"@type":"ListItem","position":1,"name":"\u0413\u043b\u0430\u0432\u043d\u0430\u044f \u0441\u0442\u0440\u0430\u043d\u0438\u0446\u0430","item":"https:\/\/carnitec.com\/lv\/"},{"@type":"ListItem","position":2,"name":"\u0422\u043e\u0432\u0430\u0440\u044b","item":"https:\/\/carnitec.com\/shop\/"},{"@type":"ListItem","position":3,"name":"C\u012bsi\u0146u virtenes dal\u012bt\u0101js Hitec"}]},{"@type":"WebSite","@id":"https:\/\/carnitec.com\/lv\/#website","url":"https:\/\/carnitec.com\/lv\/","name":"Carnitec","description":"P\u0101rtikas r\u016bpniec\u012bbas iek\u0101rtas","publisher":{"@id":"https:\/\/carnitec.com\/lv\/#organization"},"potentialAction":[{"@type":"SearchAction","target":{"@type":"EntryPoint","urlTemplate":"https:\/\/carnitec.com\/lv\/?s={search_term_string}"},"query-input":"required name=search_term_string"}],"inLanguage":"lv-LV"},{"@type":"Organization","@id":"https:\/\/carnitec.com\/lv\/#organization","name":"Carnitec - food processing equipment","url":"https:\/\/carnitec.com\/lv\/","sameAs":["https:\/\/www.instagram.com\/carnitec\/?hl=en","https:\/\/www.linkedin.com\/company\/carnitec-ltd\/","https:\/\/www.youtube.com\/channel\/UCwfiuJujkF2QxPPZAqB0T2w","https:\/\/facebook.com\/carnitec1","https:\/\/twitter.com\/carnitec_"],"logo":{"@type":"ImageObject","inLanguage":"lv-LV","@id":"https:\/\/carnitec.com\/lv\/#\/schema\/logo\/image\/","url":"http:\/\/carnitec.com\/wp-content\/uploads\/2018\/01\/carnitec_logo_2018.png","contentUrl":"http:\/\/carnitec.com\/wp-content\/uploads\/2018\/01\/carnitec_logo_2018.png","width":180,"height":50,"caption":"Carnitec - food processing equipment"},"image":{"@id":"https:\/\/carnitec.com\/lv\/#\/schema\/logo\/image\/"}}]}},"_links":{"self":[{"href":"https:\/\/carnitec.com\/lv\/wp-json\/wp\/v2\/product\/12196"}],"collection":[{"href":"https:\/\/carnitec.com\/lv\/wp-json\/wp\/v2\/product"}],"about":[{"href":"https:\/\/carnitec.com\/lv\/wp-json\/wp\/v2\/types\/product"}],"wp:featuredmedia":[{"embeddable":true,"href":"https:\/\/carnitec.com\/lv\/wp-json\/wp\/v2\/media\/10245"}],"wp:attachment":[{"href":"https:\/\/carnitec.com\/lv\/wp-json\/wp\/v2\/media?parent=12196"}],"wp:term":[{"taxonomy":"product_cat","embeddable":true,"href":"https:\/\/carnitec.com\/lv\/wp-json\/wp\/v2\/product_cat?post=12196"},{"taxonomy":"product_tag","embeddable":true,"href":"https:\/\/carnitec.com\/lv\/wp-json\/wp\/v2\/product_tag?post=12196"}],"curies":[{"name":"wp","href":"https:\/\/api.w.org\/{rel}","templated":true}]}}