{"id":12188,"date":"2015-11-23T17:52:55","date_gmt":"2017-06-19T20:03:49","guid":{"rendered":"http:\/\/staging1.carnitec.com\/lv\/?post_type=product&#038;p=12188"},"modified":"2017-06-19T22:04:50","modified_gmt":"2017-06-19T20:04:50","slug":"masina-galas-apsiesanai-frt-s-mkiii","status":"publish","type":"product","link":"https:\/\/carnitec.com\/lv\/products\/masina-galas-apsiesanai-frt-s-mkiii\/","title":{"rendered":"Ma\u0161\u012bna ga\u013cas apsie\u0161anai FRT-S-MKIII"},"content":{"rendered":"<h2>Ma\u0161\u012bna ga\u013cas apsie\u0161anai FRT-S-MKIII<\/h2>\n<p>Pusautom\u0101tiska ad\u012b\u0161anas ma\u0161\u012bna, type FRT-S-MKIII. Speci\u0101li piel\u0101gota darbam smagos apst\u0101k\u013cos un ad\u012b\u0161anas slapj\u0101s ga\u013cas gabalus p\u0113c injekcijas, marin\u0113\u0161anas, pan\u0113\u0161anas, k\u016bpin\u0101\u0161anas vai \u0161\u0137i\u0146\u0137a p\u0113c termisk\u0101s apstr\u0101des.<\/p>\n<div class=\"embed-responsive embed-responsive-16by9\"><iframe loading=\"lazy\" title=\"SIEBECK meat tying machine FRT S MKIII\" width=\"640\" height=\"480\" src=\"https:\/\/www.youtube.com\/embed\/_eiuJ_sOd3M?feature=oembed\" frameborder=\"0\" allow=\"accelerometer; autoplay; clipboard-write; encrypted-media; gyroscope; picture-in-picture\" allowfullscreen><\/iframe><\/div>\n<p>Adi\u0161\u0101n\u0101s galva ir novietota ies\u0101nis no ga\u013cas gabala atra\u0161anas vietas t\u0101, lai net\u012brumi , s\u0101l\u012bjums vai tauku da\u013ci\u0146as non\u0101ktu ne vi\u0146\u0101 , bet speci\u0101l\u0101j\u0101 papl\u0101t\u0113 apak\u0161pus meh\u0101niskai sist\u0113mai. Dot\u0101 mode\u013ca priek\u0161roc\u012bba ir t\u0101, ka siervopievada pielietojums \u013c\u0101va atteikties no meh\u0101niskas motora bremzes (un brem\u017eu elementu bie\u017eu aizst\u0101\u0161anu, kuras ir saist\u012btas ar vi\u0146a esam\u012bbu), \u00abStart-stop\u00bb poz\u012bcijas rokas uzst\u0101d\u012b\u0161anas, k\u0101 ar\u012b \u013cauj pielietot lielu auklas spoli &#8211; liel\u0101kai ra\u017eotsp\u0113jai un lieto\u0161anas \u0113rt\u012bbai.<\/p>\n<h4><strong>Tehniskie dati<\/strong><\/h4>\n<p>Divi siervopievadi; ad\u012b\u0161anas galvas un sasieno\u0161\u0101 griedzeni, kur\u0161 ved aukli\u0146u ap produktu.<br \/>\nKontro\u013cu PLC panelis ar LED displeju<br \/>\nVar realiz\u0113t l\u012bdz 60 vieninieku saites min\u016bt\u0113<br \/>\nDarba tune\u013ca izplat\u012bjums ir 270\u0445245 mm (aug\u0161\u0113js r\u0101diuss 160\u00b0)<br \/>\nDarba \u0101truma izv\u0113le dro\u0161ai salik\u0161anai &#8211; produkta sagatavo\u0161anas<br \/>\nAd\u012bjuma veida izv\u0113le un aukli\u0146as sasprieg\u0161ana (vienk\u0101rt\u0113ja, divk\u0101r\u0161a, trijk\u0101r\u0161a, ceturk\u0161\u0146a, nep\u0101rtraukta vai cross- ad\u012b\u0161ana).<br \/>\nAukla ad\u012b\u0161anai &#8211; poli-kokvilnu vai elast\u012bgu (\u0161\u0137i\u0146\u0137im)<br \/>\nPaliktnis atliek\u0101m<br \/>\n230\u0412 baro\u0161ana vienf\u0101zes, 50 \u0413\u0446 (60\u0413\u0446 p\u0113c v\u0113l\u0113\u0161an\u0101s)<br \/>\n2,6\u043a\u0412\u0442 jauda<br \/>\nAd\u012b\u0161anas programmu daudzums 6<br \/>\nSka\u0146a ir ne vair\u0101k par 70 dB (A) + \/ 2<br \/>\nSvars aptuveni 170 kg<br \/>\nGabar\u012bti: platums 880 \u0445 dzi\u013cums 585 \u0445 augstums 1380\u043c\u043c<\/p>\n","protected":false},"excerpt":{"rendered":"<p>Pusautom\u0101tiska ad\u012b\u0161anas ma\u0161\u012bna, type FRT-S-MKIII. Speci\u0101li piel\u0101gota darbam smagos apst\u0101k\u013cos un ad\u012b\u0161anas slapj\u0101s ga\u013cas gabalus p\u0113c injekcijas, marin\u0113\u0161anas, pan\u0113\u0161anas, k\u016bpin\u0101\u0161anas vai \u0161\u0137i\u0146\u0137a p\u0113c termisk\u0101s apstr\u0101des.<\/p>\n","protected":false},"featured_media":11382,"template":"","meta":{"content-type":"","_monsterinsights_skip_tracking":false,"_monsterinsights_sitenote_active":false,"_monsterinsights_sitenote_note":"","_monsterinsights_sitenote_category":0},"product_cat":[935],"product_tag":[1031],"yoast_head":"<!-- This site is optimized with the Yoast SEO plugin v19.5.1 - https:\/\/yoast.com\/wordpress\/plugins\/seo\/ -->\n<title>Ma\u0161\u012bna ga\u013cas apsie\u0161anai FRT-S-MKIII - Carnitec<\/title>\n<meta name=\"description\" content=\"Pusautom\u0101tiska ad\u012b\u0161anas ma\u0161\u012bna, type FRT-S-MKIII. Speci\u0101li piel\u0101gota darbam smagos apst\u0101k\u013cos un ad\u012b\u0161anas slapj\u0101s ga\u013cas gabalus p\u0113c injekcijas,\" \/>\n<meta name=\"robots\" content=\"index, follow, max-snippet:-1, max-image-preview:large, max-video-preview:-1\" \/>\n<link rel=\"canonical\" href=\"https:\/\/carnitec.com\/lv\/products\/masina-galas-apsiesanai-frt-s-mkiii\/\" \/>\n<meta property=\"og:locale\" content=\"lv_LV\" \/>\n<meta property=\"og:type\" content=\"article\" \/>\n<meta property=\"og:title\" content=\"Ma\u0161\u012bna ga\u013cas apsie\u0161anai FRT-S-MKIII - Carnitec\" \/>\n<meta property=\"og:description\" content=\"Pusautom\u0101tiska ad\u012b\u0161anas ma\u0161\u012bna, type FRT-S-MKIII. Speci\u0101li piel\u0101gota darbam smagos apst\u0101k\u013cos un ad\u012b\u0161anas slapj\u0101s ga\u013cas gabalus p\u0113c injekcijas,\" \/>\n<meta property=\"og:url\" content=\"https:\/\/carnitec.com\/lv\/products\/masina-galas-apsiesanai-frt-s-mkiii\/\" \/>\n<meta property=\"og:site_name\" content=\"Carnitec\" \/>\n<meta property=\"article:publisher\" content=\"https:\/\/facebook.com\/carnitec1\" \/>\n<meta property=\"article:modified_time\" content=\"2017-06-19T20:04:50+00:00\" \/>\n<meta property=\"og:image\" content=\"https:\/\/carnitec.com\/wp-content\/uploads\/2015\/11\/frt.jpg\" \/>\n\t<meta property=\"og:image:width\" content=\"250\" \/>\n\t<meta property=\"og:image:height\" content=\"350\" \/>\n\t<meta property=\"og:image:type\" content=\"image\/jpeg\" \/>\n<meta name=\"twitter:card\" content=\"summary\" \/>\n<meta name=\"twitter:site\" content=\"@carnitec_\" \/>\n<meta name=\"twitter:label1\" content=\"Est. reading time\" \/>\n\t<meta name=\"twitter:data1\" content=\"1 min\u016b\u0161u\" \/>\n<script type=\"application\/ld+json\" class=\"yoast-schema-graph\">{\"@context\":\"https:\/\/schema.org\",\"@graph\":[{\"@type\":\"WebPage\",\"@id\":\"https:\/\/carnitec.com\/lv\/products\/masina-galas-apsiesanai-frt-s-mkiii\/\",\"url\":\"https:\/\/carnitec.com\/lv\/products\/masina-galas-apsiesanai-frt-s-mkiii\/\",\"name\":\"Ma\u0161\u012bna ga\u013cas apsie\u0161anai FRT-S-MKIII - Carnitec\",\"isPartOf\":{\"@id\":\"https:\/\/carnitec.com\/lv\/#website\"},\"datePublished\":\"2017-06-19T20:03:49+00:00\",\"dateModified\":\"2017-06-19T20:04:50+00:00\",\"description\":\"Pusautom\u0101tiska ad\u012b\u0161anas ma\u0161\u012bna, type FRT-S-MKIII. Speci\u0101li piel\u0101gota darbam smagos apst\u0101k\u013cos un ad\u012b\u0161anas slapj\u0101s ga\u013cas gabalus p\u0113c injekcijas,\",\"breadcrumb\":{\"@id\":\"https:\/\/carnitec.com\/lv\/products\/masina-galas-apsiesanai-frt-s-mkiii\/#breadcrumb\"},\"inLanguage\":\"lv-LV\",\"potentialAction\":[{\"@type\":\"ReadAction\",\"target\":[\"https:\/\/carnitec.com\/lv\/products\/masina-galas-apsiesanai-frt-s-mkiii\/\"]}]},{\"@type\":\"BreadcrumbList\",\"@id\":\"https:\/\/carnitec.com\/lv\/products\/masina-galas-apsiesanai-frt-s-mkiii\/#breadcrumb\",\"itemListElement\":[{\"@type\":\"ListItem\",\"position\":1,\"name\":\"\u0413\u043b\u0430\u0432\u043d\u0430\u044f \u0441\u0442\u0440\u0430\u043d\u0438\u0446\u0430\",\"item\":\"https:\/\/carnitec.com\/lv\/\"},{\"@type\":\"ListItem\",\"position\":2,\"name\":\"\u0422\u043e\u0432\u0430\u0440\u044b\",\"item\":\"https:\/\/carnitec.com\/shop\/\"},{\"@type\":\"ListItem\",\"position\":3,\"name\":\"Ma\u0161\u012bna ga\u013cas apsie\u0161anai FRT-S-MKIII\"}]},{\"@type\":\"WebSite\",\"@id\":\"https:\/\/carnitec.com\/lv\/#website\",\"url\":\"https:\/\/carnitec.com\/lv\/\",\"name\":\"Carnitec\",\"description\":\"P\u0101rtikas r\u016bpniec\u012bbas iek\u0101rtas\",\"publisher\":{\"@id\":\"https:\/\/carnitec.com\/lv\/#organization\"},\"potentialAction\":[{\"@type\":\"SearchAction\",\"target\":{\"@type\":\"EntryPoint\",\"urlTemplate\":\"https:\/\/carnitec.com\/lv\/?s={search_term_string}\"},\"query-input\":\"required name=search_term_string\"}],\"inLanguage\":\"lv-LV\"},{\"@type\":\"Organization\",\"@id\":\"https:\/\/carnitec.com\/lv\/#organization\",\"name\":\"Carnitec - food processing equipment\",\"url\":\"https:\/\/carnitec.com\/lv\/\",\"sameAs\":[\"https:\/\/www.instagram.com\/carnitec\/?hl=en\",\"https:\/\/www.linkedin.com\/company\/carnitec-ltd\/\",\"https:\/\/www.youtube.com\/channel\/UCwfiuJujkF2QxPPZAqB0T2w\",\"https:\/\/facebook.com\/carnitec1\",\"https:\/\/twitter.com\/carnitec_\"],\"logo\":{\"@type\":\"ImageObject\",\"inLanguage\":\"lv-LV\",\"@id\":\"https:\/\/carnitec.com\/lv\/#\/schema\/logo\/image\/\",\"url\":\"http:\/\/carnitec.com\/wp-content\/uploads\/2018\/01\/carnitec_logo_2018.png\",\"contentUrl\":\"http:\/\/carnitec.com\/wp-content\/uploads\/2018\/01\/carnitec_logo_2018.png\",\"width\":180,\"height\":50,\"caption\":\"Carnitec - food processing equipment\"},\"image\":{\"@id\":\"https:\/\/carnitec.com\/lv\/#\/schema\/logo\/image\/\"}}]}<\/script>\n<!-- \/ Yoast SEO plugin. -->","yoast_head_json":{"title":"Ma\u0161\u012bna ga\u013cas apsie\u0161anai FRT-S-MKIII - Carnitec","description":"Pusautom\u0101tiska ad\u012b\u0161anas ma\u0161\u012bna, type FRT-S-MKIII. Speci\u0101li piel\u0101gota darbam smagos apst\u0101k\u013cos un ad\u012b\u0161anas slapj\u0101s ga\u013cas gabalus p\u0113c injekcijas,","robots":{"index":"index","follow":"follow","max-snippet":"max-snippet:-1","max-image-preview":"max-image-preview:large","max-video-preview":"max-video-preview:-1"},"canonical":"https:\/\/carnitec.com\/lv\/products\/masina-galas-apsiesanai-frt-s-mkiii\/","og_locale":"lv_LV","og_type":"article","og_title":"Ma\u0161\u012bna ga\u013cas apsie\u0161anai FRT-S-MKIII - Carnitec","og_description":"Pusautom\u0101tiska ad\u012b\u0161anas ma\u0161\u012bna, type FRT-S-MKIII. Speci\u0101li piel\u0101gota darbam smagos apst\u0101k\u013cos un ad\u012b\u0161anas slapj\u0101s ga\u013cas gabalus p\u0113c injekcijas,","og_url":"https:\/\/carnitec.com\/lv\/products\/masina-galas-apsiesanai-frt-s-mkiii\/","og_site_name":"Carnitec","article_publisher":"https:\/\/facebook.com\/carnitec1","article_modified_time":"2017-06-19T20:04:50+00:00","og_image":[{"width":250,"height":350,"url":"https:\/\/carnitec.com\/wp-content\/uploads\/2015\/11\/frt.jpg","type":"image\/jpeg"}],"twitter_card":"summary","twitter_site":"@carnitec_","twitter_misc":{"Est. reading time":"1 min\u016b\u0161u"},"schema":{"@context":"https:\/\/schema.org","@graph":[{"@type":"WebPage","@id":"https:\/\/carnitec.com\/lv\/products\/masina-galas-apsiesanai-frt-s-mkiii\/","url":"https:\/\/carnitec.com\/lv\/products\/masina-galas-apsiesanai-frt-s-mkiii\/","name":"Ma\u0161\u012bna ga\u013cas apsie\u0161anai FRT-S-MKIII - Carnitec","isPartOf":{"@id":"https:\/\/carnitec.com\/lv\/#website"},"datePublished":"2017-06-19T20:03:49+00:00","dateModified":"2017-06-19T20:04:50+00:00","description":"Pusautom\u0101tiska ad\u012b\u0161anas ma\u0161\u012bna, type FRT-S-MKIII. Speci\u0101li piel\u0101gota darbam smagos apst\u0101k\u013cos un ad\u012b\u0161anas slapj\u0101s ga\u013cas gabalus p\u0113c injekcijas,","breadcrumb":{"@id":"https:\/\/carnitec.com\/lv\/products\/masina-galas-apsiesanai-frt-s-mkiii\/#breadcrumb"},"inLanguage":"lv-LV","potentialAction":[{"@type":"ReadAction","target":["https:\/\/carnitec.com\/lv\/products\/masina-galas-apsiesanai-frt-s-mkiii\/"]}]},{"@type":"BreadcrumbList","@id":"https:\/\/carnitec.com\/lv\/products\/masina-galas-apsiesanai-frt-s-mkiii\/#breadcrumb","itemListElement":[{"@type":"ListItem","position":1,"name":"\u0413\u043b\u0430\u0432\u043d\u0430\u044f \u0441\u0442\u0440\u0430\u043d\u0438\u0446\u0430","item":"https:\/\/carnitec.com\/lv\/"},{"@type":"ListItem","position":2,"name":"\u0422\u043e\u0432\u0430\u0440\u044b","item":"https:\/\/carnitec.com\/shop\/"},{"@type":"ListItem","position":3,"name":"Ma\u0161\u012bna ga\u013cas apsie\u0161anai FRT-S-MKIII"}]},{"@type":"WebSite","@id":"https:\/\/carnitec.com\/lv\/#website","url":"https:\/\/carnitec.com\/lv\/","name":"Carnitec","description":"P\u0101rtikas r\u016bpniec\u012bbas iek\u0101rtas","publisher":{"@id":"https:\/\/carnitec.com\/lv\/#organization"},"potentialAction":[{"@type":"SearchAction","target":{"@type":"EntryPoint","urlTemplate":"https:\/\/carnitec.com\/lv\/?s={search_term_string}"},"query-input":"required name=search_term_string"}],"inLanguage":"lv-LV"},{"@type":"Organization","@id":"https:\/\/carnitec.com\/lv\/#organization","name":"Carnitec - food processing equipment","url":"https:\/\/carnitec.com\/lv\/","sameAs":["https:\/\/www.instagram.com\/carnitec\/?hl=en","https:\/\/www.linkedin.com\/company\/carnitec-ltd\/","https:\/\/www.youtube.com\/channel\/UCwfiuJujkF2QxPPZAqB0T2w","https:\/\/facebook.com\/carnitec1","https:\/\/twitter.com\/carnitec_"],"logo":{"@type":"ImageObject","inLanguage":"lv-LV","@id":"https:\/\/carnitec.com\/lv\/#\/schema\/logo\/image\/","url":"http:\/\/carnitec.com\/wp-content\/uploads\/2018\/01\/carnitec_logo_2018.png","contentUrl":"http:\/\/carnitec.com\/wp-content\/uploads\/2018\/01\/carnitec_logo_2018.png","width":180,"height":50,"caption":"Carnitec - food processing equipment"},"image":{"@id":"https:\/\/carnitec.com\/lv\/#\/schema\/logo\/image\/"}}]}},"_links":{"self":[{"href":"https:\/\/carnitec.com\/lv\/wp-json\/wp\/v2\/product\/12188"}],"collection":[{"href":"https:\/\/carnitec.com\/lv\/wp-json\/wp\/v2\/product"}],"about":[{"href":"https:\/\/carnitec.com\/lv\/wp-json\/wp\/v2\/types\/product"}],"wp:featuredmedia":[{"embeddable":true,"href":"https:\/\/carnitec.com\/lv\/wp-json\/wp\/v2\/media\/11382"}],"wp:attachment":[{"href":"https:\/\/carnitec.com\/lv\/wp-json\/wp\/v2\/media?parent=12188"}],"wp:term":[{"taxonomy":"product_cat","embeddable":true,"href":"https:\/\/carnitec.com\/lv\/wp-json\/wp\/v2\/product_cat?post=12188"},{"taxonomy":"product_tag","embeddable":true,"href":"https:\/\/carnitec.com\/lv\/wp-json\/wp\/v2\/product_tag?post=12188"}],"curies":[{"name":"wp","href":"https:\/\/api.w.org\/{rel}","templated":true}]}}