{"id":12120,"date":"2017-06-13T16:05:31","date_gmt":"2017-06-13T14:17:26","guid":{"rendered":"http:\/\/staging1.carnitec.com\/lv\/?post_type=product&#038;p=12120"},"modified":"2017-06-13T20:08:25","modified_gmt":"2017-06-13T18:08:25","slug":"automatiska-kaulu-lapstinas-izvilksanas-ierice","status":"publish","type":"product","link":"https:\/\/carnitec.com\/lv\/products\/automatiska-kaulu-lapstinas-izvilksanas-ierice\/","title":{"rendered":"Autom\u0101tiska kaulu (l\u0101psti\u0146as) izvilk\u0161anas ier\u012bce."},"content":{"rendered":"<h2>Autom\u0101tiska kaulu (l\u0101psti\u0146as) izvilk\u0161anas ier\u012bce.<\/h2>\n<p>Autom\u0101tiska kaulu (l\u0101psti\u0146as) izvilk\u0161anas ier\u012bce pieejama divos versijas \u2013 viena c\u016bk\u0101m, otra \u2013 siv\u0113nm\u0101tem no 5 kg l\u012bdz 27 kg.<\/p>\n<p><a href=\"http:\/\/carnitec.com\/wp-content\/uploads\/2017\/06\/deshuese_detall4_v.jpg\" data-rel=\"lightbox-image-0\" data-rl_title=\"\" data-rl_caption=\"\" title=\"\"><img class=\"alignnone size-thumbnail wp-image-12124\" src=\"http:\/\/carnitec.com\/wp-content\/uploads\/2017\/06\/deshuese_detall4_v-150x150.jpg\" alt=\"\" width=\"150\" height=\"150\" \/><\/a><a href=\"http:\/\/carnitec.com\/wp-content\/uploads\/2017\/06\/deshuese_1.jpg\" data-rel=\"lightbox-image-1\" data-rl_title=\"\" data-rl_caption=\"\" title=\"\"><img class=\"alignnone size-thumbnail wp-image-12127\" src=\"http:\/\/carnitec.com\/wp-content\/uploads\/2017\/06\/deshuese_1-150x150.jpg\" alt=\"\" width=\"150\" height=\"150\" \/><\/a><br \/>\nNov\u0113r\u0161 manu\u0101lo l\u0101psti\u0146as izvilk\u0161anu.<br \/>\nPalielina ra\u017eotsp\u0113ju l\u012bdz 20%.<br \/>\nKauls ir no\u0146\u0113mts t\u012brs no ga\u013cas.<br \/>\nEkonom\u0113 vair\u0101k k\u0101 20 ga\u013cas gramu uz gabalu.<br \/>\n\u013bauj izb\u0113gt no roku, muguras vai kakla saslim\u0161anas riska un samazina absentismu.<br \/>\n\u013bauj darbu diversifik\u0101ciju, nav nepiecie\u0161am\u012bbas kvalific\u0113tos darbiniekos.<br \/>\nPneimatisks vad\u0101m\u0101 stiepjo\u0161\u0101 sist\u0113ma.<br \/>\nL\u0101psti\u0146a novietojas pareiz\u0101 st\u0101vokl\u012b ar l\u0101zerstara pal\u012bdz\u012bbu.<br \/>\nKonveijers ar acet\u0101l\u0101 modu\u013cu jostu, ar CIP t\u012br\u012b\u0161anas sist\u0113mu.<br \/>\nRa\u017eotsp\u0113ja: l\u012bdz 700 gabaliem \/ stund\u0101.<br \/>\nKop\u0113ja gabalu daudzuma elektroniska kontrole.<br \/>\n\u0160\u012b ma\u0161\u012bna var b\u016bt adapt\u0113ta pie jebk\u0101das ga\u013cas sadales l\u012bnijas un ra\u017eota saska\u0146\u0101 ar ES standartiem.<\/p>\n<p><a href=\"http:\/\/carnitec.com\/wp-content\/uploads\/2017\/06\/BLADE-BONE2-1.jpg\" data-rel=\"lightbox-image-2\" data-rl_title=\"\" data-rl_caption=\"\" title=\"\"><img class=\"alignnone size-medium wp-image-12118\" src=\"http:\/\/carnitec.com\/wp-content\/uploads\/2017\/06\/BLADE-BONE2-1-209x300.jpg\" alt=\"\" width=\"209\" height=\"300\" \/><\/a><\/p>\n","protected":false},"excerpt":{"rendered":"<p>Autom\u0101tiska kaulu (l\u0101psti\u0146as) izvilk\u0161anas ier\u012bce pieejama divos versijas \u2013 viena c\u016bk\u0101m, otra \u2013 siv\u0113nm\u0101tem no 5 kg l\u012bdz 27 kg.<br \/>\nNov\u0113r\u0161 manu\u0101lo l\u0101psti\u0146as izvilk\u0161anu.<\/p>\n","protected":false},"featured_media":12112,"template":"","meta":{"content-type":"","_monsterinsights_skip_tracking":false,"_monsterinsights_sitenote_active":false,"_monsterinsights_sitenote_note":"","_monsterinsights_sitenote_category":0},"product_cat":[923],"product_tag":[],"yoast_head":"<!-- This site is optimized with the Yoast SEO plugin v19.5.1 - https:\/\/yoast.com\/wordpress\/plugins\/seo\/ -->\n<title>Autom\u0101tiska kaulu (l\u0101psti\u0146as) izvilk\u0161anas ier\u012bce. - Carnitec<\/title>\n<meta name=\"description\" content=\"Autom\u0101tiska kaulu (l\u0101psti\u0146as) izvilk\u0161anas ier\u012bce pieejama divos versijas \u2013 viena c\u016bk\u0101m, otra \u2013 siv\u0113nm\u0101tem no 5 kg l\u012bdz 27 kg.\" \/>\n<meta name=\"robots\" content=\"index, follow, max-snippet:-1, max-image-preview:large, max-video-preview:-1\" \/>\n<link rel=\"canonical\" href=\"https:\/\/carnitec.com\/lv\/products\/automatiska-kaulu-lapstinas-izvilksanas-ierice\/\" \/>\n<meta property=\"og:locale\" content=\"lv_LV\" \/>\n<meta property=\"og:type\" content=\"article\" \/>\n<meta property=\"og:title\" content=\"Autom\u0101tiska kaulu (l\u0101psti\u0146as) izvilk\u0161anas ier\u012bce. - Carnitec\" \/>\n<meta property=\"og:description\" content=\"Autom\u0101tiska kaulu (l\u0101psti\u0146as) izvilk\u0161anas ier\u012bce pieejama divos versijas \u2013 viena c\u016bk\u0101m, otra \u2013 siv\u0113nm\u0101tem no 5 kg l\u012bdz 27 kg.\" \/>\n<meta property=\"og:url\" content=\"https:\/\/carnitec.com\/lv\/products\/automatiska-kaulu-lapstinas-izvilksanas-ierice\/\" \/>\n<meta property=\"og:site_name\" content=\"Carnitec\" \/>\n<meta property=\"article:publisher\" content=\"https:\/\/facebook.com\/carnitec1\" \/>\n<meta property=\"article:modified_time\" content=\"2017-06-13T18:08:25+00:00\" \/>\n<meta property=\"og:image\" content=\"https:\/\/carnitec.com\/wp-content\/uploads\/2017\/06\/BLADE-BONE.jpg\" \/>\n\t<meta property=\"og:image:width\" content=\"700\" \/>\n\t<meta property=\"og:image:height\" content=\"407\" \/>\n\t<meta property=\"og:image:type\" content=\"image\/jpeg\" \/>\n<meta name=\"twitter:card\" content=\"summary\" \/>\n<meta name=\"twitter:site\" content=\"@carnitec_\" \/>\n<meta name=\"twitter:label1\" content=\"Est. reading time\" \/>\n\t<meta name=\"twitter:data1\" content=\"1 min\u016b\u0161u\" \/>\n<script type=\"application\/ld+json\" class=\"yoast-schema-graph\">{\"@context\":\"https:\/\/schema.org\",\"@graph\":[{\"@type\":\"WebPage\",\"@id\":\"https:\/\/carnitec.com\/lv\/products\/automatiska-kaulu-lapstinas-izvilksanas-ierice\/\",\"url\":\"https:\/\/carnitec.com\/lv\/products\/automatiska-kaulu-lapstinas-izvilksanas-ierice\/\",\"name\":\"Autom\u0101tiska kaulu (l\u0101psti\u0146as) izvilk\u0161anas ier\u012bce. - Carnitec\",\"isPartOf\":{\"@id\":\"https:\/\/carnitec.com\/lv\/#website\"},\"datePublished\":\"2017-06-13T14:17:26+00:00\",\"dateModified\":\"2017-06-13T18:08:25+00:00\",\"description\":\"Autom\u0101tiska kaulu (l\u0101psti\u0146as) izvilk\u0161anas ier\u012bce pieejama divos versijas \u2013 viena c\u016bk\u0101m, otra \u2013 siv\u0113nm\u0101tem no 5 kg l\u012bdz 27 kg.\",\"breadcrumb\":{\"@id\":\"https:\/\/carnitec.com\/lv\/products\/automatiska-kaulu-lapstinas-izvilksanas-ierice\/#breadcrumb\"},\"inLanguage\":\"lv-LV\",\"potentialAction\":[{\"@type\":\"ReadAction\",\"target\":[\"https:\/\/carnitec.com\/lv\/products\/automatiska-kaulu-lapstinas-izvilksanas-ierice\/\"]}]},{\"@type\":\"BreadcrumbList\",\"@id\":\"https:\/\/carnitec.com\/lv\/products\/automatiska-kaulu-lapstinas-izvilksanas-ierice\/#breadcrumb\",\"itemListElement\":[{\"@type\":\"ListItem\",\"position\":1,\"name\":\"\u0413\u043b\u0430\u0432\u043d\u0430\u044f \u0441\u0442\u0440\u0430\u043d\u0438\u0446\u0430\",\"item\":\"https:\/\/carnitec.com\/lv\/\"},{\"@type\":\"ListItem\",\"position\":2,\"name\":\"\u0422\u043e\u0432\u0430\u0440\u044b\",\"item\":\"https:\/\/carnitec.com\/shop\/\"},{\"@type\":\"ListItem\",\"position\":3,\"name\":\"Autom\u0101tiska kaulu (l\u0101psti\u0146as) izvilk\u0161anas ier\u012bce.\"}]},{\"@type\":\"WebSite\",\"@id\":\"https:\/\/carnitec.com\/lv\/#website\",\"url\":\"https:\/\/carnitec.com\/lv\/\",\"name\":\"Carnitec\",\"description\":\"P\u0101rtikas r\u016bpniec\u012bbas iek\u0101rtas\",\"publisher\":{\"@id\":\"https:\/\/carnitec.com\/lv\/#organization\"},\"potentialAction\":[{\"@type\":\"SearchAction\",\"target\":{\"@type\":\"EntryPoint\",\"urlTemplate\":\"https:\/\/carnitec.com\/lv\/?s={search_term_string}\"},\"query-input\":\"required name=search_term_string\"}],\"inLanguage\":\"lv-LV\"},{\"@type\":\"Organization\",\"@id\":\"https:\/\/carnitec.com\/lv\/#organization\",\"name\":\"Carnitec - food processing equipment\",\"url\":\"https:\/\/carnitec.com\/lv\/\",\"sameAs\":[\"https:\/\/www.instagram.com\/carnitec\/?hl=en\",\"https:\/\/www.linkedin.com\/company\/carnitec-ltd\/\",\"https:\/\/www.youtube.com\/channel\/UCwfiuJujkF2QxPPZAqB0T2w\",\"https:\/\/facebook.com\/carnitec1\",\"https:\/\/twitter.com\/carnitec_\"],\"logo\":{\"@type\":\"ImageObject\",\"inLanguage\":\"lv-LV\",\"@id\":\"https:\/\/carnitec.com\/lv\/#\/schema\/logo\/image\/\",\"url\":\"http:\/\/carnitec.com\/wp-content\/uploads\/2018\/01\/carnitec_logo_2018.png\",\"contentUrl\":\"http:\/\/carnitec.com\/wp-content\/uploads\/2018\/01\/carnitec_logo_2018.png\",\"width\":180,\"height\":50,\"caption\":\"Carnitec - food processing equipment\"},\"image\":{\"@id\":\"https:\/\/carnitec.com\/lv\/#\/schema\/logo\/image\/\"}}]}<\/script>\n<!-- \/ Yoast SEO plugin. -->","yoast_head_json":{"title":"Autom\u0101tiska kaulu (l\u0101psti\u0146as) izvilk\u0161anas ier\u012bce. - Carnitec","description":"Autom\u0101tiska kaulu (l\u0101psti\u0146as) izvilk\u0161anas ier\u012bce pieejama divos versijas \u2013 viena c\u016bk\u0101m, otra \u2013 siv\u0113nm\u0101tem no 5 kg l\u012bdz 27 kg.","robots":{"index":"index","follow":"follow","max-snippet":"max-snippet:-1","max-image-preview":"max-image-preview:large","max-video-preview":"max-video-preview:-1"},"canonical":"https:\/\/carnitec.com\/lv\/products\/automatiska-kaulu-lapstinas-izvilksanas-ierice\/","og_locale":"lv_LV","og_type":"article","og_title":"Autom\u0101tiska kaulu (l\u0101psti\u0146as) izvilk\u0161anas ier\u012bce. - Carnitec","og_description":"Autom\u0101tiska kaulu (l\u0101psti\u0146as) izvilk\u0161anas ier\u012bce pieejama divos versijas \u2013 viena c\u016bk\u0101m, otra \u2013 siv\u0113nm\u0101tem no 5 kg l\u012bdz 27 kg.","og_url":"https:\/\/carnitec.com\/lv\/products\/automatiska-kaulu-lapstinas-izvilksanas-ierice\/","og_site_name":"Carnitec","article_publisher":"https:\/\/facebook.com\/carnitec1","article_modified_time":"2017-06-13T18:08:25+00:00","og_image":[{"width":700,"height":407,"url":"https:\/\/carnitec.com\/wp-content\/uploads\/2017\/06\/BLADE-BONE.jpg","type":"image\/jpeg"}],"twitter_card":"summary","twitter_site":"@carnitec_","twitter_misc":{"Est. reading time":"1 min\u016b\u0161u"},"schema":{"@context":"https:\/\/schema.org","@graph":[{"@type":"WebPage","@id":"https:\/\/carnitec.com\/lv\/products\/automatiska-kaulu-lapstinas-izvilksanas-ierice\/","url":"https:\/\/carnitec.com\/lv\/products\/automatiska-kaulu-lapstinas-izvilksanas-ierice\/","name":"Autom\u0101tiska kaulu (l\u0101psti\u0146as) izvilk\u0161anas ier\u012bce. - Carnitec","isPartOf":{"@id":"https:\/\/carnitec.com\/lv\/#website"},"datePublished":"2017-06-13T14:17:26+00:00","dateModified":"2017-06-13T18:08:25+00:00","description":"Autom\u0101tiska kaulu (l\u0101psti\u0146as) izvilk\u0161anas ier\u012bce pieejama divos versijas \u2013 viena c\u016bk\u0101m, otra \u2013 siv\u0113nm\u0101tem no 5 kg l\u012bdz 27 kg.","breadcrumb":{"@id":"https:\/\/carnitec.com\/lv\/products\/automatiska-kaulu-lapstinas-izvilksanas-ierice\/#breadcrumb"},"inLanguage":"lv-LV","potentialAction":[{"@type":"ReadAction","target":["https:\/\/carnitec.com\/lv\/products\/automatiska-kaulu-lapstinas-izvilksanas-ierice\/"]}]},{"@type":"BreadcrumbList","@id":"https:\/\/carnitec.com\/lv\/products\/automatiska-kaulu-lapstinas-izvilksanas-ierice\/#breadcrumb","itemListElement":[{"@type":"ListItem","position":1,"name":"\u0413\u043b\u0430\u0432\u043d\u0430\u044f \u0441\u0442\u0440\u0430\u043d\u0438\u0446\u0430","item":"https:\/\/carnitec.com\/lv\/"},{"@type":"ListItem","position":2,"name":"\u0422\u043e\u0432\u0430\u0440\u044b","item":"https:\/\/carnitec.com\/shop\/"},{"@type":"ListItem","position":3,"name":"Autom\u0101tiska kaulu (l\u0101psti\u0146as) izvilk\u0161anas ier\u012bce."}]},{"@type":"WebSite","@id":"https:\/\/carnitec.com\/lv\/#website","url":"https:\/\/carnitec.com\/lv\/","name":"Carnitec","description":"P\u0101rtikas r\u016bpniec\u012bbas iek\u0101rtas","publisher":{"@id":"https:\/\/carnitec.com\/lv\/#organization"},"potentialAction":[{"@type":"SearchAction","target":{"@type":"EntryPoint","urlTemplate":"https:\/\/carnitec.com\/lv\/?s={search_term_string}"},"query-input":"required name=search_term_string"}],"inLanguage":"lv-LV"},{"@type":"Organization","@id":"https:\/\/carnitec.com\/lv\/#organization","name":"Carnitec - food processing equipment","url":"https:\/\/carnitec.com\/lv\/","sameAs":["https:\/\/www.instagram.com\/carnitec\/?hl=en","https:\/\/www.linkedin.com\/company\/carnitec-ltd\/","https:\/\/www.youtube.com\/channel\/UCwfiuJujkF2QxPPZAqB0T2w","https:\/\/facebook.com\/carnitec1","https:\/\/twitter.com\/carnitec_"],"logo":{"@type":"ImageObject","inLanguage":"lv-LV","@id":"https:\/\/carnitec.com\/lv\/#\/schema\/logo\/image\/","url":"http:\/\/carnitec.com\/wp-content\/uploads\/2018\/01\/carnitec_logo_2018.png","contentUrl":"http:\/\/carnitec.com\/wp-content\/uploads\/2018\/01\/carnitec_logo_2018.png","width":180,"height":50,"caption":"Carnitec - food processing equipment"},"image":{"@id":"https:\/\/carnitec.com\/lv\/#\/schema\/logo\/image\/"}}]}},"_links":{"self":[{"href":"https:\/\/carnitec.com\/lv\/wp-json\/wp\/v2\/product\/12120"}],"collection":[{"href":"https:\/\/carnitec.com\/lv\/wp-json\/wp\/v2\/product"}],"about":[{"href":"https:\/\/carnitec.com\/lv\/wp-json\/wp\/v2\/types\/product"}],"wp:featuredmedia":[{"embeddable":true,"href":"https:\/\/carnitec.com\/lv\/wp-json\/wp\/v2\/media\/12112"}],"wp:attachment":[{"href":"https:\/\/carnitec.com\/lv\/wp-json\/wp\/v2\/media?parent=12120"}],"wp:term":[{"taxonomy":"product_cat","embeddable":true,"href":"https:\/\/carnitec.com\/lv\/wp-json\/wp\/v2\/product_cat?post=12120"},{"taxonomy":"product_tag","embeddable":true,"href":"https:\/\/carnitec.com\/lv\/wp-json\/wp\/v2\/product_tag?post=12120"}],"curies":[{"name":"wp","href":"https:\/\/api.w.org\/{rel}","templated":true}]}}