{"id":12107,"date":"2017-06-13T15:46:39","date_gmt":"2017-06-13T13:57:39","guid":{"rendered":"http:\/\/staging1.carnitec.com\/lv\/?post_type=product&#038;p=12107"},"modified":"2017-06-13T15:57:40","modified_gmt":"2017-06-13T13:57:40","slug":"svara-skirotajs","status":"publish","type":"product","link":"https:\/\/carnitec.com\/lv\/products\/svara-skirotajs\/","title":{"rendered":"Svara \u0161\u0137irot\u0101js"},"content":{"rendered":"<h2>Svara \u0160\u0137irot\u0101js<\/h2>\n<p>Ma\u0161\u012bna sast\u0101v no ieb\u016bv\u0113t\u0101s svara stacijas.<br \/>\nElektroniska skala var saglab\u0101t, glab\u0101t un nodot n\u0101kamos datus:<\/p>\n<ul>\n<li>Katra gabala individu\u0101ls svars.<\/li>\n<li>Gabalu daudzums katr\u0101 svara grup\u0101.<\/li>\n<li>Kopsvars katrai svara grupai.<\/li>\n<li>Kop\u0113js gabalu daudzums par partiju.<\/li>\n<li>Katras partijas kopsvars.<\/li>\n<li>Ikdienas rezult\u0101ti.<\/li>\n<li>Apvienotie tipi da\u017e\u0101d\u0101m produktu ain\u0101m<\/li>\n<\/ul>\n<p><a href=\"http:\/\/carnitec.com\/wp-content\/uploads\/2017\/06\/sorter.jpg\" data-rel=\"lightbox-image-0\" data-rl_title=\"\" data-rl_caption=\"\" title=\"\"><img class=\"alignnone size-medium wp-image-12100\" src=\"http:\/\/carnitec.com\/wp-content\/uploads\/2017\/06\/sorter-300x209.jpg\" alt=\"\" width=\"300\" height=\"209\" \/><\/a><\/p>\n<p><a href=\"http:\/\/carnitec.com\/wp-content\/uploads\/2017\/06\/sorter3.jpg\" data-rel=\"lightbox-image-1\" data-rl_title=\"\" data-rl_caption=\"\" title=\"\"><img class=\"alignnone size-medium wp-image-12103\" src=\"http:\/\/carnitec.com\/wp-content\/uploads\/2017\/06\/sorter3-300x209.jpg\" alt=\"\" width=\"300\" height=\"209\" \/><\/a><\/p>\n","protected":false},"excerpt":{"rendered":"<p>Ma\u0161\u012bna sast\u0101v no ieb\u016bv\u0113t\u0101s svara stacijas.<br \/>\nElektroniska skala var saglab\u0101t, glab\u0101t un nodot datus<\/p>\n","protected":false},"featured_media":12099,"template":"","meta":{"content-type":"","_monsterinsights_skip_tracking":false,"_monsterinsights_sitenote_active":false,"_monsterinsights_sitenote_note":"","_monsterinsights_sitenote_category":0},"product_cat":[923],"product_tag":[],"yoast_head":"<!-- This site is optimized with the Yoast SEO plugin v19.5.1 - https:\/\/yoast.com\/wordpress\/plugins\/seo\/ -->\n<title>Svara \u0161\u0137irot\u0101js - Carnitec<\/title>\n<meta name=\"description\" content=\"Svara \u0161\u0137irot\u0101js. Ma\u0161\u012bna sast\u0101v no ieb\u016bv\u0113t\u0101s svara stacijas. Elektroniska skala var saglab\u0101t, glab\u0101t un nodot n\u0101kamos datus\" \/>\n<meta name=\"robots\" content=\"index, follow, max-snippet:-1, max-image-preview:large, max-video-preview:-1\" \/>\n<link rel=\"canonical\" href=\"https:\/\/carnitec.com\/lv\/products\/svara-skirotajs\/\" \/>\n<meta property=\"og:locale\" content=\"lv_LV\" \/>\n<meta property=\"og:type\" content=\"article\" \/>\n<meta property=\"og:title\" content=\"Svara \u0161\u0137irot\u0101js - Carnitec\" \/>\n<meta property=\"og:description\" content=\"Svara \u0161\u0137irot\u0101js. Ma\u0161\u012bna sast\u0101v no ieb\u016bv\u0113t\u0101s svara stacijas. Elektroniska skala var saglab\u0101t, glab\u0101t un nodot n\u0101kamos datus\" \/>\n<meta property=\"og:url\" content=\"https:\/\/carnitec.com\/lv\/products\/svara-skirotajs\/\" \/>\n<meta property=\"og:site_name\" content=\"Carnitec\" \/>\n<meta property=\"article:publisher\" content=\"https:\/\/facebook.com\/carnitec1\" \/>\n<meta property=\"article:modified_time\" content=\"2017-06-13T13:57:40+00:00\" \/>\n<meta property=\"og:image\" content=\"https:\/\/carnitec.com\/wp-content\/uploads\/2017\/06\/sorter2.jpg\" \/>\n\t<meta property=\"og:image:width\" content=\"700\" \/>\n\t<meta property=\"og:image:height\" content=\"429\" \/>\n\t<meta property=\"og:image:type\" content=\"image\/jpeg\" \/>\n<meta name=\"twitter:card\" content=\"summary\" \/>\n<meta name=\"twitter:site\" content=\"@carnitec_\" \/>\n<script type=\"application\/ld+json\" class=\"yoast-schema-graph\">{\"@context\":\"https:\/\/schema.org\",\"@graph\":[{\"@type\":\"WebPage\",\"@id\":\"https:\/\/carnitec.com\/lv\/products\/svara-skirotajs\/\",\"url\":\"https:\/\/carnitec.com\/lv\/products\/svara-skirotajs\/\",\"name\":\"Svara \u0161\u0137irot\u0101js - Carnitec\",\"isPartOf\":{\"@id\":\"https:\/\/carnitec.com\/lv\/#website\"},\"datePublished\":\"2017-06-13T13:57:39+00:00\",\"dateModified\":\"2017-06-13T13:57:40+00:00\",\"description\":\"Svara \u0161\u0137irot\u0101js. Ma\u0161\u012bna sast\u0101v no ieb\u016bv\u0113t\u0101s svara stacijas. Elektroniska skala var saglab\u0101t, glab\u0101t un nodot n\u0101kamos datus\",\"breadcrumb\":{\"@id\":\"https:\/\/carnitec.com\/lv\/products\/svara-skirotajs\/#breadcrumb\"},\"inLanguage\":\"lv-LV\",\"potentialAction\":[{\"@type\":\"ReadAction\",\"target\":[\"https:\/\/carnitec.com\/lv\/products\/svara-skirotajs\/\"]}]},{\"@type\":\"BreadcrumbList\",\"@id\":\"https:\/\/carnitec.com\/lv\/products\/svara-skirotajs\/#breadcrumb\",\"itemListElement\":[{\"@type\":\"ListItem\",\"position\":1,\"name\":\"\u0413\u043b\u0430\u0432\u043d\u0430\u044f \u0441\u0442\u0440\u0430\u043d\u0438\u0446\u0430\",\"item\":\"https:\/\/carnitec.com\/lv\/\"},{\"@type\":\"ListItem\",\"position\":2,\"name\":\"\u0422\u043e\u0432\u0430\u0440\u044b\",\"item\":\"https:\/\/carnitec.com\/shop\/\"},{\"@type\":\"ListItem\",\"position\":3,\"name\":\"Svara \u0161\u0137irot\u0101js\"}]},{\"@type\":\"WebSite\",\"@id\":\"https:\/\/carnitec.com\/lv\/#website\",\"url\":\"https:\/\/carnitec.com\/lv\/\",\"name\":\"Carnitec\",\"description\":\"P\u0101rtikas r\u016bpniec\u012bbas iek\u0101rtas\",\"publisher\":{\"@id\":\"https:\/\/carnitec.com\/lv\/#organization\"},\"potentialAction\":[{\"@type\":\"SearchAction\",\"target\":{\"@type\":\"EntryPoint\",\"urlTemplate\":\"https:\/\/carnitec.com\/lv\/?s={search_term_string}\"},\"query-input\":\"required name=search_term_string\"}],\"inLanguage\":\"lv-LV\"},{\"@type\":\"Organization\",\"@id\":\"https:\/\/carnitec.com\/lv\/#organization\",\"name\":\"Carnitec - food processing equipment\",\"url\":\"https:\/\/carnitec.com\/lv\/\",\"sameAs\":[\"https:\/\/www.instagram.com\/carnitec\/?hl=en\",\"https:\/\/www.linkedin.com\/company\/carnitec-ltd\/\",\"https:\/\/www.youtube.com\/channel\/UCwfiuJujkF2QxPPZAqB0T2w\",\"https:\/\/facebook.com\/carnitec1\",\"https:\/\/twitter.com\/carnitec_\"],\"logo\":{\"@type\":\"ImageObject\",\"inLanguage\":\"lv-LV\",\"@id\":\"https:\/\/carnitec.com\/lv\/#\/schema\/logo\/image\/\",\"url\":\"http:\/\/carnitec.com\/wp-content\/uploads\/2018\/01\/carnitec_logo_2018.png\",\"contentUrl\":\"http:\/\/carnitec.com\/wp-content\/uploads\/2018\/01\/carnitec_logo_2018.png\",\"width\":180,\"height\":50,\"caption\":\"Carnitec - food processing equipment\"},\"image\":{\"@id\":\"https:\/\/carnitec.com\/lv\/#\/schema\/logo\/image\/\"}}]}<\/script>\n<!-- \/ Yoast SEO plugin. -->","yoast_head_json":{"title":"Svara \u0161\u0137irot\u0101js - Carnitec","description":"Svara \u0161\u0137irot\u0101js. Ma\u0161\u012bna sast\u0101v no ieb\u016bv\u0113t\u0101s svara stacijas. Elektroniska skala var saglab\u0101t, glab\u0101t un nodot n\u0101kamos datus","robots":{"index":"index","follow":"follow","max-snippet":"max-snippet:-1","max-image-preview":"max-image-preview:large","max-video-preview":"max-video-preview:-1"},"canonical":"https:\/\/carnitec.com\/lv\/products\/svara-skirotajs\/","og_locale":"lv_LV","og_type":"article","og_title":"Svara \u0161\u0137irot\u0101js - Carnitec","og_description":"Svara \u0161\u0137irot\u0101js. Ma\u0161\u012bna sast\u0101v no ieb\u016bv\u0113t\u0101s svara stacijas. Elektroniska skala var saglab\u0101t, glab\u0101t un nodot n\u0101kamos datus","og_url":"https:\/\/carnitec.com\/lv\/products\/svara-skirotajs\/","og_site_name":"Carnitec","article_publisher":"https:\/\/facebook.com\/carnitec1","article_modified_time":"2017-06-13T13:57:40+00:00","og_image":[{"width":700,"height":429,"url":"https:\/\/carnitec.com\/wp-content\/uploads\/2017\/06\/sorter2.jpg","type":"image\/jpeg"}],"twitter_card":"summary","twitter_site":"@carnitec_","schema":{"@context":"https:\/\/schema.org","@graph":[{"@type":"WebPage","@id":"https:\/\/carnitec.com\/lv\/products\/svara-skirotajs\/","url":"https:\/\/carnitec.com\/lv\/products\/svara-skirotajs\/","name":"Svara \u0161\u0137irot\u0101js - Carnitec","isPartOf":{"@id":"https:\/\/carnitec.com\/lv\/#website"},"datePublished":"2017-06-13T13:57:39+00:00","dateModified":"2017-06-13T13:57:40+00:00","description":"Svara \u0161\u0137irot\u0101js. Ma\u0161\u012bna sast\u0101v no ieb\u016bv\u0113t\u0101s svara stacijas. Elektroniska skala var saglab\u0101t, glab\u0101t un nodot n\u0101kamos datus","breadcrumb":{"@id":"https:\/\/carnitec.com\/lv\/products\/svara-skirotajs\/#breadcrumb"},"inLanguage":"lv-LV","potentialAction":[{"@type":"ReadAction","target":["https:\/\/carnitec.com\/lv\/products\/svara-skirotajs\/"]}]},{"@type":"BreadcrumbList","@id":"https:\/\/carnitec.com\/lv\/products\/svara-skirotajs\/#breadcrumb","itemListElement":[{"@type":"ListItem","position":1,"name":"\u0413\u043b\u0430\u0432\u043d\u0430\u044f \u0441\u0442\u0440\u0430\u043d\u0438\u0446\u0430","item":"https:\/\/carnitec.com\/lv\/"},{"@type":"ListItem","position":2,"name":"\u0422\u043e\u0432\u0430\u0440\u044b","item":"https:\/\/carnitec.com\/shop\/"},{"@type":"ListItem","position":3,"name":"Svara \u0161\u0137irot\u0101js"}]},{"@type":"WebSite","@id":"https:\/\/carnitec.com\/lv\/#website","url":"https:\/\/carnitec.com\/lv\/","name":"Carnitec","description":"P\u0101rtikas r\u016bpniec\u012bbas iek\u0101rtas","publisher":{"@id":"https:\/\/carnitec.com\/lv\/#organization"},"potentialAction":[{"@type":"SearchAction","target":{"@type":"EntryPoint","urlTemplate":"https:\/\/carnitec.com\/lv\/?s={search_term_string}"},"query-input":"required name=search_term_string"}],"inLanguage":"lv-LV"},{"@type":"Organization","@id":"https:\/\/carnitec.com\/lv\/#organization","name":"Carnitec - food processing equipment","url":"https:\/\/carnitec.com\/lv\/","sameAs":["https:\/\/www.instagram.com\/carnitec\/?hl=en","https:\/\/www.linkedin.com\/company\/carnitec-ltd\/","https:\/\/www.youtube.com\/channel\/UCwfiuJujkF2QxPPZAqB0T2w","https:\/\/facebook.com\/carnitec1","https:\/\/twitter.com\/carnitec_"],"logo":{"@type":"ImageObject","inLanguage":"lv-LV","@id":"https:\/\/carnitec.com\/lv\/#\/schema\/logo\/image\/","url":"http:\/\/carnitec.com\/wp-content\/uploads\/2018\/01\/carnitec_logo_2018.png","contentUrl":"http:\/\/carnitec.com\/wp-content\/uploads\/2018\/01\/carnitec_logo_2018.png","width":180,"height":50,"caption":"Carnitec - food processing equipment"},"image":{"@id":"https:\/\/carnitec.com\/lv\/#\/schema\/logo\/image\/"}}]}},"_links":{"self":[{"href":"https:\/\/carnitec.com\/lv\/wp-json\/wp\/v2\/product\/12107"}],"collection":[{"href":"https:\/\/carnitec.com\/lv\/wp-json\/wp\/v2\/product"}],"about":[{"href":"https:\/\/carnitec.com\/lv\/wp-json\/wp\/v2\/types\/product"}],"wp:featuredmedia":[{"embeddable":true,"href":"https:\/\/carnitec.com\/lv\/wp-json\/wp\/v2\/media\/12099"}],"wp:attachment":[{"href":"https:\/\/carnitec.com\/lv\/wp-json\/wp\/v2\/media?parent=12107"}],"wp:term":[{"taxonomy":"product_cat","embeddable":true,"href":"https:\/\/carnitec.com\/lv\/wp-json\/wp\/v2\/product_cat?post=12107"},{"taxonomy":"product_tag","embeddable":true,"href":"https:\/\/carnitec.com\/lv\/wp-json\/wp\/v2\/product_tag?post=12107"}],"curies":[{"name":"wp","href":"https:\/\/api.w.org\/{rel}","templated":true}]}}