{"id":12091,"date":"2015-10-25T20:28:27","date_gmt":"2017-06-08T18:19:50","guid":{"rendered":"http:\/\/staging1.carnitec.com\/lv\/?post_type=product&#038;p=12091"},"modified":"2017-06-08T20:19:50","modified_gmt":"2017-06-08T18:19:50","slug":"mikrokuteris-stephan-mch-20","status":"publish","type":"product","link":"https:\/\/carnitec.com\/lv\/products\/mikrokuteris-stephan-mch-20\/","title":{"rendered":"Mikrokuteris STEPHAN MCH 20"},"content":{"rendered":"<h2>Mikrokuteris STEPHAN MCH 20<\/h2>\n<div class=\"embed-responsive embed-responsive-16by9\"><iframe loading=\"lazy\" title=\"MICROCUT MCH 20 With Mixer\" width=\"640\" height=\"480\" src=\"https:\/\/www.youtube.com\/embed\/7s1nhZs_PpE?feature=oembed\" frameborder=\"0\" allow=\"accelerometer; autoplay; clipboard-write; encrypted-media; gyroscope; picture-in-picture\" allowfullscreen><\/iframe><\/div>\n<p>STEPHAN MCH 20 Smalcin\u0101\u0161ana un emul\u0123\u0113\u0161ana lab\u0101k\u0101 veid\u0101<\/p>\n<ul>\n<li>ra\u017eotsp\u0113ja ir atkar\u012bga no izstr\u0101d\u0101jumu tipa un tehnolo\u0123isku procesu: aptuveni 1 000 kg \/ stunda<\/li>\n<li>sast\u0101vda\u013cas, kas kontakt\u0113 ar produktu \u2014 1.4301 vai taml\u012bdz\u012bgs (V2\u0410)<\/li>\n<li>\u0101r\u0113j\u0101 virsma no keramikas p\u0101rkl\u0101jumu<\/li>\n<li>iek\u0161\u0113j\u0101 virsma ar keramisko p\u0101rkl\u0101jumu<\/li>\n<li>korpuss izgatavots no ner\u016bs\u0113jo\u0161\u0101 t\u0113rauda<\/li>\n<li>ar darba instrumenta taisnu piedzi\u0146u<\/li>\n<li>tips 160 \u041c-2 \u0410<\/li>\n<li>50 Hz, 3000 rev \/ min, 15 kW<\/li>\n<li>bl\u012bv\u0113\u0161anas gredzens motoram<\/li>\n<li>griez\u0113jgalva<\/li>\n<li>padev\u0113jdisks ar padev\u0113jspir\u0101lej<\/li>\n<li>graiz\u012bgs gredzens ar sl\u012bpiem zobiem 0,7 mm<\/li>\n<li>iel\u0101\u017eu bunkurs no ner\u016bs\u0113jo\u0161\u0101 t\u0113rauda<\/li>\n<li>caurule izb\u0113r\u0161anai DN 50<\/li>\n<li>darbspriegums \u2014 380 V, 50 Hz, tr\u012bsf\u0101zu \u0410\u0421<\/li>\n<li>kontroles spriegums \u2013 110 V<\/li>\n<li>iel\u0101\u017eu da\u013cas kontrol\u0113jo\u0161ais kontaktors ar s\u0101kumu soli un iemont\u0113ta korpus\u0101 piesilsto\u0161\u0101 ier\u012bce<\/li>\n<li>p\u0101rvalde caur spiedpog\u0101m<\/li>\n<li>kop\u0113js ma\u0161\u012bnas augstums 800mm<\/li>\n<li>svars 220 kg<\/li>\n<\/ul>\n","protected":false},"excerpt":{"rendered":"<p>Smalcin\u0101\u0161ana un emul\u0123\u0113\u0161ana lab\u0101k\u0101 veid\u0101<\/p>\n<p>ra\u017eotsp\u0113ja ir atkar\u012bga no izstr\u0101d\u0101jumu tipa un tehnolo\u0123isku procesu: aptuveni 1 000 kg \/ stunda.<br \/>\nsast\u0101vda\u013cas, kas kontakt\u0113 ar produktu \u2014 1.4301 vai taml\u012bdz\u012bgs (V2\u0410)<\/p>\n","protected":false},"featured_media":11064,"template":"","meta":{"content-type":"","_monsterinsights_skip_tracking":false,"_monsterinsights_sitenote_active":false,"_monsterinsights_sitenote_note":"","_monsterinsights_sitenote_category":0},"product_cat":[933],"product_tag":[],"yoast_head":"<!-- This site is optimized with the Yoast SEO plugin v19.5.1 - https:\/\/yoast.com\/wordpress\/plugins\/seo\/ -->\n<title>Mikrokuteris STEPHAN MCH 20 - Carnitec<\/title>\n<meta name=\"description\" content=\"Mikrokuteris STEPHAN MCH 20 ra\u017eotsp\u0113ja ir atkar\u012bga no izstr\u0101d\u0101jumu tipa un tehnolo\u0123isku procesu: aptuveni 1 000 kg \/ stunda\" \/>\n<meta name=\"robots\" content=\"index, follow, max-snippet:-1, max-image-preview:large, max-video-preview:-1\" \/>\n<link rel=\"canonical\" href=\"https:\/\/carnitec.com\/lv\/products\/mikrokuteris-stephan-mch-20\/\" \/>\n<meta property=\"og:locale\" content=\"lv_LV\" \/>\n<meta property=\"og:type\" content=\"article\" \/>\n<meta property=\"og:title\" content=\"Mikrokuteris STEPHAN MCH 20 - Carnitec\" \/>\n<meta property=\"og:description\" content=\"Mikrokuteris STEPHAN MCH 20 ra\u017eotsp\u0113ja ir atkar\u012bga no izstr\u0101d\u0101jumu tipa un tehnolo\u0123isku procesu: aptuveni 1 000 kg \/ stunda\" \/>\n<meta property=\"og:url\" content=\"https:\/\/carnitec.com\/lv\/products\/mikrokuteris-stephan-mch-20\/\" \/>\n<meta property=\"og:site_name\" content=\"Carnitec\" \/>\n<meta property=\"article:publisher\" content=\"https:\/\/facebook.com\/carnitec1\" \/>\n<meta property=\"og:image\" content=\"https:\/\/carnitec.com\/wp-content\/uploads\/2015\/10\/MCH_20_N_9d1cf36d52.jpg\" \/>\n\t<meta property=\"og:image:width\" content=\"450\" \/>\n\t<meta property=\"og:image:height\" content=\"300\" \/>\n\t<meta property=\"og:image:type\" content=\"image\/jpeg\" \/>\n<meta name=\"twitter:card\" content=\"summary\" \/>\n<meta name=\"twitter:site\" content=\"@carnitec_\" \/>\n<meta name=\"twitter:label1\" content=\"Est. reading time\" \/>\n\t<meta name=\"twitter:data1\" content=\"1 min\u016b\u0161u\" \/>\n<script type=\"application\/ld+json\" class=\"yoast-schema-graph\">{\"@context\":\"https:\/\/schema.org\",\"@graph\":[{\"@type\":\"WebPage\",\"@id\":\"https:\/\/carnitec.com\/lv\/products\/mikrokuteris-stephan-mch-20\/\",\"url\":\"https:\/\/carnitec.com\/lv\/products\/mikrokuteris-stephan-mch-20\/\",\"name\":\"Mikrokuteris STEPHAN MCH 20 - Carnitec\",\"isPartOf\":{\"@id\":\"https:\/\/carnitec.com\/lv\/#website\"},\"datePublished\":\"2017-06-08T18:19:50+00:00\",\"dateModified\":\"2017-06-08T18:19:50+00:00\",\"description\":\"Mikrokuteris STEPHAN MCH 20 ra\u017eotsp\u0113ja ir atkar\u012bga no izstr\u0101d\u0101jumu tipa un tehnolo\u0123isku procesu: aptuveni 1 000 kg \/ stunda\",\"breadcrumb\":{\"@id\":\"https:\/\/carnitec.com\/lv\/products\/mikrokuteris-stephan-mch-20\/#breadcrumb\"},\"inLanguage\":\"lv-LV\",\"potentialAction\":[{\"@type\":\"ReadAction\",\"target\":[\"https:\/\/carnitec.com\/lv\/products\/mikrokuteris-stephan-mch-20\/\"]}]},{\"@type\":\"BreadcrumbList\",\"@id\":\"https:\/\/carnitec.com\/lv\/products\/mikrokuteris-stephan-mch-20\/#breadcrumb\",\"itemListElement\":[{\"@type\":\"ListItem\",\"position\":1,\"name\":\"\u0413\u043b\u0430\u0432\u043d\u0430\u044f \u0441\u0442\u0440\u0430\u043d\u0438\u0446\u0430\",\"item\":\"https:\/\/carnitec.com\/lv\/\"},{\"@type\":\"ListItem\",\"position\":2,\"name\":\"\u0422\u043e\u0432\u0430\u0440\u044b\",\"item\":\"https:\/\/carnitec.com\/shop\/\"},{\"@type\":\"ListItem\",\"position\":3,\"name\":\"Mikrokuteris STEPHAN MCH 20\"}]},{\"@type\":\"WebSite\",\"@id\":\"https:\/\/carnitec.com\/lv\/#website\",\"url\":\"https:\/\/carnitec.com\/lv\/\",\"name\":\"Carnitec\",\"description\":\"P\u0101rtikas r\u016bpniec\u012bbas iek\u0101rtas\",\"publisher\":{\"@id\":\"https:\/\/carnitec.com\/lv\/#organization\"},\"potentialAction\":[{\"@type\":\"SearchAction\",\"target\":{\"@type\":\"EntryPoint\",\"urlTemplate\":\"https:\/\/carnitec.com\/lv\/?s={search_term_string}\"},\"query-input\":\"required name=search_term_string\"}],\"inLanguage\":\"lv-LV\"},{\"@type\":\"Organization\",\"@id\":\"https:\/\/carnitec.com\/lv\/#organization\",\"name\":\"Carnitec - food processing equipment\",\"url\":\"https:\/\/carnitec.com\/lv\/\",\"sameAs\":[\"https:\/\/www.instagram.com\/carnitec\/?hl=en\",\"https:\/\/www.linkedin.com\/company\/carnitec-ltd\/\",\"https:\/\/www.youtube.com\/channel\/UCwfiuJujkF2QxPPZAqB0T2w\",\"https:\/\/facebook.com\/carnitec1\",\"https:\/\/twitter.com\/carnitec_\"],\"logo\":{\"@type\":\"ImageObject\",\"inLanguage\":\"lv-LV\",\"@id\":\"https:\/\/carnitec.com\/lv\/#\/schema\/logo\/image\/\",\"url\":\"http:\/\/carnitec.com\/wp-content\/uploads\/2018\/01\/carnitec_logo_2018.png\",\"contentUrl\":\"http:\/\/carnitec.com\/wp-content\/uploads\/2018\/01\/carnitec_logo_2018.png\",\"width\":180,\"height\":50,\"caption\":\"Carnitec - food processing equipment\"},\"image\":{\"@id\":\"https:\/\/carnitec.com\/lv\/#\/schema\/logo\/image\/\"}}]}<\/script>\n<!-- \/ Yoast SEO plugin. -->","yoast_head_json":{"title":"Mikrokuteris STEPHAN MCH 20 - Carnitec","description":"Mikrokuteris STEPHAN MCH 20 ra\u017eotsp\u0113ja ir atkar\u012bga no izstr\u0101d\u0101jumu tipa un tehnolo\u0123isku procesu: aptuveni 1 000 kg \/ stunda","robots":{"index":"index","follow":"follow","max-snippet":"max-snippet:-1","max-image-preview":"max-image-preview:large","max-video-preview":"max-video-preview:-1"},"canonical":"https:\/\/carnitec.com\/lv\/products\/mikrokuteris-stephan-mch-20\/","og_locale":"lv_LV","og_type":"article","og_title":"Mikrokuteris STEPHAN MCH 20 - Carnitec","og_description":"Mikrokuteris STEPHAN MCH 20 ra\u017eotsp\u0113ja ir atkar\u012bga no izstr\u0101d\u0101jumu tipa un tehnolo\u0123isku procesu: aptuveni 1 000 kg \/ stunda","og_url":"https:\/\/carnitec.com\/lv\/products\/mikrokuteris-stephan-mch-20\/","og_site_name":"Carnitec","article_publisher":"https:\/\/facebook.com\/carnitec1","og_image":[{"width":450,"height":300,"url":"https:\/\/carnitec.com\/wp-content\/uploads\/2015\/10\/MCH_20_N_9d1cf36d52.jpg","type":"image\/jpeg"}],"twitter_card":"summary","twitter_site":"@carnitec_","twitter_misc":{"Est. reading time":"1 min\u016b\u0161u"},"schema":{"@context":"https:\/\/schema.org","@graph":[{"@type":"WebPage","@id":"https:\/\/carnitec.com\/lv\/products\/mikrokuteris-stephan-mch-20\/","url":"https:\/\/carnitec.com\/lv\/products\/mikrokuteris-stephan-mch-20\/","name":"Mikrokuteris STEPHAN MCH 20 - Carnitec","isPartOf":{"@id":"https:\/\/carnitec.com\/lv\/#website"},"datePublished":"2017-06-08T18:19:50+00:00","dateModified":"2017-06-08T18:19:50+00:00","description":"Mikrokuteris STEPHAN MCH 20 ra\u017eotsp\u0113ja ir atkar\u012bga no izstr\u0101d\u0101jumu tipa un tehnolo\u0123isku procesu: aptuveni 1 000 kg \/ stunda","breadcrumb":{"@id":"https:\/\/carnitec.com\/lv\/products\/mikrokuteris-stephan-mch-20\/#breadcrumb"},"inLanguage":"lv-LV","potentialAction":[{"@type":"ReadAction","target":["https:\/\/carnitec.com\/lv\/products\/mikrokuteris-stephan-mch-20\/"]}]},{"@type":"BreadcrumbList","@id":"https:\/\/carnitec.com\/lv\/products\/mikrokuteris-stephan-mch-20\/#breadcrumb","itemListElement":[{"@type":"ListItem","position":1,"name":"\u0413\u043b\u0430\u0432\u043d\u0430\u044f \u0441\u0442\u0440\u0430\u043d\u0438\u0446\u0430","item":"https:\/\/carnitec.com\/lv\/"},{"@type":"ListItem","position":2,"name":"\u0422\u043e\u0432\u0430\u0440\u044b","item":"https:\/\/carnitec.com\/shop\/"},{"@type":"ListItem","position":3,"name":"Mikrokuteris STEPHAN MCH 20"}]},{"@type":"WebSite","@id":"https:\/\/carnitec.com\/lv\/#website","url":"https:\/\/carnitec.com\/lv\/","name":"Carnitec","description":"P\u0101rtikas r\u016bpniec\u012bbas iek\u0101rtas","publisher":{"@id":"https:\/\/carnitec.com\/lv\/#organization"},"potentialAction":[{"@type":"SearchAction","target":{"@type":"EntryPoint","urlTemplate":"https:\/\/carnitec.com\/lv\/?s={search_term_string}"},"query-input":"required name=search_term_string"}],"inLanguage":"lv-LV"},{"@type":"Organization","@id":"https:\/\/carnitec.com\/lv\/#organization","name":"Carnitec - food processing equipment","url":"https:\/\/carnitec.com\/lv\/","sameAs":["https:\/\/www.instagram.com\/carnitec\/?hl=en","https:\/\/www.linkedin.com\/company\/carnitec-ltd\/","https:\/\/www.youtube.com\/channel\/UCwfiuJujkF2QxPPZAqB0T2w","https:\/\/facebook.com\/carnitec1","https:\/\/twitter.com\/carnitec_"],"logo":{"@type":"ImageObject","inLanguage":"lv-LV","@id":"https:\/\/carnitec.com\/lv\/#\/schema\/logo\/image\/","url":"http:\/\/carnitec.com\/wp-content\/uploads\/2018\/01\/carnitec_logo_2018.png","contentUrl":"http:\/\/carnitec.com\/wp-content\/uploads\/2018\/01\/carnitec_logo_2018.png","width":180,"height":50,"caption":"Carnitec - food processing equipment"},"image":{"@id":"https:\/\/carnitec.com\/lv\/#\/schema\/logo\/image\/"}}]}},"_links":{"self":[{"href":"https:\/\/carnitec.com\/lv\/wp-json\/wp\/v2\/product\/12091"}],"collection":[{"href":"https:\/\/carnitec.com\/lv\/wp-json\/wp\/v2\/product"}],"about":[{"href":"https:\/\/carnitec.com\/lv\/wp-json\/wp\/v2\/types\/product"}],"wp:featuredmedia":[{"embeddable":true,"href":"https:\/\/carnitec.com\/lv\/wp-json\/wp\/v2\/media\/11064"}],"wp:attachment":[{"href":"https:\/\/carnitec.com\/lv\/wp-json\/wp\/v2\/media?parent=12091"}],"wp:term":[{"taxonomy":"product_cat","embeddable":true,"href":"https:\/\/carnitec.com\/lv\/wp-json\/wp\/v2\/product_cat?post=12091"},{"taxonomy":"product_tag","embeddable":true,"href":"https:\/\/carnitec.com\/lv\/wp-json\/wp\/v2\/product_tag?post=12091"}],"curies":[{"name":"wp","href":"https:\/\/api.w.org\/{rel}","templated":true}]}}