{"id":12090,"date":"2017-06-07T22:45:44","date_gmt":"2017-06-08T15:59:38","guid":{"rendered":"http:\/\/staging1.carnitec.com\/lv\/?post_type=product&#038;p=12090"},"modified":"2017-06-20T19:25:00","modified_gmt":"2017-06-20T17:25:00","slug":"mazgajosa-masina-ar-ieladi-hbf07","status":"publish","type":"product","link":"https:\/\/carnitec.com\/lv\/products\/mazgajosa-masina-ar-ieladi-hbf07\/","title":{"rendered":"Mazg\u0101jam\u0101 ma\u0161\u012bna ar iel\u0101di HBF07"},"content":{"rendered":"<h2>Mazg\u0101jam\u0101 ma\u0161\u012bna ar iel\u0101di HBF07<\/h2>\n<p>Bloks ir izgatavots no ner\u016bs\u0113jo\u0161\u0101 t\u0113rauda, tips 1.4301. Durvis ar dubultsien\u0101m ir apr\u012bkots ar dro\u0161\u012bbas sl\u0113giek\u0101rtu. Mazg\u0101jam\u0101 tvertn\u0113 ir filtrs ar divk\u0101r\u0161u sietu un no\u0146emamu atkritumu sav\u0101c\u0113ju, un filtrs ar sietu uz pumpi. Termo-izsl\u0113g\u0161anas funkcija l\u012bnij\u0101 saska\u0146a ar HACCP stand\u0101rtu. Ieb\u016bv\u0113ts s\u016bknis skalo\u0161anai standarta komplekt\u0113\u0161an\u0101. \u010cetras mazg\u0101\u0161anas programmas: programm\u0113t no 120 l\u012bdz 360 sekund\u0113m, un ciparu katla displejs un rezervu\u0101ra temperat\u016bra.<\/p>\n<p><a href=\"http:\/\/carnitec.com\/wp-content\/uploads\/2017\/06\/Kopiya-HBF07_2.jpg\" data-rel=\"lightbox-image-0\" data-rl_title=\"\" data-rl_caption=\"\" title=\"\"><img class=\"alignnone size-medium wp-image-12078\" src=\"http:\/\/carnitec.com\/wp-content\/uploads\/2017\/06\/Kopiya-HBF07_2-300x248.jpg\" alt=\"\" width=\"300\" height=\"248\" \/><\/a><a href=\"http:\/\/carnitec.com\/wp-content\/uploads\/2017\/06\/Kopiya-HBF07_1.jpg\" data-rel=\"lightbox-image-1\" data-rl_title=\"\" data-rl_caption=\"\" title=\"\"><img class=\"alignnone size-medium wp-image-12075\" src=\"http:\/\/carnitec.com\/wp-content\/uploads\/2017\/06\/Kopiya-HBF07_1-300x270.jpg\" alt=\"\" width=\"300\" height=\"270\" \/><\/a><\/p>\n<div class=\"page\" title=\"Page 2\">\n<div class=\"layoutArea\">\n<div class=\"column\">\n<p>Tehniskie dati:<\/p>\n<\/div>\n<\/div>\n<table>\n<tbody>\n<tr>\n<td>\n<div class=\"layoutArea\">\n<div class=\"column\">\n<p>Jauda<\/p>\n<\/div>\n<\/div>\n<\/td>\n<td>\n<div class=\"layoutArea\">\n<div class=\"column\">\n<p>Crates \/ hour<\/p>\n<\/div>\n<\/div>\n<\/td>\n<td>\n<div class=\"layoutArea\">\n<div class=\"column\">\n<p>15 to 50<\/p>\n<\/div>\n<\/div>\n<\/td>\n<\/tr>\n<tr>\n<td>\n<div class=\"layoutArea\">\n<div class=\"column\">\n<p>maks. izm\u0113ri mazg\u0101\u0161anas priek\u0161metiem<\/p>\n<\/div>\n<\/div>\n<\/td>\n<td>\n<div class=\"layoutArea\">\n<div class=\"column\">\n<p>mm<\/p>\n<\/div>\n<\/div>\n<\/td>\n<td>\n<div class=\"layoutArea\">\n<div class=\"column\">\n<p>500x610x440<\/p>\n<\/div>\n<\/div>\n<\/td>\n<\/tr>\n<tr>\n<td>\n<div class=\"layoutArea\">\n<div class=\"column\">\n<p>Kop\u0113jie izm\u0113ri \u00a0L\/W\/H<\/p>\n<\/div>\n<\/div>\n<\/td>\n<td>\n<div class=\"layoutArea\">\n<div class=\"column\">\n<p>mm<\/p>\n<\/div>\n<\/div>\n<\/td>\n<td>\n<div class=\"layoutArea\">\n<div class=\"column\">\n<p>600x700x1380<\/p>\n<\/div>\n<\/div>\n<\/td>\n<\/tr>\n<tr>\n<td>\n<div class=\"layoutArea\">\n<div class=\"column\">\n<p>\u016adens apg\u0101de<\/p>\n<\/div>\n<\/div>\n<\/td>\n<td>\n<div class=\"layoutArea\">\n<div class=\"column\">\n<p>Bar<\/p>\n<\/div>\n<\/div>\n<\/td>\n<td>\n<div class=\"layoutArea\">\n<div class=\"column\">\n<p>2-4<\/p>\n<\/div>\n<\/div>\n<\/td>\n<\/tr>\n<tr>\n<td>\n<div class=\"layoutArea\">\n<div class=\"column\">\n<p>Tvertnes sild\u012bt\u0101js<\/p>\n<\/div>\n<\/div>\n<\/td>\n<td>\n<div class=\"layoutArea\">\n<div class=\"column\">\n<p>kW<\/p>\n<\/div>\n<\/div>\n<\/td>\n<td>\n<div class=\"layoutArea\">\n<div class=\"column\">\n<p>2.70<\/p>\n<\/div>\n<\/div>\n<\/td>\n<\/tr>\n<tr>\n<td>\n<div class=\"layoutArea\">\n<div class=\"column\">\n<p>Katls sild\u012bt\u0101js<\/p>\n<\/div>\n<\/div>\n<\/td>\n<td>\n<div class=\"layoutArea\">\n<div class=\"column\">\n<p>kW<\/p>\n<\/div>\n<\/div>\n<\/td>\n<td>\n<div class=\"layoutArea\">\n<div class=\"column\">\n<p>9.00<\/p>\n<\/div>\n<\/div>\n<\/td>\n<\/tr>\n<tr>\n<td>\n<div class=\"layoutArea\">\n<div class=\"column\">\n<p>Pumpis<\/p>\n<\/div>\n<\/div>\n<\/td>\n<td>\n<div class=\"layoutArea\">\n<div class=\"column\">\n<p>kW<\/p>\n<\/div>\n<\/div>\n<\/td>\n<td>\n<div class=\"layoutArea\">\n<div class=\"column\">\n<p>1.20<\/p>\n<\/div>\n<\/div>\n<\/td>\n<\/tr>\n<tr>\n<td>\n<div class=\"layoutArea\">\n<div class=\"column\">\n<p>Pat\u0113ri\u0146a intensit\u0101te (sild\u012bt\u0101ji blo\u0137\u0113t\u0101m)<\/p>\n<\/div>\n<\/div>\n<\/td>\n<td>\n<div class=\"layoutArea\">\n<div class=\"column\">\n<p>kW<\/p>\n<\/div>\n<\/div>\n<\/td>\n<td>\n<div class=\"layoutArea\">\n<div class=\"column\">\n<p>10.2<\/p>\n<\/div>\n<\/div>\n<\/td>\n<\/tr>\n<tr>\n<td>\n<div class=\"layoutArea\">\n<div class=\"column\">\n<p>Baro\u0161anas spriegums<\/p>\n<\/div>\n<\/div>\n<\/td>\n<td>\n<div class=\"layoutArea\">\n<div class=\"column\">\n<p>V, Hz<\/p>\n<\/div>\n<\/div>\n<\/td>\n<td>\n<div class=\"layoutArea\">\n<div class=\"column\">\n<p>3\/N\/PE 400, 50<\/p>\n<\/div>\n<\/div>\n<\/td>\n<\/tr>\n<tr>\n<td>\n<div class=\"layoutArea\">\n<div class=\"column\">\n<p>Mazg\u0101t\u0101ja sprausl\u0101m<\/p>\n<\/div>\n<\/div>\n<\/td>\n<td>\n<div class=\"layoutArea\">\n<div class=\"column\">\n<p>pieces<\/p>\n<\/div>\n<\/div>\n<\/td>\n<td>\n<div class=\"layoutArea\">\n<div class=\"column\">\n<p>16<\/p>\n<\/div>\n<\/div>\n<\/td>\n<\/tr>\n<tr>\n<td>\n<div class=\"layoutArea\">\n<div class=\"column\">\n<p>Tvertne saturs<\/p>\n<\/div>\n<\/div>\n<\/td>\n<td>\n<div class=\"layoutArea\">\n<div class=\"column\">\n<p>Litre<\/p>\n<\/div>\n<\/div>\n<\/td>\n<td>\n<div class=\"layoutArea\">\n<div class=\"column\">\n<p>25<\/p>\n<\/div>\n<\/div>\n<\/td>\n<\/tr>\n<tr>\n<td>\n<div class=\"layoutArea\">\n<div class=\"column\">\n<p>Katls\u00a0saturs<\/p>\n<\/div>\n<\/div>\n<\/td>\n<td>\n<div class=\"layoutArea\">\n<div class=\"column\">\n<p>Litre<\/p>\n<\/div>\n<\/div>\n<\/td>\n<td>\n<div class=\"layoutArea\">\n<div class=\"column\">\n<p>10<\/p>\n<\/div>\n<\/div>\n<\/td>\n<\/tr>\n<tr>\n<td>\n<div class=\"layoutArea\">\n<div class=\"column\">\n<p>\u016adens pat\u0113ri\u0146\u0161 \/ mazg\u0101\u0161anas ciklu (2 bar)<\/p>\n<\/div>\n<\/div>\n<\/td>\n<td>\n<div class=\"layoutArea\">\n<div class=\"column\">\n<p>Litre<\/p>\n<\/div>\n<\/div>\n<\/td>\n<td>\n<div class=\"layoutArea\">\n<div class=\"column\">\n<p>2.3<\/p>\n<\/div>\n<\/div>\n<\/td>\n<\/tr>\n<tr>\n<td>\n<div class=\"layoutArea\">\n<div class=\"column\">\n<p>Svars<\/p>\n<\/div>\n<\/div>\n<\/td>\n<td>\n<div class=\"layoutArea\">\n<div class=\"column\">\n<p>Kg<\/p>\n<\/div>\n<\/div>\n<\/td>\n<td>\n<div class=\"layoutArea\">\n<div class=\"column\">\n<p>100<\/p>\n<\/div>\n<\/div>\n<\/td>\n<\/tr>\n<tr>\n<td>\n<div class=\"layoutArea\">\n<div class=\"column\">\n<p>Troksnis<\/p>\n<\/div>\n<\/div>\n<\/td>\n<td>\n<div class=\"layoutArea\">\n<div class=\"column\">\n<p>dB (A)<\/p>\n<\/div>\n<\/div>\n<\/td>\n<td>\n<div class=\"layoutArea\">\n<div class=\"column\">\n<p>63.8<\/p>\n<\/div>\n<\/div>\n<\/td>\n<\/tr>\n<\/tbody>\n<\/table>\n<p><a href=\"http:\/\/carnitec.com\/wp-content\/uploads\/2017\/06\/Kopiya-HBF07_3.jpg\" data-rel=\"lightbox-image-2\" data-rl_title=\"\" data-rl_caption=\"\" title=\"\"><img class=\"alignnone size-medium wp-image-12081\" src=\"http:\/\/carnitec.com\/wp-content\/uploads\/2017\/06\/Kopiya-HBF07_3-300x190.jpg\" alt=\"\" width=\"300\" height=\"190\" \/><\/a><\/p>\n<\/div>\n","protected":false},"excerpt":{"rendered":"<p>Mazg\u0101jam\u0101 ma\u0161\u012bna ar iel\u0101di HBF07<\/p>\n<p>Bloks ir izgatavots no ner\u016bs\u0113jo\u0161\u0101 t\u0113rauda, tips 1.4301. Durvis ar dubultsien\u0101m ir apr\u012bkots ar dro\u0161\u012bbas sl\u0113giek\u0101rtu.<\/p>\n","protected":false},"featured_media":12086,"template":"","meta":{"content-type":"","_monsterinsights_skip_tracking":false,"_monsterinsights_sitenote_active":false,"_monsterinsights_sitenote_note":"","_monsterinsights_sitenote_category":0},"product_cat":[880],"product_tag":[],"yoast_head":"<!-- This site is optimized with the Yoast SEO plugin v19.5.1 - https:\/\/yoast.com\/wordpress\/plugins\/seo\/ -->\n<title>Mazg\u0101jam\u0101 ma\u0161\u012bna ar iel\u0101di HBF07 - Carnitec<\/title>\n<meta name=\"description\" content=\"Mazg\u0101jo\u0161\u0101 ma\u0161\u012bna ar iel\u0101di HBF07 Bloks ir izgatavots no ner\u016bs\u0113jo\u0161\u0101 t\u0113rauda, tips 1.4301. Durvis ar dubultsien\u0101m ir apr\u012bkots ar dro\u0161\u012bbas sl\u0113giek\u0101rtu.\" \/>\n<meta name=\"robots\" content=\"index, follow, max-snippet:-1, max-image-preview:large, max-video-preview:-1\" \/>\n<link rel=\"canonical\" href=\"https:\/\/carnitec.com\/lv\/products\/mazgajosa-masina-ar-ieladi-hbf07\/\" \/>\n<meta property=\"og:locale\" content=\"lv_LV\" \/>\n<meta property=\"og:type\" content=\"article\" \/>\n<meta property=\"og:title\" content=\"Mazg\u0101jam\u0101 ma\u0161\u012bna ar iel\u0101di HBF07 - Carnitec\" \/>\n<meta property=\"og:description\" content=\"Mazg\u0101jo\u0161\u0101 ma\u0161\u012bna ar iel\u0101di HBF07 Bloks ir izgatavots no ner\u016bs\u0113jo\u0161\u0101 t\u0113rauda, tips 1.4301. Durvis ar dubultsien\u0101m ir apr\u012bkots ar dro\u0161\u012bbas sl\u0113giek\u0101rtu.\" \/>\n<meta property=\"og:url\" content=\"https:\/\/carnitec.com\/lv\/products\/mazgajosa-masina-ar-ieladi-hbf07\/\" \/>\n<meta property=\"og:site_name\" content=\"Carnitec\" \/>\n<meta property=\"article:publisher\" content=\"https:\/\/facebook.com\/carnitec1\" \/>\n<meta property=\"article:modified_time\" content=\"2017-06-20T17:25:00+00:00\" \/>\n<meta property=\"og:image\" content=\"https:\/\/carnitec.com\/wp-content\/uploads\/2017\/06\/Kopiya-HBF07.jpg\" \/>\n\t<meta property=\"og:image:width\" content=\"510\" \/>\n\t<meta property=\"og:image:height\" content=\"754\" \/>\n\t<meta property=\"og:image:type\" content=\"image\/jpeg\" \/>\n<meta name=\"twitter:card\" content=\"summary\" \/>\n<meta name=\"twitter:site\" content=\"@carnitec_\" \/>\n<meta name=\"twitter:label1\" content=\"Est. reading time\" \/>\n\t<meta name=\"twitter:data1\" content=\"1 min\u016b\u0161u\" \/>\n<script type=\"application\/ld+json\" class=\"yoast-schema-graph\">{\"@context\":\"https:\/\/schema.org\",\"@graph\":[{\"@type\":\"WebPage\",\"@id\":\"https:\/\/carnitec.com\/lv\/products\/mazgajosa-masina-ar-ieladi-hbf07\/\",\"url\":\"https:\/\/carnitec.com\/lv\/products\/mazgajosa-masina-ar-ieladi-hbf07\/\",\"name\":\"Mazg\u0101jam\u0101 ma\u0161\u012bna ar iel\u0101di HBF07 - Carnitec\",\"isPartOf\":{\"@id\":\"https:\/\/carnitec.com\/lv\/#website\"},\"datePublished\":\"2017-06-08T15:59:38+00:00\",\"dateModified\":\"2017-06-20T17:25:00+00:00\",\"description\":\"Mazg\u0101jo\u0161\u0101 ma\u0161\u012bna ar iel\u0101di HBF07 Bloks ir izgatavots no ner\u016bs\u0113jo\u0161\u0101 t\u0113rauda, tips 1.4301. Durvis ar dubultsien\u0101m ir apr\u012bkots ar dro\u0161\u012bbas sl\u0113giek\u0101rtu.\",\"breadcrumb\":{\"@id\":\"https:\/\/carnitec.com\/lv\/products\/mazgajosa-masina-ar-ieladi-hbf07\/#breadcrumb\"},\"inLanguage\":\"lv-LV\",\"potentialAction\":[{\"@type\":\"ReadAction\",\"target\":[\"https:\/\/carnitec.com\/lv\/products\/mazgajosa-masina-ar-ieladi-hbf07\/\"]}]},{\"@type\":\"BreadcrumbList\",\"@id\":\"https:\/\/carnitec.com\/lv\/products\/mazgajosa-masina-ar-ieladi-hbf07\/#breadcrumb\",\"itemListElement\":[{\"@type\":\"ListItem\",\"position\":1,\"name\":\"\u0413\u043b\u0430\u0432\u043d\u0430\u044f \u0441\u0442\u0440\u0430\u043d\u0438\u0446\u0430\",\"item\":\"https:\/\/carnitec.com\/lv\/\"},{\"@type\":\"ListItem\",\"position\":2,\"name\":\"\u0422\u043e\u0432\u0430\u0440\u044b\",\"item\":\"https:\/\/carnitec.com\/shop\/\"},{\"@type\":\"ListItem\",\"position\":3,\"name\":\"Mazg\u0101jam\u0101 ma\u0161\u012bna ar iel\u0101di HBF07\"}]},{\"@type\":\"WebSite\",\"@id\":\"https:\/\/carnitec.com\/lv\/#website\",\"url\":\"https:\/\/carnitec.com\/lv\/\",\"name\":\"Carnitec\",\"description\":\"P\u0101rtikas r\u016bpniec\u012bbas iek\u0101rtas\",\"publisher\":{\"@id\":\"https:\/\/carnitec.com\/lv\/#organization\"},\"potentialAction\":[{\"@type\":\"SearchAction\",\"target\":{\"@type\":\"EntryPoint\",\"urlTemplate\":\"https:\/\/carnitec.com\/lv\/?s={search_term_string}\"},\"query-input\":\"required name=search_term_string\"}],\"inLanguage\":\"lv-LV\"},{\"@type\":\"Organization\",\"@id\":\"https:\/\/carnitec.com\/lv\/#organization\",\"name\":\"Carnitec - food processing equipment\",\"url\":\"https:\/\/carnitec.com\/lv\/\",\"sameAs\":[\"https:\/\/www.instagram.com\/carnitec\/?hl=en\",\"https:\/\/www.linkedin.com\/company\/carnitec-ltd\/\",\"https:\/\/www.youtube.com\/channel\/UCwfiuJujkF2QxPPZAqB0T2w\",\"https:\/\/facebook.com\/carnitec1\",\"https:\/\/twitter.com\/carnitec_\"],\"logo\":{\"@type\":\"ImageObject\",\"inLanguage\":\"lv-LV\",\"@id\":\"https:\/\/carnitec.com\/lv\/#\/schema\/logo\/image\/\",\"url\":\"http:\/\/carnitec.com\/wp-content\/uploads\/2018\/01\/carnitec_logo_2018.png\",\"contentUrl\":\"http:\/\/carnitec.com\/wp-content\/uploads\/2018\/01\/carnitec_logo_2018.png\",\"width\":180,\"height\":50,\"caption\":\"Carnitec - food processing equipment\"},\"image\":{\"@id\":\"https:\/\/carnitec.com\/lv\/#\/schema\/logo\/image\/\"}}]}<\/script>\n<!-- \/ Yoast SEO plugin. -->","yoast_head_json":{"title":"Mazg\u0101jam\u0101 ma\u0161\u012bna ar iel\u0101di HBF07 - Carnitec","description":"Mazg\u0101jo\u0161\u0101 ma\u0161\u012bna ar iel\u0101di HBF07 Bloks ir izgatavots no ner\u016bs\u0113jo\u0161\u0101 t\u0113rauda, tips 1.4301. Durvis ar dubultsien\u0101m ir apr\u012bkots ar dro\u0161\u012bbas sl\u0113giek\u0101rtu.","robots":{"index":"index","follow":"follow","max-snippet":"max-snippet:-1","max-image-preview":"max-image-preview:large","max-video-preview":"max-video-preview:-1"},"canonical":"https:\/\/carnitec.com\/lv\/products\/mazgajosa-masina-ar-ieladi-hbf07\/","og_locale":"lv_LV","og_type":"article","og_title":"Mazg\u0101jam\u0101 ma\u0161\u012bna ar iel\u0101di HBF07 - Carnitec","og_description":"Mazg\u0101jo\u0161\u0101 ma\u0161\u012bna ar iel\u0101di HBF07 Bloks ir izgatavots no ner\u016bs\u0113jo\u0161\u0101 t\u0113rauda, tips 1.4301. Durvis ar dubultsien\u0101m ir apr\u012bkots ar dro\u0161\u012bbas sl\u0113giek\u0101rtu.","og_url":"https:\/\/carnitec.com\/lv\/products\/mazgajosa-masina-ar-ieladi-hbf07\/","og_site_name":"Carnitec","article_publisher":"https:\/\/facebook.com\/carnitec1","article_modified_time":"2017-06-20T17:25:00+00:00","og_image":[{"width":510,"height":754,"url":"https:\/\/carnitec.com\/wp-content\/uploads\/2017\/06\/Kopiya-HBF07.jpg","type":"image\/jpeg"}],"twitter_card":"summary","twitter_site":"@carnitec_","twitter_misc":{"Est. reading time":"1 min\u016b\u0161u"},"schema":{"@context":"https:\/\/schema.org","@graph":[{"@type":"WebPage","@id":"https:\/\/carnitec.com\/lv\/products\/mazgajosa-masina-ar-ieladi-hbf07\/","url":"https:\/\/carnitec.com\/lv\/products\/mazgajosa-masina-ar-ieladi-hbf07\/","name":"Mazg\u0101jam\u0101 ma\u0161\u012bna ar iel\u0101di HBF07 - Carnitec","isPartOf":{"@id":"https:\/\/carnitec.com\/lv\/#website"},"datePublished":"2017-06-08T15:59:38+00:00","dateModified":"2017-06-20T17:25:00+00:00","description":"Mazg\u0101jo\u0161\u0101 ma\u0161\u012bna ar iel\u0101di HBF07 Bloks ir izgatavots no ner\u016bs\u0113jo\u0161\u0101 t\u0113rauda, tips 1.4301. Durvis ar dubultsien\u0101m ir apr\u012bkots ar dro\u0161\u012bbas sl\u0113giek\u0101rtu.","breadcrumb":{"@id":"https:\/\/carnitec.com\/lv\/products\/mazgajosa-masina-ar-ieladi-hbf07\/#breadcrumb"},"inLanguage":"lv-LV","potentialAction":[{"@type":"ReadAction","target":["https:\/\/carnitec.com\/lv\/products\/mazgajosa-masina-ar-ieladi-hbf07\/"]}]},{"@type":"BreadcrumbList","@id":"https:\/\/carnitec.com\/lv\/products\/mazgajosa-masina-ar-ieladi-hbf07\/#breadcrumb","itemListElement":[{"@type":"ListItem","position":1,"name":"\u0413\u043b\u0430\u0432\u043d\u0430\u044f \u0441\u0442\u0440\u0430\u043d\u0438\u0446\u0430","item":"https:\/\/carnitec.com\/lv\/"},{"@type":"ListItem","position":2,"name":"\u0422\u043e\u0432\u0430\u0440\u044b","item":"https:\/\/carnitec.com\/shop\/"},{"@type":"ListItem","position":3,"name":"Mazg\u0101jam\u0101 ma\u0161\u012bna ar iel\u0101di HBF07"}]},{"@type":"WebSite","@id":"https:\/\/carnitec.com\/lv\/#website","url":"https:\/\/carnitec.com\/lv\/","name":"Carnitec","description":"P\u0101rtikas r\u016bpniec\u012bbas iek\u0101rtas","publisher":{"@id":"https:\/\/carnitec.com\/lv\/#organization"},"potentialAction":[{"@type":"SearchAction","target":{"@type":"EntryPoint","urlTemplate":"https:\/\/carnitec.com\/lv\/?s={search_term_string}"},"query-input":"required name=search_term_string"}],"inLanguage":"lv-LV"},{"@type":"Organization","@id":"https:\/\/carnitec.com\/lv\/#organization","name":"Carnitec - food processing equipment","url":"https:\/\/carnitec.com\/lv\/","sameAs":["https:\/\/www.instagram.com\/carnitec\/?hl=en","https:\/\/www.linkedin.com\/company\/carnitec-ltd\/","https:\/\/www.youtube.com\/channel\/UCwfiuJujkF2QxPPZAqB0T2w","https:\/\/facebook.com\/carnitec1","https:\/\/twitter.com\/carnitec_"],"logo":{"@type":"ImageObject","inLanguage":"lv-LV","@id":"https:\/\/carnitec.com\/lv\/#\/schema\/logo\/image\/","url":"http:\/\/carnitec.com\/wp-content\/uploads\/2018\/01\/carnitec_logo_2018.png","contentUrl":"http:\/\/carnitec.com\/wp-content\/uploads\/2018\/01\/carnitec_logo_2018.png","width":180,"height":50,"caption":"Carnitec - food processing equipment"},"image":{"@id":"https:\/\/carnitec.com\/lv\/#\/schema\/logo\/image\/"}}]}},"_links":{"self":[{"href":"https:\/\/carnitec.com\/lv\/wp-json\/wp\/v2\/product\/12090"}],"collection":[{"href":"https:\/\/carnitec.com\/lv\/wp-json\/wp\/v2\/product"}],"about":[{"href":"https:\/\/carnitec.com\/lv\/wp-json\/wp\/v2\/types\/product"}],"wp:featuredmedia":[{"embeddable":true,"href":"https:\/\/carnitec.com\/lv\/wp-json\/wp\/v2\/media\/12086"}],"wp:attachment":[{"href":"https:\/\/carnitec.com\/lv\/wp-json\/wp\/v2\/media?parent=12090"}],"wp:term":[{"taxonomy":"product_cat","embeddable":true,"href":"https:\/\/carnitec.com\/lv\/wp-json\/wp\/v2\/product_cat?post=12090"},{"taxonomy":"product_tag","embeddable":true,"href":"https:\/\/carnitec.com\/lv\/wp-json\/wp\/v2\/product_tag?post=12090"}],"curies":[{"name":"wp","href":"https:\/\/api.w.org\/{rel}","templated":true}]}}