{"id":12013,"date":"2017-05-26T22:10:13","date_gmt":"2017-05-26T20:13:09","guid":{"rendered":"http:\/\/staging1.carnitec.com\/lv\/?post_type=product&#038;p=12013"},"modified":"2022-02-15T16:51:06","modified_gmt":"2022-02-15T14:51:06","slug":"automatiska-ierice-panesanai-compact","status":"publish","type":"product","link":"https:\/\/carnitec.com\/lv\/products\/automatiska-ierice-panesanai-compact\/","title":{"rendered":"Autom\u0101tiska ier\u012bce pane\u0161anai \u201eCompact\u201d"},"content":{"rendered":"<h2>Autom\u0101tiska ier\u012bce pane\u0161anai \u201eCompact\u201d<\/h2>\n<h3>Tehniskie dati:<\/h3>\n<p>slapja un sausa autom\u0101tiska pane\u0161ana<br \/>\nplatums 150 mm<br \/>\n\u0101trums 10 m\/min<br \/>\nproduktivit\u0101te 2000-3000 gab. \/ st.<br \/>\nmotora jauda 120 V<br \/>\nvienf\u0101zes elektrisk\u0101 str\u0101va (p\u0113c izv\u0113les 120 220V, 50\/60Hz)<br \/>\ngalda variants (galds p\u0113c piepras\u012bjuma)<br \/>\npiln\u012bgi saliekams, kas iev\u0113rojami atvieglo uztur\u0113\u0161anu<br \/>\nizgatavota no ner\u016bs\u0113jo\u0161\u0101 t\u0113rauda un p\u0101rtikas klases plastmasas<br \/>\nviegla kop\u0161ana<br \/>\nekonomiska cena<br \/>\nma\u0161\u012bnas svars 55 kg<br \/>\nma\u0161\u012bnas izm\u0113ri salikta st\u0101vokl\u012b 1000 x 485 x 400 mm<\/p>\n","protected":false},"excerpt":{"rendered":"<p>Autom\u0101tiska ier\u012bce pane\u0161anai \u201eCompact\u201d<br \/>\nslapja un sausa autom\u0101tiska pane\u0161ana<br \/>\nplatums 150 mm<br \/>\n\u0101trums 10 m\/min<br \/>\nproduktivit\u0101te 2000-3000 gab. \/ st.<\/p>\n","protected":false},"featured_media":12012,"template":"","meta":{"content-type":"","_monsterinsights_skip_tracking":false,"_monsterinsights_sitenote_active":false,"_monsterinsights_sitenote_note":"","_monsterinsights_sitenote_category":0},"product_cat":[1199],"product_tag":[],"yoast_head":"<!-- This site is optimized with the Yoast SEO plugin v19.5.1 - https:\/\/yoast.com\/wordpress\/plugins\/seo\/ -->\n<title>Autom\u0101tiska ier\u012bce pane\u0161anai \u201eCompact\u201d - Carnitec<\/title>\n<meta name=\"description\" content=\"Autom\u0101tiska ier\u012bce pane\u0161anai \u201eCompact\u201d slapja un sausa autom\u0101tiska pane\u0161ana platums 150 mm \u0101trums 10 m\/min produktivit\u0101te 2000-3000 gab. \/ st.\" \/>\n<meta name=\"robots\" content=\"index, follow, max-snippet:-1, max-image-preview:large, max-video-preview:-1\" \/>\n<link rel=\"canonical\" href=\"https:\/\/carnitec.com\/lv\/products\/automatiska-ierice-panesanai-compact\/\" \/>\n<meta property=\"og:locale\" content=\"lv_LV\" \/>\n<meta property=\"og:type\" content=\"article\" \/>\n<meta property=\"og:title\" content=\"Autom\u0101tiska ier\u012bce pane\u0161anai \u201eCompact\u201d - Carnitec\" \/>\n<meta property=\"og:description\" content=\"Autom\u0101tiska ier\u012bce pane\u0161anai \u201eCompact\u201d slapja un sausa autom\u0101tiska pane\u0161ana platums 150 mm \u0101trums 10 m\/min produktivit\u0101te 2000-3000 gab. \/ st.\" \/>\n<meta property=\"og:url\" content=\"https:\/\/carnitec.com\/lv\/products\/automatiska-ierice-panesanai-compact\/\" \/>\n<meta property=\"og:site_name\" content=\"Carnitec\" \/>\n<meta property=\"article:publisher\" content=\"https:\/\/facebook.com\/carnitec1\" \/>\n<meta property=\"article:modified_time\" content=\"2022-02-15T14:51:06+00:00\" \/>\n<meta property=\"og:image\" content=\"https:\/\/carnitec.com\/wp-content\/uploads\/2017\/05\/compact.jpg\" \/>\n\t<meta property=\"og:image:width\" content=\"750\" \/>\n\t<meta property=\"og:image:height\" content=\"416\" \/>\n\t<meta property=\"og:image:type\" content=\"image\/jpeg\" \/>\n<meta name=\"twitter:card\" content=\"summary\" \/>\n<meta name=\"twitter:site\" content=\"@carnitec_\" \/>\n<meta name=\"twitter:label1\" content=\"Est. reading time\" \/>\n\t<meta name=\"twitter:data1\" content=\"1 min\u016b\u0161u\" \/>\n<script type=\"application\/ld+json\" class=\"yoast-schema-graph\">{\"@context\":\"https:\/\/schema.org\",\"@graph\":[{\"@type\":\"WebPage\",\"@id\":\"https:\/\/carnitec.com\/lv\/products\/automatiska-ierice-panesanai-compact\/\",\"url\":\"https:\/\/carnitec.com\/lv\/products\/automatiska-ierice-panesanai-compact\/\",\"name\":\"Autom\u0101tiska ier\u012bce pane\u0161anai \u201eCompact\u201d - Carnitec\",\"isPartOf\":{\"@id\":\"https:\/\/carnitec.com\/lv\/#website\"},\"datePublished\":\"2017-05-26T20:13:09+00:00\",\"dateModified\":\"2022-02-15T14:51:06+00:00\",\"description\":\"Autom\u0101tiska ier\u012bce pane\u0161anai \u201eCompact\u201d slapja un sausa autom\u0101tiska pane\u0161ana platums 150 mm \u0101trums 10 m\/min produktivit\u0101te 2000-3000 gab. \/ st.\",\"breadcrumb\":{\"@id\":\"https:\/\/carnitec.com\/lv\/products\/automatiska-ierice-panesanai-compact\/#breadcrumb\"},\"inLanguage\":\"lv-LV\",\"potentialAction\":[{\"@type\":\"ReadAction\",\"target\":[\"https:\/\/carnitec.com\/lv\/products\/automatiska-ierice-panesanai-compact\/\"]}]},{\"@type\":\"BreadcrumbList\",\"@id\":\"https:\/\/carnitec.com\/lv\/products\/automatiska-ierice-panesanai-compact\/#breadcrumb\",\"itemListElement\":[{\"@type\":\"ListItem\",\"position\":1,\"name\":\"\u0413\u043b\u0430\u0432\u043d\u0430\u044f \u0441\u0442\u0440\u0430\u043d\u0438\u0446\u0430\",\"item\":\"https:\/\/carnitec.com\/lv\/\"},{\"@type\":\"ListItem\",\"position\":2,\"name\":\"\u0422\u043e\u0432\u0430\u0440\u044b\",\"item\":\"https:\/\/carnitec.com\/shop\/\"},{\"@type\":\"ListItem\",\"position\":3,\"name\":\"Autom\u0101tiska ier\u012bce pane\u0161anai \u201eCompact\u201d\"}]},{\"@type\":\"WebSite\",\"@id\":\"https:\/\/carnitec.com\/lv\/#website\",\"url\":\"https:\/\/carnitec.com\/lv\/\",\"name\":\"Carnitec\",\"description\":\"P\u0101rtikas r\u016bpniec\u012bbas iek\u0101rtas\",\"publisher\":{\"@id\":\"https:\/\/carnitec.com\/lv\/#organization\"},\"potentialAction\":[{\"@type\":\"SearchAction\",\"target\":{\"@type\":\"EntryPoint\",\"urlTemplate\":\"https:\/\/carnitec.com\/lv\/?s={search_term_string}\"},\"query-input\":\"required name=search_term_string\"}],\"inLanguage\":\"lv-LV\"},{\"@type\":\"Organization\",\"@id\":\"https:\/\/carnitec.com\/lv\/#organization\",\"name\":\"Carnitec - food processing equipment\",\"url\":\"https:\/\/carnitec.com\/lv\/\",\"sameAs\":[\"https:\/\/www.instagram.com\/carnitec\/?hl=en\",\"https:\/\/www.linkedin.com\/company\/carnitec-ltd\/\",\"https:\/\/www.youtube.com\/channel\/UCwfiuJujkF2QxPPZAqB0T2w\",\"https:\/\/facebook.com\/carnitec1\",\"https:\/\/twitter.com\/carnitec_\"],\"logo\":{\"@type\":\"ImageObject\",\"inLanguage\":\"lv-LV\",\"@id\":\"https:\/\/carnitec.com\/lv\/#\/schema\/logo\/image\/\",\"url\":\"http:\/\/carnitec.com\/wp-content\/uploads\/2018\/01\/carnitec_logo_2018.png\",\"contentUrl\":\"http:\/\/carnitec.com\/wp-content\/uploads\/2018\/01\/carnitec_logo_2018.png\",\"width\":180,\"height\":50,\"caption\":\"Carnitec - food processing equipment\"},\"image\":{\"@id\":\"https:\/\/carnitec.com\/lv\/#\/schema\/logo\/image\/\"}}]}<\/script>\n<!-- \/ Yoast SEO plugin. -->","yoast_head_json":{"title":"Autom\u0101tiska ier\u012bce pane\u0161anai \u201eCompact\u201d - Carnitec","description":"Autom\u0101tiska ier\u012bce pane\u0161anai \u201eCompact\u201d slapja un sausa autom\u0101tiska pane\u0161ana platums 150 mm \u0101trums 10 m\/min produktivit\u0101te 2000-3000 gab. \/ st.","robots":{"index":"index","follow":"follow","max-snippet":"max-snippet:-1","max-image-preview":"max-image-preview:large","max-video-preview":"max-video-preview:-1"},"canonical":"https:\/\/carnitec.com\/lv\/products\/automatiska-ierice-panesanai-compact\/","og_locale":"lv_LV","og_type":"article","og_title":"Autom\u0101tiska ier\u012bce pane\u0161anai \u201eCompact\u201d - Carnitec","og_description":"Autom\u0101tiska ier\u012bce pane\u0161anai \u201eCompact\u201d slapja un sausa autom\u0101tiska pane\u0161ana platums 150 mm \u0101trums 10 m\/min produktivit\u0101te 2000-3000 gab. \/ st.","og_url":"https:\/\/carnitec.com\/lv\/products\/automatiska-ierice-panesanai-compact\/","og_site_name":"Carnitec","article_publisher":"https:\/\/facebook.com\/carnitec1","article_modified_time":"2022-02-15T14:51:06+00:00","og_image":[{"width":750,"height":416,"url":"https:\/\/carnitec.com\/wp-content\/uploads\/2017\/05\/compact.jpg","type":"image\/jpeg"}],"twitter_card":"summary","twitter_site":"@carnitec_","twitter_misc":{"Est. reading time":"1 min\u016b\u0161u"},"schema":{"@context":"https:\/\/schema.org","@graph":[{"@type":"WebPage","@id":"https:\/\/carnitec.com\/lv\/products\/automatiska-ierice-panesanai-compact\/","url":"https:\/\/carnitec.com\/lv\/products\/automatiska-ierice-panesanai-compact\/","name":"Autom\u0101tiska ier\u012bce pane\u0161anai \u201eCompact\u201d - Carnitec","isPartOf":{"@id":"https:\/\/carnitec.com\/lv\/#website"},"datePublished":"2017-05-26T20:13:09+00:00","dateModified":"2022-02-15T14:51:06+00:00","description":"Autom\u0101tiska ier\u012bce pane\u0161anai \u201eCompact\u201d slapja un sausa autom\u0101tiska pane\u0161ana platums 150 mm \u0101trums 10 m\/min produktivit\u0101te 2000-3000 gab. \/ st.","breadcrumb":{"@id":"https:\/\/carnitec.com\/lv\/products\/automatiska-ierice-panesanai-compact\/#breadcrumb"},"inLanguage":"lv-LV","potentialAction":[{"@type":"ReadAction","target":["https:\/\/carnitec.com\/lv\/products\/automatiska-ierice-panesanai-compact\/"]}]},{"@type":"BreadcrumbList","@id":"https:\/\/carnitec.com\/lv\/products\/automatiska-ierice-panesanai-compact\/#breadcrumb","itemListElement":[{"@type":"ListItem","position":1,"name":"\u0413\u043b\u0430\u0432\u043d\u0430\u044f \u0441\u0442\u0440\u0430\u043d\u0438\u0446\u0430","item":"https:\/\/carnitec.com\/lv\/"},{"@type":"ListItem","position":2,"name":"\u0422\u043e\u0432\u0430\u0440\u044b","item":"https:\/\/carnitec.com\/shop\/"},{"@type":"ListItem","position":3,"name":"Autom\u0101tiska ier\u012bce pane\u0161anai \u201eCompact\u201d"}]},{"@type":"WebSite","@id":"https:\/\/carnitec.com\/lv\/#website","url":"https:\/\/carnitec.com\/lv\/","name":"Carnitec","description":"P\u0101rtikas r\u016bpniec\u012bbas iek\u0101rtas","publisher":{"@id":"https:\/\/carnitec.com\/lv\/#organization"},"potentialAction":[{"@type":"SearchAction","target":{"@type":"EntryPoint","urlTemplate":"https:\/\/carnitec.com\/lv\/?s={search_term_string}"},"query-input":"required name=search_term_string"}],"inLanguage":"lv-LV"},{"@type":"Organization","@id":"https:\/\/carnitec.com\/lv\/#organization","name":"Carnitec - food processing equipment","url":"https:\/\/carnitec.com\/lv\/","sameAs":["https:\/\/www.instagram.com\/carnitec\/?hl=en","https:\/\/www.linkedin.com\/company\/carnitec-ltd\/","https:\/\/www.youtube.com\/channel\/UCwfiuJujkF2QxPPZAqB0T2w","https:\/\/facebook.com\/carnitec1","https:\/\/twitter.com\/carnitec_"],"logo":{"@type":"ImageObject","inLanguage":"lv-LV","@id":"https:\/\/carnitec.com\/lv\/#\/schema\/logo\/image\/","url":"http:\/\/carnitec.com\/wp-content\/uploads\/2018\/01\/carnitec_logo_2018.png","contentUrl":"http:\/\/carnitec.com\/wp-content\/uploads\/2018\/01\/carnitec_logo_2018.png","width":180,"height":50,"caption":"Carnitec - food processing equipment"},"image":{"@id":"https:\/\/carnitec.com\/lv\/#\/schema\/logo\/image\/"}}]}},"_links":{"self":[{"href":"https:\/\/carnitec.com\/lv\/wp-json\/wp\/v2\/product\/12013"}],"collection":[{"href":"https:\/\/carnitec.com\/lv\/wp-json\/wp\/v2\/product"}],"about":[{"href":"https:\/\/carnitec.com\/lv\/wp-json\/wp\/v2\/types\/product"}],"wp:featuredmedia":[{"embeddable":true,"href":"https:\/\/carnitec.com\/lv\/wp-json\/wp\/v2\/media\/12012"}],"wp:attachment":[{"href":"https:\/\/carnitec.com\/lv\/wp-json\/wp\/v2\/media?parent=12013"}],"wp:term":[{"taxonomy":"product_cat","embeddable":true,"href":"https:\/\/carnitec.com\/lv\/wp-json\/wp\/v2\/product_cat?post=12013"},{"taxonomy":"product_tag","embeddable":true,"href":"https:\/\/carnitec.com\/lv\/wp-json\/wp\/v2\/product_tag?post=12013"}],"curies":[{"name":"wp","href":"https:\/\/api.w.org\/{rel}","templated":true}]}}