{"id":11923,"date":"2017-05-26T20:04:10","date_gmt":"2017-05-26T18:12:30","guid":{"rendered":"http:\/\/staging1.carnitec.com\/lv\/?post_type=product&#038;p=11923"},"modified":"2017-05-26T20:12:31","modified_gmt":"2017-05-26T18:12:31","slug":"automatiska-hamburgeru-razosanas-iekarta-ctv3000-cp2","status":"publish","type":"product","link":"https:\/\/carnitec.com\/lv\/products\/automatiska-hamburgeru-razosanas-iekarta-ctv3000-cp2\/","title":{"rendered":"Autom\u0101tiska hamburgeru ra\u017eo\u0161anas iek\u0101rta CTV3000-CP2"},"content":{"rendered":"<h2>Autom\u0101tiska hamburgeru ra\u017eo\u0161anas iek\u0101rta CTV3000-CP2<\/h2>\n<h4>Tehniskais raksturojums<\/h4>\n<p>Var funkcion\u0113t kop\u0101 ar jebk\u0101du pild\u012bt\u0101ju (vakuuma, hidraulisks un citi).<br \/>\nIde\u0101la savienojum\u0101 ar vakuuma pild\u012bt\u0101ju un porciom\u0101tu.<br \/>\nRa\u017eotsp\u0113ja 110 hamb. \/ min (2 par oper\u0101ciju).<br \/>\nUzkl\u0101ta pap\u012bra vai celof\u0101na pamatne no viena vai ab\u0101m pus\u0113m.<br \/>\nTiek izmantots pap\u012brs spol\u0113s<br \/>\nVar str\u0101d\u0101t ar\u012b bez pap\u012bra.<br \/>\nAtgrie\u017e pamatni ar izm\u0113ru 120 l\u012bdz 140 mm garum\u0101.<br \/>\nHamburgeru diametrs no 70 l\u012bdz 110 mm.<br \/>\nHamburgeru svars no 50 l\u012bdz 180 g (mainot form\u0113\u0161anas ier\u012bci).<br \/>\nDarb\u012bbas princips &#8211; pneimatisks (6 kg \/ cm2).<br \/>\nGaisa pat\u0113ri\u0146\u0161  300 l \/ min<br \/>\nPat\u0113r\u0113ta jauda 100 W (3 faz\u0113s).<br \/>\nDubults lic\u0113js no 1 l\u012bdz 5 hamburg.<br \/>\nIzm\u0113ri: 2.250 x 600 x 620 mm.<br \/>\nSvars: 150 \u043a\u0433.<br \/>\nMateri\u0101ls &#8211; ner\u016bs\u0113jo\u0161s t\u0113rauds.<\/p>\n","protected":false},"excerpt":{"rendered":"<p>Autom\u0101tiska hamburgeru ra\u017eo\u0161anas iek\u0101rta CTV3000-CP2<\/p>\n","protected":false},"featured_media":11922,"template":"","meta":{"content-type":"","_monsterinsights_skip_tracking":false,"_monsterinsights_sitenote_active":false,"_monsterinsights_sitenote_note":"","_monsterinsights_sitenote_category":0},"product_cat":[1613],"product_tag":[],"yoast_head":"<!-- This site is optimized with the Yoast SEO plugin v19.5.1 - https:\/\/yoast.com\/wordpress\/plugins\/seo\/ -->\n<title>Autom\u0101tiska hamburgeru ra\u017eo\u0161anas iek\u0101rta CTV3000-CP2 - Carnitec<\/title>\n<meta name=\"description\" content=\"Autom\u0101tiska hamburgeru ra\u017eo\u0161anas iek\u0101rta CTV3000-CP2, Var funkcion\u0113t kop\u0101 ar jebk\u0101du pild\u012bt\u0101ju (vakuuma, hidraulisks un citi).\" \/>\n<meta name=\"robots\" content=\"index, follow, max-snippet:-1, max-image-preview:large, max-video-preview:-1\" \/>\n<link rel=\"canonical\" href=\"https:\/\/carnitec.com\/lv\/products\/automatiska-hamburgeru-razosanas-iekarta-ctv3000-cp2\/\" \/>\n<meta property=\"og:locale\" content=\"lv_LV\" \/>\n<meta property=\"og:type\" content=\"article\" \/>\n<meta property=\"og:title\" content=\"Autom\u0101tiska hamburgeru ra\u017eo\u0161anas iek\u0101rta CTV3000-CP2 - Carnitec\" \/>\n<meta property=\"og:description\" content=\"Autom\u0101tiska hamburgeru ra\u017eo\u0161anas iek\u0101rta CTV3000-CP2, Var funkcion\u0113t kop\u0101 ar jebk\u0101du pild\u012bt\u0101ju (vakuuma, hidraulisks un citi).\" \/>\n<meta property=\"og:url\" content=\"https:\/\/carnitec.com\/lv\/products\/automatiska-hamburgeru-razosanas-iekarta-ctv3000-cp2\/\" \/>\n<meta property=\"og:site_name\" content=\"Carnitec\" \/>\n<meta property=\"article:publisher\" content=\"https:\/\/facebook.com\/carnitec1\" \/>\n<meta property=\"article:modified_time\" content=\"2017-05-26T18:12:31+00:00\" \/>\n<meta property=\"og:image\" content=\"https:\/\/carnitec.com\/wp-content\/uploads\/2017\/05\/V3000.jpg\" \/>\n\t<meta property=\"og:image:width\" content=\"700\" \/>\n\t<meta property=\"og:image:height\" content=\"441\" \/>\n\t<meta property=\"og:image:type\" content=\"image\/jpeg\" \/>\n<meta name=\"twitter:card\" content=\"summary\" \/>\n<meta name=\"twitter:site\" content=\"@carnitec_\" \/>\n<meta name=\"twitter:label1\" content=\"Est. reading time\" \/>\n\t<meta name=\"twitter:data1\" content=\"1 min\u016b\u0161u\" \/>\n<script type=\"application\/ld+json\" class=\"yoast-schema-graph\">{\"@context\":\"https:\/\/schema.org\",\"@graph\":[{\"@type\":\"WebPage\",\"@id\":\"https:\/\/carnitec.com\/lv\/products\/automatiska-hamburgeru-razosanas-iekarta-ctv3000-cp2\/\",\"url\":\"https:\/\/carnitec.com\/lv\/products\/automatiska-hamburgeru-razosanas-iekarta-ctv3000-cp2\/\",\"name\":\"Autom\u0101tiska hamburgeru ra\u017eo\u0161anas iek\u0101rta CTV3000-CP2 - Carnitec\",\"isPartOf\":{\"@id\":\"https:\/\/carnitec.com\/lv\/#website\"},\"datePublished\":\"2017-05-26T18:12:30+00:00\",\"dateModified\":\"2017-05-26T18:12:31+00:00\",\"description\":\"Autom\u0101tiska hamburgeru ra\u017eo\u0161anas iek\u0101rta CTV3000-CP2, Var funkcion\u0113t kop\u0101 ar jebk\u0101du pild\u012bt\u0101ju (vakuuma, hidraulisks un citi).\",\"breadcrumb\":{\"@id\":\"https:\/\/carnitec.com\/lv\/products\/automatiska-hamburgeru-razosanas-iekarta-ctv3000-cp2\/#breadcrumb\"},\"inLanguage\":\"lv-LV\",\"potentialAction\":[{\"@type\":\"ReadAction\",\"target\":[\"https:\/\/carnitec.com\/lv\/products\/automatiska-hamburgeru-razosanas-iekarta-ctv3000-cp2\/\"]}]},{\"@type\":\"BreadcrumbList\",\"@id\":\"https:\/\/carnitec.com\/lv\/products\/automatiska-hamburgeru-razosanas-iekarta-ctv3000-cp2\/#breadcrumb\",\"itemListElement\":[{\"@type\":\"ListItem\",\"position\":1,\"name\":\"\u0413\u043b\u0430\u0432\u043d\u0430\u044f \u0441\u0442\u0440\u0430\u043d\u0438\u0446\u0430\",\"item\":\"https:\/\/carnitec.com\/lv\/\"},{\"@type\":\"ListItem\",\"position\":2,\"name\":\"\u0422\u043e\u0432\u0430\u0440\u044b\",\"item\":\"https:\/\/carnitec.com\/shop\/\"},{\"@type\":\"ListItem\",\"position\":3,\"name\":\"Autom\u0101tiska hamburgeru ra\u017eo\u0161anas iek\u0101rta CTV3000-CP2\"}]},{\"@type\":\"WebSite\",\"@id\":\"https:\/\/carnitec.com\/lv\/#website\",\"url\":\"https:\/\/carnitec.com\/lv\/\",\"name\":\"Carnitec\",\"description\":\"P\u0101rtikas r\u016bpniec\u012bbas iek\u0101rtas\",\"publisher\":{\"@id\":\"https:\/\/carnitec.com\/lv\/#organization\"},\"potentialAction\":[{\"@type\":\"SearchAction\",\"target\":{\"@type\":\"EntryPoint\",\"urlTemplate\":\"https:\/\/carnitec.com\/lv\/?s={search_term_string}\"},\"query-input\":\"required name=search_term_string\"}],\"inLanguage\":\"lv-LV\"},{\"@type\":\"Organization\",\"@id\":\"https:\/\/carnitec.com\/lv\/#organization\",\"name\":\"Carnitec - food processing equipment\",\"url\":\"https:\/\/carnitec.com\/lv\/\",\"sameAs\":[\"https:\/\/www.instagram.com\/carnitec\/?hl=en\",\"https:\/\/www.linkedin.com\/company\/carnitec-ltd\/\",\"https:\/\/www.youtube.com\/channel\/UCwfiuJujkF2QxPPZAqB0T2w\",\"https:\/\/facebook.com\/carnitec1\",\"https:\/\/twitter.com\/carnitec_\"],\"logo\":{\"@type\":\"ImageObject\",\"inLanguage\":\"lv-LV\",\"@id\":\"https:\/\/carnitec.com\/lv\/#\/schema\/logo\/image\/\",\"url\":\"http:\/\/carnitec.com\/wp-content\/uploads\/2018\/01\/carnitec_logo_2018.png\",\"contentUrl\":\"http:\/\/carnitec.com\/wp-content\/uploads\/2018\/01\/carnitec_logo_2018.png\",\"width\":180,\"height\":50,\"caption\":\"Carnitec - food processing equipment\"},\"image\":{\"@id\":\"https:\/\/carnitec.com\/lv\/#\/schema\/logo\/image\/\"}}]}<\/script>\n<!-- \/ Yoast SEO plugin. -->","yoast_head_json":{"title":"Autom\u0101tiska hamburgeru ra\u017eo\u0161anas iek\u0101rta CTV3000-CP2 - Carnitec","description":"Autom\u0101tiska hamburgeru ra\u017eo\u0161anas iek\u0101rta CTV3000-CP2, Var funkcion\u0113t kop\u0101 ar jebk\u0101du pild\u012bt\u0101ju (vakuuma, hidraulisks un citi).","robots":{"index":"index","follow":"follow","max-snippet":"max-snippet:-1","max-image-preview":"max-image-preview:large","max-video-preview":"max-video-preview:-1"},"canonical":"https:\/\/carnitec.com\/lv\/products\/automatiska-hamburgeru-razosanas-iekarta-ctv3000-cp2\/","og_locale":"lv_LV","og_type":"article","og_title":"Autom\u0101tiska hamburgeru ra\u017eo\u0161anas iek\u0101rta CTV3000-CP2 - Carnitec","og_description":"Autom\u0101tiska hamburgeru ra\u017eo\u0161anas iek\u0101rta CTV3000-CP2, Var funkcion\u0113t kop\u0101 ar jebk\u0101du pild\u012bt\u0101ju (vakuuma, hidraulisks un citi).","og_url":"https:\/\/carnitec.com\/lv\/products\/automatiska-hamburgeru-razosanas-iekarta-ctv3000-cp2\/","og_site_name":"Carnitec","article_publisher":"https:\/\/facebook.com\/carnitec1","article_modified_time":"2017-05-26T18:12:31+00:00","og_image":[{"width":700,"height":441,"url":"https:\/\/carnitec.com\/wp-content\/uploads\/2017\/05\/V3000.jpg","type":"image\/jpeg"}],"twitter_card":"summary","twitter_site":"@carnitec_","twitter_misc":{"Est. reading time":"1 min\u016b\u0161u"},"schema":{"@context":"https:\/\/schema.org","@graph":[{"@type":"WebPage","@id":"https:\/\/carnitec.com\/lv\/products\/automatiska-hamburgeru-razosanas-iekarta-ctv3000-cp2\/","url":"https:\/\/carnitec.com\/lv\/products\/automatiska-hamburgeru-razosanas-iekarta-ctv3000-cp2\/","name":"Autom\u0101tiska hamburgeru ra\u017eo\u0161anas iek\u0101rta CTV3000-CP2 - Carnitec","isPartOf":{"@id":"https:\/\/carnitec.com\/lv\/#website"},"datePublished":"2017-05-26T18:12:30+00:00","dateModified":"2017-05-26T18:12:31+00:00","description":"Autom\u0101tiska hamburgeru ra\u017eo\u0161anas iek\u0101rta CTV3000-CP2, Var funkcion\u0113t kop\u0101 ar jebk\u0101du pild\u012bt\u0101ju (vakuuma, hidraulisks un citi).","breadcrumb":{"@id":"https:\/\/carnitec.com\/lv\/products\/automatiska-hamburgeru-razosanas-iekarta-ctv3000-cp2\/#breadcrumb"},"inLanguage":"lv-LV","potentialAction":[{"@type":"ReadAction","target":["https:\/\/carnitec.com\/lv\/products\/automatiska-hamburgeru-razosanas-iekarta-ctv3000-cp2\/"]}]},{"@type":"BreadcrumbList","@id":"https:\/\/carnitec.com\/lv\/products\/automatiska-hamburgeru-razosanas-iekarta-ctv3000-cp2\/#breadcrumb","itemListElement":[{"@type":"ListItem","position":1,"name":"\u0413\u043b\u0430\u0432\u043d\u0430\u044f \u0441\u0442\u0440\u0430\u043d\u0438\u0446\u0430","item":"https:\/\/carnitec.com\/lv\/"},{"@type":"ListItem","position":2,"name":"\u0422\u043e\u0432\u0430\u0440\u044b","item":"https:\/\/carnitec.com\/shop\/"},{"@type":"ListItem","position":3,"name":"Autom\u0101tiska hamburgeru ra\u017eo\u0161anas iek\u0101rta CTV3000-CP2"}]},{"@type":"WebSite","@id":"https:\/\/carnitec.com\/lv\/#website","url":"https:\/\/carnitec.com\/lv\/","name":"Carnitec","description":"P\u0101rtikas r\u016bpniec\u012bbas iek\u0101rtas","publisher":{"@id":"https:\/\/carnitec.com\/lv\/#organization"},"potentialAction":[{"@type":"SearchAction","target":{"@type":"EntryPoint","urlTemplate":"https:\/\/carnitec.com\/lv\/?s={search_term_string}"},"query-input":"required name=search_term_string"}],"inLanguage":"lv-LV"},{"@type":"Organization","@id":"https:\/\/carnitec.com\/lv\/#organization","name":"Carnitec - food processing equipment","url":"https:\/\/carnitec.com\/lv\/","sameAs":["https:\/\/www.instagram.com\/carnitec\/?hl=en","https:\/\/www.linkedin.com\/company\/carnitec-ltd\/","https:\/\/www.youtube.com\/channel\/UCwfiuJujkF2QxPPZAqB0T2w","https:\/\/facebook.com\/carnitec1","https:\/\/twitter.com\/carnitec_"],"logo":{"@type":"ImageObject","inLanguage":"lv-LV","@id":"https:\/\/carnitec.com\/lv\/#\/schema\/logo\/image\/","url":"http:\/\/carnitec.com\/wp-content\/uploads\/2018\/01\/carnitec_logo_2018.png","contentUrl":"http:\/\/carnitec.com\/wp-content\/uploads\/2018\/01\/carnitec_logo_2018.png","width":180,"height":50,"caption":"Carnitec - food processing equipment"},"image":{"@id":"https:\/\/carnitec.com\/lv\/#\/schema\/logo\/image\/"}}]}},"_links":{"self":[{"href":"https:\/\/carnitec.com\/lv\/wp-json\/wp\/v2\/product\/11923"}],"collection":[{"href":"https:\/\/carnitec.com\/lv\/wp-json\/wp\/v2\/product"}],"about":[{"href":"https:\/\/carnitec.com\/lv\/wp-json\/wp\/v2\/types\/product"}],"wp:featuredmedia":[{"embeddable":true,"href":"https:\/\/carnitec.com\/lv\/wp-json\/wp\/v2\/media\/11922"}],"wp:attachment":[{"href":"https:\/\/carnitec.com\/lv\/wp-json\/wp\/v2\/media?parent=11923"}],"wp:term":[{"taxonomy":"product_cat","embeddable":true,"href":"https:\/\/carnitec.com\/lv\/wp-json\/wp\/v2\/product_cat?post=11923"},{"taxonomy":"product_tag","embeddable":true,"href":"https:\/\/carnitec.com\/lv\/wp-json\/wp\/v2\/product_tag?post=11923"}],"curies":[{"name":"wp","href":"https:\/\/api.w.org\/{rel}","templated":true}]}}