{"id":11894,"date":"2016-02-22T18:58:56","date_gmt":"2017-05-22T08:38:19","guid":{"rendered":"http:\/\/staging1.carnitec.com\/lv\/?post_type=product&#038;p=11894"},"modified":"2017-05-22T14:17:15","modified_gmt":"2017-05-22T12:17:15","slug":"varisanas-katls-ar-maisitaju","status":"publish","type":"product","link":"https:\/\/carnitec.com\/lv\/products\/varisanas-katls-ar-maisitaju\/","title":{"rendered":"V\u0101r\u012b\u0161anas katls ar  mais\u012bt\u0101ju"},"content":{"rendered":"<h2><strong>V\u0100R\u012a\u0160ANAS KATLS AR MAIS\u012aT\u0100JU<\/strong><\/h2>\n<p>V\u0101r\u012b\u0161anas katls ar mais\u012bt\u0101ju 200 un 400 l, ieple\u0161 tiek izmantots p\u0101rtikas r\u016bpniec\u012bb\u0101 un cit\u0101s nozar\u0113s. Netie\u0161as uzsild\u012b\u0161anas sist\u0113mas de\u013c, kur siltumnes\u0113js ir piesilstams ar elektrosild\u012bt\u0101jiem glicer\u012bns, katli ir rakstur\u012bgi ka lieljaudas un ekonomisku.<\/p>\n<ul>\n<li>Sl\u012bp\u0113taja virsma<\/li>\n<li>Savienojumi \u0421\u0415\u0415-Norm 32 \u0410<\/li>\n<li>Tr\u012bsk\u0101rtu v\u0101r\u012b\u0161anas katls ar glicer\u012bna pild\u012b\u0161anu &#8211; izlai\u0161anas kr\u0101ns 1 \u00bd<\/li>\n<li>Skaitliskais temperat\u016bru regulators<\/li>\n<\/ul>\n<h4><strong>Iek\u0101rtas apr\u012bko\u0161ana <\/strong><\/h4>\n<p>Dal\u012b\u0161anas v\u0101ks (iesp\u0113ja pacelt v\u0101ku ar iemont\u0113to mais\u012bt\u0101ju)<br \/>\nMais\u012bt\u0101js (vienk\u0101r\u0161a demont\u0101\u017ea bez instrumentu pielietojuma, papildus opcija &#8211; skr\u0101p\u012bs no PE), mais\u012bt\u0101ja dro\u0161\u012bbas sl\u0113dzis<\/p>\n<h4><strong>Opcijas<\/strong><\/h4>\n<p>Ir iesp\u0113jams main\u012bt apgriezienu skaitu min\u016bt\u0113 un mais\u012bt\u0101ja jaudu<br \/>\n<a href=\"http:\/\/carnitec.com\/wp-content\/uploads\/2017\/05\/kotel.jpg\" data-rel=\"lightbox-image-0\" data-rl_title=\"\" data-rl_caption=\"\" title=\"\"><img class=\"alignnone size-medium wp-image-11895\" src=\"http:\/\/carnitec.com\/wp-content\/uploads\/2017\/05\/kotel-300x264.jpg\" alt=\"\" width=\"300\" height=\"264\" \/><\/a><\/p>\n<h4>Tehniskie dati<\/h4>\n<table class=\"tabelka\">\n<tbody>\n<tr class=\"VmDataRow\">\n<td class=\"daneblue\">Art. \u2116<\/td>\n<td class=\"dane\">NM6080700-M2<\/td>\n<td class=\"dane\">NM6080900-M1<\/td>\n<\/tr>\n<tr class=\"VmDataRow\">\n<td class=\"daneblue\">Apjoms<\/td>\n<td class=\"dane\">200 l<\/td>\n<td class=\"dane\">400 l<\/td>\n<\/tr>\n<tr class=\"VmDataRow\">\n<td class=\"daneblue\">Izm\u0113ri<\/td>\n<td class=\"dane\">700 x 700 x 920 mm<\/td>\n<td class=\"dane\">1100 x 1150 x 1050 mm<\/td>\n<\/tr>\n<tr class=\"VmDataRow\">\n<td class=\"daneblue\">Iek\u0161.izm\u0113ri<\/td>\n<td class=\"dane\">D = 600\/H = 530 mm<\/td>\n<td class=\"dane\">D = 950\/H = 600 mm<\/td>\n<\/tr>\n<tr class=\"VmDataRow\">\n<td class=\"daneblue\">Glycerine capacity<\/td>\n<td class=\"dane\">44 kg<\/td>\n<td class=\"dane\">125 kg<\/td>\n<\/tr>\n<tr class=\"VmDataRow\">\n<td class=\"daneblue\">Mais\u012bj\u016bma apgriezienu daudzums (min)<\/td>\n<td class=\"dane\">8<\/td>\n<td class=\"dane\">10<\/td>\n<\/tr>\n<tr class=\"VmDataRow\">\n<td class=\"daneblue\">Jauda<\/td>\n<td class=\"dane\">12 kW<\/td>\n<td class=\"dane\" colspan=\"2\">27 kW<\/td>\n<\/tr>\n<tr class=\"VmDataRow\">\n<td class=\"daneblue\">Baro\u0161ana<\/td>\n<td class=\"dane\" colspan=\"1\">400 V<\/td>\n<td class=\"dane\" colspan=\"1\">400 V<\/td>\n<\/tr>\n<\/tbody>\n<\/table>\n<p><\/p>\n","protected":false},"excerpt":{"rendered":"<p>V\u0100R\u012a\u0160ANAS KATLS AR MAIS\u012aT\u0100JU V\u0101r\u012b\u0161anas katls ar mais\u012bt\u0101ju 200 un 400 l, ieple\u0161 tiek izmantots p\u0101rtikas r\u016bpniec\u012bb\u0101 un cit\u0101s nozar\u0113s. Netie\u0161as uzsild\u012b\u0161anas sist\u0113mas de\u013c, kur siltumnes\u0113js ir piesilstams ar elektrosild\u012bt\u0101jiem glicer\u012bns, katli ir rakstur\u012bgi ka lieljaudas un ekonomisku. Sl\u012bp\u0113taja virsma Savienojumi \u0421\u0415\u0415-Norm 32 \u0410 Tr\u012bsk\u0101rtu v\u0101r\u012b\u0161anas katls ar glicer\u012bna pild\u012b\u0161anu &#8211; izlai\u0161anas kr\u0101ns 1 \u00bd Skaitliskais temperat\u016bru regulators Iek\u0101rtas apr\u012bko\u0161ana Dal\u012b\u0161anas v\u0101ks (iesp\u0113ja pacelt v\u0101ku ar iemont\u0113to mais\u012bt\u0101ju) Mais\u012bt\u0101js (vienk\u0101r\u0161a demont\u0101\u017ea bez instrumentu pielietojuma, papildus opcija &#8211; skr\u0101p\u012bs no PE), mais\u012bt\u0101ja dro\u0161\u012bbas sl\u0113dzis Opcijas Ir iesp\u0113jams main\u012bt apgriezienu skaitu min\u016bt\u0113 un mais\u012bt\u0101ja jaudu Tehniskie dati Art. \u2116 NM6080700-M2 NM6080900-M1 Apjoms 200 l 400 l Izm\u0113ri 700 x 700 x 920 mm 1100 x 1150 x 1050 mm Iek\u0161.izm\u0113ri D = 600\/H = 530 mm D = 950\/H = 600 mm Glycerine capacity 44 kg 125 kg Mais\u012bj\u016bma apgriezienu daudzums (min) 8 10 Jauda 12 kW 27 kW Baro\u0161ana 400 V 400 V<\/p>\n","protected":false},"featured_media":6366,"template":"","meta":{"content-type":"","_monsterinsights_skip_tracking":false,"_monsterinsights_sitenote_active":false,"_monsterinsights_sitenote_note":"","_monsterinsights_sitenote_category":0},"product_cat":[906],"product_tag":[],"yoast_head":"<!-- This site is optimized with the Yoast SEO plugin v19.5.1 - https:\/\/yoast.com\/wordpress\/plugins\/seo\/ -->\n<title>V\u0101r\u012b\u0161anas katls ar mais\u012bt\u0101ju - Carnitec<\/title>\n<meta name=\"description\" content=\"V\u0101r\u012b\u0161anas katls ar mais\u012bt\u0101ju 200 un 400 l, ieple\u0161 tiek izmantots p\u0101rtikas r\u016bpniec\u012bb\u0101 un cit\u0101s nozar\u0113s. Sl\u012bp\u0113taja virsma. Tr\u012bsk\u0101rtu v\u0101r\u012b\u0161anas katls.\" \/>\n<meta name=\"robots\" content=\"index, follow, max-snippet:-1, max-image-preview:large, max-video-preview:-1\" \/>\n<link rel=\"canonical\" href=\"https:\/\/carnitec.com\/lv\/products\/varisanas-katls-ar-maisitaju\/\" \/>\n<meta property=\"og:locale\" content=\"lv_LV\" \/>\n<meta property=\"og:type\" content=\"article\" \/>\n<meta property=\"og:title\" content=\"V\u0101r\u012b\u0161anas katls ar mais\u012bt\u0101ju - Carnitec\" \/>\n<meta property=\"og:description\" content=\"V\u0101r\u012b\u0161anas katls ar mais\u012bt\u0101ju 200 un 400 l, ieple\u0161 tiek izmantots p\u0101rtikas r\u016bpniec\u012bb\u0101 un cit\u0101s nozar\u0113s. Sl\u012bp\u0113taja virsma. Tr\u012bsk\u0101rtu v\u0101r\u012b\u0161anas katls.\" \/>\n<meta property=\"og:url\" content=\"https:\/\/carnitec.com\/lv\/products\/varisanas-katls-ar-maisitaju\/\" \/>\n<meta property=\"og:site_name\" content=\"Carnitec\" \/>\n<meta property=\"article:publisher\" content=\"https:\/\/facebook.com\/carnitec1\" \/>\n<meta property=\"article:modified_time\" content=\"2017-05-22T12:17:15+00:00\" \/>\n<meta property=\"og:image\" content=\"https:\/\/carnitec.com\/wp-content\/uploads\/2016\/02\/boiler_mixer.jpg\" \/>\n\t<meta property=\"og:image:width\" content=\"350\" \/>\n\t<meta property=\"og:image:height\" content=\"500\" \/>\n\t<meta property=\"og:image:type\" content=\"image\/jpeg\" \/>\n<meta name=\"twitter:card\" content=\"summary\" \/>\n<meta name=\"twitter:site\" content=\"@carnitec_\" \/>\n<meta name=\"twitter:label1\" content=\"Est. reading time\" \/>\n\t<meta name=\"twitter:data1\" content=\"1 min\u016b\u0161u\" \/>\n<script type=\"application\/ld+json\" class=\"yoast-schema-graph\">{\"@context\":\"https:\/\/schema.org\",\"@graph\":[{\"@type\":\"WebPage\",\"@id\":\"https:\/\/carnitec.com\/lv\/products\/varisanas-katls-ar-maisitaju\/\",\"url\":\"https:\/\/carnitec.com\/lv\/products\/varisanas-katls-ar-maisitaju\/\",\"name\":\"V\u0101r\u012b\u0161anas katls ar mais\u012bt\u0101ju - Carnitec\",\"isPartOf\":{\"@id\":\"https:\/\/carnitec.com\/lv\/#website\"},\"datePublished\":\"2017-05-22T08:38:19+00:00\",\"dateModified\":\"2017-05-22T12:17:15+00:00\",\"description\":\"V\u0101r\u012b\u0161anas katls ar mais\u012bt\u0101ju 200 un 400 l, ieple\u0161 tiek izmantots p\u0101rtikas r\u016bpniec\u012bb\u0101 un cit\u0101s nozar\u0113s. Sl\u012bp\u0113taja virsma. Tr\u012bsk\u0101rtu v\u0101r\u012b\u0161anas katls.\",\"breadcrumb\":{\"@id\":\"https:\/\/carnitec.com\/lv\/products\/varisanas-katls-ar-maisitaju\/#breadcrumb\"},\"inLanguage\":\"lv-LV\",\"potentialAction\":[{\"@type\":\"ReadAction\",\"target\":[\"https:\/\/carnitec.com\/lv\/products\/varisanas-katls-ar-maisitaju\/\"]}]},{\"@type\":\"BreadcrumbList\",\"@id\":\"https:\/\/carnitec.com\/lv\/products\/varisanas-katls-ar-maisitaju\/#breadcrumb\",\"itemListElement\":[{\"@type\":\"ListItem\",\"position\":1,\"name\":\"\u0413\u043b\u0430\u0432\u043d\u0430\u044f \u0441\u0442\u0440\u0430\u043d\u0438\u0446\u0430\",\"item\":\"https:\/\/carnitec.com\/lv\/\"},{\"@type\":\"ListItem\",\"position\":2,\"name\":\"\u0422\u043e\u0432\u0430\u0440\u044b\",\"item\":\"https:\/\/carnitec.com\/shop\/\"},{\"@type\":\"ListItem\",\"position\":3,\"name\":\"V\u0101r\u012b\u0161anas katls ar mais\u012bt\u0101ju\"}]},{\"@type\":\"WebSite\",\"@id\":\"https:\/\/carnitec.com\/lv\/#website\",\"url\":\"https:\/\/carnitec.com\/lv\/\",\"name\":\"Carnitec\",\"description\":\"P\u0101rtikas r\u016bpniec\u012bbas iek\u0101rtas\",\"publisher\":{\"@id\":\"https:\/\/carnitec.com\/lv\/#organization\"},\"potentialAction\":[{\"@type\":\"SearchAction\",\"target\":{\"@type\":\"EntryPoint\",\"urlTemplate\":\"https:\/\/carnitec.com\/lv\/?s={search_term_string}\"},\"query-input\":\"required name=search_term_string\"}],\"inLanguage\":\"lv-LV\"},{\"@type\":\"Organization\",\"@id\":\"https:\/\/carnitec.com\/lv\/#organization\",\"name\":\"Carnitec - food processing equipment\",\"url\":\"https:\/\/carnitec.com\/lv\/\",\"sameAs\":[\"https:\/\/www.instagram.com\/carnitec\/?hl=en\",\"https:\/\/www.linkedin.com\/company\/carnitec-ltd\/\",\"https:\/\/www.youtube.com\/channel\/UCwfiuJujkF2QxPPZAqB0T2w\",\"https:\/\/facebook.com\/carnitec1\",\"https:\/\/twitter.com\/carnitec_\"],\"logo\":{\"@type\":\"ImageObject\",\"inLanguage\":\"lv-LV\",\"@id\":\"https:\/\/carnitec.com\/lv\/#\/schema\/logo\/image\/\",\"url\":\"http:\/\/carnitec.com\/wp-content\/uploads\/2018\/01\/carnitec_logo_2018.png\",\"contentUrl\":\"http:\/\/carnitec.com\/wp-content\/uploads\/2018\/01\/carnitec_logo_2018.png\",\"width\":180,\"height\":50,\"caption\":\"Carnitec - food processing equipment\"},\"image\":{\"@id\":\"https:\/\/carnitec.com\/lv\/#\/schema\/logo\/image\/\"}}]}<\/script>\n<!-- \/ Yoast SEO plugin. -->","yoast_head_json":{"title":"V\u0101r\u012b\u0161anas katls ar mais\u012bt\u0101ju - Carnitec","description":"V\u0101r\u012b\u0161anas katls ar mais\u012bt\u0101ju 200 un 400 l, ieple\u0161 tiek izmantots p\u0101rtikas r\u016bpniec\u012bb\u0101 un cit\u0101s nozar\u0113s. Sl\u012bp\u0113taja virsma. Tr\u012bsk\u0101rtu v\u0101r\u012b\u0161anas katls.","robots":{"index":"index","follow":"follow","max-snippet":"max-snippet:-1","max-image-preview":"max-image-preview:large","max-video-preview":"max-video-preview:-1"},"canonical":"https:\/\/carnitec.com\/lv\/products\/varisanas-katls-ar-maisitaju\/","og_locale":"lv_LV","og_type":"article","og_title":"V\u0101r\u012b\u0161anas katls ar mais\u012bt\u0101ju - Carnitec","og_description":"V\u0101r\u012b\u0161anas katls ar mais\u012bt\u0101ju 200 un 400 l, ieple\u0161 tiek izmantots p\u0101rtikas r\u016bpniec\u012bb\u0101 un cit\u0101s nozar\u0113s. Sl\u012bp\u0113taja virsma. Tr\u012bsk\u0101rtu v\u0101r\u012b\u0161anas katls.","og_url":"https:\/\/carnitec.com\/lv\/products\/varisanas-katls-ar-maisitaju\/","og_site_name":"Carnitec","article_publisher":"https:\/\/facebook.com\/carnitec1","article_modified_time":"2017-05-22T12:17:15+00:00","og_image":[{"width":350,"height":500,"url":"https:\/\/carnitec.com\/wp-content\/uploads\/2016\/02\/boiler_mixer.jpg","type":"image\/jpeg"}],"twitter_card":"summary","twitter_site":"@carnitec_","twitter_misc":{"Est. reading time":"1 min\u016b\u0161u"},"schema":{"@context":"https:\/\/schema.org","@graph":[{"@type":"WebPage","@id":"https:\/\/carnitec.com\/lv\/products\/varisanas-katls-ar-maisitaju\/","url":"https:\/\/carnitec.com\/lv\/products\/varisanas-katls-ar-maisitaju\/","name":"V\u0101r\u012b\u0161anas katls ar mais\u012bt\u0101ju - Carnitec","isPartOf":{"@id":"https:\/\/carnitec.com\/lv\/#website"},"datePublished":"2017-05-22T08:38:19+00:00","dateModified":"2017-05-22T12:17:15+00:00","description":"V\u0101r\u012b\u0161anas katls ar mais\u012bt\u0101ju 200 un 400 l, ieple\u0161 tiek izmantots p\u0101rtikas r\u016bpniec\u012bb\u0101 un cit\u0101s nozar\u0113s. Sl\u012bp\u0113taja virsma. Tr\u012bsk\u0101rtu v\u0101r\u012b\u0161anas katls.","breadcrumb":{"@id":"https:\/\/carnitec.com\/lv\/products\/varisanas-katls-ar-maisitaju\/#breadcrumb"},"inLanguage":"lv-LV","potentialAction":[{"@type":"ReadAction","target":["https:\/\/carnitec.com\/lv\/products\/varisanas-katls-ar-maisitaju\/"]}]},{"@type":"BreadcrumbList","@id":"https:\/\/carnitec.com\/lv\/products\/varisanas-katls-ar-maisitaju\/#breadcrumb","itemListElement":[{"@type":"ListItem","position":1,"name":"\u0413\u043b\u0430\u0432\u043d\u0430\u044f \u0441\u0442\u0440\u0430\u043d\u0438\u0446\u0430","item":"https:\/\/carnitec.com\/lv\/"},{"@type":"ListItem","position":2,"name":"\u0422\u043e\u0432\u0430\u0440\u044b","item":"https:\/\/carnitec.com\/shop\/"},{"@type":"ListItem","position":3,"name":"V\u0101r\u012b\u0161anas katls ar mais\u012bt\u0101ju"}]},{"@type":"WebSite","@id":"https:\/\/carnitec.com\/lv\/#website","url":"https:\/\/carnitec.com\/lv\/","name":"Carnitec","description":"P\u0101rtikas r\u016bpniec\u012bbas iek\u0101rtas","publisher":{"@id":"https:\/\/carnitec.com\/lv\/#organization"},"potentialAction":[{"@type":"SearchAction","target":{"@type":"EntryPoint","urlTemplate":"https:\/\/carnitec.com\/lv\/?s={search_term_string}"},"query-input":"required name=search_term_string"}],"inLanguage":"lv-LV"},{"@type":"Organization","@id":"https:\/\/carnitec.com\/lv\/#organization","name":"Carnitec - food processing equipment","url":"https:\/\/carnitec.com\/lv\/","sameAs":["https:\/\/www.instagram.com\/carnitec\/?hl=en","https:\/\/www.linkedin.com\/company\/carnitec-ltd\/","https:\/\/www.youtube.com\/channel\/UCwfiuJujkF2QxPPZAqB0T2w","https:\/\/facebook.com\/carnitec1","https:\/\/twitter.com\/carnitec_"],"logo":{"@type":"ImageObject","inLanguage":"lv-LV","@id":"https:\/\/carnitec.com\/lv\/#\/schema\/logo\/image\/","url":"http:\/\/carnitec.com\/wp-content\/uploads\/2018\/01\/carnitec_logo_2018.png","contentUrl":"http:\/\/carnitec.com\/wp-content\/uploads\/2018\/01\/carnitec_logo_2018.png","width":180,"height":50,"caption":"Carnitec - food processing equipment"},"image":{"@id":"https:\/\/carnitec.com\/lv\/#\/schema\/logo\/image\/"}}]}},"_links":{"self":[{"href":"https:\/\/carnitec.com\/lv\/wp-json\/wp\/v2\/product\/11894"}],"collection":[{"href":"https:\/\/carnitec.com\/lv\/wp-json\/wp\/v2\/product"}],"about":[{"href":"https:\/\/carnitec.com\/lv\/wp-json\/wp\/v2\/types\/product"}],"wp:featuredmedia":[{"embeddable":true,"href":"https:\/\/carnitec.com\/lv\/wp-json\/wp\/v2\/media\/6366"}],"wp:attachment":[{"href":"https:\/\/carnitec.com\/lv\/wp-json\/wp\/v2\/media?parent=11894"}],"wp:term":[{"taxonomy":"product_cat","embeddable":true,"href":"https:\/\/carnitec.com\/lv\/wp-json\/wp\/v2\/product_cat?post=11894"},{"taxonomy":"product_tag","embeddable":true,"href":"https:\/\/carnitec.com\/lv\/wp-json\/wp\/v2\/product_tag?post=11894"}],"curies":[{"name":"wp","href":"https:\/\/api.w.org\/{rel}","templated":true}]}}