{"id":11890,"date":"2017-05-18T10:58:17","date_gmt":"2017-05-18T11:14:17","guid":{"rendered":"http:\/\/staging1.carnitec.com\/lv\/?post_type=product&#038;p=11890"},"modified":"2017-06-30T16:34:29","modified_gmt":"2017-06-30T14:34:29","slug":"lentzagi-bladestop-400","status":"publish","type":"product","link":"https:\/\/carnitec.com\/lv\/products\/lentzagi-bladestop-400\/","title":{"rendered":"Lentz\u0101\u0123i Bladestop 400 &#8211; samazina nopietnas traumas risku"},"content":{"rendered":"<h2>Bladestop 400 S\u0113rija II, jaun\u0101 paaudze lai samazin\u0101tu traumu risku ar uzlabotaj\u0101m funkcij\u0101m.<\/h2>\n<p>&#8211; Bladestop 400 S\u0113rija II Apst\u0101dina grie\u0161anas lenti par 0,009 sekund\u0113m.<br \/>\n&#8211; Nav grie\u0161anas lentas lieg\u0161anas &#8211; nav nepiecie\u0161am\u012bbas lentes aizst\u0101\u0161an\u0101<\/p>\n<p>BladeStop samazina nopietnas traumas risku &#8211; grie\u0161anas z\u0101\u0123a lente apst\u0101jas sekundes daivas laik\u0101.<\/p>\n<p><a href=\"http:\/\/carnitec.com\/wp-content\/uploads\/2017\/05\/Bladestop-22.jpg\" data-rel=\"lightbox-image-0\" data-rl_title=\"\" data-rl_caption=\"\" title=\"\"><img class=\"alignnone size-medium wp-image-11883\" src=\"http:\/\/carnitec.com\/wp-content\/uploads\/2017\/05\/Bladestop-22-300x200.jpg\" alt=\"\" width=\"300\" height=\"200\" \/><\/a><\/p>\n<p>Sist\u0113ma BladeStopTM speci\u0101li izstr\u0101d\u0101ta nopietnu traumu riska pazemin\u0101\u0161anai &#8211; grie\u0161anas z\u0101\u0123a lente apst\u0101jas, kad ier\u012bce konstat\u0113, ka cilv\u0113ks ien\u0101ca kontakt\u0101 ar asmeni.<\/p>\n<p>BladeStopTM pieejams div\u0101s j\u016btel\u012bg\u0101s metod\u0113s. J\u016btot kontaktu ar operatoru, asmens apst\u0101jas 9 milisekun\u017eu robe\u017e\u0101s. T\u0101 ir milz\u012bga starp\u012bba starp nelielu \u0101das traumu vai amput\u0113to pirkstu.<\/p>\n<p><a href=\"http:\/\/carnitec.com\/wp-content\/uploads\/2017\/05\/Bladestop-35.jpg\" data-rel=\"lightbox-image-1\" data-rl_title=\"\" data-rl_caption=\"\" title=\"\"><img class=\"alignnone size-medium wp-image-11880\" src=\"http:\/\/carnitec.com\/wp-content\/uploads\/2017\/05\/Bladestop-35-300x203.jpg\" alt=\"\" width=\"300\" height=\"203\" \/><\/a><\/p>\n<p>GloveCheck &#8211; otr\u0101 atkl\u0101\u0161anas sist\u0113ma, noteic, ka darba cimdi kustas ar augstu \u0101trumu, tie\u0161s zon\u0101 pirms \u017e\u0101\u0123a pl\u0101tnes, un iedarbin\u0101ja BladeStopTM meh\u0101nismu ma\u0161\u012bnai apst\u0101dina\u0161anai 9 milisekun\u017eu laik\u0101.<\/p>\n<h4><strong>Funkcijas<\/strong>:<\/h4>\n<p>Asme\u0146a apst\u0101din\u0101\u0161ana par 0,009 sekundes<br \/>\nLiela \u0101truma r\u016bpnieciskais lentz\u0101\u0123is<br \/>\nNav asme\u0146a izlieces, nav nepiecie\u0161am\u012bbas main\u012bt asmeni<\/p>\n<h4><strong>Priek\u0161roc\u012bbas<\/strong><\/h4>\n<p>Nav nopietnu traumu ar d\u0101rgu \u0101rst\u0113\u0161anu<br \/>\nRa\u017eo\u0161anas laika samazin\u0101\u0161ana neesam\u012bbas traumu d\u0113\u013c<br \/>\nNoz\u012bm\u012bgs izdevumu sa\u012bsin\u0101jums kompens\u0101cij\u0101s darbiniekiem<br \/>\nApdro\u0161in\u0101\u0161anas iemaksas samazin\u0101\u0161ana<br \/>\nKadru pl\u016bstam\u012bbas pazemin\u0101\u0161ana un apm\u0101c\u012bbas izdevumu samazin\u0101\u0161ana<br \/>\nPozit\u012bvi raksturojumi pa &#8220;Darba Apsardzi&#8221; saist\u012bti ar lentz\u0101\u0123i<br \/>\nProdukta boj\u0101\u0161anas samazin\u0101jums<br \/>\nPozit\u012bvi un motiv\u0113ti darbinieki<br \/>\nUz\u0146\u0113muma t\u0113la uzlabo\u0161ana<\/p>\n<p><a href=\"http:\/\/carnitec.com\/wp-content\/uploads\/2017\/05\/BladeStop.jpg\" data-rel=\"lightbox-image-2\" data-rl_title=\"\" data-rl_caption=\"\" title=\"\"><img class=\"alignnone size-medium wp-image-11868\" src=\"http:\/\/carnitec.com\/wp-content\/uploads\/2017\/05\/BladeStop-300x162.jpg\" alt=\"\" width=\"300\" height=\"162\" \/><\/a><\/p>\n<h4><strong>Raksurojumi<\/strong><\/h4>\n<p>Kop\u0113js augstums 2005mm<br \/>\nGrie\u0161anas augstums 600mm<br \/>\nGr\u012bdas laukums (pie aizv\u0113rtaj\u0101m durv\u012bm)911mm x 1091mm<br \/>\nAugstums no gr\u012bdas l\u012bdz galdam 970mm<br \/>\nGrie\u0161anas galda gabar\u012bti 911mm x 931mm<br \/>\nGriezejr\u012bkles augstums 420mm<br \/>\nGriezejr\u012bkles platums 390mm<br \/>\nSvars 400kg<\/p>\n<h4><strong>Opcijas<\/strong><\/h4>\n<p>Sl\u012bdgalds<br \/>\nPneimatiska lentes aizsardz\u012bba<br \/>\nKonfigur\u0101cija var but lab\u0101 vai kreis\u0101 pus\u0113.<br \/>\n&#8220;P\u0113d\u0113j\u0101 gabala &#8221; ier\u012bce<br \/>\nGlovecheck (cimda p\u0101rbaude)<\/p>\n<h4><strong>Piesl\u0113g\u0161ana<\/strong><\/h4>\n<p>Baro\u0161anas spriegums (ar sl\u0113dzi) rekomend\u0113jams, 16-amp\u0113ru D- l\u012bkne<br \/>\nAutom\u0101tisks sl\u0113dzis<br \/>\nDzin\u0113js 3kW (3 phase)<br \/>\nGaiss &#8211; kas ir t\u012brs, sauss<\/p>\n<h4><strong>Lente<\/strong><\/h4>\n<p>Garums 3290mm<br \/>\nPlatums 16mm<br \/>\nLentes \u0101trums 50Hz 1960 m\/min<\/p>\n<p><iframe loading=\"lazy\" title=\"Bladestop - Bandsaw Safety\" width=\"640\" height=\"360\" src=\"https:\/\/www.youtube.com\/embed\/oK-GsivDXDQ?feature=oembed\" frameborder=\"0\" allow=\"accelerometer; autoplay; clipboard-write; encrypted-media; gyroscope; picture-in-picture\" allowfullscreen><\/iframe><\/p>\n","protected":false},"excerpt":{"rendered":"<p>Sist\u0113ma BladeStopTM speci\u0101li izstr\u0101d\u0101ta nopietnu traumu riska pazemin\u0101\u0161anai &#8211; grie\u0161anas z\u0101\u0123a lente apst\u0101jas, kad ier\u012bce konstat\u0113, ka cilv\u0113ks ien\u0101ca kontakt\u0101 ar asmeni.<br \/>\n&#8211; Bladestop 400 S\u0113rija II Apst\u0101dina grie\u0161anas lenti par 0,009 sekund\u0113m.<br \/>\n&#8211; Nav grie\u0161anas lentas lieg\u0161anas &#8211; nav nepiecie\u0161am\u012bbas lentes aizst\u0101\u0161an\u0101<\/p>\n","protected":false},"featured_media":11867,"template":"","meta":{"content-type":"","_monsterinsights_skip_tracking":false,"_monsterinsights_sitenote_active":false,"_monsterinsights_sitenote_note":"","_monsterinsights_sitenote_category":0},"product_cat":[921],"product_tag":[],"yoast_head":"<!-- This site is optimized with the Yoast SEO plugin v19.5.1 - https:\/\/yoast.com\/wordpress\/plugins\/seo\/ -->\n<title>Lentz\u0101\u0123i Bladestop 400 - samazina nopietnas traumas risku - Carnitec<\/title>\n<meta name=\"description\" content=\"Bladestop 400 S\u0113rija jaun\u0101 paaudze lai samazin\u0101tu traumu risku ar uzlabotaj\u0101m funkcij\u0101m. - Apst\u0101dina grie\u0161anas lenti par 0,009 sekund\u0113m.\" \/>\n<meta name=\"robots\" content=\"index, follow, max-snippet:-1, max-image-preview:large, max-video-preview:-1\" \/>\n<link rel=\"canonical\" href=\"https:\/\/carnitec.com\/lv\/products\/lentzagi-bladestop-400\/\" \/>\n<meta property=\"og:locale\" content=\"lv_LV\" \/>\n<meta property=\"og:type\" content=\"article\" \/>\n<meta property=\"og:title\" content=\"Lentz\u0101\u0123i Bladestop 400 - samazina nopietnas traumas risku - Carnitec\" \/>\n<meta property=\"og:description\" content=\"Bladestop 400 S\u0113rija jaun\u0101 paaudze lai samazin\u0101tu traumu risku ar uzlabotaj\u0101m funkcij\u0101m. - Apst\u0101dina grie\u0161anas lenti par 0,009 sekund\u0113m.\" \/>\n<meta property=\"og:url\" content=\"https:\/\/carnitec.com\/lv\/products\/lentzagi-bladestop-400\/\" \/>\n<meta property=\"og:site_name\" content=\"Carnitec\" \/>\n<meta property=\"article:publisher\" content=\"https:\/\/facebook.com\/carnitec1\" \/>\n<meta property=\"article:modified_time\" content=\"2017-06-30T14:34:29+00:00\" \/>\n<meta property=\"og:image\" content=\"https:\/\/carnitec.com\/wp-content\/uploads\/2017\/05\/906B9076e.jpg\" \/>\n\t<meta property=\"og:image:width\" content=\"640\" \/>\n\t<meta property=\"og:image:height\" content=\"929\" \/>\n\t<meta property=\"og:image:type\" content=\"image\/jpeg\" \/>\n<meta name=\"twitter:card\" content=\"summary\" \/>\n<meta name=\"twitter:site\" content=\"@carnitec_\" \/>\n<meta name=\"twitter:label1\" content=\"Est. reading time\" \/>\n\t<meta name=\"twitter:data1\" content=\"2 min\u016btes\" \/>\n<script type=\"application\/ld+json\" class=\"yoast-schema-graph\">{\"@context\":\"https:\/\/schema.org\",\"@graph\":[{\"@type\":\"WebPage\",\"@id\":\"https:\/\/carnitec.com\/lv\/products\/lentzagi-bladestop-400\/\",\"url\":\"https:\/\/carnitec.com\/lv\/products\/lentzagi-bladestop-400\/\",\"name\":\"Lentz\u0101\u0123i Bladestop 400 - samazina nopietnas traumas risku - Carnitec\",\"isPartOf\":{\"@id\":\"https:\/\/carnitec.com\/lv\/#website\"},\"datePublished\":\"2017-05-18T11:14:17+00:00\",\"dateModified\":\"2017-06-30T14:34:29+00:00\",\"description\":\"Bladestop 400 S\u0113rija jaun\u0101 paaudze lai samazin\u0101tu traumu risku ar uzlabotaj\u0101m funkcij\u0101m. - Apst\u0101dina grie\u0161anas lenti par 0,009 sekund\u0113m.\",\"breadcrumb\":{\"@id\":\"https:\/\/carnitec.com\/lv\/products\/lentzagi-bladestop-400\/#breadcrumb\"},\"inLanguage\":\"lv-LV\",\"potentialAction\":[{\"@type\":\"ReadAction\",\"target\":[\"https:\/\/carnitec.com\/lv\/products\/lentzagi-bladestop-400\/\"]}]},{\"@type\":\"BreadcrumbList\",\"@id\":\"https:\/\/carnitec.com\/lv\/products\/lentzagi-bladestop-400\/#breadcrumb\",\"itemListElement\":[{\"@type\":\"ListItem\",\"position\":1,\"name\":\"\u0413\u043b\u0430\u0432\u043d\u0430\u044f \u0441\u0442\u0440\u0430\u043d\u0438\u0446\u0430\",\"item\":\"https:\/\/carnitec.com\/lv\/\"},{\"@type\":\"ListItem\",\"position\":2,\"name\":\"\u0422\u043e\u0432\u0430\u0440\u044b\",\"item\":\"https:\/\/carnitec.com\/shop\/\"},{\"@type\":\"ListItem\",\"position\":3,\"name\":\"Lentz\u0101\u0123i Bladestop 400 &#8211; samazina nopietnas traumas risku\"}]},{\"@type\":\"WebSite\",\"@id\":\"https:\/\/carnitec.com\/lv\/#website\",\"url\":\"https:\/\/carnitec.com\/lv\/\",\"name\":\"Carnitec\",\"description\":\"P\u0101rtikas r\u016bpniec\u012bbas iek\u0101rtas\",\"publisher\":{\"@id\":\"https:\/\/carnitec.com\/lv\/#organization\"},\"potentialAction\":[{\"@type\":\"SearchAction\",\"target\":{\"@type\":\"EntryPoint\",\"urlTemplate\":\"https:\/\/carnitec.com\/lv\/?s={search_term_string}\"},\"query-input\":\"required name=search_term_string\"}],\"inLanguage\":\"lv-LV\"},{\"@type\":\"Organization\",\"@id\":\"https:\/\/carnitec.com\/lv\/#organization\",\"name\":\"Carnitec - food processing equipment\",\"url\":\"https:\/\/carnitec.com\/lv\/\",\"sameAs\":[\"https:\/\/www.instagram.com\/carnitec\/?hl=en\",\"https:\/\/www.linkedin.com\/company\/carnitec-ltd\/\",\"https:\/\/www.youtube.com\/channel\/UCwfiuJujkF2QxPPZAqB0T2w\",\"https:\/\/facebook.com\/carnitec1\",\"https:\/\/twitter.com\/carnitec_\"],\"logo\":{\"@type\":\"ImageObject\",\"inLanguage\":\"lv-LV\",\"@id\":\"https:\/\/carnitec.com\/lv\/#\/schema\/logo\/image\/\",\"url\":\"http:\/\/carnitec.com\/wp-content\/uploads\/2018\/01\/carnitec_logo_2018.png\",\"contentUrl\":\"http:\/\/carnitec.com\/wp-content\/uploads\/2018\/01\/carnitec_logo_2018.png\",\"width\":180,\"height\":50,\"caption\":\"Carnitec - food processing equipment\"},\"image\":{\"@id\":\"https:\/\/carnitec.com\/lv\/#\/schema\/logo\/image\/\"}}]}<\/script>\n<!-- \/ Yoast SEO plugin. -->","yoast_head_json":{"title":"Lentz\u0101\u0123i Bladestop 400 - samazina nopietnas traumas risku - Carnitec","description":"Bladestop 400 S\u0113rija jaun\u0101 paaudze lai samazin\u0101tu traumu risku ar uzlabotaj\u0101m funkcij\u0101m. - Apst\u0101dina grie\u0161anas lenti par 0,009 sekund\u0113m.","robots":{"index":"index","follow":"follow","max-snippet":"max-snippet:-1","max-image-preview":"max-image-preview:large","max-video-preview":"max-video-preview:-1"},"canonical":"https:\/\/carnitec.com\/lv\/products\/lentzagi-bladestop-400\/","og_locale":"lv_LV","og_type":"article","og_title":"Lentz\u0101\u0123i Bladestop 400 - samazina nopietnas traumas risku - Carnitec","og_description":"Bladestop 400 S\u0113rija jaun\u0101 paaudze lai samazin\u0101tu traumu risku ar uzlabotaj\u0101m funkcij\u0101m. - Apst\u0101dina grie\u0161anas lenti par 0,009 sekund\u0113m.","og_url":"https:\/\/carnitec.com\/lv\/products\/lentzagi-bladestop-400\/","og_site_name":"Carnitec","article_publisher":"https:\/\/facebook.com\/carnitec1","article_modified_time":"2017-06-30T14:34:29+00:00","og_image":[{"width":640,"height":929,"url":"https:\/\/carnitec.com\/wp-content\/uploads\/2017\/05\/906B9076e.jpg","type":"image\/jpeg"}],"twitter_card":"summary","twitter_site":"@carnitec_","twitter_misc":{"Est. reading time":"2 min\u016btes"},"schema":{"@context":"https:\/\/schema.org","@graph":[{"@type":"WebPage","@id":"https:\/\/carnitec.com\/lv\/products\/lentzagi-bladestop-400\/","url":"https:\/\/carnitec.com\/lv\/products\/lentzagi-bladestop-400\/","name":"Lentz\u0101\u0123i Bladestop 400 - samazina nopietnas traumas risku - Carnitec","isPartOf":{"@id":"https:\/\/carnitec.com\/lv\/#website"},"datePublished":"2017-05-18T11:14:17+00:00","dateModified":"2017-06-30T14:34:29+00:00","description":"Bladestop 400 S\u0113rija jaun\u0101 paaudze lai samazin\u0101tu traumu risku ar uzlabotaj\u0101m funkcij\u0101m. - Apst\u0101dina grie\u0161anas lenti par 0,009 sekund\u0113m.","breadcrumb":{"@id":"https:\/\/carnitec.com\/lv\/products\/lentzagi-bladestop-400\/#breadcrumb"},"inLanguage":"lv-LV","potentialAction":[{"@type":"ReadAction","target":["https:\/\/carnitec.com\/lv\/products\/lentzagi-bladestop-400\/"]}]},{"@type":"BreadcrumbList","@id":"https:\/\/carnitec.com\/lv\/products\/lentzagi-bladestop-400\/#breadcrumb","itemListElement":[{"@type":"ListItem","position":1,"name":"\u0413\u043b\u0430\u0432\u043d\u0430\u044f \u0441\u0442\u0440\u0430\u043d\u0438\u0446\u0430","item":"https:\/\/carnitec.com\/lv\/"},{"@type":"ListItem","position":2,"name":"\u0422\u043e\u0432\u0430\u0440\u044b","item":"https:\/\/carnitec.com\/shop\/"},{"@type":"ListItem","position":3,"name":"Lentz\u0101\u0123i Bladestop 400 &#8211; samazina nopietnas traumas risku"}]},{"@type":"WebSite","@id":"https:\/\/carnitec.com\/lv\/#website","url":"https:\/\/carnitec.com\/lv\/","name":"Carnitec","description":"P\u0101rtikas r\u016bpniec\u012bbas iek\u0101rtas","publisher":{"@id":"https:\/\/carnitec.com\/lv\/#organization"},"potentialAction":[{"@type":"SearchAction","target":{"@type":"EntryPoint","urlTemplate":"https:\/\/carnitec.com\/lv\/?s={search_term_string}"},"query-input":"required name=search_term_string"}],"inLanguage":"lv-LV"},{"@type":"Organization","@id":"https:\/\/carnitec.com\/lv\/#organization","name":"Carnitec - food processing equipment","url":"https:\/\/carnitec.com\/lv\/","sameAs":["https:\/\/www.instagram.com\/carnitec\/?hl=en","https:\/\/www.linkedin.com\/company\/carnitec-ltd\/","https:\/\/www.youtube.com\/channel\/UCwfiuJujkF2QxPPZAqB0T2w","https:\/\/facebook.com\/carnitec1","https:\/\/twitter.com\/carnitec_"],"logo":{"@type":"ImageObject","inLanguage":"lv-LV","@id":"https:\/\/carnitec.com\/lv\/#\/schema\/logo\/image\/","url":"http:\/\/carnitec.com\/wp-content\/uploads\/2018\/01\/carnitec_logo_2018.png","contentUrl":"http:\/\/carnitec.com\/wp-content\/uploads\/2018\/01\/carnitec_logo_2018.png","width":180,"height":50,"caption":"Carnitec - food processing equipment"},"image":{"@id":"https:\/\/carnitec.com\/lv\/#\/schema\/logo\/image\/"}}]}},"_links":{"self":[{"href":"https:\/\/carnitec.com\/lv\/wp-json\/wp\/v2\/product\/11890"}],"collection":[{"href":"https:\/\/carnitec.com\/lv\/wp-json\/wp\/v2\/product"}],"about":[{"href":"https:\/\/carnitec.com\/lv\/wp-json\/wp\/v2\/types\/product"}],"wp:featuredmedia":[{"embeddable":true,"href":"https:\/\/carnitec.com\/lv\/wp-json\/wp\/v2\/media\/11867"}],"wp:attachment":[{"href":"https:\/\/carnitec.com\/lv\/wp-json\/wp\/v2\/media?parent=11890"}],"wp:term":[{"taxonomy":"product_cat","embeddable":true,"href":"https:\/\/carnitec.com\/lv\/wp-json\/wp\/v2\/product_cat?post=11890"},{"taxonomy":"product_tag","embeddable":true,"href":"https:\/\/carnitec.com\/lv\/wp-json\/wp\/v2\/product_tag?post=11890"}],"curies":[{"name":"wp","href":"https:\/\/api.w.org\/{rel}","templated":true}]}}