{"id":117903,"date":"2023-02-03T17:55:42","date_gmt":"2023-02-03T15:55:42","guid":{"rendered":"https:\/\/carnitec.com\/?post_type=product&#038;p=117903"},"modified":"2023-02-03T17:55:42","modified_gmt":"2023-02-03T15:55:42","slug":"dicr-classic-90-griesanas-iekarta","status":"publish","type":"product","link":"https:\/\/carnitec.com\/lv\/products\/dicr-classic-90-griesanas-iekarta\/","title":{"rendered":"DICR classic 90 grie\u0161anas iek\u0101rta"},"content":{"rendered":"<p>Univers\u0101l\u0101 grie\u0161anas ier\u012bce ir lieliski piem\u0113rota ga\u013cas, siera, d\u0101rze\u0146u, aug\u013cu, olu, zivju un da\u017e\u0101du citu produktu grie\u0161anai.<\/p>\n<p>Univers\u0101l\u0101 grie\u0161anas ier\u012bce ir lieliski piem\u0113rota ga\u013cas, siera, d\u0101rze\u0146u, aug\u013cu, olu, olu, zivju un da\u017e\u0101du citu produktu grie\u0161anai.<\/p>\n<p>Sp\u0113c\u012bg\u0101k\u0101 \u0161\u0137\u0113l\u0113\u0161anas ma\u0161\u012bna sav\u0101 klas\u0113 &#8211; motora jauda 2,6 kW.<\/p>\n<p>Nep\u0101rsp\u0113jama hidraulisk\u0101 veiktsp\u0113ja &#8211; vair\u0101k nek\u0101 divreiz liel\u0101ks e\u013c\u013cas tilpums nek\u0101 l\u012bdzv\u0113rt\u012bg\u0101m dicera ma\u0161\u012bn\u0101m.<\/p>\n<p>Neticams grie\u0161anas garums &#8211; 45 mm, bezgal\u012bgi regul\u0113jams.<\/p>\n<p>Augsta caurlaides sp\u0113ja &#8211; l\u012bdz 560 griezumiem min\u016bt\u0113<\/p>\n<p>\u013boti gari re\u017e\u0123a asme\u0146i &#8211; nodro\u0161ina vist\u012br\u0101ko ga\u013cas un c\u012bpslu griezumu, lai ieg\u016btu atsevi\u0161\u0137us kubi\u0146us ar perfektu malu visapk\u0101rt.<\/p>\n<p>Higi\u0113nas durti\u0146as t\u012bram darbam visapk\u0101rt &#8211; grie\u0161anas produkti nevar nokrist uz zemes<\/p>\n<p>P\u0101rvietojams uz rite\u0146iem<\/p>\n<p><strong>PAPILDU PRIEK\u0160ROC\u012aBAS<\/strong><br \/>\nApstr\u0101des temperat\u016bra l\u012bdz &#8211; 3 \u00b0C visiem griezumiem, s\u0101kot no 4 mm biezuma<br \/>\nIzsmalcin\u0101ta griez\u0113jna\u017ea forma nodro\u0161ina sp\u0113c\u012bgu, vienm\u0113r\u012bgu un t\u012bru griezumu.<br \/>\nErgonomiska vienas rokas vad\u012bba ar garenvirziena kameras atv\u0113r\u0161anu<br \/>\n\u012apa\u0161i iztur\u012bgi grie\u0161anas re\u017e\u0123i, kas standarta apr\u012bkojum\u0101 \u013cauj iztur\u0113t visliel\u0101ko darba slodzi<br \/>\nLaiku taupo\u0161a dubulto kameru sist\u0113ma nodro\u0161ina vienlaic\u012bgu iekrau\u0161anu un sagrie\u0161anu kubi\u0146os<br \/>\nVirzu\u013ca virziens p\u0113c izv\u0113les nep\u0101rtrauktai liela apjoma grie\u0161anai ar dubult\u0101 vai \u010detrasmens nazi vai periodiskai grie\u0161anai ar vienasmens grie\u0161anas nazi, pan\u0101kot prec\u012bzu kubi\u0146u grie\u0161anu<br \/>\nNeliels piep\u016bles periods ar\u012b neapm\u0101c\u012btam operatoram<br \/>\nAutom\u0101tiska griez\u0113jna\u017ea pozicion\u0113\u0161ana p\u0113c katra grie\u0161anas cikla<br \/>\nMinim\u0101ls sagatavo\u0161an\u0101s laiks re\u017e\u0123u komplektu nomai\u0146ai, nav nepiecie\u0161ami instrumenti<br \/>\nRegul\u0113jama garenisk\u0101 iepriek\u0161\u0113ja saspie\u0161ana<br \/>\nVizu\u0101ls sign\u0101ls par iekrau\u0161anas gatav\u012bbu<\/p>\n<p><iframe loading=\"lazy\" title=\"DicR\u00ae classic\" width=\"640\" height=\"480\" src=\"https:\/\/www.youtube.com\/embed\/acaNuqBLjhI?feature=oembed\" frameborder=\"0\" allow=\"accelerometer; autoplay; clipboard-write; encrypted-media; gyroscope; picture-in-picture; web-share\" allowfullscreen><\/iframe><\/p>\n<h2>TEHNISKIE DATI<br \/>\nDICR classic 90<\/h2>\n<table class=\"tech\" border=\"0\" cellspacing=\"0\" cellpadding=\"0\">\n<tbody>\n<tr>\n<td><\/td>\n<td>ra\u017e\u012bgums<\/td>\n<td><\/td>\n<td><b>kg\/h<\/b><\/td>\n<td><\/td>\n<td>max. 950<\/td>\n<\/tr>\n<tr>\n<td><\/td>\n<td><b>jauda<\/b><\/td>\n<td><\/td>\n<td><b>kW<\/b><\/td>\n<td><\/td>\n<td>4,8 \u2013 5,1<\/td>\n<\/tr>\n<tr>\n<td><\/td>\n<td>kameras izm\u0113rs<\/td>\n<td><\/td>\n<td><b>mm<\/b><\/td>\n<td><\/td>\n<td>90 x 90 x 310<\/td>\n<\/tr>\n<tr>\n<td><\/td>\n<td><\/td>\n<td><\/td>\n<td><b>inch<\/b><\/td>\n<td><\/td>\n<td>(3<sup>9\/16<\/sup> x 3<sup>9\/16<\/sup> x 12<sup>7\/32<\/sup>)<\/td>\n<\/tr>\n<tr>\n<td><\/td>\n<td>re\u017e\u0123a komplekta \u0161\u0137\u0113rsgriezums<\/td>\n<td><\/td>\n<td><b>mm (inch)<\/b><\/td>\n<td><\/td>\n<td>90 x 90 (3<sup>9\/16<\/sup> x 3<sup>9\/16<\/sup>)<\/td>\n<\/tr>\n<tr>\n<td><\/td>\n<td>grie\u0161anas garums<\/td>\n<td><\/td>\n<td><b>mm (inch)<\/b><\/td>\n<td><\/td>\n<td>0 \u2013 45 (0 \u2013 1<sup>3\/4<\/sup>)<\/td>\n<\/tr>\n<tr>\n<td><\/td>\n<td>garums x platums x augstums<\/td>\n<td><\/td>\n<td><b>mm<\/b><\/td>\n<td><\/td>\n<td>1300 x 660 x 1115<\/td>\n<\/tr>\n<tr>\n<td><\/td>\n<td>svars<\/td>\n<td><\/td>\n<td><b>kg<\/b><\/td>\n<td><\/td>\n<td>260<\/td>\n<\/tr>\n<\/tbody>\n<\/table>\n<p><\/p>\n","protected":false},"excerpt":{"rendered":"<p>Univers\u0101l\u0101 grie\u0161anas ier\u012bce ir lieliski piem\u0113rota ga\u013cas, siera, d\u0101rze\u0146u, aug\u013cu, olu, zivju un da\u017e\u0101du citu produktu grie\u0161anai. Univers\u0101l\u0101 grie\u0161anas ier\u012bce ir lieliski piem\u0113rota ga\u013cas, siera, d\u0101rze\u0146u, aug\u013cu, olu, olu, zivju un da\u017e\u0101du citu produktu grie\u0161anai. Sp\u0113c\u012bg\u0101k\u0101 \u0161\u0137\u0113l\u0113\u0161anas ma\u0161\u012bna sav\u0101 klas\u0113 &#8211; motora jauda 2,6 kW. Nep\u0101rsp\u0113jama hidraulisk\u0101 veiktsp\u0113ja &#8211; vair\u0101k nek\u0101 divreiz liel\u0101ks e\u013c\u013cas tilpums nek\u0101 l\u012bdzv\u0113rt\u012bg\u0101m dicera ma\u0161\u012bn\u0101m. Neticams grie\u0161anas garums &#8211; 45 mm, bezgal\u012bgi regul\u0113jams. Augsta caurlaides sp\u0113ja &#8211; l\u012bdz 560 griezumiem min\u016bt\u0113 \u013boti gari re\u017e\u0123a asme\u0146i &#8211; nodro\u0161ina vist\u012br\u0101ko ga\u013cas un c\u012bpslu griezumu, lai ieg\u016btu atsevi\u0161\u0137us kubi\u0146us ar perfektu malu visapk\u0101rt. Higi\u0113nas durti\u0146as t\u012bram darbam visapk\u0101rt &#8211; grie\u0161anas produkti nevar nokrist uz zemes P\u0101rvietojams uz rite\u0146iem PAPILDU PRIEK\u0160ROC\u012aBAS Apstr\u0101des temperat\u016bra l\u012bdz &#8211; 3 \u00b0C visiem griezumiem, s\u0101kot no 4 mm biezuma Izsmalcin\u0101ta griez\u0113jna\u017ea forma nodro\u0161ina sp\u0113c\u012bgu, vienm\u0113r\u012bgu un t\u012bru griezumu. Ergonomiska vienas rokas vad\u012bba ar garenvirziena kameras atv\u0113r\u0161anu \u012apa\u0161i iztur\u012bgi grie\u0161anas re\u017e\u0123i, kas standarta apr\u012bkojum\u0101 \u013cauj iztur\u0113t visliel\u0101ko darba slodzi Laiku taupo\u0161a dubulto kameru sist\u0113ma nodro\u0161ina vienlaic\u012bgu iekrau\u0161anu un sagrie\u0161anu kubi\u0146os Virzu\u013ca virziens p\u0113c izv\u0113les nep\u0101rtrauktai liela apjoma grie\u0161anai ar dubult\u0101 vai \u010detrasmens nazi vai periodiskai grie\u0161anai ar vienasmens grie\u0161anas nazi, pan\u0101kot prec\u012bzu kubi\u0146u grie\u0161anu Neliels piep\u016bles periods ar\u012b neapm\u0101c\u012btam operatoram Autom\u0101tiska griez\u0113jna\u017ea pozicion\u0113\u0161ana p\u0113c katra grie\u0161anas cikla Minim\u0101ls sagatavo\u0161an\u0101s laiks re\u017e\u0123u komplektu nomai\u0146ai, nav nepiecie\u0161ami instrumenti Regul\u0113jama garenisk\u0101 iepriek\u0161\u0113ja saspie\u0161ana Vizu\u0101ls sign\u0101ls par iekrau\u0161anas gatav\u012bbu TEHNISKIE DATI DICR classic 90 ra\u017e\u012bgums kg\/h max. 950 jauda kW 4,8 \u2013 5,1 kameras izm\u0113rs mm 90 x 90 x 310 inch (39\/16 x 39\/16 x 127\/32) re\u017e\u0123a komplekta \u0161\u0137\u0113rsgriezums mm (inch) 90 x 90 (39\/16 x 39\/16) grie\u0161anas garums mm (inch) 0 \u2013 45 (0 \u2013 13\/4) garums x platums x augstums mm 1300 x 660 x 1115 svars kg 260<\/p>\n","protected":false},"featured_media":117889,"template":"","meta":{"content-type":"","_monsterinsights_skip_tracking":false,"_monsterinsights_sitenote_active":false,"_monsterinsights_sitenote_note":"","_monsterinsights_sitenote_category":0},"product_cat":[1183],"product_tag":[4586,3039,2237],"yoast_head":"<!-- This site is optimized with the Yoast SEO plugin v19.5.1 - https:\/\/yoast.com\/wordpress\/plugins\/seo\/ -->\n<title>DICR classic 90 grie\u0161anas iek\u0101rta - Carnitec<\/title>\n<meta name=\"description\" content=\"Univers\u0101l\u0101 grie\u0161anas ier\u012bce ir lieliski piem\u0113rota ga\u013cas, siera, d\u0101rze\u0146u, aug\u013cu, olu, zivju un da\u017e\u0101du citu produktu grie\u0161anai.\" \/>\n<meta name=\"robots\" content=\"index, follow, max-snippet:-1, max-image-preview:large, max-video-preview:-1\" \/>\n<link rel=\"canonical\" href=\"https:\/\/carnitec.com\/lv\/products\/dicr-classic-90-griesanas-iekarta\/\" \/>\n<meta property=\"og:locale\" content=\"lv_LV\" \/>\n<meta property=\"og:type\" content=\"article\" \/>\n<meta property=\"og:title\" content=\"DICR classic 90 grie\u0161anas iek\u0101rta - Carnitec\" \/>\n<meta property=\"og:description\" content=\"Univers\u0101l\u0101 grie\u0161anas ier\u012bce ir lieliski piem\u0113rota ga\u013cas, siera, d\u0101rze\u0146u, aug\u013cu, olu, zivju un da\u017e\u0101du citu produktu grie\u0161anai.\" \/>\n<meta property=\"og:url\" content=\"https:\/\/carnitec.com\/lv\/products\/dicr-classic-90-griesanas-iekarta\/\" \/>\n<meta property=\"og:site_name\" content=\"Carnitec\" \/>\n<meta property=\"article:publisher\" content=\"https:\/\/facebook.com\/carnitec1\" \/>\n<meta property=\"og:image\" content=\"https:\/\/carnitec.com\/wp-content\/uploads\/2023\/02\/dicr90.jpg\" \/>\n\t<meta property=\"og:image:width\" content=\"800\" \/>\n\t<meta property=\"og:image:height\" content=\"800\" \/>\n\t<meta property=\"og:image:type\" content=\"image\/jpeg\" \/>\n<meta name=\"twitter:card\" content=\"summary\" \/>\n<meta name=\"twitter:site\" content=\"@carnitec_\" \/>\n<meta name=\"twitter:label1\" content=\"Est. reading time\" \/>\n\t<meta name=\"twitter:data1\" content=\"2 min\u016btes\" \/>\n<script type=\"application\/ld+json\" class=\"yoast-schema-graph\">{\"@context\":\"https:\/\/schema.org\",\"@graph\":[{\"@type\":\"WebPage\",\"@id\":\"https:\/\/carnitec.com\/lv\/products\/dicr-classic-90-griesanas-iekarta\/\",\"url\":\"https:\/\/carnitec.com\/lv\/products\/dicr-classic-90-griesanas-iekarta\/\",\"name\":\"DICR classic 90 grie\u0161anas iek\u0101rta - Carnitec\",\"isPartOf\":{\"@id\":\"https:\/\/carnitec.com\/lv\/#website\"},\"datePublished\":\"2023-02-03T15:55:42+00:00\",\"dateModified\":\"2023-02-03T15:55:42+00:00\",\"description\":\"Univers\u0101l\u0101 grie\u0161anas ier\u012bce ir lieliski piem\u0113rota ga\u013cas, siera, d\u0101rze\u0146u, aug\u013cu, olu, zivju un da\u017e\u0101du citu produktu grie\u0161anai.\",\"breadcrumb\":{\"@id\":\"https:\/\/carnitec.com\/lv\/products\/dicr-classic-90-griesanas-iekarta\/#breadcrumb\"},\"inLanguage\":\"lv-LV\",\"potentialAction\":[{\"@type\":\"ReadAction\",\"target\":[\"https:\/\/carnitec.com\/lv\/products\/dicr-classic-90-griesanas-iekarta\/\"]}]},{\"@type\":\"BreadcrumbList\",\"@id\":\"https:\/\/carnitec.com\/lv\/products\/dicr-classic-90-griesanas-iekarta\/#breadcrumb\",\"itemListElement\":[{\"@type\":\"ListItem\",\"position\":1,\"name\":\"\u0413\u043b\u0430\u0432\u043d\u0430\u044f \u0441\u0442\u0440\u0430\u043d\u0438\u0446\u0430\",\"item\":\"https:\/\/carnitec.com\/lv\/\"},{\"@type\":\"ListItem\",\"position\":2,\"name\":\"\u0422\u043e\u0432\u0430\u0440\u044b\",\"item\":\"https:\/\/carnitec.com\/shop\/\"},{\"@type\":\"ListItem\",\"position\":3,\"name\":\"DICR classic 90 grie\u0161anas iek\u0101rta\"}]},{\"@type\":\"WebSite\",\"@id\":\"https:\/\/carnitec.com\/lv\/#website\",\"url\":\"https:\/\/carnitec.com\/lv\/\",\"name\":\"Carnitec\",\"description\":\"P\u0101rtikas r\u016bpniec\u012bbas iek\u0101rtas\",\"publisher\":{\"@id\":\"https:\/\/carnitec.com\/lv\/#organization\"},\"potentialAction\":[{\"@type\":\"SearchAction\",\"target\":{\"@type\":\"EntryPoint\",\"urlTemplate\":\"https:\/\/carnitec.com\/lv\/?s={search_term_string}\"},\"query-input\":\"required name=search_term_string\"}],\"inLanguage\":\"lv-LV\"},{\"@type\":\"Organization\",\"@id\":\"https:\/\/carnitec.com\/lv\/#organization\",\"name\":\"Carnitec - food processing equipment\",\"url\":\"https:\/\/carnitec.com\/lv\/\",\"sameAs\":[\"https:\/\/www.instagram.com\/carnitec\/?hl=en\",\"https:\/\/www.linkedin.com\/company\/carnitec-ltd\/\",\"https:\/\/www.youtube.com\/channel\/UCwfiuJujkF2QxPPZAqB0T2w\",\"https:\/\/facebook.com\/carnitec1\",\"https:\/\/twitter.com\/carnitec_\"],\"logo\":{\"@type\":\"ImageObject\",\"inLanguage\":\"lv-LV\",\"@id\":\"https:\/\/carnitec.com\/lv\/#\/schema\/logo\/image\/\",\"url\":\"http:\/\/carnitec.com\/wp-content\/uploads\/2018\/01\/carnitec_logo_2018.png\",\"contentUrl\":\"http:\/\/carnitec.com\/wp-content\/uploads\/2018\/01\/carnitec_logo_2018.png\",\"width\":180,\"height\":50,\"caption\":\"Carnitec - food processing equipment\"},\"image\":{\"@id\":\"https:\/\/carnitec.com\/lv\/#\/schema\/logo\/image\/\"}}]}<\/script>\n<!-- \/ Yoast SEO plugin. -->","yoast_head_json":{"title":"DICR classic 90 grie\u0161anas iek\u0101rta - Carnitec","description":"Univers\u0101l\u0101 grie\u0161anas ier\u012bce ir lieliski piem\u0113rota ga\u013cas, siera, d\u0101rze\u0146u, aug\u013cu, olu, zivju un da\u017e\u0101du citu produktu grie\u0161anai.","robots":{"index":"index","follow":"follow","max-snippet":"max-snippet:-1","max-image-preview":"max-image-preview:large","max-video-preview":"max-video-preview:-1"},"canonical":"https:\/\/carnitec.com\/lv\/products\/dicr-classic-90-griesanas-iekarta\/","og_locale":"lv_LV","og_type":"article","og_title":"DICR classic 90 grie\u0161anas iek\u0101rta - Carnitec","og_description":"Univers\u0101l\u0101 grie\u0161anas ier\u012bce ir lieliski piem\u0113rota ga\u013cas, siera, d\u0101rze\u0146u, aug\u013cu, olu, zivju un da\u017e\u0101du citu produktu grie\u0161anai.","og_url":"https:\/\/carnitec.com\/lv\/products\/dicr-classic-90-griesanas-iekarta\/","og_site_name":"Carnitec","article_publisher":"https:\/\/facebook.com\/carnitec1","og_image":[{"width":800,"height":800,"url":"https:\/\/carnitec.com\/wp-content\/uploads\/2023\/02\/dicr90.jpg","type":"image\/jpeg"}],"twitter_card":"summary","twitter_site":"@carnitec_","twitter_misc":{"Est. reading time":"2 min\u016btes"},"schema":{"@context":"https:\/\/schema.org","@graph":[{"@type":"WebPage","@id":"https:\/\/carnitec.com\/lv\/products\/dicr-classic-90-griesanas-iekarta\/","url":"https:\/\/carnitec.com\/lv\/products\/dicr-classic-90-griesanas-iekarta\/","name":"DICR classic 90 grie\u0161anas iek\u0101rta - Carnitec","isPartOf":{"@id":"https:\/\/carnitec.com\/lv\/#website"},"datePublished":"2023-02-03T15:55:42+00:00","dateModified":"2023-02-03T15:55:42+00:00","description":"Univers\u0101l\u0101 grie\u0161anas ier\u012bce ir lieliski piem\u0113rota ga\u013cas, siera, d\u0101rze\u0146u, aug\u013cu, olu, zivju un da\u017e\u0101du citu produktu grie\u0161anai.","breadcrumb":{"@id":"https:\/\/carnitec.com\/lv\/products\/dicr-classic-90-griesanas-iekarta\/#breadcrumb"},"inLanguage":"lv-LV","potentialAction":[{"@type":"ReadAction","target":["https:\/\/carnitec.com\/lv\/products\/dicr-classic-90-griesanas-iekarta\/"]}]},{"@type":"BreadcrumbList","@id":"https:\/\/carnitec.com\/lv\/products\/dicr-classic-90-griesanas-iekarta\/#breadcrumb","itemListElement":[{"@type":"ListItem","position":1,"name":"\u0413\u043b\u0430\u0432\u043d\u0430\u044f \u0441\u0442\u0440\u0430\u043d\u0438\u0446\u0430","item":"https:\/\/carnitec.com\/lv\/"},{"@type":"ListItem","position":2,"name":"\u0422\u043e\u0432\u0430\u0440\u044b","item":"https:\/\/carnitec.com\/shop\/"},{"@type":"ListItem","position":3,"name":"DICR classic 90 grie\u0161anas iek\u0101rta"}]},{"@type":"WebSite","@id":"https:\/\/carnitec.com\/lv\/#website","url":"https:\/\/carnitec.com\/lv\/","name":"Carnitec","description":"P\u0101rtikas r\u016bpniec\u012bbas iek\u0101rtas","publisher":{"@id":"https:\/\/carnitec.com\/lv\/#organization"},"potentialAction":[{"@type":"SearchAction","target":{"@type":"EntryPoint","urlTemplate":"https:\/\/carnitec.com\/lv\/?s={search_term_string}"},"query-input":"required name=search_term_string"}],"inLanguage":"lv-LV"},{"@type":"Organization","@id":"https:\/\/carnitec.com\/lv\/#organization","name":"Carnitec - food processing equipment","url":"https:\/\/carnitec.com\/lv\/","sameAs":["https:\/\/www.instagram.com\/carnitec\/?hl=en","https:\/\/www.linkedin.com\/company\/carnitec-ltd\/","https:\/\/www.youtube.com\/channel\/UCwfiuJujkF2QxPPZAqB0T2w","https:\/\/facebook.com\/carnitec1","https:\/\/twitter.com\/carnitec_"],"logo":{"@type":"ImageObject","inLanguage":"lv-LV","@id":"https:\/\/carnitec.com\/lv\/#\/schema\/logo\/image\/","url":"http:\/\/carnitec.com\/wp-content\/uploads\/2018\/01\/carnitec_logo_2018.png","contentUrl":"http:\/\/carnitec.com\/wp-content\/uploads\/2018\/01\/carnitec_logo_2018.png","width":180,"height":50,"caption":"Carnitec - food processing equipment"},"image":{"@id":"https:\/\/carnitec.com\/lv\/#\/schema\/logo\/image\/"}}]}},"_links":{"self":[{"href":"https:\/\/carnitec.com\/lv\/wp-json\/wp\/v2\/product\/117903"}],"collection":[{"href":"https:\/\/carnitec.com\/lv\/wp-json\/wp\/v2\/product"}],"about":[{"href":"https:\/\/carnitec.com\/lv\/wp-json\/wp\/v2\/types\/product"}],"wp:featuredmedia":[{"embeddable":true,"href":"https:\/\/carnitec.com\/lv\/wp-json\/wp\/v2\/media\/117889"}],"wp:attachment":[{"href":"https:\/\/carnitec.com\/lv\/wp-json\/wp\/v2\/media?parent=117903"}],"wp:term":[{"taxonomy":"product_cat","embeddable":true,"href":"https:\/\/carnitec.com\/lv\/wp-json\/wp\/v2\/product_cat?post=117903"},{"taxonomy":"product_tag","embeddable":true,"href":"https:\/\/carnitec.com\/lv\/wp-json\/wp\/v2\/product_tag?post=117903"}],"curies":[{"name":"wp","href":"https:\/\/api.w.org\/{rel}","templated":true}]}}